{"id":2165,"date":"2017-03-25T22:10:31","date_gmt":"2017-03-25T21:10:31","guid":{"rendered":"https:\/\/www.accretech.de\/?page_id=2165"},"modified":"2023-07-04T09:47:49","modified_gmt":"2023-07-04T07:47:49","slug":"rondcom-55","status":"publish","type":"page","link":"https:\/\/www.accretech.eu\/de\/formmessgeraete\/vollautomatisch-mit-automatischer-ausrichtung\/rondcom-55\/","title":{"rendered":"RONDCOM 55"},"content":{"rendered":"<\/div><\/div><\/div><!-- close content main div --><\/div><\/div><div id='standard-grid'  class='av-layout-grid-container av-129d3ed-40d2f7f7f75339e961d5decf8c8139a2 entry-content-wrapper main_color av-flex-cells  container_wrap fullsize'  >\n\n<style type=\"text\/css\" data-created_by=\"avia_inline_auto\" id=\"style-css-av-11f67b9-ce9b8b3948a792bae23e00a369ed56e6\">\n.flex_cell.av-11f67b9-ce9b8b3948a792bae23e00a369ed56e6{\nvertical-align:top;\n}\n.responsive #top #wrap_all .flex_cell.av-11f67b9-ce9b8b3948a792bae23e00a369ed56e6{\npadding:0px 20px 0px 0px !important;\n}\n<\/style>\n<div class='flex_cell av-11f67b9-ce9b8b3948a792bae23e00a369ed56e6 av-gridrow-cell av_two_third no_margin' ><div class='flex_cell_inner'><p>\n<style type=\"text\/css\" data-created_by=\"avia_inline_auto\" id=\"style-css-av-10adkxx-6290d1a4226746cdf27d52e17271f209\">\n.flex_column.av-10adkxx-6290d1a4226746cdf27d52e17271f209{\n-webkit-border-radius:0px 0px 0px 0px;\n-moz-border-radius:0px 0px 0px 0px;\nborder-radius:0px 0px 0px 0px;\npadding:0px 0px 0px 0px;\n}\n<\/style>\n<div class='flex_column av-10adkxx-6290d1a4226746cdf27d52e17271f209 av_one_full first no_margin flex_column_div av-zero-column-padding '     ><\/div>\n<style type=\"text\/css\" data-created_by=\"avia_inline_auto\" id=\"style-css-av-vo7i05-df55dd01f0a86c0bc207ba2cfe91d74c\">\n#top .flex_column.av-vo7i05-df55dd01f0a86c0bc207ba2cfe91d74c{\nmargin-top:30px;\nmargin-bottom:0px;\n}\n.flex_column.av-vo7i05-df55dd01f0a86c0bc207ba2cfe91d74c{\n-webkit-border-radius:0px 0px 0px 0px;\n-moz-border-radius:0px 0px 0px 0px;\nborder-radius:0px 0px 0px 0px;\npadding:0px 0px 0px 0px;\n}\n.responsive #top #wrap_all .flex_column.av-vo7i05-df55dd01f0a86c0bc207ba2cfe91d74c{\nmargin-top:30px;\nmargin-bottom:0px;\n}\n<\/style>\n<div class='flex_column av-vo7i05-df55dd01f0a86c0bc207ba2cfe91d74c av_one_half first no_margin flex_column_div av-zero-column-padding '     ><section  class='av_textblock_section av-tzsfj9-e8c806ec1338c86c008788a110c5e28c'  itemscope=\"itemscope\" itemtype=\"https:\/\/schema.org\/CreativeWork\" ><div class='avia_textblock'  itemprop=\"text\" ><h1><span style=\"color: #154194; font-size: 36px; font-family: frutiger;\">RONDCOM 55<\/span><\/h1>\n<h2><span style=\"font-family: frutiger; font-size: 18pt;\">Hochgenaues Rundheitsmessger\u00e4t f\u00fcr gro\u00dfvolumige Werkst\u00fccke<\/span><\/h2>\n<\/div><\/section><br \/>\n\n<style type=\"text\/css\" data-created_by=\"avia_inline_auto\" id=\"style-css-av-t074zp-68d1ce3b1d086ffc8aa26ff4d0acc4cd\">\n#top .av_textblock_section.av-t074zp-68d1ce3b1d086ffc8aa26ff4d0acc4cd .avia_textblock{\nfont-size:16px;\n}\n<\/style>\n<section  class='av_textblock_section av-t074zp-68d1ce3b1d086ffc8aa26ff4d0acc4cd'  itemscope=\"itemscope\" itemtype=\"https:\/\/schema.org\/CreativeWork\" ><div class='avia_textblock'  itemprop=\"text\" ><div style=\"line-height: 15px; margin-top: 30px;\">Messbereich bis zu 350 mm Durchmesser<br \/>\n\n<style type=\"text\/css\" data-created_by=\"avia_inline_auto\" id=\"style-css-av-r3d7qt-bb820adbf6c9acc025e9d5218f70bb97\">\n#top .hr.av-r3d7qt-bb820adbf6c9acc025e9d5218f70bb97{\nmargin-top:0px;\nmargin-bottom:0px;\n}\n.hr.av-r3d7qt-bb820adbf6c9acc025e9d5218f70bb97 .hr-inner{\nwidth:90%;\nborder-color:#d2d2d2;\n}\n<\/style>\n<div  class='hr av-r3d7qt-bb820adbf6c9acc025e9d5218f70bb97 hr-custom hr-left hr-icon-no'><span class='hr-inner inner-border-av-border-thin'><span class=\"hr-inner-style\"><\/span><\/span><\/div><br \/>\nRotationsgenauigkeit: (0,02+6H\/10.000) \u00b5m<br \/>\n\n<style type=\"text\/css\" data-created_by=\"avia_inline_auto\" id=\"style-css-av-2m3tjp-ee4e09e68604e929a80d6432e8af39db\">\n#top .hr.av-2m3tjp-ee4e09e68604e929a80d6432e8af39db{\nmargin-top:0px;\nmargin-bottom:0px;\n}\n.hr.av-2m3tjp-ee4e09e68604e929a80d6432e8af39db .hr-inner{\nwidth:90%;\nborder-color:#d2d2d2;\n}\n<\/style>\n<div  class='hr av-2m3tjp-ee4e09e68604e929a80d6432e8af39db hr-custom hr-left hr-icon-no'><span class='hr-inner inner-border-av-border-thin'><span class=\"hr-inner-style\"><\/span><\/span><\/div><br \/>\nGenauigkeit in Z-Achse: 0,1 \u00b5m\/100 mm<br \/>\n\n<style type=\"text\/css\" data-created_by=\"avia_inline_auto\" id=\"style-css-av-ng0rz9-ebb5e37c903a9577704b18824f995c39\">\n#top .hr.av-ng0rz9-ebb5e37c903a9577704b18824f995c39{\nmargin-top:0px;\nmargin-bottom:0px;\n}\n.hr.av-ng0rz9-ebb5e37c903a9577704b18824f995c39 .hr-inner{\nwidth:90%;\nborder-color:#d2d2d2;\n}\n<\/style>\n<div  class='hr av-ng0rz9-ebb5e37c903a9577704b18824f995c39 hr-custom hr-left hr-icon-no'><span class='hr-inner inner-border-av-border-thin'><span class=\"hr-inner-style\"><\/span><\/span><\/div><\/div>\n<\/div><\/section><\/p><\/div>\n<style type=\"text\/css\" data-created_by=\"avia_inline_auto\" id=\"style-css-av-lxb1hh-88b1a67d7ce75a74c3607e41abaf88ad\">\n#top .flex_column.av-lxb1hh-88b1a67d7ce75a74c3607e41abaf88ad{\nmargin-top:0px;\nmargin-bottom:0px;\n}\n.flex_column.av-lxb1hh-88b1a67d7ce75a74c3607e41abaf88ad{\n-webkit-border-radius:0px 0px 0px 0px;\n-moz-border-radius:0px 0px 0px 0px;\nborder-radius:0px 0px 0px 0px;\npadding:30px 30px 30px 30px;\n}\n.responsive #top #wrap_all .flex_column.av-lxb1hh-88b1a67d7ce75a74c3607e41abaf88ad{\nmargin-top:0px;\nmargin-bottom:0px;\n}\n<\/style>\n<div class='flex_column av-lxb1hh-88b1a67d7ce75a74c3607e41abaf88ad av_one_half no_margin flex_column_div '     ><style type=\"text\/css\" data-created_by=\"avia_inline_auto\" id=\"style-css-av-kc4s9h-9f8e04d90cc15c08f57c8df1a2723dd1\">\n.avia-image-container.av-kc4s9h-9f8e04d90cc15c08f57c8df1a2723dd1 img.avia_image{\nbox-shadow:none;\n}\n.avia-image-container.av-kc4s9h-9f8e04d90cc15c08f57c8df1a2723dd1 .av-image-caption-overlay-center{\ncolor:#ffffff;\n}\n<\/style>\n<div  class='avia-image-container av-kc4s9h-9f8e04d90cc15c08f57c8df1a2723dd1 av-styling- av-hover-grow avia-align-center'   itemprop=\"image\" itemscope=\"itemscope\" itemtype=\"https:\/\/schema.org\/ImageObject\" ><div class=\"avia-image-container-inner\"><div class=\"avia-image-overlay-wrap\"><img class='avia_image ' src='https:\/\/www.accretech.eu\/wp-content\/uploads\/2017\/03\/ACCRTECH-GmbH-Produkte-Industrielle-Messtechnik-RONDCOM_55B_pasu-300x271.png' alt='ACCRTECH GmbH - Produkte - Industrielle Messtechnik RONDCOM_55B_pasu' title='ACCRTECH GmbH - Produkte - Industrielle Messtechnik RONDCOM_55B_pasu'  height=\"271\" width=\"300\"  itemprop=\"thumbnailUrl\"  \/><\/div><\/div><\/div><\/div>\n<style type=\"text\/css\" data-created_by=\"avia_inline_auto\" id=\"style-css-av-1yvwyd-a31bbe54317a33588617945e5323e093\">\n#top .flex_column.av-1yvwyd-a31bbe54317a33588617945e5323e093{\nmargin-top:30px;\nmargin-bottom:0px;\n}\n.flex_column.av-1yvwyd-a31bbe54317a33588617945e5323e093{\n-webkit-border-radius:0px 0px 0px 0px;\n-moz-border-radius:0px 0px 0px 0px;\nborder-radius:0px 0px 0px 0px;\npadding:0px 0px 0px 0px;\n}\n.responsive #top #wrap_all .flex_column.av-1yvwyd-a31bbe54317a33588617945e5323e093{\nmargin-top:30px;\nmargin-bottom:0px;\n}\n<\/style>\n<div class='flex_column av-1yvwyd-a31bbe54317a33588617945e5323e093 av_one_full first no_margin flex_column_div av-zero-column-padding '     ><section  class='av_textblock_section av-h7j2md-b92345a0ac1fd817ba09b522c61c9126'  itemscope=\"itemscope\" itemtype=\"https:\/\/schema.org\/CreativeWork\" ><div class='avia_textblock'  itemprop=\"text\" ><ul style=\"line-height: 17px;\">\n<li><span style=\"font-family: f45;\">CNC-Programmierung von der Messung \u00fcber die Auswertung bis hin zum Ausdruck<\/span><\/li>\n<li><span style=\"font-family: f45;\">Luftgelagerter, hochgenauer Drehtisch f\u00fcr verschlei\u00dffreien Rundlauf<\/span><\/li>\n<li><span style=\"font-family: f45;\">Messbereich und Tastkraft variabel einstellbar<\/span><\/li>\n<li><span style=\"font-family: f45;\">Optional auch mit Rauheitsmessung<\/span><\/li>\n<li><span style=\"font-family: f45;\">Werkst\u00fccke bis \u00fcber 60 kg<\/span><\/li>\n<\/ul>\n<\/div><\/section><\/div>\n<style type=\"text\/css\" data-created_by=\"avia_inline_auto\" id=\"style-css-av-1eblpx-5fe4e5683d6b1ae95aeda81e7354d41e\">\n#top .flex_column.av-1eblpx-5fe4e5683d6b1ae95aeda81e7354d41e{\nmargin-top:0px;\nmargin-bottom:20px;\n}\n.flex_column.av-1eblpx-5fe4e5683d6b1ae95aeda81e7354d41e{\n-webkit-border-radius:0px 0px 0px 0px;\n-moz-border-radius:0px 0px 0px 0px;\nborder-radius:0px 0px 0px 0px;\npadding:15px 15px 15px 15px;\nbackground-color:#c9deed;\n}\n.responsive #top #wrap_all .flex_column.av-1eblpx-5fe4e5683d6b1ae95aeda81e7354d41e{\nmargin-top:0px;\nmargin-bottom:20px;\n}\n<\/style>\n<div class='flex_column av-1eblpx-5fe4e5683d6b1ae95aeda81e7354d41e av_one_full first no_margin flex_column_div '     ><section  class='av_textblock_section av-c8lo6t-bf63446d6681a0b15c4151b62db5fd68'  itemscope=\"itemscope\" itemtype=\"https:\/\/schema.org\/CreativeWork\" ><div class='avia_textblock'  itemprop=\"text\" ><p><span style=\"font-family: frutiger; font-size: 20px;\">Anwendungsbereich<\/span><br \/>\n<span style=\"font-family: f45;\">Die schnelle Anpassung und die hohe Messgeschwindigkeit erm\u00f6glichen das effiziente Messen von Stichproben aus der Produktionslinie.<\/span><\/p>\n<\/div><\/section><\/div><\/p>\n<\/div><\/div>\n<style type=\"text\/css\" data-created_by=\"avia_inline_auto\" id=\"style-css-av-9csj5h-61e4bcac05b215a5fabee2734dda19f2\">\n.flex_cell.av-9csj5h-61e4bcac05b215a5fabee2734dda19f2{\nvertical-align:top;\n}\n.responsive #top #wrap_all .flex_cell.av-9csj5h-61e4bcac05b215a5fabee2734dda19f2{\npadding:15px 0px 0px 0px !important;\n}\n<\/style>\n<div class='flex_cell av-9csj5h-61e4bcac05b215a5fabee2734dda19f2 av-gridrow-cell av_one_third no_margin' ><div class='flex_cell_inner'><p>\n<style type=\"text\/css\" data-created_by=\"avia_inline_auto\" id=\"style-css-av-6z36md-79c41364e741389c495710052deb4a85\">\n.flex_column.av-6z36md-79c41364e741389c495710052deb4a85{\n-webkit-border-radius:0px 0px 0px 0px;\n-moz-border-radius:0px 0px 0px 0px;\nborder-radius:0px 0px 0px 0px;\npadding:0px 0px 0px 0px;\nbackground-color:#154194;\n}\n<\/style>\n<div class='flex_column av-6z36md-79c41364e741389c495710052deb4a85 av_one_full first no_margin flex_column_div av-hide-on-mobile av-zero-column-padding '     ><div  class='avia-builder-widget-area clearfix '><div id=\"nav_menu-31\" class=\"widget-odd widget-last widget-first widget-1 widget clearfix widget_nav_menu\"><div class=\"menu-neu-industrial-met-form-sub-englisch-deutsch-container\"><ul id=\"menu-neu-industrial-met-form-sub-englisch-deutsch\" class=\"menu\"><li id=\"menu-item-55896\" class=\"menu-item menu-item-type-post_type menu-item-object-page menu-item-has-children menu-item-55896\"><a href=\"https:\/\/www.accretech.eu\/de\/formmessgeraete\/vollautomatisch-mit-automatischer-ausrichtung\/\">CNC-gesteuerte Formmessger\u00e4te<\/a>\n<ul class=\"sub-menu\">\n\t<li id=\"menu-item-5876\" class=\"menu-item menu-item-type-post_type menu-item-object-page menu-item-5876\"><a href=\"https:\/\/www.accretech.eu\/de\/formmessgeraete\/vollautomatisch-mit-automatischer-ausrichtung\/rondcom-55\/\">RONDCOM 55<\/a><\/li>\n\t<li id=\"menu-item-5875\" class=\"menu-item menu-item-type-post_type menu-item-object-page menu-item-5875\"><a href=\"https:\/\/www.accretech.eu\/de\/formmessgeraete\/vollautomatisch-mit-automatischer-ausrichtung\/rondcom-60\/\">RONDCOM 60<\/a><\/li>\n\t<li id=\"menu-item-5874\" class=\"menu-item menu-item-type-post_type menu-item-object-page menu-item-5874\"><a href=\"https:\/\/www.accretech.eu\/de\/formmessgeraete\/vollautomatisch-mit-automatischer-ausrichtung\/rondcom-65\/\">RONDCOM 65<\/a><\/li>\n\t<li id=\"menu-item-5857\" class=\"menu-item menu-item-type-post_type menu-item-object-page menu-item-5857\"><a href=\"https:\/\/www.accretech.eu\/de\/formmessgeraete\/vollautomatisch-mit-automatischer-ausrichtung\/rondcom-nex-rs-200300\/\">RONDCOM NEX RS 200\/300<\/a><\/li>\n\t<li id=\"menu-item-5870\" class=\"menu-item menu-item-type-post_type menu-item-object-page menu-item-5870\"><a href=\"https:\/\/www.accretech.eu\/de\/formmessgeraete\/vollautomatisch-mit-automatischer-ausrichtung\/rondcom-nex-200300\/\">RONDCOM NEX 200\/300<\/a><\/li>\n\t<li id=\"menu-item-55897\" class=\"menu-item menu-item-type-post_type menu-item-object-page menu-item-55897\"><a href=\"https:\/\/www.accretech.eu\/de\/formmessgeraete\/vollautomatisch-mit-automatischer-ausrichtung\/rondcom-crest\/\">RONDCOM CREST<\/a><\/li>\n<\/ul>\n<\/li>\n<li id=\"menu-item-55898\" class=\"menu-item menu-item-type-post_type menu-item-object-page menu-item-has-children menu-item-55898\"><a href=\"https:\/\/www.accretech.eu\/de\/formmessgeraete\/automatisch-mit-manueller-ausrichtung\/\">Automatische Formmessger\u00e4te, manuelle Ausrichtung<\/a>\n<ul class=\"sub-menu\">\n\t<li id=\"menu-item-55899\" class=\"menu-item menu-item-type-post_type menu-item-object-page menu-item-55899\"><a href=\"https:\/\/www.accretech.eu\/de\/formmessgeraete\/automatisch-mit-manueller-ausrichtung\/rondcom-31-2\/\">RONDCOM 31<\/a><\/li>\n\t<li id=\"menu-item-55900\" class=\"menu-item menu-item-type-post_type menu-item-object-page menu-item-55900\"><a href=\"https:\/\/www.accretech.eu\/de\/formmessgeraete\/automatisch-mit-manueller-ausrichtung\/rondcom-41\/\">RONDCOM 41<\/a><\/li>\n\t<li id=\"menu-item-55901\" class=\"menu-item menu-item-type-post_type menu-item-object-page menu-item-55901\"><a href=\"https:\/\/www.accretech.eu\/de\/formmessgeraete\/automatisch-mit-manueller-ausrichtung\/rondcom-43\/\">RONDCOM 43<\/a><\/li>\n\t<li id=\"menu-item-5859\" class=\"menu-item menu-item-type-post_type menu-item-object-page menu-item-5859\"><a href=\"https:\/\/www.accretech.eu\/de\/formmessgeraete\/automatisch-mit-manueller-ausrichtung\/rondcom-nex-100\/\">RONDCOM NEX 100<\/a><\/li>\n<\/ul>\n<\/li>\n<li id=\"menu-item-55902\" class=\"menu-item menu-item-type-post_type menu-item-object-page menu-item-has-children menu-item-55902\"><a href=\"https:\/\/www.accretech.eu\/de\/?page_id=33635\">Formmessger\u00e4te mit manueller S\u00e4ule<\/a>\n<ul class=\"sub-menu\">\n\t<li id=\"menu-item-5856\" class=\"menu-item menu-item-type-post_type menu-item-object-page menu-item-5856\"><a href=\"https:\/\/www.accretech.eu\/de\/mobile-messgeraete\/rondcom-touch\/\">RONDCOM TOUCH<\/a><\/li>\n<\/ul>\n<\/li>\n<li id=\"menu-item-55904\" class=\"menu-item menu-item-type-post_type menu-item-object-page menu-item-55904\"><a href=\"https:\/\/www.accretech.eu\/de\/formmessgeraete\/acctee-formmessgeraete\/\">ACCTee Auswertesoftware<\/a><\/li>\n<li id=\"menu-item-5873\" class=\"menu-item menu-item-type-post_type menu-item-object-page menu-item-5873\"><a href=\"https:\/\/www.accretech.eu\/de\/formmessgeraete\/fuer-grosse-schwere-werkstuecke\/rondcom-73\/\">RONDCOM 73<\/a><\/li>\n<li id=\"menu-item-5872\" class=\"menu-item menu-item-type-post_type menu-item-object-page menu-item-5872\"><a href=\"https:\/\/www.accretech.eu\/de\/formmessgeraete\/fuer-grosse-schwere-werkstuecke\/rondcom-76\/\">RONDCOM 76<\/a><\/li>\n<\/ul><\/div><\/div><\/div><\/div>\n<style type=\"text\/css\" data-created_by=\"avia_inline_auto\" id=\"style-css-av-2go4sj-0eb95816a5be67d3b6e3aa233a04428b\">\n#top .flex_column.av-2go4sj-0eb95816a5be67d3b6e3aa233a04428b{\nmargin-top:20px;\nmargin-bottom:20px;\n}\n.flex_column.av-2go4sj-0eb95816a5be67d3b6e3aa233a04428b{\n-webkit-border-radius:0px 0px 0px 0px;\n-moz-border-radius:0px 0px 0px 0px;\nborder-radius:0px 0px 0px 0px;\npadding:0px 0px 0px 0px;\n}\n.responsive #top #wrap_all .flex_column.av-2go4sj-0eb95816a5be67d3b6e3aa233a04428b{\nmargin-top:20px;\nmargin-bottom:20px;\n}\n<\/style>\n<div class='flex_column av-2go4sj-0eb95816a5be67d3b6e3aa233a04428b av_one_full first flex_column_div av-zero-column-padding '     ><div  class='avia-button-wrap av-jxn4ousc-9e87f3a187d47958332a1ea8567c91fe-wrap avia-button-left  new-home-button-big custom-icon'>\n<style type=\"text\/css\" data-created_by=\"avia_inline_auto\" id=\"style-css-av-jxn4ousc-9e87f3a187d47958332a1ea8567c91fe\">\n#top #wrap_all .avia-button.av-jxn4ousc-9e87f3a187d47958332a1ea8567c91fe{\nbackground-color:#154194;\nborder-color:#154194;\ncolor:#ffffff;\n-webkit-transition:all 0.4s ease-in-out;\n-moz-transition:all 0.4s ease-in-out;\n-ms-transition:all 0.4s ease-in-out;\n-o-transition:all 0.4s ease-in-out;\ntransition:all 0.4s ease-in-out;\n}\n<\/style>\n<a href='https:\/\/www.accretech.eu\/de\/kontakt-support\/kontakt\/?fom=de&interest=Industrielle%20Messtechnik&_sfm_bereich=Industrielle%20Messtechnik'  class='avia-button av-jxn4ousc-9e87f3a187d47958332a1ea8567c91fe avia-icon_select-yes-left-icon avia-size-large avia-position-left'  target=\"_blank\"  rel=\"noopener noreferrer\" ><span class='avia_button_icon avia_button_icon_left' aria-hidden='true' data-av_icon='\ue805' data-av_iconfont='entypo-fontello'><\/span><span class='avia_iconbox_title' >Angebot erhalten<\/span><\/a><\/div><\/div><\/p>\n<\/div><\/div><\/div>\n","protected":false},"excerpt":{"rendered":"","protected":false},"author":1,"featured_media":0,"parent":33625,"menu_order":0,"comment_status":"closed","ping_status":"closed","template":"","meta":{"footnotes":""},"filter_category":[],"filter_measurements":[],"class_list":["post-2165","page","type-page","status-publish","hentry"],"acf":[],"yoast_head":"<!-- This site is optimized with the Yoast SEO Premium plugin v26.1 (Yoast SEO v26.1.1) - https:\/\/yoast.com\/wordpress\/plugins\/seo\/ -->\n<title>Hochgenaues Rundheitsmessger\u00e4t f\u00fcr gro\u00dfvolumige Werkst\u00fccke RONDCOM 55 - Accretech (Europe)<\/title>\n<meta name=\"description\" content=\"RONDCOM 55 - Hochgenaues Rundheitsmessger\u00e4t f\u00fcr gro\u00dfvolumige Werkst\u00fccke, Messbereich bis zu 350 mm Durchmesser.\" \/>\n<meta name=\"robots\" content=\"index, follow, max-snippet:-1, max-image-preview:large, max-video-preview:-1\" \/>\n<link rel=\"canonical\" href=\"https:\/\/www.accretech.eu\/de\/formmessgeraete\/vollautomatisch-mit-automatischer-ausrichtung\/rondcom-55\/\" \/>\n<meta property=\"og:locale\" content=\"de_DE\" \/>\n<meta property=\"og:type\" content=\"article\" \/>\n<meta property=\"og:title\" content=\"RONDCOM 55\" \/>\n<meta property=\"og:description\" content=\"RONDCOM 55 - Hochgenaues Rundheitsmessger\u00e4t f\u00fcr gro\u00dfvolumige Werkst\u00fccke, Messbereich bis zu 350 mm Durchmesser.\" \/>\n<meta property=\"og:url\" content=\"https:\/\/www.accretech.eu\/de\/formmessgeraete\/vollautomatisch-mit-automatischer-ausrichtung\/rondcom-55\/\" \/>\n<meta property=\"og:site_name\" content=\"ACCRETECH (Europe)\" \/>\n<meta property=\"article:modified_time\" content=\"2023-07-04T07:47:49+00:00\" \/>\n<meta name=\"twitter:card\" content=\"summary_large_image\" \/>\n<meta name=\"twitter:label1\" content=\"Gesch\u00e4tzte Lesezeit\" \/>\n\t<meta name=\"twitter:data1\" content=\"2\u00a0Minuten\" \/>\n<script type=\"application\/ld+json\" class=\"yoast-schema-graph\">{\"@context\":\"https:\/\/schema.org\",\"@graph\":[{\"@type\":\"WebPage\",\"@id\":\"https:\/\/www.accretech.eu\/de\/formmessgeraete\/vollautomatisch-mit-automatischer-ausrichtung\/rondcom-55\/\",\"url\":\"https:\/\/www.accretech.eu\/de\/formmessgeraete\/vollautomatisch-mit-automatischer-ausrichtung\/rondcom-55\/\",\"name\":\"Hochgenaues Rundheitsmessger\u00e4t f\u00fcr gro\u00dfvolumige Werkst\u00fccke RONDCOM 55 - Accretech (Europe)\",\"isPartOf\":{\"@id\":\"https:\/\/www.accretech.eu\/it\/#website\"},\"datePublished\":\"2017-03-25T21:10:31+00:00\",\"dateModified\":\"2023-07-04T07:47:49+00:00\",\"description\":\"RONDCOM 55 - Hochgenaues Rundheitsmessger\u00e4t f\u00fcr gro\u00dfvolumige Werkst\u00fccke, Messbereich bis zu 350 mm Durchmesser.\",\"breadcrumb\":{\"@id\":\"https:\/\/www.accretech.eu\/de\/formmessgeraete\/vollautomatisch-mit-automatischer-ausrichtung\/rondcom-55\/#breadcrumb\"},\"inLanguage\":\"de\",\"potentialAction\":[{\"@type\":\"ReadAction\",\"target\":[\"https:\/\/www.accretech.eu\/de\/formmessgeraete\/vollautomatisch-mit-automatischer-ausrichtung\/rondcom-55\/\"]}]},{\"@type\":\"BreadcrumbList\",\"@id\":\"https:\/\/www.accretech.eu\/de\/formmessgeraete\/vollautomatisch-mit-automatischer-ausrichtung\/rondcom-55\/#breadcrumb\",\"itemListElement\":[{\"@type\":\"ListItem\",\"position\":1,\"name\":\"Startseite\",\"item\":\"https:\/\/www.accretech.eu\/de\/home\/\"},{\"@type\":\"ListItem\",\"position\":2,\"name\":\"Formmessger\u00e4te\",\"item\":\"https:\/\/www.accretech.eu\/de\/formmessgeraete\/\"},{\"@type\":\"ListItem\",\"position\":3,\"name\":\"CNC-gesteuerte Formmessger\u00e4te\",\"item\":\"https:\/\/www.accretech.eu\/de\/formmessgeraete\/vollautomatisch-mit-automatischer-ausrichtung\/\"},{\"@type\":\"ListItem\",\"position\":4,\"name\":\"RONDCOM 55\"}]},{\"@type\":\"WebSite\",\"@id\":\"https:\/\/www.accretech.eu\/it\/#website\",\"url\":\"https:\/\/www.accretech.eu\/it\/\",\"name\":\"ACCRETECH (Europe)\",\"description\":\"\",\"publisher\":{\"@id\":\"https:\/\/www.accretech.eu\/it\/#organization\"},\"potentialAction\":[{\"@type\":\"SearchAction\",\"target\":{\"@type\":\"EntryPoint\",\"urlTemplate\":\"https:\/\/www.accretech.eu\/it\/?s={search_term_string}\"},\"query-input\":{\"@type\":\"PropertyValueSpecification\",\"valueRequired\":true,\"valueName\":\"search_term_string\"}}],\"inLanguage\":\"de\"},{\"@type\":\"Organization\",\"@id\":\"https:\/\/www.accretech.eu\/it\/#organization\",\"name\":\"ACCRETECH (Europe) GmbH\",\"url\":\"https:\/\/www.accretech.eu\/it\/\",\"logo\":{\"@type\":\"ImageObject\",\"inLanguage\":\"de\",\"@id\":\"https:\/\/www.accretech.eu\/it\/#\/schema\/logo\/image\/\",\"url\":\"https:\/\/www.accretech.eu\/wp-content\/uploads\/2016\/10\/accretech-europe_logo.png\",\"contentUrl\":\"https:\/\/www.accretech.eu\/wp-content\/uploads\/2016\/10\/accretech-europe_logo.png\",\"width\":312,\"height\":42,\"caption\":\"ACCRETECH (Europe) GmbH\"},\"image\":{\"@id\":\"https:\/\/www.accretech.eu\/it\/#\/schema\/logo\/image\/\"}}]}<\/script>\n<!-- \/ Yoast SEO Premium plugin. -->","yoast_head_json":{"title":"Hochgenaues Rundheitsmessger\u00e4t f\u00fcr gro\u00dfvolumige Werkst\u00fccke RONDCOM 55 - Accretech (Europe)","description":"RONDCOM 55 - Hochgenaues Rundheitsmessger\u00e4t f\u00fcr gro\u00dfvolumige Werkst\u00fccke, Messbereich bis zu 350 mm Durchmesser.","robots":{"index":"index","follow":"follow","max-snippet":"max-snippet:-1","max-image-preview":"max-image-preview:large","max-video-preview":"max-video-preview:-1"},"canonical":"https:\/\/www.accretech.eu\/de\/formmessgeraete\/vollautomatisch-mit-automatischer-ausrichtung\/rondcom-55\/","og_locale":"de_DE","og_type":"article","og_title":"RONDCOM 55","og_description":"RONDCOM 55 - Hochgenaues Rundheitsmessger\u00e4t f\u00fcr gro\u00dfvolumige Werkst\u00fccke, Messbereich bis zu 350 mm Durchmesser.","og_url":"https:\/\/www.accretech.eu\/de\/formmessgeraete\/vollautomatisch-mit-automatischer-ausrichtung\/rondcom-55\/","og_site_name":"ACCRETECH (Europe)","article_modified_time":"2023-07-04T07:47:49+00:00","twitter_card":"summary_large_image","twitter_misc":{"Gesch\u00e4tzte Lesezeit":"2\u00a0Minuten"},"schema":{"@context":"https:\/\/schema.org","@graph":[{"@type":"WebPage","@id":"https:\/\/www.accretech.eu\/de\/formmessgeraete\/vollautomatisch-mit-automatischer-ausrichtung\/rondcom-55\/","url":"https:\/\/www.accretech.eu\/de\/formmessgeraete\/vollautomatisch-mit-automatischer-ausrichtung\/rondcom-55\/","name":"Hochgenaues Rundheitsmessger\u00e4t f\u00fcr gro\u00dfvolumige Werkst\u00fccke RONDCOM 55 - Accretech (Europe)","isPartOf":{"@id":"https:\/\/www.accretech.eu\/it\/#website"},"datePublished":"2017-03-25T21:10:31+00:00","dateModified":"2023-07-04T07:47:49+00:00","description":"RONDCOM 55 - Hochgenaues Rundheitsmessger\u00e4t f\u00fcr gro\u00dfvolumige Werkst\u00fccke, Messbereich bis zu 350 mm Durchmesser.","breadcrumb":{"@id":"https:\/\/www.accretech.eu\/de\/formmessgeraete\/vollautomatisch-mit-automatischer-ausrichtung\/rondcom-55\/#breadcrumb"},"inLanguage":"de","potentialAction":[{"@type":"ReadAction","target":["https:\/\/www.accretech.eu\/de\/formmessgeraete\/vollautomatisch-mit-automatischer-ausrichtung\/rondcom-55\/"]}]},{"@type":"BreadcrumbList","@id":"https:\/\/www.accretech.eu\/de\/formmessgeraete\/vollautomatisch-mit-automatischer-ausrichtung\/rondcom-55\/#breadcrumb","itemListElement":[{"@type":"ListItem","position":1,"name":"Startseite","item":"https:\/\/www.accretech.eu\/de\/home\/"},{"@type":"ListItem","position":2,"name":"Formmessger\u00e4te","item":"https:\/\/www.accretech.eu\/de\/formmessgeraete\/"},{"@type":"ListItem","position":3,"name":"CNC-gesteuerte Formmessger\u00e4te","item":"https:\/\/www.accretech.eu\/de\/formmessgeraete\/vollautomatisch-mit-automatischer-ausrichtung\/"},{"@type":"ListItem","position":4,"name":"RONDCOM 55"}]},{"@type":"WebSite","@id":"https:\/\/www.accretech.eu\/it\/#website","url":"https:\/\/www.accretech.eu\/it\/","name":"ACCRETECH (Europe)","description":"","publisher":{"@id":"https:\/\/www.accretech.eu\/it\/#organization"},"potentialAction":[{"@type":"SearchAction","target":{"@type":"EntryPoint","urlTemplate":"https:\/\/www.accretech.eu\/it\/?s={search_term_string}"},"query-input":{"@type":"PropertyValueSpecification","valueRequired":true,"valueName":"search_term_string"}}],"inLanguage":"de"},{"@type":"Organization","@id":"https:\/\/www.accretech.eu\/it\/#organization","name":"ACCRETECH (Europe) GmbH","url":"https:\/\/www.accretech.eu\/it\/","logo":{"@type":"ImageObject","inLanguage":"de","@id":"https:\/\/www.accretech.eu\/it\/#\/schema\/logo\/image\/","url":"https:\/\/www.accretech.eu\/wp-content\/uploads\/2016\/10\/accretech-europe_logo.png","contentUrl":"https:\/\/www.accretech.eu\/wp-content\/uploads\/2016\/10\/accretech-europe_logo.png","width":312,"height":42,"caption":"ACCRETECH (Europe) GmbH"},"image":{"@id":"https:\/\/www.accretech.eu\/it\/#\/schema\/logo\/image\/"}}]}},"_links":{"self":[{"href":"https:\/\/www.accretech.eu\/de\/wp-json\/wp\/v2\/pages\/2165","targetHints":{"allow":["GET"]}}],"collection":[{"href":"https:\/\/www.accretech.eu\/de\/wp-json\/wp\/v2\/pages"}],"about":[{"href":"https:\/\/www.accretech.eu\/de\/wp-json\/wp\/v2\/types\/page"}],"author":[{"embeddable":true,"href":"https:\/\/www.accretech.eu\/de\/wp-json\/wp\/v2\/users\/1"}],"replies":[{"embeddable":true,"href":"https:\/\/www.accretech.eu\/de\/wp-json\/wp\/v2\/comments?post=2165"}],"version-history":[{"count":2,"href":"https:\/\/www.accretech.eu\/de\/wp-json\/wp\/v2\/pages\/2165\/revisions"}],"predecessor-version":[{"id":66713,"href":"https:\/\/www.accretech.eu\/de\/wp-json\/wp\/v2\/pages\/2165\/revisions\/66713"}],"up":[{"embeddable":true,"href":"https:\/\/www.accretech.eu\/de\/wp-json\/wp\/v2\/pages\/33625"}],"wp:attachment":[{"href":"https:\/\/www.accretech.eu\/de\/wp-json\/wp\/v2\/media?parent=2165"}],"wp:term":[{"taxonomy":"filter_category","embeddable":true,"href":"https:\/\/www.accretech.eu\/de\/wp-json\/wp\/v2\/filter_category?post=2165"},{"taxonomy":"filter_measurements","embeddable":true,"href":"https:\/\/www.accretech.eu\/de\/wp-json\/wp\/v2\/filter_measurements?post=2165"}],"curies":[{"name":"wp","href":"https:\/\/api.w.org\/{rel}","templated":true}]}}