{"id":24182,"date":"2019-07-29T09:20:00","date_gmt":"2019-07-29T07:20:00","guid":{"rendered":"https:\/\/acc-clone.max2.dev\/?page_id=24182"},"modified":"2025-08-20T15:37:33","modified_gmt":"2025-08-20T13:37:33","slug":"kombinierte-konturmessgeraete-rauheitsmessgeraete","status":"publish","type":"page","link":"https:\/\/www.accretech.eu\/de\/oberflaechenmessgeraete\/kombinierte-konturmessgeraete-rauheitsmessgeraete\/","title":{"rendered":"Kombinierte Konturmessger\u00e4te-Rauheitsmessger\u00e4te"},"content":{"rendered":"<\/div><\/div><\/div><!-- close content main div --><\/div><\/div><div id='standard-grid'  class='av-layout-grid-container av-8h8gnm-493c8205fb0927fed9d1681a5412c74c entry-content-wrapper main_color av-flex-cells  container_wrap fullsize'  >\n\n<style type=\"text\/css\" data-created_by=\"avia_inline_auto\" id=\"style-css-av-8apjv6-5284c785a8658eaf129a4431cf52e61e\">\n.flex_cell.av-8apjv6-5284c785a8658eaf129a4431cf52e61e{\nvertical-align:top;\n}\n.responsive #top #wrap_all .flex_cell.av-8apjv6-5284c785a8658eaf129a4431cf52e61e{\npadding:0px 20px 0px 0px !important;\n}\n<\/style>\n<div class='flex_cell av-8apjv6-5284c785a8658eaf129a4431cf52e61e av-gridrow-cell av_two_third no_margin' ><div class='flex_cell_inner'><p>\n<style type=\"text\/css\" data-created_by=\"avia_inline_auto\" id=\"style-css-av-88q5ne-045b130529c756d69f4455f513077142\">\n.flex_column.av-88q5ne-045b130529c756d69f4455f513077142{\n-webkit-border-radius:0px 0px 0px 0px;\n-moz-border-radius:0px 0px 0px 0px;\nborder-radius:0px 0px 0px 0px;\npadding:0px 0px 0px 0px;\n}\n<\/style>\n<div class='flex_column av-88q5ne-045b130529c756d69f4455f513077142 av_one_full first no_margin flex_column_div av-zero-column-padding '     ><br \/>\n<section  class='av_textblock_section av-7u5npe-bdd2e8e67d99143017a77efaf5784ab6'  itemscope=\"itemscope\" itemtype=\"https:\/\/schema.org\/CreativeWork\" ><div class='avia_textblock'  itemprop=\"text\" ><h1>Pr\u00e4zise Konturen- und Rauheitsmessung f\u00fcr Ihre Qualit\u00e4tskontrolle<\/h1>\n<\/div><\/section><br \/>\n<section  class='av_textblock_section av-7u5npe-14-127126834d57439a0e93d931b1fe463d'  itemscope=\"itemscope\" itemtype=\"https:\/\/schema.org\/CreativeWork\" ><div class='avia_textblock'  itemprop=\"text\" ><h2>Setzen Sie auf Accretech, um Ihre Mitarbeiter mit innovativen Kontur- und Rauheitsmessger\u00e4ten zu unterst\u00fctzen<\/h2>\n<\/div><\/section><\/p><\/div>\n<style type=\"text\/css\" data-created_by=\"avia_inline_auto\" id=\"style-css-av-7r01fe-ede05ef1e9694965a733c93aecbfc39a\">\n#top .flex_column.av-7r01fe-ede05ef1e9694965a733c93aecbfc39a{\nmargin-top:0px;\nmargin-bottom:10px;\n}\n.flex_column.av-7r01fe-ede05ef1e9694965a733c93aecbfc39a{\n-webkit-border-radius:0px 0px 0px 0px;\n-moz-border-radius:0px 0px 0px 0px;\nborder-radius:0px 0px 0px 0px;\npadding:0px 0px 0px 0px;\n}\n.responsive #top #wrap_all .flex_column.av-7r01fe-ede05ef1e9694965a733c93aecbfc39a{\nmargin-top:0px;\nmargin-bottom:10px;\n}\n<\/style>\n<div class='flex_column av-7r01fe-ede05ef1e9694965a733c93aecbfc39a av_one_full  omg-with-list first no_margin flex_column_div av-zero-column-padding '     ><section  class='av_textblock_section av-7i17ii-f03fc768ed59da56d01d36ffd9d75c19'  itemscope=\"itemscope\" itemtype=\"https:\/\/schema.org\/CreativeWork\" ><div class='avia_textblock'  itemprop=\"text\" ><p>Stellen Sie Bauteile her, die h\u00f6chste Sicherheits- und Qualit\u00e4tsstandards erf\u00fcllen m\u00fcssen?<br \/>\nDann setzen Sie sicherlich auf die besten Mitarbeiter f\u00fcr Ihre Qualit\u00e4tskontrolle.<\/p>\n<p>Wir von Accretech bieten Ihren hochqualifizierten Kollegen zwei herausragende Messger\u00e4te, die all Ihren Qualit\u00e4tsanspr\u00fcchen gerecht werden:<\/p>\n<\/div><\/section><\/div><\/p>\n<\/div><\/div>\n<style type=\"text\/css\" data-created_by=\"avia_inline_auto\" id=\"style-css-av-7eys7e-0788a9010ac7c2b493c20c3c9ff399e9\">\n.flex_cell.av-7eys7e-0788a9010ac7c2b493c20c3c9ff399e9{\nvertical-align:top;\n}\n.responsive #top #wrap_all .flex_cell.av-7eys7e-0788a9010ac7c2b493c20c3c9ff399e9{\npadding:15px 0px 0px 0px !important;\n}\n<\/style>\n<div class='flex_cell av-7eys7e-0788a9010ac7c2b493c20c3c9ff399e9 av-gridrow-cell av_one_third no_margin' ><div class='flex_cell_inner'><\/div><\/div><\/div><\/div><\/div><\/div><!-- close content main div --><\/div><\/div><div id='standard-grid'  class='av-layout-grid-container av-8h8gnm-16-f140d702f67a1f48b0f959485961408b entry-content-wrapper main_color av-flex-cells  container_wrap fullsize'  >\n\n<style type=\"text\/css\" data-created_by=\"avia_inline_auto\" id=\"style-css-av-8apjv6-15-3aecd09ec0ed3b988b0375a6eea7202e\">\n.flex_cell.av-8apjv6-15-3aecd09ec0ed3b988b0375a6eea7202e{\nvertical-align:top;\n}\n.responsive #top #wrap_all .flex_cell.av-8apjv6-15-3aecd09ec0ed3b988b0375a6eea7202e{\npadding:0px 20px 0px 0px !important;\n}\n<\/style>\n<div class='flex_cell av-8apjv6-15-3aecd09ec0ed3b988b0375a6eea7202e av-gridrow-cell av_two_third no_margin' ><div class='flex_cell_inner'><section  class='av_textblock_section av-jwurv161-30bb0639bac461dca54df5d7972357cb'  itemscope=\"itemscope\" itemtype=\"https:\/\/schema.org\/CreativeWork\" ><div class='avia_textblock omg-before-grid'  itemprop=\"text\" ><h3><strong>Produkt\u00fcbersicht Rauheits- und Konturenmessger\u00e4te<\/strong><\/h3>\n<\/div><\/section>\n<\/div><\/div>\n<style type=\"text\/css\" data-created_by=\"avia_inline_auto\" id=\"style-css-av-7eys7e-10-4b3e09cbf4323db28e0b717dd0a67dc9\">\n.flex_cell.av-7eys7e-10-4b3e09cbf4323db28e0b717dd0a67dc9{\nvertical-align:top;\n}\n.responsive #top #wrap_all .flex_cell.av-7eys7e-10-4b3e09cbf4323db28e0b717dd0a67dc9{\npadding:15px 0px 0px 0px !important;\n}\n<\/style>\n<div class='flex_cell av-7eys7e-10-4b3e09cbf4323db28e0b717dd0a67dc9 av-gridrow-cell av_one_third no_margin' ><div class='flex_cell_inner'><\/div><\/div><\/div><div class='flex_column av-av_one_half-7714eba142aeda1f8b5272a3c372b279 av_one_half first flex_column_div '     ><style type=\"text\/css\" data-created_by=\"avia_inline_auto\" id=\"style-css-av-mejzwng3-aa4a8c7f6b86f0060e91f640f6506fb1\">\n.avia-image-container.av-mejzwng3-aa4a8c7f6b86f0060e91f640f6506fb1 img.avia_image{\nbox-shadow:none;\n}\n.avia-image-container.av-mejzwng3-aa4a8c7f6b86f0060e91f640f6506fb1 .av-image-caption-overlay-center{\ncolor:#ffffff;\n}\n<\/style>\n<div  class='avia-image-container av-mejzwng3-aa4a8c7f6b86f0060e91f640f6506fb1 av-styling- avia-align-center'   itemprop=\"image\" itemscope=\"itemscope\" itemtype=\"https:\/\/schema.org\/ImageObject\" ><div class=\"avia-image-container-inner\"><div class=\"avia-image-overlay-wrap\"><img class='avia_image ' src='https:\/\/www.accretech.eu\/wp-content\/uploads\/2025\/08\/SURFCOM-Nex_Accretech_Overview3.jpg' alt='' title='SURFCOM Nex_Accretech_Overview3'  height=\"300\" width=\"500\"  itemprop=\"thumbnailUrl\"  \/><\/div><\/div><\/div><\/div><div class='flex_column av-av_one_half-f1c518e9ff58e869f80c8f093487abc9 av_one_half flex_column_div '     ><style type=\"text\/css\" data-created_by=\"avia_inline_auto\" id=\"style-css-av-mek04fa7-02b6bb0d15f4b89acef8fc7e823ce7b6\">\n.avia-image-container.av-mek04fa7-02b6bb0d15f4b89acef8fc7e823ce7b6 img.avia_image{\nbox-shadow:none;\n}\n.avia-image-container.av-mek04fa7-02b6bb0d15f4b89acef8fc7e823ce7b6 .av-image-caption-overlay-center{\ncolor:#ffffff;\n}\n<\/style>\n<div  class='avia-image-container av-mek04fa7-02b6bb0d15f4b89acef8fc7e823ce7b6 av-styling- avia-align-center'   itemprop=\"image\" itemscope=\"itemscope\" itemtype=\"https:\/\/schema.org\/ImageObject\" ><div class=\"avia-image-container-inner\"><div class=\"avia-image-overlay-wrap\"><img class='avia_image ' src='https:\/\/www.accretech.eu\/wp-content\/uploads\/2025\/08\/SURFCOM-Crest_Accretech_Overview2.jpg' alt='' title='SURFCOM Crest_Accretech_Overview2'  height=\"300\" width=\"500\"  itemprop=\"thumbnailUrl\"  \/><\/div><\/div><\/div><\/div><div class='flex_column_table av-mek0lkog-e263ef997079130bd2d4eaac4f486781 sc-av_one_half av-equal-height-column-flextable'>\n<style type=\"text\/css\" data-created_by=\"avia_inline_auto\" id=\"style-css-av-mek0lkog-e263ef997079130bd2d4eaac4f486781\">\n.flex_column.av-mek0lkog-e263ef997079130bd2d4eaac4f486781{\npadding:20px 0 0 0;\n}\n<\/style>\n<div class='flex_column av-mek0lkog-e263ef997079130bd2d4eaac4f486781 av_one_half first flex_column_table_cell av-equal-height-column av-align-top '     ><section  class='av_textblock_section av-mek0hd3c-1dc807a9ab648f304654f5cc8639659e'  itemscope=\"itemscope\" itemtype=\"https:\/\/schema.org\/CreativeWork\" ><div class='avia_textblock'  itemprop=\"text\" ><h3>SURFCOM NEX 200:<\/h3>\n<p><strong>Konturen und Rauheiten in einem Messvorgang schnell und pr\u00e4zise messen<\/strong><\/p>\n<ul>\n<li>Hybrid-Sensor f\u00fcr hohe Aufl\u00f6sung und gro\u00dfen Messbereich<\/li>\n<li>Kein Wechsel des Tastsystems erforderlich<\/li>\n<li>Rauheitsaufl\u00f6sung \u00fcber den gesamten Messbereich von 0,0009 \u03bcm (Standardtastarm)<\/li>\n<li>Geradheitsgenauigkeit: (0,05+L\/1000) \u00b5m<\/li>\n<\/ul>\n<p><a style=\"color: #154194; text-decoration: none !important; border-bottom: 1px;\" href=\"https:\/\/www.accretech.eu\/de\/oberflaechenmessgeraete\/kombinierte-konturmessgeraete-rauheitsmessgeraete\/surfcom-nex-100\/\"><strong>Alles \u00fcber SURFCOM NEX 200 erfahren \u2192<\/strong> <\/a><\/p>\n<\/div><\/section><\/div><\/div><!--close column table wrapper. Autoclose: 1 --><div class='flex_column_table av-mek0lnrq-3ee9d39045a360f2ce90f2400201281a sc-av_one_half av-equal-height-column-flextable'><div class='av-flex-placeholder'><\/div>\n<style type=\"text\/css\" data-created_by=\"avia_inline_auto\" id=\"style-css-av-mek0lnrq-3ee9d39045a360f2ce90f2400201281a\">\n.flex_column.av-mek0lnrq-3ee9d39045a360f2ce90f2400201281a{\npadding:20px 0 0 0;\n}\n<\/style>\n<div class='flex_column av-mek0lnrq-3ee9d39045a360f2ce90f2400201281a av_one_half flex_column_table_cell av-equal-height-column av-align-top '     ><section  class='av_textblock_section av-mek0j8ii-3858eae8b23c21c6d608659ed43c57f4'  itemscope=\"itemscope\" itemtype=\"https:\/\/schema.org\/CreativeWork\" ><div class='avia_textblock'  itemprop=\"text\" ><h3>SURFCOM CREST:<\/h3>\n<p><strong>Hochpr\u00e4ziser CNC-Messplatz zur kombinierten Kontur- und Oberfl\u00e4chenmessung<\/strong><\/p>\n<ul>\n<li>Hoher Durchsatz durch umfangreiche Automatisierungsm\u00f6glichkeiten<\/li>\n<li>Gro\u00dfer Messbereich: 200 mm (horizontal), 13 mm (vertikal)<\/li>\n<li>Aufl\u00f6sung: 0,31 Nanometer<\/li>\n<li>Genauigkeit: \u00b1(0,2+|H|\/1000) \u00b5m bei 50 mm Arm<\/li>\n<\/ul>\n<p><a style=\"color: #154194; text-decoration: none !important; border-bottom: 1px;\" href=\"https:\/\/www.accretech.eu\/de\/oberflaechenmessgeraete\/kombinierte-konturmessgeraete-rauheitsmessgeraete\/surfcom-crest\/\"><strong>Alles \u00fcber SURFCOM CREST erfahren \u2192<\/strong> <\/a><\/p>\n<\/div><\/section><\/div><\/div><!--close column table wrapper. Autoclose: 1 -->\n","protected":false},"excerpt":{"rendered":"","protected":false},"author":529,"featured_media":24364,"parent":24454,"menu_order":0,"comment_status":"closed","ping_status":"closed","template":"","meta":{"footnotes":""},"filter_category":[],"filter_measurements":[],"class_list":["post-24182","page","type-page","status-publish","has-post-thumbnail","hentry"],"acf":[],"yoast_head":"<!-- This site is optimized with the Yoast SEO Premium plugin v26.1 (Yoast SEO v26.1.1) - https:\/\/yoast.com\/wordpress\/plugins\/seo\/ -->\n<title>Kontur- und Rauheitsmessger\u00e4te | Accretech Europe<\/title>\n<meta name=\"description\" content=\"Durch die pr\u00e4zise Messung von Kontur und Rauheit in einer Aufspannung steigern Sie die Produktivit\u00e4t Ihrer Produktion. Wir beraten Sie gerne!\" \/>\n<meta name=\"robots\" content=\"index, follow, max-snippet:-1, max-image-preview:large, max-video-preview:-1\" \/>\n<link rel=\"canonical\" href=\"https:\/\/www.accretech.eu\/de\/oberflaechenmessgeraete\/kombinierte-konturmessgeraete-rauheitsmessgeraete\/\" \/>\n<meta property=\"og:locale\" content=\"de_DE\" \/>\n<meta property=\"og:type\" content=\"article\" \/>\n<meta property=\"og:title\" content=\"Kombinierte Konturmessger\u00e4te-Rauheitsmessger\u00e4te\" \/>\n<meta property=\"og:description\" content=\"Durch die pr\u00e4zise Messung von Kontur und Rauheit in einer Aufspannung steigern Sie die Produktivit\u00e4t Ihrer Produktion. Wir beraten Sie gerne!\" \/>\n<meta property=\"og:url\" content=\"https:\/\/www.accretech.eu\/de\/oberflaechenmessgeraete\/kombinierte-konturmessgeraete-rauheitsmessgeraete\/\" \/>\n<meta property=\"og:site_name\" content=\"ACCRETECH (Europe)\" \/>\n<meta property=\"article:modified_time\" content=\"2025-08-20T13:37:33+00:00\" \/>\n<meta property=\"og:image\" content=\"https:\/\/www.accretech.eu\/wp-content\/uploads\/2019\/07\/Kombiniertegera\u0308te_gross.jpg\" \/>\n\t<meta property=\"og:image:width\" content=\"781\" \/>\n\t<meta property=\"og:image:height\" content=\"483\" \/>\n\t<meta property=\"og:image:type\" content=\"image\/jpeg\" \/>\n<meta name=\"twitter:card\" content=\"summary_large_image\" \/>\n<meta name=\"twitter:label1\" content=\"Gesch\u00e4tzte Lesezeit\" \/>\n\t<meta name=\"twitter:data1\" content=\"2\u00a0Minuten\" \/>\n<script type=\"application\/ld+json\" class=\"yoast-schema-graph\">{\"@context\":\"https:\/\/schema.org\",\"@graph\":[{\"@type\":\"WebPage\",\"@id\":\"https:\/\/www.accretech.eu\/de\/oberflaechenmessgeraete\/kombinierte-konturmessgeraete-rauheitsmessgeraete\/\",\"url\":\"https:\/\/www.accretech.eu\/de\/oberflaechenmessgeraete\/kombinierte-konturmessgeraete-rauheitsmessgeraete\/\",\"name\":\"Kontur- und Rauheitsmessger\u00e4te | Accretech Europe\",\"isPartOf\":{\"@id\":\"https:\/\/www.accretech.eu\/it\/#website\"},\"primaryImageOfPage\":{\"@id\":\"https:\/\/www.accretech.eu\/de\/oberflaechenmessgeraete\/kombinierte-konturmessgeraete-rauheitsmessgeraete\/#primaryimage\"},\"image\":{\"@id\":\"https:\/\/www.accretech.eu\/de\/oberflaechenmessgeraete\/kombinierte-konturmessgeraete-rauheitsmessgeraete\/#primaryimage\"},\"thumbnailUrl\":\"https:\/\/www.accretech.eu\/wp-content\/uploads\/2019\/07\/Kombiniertegera\u0308te_gross.jpg\",\"datePublished\":\"2019-07-29T07:20:00+00:00\",\"dateModified\":\"2025-08-20T13:37:33+00:00\",\"description\":\"Durch die pr\u00e4zise Messung von Kontur und Rauheit in einer Aufspannung steigern Sie die Produktivit\u00e4t Ihrer Produktion. Wir beraten Sie gerne!\",\"breadcrumb\":{\"@id\":\"https:\/\/www.accretech.eu\/de\/oberflaechenmessgeraete\/kombinierte-konturmessgeraete-rauheitsmessgeraete\/#breadcrumb\"},\"inLanguage\":\"de\",\"potentialAction\":[{\"@type\":\"ReadAction\",\"target\":[\"https:\/\/www.accretech.eu\/de\/oberflaechenmessgeraete\/kombinierte-konturmessgeraete-rauheitsmessgeraete\/\"]}]},{\"@type\":\"ImageObject\",\"inLanguage\":\"de\",\"@id\":\"https:\/\/www.accretech.eu\/de\/oberflaechenmessgeraete\/kombinierte-konturmessgeraete-rauheitsmessgeraete\/#primaryimage\",\"url\":\"https:\/\/www.accretech.eu\/wp-content\/uploads\/2019\/07\/Kombiniertegera\u0308te_gross.jpg\",\"contentUrl\":\"https:\/\/www.accretech.eu\/wp-content\/uploads\/2019\/07\/Kombiniertegera\u0308te_gross.jpg\",\"width\":781,\"height\":483,\"caption\":\"Kombinierte Konturmessger\u00e4te Rauheitsmessger\u00e4te\"},{\"@type\":\"BreadcrumbList\",\"@id\":\"https:\/\/www.accretech.eu\/de\/oberflaechenmessgeraete\/kombinierte-konturmessgeraete-rauheitsmessgeraete\/#breadcrumb\",\"itemListElement\":[{\"@type\":\"ListItem\",\"position\":1,\"name\":\"Startseite\",\"item\":\"https:\/\/www.accretech.eu\/de\/home\/\"},{\"@type\":\"ListItem\",\"position\":2,\"name\":\"Oberfl\u00e4chenmessger\u00e4te\",\"item\":\"https:\/\/www.accretech.eu\/de\/oberflaechenmessgeraete\/\"},{\"@type\":\"ListItem\",\"position\":3,\"name\":\"Kombinierte Konturmessger\u00e4te-Rauheitsmessger\u00e4te\"}]},{\"@type\":\"WebSite\",\"@id\":\"https:\/\/www.accretech.eu\/it\/#website\",\"url\":\"https:\/\/www.accretech.eu\/it\/\",\"name\":\"ACCRETECH (Europe)\",\"description\":\"\",\"publisher\":{\"@id\":\"https:\/\/www.accretech.eu\/it\/#organization\"},\"potentialAction\":[{\"@type\":\"SearchAction\",\"target\":{\"@type\":\"EntryPoint\",\"urlTemplate\":\"https:\/\/www.accretech.eu\/it\/?s={search_term_string}\"},\"query-input\":{\"@type\":\"PropertyValueSpecification\",\"valueRequired\":true,\"valueName\":\"search_term_string\"}}],\"inLanguage\":\"de\"},{\"@type\":\"Organization\",\"@id\":\"https:\/\/www.accretech.eu\/it\/#organization\",\"name\":\"ACCRETECH (Europe) GmbH\",\"url\":\"https:\/\/www.accretech.eu\/it\/\",\"logo\":{\"@type\":\"ImageObject\",\"inLanguage\":\"de\",\"@id\":\"https:\/\/www.accretech.eu\/it\/#\/schema\/logo\/image\/\",\"url\":\"https:\/\/www.accretech.eu\/wp-content\/uploads\/2016\/10\/accretech-europe_logo.png\",\"contentUrl\":\"https:\/\/www.accretech.eu\/wp-content\/uploads\/2016\/10\/accretech-europe_logo.png\",\"width\":312,\"height\":42,\"caption\":\"ACCRETECH (Europe) GmbH\"},\"image\":{\"@id\":\"https:\/\/www.accretech.eu\/it\/#\/schema\/logo\/image\/\"}}]}<\/script>\n<!-- \/ Yoast SEO Premium plugin. -->","yoast_head_json":{"title":"Kontur- und Rauheitsmessger\u00e4te | Accretech Europe","description":"Durch die pr\u00e4zise Messung von Kontur und Rauheit in einer Aufspannung steigern Sie die Produktivit\u00e4t Ihrer Produktion. Wir beraten Sie gerne!","robots":{"index":"index","follow":"follow","max-snippet":"max-snippet:-1","max-image-preview":"max-image-preview:large","max-video-preview":"max-video-preview:-1"},"canonical":"https:\/\/www.accretech.eu\/de\/oberflaechenmessgeraete\/kombinierte-konturmessgeraete-rauheitsmessgeraete\/","og_locale":"de_DE","og_type":"article","og_title":"Kombinierte Konturmessger\u00e4te-Rauheitsmessger\u00e4te","og_description":"Durch die pr\u00e4zise Messung von Kontur und Rauheit in einer Aufspannung steigern Sie die Produktivit\u00e4t Ihrer Produktion. Wir beraten Sie gerne!","og_url":"https:\/\/www.accretech.eu\/de\/oberflaechenmessgeraete\/kombinierte-konturmessgeraete-rauheitsmessgeraete\/","og_site_name":"ACCRETECH (Europe)","article_modified_time":"2025-08-20T13:37:33+00:00","og_image":[{"width":781,"height":483,"url":"https:\/\/www.accretech.eu\/wp-content\/uploads\/2019\/07\/Kombiniertegera\u0308te_gross.jpg","type":"image\/jpeg"}],"twitter_card":"summary_large_image","twitter_misc":{"Gesch\u00e4tzte Lesezeit":"2\u00a0Minuten"},"schema":{"@context":"https:\/\/schema.org","@graph":[{"@type":"WebPage","@id":"https:\/\/www.accretech.eu\/de\/oberflaechenmessgeraete\/kombinierte-konturmessgeraete-rauheitsmessgeraete\/","url":"https:\/\/www.accretech.eu\/de\/oberflaechenmessgeraete\/kombinierte-konturmessgeraete-rauheitsmessgeraete\/","name":"Kontur- und Rauheitsmessger\u00e4te | Accretech Europe","isPartOf":{"@id":"https:\/\/www.accretech.eu\/it\/#website"},"primaryImageOfPage":{"@id":"https:\/\/www.accretech.eu\/de\/oberflaechenmessgeraete\/kombinierte-konturmessgeraete-rauheitsmessgeraete\/#primaryimage"},"image":{"@id":"https:\/\/www.accretech.eu\/de\/oberflaechenmessgeraete\/kombinierte-konturmessgeraete-rauheitsmessgeraete\/#primaryimage"},"thumbnailUrl":"https:\/\/www.accretech.eu\/wp-content\/uploads\/2019\/07\/Kombiniertegera\u0308te_gross.jpg","datePublished":"2019-07-29T07:20:00+00:00","dateModified":"2025-08-20T13:37:33+00:00","description":"Durch die pr\u00e4zise Messung von Kontur und Rauheit in einer Aufspannung steigern Sie die Produktivit\u00e4t Ihrer Produktion. Wir beraten Sie gerne!","breadcrumb":{"@id":"https:\/\/www.accretech.eu\/de\/oberflaechenmessgeraete\/kombinierte-konturmessgeraete-rauheitsmessgeraete\/#breadcrumb"},"inLanguage":"de","potentialAction":[{"@type":"ReadAction","target":["https:\/\/www.accretech.eu\/de\/oberflaechenmessgeraete\/kombinierte-konturmessgeraete-rauheitsmessgeraete\/"]}]},{"@type":"ImageObject","inLanguage":"de","@id":"https:\/\/www.accretech.eu\/de\/oberflaechenmessgeraete\/kombinierte-konturmessgeraete-rauheitsmessgeraete\/#primaryimage","url":"https:\/\/www.accretech.eu\/wp-content\/uploads\/2019\/07\/Kombiniertegera\u0308te_gross.jpg","contentUrl":"https:\/\/www.accretech.eu\/wp-content\/uploads\/2019\/07\/Kombiniertegera\u0308te_gross.jpg","width":781,"height":483,"caption":"Kombinierte Konturmessger\u00e4te Rauheitsmessger\u00e4te"},{"@type":"BreadcrumbList","@id":"https:\/\/www.accretech.eu\/de\/oberflaechenmessgeraete\/kombinierte-konturmessgeraete-rauheitsmessgeraete\/#breadcrumb","itemListElement":[{"@type":"ListItem","position":1,"name":"Startseite","item":"https:\/\/www.accretech.eu\/de\/home\/"},{"@type":"ListItem","position":2,"name":"Oberfl\u00e4chenmessger\u00e4te","item":"https:\/\/www.accretech.eu\/de\/oberflaechenmessgeraete\/"},{"@type":"ListItem","position":3,"name":"Kombinierte Konturmessger\u00e4te-Rauheitsmessger\u00e4te"}]},{"@type":"WebSite","@id":"https:\/\/www.accretech.eu\/it\/#website","url":"https:\/\/www.accretech.eu\/it\/","name":"ACCRETECH (Europe)","description":"","publisher":{"@id":"https:\/\/www.accretech.eu\/it\/#organization"},"potentialAction":[{"@type":"SearchAction","target":{"@type":"EntryPoint","urlTemplate":"https:\/\/www.accretech.eu\/it\/?s={search_term_string}"},"query-input":{"@type":"PropertyValueSpecification","valueRequired":true,"valueName":"search_term_string"}}],"inLanguage":"de"},{"@type":"Organization","@id":"https:\/\/www.accretech.eu\/it\/#organization","name":"ACCRETECH (Europe) GmbH","url":"https:\/\/www.accretech.eu\/it\/","logo":{"@type":"ImageObject","inLanguage":"de","@id":"https:\/\/www.accretech.eu\/it\/#\/schema\/logo\/image\/","url":"https:\/\/www.accretech.eu\/wp-content\/uploads\/2016\/10\/accretech-europe_logo.png","contentUrl":"https:\/\/www.accretech.eu\/wp-content\/uploads\/2016\/10\/accretech-europe_logo.png","width":312,"height":42,"caption":"ACCRETECH (Europe) GmbH"},"image":{"@id":"https:\/\/www.accretech.eu\/it\/#\/schema\/logo\/image\/"}}]}},"_links":{"self":[{"href":"https:\/\/www.accretech.eu\/de\/wp-json\/wp\/v2\/pages\/24182","targetHints":{"allow":["GET"]}}],"collection":[{"href":"https:\/\/www.accretech.eu\/de\/wp-json\/wp\/v2\/pages"}],"about":[{"href":"https:\/\/www.accretech.eu\/de\/wp-json\/wp\/v2\/types\/page"}],"author":[{"embeddable":true,"href":"https:\/\/www.accretech.eu\/de\/wp-json\/wp\/v2\/users\/529"}],"replies":[{"embeddable":true,"href":"https:\/\/www.accretech.eu\/de\/wp-json\/wp\/v2\/comments?post=24182"}],"version-history":[{"count":3,"href":"https:\/\/www.accretech.eu\/de\/wp-json\/wp\/v2\/pages\/24182\/revisions"}],"predecessor-version":[{"id":76449,"href":"https:\/\/www.accretech.eu\/de\/wp-json\/wp\/v2\/pages\/24182\/revisions\/76449"}],"up":[{"embeddable":true,"href":"https:\/\/www.accretech.eu\/de\/wp-json\/wp\/v2\/pages\/24454"}],"wp:featuredmedia":[{"embeddable":true,"href":"https:\/\/www.accretech.eu\/de\/wp-json\/wp\/v2\/media\/24364"}],"wp:attachment":[{"href":"https:\/\/www.accretech.eu\/de\/wp-json\/wp\/v2\/media?parent=24182"}],"wp:term":[{"taxonomy":"filter_category","embeddable":true,"href":"https:\/\/www.accretech.eu\/de\/wp-json\/wp\/v2\/filter_category?post=24182"},{"taxonomy":"filter_measurements","embeddable":true,"href":"https:\/\/www.accretech.eu\/de\/wp-json\/wp\/v2\/filter_measurements?post=24182"}],"curies":[{"name":"wp","href":"https:\/\/api.w.org\/{rel}","templated":true}]}}