{"id":37086,"date":"2020-06-09T16:19:17","date_gmt":"2020-06-09T14:19:17","guid":{"rendered":"https:\/\/acc-clone.max2.dev\/?page_id=37086"},"modified":"2020-09-28T14:55:22","modified_gmt":"2020-09-28T12:55:22","slug":"rechtwinkligkeit-messen","status":"publish","type":"page","link":"https:\/\/www.accretech.eu\/de\/formen-messen\/rechtwinkligkeit-messen\/","title":{"rendered":"Rechtwinkligkeit messen"},"content":{"rendered":"<\/div><\/div><\/div><!-- close content main div --><\/div><\/div><div id='full_slider_1'  class='avia-fullwidth-slider main_color avia-shadow    container_wrap fullsize'  ><div  class='avia-slideshow av-ht5kni-cb87473bb538f4035710860319017a33 avia-slideshow-no scaling av_slideshow_full avia-slide-slider av-slideshow-ui av-control-default av-slideshow-manual av-loop-once av-loop-manual-endless av-default-height-applied   avia-slideshow-1' data-slideshow-options=\"{&quot;animation&quot;:&quot;slide&quot;,&quot;autoplay&quot;:false,&quot;loop_autoplay&quot;:&quot;once&quot;,&quot;interval&quot;:5,&quot;loop_manual&quot;:&quot;manual-endless&quot;,&quot;autoplay_stopper&quot;:false,&quot;noNavigation&quot;:false,&quot;bg_slider&quot;:false,&quot;keep_padding&quot;:false,&quot;hoverpause&quot;:false,&quot;show_slide_delay&quot;:0}\"  itemprop=\"image\" itemscope=\"itemscope\" itemtype=\"https:\/\/schema.org\/ImageObject\" ><ul class='avia-slideshow-inner ' style='padding-bottom: 14.0625%;'><li  class='avia-slideshow-slide av-ht5kni-cb87473bb538f4035710860319017a33__0  av-single-slide slide-1 slide-odd'><div data-rel='slideshow-1' class='avia-slide-wrap '   ><img src='https:\/\/www.accretech.eu\/wp-content\/uploads\/2017\/03\/Accretech-Industrielle-Messtechnik-Header-Landing-3.jpg' width='1280' height='180' title='Accretech - Industrielle Messtechnik Header Landing (3)' alt='Accretech - Industrielle Messtechnik Header Landing'  itemprop=\"thumbnailUrl\"   \/><\/div><\/li><\/ul><\/div><\/div>\n<\/div><\/div><\/div><!-- close content main div --><\/div><\/div><div id='standard-grid'  class='av-layout-grid-container av-hgzzke-bf7d74f54f55282db1cd841c50938f1e entry-content-wrapper main_color av-flex-cells  container_wrap fullsize'  >\n\n<style type=\"text\/css\" data-created_by=\"avia_inline_auto\" id=\"style-css-av-hb7m0u-13311702f6a3b925bda697a0e6d0a7a4\">\n.flex_cell.av-hb7m0u-13311702f6a3b925bda697a0e6d0a7a4{\nvertical-align:top;\n}\n.responsive #top #wrap_all .flex_cell.av-hb7m0u-13311702f6a3b925bda697a0e6d0a7a4{\npadding:0px 20px 0px 0px !important;\n}\n<\/style>\n<div class='flex_cell av-hb7m0u-13311702f6a3b925bda697a0e6d0a7a4 av-gridrow-cell av_two_third no_margin' ><div class='flex_cell_inner'><p>\n<style type=\"text\/css\" data-created_by=\"avia_inline_auto\" id=\"style-css-av-h1x7fy-f26be06440c121548e3b4459cb88b7a4\">\n.flex_column.av-h1x7fy-f26be06440c121548e3b4459cb88b7a4{\n-webkit-border-radius:0px 0px 0px 0px;\n-moz-border-radius:0px 0px 0px 0px;\nborder-radius:0px 0px 0px 0px;\npadding:0px 0px 0px 0px;\n}\n<\/style>\n<div class='flex_column av-h1x7fy-f26be06440c121548e3b4459cb88b7a4 av_one_full first no_margin flex_column_div av-zero-column-padding '     ><br \/>\n<section  class='av_textblock_section av-gsjpr2-b5ceb952bd8107a75a045582fea8d1fb'  itemscope=\"itemscope\" itemtype=\"https:\/\/schema.org\/CreativeWork\" ><div class='avia_textblock'  itemprop=\"text\" ><h1 style=\"font-size: 30px; color: #154194; line-height: 30px; padding-top: 15px;\">Rechtwinkligkeit messen (SQR)<\/h1>\n<\/div><\/section><\/p><\/div>\n<style type=\"text\/css\" data-created_by=\"avia_inline_auto\" id=\"style-css-av-glf43i-22b287b076d791faab448ef70546aef6\">\n#top .flex_column.av-glf43i-22b287b076d791faab448ef70546aef6{\nmargin-top:0px;\nmargin-bottom:30px;\n}\n.flex_column.av-glf43i-22b287b076d791faab448ef70546aef6{\n-webkit-border-radius:0px 0px 0px 0px;\n-moz-border-radius:0px 0px 0px 0px;\nborder-radius:0px 0px 0px 0px;\npadding:0px 15px 0px 0px;\n}\n.responsive #top #wrap_all .flex_column.av-glf43i-22b287b076d791faab448ef70546aef6{\nmargin-top:0px;\nmargin-bottom:30px;\n}\n<\/style>\n<div class='flex_column av-glf43i-22b287b076d791faab448ef70546aef6 av_one_full first no_margin flex_column_div '     ><section  class='av_textblock_section av-ge3yby-b5c118e733b85078925554c9bad12e5a'  itemscope=\"itemscope\" itemtype=\"https:\/\/schema.org\/CreativeWork\" ><div class='avia_textblock'  itemprop=\"text\" ><p><span style=\"font-family: f45;\">Bei der Rechtwinkligkeit treffen sich zwei gerade Linien im Winkel von exakt 90\u00b0.<br \/>\nDie Rechtwinkligkeitsbedingung gibt die Genauigkeit an, wie senkrecht ein Messobjekt zur Bezugsebene bzw. Bezugslinie steht. Die tolerierten Elemente sind Geraden oder Ebenen.<br \/>\n<\/span><\/p>\n<p><span style=\"font-family: f45;\">Die Toleranzzone wird durch zwei parallele Geraden oder Ebenen vom Abstand t begrenzt, die zum Bezug senkrecht stehen.<br \/>\n<\/span><\/p>\n<\/div><\/section><\/div>\n<style type=\"text\/css\" data-created_by=\"avia_inline_auto\" id=\"style-css-av-18ffo4e-0016629f2037eda6713c8de61c56e5a9\">\n.flex_column.av-18ffo4e-0016629f2037eda6713c8de61c56e5a9{\n-webkit-border-radius:0px 0px 0px 0px;\n-moz-border-radius:0px 0px 0px 0px;\nborder-radius:0px 0px 0px 0px;\npadding:20px 10px 0px 0px;\n}\n<\/style>\n<div class='flex_column av-18ffo4e-0016629f2037eda6713c8de61c56e5a9 av_three_fourth first flex_column_div '     ><style type=\"text\/css\" data-created_by=\"avia_inline_auto\" id=\"style-css-av-k7u9m4zy-7c88db1c69173d17fc2960305c3c160a\">\n.avia-image-container.av-k7u9m4zy-7c88db1c69173d17fc2960305c3c160a img.avia_image{\nbox-shadow:none;\n}\n.avia-image-container.av-k7u9m4zy-7c88db1c69173d17fc2960305c3c160a .av-image-caption-overlay-center{\ncolor:#ffffff;\n}\n<\/style>\n<div  class='avia-image-container av-k7u9m4zy-7c88db1c69173d17fc2960305c3c160a av-styling- avia-align-center'   itemprop=\"image\" itemscope=\"itemscope\" itemtype=\"https:\/\/schema.org\/ImageObject\" ><div class=\"avia-image-container-inner\"><div class=\"avia-image-overlay-wrap\"><img class='avia_image ' src='https:\/\/www.accretech.eu\/wp-content\/uploads\/2020\/04\/Roundness_GER-10-Rechtwinkligkeit-Ebene.png' alt='Technische Zeichnung Ausrichtungstoleranz Rechtwinkligkeit gegen eine Ebene' title='Rechtwinkligkeit gegen eine Ebene (SQR)'  height=\"430\" width=\"751\"  itemprop=\"thumbnailUrl\"  \/><\/div><\/div><\/div><\/div>\n<style type=\"text\/css\" data-created_by=\"avia_inline_auto\" id=\"style-css-av-n3n2e6-ef5a4a4ee1cff8dd863deab8bb6649a4\">\n.flex_column.av-n3n2e6-ef5a4a4ee1cff8dd863deab8bb6649a4{\n-webkit-border-radius:0px 0px 0px 0px;\n-moz-border-radius:0px 0px 0px 0px;\nborder-radius:0px 0px 0px 0px;\npadding:20px 0px 0px 10px;\n}\n<\/style>\n<div class='flex_column av-n3n2e6-ef5a4a4ee1cff8dd863deab8bb6649a4 av_three_fourth first flex_column_div '     ><style type=\"text\/css\" data-created_by=\"avia_inline_auto\" id=\"style-css-av-k7u9m4zy-749e955d06b9fbc2bdd452e2cf8c1915\">\n.avia-image-container.av-k7u9m4zy-749e955d06b9fbc2bdd452e2cf8c1915 img.avia_image{\nbox-shadow:none;\n}\n.avia-image-container.av-k7u9m4zy-749e955d06b9fbc2bdd452e2cf8c1915 .av-image-caption-overlay-center{\ncolor:#ffffff;\n}\n<\/style>\n<div  class='avia-image-container av-k7u9m4zy-749e955d06b9fbc2bdd452e2cf8c1915 av-styling- avia-align-center'   itemprop=\"image\" itemscope=\"itemscope\" itemtype=\"https:\/\/schema.org\/ImageObject\" ><div class=\"avia-image-container-inner\"><div class=\"avia-image-overlay-wrap\"><img class='avia_image ' src='https:\/\/www.accretech.eu\/wp-content\/uploads\/2020\/04\/Roundness_GER-09-Rechtwinkligkeit-Achse.png' alt='Technische Zeichnung Ausrichtungstoleranz Rechtwinkligkeit gegen die Achse (SQR)' title='Rechtwinkligkeit (SQR)'  height=\"430\" width=\"751\"  itemprop=\"thumbnailUrl\"  \/><\/div><\/div><\/div><\/div><\/p>\n<\/div><\/div>\n<style type=\"text\/css\" data-created_by=\"avia_inline_auto\" id=\"style-css-av-g83a6e-c11605a0d1875a9c121cb9295a4979f7\">\n.flex_cell.av-g83a6e-c11605a0d1875a9c121cb9295a4979f7{\nvertical-align:top;\n}\n.responsive #top #wrap_all .flex_cell.av-g83a6e-c11605a0d1875a9c121cb9295a4979f7{\npadding:15px 0px 0px 0px !important;\n}\n<\/style>\n<div class='flex_cell av-g83a6e-c11605a0d1875a9c121cb9295a4979f7 av-gridrow-cell av_one_third no_margin' ><div class='flex_cell_inner'><p>\n<style type=\"text\/css\" data-created_by=\"avia_inline_auto\" id=\"style-css-av-g3jpae-552e4136534b988f76af32fef24f3164\">\n#top .flex_column.av-g3jpae-552e4136534b988f76af32fef24f3164{\nmargin-top:0px;\nmargin-bottom:20px;\n}\n.flex_column.av-g3jpae-552e4136534b988f76af32fef24f3164{\n-webkit-border-radius:0px 0px 0px 0px;\n-moz-border-radius:0px 0px 0px 0px;\nborder-radius:0px 0px 0px 0px;\npadding:0px 15px 0px 0px;\nbackground-color:#154194;\n}\n.responsive #top #wrap_all .flex_column.av-g3jpae-552e4136534b988f76af32fef24f3164{\nmargin-top:0px;\nmargin-bottom:20px;\n}\n<\/style>\n<div class='flex_column av-g3jpae-552e4136534b988f76af32fef24f3164 av_one_full first flex_column_div av-hide-on-mobile '     ><div  class='avia-builder-widget-area clearfix '><div id=\"nav_menu-12\" class=\"widget-odd widget-last widget-first widget-1 widget clearfix widget_nav_menu\"><div class=\"menu-anwendungen-industrielle-messtechnik-sub-container\"><ul id=\"menu-anwendungen-industrielle-messtechnik-sub\" class=\"menu\"><li id=\"menu-item-55778\" class=\"menu-item menu-item-type-post_type menu-item-object-page menu-item-55778\"><a href=\"https:\/\/www.accretech.eu\/de\/formen-messen\/\">Formen messen<\/a><\/li>\n<li id=\"menu-item-55779\" class=\"menu-item menu-item-type-post_type menu-item-object-page menu-item-55779\"><a href=\"https:\/\/www.accretech.eu\/de\/oberflaechenrauheit-messen\/\">Oberfl\u00e4chenrauheit messen<\/a><\/li>\n<li id=\"menu-item-47133\" class=\"menu-item menu-item-type-post_type menu-item-object-page menu-item-47133\"><a href=\"https:\/\/www.accretech.eu\/de\/formen-messen\/geradheit-messen\/\">Geradheit messen<\/a><\/li>\n<li id=\"menu-item-47132\" class=\"menu-item menu-item-type-post_type menu-item-object-page menu-item-47132\"><a href=\"https:\/\/www.accretech.eu\/de\/formen-messen\/ebenheit-messen\/\">Ebenheit messen<\/a><\/li>\n<li id=\"menu-item-47131\" class=\"menu-item menu-item-type-post_type menu-item-object-page menu-item-47131\"><a href=\"https:\/\/www.accretech.eu\/de\/formen-messen\/rundheit-messen\/\">Rundheit messen<\/a><\/li>\n<li id=\"menu-item-47130\" class=\"menu-item menu-item-type-post_type menu-item-object-page menu-item-47130\"><a href=\"https:\/\/www.accretech.eu\/de\/formen-messen\/zylindrizitaet-messen\/\">Zylindrizit\u00e4t messen<\/a><\/li>\n<li id=\"menu-item-47134\" class=\"menu-item menu-item-type-post_type menu-item-object-page menu-item-47134\"><a href=\"https:\/\/www.accretech.eu\/de\/formen-messen\/parallelitaet-messen\/\">Parallelit\u00e4t messen<\/a><\/li>\n<li id=\"menu-item-47129\" class=\"menu-item menu-item-type-post_type menu-item-object-page menu-item-47129\"><a href=\"https:\/\/www.accretech.eu\/de\/formen-messen\/rechtwinkligkeit-messen\/\">Rechtwinkligkeit messen<\/a><\/li>\n<li id=\"menu-item-47127\" class=\"menu-item menu-item-type-post_type menu-item-object-page menu-item-47127\"><a href=\"https:\/\/www.accretech.eu\/de\/formen-messen\/koaxialitaet-messen\/\">Koaxialit\u00e4t messen<\/a><\/li>\n<li id=\"menu-item-47136\" class=\"menu-item menu-item-type-post_type menu-item-object-page menu-item-47136\"><a href=\"https:\/\/www.accretech.eu\/de\/formen-messen\/rundlauf-messen\/\">Gesamtrundlauf messen<\/a><\/li>\n<\/ul><\/div><\/div><\/div><\/div>\n<style type=\"text\/css\" data-created_by=\"avia_inline_auto\" id=\"style-css-av-glf43i-91bae30825b2da7621cb572a89e107a1\">\n#top .flex_column.av-glf43i-91bae30825b2da7621cb572a89e107a1{\nmargin-top:0px;\nmargin-bottom:50px;\n}\n.flex_column.av-glf43i-91bae30825b2da7621cb572a89e107a1{\n-webkit-border-radius:0px 0px 0px 0px;\n-moz-border-radius:0px 0px 0px 0px;\nborder-radius:0px 0px 0px 0px;\npadding:0px 15px 0px 0px;\n}\n.responsive #top #wrap_all .flex_column.av-glf43i-91bae30825b2da7621cb572a89e107a1{\nmargin-top:0px;\nmargin-bottom:50px;\n}\n<\/style>\n<div class='flex_column av-glf43i-91bae30825b2da7621cb572a89e107a1 av_one_full first no_margin flex_column_div '     ><p><section  class='av_textblock_section av-ge3yby-89a355af1180b272393a55a86fce156b'  itemscope=\"itemscope\" itemtype=\"https:\/\/schema.org\/CreativeWork\" ><div class='avia_textblock av_inherit_color'  itemprop=\"text\" ><p>Sie sind nicht sicher, welches Messger\u00e4t auf Ihre Anforderungen passt? Filtern Sie nach den ben\u00f6tigten Parametern und lassen Sie sich die passende L\u00f6sung anzeigen.<\/p>\n<\/div><\/section><br \/>\n<div  class='avia-button-wrap av-kfmj66bd-d9a3d681042fded56561bce9e69ae9f6-wrap avia-button-center  new-home-button-big custom-icon'>\n<style type=\"text\/css\" data-created_by=\"avia_inline_auto\" id=\"style-css-av-kfmj66bd-d9a3d681042fded56561bce9e69ae9f6\">\n#top #wrap_all .avia-button.av-kfmj66bd-d9a3d681042fded56561bce9e69ae9f6{\nbackground-color:#154194;\nborder-color:#154194;\ncolor:#ffffff;\n-webkit-transition:all 0.4s ease-in-out;\n-moz-transition:all 0.4s ease-in-out;\n-ms-transition:all 0.4s ease-in-out;\n-o-transition:all 0.4s ease-in-out;\ntransition:all 0.4s ease-in-out;\n}\n<\/style>\n<a href='https:\/\/www.accretech.eu\/de\/product-finder\/'  class='avia-button av-kfmj66bd-d9a3d681042fded56561bce9e69ae9f6 avia-icon_select-yes-left-icon avia-size-small avia-position-center'  ><span class='avia_button_icon avia_button_icon_left' aria-hidden='true' data-av_icon='\ue800' data-av_iconfont='fontanello-filter'><\/span><span class='avia_iconbox_title' >Passendes Messger\u00e4t finden<\/span><\/a><\/div><\/p><\/div><\/p>\n<\/div><\/div><\/div>\n","protected":false},"excerpt":{"rendered":"","protected":false},"author":550,"featured_media":0,"parent":36267,"menu_order":0,"comment_status":"closed","ping_status":"closed","template":"","meta":{"footnotes":""},"filter_category":[],"filter_measurements":[],"class_list":["post-37086","page","type-page","status-publish","hentry"],"acf":[],"yoast_head":"<!-- This site is optimized with the Yoast SEO Premium plugin v26.1 (Yoast SEO v26.1.1) - https:\/\/yoast.com\/wordpress\/plugins\/seo\/ -->\n<title>Richtungstoleranz Rechtwinkligkeit messen - ACCRETECH (Europe)<\/title>\n<meta name=\"description\" content=\"Die Rechtwinkligkeitsbedingung gibt die Genauigkeit an, wie senkrecht ein Messobjekt zur Bezugsebene bzw. Bezugslinie steht.\" \/>\n<meta name=\"robots\" content=\"index, follow, max-snippet:-1, max-image-preview:large, max-video-preview:-1\" \/>\n<link rel=\"canonical\" href=\"https:\/\/www.accretech.eu\/de\/formen-messen\/rechtwinkligkeit-messen\/\" \/>\n<meta property=\"og:locale\" content=\"de_DE\" \/>\n<meta property=\"og:type\" content=\"article\" \/>\n<meta property=\"og:title\" content=\"Rechtwinkligkeit messen\" \/>\n<meta property=\"og:description\" content=\"Die Rechtwinkligkeitsbedingung gibt die Genauigkeit an, wie senkrecht ein Messobjekt zur Bezugsebene bzw. Bezugslinie steht.\" \/>\n<meta property=\"og:url\" content=\"https:\/\/www.accretech.eu\/de\/formen-messen\/rechtwinkligkeit-messen\/\" \/>\n<meta property=\"og:site_name\" content=\"ACCRETECH (Europe)\" \/>\n<meta property=\"article:modified_time\" content=\"2020-09-28T12:55:22+00:00\" \/>\n<meta name=\"twitter:card\" content=\"summary_large_image\" \/>\n<meta name=\"twitter:label1\" content=\"Gesch\u00e4tzte Lesezeit\" \/>\n\t<meta name=\"twitter:data1\" content=\"7\u00a0Minuten\" \/>\n<script type=\"application\/ld+json\" class=\"yoast-schema-graph\">{\"@context\":\"https:\/\/schema.org\",\"@graph\":[{\"@type\":\"WebPage\",\"@id\":\"https:\/\/www.accretech.eu\/de\/formen-messen\/rechtwinkligkeit-messen\/\",\"url\":\"https:\/\/www.accretech.eu\/de\/formen-messen\/rechtwinkligkeit-messen\/\",\"name\":\"Richtungstoleranz Rechtwinkligkeit messen - ACCRETECH (Europe)\",\"isPartOf\":{\"@id\":\"https:\/\/www.accretech.eu\/it\/#website\"},\"datePublished\":\"2020-06-09T14:19:17+00:00\",\"dateModified\":\"2020-09-28T12:55:22+00:00\",\"description\":\"Die Rechtwinkligkeitsbedingung gibt die Genauigkeit an, wie senkrecht ein Messobjekt zur Bezugsebene bzw. Bezugslinie steht.\",\"breadcrumb\":{\"@id\":\"https:\/\/www.accretech.eu\/de\/formen-messen\/rechtwinkligkeit-messen\/#breadcrumb\"},\"inLanguage\":\"de\",\"potentialAction\":[{\"@type\":\"ReadAction\",\"target\":[\"https:\/\/www.accretech.eu\/de\/formen-messen\/rechtwinkligkeit-messen\/\"]}]},{\"@type\":\"BreadcrumbList\",\"@id\":\"https:\/\/www.accretech.eu\/de\/formen-messen\/rechtwinkligkeit-messen\/#breadcrumb\",\"itemListElement\":[{\"@type\":\"ListItem\",\"position\":1,\"name\":\"Startseite\",\"item\":\"https:\/\/www.accretech.eu\/de\/home\/\"},{\"@type\":\"ListItem\",\"position\":2,\"name\":\"Formen messen\",\"item\":\"https:\/\/www.accretech.eu\/de\/formen-messen\/\"},{\"@type\":\"ListItem\",\"position\":3,\"name\":\"Rechtwinkligkeit messen\"}]},{\"@type\":\"WebSite\",\"@id\":\"https:\/\/www.accretech.eu\/it\/#website\",\"url\":\"https:\/\/www.accretech.eu\/it\/\",\"name\":\"ACCRETECH (Europe)\",\"description\":\"\",\"publisher\":{\"@id\":\"https:\/\/www.accretech.eu\/it\/#organization\"},\"potentialAction\":[{\"@type\":\"SearchAction\",\"target\":{\"@type\":\"EntryPoint\",\"urlTemplate\":\"https:\/\/www.accretech.eu\/it\/?s={search_term_string}\"},\"query-input\":{\"@type\":\"PropertyValueSpecification\",\"valueRequired\":true,\"valueName\":\"search_term_string\"}}],\"inLanguage\":\"de\"},{\"@type\":\"Organization\",\"@id\":\"https:\/\/www.accretech.eu\/it\/#organization\",\"name\":\"ACCRETECH (Europe) GmbH\",\"url\":\"https:\/\/www.accretech.eu\/it\/\",\"logo\":{\"@type\":\"ImageObject\",\"inLanguage\":\"de\",\"@id\":\"https:\/\/www.accretech.eu\/it\/#\/schema\/logo\/image\/\",\"url\":\"https:\/\/www.accretech.eu\/wp-content\/uploads\/2016\/10\/accretech-europe_logo.png\",\"contentUrl\":\"https:\/\/www.accretech.eu\/wp-content\/uploads\/2016\/10\/accretech-europe_logo.png\",\"width\":312,\"height\":42,\"caption\":\"ACCRETECH (Europe) GmbH\"},\"image\":{\"@id\":\"https:\/\/www.accretech.eu\/it\/#\/schema\/logo\/image\/\"}}]}<\/script>\n<!-- \/ Yoast SEO Premium plugin. -->","yoast_head_json":{"title":"Richtungstoleranz Rechtwinkligkeit messen - ACCRETECH (Europe)","description":"Die Rechtwinkligkeitsbedingung gibt die Genauigkeit an, wie senkrecht ein Messobjekt zur Bezugsebene bzw. Bezugslinie steht.","robots":{"index":"index","follow":"follow","max-snippet":"max-snippet:-1","max-image-preview":"max-image-preview:large","max-video-preview":"max-video-preview:-1"},"canonical":"https:\/\/www.accretech.eu\/de\/formen-messen\/rechtwinkligkeit-messen\/","og_locale":"de_DE","og_type":"article","og_title":"Rechtwinkligkeit messen","og_description":"Die Rechtwinkligkeitsbedingung gibt die Genauigkeit an, wie senkrecht ein Messobjekt zur Bezugsebene bzw. Bezugslinie steht.","og_url":"https:\/\/www.accretech.eu\/de\/formen-messen\/rechtwinkligkeit-messen\/","og_site_name":"ACCRETECH (Europe)","article_modified_time":"2020-09-28T12:55:22+00:00","twitter_card":"summary_large_image","twitter_misc":{"Gesch\u00e4tzte Lesezeit":"7\u00a0Minuten"},"schema":{"@context":"https:\/\/schema.org","@graph":[{"@type":"WebPage","@id":"https:\/\/www.accretech.eu\/de\/formen-messen\/rechtwinkligkeit-messen\/","url":"https:\/\/www.accretech.eu\/de\/formen-messen\/rechtwinkligkeit-messen\/","name":"Richtungstoleranz Rechtwinkligkeit messen - ACCRETECH (Europe)","isPartOf":{"@id":"https:\/\/www.accretech.eu\/it\/#website"},"datePublished":"2020-06-09T14:19:17+00:00","dateModified":"2020-09-28T12:55:22+00:00","description":"Die Rechtwinkligkeitsbedingung gibt die Genauigkeit an, wie senkrecht ein Messobjekt zur Bezugsebene bzw. Bezugslinie steht.","breadcrumb":{"@id":"https:\/\/www.accretech.eu\/de\/formen-messen\/rechtwinkligkeit-messen\/#breadcrumb"},"inLanguage":"de","potentialAction":[{"@type":"ReadAction","target":["https:\/\/www.accretech.eu\/de\/formen-messen\/rechtwinkligkeit-messen\/"]}]},{"@type":"BreadcrumbList","@id":"https:\/\/www.accretech.eu\/de\/formen-messen\/rechtwinkligkeit-messen\/#breadcrumb","itemListElement":[{"@type":"ListItem","position":1,"name":"Startseite","item":"https:\/\/www.accretech.eu\/de\/home\/"},{"@type":"ListItem","position":2,"name":"Formen messen","item":"https:\/\/www.accretech.eu\/de\/formen-messen\/"},{"@type":"ListItem","position":3,"name":"Rechtwinkligkeit messen"}]},{"@type":"WebSite","@id":"https:\/\/www.accretech.eu\/it\/#website","url":"https:\/\/www.accretech.eu\/it\/","name":"ACCRETECH (Europe)","description":"","publisher":{"@id":"https:\/\/www.accretech.eu\/it\/#organization"},"potentialAction":[{"@type":"SearchAction","target":{"@type":"EntryPoint","urlTemplate":"https:\/\/www.accretech.eu\/it\/?s={search_term_string}"},"query-input":{"@type":"PropertyValueSpecification","valueRequired":true,"valueName":"search_term_string"}}],"inLanguage":"de"},{"@type":"Organization","@id":"https:\/\/www.accretech.eu\/it\/#organization","name":"ACCRETECH (Europe) GmbH","url":"https:\/\/www.accretech.eu\/it\/","logo":{"@type":"ImageObject","inLanguage":"de","@id":"https:\/\/www.accretech.eu\/it\/#\/schema\/logo\/image\/","url":"https:\/\/www.accretech.eu\/wp-content\/uploads\/2016\/10\/accretech-europe_logo.png","contentUrl":"https:\/\/www.accretech.eu\/wp-content\/uploads\/2016\/10\/accretech-europe_logo.png","width":312,"height":42,"caption":"ACCRETECH (Europe) GmbH"},"image":{"@id":"https:\/\/www.accretech.eu\/it\/#\/schema\/logo\/image\/"}}]}},"_links":{"self":[{"href":"https:\/\/www.accretech.eu\/de\/wp-json\/wp\/v2\/pages\/37086","targetHints":{"allow":["GET"]}}],"collection":[{"href":"https:\/\/www.accretech.eu\/de\/wp-json\/wp\/v2\/pages"}],"about":[{"href":"https:\/\/www.accretech.eu\/de\/wp-json\/wp\/v2\/types\/page"}],"author":[{"embeddable":true,"href":"https:\/\/www.accretech.eu\/de\/wp-json\/wp\/v2\/users\/550"}],"replies":[{"embeddable":true,"href":"https:\/\/www.accretech.eu\/de\/wp-json\/wp\/v2\/comments?post=37086"}],"version-history":[{"count":0,"href":"https:\/\/www.accretech.eu\/de\/wp-json\/wp\/v2\/pages\/37086\/revisions"}],"up":[{"embeddable":true,"href":"https:\/\/www.accretech.eu\/de\/wp-json\/wp\/v2\/pages\/36267"}],"wp:attachment":[{"href":"https:\/\/www.accretech.eu\/de\/wp-json\/wp\/v2\/media?parent=37086"}],"wp:term":[{"taxonomy":"filter_category","embeddable":true,"href":"https:\/\/www.accretech.eu\/de\/wp-json\/wp\/v2\/filter_category?post=37086"},{"taxonomy":"filter_measurements","embeddable":true,"href":"https:\/\/www.accretech.eu\/de\/wp-json\/wp\/v2\/filter_measurements?post=37086"}],"curies":[{"name":"wp","href":"https:\/\/api.w.org\/{rel}","templated":true}]}}