{"id":37088,"date":"2020-07-14T17:04:31","date_gmt":"2020-07-14T15:04:31","guid":{"rendered":"https:\/\/acc-clone.max2.dev\/?page_id=37088"},"modified":"2020-09-28T14:55:48","modified_gmt":"2020-09-28T12:55:48","slug":"koaxialitaet-messen","status":"publish","type":"page","link":"https:\/\/www.accretech.eu\/de\/formen-messen\/koaxialitaet-messen\/","title":{"rendered":"Koaxialit\u00e4t messen"},"content":{"rendered":"<\/div><\/div><\/div><!-- close content main div --><\/div><\/div><div id='full_slider_1'  class='avia-fullwidth-slider main_color avia-shadow    container_wrap fullsize'  ><div  class='avia-slideshow av-ht5kni-cb87473bb538f4035710860319017a33 avia-slideshow-no scaling av_slideshow_full avia-slide-slider av-slideshow-ui av-control-default av-slideshow-manual av-loop-once av-loop-manual-endless av-default-height-applied   avia-slideshow-1' data-slideshow-options=\"{&quot;animation&quot;:&quot;slide&quot;,&quot;autoplay&quot;:false,&quot;loop_autoplay&quot;:&quot;once&quot;,&quot;interval&quot;:5,&quot;loop_manual&quot;:&quot;manual-endless&quot;,&quot;autoplay_stopper&quot;:false,&quot;noNavigation&quot;:false,&quot;bg_slider&quot;:false,&quot;keep_padding&quot;:false,&quot;hoverpause&quot;:false,&quot;show_slide_delay&quot;:0}\"  itemprop=\"image\" itemscope=\"itemscope\" itemtype=\"https:\/\/schema.org\/ImageObject\" ><ul class='avia-slideshow-inner ' style='padding-bottom: 14.0625%;'><li  class='avia-slideshow-slide av-ht5kni-cb87473bb538f4035710860319017a33__0  av-single-slide slide-1 slide-odd'><div data-rel='slideshow-1' class='avia-slide-wrap '   ><img src='https:\/\/www.accretech.eu\/wp-content\/uploads\/2017\/03\/Accretech-Industrielle-Messtechnik-Header-Landing-3.jpg' width='1280' height='180' title='Accretech - Industrielle Messtechnik Header Landing (3)' alt='Accretech - Industrielle Messtechnik Header Landing'  itemprop=\"thumbnailUrl\"   \/><\/div><\/li><\/ul><\/div><\/div>\n<\/div><\/div><\/div><!-- close content main div --><\/div><\/div><div id='standard-grid'  class='av-layout-grid-container av-hgzzke-bf7d74f54f55282db1cd841c50938f1e entry-content-wrapper main_color av-flex-cells  container_wrap fullsize'  >\n\n<style type=\"text\/css\" data-created_by=\"avia_inline_auto\" id=\"style-css-av-hb7m0u-13311702f6a3b925bda697a0e6d0a7a4\">\n.flex_cell.av-hb7m0u-13311702f6a3b925bda697a0e6d0a7a4{\nvertical-align:top;\n}\n.responsive #top #wrap_all .flex_cell.av-hb7m0u-13311702f6a3b925bda697a0e6d0a7a4{\npadding:0px 20px 0px 0px !important;\n}\n<\/style>\n<div class='flex_cell av-hb7m0u-13311702f6a3b925bda697a0e6d0a7a4 av-gridrow-cell av_two_third no_margin' ><div class='flex_cell_inner'><p>\n<style type=\"text\/css\" data-created_by=\"avia_inline_auto\" id=\"style-css-av-h1x7fy-f26be06440c121548e3b4459cb88b7a4\">\n.flex_column.av-h1x7fy-f26be06440c121548e3b4459cb88b7a4{\n-webkit-border-radius:0px 0px 0px 0px;\n-moz-border-radius:0px 0px 0px 0px;\nborder-radius:0px 0px 0px 0px;\npadding:0px 0px 0px 0px;\n}\n<\/style>\n<div class='flex_column av-h1x7fy-f26be06440c121548e3b4459cb88b7a4 av_one_full first no_margin flex_column_div av-zero-column-padding '     ><br \/>\n<section  class='av_textblock_section av-gsjpr2-b5ceb952bd8107a75a045582fea8d1fb'  itemscope=\"itemscope\" itemtype=\"https:\/\/schema.org\/CreativeWork\" ><div class='avia_textblock'  itemprop=\"text\" ><h1 style=\"font-size: 30px; color: #154194; line-height: 30px; padding-top: 15px;\">Koaxialit\u00e4t messen (COA)<\/h1>\n<\/div><\/section><\/p><\/div>\n<style type=\"text\/css\" data-created_by=\"avia_inline_auto\" id=\"style-css-av-glf43i-22b287b076d791faab448ef70546aef6\">\n#top .flex_column.av-glf43i-22b287b076d791faab448ef70546aef6{\nmargin-top:0px;\nmargin-bottom:30px;\n}\n.flex_column.av-glf43i-22b287b076d791faab448ef70546aef6{\n-webkit-border-radius:0px 0px 0px 0px;\n-moz-border-radius:0px 0px 0px 0px;\nborder-radius:0px 0px 0px 0px;\npadding:0px 15px 0px 0px;\n}\n.responsive #top #wrap_all .flex_column.av-glf43i-22b287b076d791faab448ef70546aef6{\nmargin-top:0px;\nmargin-bottom:30px;\n}\n<\/style>\n<div class='flex_column av-glf43i-22b287b076d791faab448ef70546aef6 av_one_full first no_margin flex_column_div '     ><section  class='av_textblock_section av-ge3yby-89a355af1180b272393a55a86fce156b'  itemscope=\"itemscope\" itemtype=\"https:\/\/schema.org\/CreativeWork\" ><div class='avia_textblock av_inherit_color'  itemprop=\"text\" ><p>Die Ortstoleranz Koaxialit\u00e4t definiert die Abweichung einer Achse von der Bezugsachse, auf die sie ausgerichtet werden soll. Die tolerierten Elemente sind Achse bzw. Kreismittelpunkt.<\/p>\n<p><span style=\"font-family: f45; color: #154194;\"><strong>Koaxialit\u00e4ts- bzw. Konzentrizit\u00e4tstoleranz<\/strong><\/span><br \/>\nDie Toleranzzone wird durch einen Zylinder bzw. Kreis vom Durchmesser t begrenzt, dessen Achse bzw. Richtungsnormale mit der Bezugsachse \u00fcbereinstimmt.<\/p>\n<p>Der Begriff Konzentrizit\u00e4t bezieht sich nur auf Mittelpunkte von Kreisfl\u00e4chen; der Begriff Koaxialit\u00e4t auf Achsen von r\u00e4umlichen Formelementen.<\/p>\n<p><span style=\"font-family: f45; color: #154194;\"><strong>Faustregel:<\/strong><\/span><br \/>\nBei Zylindern, deren Durchmesser gr\u00f6\u00dfer als deren H\u00f6he ist, wird die Konzentrizit\u00e4tstoleranz angewandt (toleriertes Element und Bezug: jeweils Kreismittelpunkt), ansonsten die Koaxialit\u00e4tstoleranz (toleriertes Element und Bezug: jeweils Zylinderachse.<\/p>\n<\/div><\/section><\/div>\n<style type=\"text\/css\" data-created_by=\"avia_inline_auto\" id=\"style-css-av-rba5jf-496d9c4dfd9c5be4e8780ba0db7d6f2e\">\n.flex_column.av-rba5jf-496d9c4dfd9c5be4e8780ba0db7d6f2e{\n-webkit-border-radius:0px 0px 0px 0px;\n-moz-border-radius:0px 0px 0px 0px;\nborder-radius:0px 0px 0px 0px;\npadding:0px 0px 0px 0px;\n}\n<\/style>\n<div class='flex_column av-rba5jf-496d9c4dfd9c5be4e8780ba0db7d6f2e av_two_third first flex_column_div av-zero-column-padding '     ><style type=\"text\/css\" data-created_by=\"avia_inline_auto\" id=\"style-css-av-k7u9m4zy-e84b6d43bf8bcf8b7591d2c34e14ddca\">\n.avia-image-container.av-k7u9m4zy-e84b6d43bf8bcf8b7591d2c34e14ddca img.avia_image{\nbox-shadow:none;\n}\n.avia-image-container.av-k7u9m4zy-e84b6d43bf8bcf8b7591d2c34e14ddca .av-image-caption-overlay-center{\ncolor:#ffffff;\n}\n<\/style>\n<div  class='avia-image-container av-k7u9m4zy-e84b6d43bf8bcf8b7591d2c34e14ddca av-styling- avia-align-center'   itemprop=\"image\" itemscope=\"itemscope\" itemtype=\"https:\/\/schema.org\/ImageObject\" ><div class=\"avia-image-container-inner\"><div class=\"avia-image-overlay-wrap\"><img class='avia_image ' src='https:\/\/www.accretech.eu\/wp-content\/uploads\/2020\/04\/Roundness_GER-02-Koaxiait\u00e4t-1.png' alt='Technische Zeichnung Lagetoleranz Koaxialit\u00e4t messen' title='Koaxialit\u00e4t messen (COA)'  height=\"430\" width=\"751\"  itemprop=\"thumbnailUrl\"  \/><\/div><\/div><\/div><\/div><\/p>\n<\/div><\/div>\n<style type=\"text\/css\" data-created_by=\"avia_inline_auto\" id=\"style-css-av-g83a6e-c11605a0d1875a9c121cb9295a4979f7\">\n.flex_cell.av-g83a6e-c11605a0d1875a9c121cb9295a4979f7{\nvertical-align:top;\n}\n.responsive #top #wrap_all .flex_cell.av-g83a6e-c11605a0d1875a9c121cb9295a4979f7{\npadding:15px 0px 0px 0px !important;\n}\n<\/style>\n<div class='flex_cell av-g83a6e-c11605a0d1875a9c121cb9295a4979f7 av-gridrow-cell av_one_third no_margin' ><div class='flex_cell_inner'><p>\n<style type=\"text\/css\" data-created_by=\"avia_inline_auto\" id=\"style-css-av-g3jpae-552e4136534b988f76af32fef24f3164\">\n#top .flex_column.av-g3jpae-552e4136534b988f76af32fef24f3164{\nmargin-top:0px;\nmargin-bottom:20px;\n}\n.flex_column.av-g3jpae-552e4136534b988f76af32fef24f3164{\n-webkit-border-radius:0px 0px 0px 0px;\n-moz-border-radius:0px 0px 0px 0px;\nborder-radius:0px 0px 0px 0px;\npadding:0px 15px 0px 0px;\nbackground-color:#154194;\n}\n.responsive #top #wrap_all .flex_column.av-g3jpae-552e4136534b988f76af32fef24f3164{\nmargin-top:0px;\nmargin-bottom:20px;\n}\n<\/style>\n<div class='flex_column av-g3jpae-552e4136534b988f76af32fef24f3164 av_one_full first flex_column_div av-hide-on-mobile '     ><div  class='avia-builder-widget-area clearfix '><div id=\"nav_menu-12\" class=\"widget-odd widget-last widget-first widget-1 widget clearfix widget_nav_menu\"><div class=\"menu-anwendungen-industrielle-messtechnik-sub-container\"><ul id=\"menu-anwendungen-industrielle-messtechnik-sub\" class=\"menu\"><li id=\"menu-item-55778\" class=\"menu-item menu-item-type-post_type menu-item-object-page menu-item-55778\"><a href=\"https:\/\/www.accretech.eu\/de\/formen-messen\/\">Formen messen<\/a><\/li>\n<li id=\"menu-item-55779\" class=\"menu-item menu-item-type-post_type menu-item-object-page menu-item-55779\"><a href=\"https:\/\/www.accretech.eu\/de\/oberflaechenrauheit-messen\/\">Oberfl\u00e4chenrauheit messen<\/a><\/li>\n<li id=\"menu-item-47133\" class=\"menu-item menu-item-type-post_type menu-item-object-page menu-item-47133\"><a href=\"https:\/\/www.accretech.eu\/de\/formen-messen\/geradheit-messen\/\">Geradheit messen<\/a><\/li>\n<li id=\"menu-item-47132\" class=\"menu-item menu-item-type-post_type menu-item-object-page menu-item-47132\"><a href=\"https:\/\/www.accretech.eu\/de\/formen-messen\/ebenheit-messen\/\">Ebenheit messen<\/a><\/li>\n<li id=\"menu-item-47131\" class=\"menu-item menu-item-type-post_type menu-item-object-page menu-item-47131\"><a href=\"https:\/\/www.accretech.eu\/de\/formen-messen\/rundheit-messen\/\">Rundheit messen<\/a><\/li>\n<li id=\"menu-item-47130\" class=\"menu-item menu-item-type-post_type menu-item-object-page menu-item-47130\"><a href=\"https:\/\/www.accretech.eu\/de\/formen-messen\/zylindrizitaet-messen\/\">Zylindrizit\u00e4t messen<\/a><\/li>\n<li id=\"menu-item-47134\" class=\"menu-item menu-item-type-post_type menu-item-object-page menu-item-47134\"><a href=\"https:\/\/www.accretech.eu\/de\/formen-messen\/parallelitaet-messen\/\">Parallelit\u00e4t messen<\/a><\/li>\n<li id=\"menu-item-47129\" class=\"menu-item menu-item-type-post_type menu-item-object-page menu-item-47129\"><a href=\"https:\/\/www.accretech.eu\/de\/formen-messen\/rechtwinkligkeit-messen\/\">Rechtwinkligkeit messen<\/a><\/li>\n<li id=\"menu-item-47127\" class=\"menu-item menu-item-type-post_type menu-item-object-page menu-item-47127\"><a href=\"https:\/\/www.accretech.eu\/de\/formen-messen\/koaxialitaet-messen\/\">Koaxialit\u00e4t messen<\/a><\/li>\n<li id=\"menu-item-47136\" class=\"menu-item menu-item-type-post_type menu-item-object-page menu-item-47136\"><a href=\"https:\/\/www.accretech.eu\/de\/formen-messen\/rundlauf-messen\/\">Gesamtrundlauf messen<\/a><\/li>\n<\/ul><\/div><\/div><\/div><\/div>\n<style type=\"text\/css\" data-created_by=\"avia_inline_auto\" id=\"style-css-av-glf43i-91bae30825b2da7621cb572a89e107a1\">\n#top .flex_column.av-glf43i-91bae30825b2da7621cb572a89e107a1{\nmargin-top:0px;\nmargin-bottom:50px;\n}\n.flex_column.av-glf43i-91bae30825b2da7621cb572a89e107a1{\n-webkit-border-radius:0px 0px 0px 0px;\n-moz-border-radius:0px 0px 0px 0px;\nborder-radius:0px 0px 0px 0px;\npadding:0px 15px 0px 0px;\n}\n.responsive #top #wrap_all .flex_column.av-glf43i-91bae30825b2da7621cb572a89e107a1{\nmargin-top:0px;\nmargin-bottom:50px;\n}\n<\/style>\n<div class='flex_column av-glf43i-91bae30825b2da7621cb572a89e107a1 av_one_full first no_margin flex_column_div '     ><p><section  class='av_textblock_section av-ge3yby-89a355af1180b272393a55a86fce156b'  itemscope=\"itemscope\" itemtype=\"https:\/\/schema.org\/CreativeWork\" ><div class='avia_textblock av_inherit_color'  itemprop=\"text\" ><p>Sie sind nicht sicher, welches Messger\u00e4t auf Ihre Anforderungen passt? Filtern Sie nach den ben\u00f6tigten Parametern und lassen Sie sich die passende L\u00f6sung anzeigen.<\/p>\n<\/div><\/section><br \/>\n<div  class='avia-button-wrap av-kfmj66bd-d9a3d681042fded56561bce9e69ae9f6-wrap avia-button-center  new-home-button-big custom-icon'>\n<style type=\"text\/css\" data-created_by=\"avia_inline_auto\" id=\"style-css-av-kfmj66bd-d9a3d681042fded56561bce9e69ae9f6\">\n#top #wrap_all .avia-button.av-kfmj66bd-d9a3d681042fded56561bce9e69ae9f6{\nbackground-color:#154194;\nborder-color:#154194;\ncolor:#ffffff;\n-webkit-transition:all 0.4s ease-in-out;\n-moz-transition:all 0.4s ease-in-out;\n-ms-transition:all 0.4s ease-in-out;\n-o-transition:all 0.4s ease-in-out;\ntransition:all 0.4s ease-in-out;\n}\n<\/style>\n<a href='https:\/\/www.accretech.eu\/de\/product-finder\/'  class='avia-button av-kfmj66bd-d9a3d681042fded56561bce9e69ae9f6 avia-icon_select-yes-left-icon avia-size-small avia-position-center'  ><span class='avia_button_icon avia_button_icon_left' aria-hidden='true' data-av_icon='\ue800' data-av_iconfont='fontanello-filter'><\/span><span class='avia_iconbox_title' >Passendes Messger\u00e4t finden<\/span><\/a><\/div><\/p><\/div><\/p>\n<\/div><\/div><\/div>\n<style type=\"text\/css\" data-created_by=\"avia_inline_auto\" id=\"style-css-av-glf43i-22b287b076d791faab448ef70546aef6\">\n#top .flex_column.av-glf43i-22b287b076d791faab448ef70546aef6{\nmargin-top:0px;\nmargin-bottom:30px;\n}\n.flex_column.av-glf43i-22b287b076d791faab448ef70546aef6{\n-webkit-border-radius:0px 0px 0px 0px;\n-moz-border-radius:0px 0px 0px 0px;\nborder-radius:0px 0px 0px 0px;\npadding:0px 15px 0px 0px;\n}\n.responsive #top #wrap_all .flex_column.av-glf43i-22b287b076d791faab448ef70546aef6{\nmargin-top:0px;\nmargin-bottom:30px;\n}\n<\/style>\n<div class='flex_column av-glf43i-22b287b076d791faab448ef70546aef6 av_three_fourth first no_margin flex_column_div '     ><section  class='av_textblock_section av-ge3yby-b5c118e733b85078925554c9bad12e5a'  itemscope=\"itemscope\" itemtype=\"https:\/\/schema.org\/CreativeWork\" ><div class='avia_textblock'  itemprop=\"text\" ><p>Die Koaxialit\u00e4t wird vorrangig bei Wellen zum Beispiel im Maschinen und Motorenbau angewandt. \u00a0Eine zu hohe Abweichung der Koaxialit\u00e4t bei sehr schnell rotierenden Wellen wie bei einem Turbolader oder bei\u00a0 Maschinenspindeln kann den Ausfall des Bauteils verursachen.<\/p>\n<\/div><\/section><\/div>\n<\/div><\/div><\/div><!-- close content main div --><\/div><\/div><div id='standard-grid'  class='av-layout-grid-container av-hgzzke-bf7d74f54f55282db1cd841c50938f1e entry-content-wrapper main_color av-flex-cells  container_wrap fullsize'  >\n\n<style type=\"text\/css\" data-created_by=\"avia_inline_auto\" id=\"style-css-av-hb7m0u-2ee289d4353a8cd44ea885ff125a1a9c\">\n.flex_cell.av-hb7m0u-2ee289d4353a8cd44ea885ff125a1a9c{\nvertical-align:top;\n}\n.responsive #top #wrap_all .flex_cell.av-hb7m0u-2ee289d4353a8cd44ea885ff125a1a9c{\npadding:20px 20px 0px 0px !important;\n}\n<\/style>\n<div class='flex_cell av-hb7m0u-2ee289d4353a8cd44ea885ff125a1a9c av-gridrow-cell av_one_full no_margin' ><div class='flex_cell_inner'><\/div><\/div>\n<\/div>\n","protected":false},"excerpt":{"rendered":"","protected":false},"author":550,"featured_media":0,"parent":36267,"menu_order":0,"comment_status":"closed","ping_status":"closed","template":"","meta":{"footnotes":""},"filter_category":[],"filter_measurements":[],"class_list":["post-37088","page","type-page","status-publish","hentry"],"acf":[],"yoast_head":"<!-- This site is optimized with the Yoast SEO Premium plugin v26.1 (Yoast SEO v26.1.1) - https:\/\/yoast.com\/wordpress\/plugins\/seo\/ -->\n<title>Ortstoleranz Koaxialit\u00e4t messen - ACCRETECH (Europe)<\/title>\n<meta name=\"description\" content=\"Messen Sie Koaxialit\u00e4t mit den Formmessger\u00e4ten von ACCRETECH.\" \/>\n<meta name=\"robots\" content=\"index, follow, max-snippet:-1, max-image-preview:large, max-video-preview:-1\" \/>\n<link rel=\"canonical\" href=\"https:\/\/www.accretech.eu\/de\/formen-messen\/koaxialitaet-messen\/\" \/>\n<meta property=\"og:locale\" content=\"de_DE\" \/>\n<meta property=\"og:type\" content=\"article\" \/>\n<meta property=\"og:title\" content=\"Koaxialit\u00e4t messen\" \/>\n<meta property=\"og:description\" content=\"Messen Sie Koaxialit\u00e4t mit den Formmessger\u00e4ten von ACCRETECH.\" \/>\n<meta property=\"og:url\" content=\"https:\/\/www.accretech.eu\/de\/formen-messen\/koaxialitaet-messen\/\" \/>\n<meta property=\"og:site_name\" content=\"ACCRETECH (Europe)\" \/>\n<meta property=\"article:modified_time\" content=\"2020-09-28T12:55:48+00:00\" \/>\n<meta name=\"twitter:card\" content=\"summary_large_image\" \/>\n<meta name=\"twitter:label1\" content=\"Gesch\u00e4tzte Lesezeit\" \/>\n\t<meta name=\"twitter:data1\" content=\"7\u00a0Minuten\" \/>\n<script type=\"application\/ld+json\" class=\"yoast-schema-graph\">{\"@context\":\"https:\/\/schema.org\",\"@graph\":[{\"@type\":\"WebPage\",\"@id\":\"https:\/\/www.accretech.eu\/de\/formen-messen\/koaxialitaet-messen\/\",\"url\":\"https:\/\/www.accretech.eu\/de\/formen-messen\/koaxialitaet-messen\/\",\"name\":\"Ortstoleranz Koaxialit\u00e4t messen - ACCRETECH (Europe)\",\"isPartOf\":{\"@id\":\"https:\/\/www.accretech.eu\/it\/#website\"},\"datePublished\":\"2020-07-14T15:04:31+00:00\",\"dateModified\":\"2020-09-28T12:55:48+00:00\",\"description\":\"Messen Sie Koaxialit\u00e4t mit den Formmessger\u00e4ten von ACCRETECH.\",\"breadcrumb\":{\"@id\":\"https:\/\/www.accretech.eu\/de\/formen-messen\/koaxialitaet-messen\/#breadcrumb\"},\"inLanguage\":\"de\",\"potentialAction\":[{\"@type\":\"ReadAction\",\"target\":[\"https:\/\/www.accretech.eu\/de\/formen-messen\/koaxialitaet-messen\/\"]}]},{\"@type\":\"BreadcrumbList\",\"@id\":\"https:\/\/www.accretech.eu\/de\/formen-messen\/koaxialitaet-messen\/#breadcrumb\",\"itemListElement\":[{\"@type\":\"ListItem\",\"position\":1,\"name\":\"Startseite\",\"item\":\"https:\/\/www.accretech.eu\/de\/home\/\"},{\"@type\":\"ListItem\",\"position\":2,\"name\":\"Formen messen\",\"item\":\"https:\/\/www.accretech.eu\/de\/formen-messen\/\"},{\"@type\":\"ListItem\",\"position\":3,\"name\":\"Koaxialit\u00e4t messen\"}]},{\"@type\":\"WebSite\",\"@id\":\"https:\/\/www.accretech.eu\/it\/#website\",\"url\":\"https:\/\/www.accretech.eu\/it\/\",\"name\":\"ACCRETECH (Europe)\",\"description\":\"\",\"publisher\":{\"@id\":\"https:\/\/www.accretech.eu\/it\/#organization\"},\"potentialAction\":[{\"@type\":\"SearchAction\",\"target\":{\"@type\":\"EntryPoint\",\"urlTemplate\":\"https:\/\/www.accretech.eu\/it\/?s={search_term_string}\"},\"query-input\":{\"@type\":\"PropertyValueSpecification\",\"valueRequired\":true,\"valueName\":\"search_term_string\"}}],\"inLanguage\":\"de\"},{\"@type\":\"Organization\",\"@id\":\"https:\/\/www.accretech.eu\/it\/#organization\",\"name\":\"ACCRETECH (Europe) GmbH\",\"url\":\"https:\/\/www.accretech.eu\/it\/\",\"logo\":{\"@type\":\"ImageObject\",\"inLanguage\":\"de\",\"@id\":\"https:\/\/www.accretech.eu\/it\/#\/schema\/logo\/image\/\",\"url\":\"https:\/\/www.accretech.eu\/wp-content\/uploads\/2016\/10\/accretech-europe_logo.png\",\"contentUrl\":\"https:\/\/www.accretech.eu\/wp-content\/uploads\/2016\/10\/accretech-europe_logo.png\",\"width\":312,\"height\":42,\"caption\":\"ACCRETECH (Europe) GmbH\"},\"image\":{\"@id\":\"https:\/\/www.accretech.eu\/it\/#\/schema\/logo\/image\/\"}}]}<\/script>\n<!-- \/ Yoast SEO Premium plugin. -->","yoast_head_json":{"title":"Ortstoleranz Koaxialit\u00e4t messen - ACCRETECH (Europe)","description":"Messen Sie Koaxialit\u00e4t mit den Formmessger\u00e4ten von ACCRETECH.","robots":{"index":"index","follow":"follow","max-snippet":"max-snippet:-1","max-image-preview":"max-image-preview:large","max-video-preview":"max-video-preview:-1"},"canonical":"https:\/\/www.accretech.eu\/de\/formen-messen\/koaxialitaet-messen\/","og_locale":"de_DE","og_type":"article","og_title":"Koaxialit\u00e4t messen","og_description":"Messen Sie Koaxialit\u00e4t mit den Formmessger\u00e4ten von ACCRETECH.","og_url":"https:\/\/www.accretech.eu\/de\/formen-messen\/koaxialitaet-messen\/","og_site_name":"ACCRETECH (Europe)","article_modified_time":"2020-09-28T12:55:48+00:00","twitter_card":"summary_large_image","twitter_misc":{"Gesch\u00e4tzte Lesezeit":"7\u00a0Minuten"},"schema":{"@context":"https:\/\/schema.org","@graph":[{"@type":"WebPage","@id":"https:\/\/www.accretech.eu\/de\/formen-messen\/koaxialitaet-messen\/","url":"https:\/\/www.accretech.eu\/de\/formen-messen\/koaxialitaet-messen\/","name":"Ortstoleranz Koaxialit\u00e4t messen - ACCRETECH (Europe)","isPartOf":{"@id":"https:\/\/www.accretech.eu\/it\/#website"},"datePublished":"2020-07-14T15:04:31+00:00","dateModified":"2020-09-28T12:55:48+00:00","description":"Messen Sie Koaxialit\u00e4t mit den Formmessger\u00e4ten von ACCRETECH.","breadcrumb":{"@id":"https:\/\/www.accretech.eu\/de\/formen-messen\/koaxialitaet-messen\/#breadcrumb"},"inLanguage":"de","potentialAction":[{"@type":"ReadAction","target":["https:\/\/www.accretech.eu\/de\/formen-messen\/koaxialitaet-messen\/"]}]},{"@type":"BreadcrumbList","@id":"https:\/\/www.accretech.eu\/de\/formen-messen\/koaxialitaet-messen\/#breadcrumb","itemListElement":[{"@type":"ListItem","position":1,"name":"Startseite","item":"https:\/\/www.accretech.eu\/de\/home\/"},{"@type":"ListItem","position":2,"name":"Formen messen","item":"https:\/\/www.accretech.eu\/de\/formen-messen\/"},{"@type":"ListItem","position":3,"name":"Koaxialit\u00e4t messen"}]},{"@type":"WebSite","@id":"https:\/\/www.accretech.eu\/it\/#website","url":"https:\/\/www.accretech.eu\/it\/","name":"ACCRETECH (Europe)","description":"","publisher":{"@id":"https:\/\/www.accretech.eu\/it\/#organization"},"potentialAction":[{"@type":"SearchAction","target":{"@type":"EntryPoint","urlTemplate":"https:\/\/www.accretech.eu\/it\/?s={search_term_string}"},"query-input":{"@type":"PropertyValueSpecification","valueRequired":true,"valueName":"search_term_string"}}],"inLanguage":"de"},{"@type":"Organization","@id":"https:\/\/www.accretech.eu\/it\/#organization","name":"ACCRETECH (Europe) GmbH","url":"https:\/\/www.accretech.eu\/it\/","logo":{"@type":"ImageObject","inLanguage":"de","@id":"https:\/\/www.accretech.eu\/it\/#\/schema\/logo\/image\/","url":"https:\/\/www.accretech.eu\/wp-content\/uploads\/2016\/10\/accretech-europe_logo.png","contentUrl":"https:\/\/www.accretech.eu\/wp-content\/uploads\/2016\/10\/accretech-europe_logo.png","width":312,"height":42,"caption":"ACCRETECH (Europe) GmbH"},"image":{"@id":"https:\/\/www.accretech.eu\/it\/#\/schema\/logo\/image\/"}}]}},"_links":{"self":[{"href":"https:\/\/www.accretech.eu\/de\/wp-json\/wp\/v2\/pages\/37088","targetHints":{"allow":["GET"]}}],"collection":[{"href":"https:\/\/www.accretech.eu\/de\/wp-json\/wp\/v2\/pages"}],"about":[{"href":"https:\/\/www.accretech.eu\/de\/wp-json\/wp\/v2\/types\/page"}],"author":[{"embeddable":true,"href":"https:\/\/www.accretech.eu\/de\/wp-json\/wp\/v2\/users\/550"}],"replies":[{"embeddable":true,"href":"https:\/\/www.accretech.eu\/de\/wp-json\/wp\/v2\/comments?post=37088"}],"version-history":[{"count":0,"href":"https:\/\/www.accretech.eu\/de\/wp-json\/wp\/v2\/pages\/37088\/revisions"}],"up":[{"embeddable":true,"href":"https:\/\/www.accretech.eu\/de\/wp-json\/wp\/v2\/pages\/36267"}],"wp:attachment":[{"href":"https:\/\/www.accretech.eu\/de\/wp-json\/wp\/v2\/media?parent=37088"}],"wp:term":[{"taxonomy":"filter_category","embeddable":true,"href":"https:\/\/www.accretech.eu\/de\/wp-json\/wp\/v2\/filter_category?post=37088"},{"taxonomy":"filter_measurements","embeddable":true,"href":"https:\/\/www.accretech.eu\/de\/wp-json\/wp\/v2\/filter_measurements?post=37088"}],"curies":[{"name":"wp","href":"https:\/\/api.w.org\/{rel}","templated":true}]}}