{"id":41733,"date":"2020-06-02T15:54:17","date_gmt":"2020-06-02T13:54:17","guid":{"rendered":"https:\/\/acc-clone.max2.dev\/?page_id=41733"},"modified":"2026-02-26T10:12:36","modified_gmt":"2026-02-26T09:12:36","slug":"product-finder","status":"publish","type":"page","link":"https:\/\/www.accretech.eu\/de\/product-finder\/","title":{"rendered":"Product Finder"},"content":{"rendered":"<p><span data-sheets-formula-bar-text-style=\"font-size:15px;color:#000000;font-weight:normal;text-decoration:none;font-family:'docs-Calibri';font-style:normal;text-decoration-skip-ink:none;\">W\u00e4hlen Sie gew\u00fcnschte Parameter aus, um die passende L\u00f6sung aus unserem Portfolio zu finden..<\/span><\/p>\n","protected":false},"excerpt":{"rendered":"<p>W\u00e4hlen Sie gew\u00fcnschte Parameter aus, um die passende L\u00f6sung aus unserem Portfolio zu finden..<\/p>\n","protected":false},"author":1,"featured_media":0,"parent":0,"menu_order":0,"comment_status":"closed","ping_status":"closed","template":"productlist.php","meta":{"footnotes":""},"filter_category":[],"filter_measurements":[],"class_list":["post-41733","page","type-page","status-publish","hentry"],"acf":[],"yoast_head":"<!-- This site is optimized with the Yoast SEO Premium plugin v26.1 (Yoast SEO v26.1.1) - https:\/\/yoast.com\/wordpress\/plugins\/seo\/ -->\n<title>So finden Sie das geeignete Messger\u00e4t | ACCRETECH<\/title>\n<meta name=\"description\" content=\"Wissen Sie schon, welches Messger\u00e4t Sie ben\u00f6tigen? Mit unserem Product Finder k\u00f6nnen Sie nach den gew\u00fcnschten Parametern filtern.\" \/>\n<meta name=\"robots\" content=\"index, follow, max-snippet:-1, max-image-preview:large, max-video-preview:-1\" \/>\n<link rel=\"canonical\" href=\"https:\/\/www.accretech.eu\/de\/product-finder\/\" \/>\n<meta property=\"og:locale\" content=\"de_DE\" \/>\n<meta property=\"og:type\" content=\"article\" \/>\n<meta property=\"og:title\" content=\"Product Finder\" \/>\n<meta property=\"og:description\" content=\"Wissen Sie schon, welches Messger\u00e4t Sie ben\u00f6tigen? Mit unserem Product Finder k\u00f6nnen Sie nach den gew\u00fcnschten Parametern filtern.\" \/>\n<meta property=\"og:url\" content=\"https:\/\/www.accretech.eu\/de\/product-finder\/\" \/>\n<meta property=\"og:site_name\" content=\"ACCRETECH (Europe)\" \/>\n<meta property=\"article:modified_time\" content=\"2026-02-26T09:12:36+00:00\" \/>\n<meta name=\"twitter:card\" content=\"summary_large_image\" \/>\n<script type=\"application\/ld+json\" class=\"yoast-schema-graph\">{\"@context\":\"https:\/\/schema.org\",\"@graph\":[{\"@type\":\"WebPage\",\"@id\":\"https:\/\/www.accretech.eu\/de\/product-finder\/\",\"url\":\"https:\/\/www.accretech.eu\/de\/product-finder\/\",\"name\":\"So finden Sie das geeignete Messger\u00e4t | ACCRETECH\",\"isPartOf\":{\"@id\":\"https:\/\/www.accretech.eu\/it\/#website\"},\"datePublished\":\"2020-06-02T13:54:17+00:00\",\"dateModified\":\"2026-02-26T09:12:36+00:00\",\"description\":\"Wissen Sie schon, welches Messger\u00e4t Sie ben\u00f6tigen? Mit unserem Product Finder k\u00f6nnen Sie nach den gew\u00fcnschten Parametern filtern.\",\"breadcrumb\":{\"@id\":\"https:\/\/www.accretech.eu\/de\/product-finder\/#breadcrumb\"},\"inLanguage\":\"de\",\"potentialAction\":[{\"@type\":\"ReadAction\",\"target\":[\"https:\/\/www.accretech.eu\/de\/product-finder\/\"]}]},{\"@type\":\"BreadcrumbList\",\"@id\":\"https:\/\/www.accretech.eu\/de\/product-finder\/#breadcrumb\",\"itemListElement\":[{\"@type\":\"ListItem\",\"position\":1,\"name\":\"Startseite\",\"item\":\"https:\/\/www.accretech.eu\/de\/home\/\"},{\"@type\":\"ListItem\",\"position\":2,\"name\":\"Product Finder\"}]},{\"@type\":\"WebSite\",\"@id\":\"https:\/\/www.accretech.eu\/it\/#website\",\"url\":\"https:\/\/www.accretech.eu\/it\/\",\"name\":\"ACCRETECH (Europe)\",\"description\":\"\",\"publisher\":{\"@id\":\"https:\/\/www.accretech.eu\/it\/#organization\"},\"potentialAction\":[{\"@type\":\"SearchAction\",\"target\":{\"@type\":\"EntryPoint\",\"urlTemplate\":\"https:\/\/www.accretech.eu\/it\/?s={search_term_string}\"},\"query-input\":{\"@type\":\"PropertyValueSpecification\",\"valueRequired\":true,\"valueName\":\"search_term_string\"}}],\"inLanguage\":\"de\"},{\"@type\":\"Organization\",\"@id\":\"https:\/\/www.accretech.eu\/it\/#organization\",\"name\":\"ACCRETECH (Europe) GmbH\",\"url\":\"https:\/\/www.accretech.eu\/it\/\",\"logo\":{\"@type\":\"ImageObject\",\"inLanguage\":\"de\",\"@id\":\"https:\/\/www.accretech.eu\/it\/#\/schema\/logo\/image\/\",\"url\":\"https:\/\/www.accretech.eu\/wp-content\/uploads\/2016\/10\/accretech-europe_logo.png\",\"contentUrl\":\"https:\/\/www.accretech.eu\/wp-content\/uploads\/2016\/10\/accretech-europe_logo.png\",\"width\":312,\"height\":42,\"caption\":\"ACCRETECH (Europe) GmbH\"},\"image\":{\"@id\":\"https:\/\/www.accretech.eu\/it\/#\/schema\/logo\/image\/\"}}]}<\/script>\n<!-- \/ Yoast SEO Premium plugin. -->","yoast_head_json":{"title":"So finden Sie das geeignete Messger\u00e4t | ACCRETECH","description":"Wissen Sie schon, welches Messger\u00e4t Sie ben\u00f6tigen? Mit unserem Product Finder k\u00f6nnen Sie nach den gew\u00fcnschten Parametern filtern.","robots":{"index":"index","follow":"follow","max-snippet":"max-snippet:-1","max-image-preview":"max-image-preview:large","max-video-preview":"max-video-preview:-1"},"canonical":"https:\/\/www.accretech.eu\/de\/product-finder\/","og_locale":"de_DE","og_type":"article","og_title":"Product Finder","og_description":"Wissen Sie schon, welches Messger\u00e4t Sie ben\u00f6tigen? Mit unserem Product Finder k\u00f6nnen Sie nach den gew\u00fcnschten Parametern filtern.","og_url":"https:\/\/www.accretech.eu\/de\/product-finder\/","og_site_name":"ACCRETECH (Europe)","article_modified_time":"2026-02-26T09:12:36+00:00","twitter_card":"summary_large_image","schema":{"@context":"https:\/\/schema.org","@graph":[{"@type":"WebPage","@id":"https:\/\/www.accretech.eu\/de\/product-finder\/","url":"https:\/\/www.accretech.eu\/de\/product-finder\/","name":"So finden Sie das geeignete Messger\u00e4t | ACCRETECH","isPartOf":{"@id":"https:\/\/www.accretech.eu\/it\/#website"},"datePublished":"2020-06-02T13:54:17+00:00","dateModified":"2026-02-26T09:12:36+00:00","description":"Wissen Sie schon, welches Messger\u00e4t Sie ben\u00f6tigen? Mit unserem Product Finder k\u00f6nnen Sie nach den gew\u00fcnschten Parametern filtern.","breadcrumb":{"@id":"https:\/\/www.accretech.eu\/de\/product-finder\/#breadcrumb"},"inLanguage":"de","potentialAction":[{"@type":"ReadAction","target":["https:\/\/www.accretech.eu\/de\/product-finder\/"]}]},{"@type":"BreadcrumbList","@id":"https:\/\/www.accretech.eu\/de\/product-finder\/#breadcrumb","itemListElement":[{"@type":"ListItem","position":1,"name":"Startseite","item":"https:\/\/www.accretech.eu\/de\/home\/"},{"@type":"ListItem","position":2,"name":"Product Finder"}]},{"@type":"WebSite","@id":"https:\/\/www.accretech.eu\/it\/#website","url":"https:\/\/www.accretech.eu\/it\/","name":"ACCRETECH (Europe)","description":"","publisher":{"@id":"https:\/\/www.accretech.eu\/it\/#organization"},"potentialAction":[{"@type":"SearchAction","target":{"@type":"EntryPoint","urlTemplate":"https:\/\/www.accretech.eu\/it\/?s={search_term_string}"},"query-input":{"@type":"PropertyValueSpecification","valueRequired":true,"valueName":"search_term_string"}}],"inLanguage":"de"},{"@type":"Organization","@id":"https:\/\/www.accretech.eu\/it\/#organization","name":"ACCRETECH (Europe) GmbH","url":"https:\/\/www.accretech.eu\/it\/","logo":{"@type":"ImageObject","inLanguage":"de","@id":"https:\/\/www.accretech.eu\/it\/#\/schema\/logo\/image\/","url":"https:\/\/www.accretech.eu\/wp-content\/uploads\/2016\/10\/accretech-europe_logo.png","contentUrl":"https:\/\/www.accretech.eu\/wp-content\/uploads\/2016\/10\/accretech-europe_logo.png","width":312,"height":42,"caption":"ACCRETECH (Europe) GmbH"},"image":{"@id":"https:\/\/www.accretech.eu\/it\/#\/schema\/logo\/image\/"}}]}},"_links":{"self":[{"href":"https:\/\/www.accretech.eu\/de\/wp-json\/wp\/v2\/pages\/41733","targetHints":{"allow":["GET"]}}],"collection":[{"href":"https:\/\/www.accretech.eu\/de\/wp-json\/wp\/v2\/pages"}],"about":[{"href":"https:\/\/www.accretech.eu\/de\/wp-json\/wp\/v2\/types\/page"}],"author":[{"embeddable":true,"href":"https:\/\/www.accretech.eu\/de\/wp-json\/wp\/v2\/users\/1"}],"replies":[{"embeddable":true,"href":"https:\/\/www.accretech.eu\/de\/wp-json\/wp\/v2\/comments?post=41733"}],"version-history":[{"count":2,"href":"https:\/\/www.accretech.eu\/de\/wp-json\/wp\/v2\/pages\/41733\/revisions"}],"predecessor-version":[{"id":78082,"href":"https:\/\/www.accretech.eu\/de\/wp-json\/wp\/v2\/pages\/41733\/revisions\/78082"}],"wp:attachment":[{"href":"https:\/\/www.accretech.eu\/de\/wp-json\/wp\/v2\/media?parent=41733"}],"wp:term":[{"taxonomy":"filter_category","embeddable":true,"href":"https:\/\/www.accretech.eu\/de\/wp-json\/wp\/v2\/filter_category?post=41733"},{"taxonomy":"filter_measurements","embeddable":true,"href":"https:\/\/www.accretech.eu\/de\/wp-json\/wp\/v2\/filter_measurements?post=41733"}],"curies":[{"name":"wp","href":"https:\/\/api.w.org\/{rel}","templated":true}]}}