{"id":76221,"date":"2025-09-09T16:34:13","date_gmt":"2025-09-09T14:34:13","guid":{"rendered":"https:\/\/www.accretech.eu\/?page_id=76221"},"modified":"2025-09-10T09:59:20","modified_gmt":"2025-09-10T07:59:20","slug":"mobile-messgeraete","status":"publish","type":"page","link":"https:\/\/www.accretech.eu\/de\/mobile-messgeraete\/","title":{"rendered":"Mobile Messger\u00e4te"},"content":{"rendered":"<\/div><\/div><\/div><!-- close content main div --><\/div><\/div><div id='standard-grid'  class='av-layout-grid-container av-8h8gnm-493c8205fb0927fed9d1681a5412c74c entry-content-wrapper main_color av-flex-cells  container_wrap fullsize'  >\n\n<style type=\"text\/css\" data-created_by=\"avia_inline_auto\" id=\"style-css-av-8apjv6-5284c785a8658eaf129a4431cf52e61e\">\n.flex_cell.av-8apjv6-5284c785a8658eaf129a4431cf52e61e{\nvertical-align:top;\n}\n.responsive #top #wrap_all .flex_cell.av-8apjv6-5284c785a8658eaf129a4431cf52e61e{\npadding:0px 20px 0px 0px !important;\n}\n<\/style>\n<div class='flex_cell av-8apjv6-5284c785a8658eaf129a4431cf52e61e av-gridrow-cell av_two_third no_margin' ><div class='flex_cell_inner'><p>\n<style type=\"text\/css\" data-created_by=\"avia_inline_auto\" id=\"style-css-av-88q5ne-045b130529c756d69f4455f513077142\">\n.flex_column.av-88q5ne-045b130529c756d69f4455f513077142{\n-webkit-border-radius:0px 0px 0px 0px;\n-moz-border-radius:0px 0px 0px 0px;\nborder-radius:0px 0px 0px 0px;\npadding:0px 0px 0px 0px;\n}\n<\/style>\n<div class='flex_column av-88q5ne-045b130529c756d69f4455f513077142 av_one_full first no_margin flex_column_div av-zero-column-padding '     ><br \/>\n<section  class='av_textblock_section av-7u5npe-bdd2e8e67d99143017a77efaf5784ab6'  itemscope=\"itemscope\" itemtype=\"https:\/\/schema.org\/CreativeWork\" ><div class='avia_textblock'  itemprop=\"text\" ><h1>Accretechs tragbare Oberfl\u00e4chen- und Formmessger\u00e4te \u2013 f\u00fcr schnelle, produktionsbegleitende Messungen<\/h1>\n<\/div><\/section><\/p><\/div>\n<style type=\"text\/css\" data-created_by=\"avia_inline_auto\" id=\"style-css-av-7r01fe-ede05ef1e9694965a733c93aecbfc39a\">\n#top .flex_column.av-7r01fe-ede05ef1e9694965a733c93aecbfc39a{\nmargin-top:0px;\nmargin-bottom:10px;\n}\n.flex_column.av-7r01fe-ede05ef1e9694965a733c93aecbfc39a{\n-webkit-border-radius:0px 0px 0px 0px;\n-moz-border-radius:0px 0px 0px 0px;\nborder-radius:0px 0px 0px 0px;\npadding:0px 0px 0px 0px;\n}\n.responsive #top #wrap_all .flex_column.av-7r01fe-ede05ef1e9694965a733c93aecbfc39a{\nmargin-top:0px;\nmargin-bottom:10px;\n}\n<\/style>\n<div class='flex_column av-7r01fe-ede05ef1e9694965a733c93aecbfc39a av_one_full  omg-with-list first no_margin flex_column_div av-zero-column-padding '     ><section  class='av_textblock_section av-7i17ii-f03fc768ed59da56d01d36ffd9d75c19'  itemscope=\"itemscope\" itemtype=\"https:\/\/schema.org\/CreativeWork\" ><div class='avia_textblock'  itemprop=\"text\" ><p>M\u00fcssen die Oberfl\u00e4chenparameter eines Werkst\u00fccks in der Produktion schnell und pr\u00e4zise gemessen werden?<br \/>\nDann bieten die mobilen Oberfl\u00e4chen- und Formmessger\u00e4te von Accretech die perfekte L\u00f6sung f\u00fcr produktionsbegleitende Messungen.<\/p>\n<p>Mit diesen Ger\u00e4ten k\u00f6nnen Ihre Mitarbeiter nicht nur im Feinmessraum messen, sondern auch direkt bei der Wareneingangspr\u00fcfung, der Endkontrolle oder \u2013 ganz nach Bedarf \u2013 direkt in der Fertigung. Das Prinzip: Das Messger\u00e4t kommt zum Werkst\u00fcck.<\/p>\n<p>Besonders hervorzuheben ist die intuitive Bedienbarkeit unserer Ger\u00e4te, die eine einfache Handhabung auch in anspruchsvollen Produktionsumfeldern erm\u00f6glicht.<\/p>\n<\/div><\/section><\/div><\/p>\n<\/div><\/div>\n<style type=\"text\/css\" data-created_by=\"avia_inline_auto\" id=\"style-css-av-7eys7e-0788a9010ac7c2b493c20c3c9ff399e9\">\n.flex_cell.av-7eys7e-0788a9010ac7c2b493c20c3c9ff399e9{\nvertical-align:top;\n}\n.responsive #top #wrap_all .flex_cell.av-7eys7e-0788a9010ac7c2b493c20c3c9ff399e9{\npadding:15px 0px 0px 0px !important;\n}\n<\/style>\n<div class='flex_cell av-7eys7e-0788a9010ac7c2b493c20c3c9ff399e9 av-gridrow-cell av_one_third no_margin' ><div class='flex_cell_inner'><\/div><\/div>\n<\/div>\n<\/div><\/div><\/div><!-- close content main div --><\/div><\/div><div id='standard-grid'  class='av-layout-grid-container av-8h8gnm-16-f140d702f67a1f48b0f959485961408b entry-content-wrapper main_color av-flex-cells  container_wrap fullsize'  >\n\n<style type=\"text\/css\" data-created_by=\"avia_inline_auto\" id=\"style-css-av-8apjv6-15-3aecd09ec0ed3b988b0375a6eea7202e\">\n.flex_cell.av-8apjv6-15-3aecd09ec0ed3b988b0375a6eea7202e{\nvertical-align:top;\n}\n.responsive #top #wrap_all .flex_cell.av-8apjv6-15-3aecd09ec0ed3b988b0375a6eea7202e{\npadding:0px 20px 0px 0px !important;\n}\n<\/style>\n<div class='flex_cell av-8apjv6-15-3aecd09ec0ed3b988b0375a6eea7202e av-gridrow-cell av_two_third no_margin' ><div class='flex_cell_inner'><section  class='av_textblock_section av-jwurv161-30bb0639bac461dca54df5d7972357cb'  itemscope=\"itemscope\" itemtype=\"https:\/\/schema.org\/CreativeWork\" ><div class='avia_textblock omg-before-grid'  itemprop=\"text\" ><h3><strong>Produkt\u00fcbersicht der tragbaren Oberfl\u00e4chen- und Formmessger\u00e4te<\/strong><\/h3>\n<\/div><\/section>\n<\/div><\/div>\n<style type=\"text\/css\" data-created_by=\"avia_inline_auto\" id=\"style-css-av-7eys7e-10-4b3e09cbf4323db28e0b717dd0a67dc9\">\n.flex_cell.av-7eys7e-10-4b3e09cbf4323db28e0b717dd0a67dc9{\nvertical-align:top;\n}\n.responsive #top #wrap_all .flex_cell.av-7eys7e-10-4b3e09cbf4323db28e0b717dd0a67dc9{\npadding:15px 0px 0px 0px !important;\n}\n<\/style>\n<div class='flex_cell av-7eys7e-10-4b3e09cbf4323db28e0b717dd0a67dc9 av-gridrow-cell av_one_third no_margin' ><div class='flex_cell_inner'><\/div><\/div>\n<\/div>\n<div class='flex_column av-1bhazfh-6e9a5081e81b66dc29646f04d1284ccc av_two_third first flex_column_div '     ><section  class='av_textblock_section av-mer7tbet-46a38b8bebb0214346e7af7875053a98'  itemscope=\"itemscope\" itemtype=\"https:\/\/schema.org\/CreativeWork\" ><div class='avia_textblock'  itemprop=\"text\" ><h3>Oberfl\u00e4chen messen<\/h3>\n<\/div><\/section><\/div>\n<div class='flex_column av-nvtpi5-d30d3935e9b70c96058e8dee1514912e av_one_third flex_column_div '     ><section  class='av_textblock_section av-mer7tqpk-65c033b45697235944b7476136188c00'  itemscope=\"itemscope\" itemtype=\"https:\/\/schema.org\/CreativeWork\" ><div class='avia_textblock'  itemprop=\"text\" ><h3>Formen messen<\/h3>\n<\/div><\/section><\/div>\n<div class='flex_column av-68z75p-dd0424923ee8e01a242ee819de06915a av_one_third first flex_column_div '     ><style type=\"text\/css\" data-created_by=\"avia_inline_auto\" id=\"style-css-av-13d5kvx-ac3c5a9d221cb3e0755a998565690c05\">\n.avia-image-container.av-13d5kvx-ac3c5a9d221cb3e0755a998565690c05 img.avia_image{\nbox-shadow:none;\n}\n.avia-image-container.av-13d5kvx-ac3c5a9d221cb3e0755a998565690c05 .av-image-caption-overlay-center{\ncolor:#ffffff;\n}\n<\/style>\n<div  class='avia-image-container av-13d5kvx-ac3c5a9d221cb3e0755a998565690c05 av-styling- avia-align-center'   itemprop=\"image\" itemscope=\"itemscope\" itemtype=\"https:\/\/schema.org\/ImageObject\" ><div class=\"avia-image-container-inner\"><div class=\"avia-image-overlay-wrap\"><img class='avia_image ' src='https:\/\/www.accretech.eu\/wp-content\/uploads\/2025\/08\/Handysurf_Accretech_Overview3-1.jpg' alt='' title='Handysurf_Accretech_Overview3'  height=\"300\" width=\"500\"  itemprop=\"thumbnailUrl\"  \/><\/div><\/div><\/div><\/div>\n<div class='flex_column av-12cbvjq-483088bfad592b322eaa55e58374a67f av_one_third flex_column_div '     ><style type=\"text\/css\" data-created_by=\"avia_inline_auto\" id=\"style-css-av-mejzwng3-80ec063e450001b57503c442e525adbf\">\n.avia-image-container.av-mejzwng3-80ec063e450001b57503c442e525adbf img.avia_image{\nbox-shadow:none;\n}\n.avia-image-container.av-mejzwng3-80ec063e450001b57503c442e525adbf .av-image-caption-overlay-center{\ncolor:#ffffff;\n}\n<\/style>\n<div  class='avia-image-container av-mejzwng3-80ec063e450001b57503c442e525adbf av-styling- avia-align-center'   itemprop=\"image\" itemscope=\"itemscope\" itemtype=\"https:\/\/schema.org\/ImageObject\" ><div class=\"avia-image-container-inner\"><div class=\"avia-image-overlay-wrap\"><img class='avia_image ' src='https:\/\/www.accretech.eu\/wp-content\/uploads\/2025\/08\/Surfcom-Touch_Accretech_Overview3.jpg' alt='' title='Surfcom Touch_Accretech_Overview3'  height=\"300\" width=\"500\"  itemprop=\"thumbnailUrl\"  \/><\/div><\/div><\/div><\/div>\n<div class='flex_column av-mx7b3q-3ea2564b2d90a6ccad33da3aa422da11 av_one_third flex_column_div '     ><style type=\"text\/css\" data-created_by=\"avia_inline_auto\" id=\"style-css-av-mek04fa7-89ce402a9b94efd32cb1c85e1f83c4fa\">\n.avia-image-container.av-mek04fa7-89ce402a9b94efd32cb1c85e1f83c4fa img.avia_image{\nbox-shadow:none;\n}\n.avia-image-container.av-mek04fa7-89ce402a9b94efd32cb1c85e1f83c4fa .av-image-caption-overlay-center{\ncolor:#ffffff;\n}\n<\/style>\n<div  class='avia-image-container av-mek04fa7-89ce402a9b94efd32cb1c85e1f83c4fa av-styling- avia-align-center'   itemprop=\"image\" itemscope=\"itemscope\" itemtype=\"https:\/\/schema.org\/ImageObject\" ><div class=\"avia-image-container-inner\"><div class=\"avia-image-overlay-wrap\"><img class='avia_image ' src='https:\/\/www.accretech.eu\/wp-content\/uploads\/2025\/08\/Rondcom-Touch_Accretech_Overview3.jpg' alt='' title='Rondcom Touch_Accretech_Overview3'  height=\"300\" width=\"500\"  itemprop=\"thumbnailUrl\"  \/><\/div><\/div><\/div><\/div>\n<div class='flex_column_table av-mek0lkog-e263ef997079130bd2d4eaac4f486781 sc-av_one_third av-equal-height-column-flextable'>\n<style type=\"text\/css\" data-created_by=\"avia_inline_auto\" id=\"style-css-av-mek0lkog-e263ef997079130bd2d4eaac4f486781\">\n.flex_column.av-mek0lkog-e263ef997079130bd2d4eaac4f486781{\npadding:20px 0 0 0;\n}\n<\/style>\n<div class='flex_column av-mek0lkog-e263ef997079130bd2d4eaac4f486781 av_one_third first flex_column_table_cell av-equal-height-column av-align-top '     ><section  class='av_textblock_section av-mek0hd3c-1dc807a9ab648f304654f5cc8639659e'  itemscope=\"itemscope\" itemtype=\"https:\/\/schema.org\/CreativeWork\" ><div class='avia_textblock'  itemprop=\"text\" ><h3>Oberfl\u00e4chen messen mit HANDYSURF+ Serie<\/h3>\n<p>Einstiegsmodelle: Oberfl\u00e4chenrauheit einfach messen, auswerten und protokollieren<\/p>\n<p><a style=\"color: #154194; text-decoration: none !important; border-bottom: 1px;\" href=\"https:\/\/www.accretech.eu\/de\/mobile-messgeraete\/handysurf-354045\/\"><strong>Alles \u00fcber HANDYSURF+ Serie erfahren \u2192<\/strong> <\/a><\/p>\n<\/div><\/section><\/div><\/div><!--close column table wrapper. Autoclose: 1 -->\n<div class='flex_column_table av-mek0lnrq-3ee9d39045a360f2ce90f2400201281a sc-av_one_third av-equal-height-column-flextable'><div class='av-flex-placeholder'><\/div>\n<style type=\"text\/css\" data-created_by=\"avia_inline_auto\" id=\"style-css-av-mek0lnrq-3ee9d39045a360f2ce90f2400201281a\">\n.flex_column.av-mek0lnrq-3ee9d39045a360f2ce90f2400201281a{\npadding:20px 0 0 0;\n}\n<\/style>\n<div class='flex_column av-mek0lnrq-3ee9d39045a360f2ce90f2400201281a av_one_third flex_column_table_cell av-equal-height-column av-align-top '     ><section  class='av_textblock_section av-mek0j8ii-3858eae8b23c21c6d608659ed43c57f4'  itemscope=\"itemscope\" itemtype=\"https:\/\/schema.org\/CreativeWork\" ><div class='avia_textblock'  itemprop=\"text\" ><h3>Oberfl\u00e4chen messen mit SURFCOM TOUCH Serie<\/h3>\n<p>High-End Modelle: Oberfl\u00e4chenmessger\u00e4t mit hoher Pr\u00e4zision und gro\u00dfem Messbereich<\/p>\n<p><a style=\"color: #154194; text-decoration: none !important; border-bottom: 1px;\" href=\"https:\/\/www.accretech.eu\/de\/mobile-messgeraete\/surfcom-touch\/\"><strong>Alles \u00fcber SURFCOM TOUCH Serie erfahren \u2192<\/strong> <\/a><\/p>\n<\/div><\/section><\/div><\/div><!--close column table wrapper. Autoclose: 1 -->\n<div class='flex_column_table av-2f7hrx-e046c230792ade4f38644293bb746c88 sc-av_one_third av-equal-height-column-flextable'><div class='av-flex-placeholder'><\/div>\n<style type=\"text\/css\" data-created_by=\"avia_inline_auto\" id=\"style-css-av-2f7hrx-e046c230792ade4f38644293bb746c88\">\n.flex_column.av-2f7hrx-e046c230792ade4f38644293bb746c88{\npadding:20px 0 0 0;\n}\n<\/style>\n<div class='flex_column av-2f7hrx-e046c230792ade4f38644293bb746c88 av_one_third flex_column_table_cell av-equal-height-column av-align-top '     ><section  class='av_textblock_section av-meqyn0zs-099121f0d961a0c111660e02797e0298'  itemscope=\"itemscope\" itemtype=\"https:\/\/schema.org\/CreativeWork\" ><div class='avia_textblock'  itemprop=\"text\" ><h3>Formen messen mit dem RONDCOM TOUCH<\/h3>\n<p>Kompaktes Formmessger\u00e4t mit manueller S\u00e4ule und softwareunterst\u00fctzte Ausrichtung des Werkst\u00fcckes<\/p>\n<p><a style=\"color: #154194; text-decoration: none !important; border-bottom: 1px;\" href=\"https:\/\/www.accretech.eu\/de\/mobile-messgeraete\/rondcom-touch\/\"><strong>Alles \u00fcber RONDCOM TOUCH erfahren \u2192<\/strong> <\/a><\/p>\n<\/div><\/section><\/div><\/div><!--close column table wrapper. Autoclose: 1 -->\n","protected":false},"excerpt":{"rendered":"","protected":false},"author":550,"featured_media":19624,"parent":0,"menu_order":0,"comment_status":"closed","ping_status":"closed","template":"","meta":{"footnotes":""},"filter_category":[],"filter_measurements":[],"class_list":["post-76221","page","type-page","status-publish","has-post-thumbnail","hentry"],"acf":[],"yoast_head":"<!-- This site is optimized with the Yoast SEO Premium plugin v26.1 (Yoast SEO v26.1.1) - https:\/\/yoast.com\/wordpress\/plugins\/seo\/ -->\n<title>Kontur- und Rauheitsmessger\u00e4te | Accretech Europe<\/title>\n<meta name=\"description\" content=\"Dank der tragbaren Oberfl\u00e4chenmessger\u00e4te von Accretech k\u00f6nnen Sie die Oberfl\u00e4chenqualit\u00e4t Ihrer Werkst\u00fccke schnell und unkompliziert bereits w\u00e4hrend der Fertigung \u00fcberpr\u00fcfen.\" \/>\n<meta name=\"robots\" content=\"index, follow, max-snippet:-1, max-image-preview:large, max-video-preview:-1\" \/>\n<link rel=\"canonical\" href=\"https:\/\/www.accretech.eu\/de\/mobile-messgeraete\/\" \/>\n<meta property=\"og:locale\" content=\"de_DE\" \/>\n<meta property=\"og:type\" content=\"article\" \/>\n<meta property=\"og:title\" content=\"Mobile Messger\u00e4te\" \/>\n<meta property=\"og:description\" content=\"Dank der tragbaren Oberfl\u00e4chenmessger\u00e4te von Accretech k\u00f6nnen Sie die Oberfl\u00e4chenqualit\u00e4t Ihrer Werkst\u00fccke schnell und unkompliziert bereits w\u00e4hrend der Fertigung \u00fcberpr\u00fcfen.\" \/>\n<meta property=\"og:url\" content=\"https:\/\/www.accretech.eu\/de\/mobile-messgeraete\/\" \/>\n<meta property=\"og:site_name\" content=\"ACCRETECH (Europe)\" \/>\n<meta property=\"article:modified_time\" content=\"2025-09-10T07:59:20+00:00\" \/>\n<meta property=\"og:image\" content=\"https:\/\/www.accretech.eu\/wp-content\/uploads\/2019\/02\/HANDYSURF_side-viewmotor-blockhand_ACCRETECH_web.jpg\" \/>\n\t<meta property=\"og:image:width\" content=\"1417\" \/>\n\t<meta property=\"og:image:height\" content=\"945\" \/>\n\t<meta property=\"og:image:type\" content=\"image\/jpeg\" \/>\n<meta name=\"twitter:card\" content=\"summary_large_image\" \/>\n<meta name=\"twitter:label1\" content=\"Gesch\u00e4tzte Lesezeit\" \/>\n\t<meta name=\"twitter:data1\" content=\"2\u00a0Minuten\" \/>\n<script type=\"application\/ld+json\" class=\"yoast-schema-graph\">{\"@context\":\"https:\/\/schema.org\",\"@graph\":[{\"@type\":\"WebPage\",\"@id\":\"https:\/\/www.accretech.eu\/de\/mobile-messgeraete\/\",\"url\":\"https:\/\/www.accretech.eu\/de\/mobile-messgeraete\/\",\"name\":\"Kontur- und Rauheitsmessger\u00e4te | Accretech Europe\",\"isPartOf\":{\"@id\":\"https:\/\/www.accretech.eu\/it\/#website\"},\"primaryImageOfPage\":{\"@id\":\"https:\/\/www.accretech.eu\/de\/mobile-messgeraete\/#primaryimage\"},\"image\":{\"@id\":\"https:\/\/www.accretech.eu\/de\/mobile-messgeraete\/#primaryimage\"},\"thumbnailUrl\":\"https:\/\/www.accretech.eu\/wp-content\/uploads\/2019\/02\/HANDYSURF_side-viewmotor-blockhand_ACCRETECH_web.jpg\",\"datePublished\":\"2025-09-09T14:34:13+00:00\",\"dateModified\":\"2025-09-10T07:59:20+00:00\",\"description\":\"Dank der tragbaren Oberfl\u00e4chenmessger\u00e4te von Accretech k\u00f6nnen Sie die Oberfl\u00e4chenqualit\u00e4t Ihrer Werkst\u00fccke schnell und unkompliziert bereits w\u00e4hrend der Fertigung \u00fcberpr\u00fcfen.\",\"breadcrumb\":{\"@id\":\"https:\/\/www.accretech.eu\/de\/mobile-messgeraete\/#breadcrumb\"},\"inLanguage\":\"de\",\"potentialAction\":[{\"@type\":\"ReadAction\",\"target\":[\"https:\/\/www.accretech.eu\/de\/mobile-messgeraete\/\"]}]},{\"@type\":\"ImageObject\",\"inLanguage\":\"de\",\"@id\":\"https:\/\/www.accretech.eu\/de\/mobile-messgeraete\/#primaryimage\",\"url\":\"https:\/\/www.accretech.eu\/wp-content\/uploads\/2019\/02\/HANDYSURF_side-viewmotor-blockhand_ACCRETECH_web.jpg\",\"contentUrl\":\"https:\/\/www.accretech.eu\/wp-content\/uploads\/2019\/02\/HANDYSURF_side-viewmotor-blockhand_ACCRETECH_web.jpg\",\"width\":1417,\"height\":945,\"caption\":\"HANDYSURF+, mobiles Oberfl\u00e4chenmessger\u00e4t von ACCRETECH, Anwendungsfall Motorblock\"},{\"@type\":\"BreadcrumbList\",\"@id\":\"https:\/\/www.accretech.eu\/de\/mobile-messgeraete\/#breadcrumb\",\"itemListElement\":[{\"@type\":\"ListItem\",\"position\":1,\"name\":\"Startseite\",\"item\":\"https:\/\/www.accretech.eu\/de\/home\/\"},{\"@type\":\"ListItem\",\"position\":2,\"name\":\"Mobile Messger\u00e4te\"}]},{\"@type\":\"WebSite\",\"@id\":\"https:\/\/www.accretech.eu\/it\/#website\",\"url\":\"https:\/\/www.accretech.eu\/it\/\",\"name\":\"ACCRETECH (Europe)\",\"description\":\"\",\"publisher\":{\"@id\":\"https:\/\/www.accretech.eu\/it\/#organization\"},\"potentialAction\":[{\"@type\":\"SearchAction\",\"target\":{\"@type\":\"EntryPoint\",\"urlTemplate\":\"https:\/\/www.accretech.eu\/it\/?s={search_term_string}\"},\"query-input\":{\"@type\":\"PropertyValueSpecification\",\"valueRequired\":true,\"valueName\":\"search_term_string\"}}],\"inLanguage\":\"de\"},{\"@type\":\"Organization\",\"@id\":\"https:\/\/www.accretech.eu\/it\/#organization\",\"name\":\"ACCRETECH (Europe) GmbH\",\"url\":\"https:\/\/www.accretech.eu\/it\/\",\"logo\":{\"@type\":\"ImageObject\",\"inLanguage\":\"de\",\"@id\":\"https:\/\/www.accretech.eu\/it\/#\/schema\/logo\/image\/\",\"url\":\"https:\/\/www.accretech.eu\/wp-content\/uploads\/2016\/10\/accretech-europe_logo.png\",\"contentUrl\":\"https:\/\/www.accretech.eu\/wp-content\/uploads\/2016\/10\/accretech-europe_logo.png\",\"width\":312,\"height\":42,\"caption\":\"ACCRETECH (Europe) GmbH\"},\"image\":{\"@id\":\"https:\/\/www.accretech.eu\/it\/#\/schema\/logo\/image\/\"}}]}<\/script>\n<!-- \/ Yoast SEO Premium plugin. -->","yoast_head_json":{"title":"Kontur- und Rauheitsmessger\u00e4te | Accretech Europe","description":"Dank der tragbaren Oberfl\u00e4chenmessger\u00e4te von Accretech k\u00f6nnen Sie die Oberfl\u00e4chenqualit\u00e4t Ihrer Werkst\u00fccke schnell und unkompliziert bereits w\u00e4hrend der Fertigung \u00fcberpr\u00fcfen.","robots":{"index":"index","follow":"follow","max-snippet":"max-snippet:-1","max-image-preview":"max-image-preview:large","max-video-preview":"max-video-preview:-1"},"canonical":"https:\/\/www.accretech.eu\/de\/mobile-messgeraete\/","og_locale":"de_DE","og_type":"article","og_title":"Mobile Messger\u00e4te","og_description":"Dank der tragbaren Oberfl\u00e4chenmessger\u00e4te von Accretech k\u00f6nnen Sie die Oberfl\u00e4chenqualit\u00e4t Ihrer Werkst\u00fccke schnell und unkompliziert bereits w\u00e4hrend der Fertigung \u00fcberpr\u00fcfen.","og_url":"https:\/\/www.accretech.eu\/de\/mobile-messgeraete\/","og_site_name":"ACCRETECH (Europe)","article_modified_time":"2025-09-10T07:59:20+00:00","og_image":[{"width":1417,"height":945,"url":"https:\/\/www.accretech.eu\/wp-content\/uploads\/2019\/02\/HANDYSURF_side-viewmotor-blockhand_ACCRETECH_web.jpg","type":"image\/jpeg"}],"twitter_card":"summary_large_image","twitter_misc":{"Gesch\u00e4tzte Lesezeit":"2\u00a0Minuten"},"schema":{"@context":"https:\/\/schema.org","@graph":[{"@type":"WebPage","@id":"https:\/\/www.accretech.eu\/de\/mobile-messgeraete\/","url":"https:\/\/www.accretech.eu\/de\/mobile-messgeraete\/","name":"Kontur- und Rauheitsmessger\u00e4te | Accretech Europe","isPartOf":{"@id":"https:\/\/www.accretech.eu\/it\/#website"},"primaryImageOfPage":{"@id":"https:\/\/www.accretech.eu\/de\/mobile-messgeraete\/#primaryimage"},"image":{"@id":"https:\/\/www.accretech.eu\/de\/mobile-messgeraete\/#primaryimage"},"thumbnailUrl":"https:\/\/www.accretech.eu\/wp-content\/uploads\/2019\/02\/HANDYSURF_side-viewmotor-blockhand_ACCRETECH_web.jpg","datePublished":"2025-09-09T14:34:13+00:00","dateModified":"2025-09-10T07:59:20+00:00","description":"Dank der tragbaren Oberfl\u00e4chenmessger\u00e4te von Accretech k\u00f6nnen Sie die Oberfl\u00e4chenqualit\u00e4t Ihrer Werkst\u00fccke schnell und unkompliziert bereits w\u00e4hrend der Fertigung \u00fcberpr\u00fcfen.","breadcrumb":{"@id":"https:\/\/www.accretech.eu\/de\/mobile-messgeraete\/#breadcrumb"},"inLanguage":"de","potentialAction":[{"@type":"ReadAction","target":["https:\/\/www.accretech.eu\/de\/mobile-messgeraete\/"]}]},{"@type":"ImageObject","inLanguage":"de","@id":"https:\/\/www.accretech.eu\/de\/mobile-messgeraete\/#primaryimage","url":"https:\/\/www.accretech.eu\/wp-content\/uploads\/2019\/02\/HANDYSURF_side-viewmotor-blockhand_ACCRETECH_web.jpg","contentUrl":"https:\/\/www.accretech.eu\/wp-content\/uploads\/2019\/02\/HANDYSURF_side-viewmotor-blockhand_ACCRETECH_web.jpg","width":1417,"height":945,"caption":"HANDYSURF+, mobiles Oberfl\u00e4chenmessger\u00e4t von ACCRETECH, Anwendungsfall Motorblock"},{"@type":"BreadcrumbList","@id":"https:\/\/www.accretech.eu\/de\/mobile-messgeraete\/#breadcrumb","itemListElement":[{"@type":"ListItem","position":1,"name":"Startseite","item":"https:\/\/www.accretech.eu\/de\/home\/"},{"@type":"ListItem","position":2,"name":"Mobile Messger\u00e4te"}]},{"@type":"WebSite","@id":"https:\/\/www.accretech.eu\/it\/#website","url":"https:\/\/www.accretech.eu\/it\/","name":"ACCRETECH (Europe)","description":"","publisher":{"@id":"https:\/\/www.accretech.eu\/it\/#organization"},"potentialAction":[{"@type":"SearchAction","target":{"@type":"EntryPoint","urlTemplate":"https:\/\/www.accretech.eu\/it\/?s={search_term_string}"},"query-input":{"@type":"PropertyValueSpecification","valueRequired":true,"valueName":"search_term_string"}}],"inLanguage":"de"},{"@type":"Organization","@id":"https:\/\/www.accretech.eu\/it\/#organization","name":"ACCRETECH (Europe) GmbH","url":"https:\/\/www.accretech.eu\/it\/","logo":{"@type":"ImageObject","inLanguage":"de","@id":"https:\/\/www.accretech.eu\/it\/#\/schema\/logo\/image\/","url":"https:\/\/www.accretech.eu\/wp-content\/uploads\/2016\/10\/accretech-europe_logo.png","contentUrl":"https:\/\/www.accretech.eu\/wp-content\/uploads\/2016\/10\/accretech-europe_logo.png","width":312,"height":42,"caption":"ACCRETECH (Europe) GmbH"},"image":{"@id":"https:\/\/www.accretech.eu\/it\/#\/schema\/logo\/image\/"}}]}},"_links":{"self":[{"href":"https:\/\/www.accretech.eu\/de\/wp-json\/wp\/v2\/pages\/76221","targetHints":{"allow":["GET"]}}],"collection":[{"href":"https:\/\/www.accretech.eu\/de\/wp-json\/wp\/v2\/pages"}],"about":[{"href":"https:\/\/www.accretech.eu\/de\/wp-json\/wp\/v2\/types\/page"}],"author":[{"embeddable":true,"href":"https:\/\/www.accretech.eu\/de\/wp-json\/wp\/v2\/users\/550"}],"replies":[{"embeddable":true,"href":"https:\/\/www.accretech.eu\/de\/wp-json\/wp\/v2\/comments?post=76221"}],"version-history":[{"count":3,"href":"https:\/\/www.accretech.eu\/de\/wp-json\/wp\/v2\/pages\/76221\/revisions"}],"predecessor-version":[{"id":76640,"href":"https:\/\/www.accretech.eu\/de\/wp-json\/wp\/v2\/pages\/76221\/revisions\/76640"}],"wp:featuredmedia":[{"embeddable":true,"href":"https:\/\/www.accretech.eu\/de\/wp-json\/wp\/v2\/media\/19624"}],"wp:attachment":[{"href":"https:\/\/www.accretech.eu\/de\/wp-json\/wp\/v2\/media?parent=76221"}],"wp:term":[{"taxonomy":"filter_category","embeddable":true,"href":"https:\/\/www.accretech.eu\/de\/wp-json\/wp\/v2\/filter_category?post=76221"},{"taxonomy":"filter_measurements","embeddable":true,"href":"https:\/\/www.accretech.eu\/de\/wp-json\/wp\/v2\/filter_measurements?post=76221"}],"curies":[{"name":"wp","href":"https:\/\/api.w.org\/{rel}","templated":true}]}}