{"id":46212,"date":"2020-06-09T16:09:24","date_gmt":"2020-06-09T14:09:24","guid":{"rendered":"https:\/\/acc-clone.max2.dev\/?page_id=46212"},"modified":"2020-08-04T15:48:40","modified_gmt":"2020-08-04T13:48:40","slug":"mesure-de-planeite","status":"publish","type":"page","link":"https:\/\/www.accretech.eu\/fr\/mesure-de-formes\/mesure-de-planeite\/","title":{"rendered":"Mesure de plan\u00e9it\u00e9"},"content":{"rendered":"<\/div><\/div><\/div><!-- close content main div --><\/div><\/div><div id='full_slider_1'  class='avia-fullwidth-slider main_color avia-shadow    container_wrap fullsize'  ><div  class='avia-slideshow av-ht5kni-cb87473bb538f4035710860319017a33 avia-slideshow-no scaling av_slideshow_full avia-slide-slider av-slideshow-ui av-control-default av-slideshow-manual av-loop-once av-loop-manual-endless av-default-height-applied   avia-slideshow-1' data-slideshow-options=\"{&quot;animation&quot;:&quot;slide&quot;,&quot;autoplay&quot;:false,&quot;loop_autoplay&quot;:&quot;once&quot;,&quot;interval&quot;:5,&quot;loop_manual&quot;:&quot;manual-endless&quot;,&quot;autoplay_stopper&quot;:false,&quot;noNavigation&quot;:false,&quot;bg_slider&quot;:false,&quot;keep_padding&quot;:false,&quot;hoverpause&quot;:false,&quot;show_slide_delay&quot;:0}\"  itemprop=\"image\" itemscope=\"itemscope\" itemtype=\"https:\/\/schema.org\/ImageObject\" ><ul class='avia-slideshow-inner ' style='padding-bottom: 14.0625%;'><li  class='avia-slideshow-slide av-ht5kni-cb87473bb538f4035710860319017a33__0  av-single-slide slide-1 slide-odd'><div data-rel='slideshow-1' class='avia-slide-wrap '   ><img decoding=\"async\" class=\"wp-image-4350 avia-img-lazy-loading-not-4350\"  src=\"https:\/\/www.accretech.eu\/wp-content\/uploads\/2017\/03\/Accretech-Industrielle-Messtechnik-Header-Landing-3.jpg\" width=\"1280\" height=\"180\" title='Accretech - Industrielle Messtechnik Header Landing (3)' alt=''  itemprop=\"thumbnailUrl\" srcset=\"https:\/\/www.accretech.eu\/wp-content\/uploads\/2017\/03\/Accretech-Industrielle-Messtechnik-Header-Landing-3.jpg 1280w, https:\/\/www.accretech.eu\/wp-content\/uploads\/2017\/03\/Accretech-Industrielle-Messtechnik-Header-Landing-3-300x42.jpg 300w, https:\/\/www.accretech.eu\/wp-content\/uploads\/2017\/03\/Accretech-Industrielle-Messtechnik-Header-Landing-3-768x108.jpg 768w, https:\/\/www.accretech.eu\/wp-content\/uploads\/2017\/03\/Accretech-Industrielle-Messtechnik-Header-Landing-3-1030x145.jpg 1030w, https:\/\/www.accretech.eu\/wp-content\/uploads\/2017\/03\/Accretech-Industrielle-Messtechnik-Header-Landing-3-705x99.jpg 705w, https:\/\/www.accretech.eu\/wp-content\/uploads\/2017\/03\/Accretech-Industrielle-Messtechnik-Header-Landing-3-450x63.jpg 450w\" sizes=\"(max-width: 1280px) 100vw, 1280px\" \/><\/div><\/li><\/ul><\/div><\/div>\n<\/div><\/div><\/div><!-- close content main div --><\/div><\/div><div id='standard-grid'  class='av-layout-grid-container av-hgzzke-bf7d74f54f55282db1cd841c50938f1e entry-content-wrapper main_color av-flex-cells  container_wrap fullsize'  >\n\n<style type=\"text\/css\" data-created_by=\"avia_inline_auto\" id=\"style-css-av-hb7m0u-13311702f6a3b925bda697a0e6d0a7a4\">\n.flex_cell.av-hb7m0u-13311702f6a3b925bda697a0e6d0a7a4{\nvertical-align:top;\n}\n.responsive #top #wrap_all .flex_cell.av-hb7m0u-13311702f6a3b925bda697a0e6d0a7a4{\npadding:0px 20px 0px 0px !important;\n}\n<\/style>\n<div class='flex_cell av-hb7m0u-13311702f6a3b925bda697a0e6d0a7a4 av-gridrow-cell av_two_third no_margin' ><div class='flex_cell_inner'><p>\n<style type=\"text\/css\" data-created_by=\"avia_inline_auto\" id=\"style-css-av-h1x7fy-f26be06440c121548e3b4459cb88b7a4\">\n.flex_column.av-h1x7fy-f26be06440c121548e3b4459cb88b7a4{\n-webkit-border-radius:0px 0px 0px 0px;\n-moz-border-radius:0px 0px 0px 0px;\nborder-radius:0px 0px 0px 0px;\npadding:0px 0px 0px 0px;\n}\n<\/style>\n<div class='flex_column av-h1x7fy-f26be06440c121548e3b4459cb88b7a4 av_one_full first no_margin flex_column_div av-zero-column-padding '     ><br \/>\n<section  class='av_textblock_section av-gsjpr2-b5ceb952bd8107a75a045582fea8d1fb'  itemscope=\"itemscope\" itemtype=\"https:\/\/schema.org\/CreativeWork\" ><div class='avia_textblock'  itemprop=\"text\" ><h1 style=\"font-size: 30px; color: #154194; line-height: 30px; padding-top: 15px;\">Mesure de plan\u00e9it\u00e9 (FLTt)<\/h1>\n<\/div><\/section><\/p><\/div>\n<style type=\"text\/css\" data-created_by=\"avia_inline_auto\" id=\"style-css-av-glf43i-22b287b076d791faab448ef70546aef6\">\n#top .flex_column.av-glf43i-22b287b076d791faab448ef70546aef6{\nmargin-top:0px;\nmargin-bottom:30px;\n}\n.flex_column.av-glf43i-22b287b076d791faab448ef70546aef6{\n-webkit-border-radius:0px 0px 0px 0px;\n-moz-border-radius:0px 0px 0px 0px;\nborder-radius:0px 0px 0px 0px;\npadding:0px 15px 0px 0px;\n}\n.responsive #top #wrap_all .flex_column.av-glf43i-22b287b076d791faab448ef70546aef6{\nmargin-top:0px;\nmargin-bottom:30px;\n}\n<\/style>\n<div class='flex_column av-glf43i-22b287b076d791faab448ef70546aef6 av_one_full first no_margin flex_column_div '     ><section  class='av_textblock_section av-ge3yby-b5c118e733b85078925554c9bad12e5a'  itemscope=\"itemscope\" itemtype=\"https:\/\/schema.org\/CreativeWork\" ><div class='avia_textblock'  itemprop=\"text\" ><p><span style=\"font-family: f45;\">La tol\u00e9rance de forme plan\u00e9it\u00e9 d\u00e9finit l\u2019\u00e9cart entre un plan mesur\u00e9 et un plan g\u00e9om\u00e9trique parfaitement plat, c\u2019est-\u00e0-dire qu\u2019elle d\u00e9finit les valeurs limites de l\u2019\u00e9cart de plan\u00e9it\u00e9. L\u2019\u00e9l\u00e9ment tol\u00e9r\u00e9 est le plan.<\/span><\/p>\n<p><span style=\"font-family: f45;\">La zone de tol\u00e9rance est d\u00e9limit\u00e9e par deux plans parall\u00e8les situ\u00e9s \u00e0 une distance\u00a0t. <\/span><\/p>\n<\/div><\/section><\/div>\n<style type=\"text\/css\" data-created_by=\"avia_inline_auto\" id=\"style-css-av-rba5jf-496d9c4dfd9c5be4e8780ba0db7d6f2e\">\n.flex_column.av-rba5jf-496d9c4dfd9c5be4e8780ba0db7d6f2e{\n-webkit-border-radius:0px 0px 0px 0px;\n-moz-border-radius:0px 0px 0px 0px;\nborder-radius:0px 0px 0px 0px;\npadding:0px 0px 0px 0px;\n}\n<\/style>\n<div class='flex_column av-rba5jf-496d9c4dfd9c5be4e8780ba0db7d6f2e av_two_third first flex_column_div av-zero-column-padding '     ><style type=\"text\/css\" data-created_by=\"avia_inline_auto\" id=\"style-css-av-k7u9m4zy-a465809446ee8c5263ca8eb9dd128afa\">\n.avia-image-container.av-k7u9m4zy-a465809446ee8c5263ca8eb9dd128afa img.avia_image{\nbox-shadow:none;\n}\n.avia-image-container.av-k7u9m4zy-a465809446ee8c5263ca8eb9dd128afa .av-image-caption-overlay-center{\ncolor:#ffffff;\n}\n<\/style>\n<div  class='avia-image-container av-k7u9m4zy-a465809446ee8c5263ca8eb9dd128afa av-styling- avia-align-center'   itemprop=\"image\" itemscope=\"itemscope\" itemtype=\"https:\/\/schema.org\/ImageObject\" ><div class=\"avia-image-container-inner\"><div class=\"avia-image-overlay-wrap\"><img decoding=\"async\" class='wp-image-44970 avia-img-lazy-loading-not-44970 avia_image ' src=\"https:\/\/www.accretech.eu\/wp-content\/uploads\/2020\/07\/Roundness_Planeite_150dpi_fr-1.png\" alt='Dessin technique : Mesure de la plan\u00e9it\u00e9' title='Mesure de la plan\u00e9it\u00e9'  height=\"430\" width=\"751\"  itemprop=\"thumbnailUrl\" srcset=\"https:\/\/www.accretech.eu\/wp-content\/uploads\/2020\/07\/Roundness_Planeite_150dpi_fr-1.png 751w, https:\/\/www.accretech.eu\/wp-content\/uploads\/2020\/07\/Roundness_Planeite_150dpi_fr-1-300x172.png 300w, https:\/\/www.accretech.eu\/wp-content\/uploads\/2020\/07\/Roundness_Planeite_150dpi_fr-1-705x404.png 705w\" sizes=\"(max-width: 751px) 100vw, 751px\" \/><\/div><\/div><\/div><\/div><\/p>\n<\/div><\/div>\n<style type=\"text\/css\" data-created_by=\"avia_inline_auto\" id=\"style-css-av-g83a6e-c11605a0d1875a9c121cb9295a4979f7\">\n.flex_cell.av-g83a6e-c11605a0d1875a9c121cb9295a4979f7{\nvertical-align:top;\n}\n.responsive #top #wrap_all .flex_cell.av-g83a6e-c11605a0d1875a9c121cb9295a4979f7{\npadding:15px 0px 0px 0px !important;\n}\n<\/style>\n<div class='flex_cell av-g83a6e-c11605a0d1875a9c121cb9295a4979f7 av-gridrow-cell av_one_third no_margin' ><div class='flex_cell_inner'><p>\n<style type=\"text\/css\" data-created_by=\"avia_inline_auto\" id=\"style-css-av-g3jpae-552e4136534b988f76af32fef24f3164\">\n#top .flex_column.av-g3jpae-552e4136534b988f76af32fef24f3164{\nmargin-top:0px;\nmargin-bottom:20px;\n}\n.flex_column.av-g3jpae-552e4136534b988f76af32fef24f3164{\n-webkit-border-radius:0px 0px 0px 0px;\n-moz-border-radius:0px 0px 0px 0px;\nborder-radius:0px 0px 0px 0px;\npadding:0px 15px 0px 0px;\nbackground-color:#154194;\n}\n.responsive #top #wrap_all .flex_column.av-g3jpae-552e4136534b988f76af32fef24f3164{\nmargin-top:0px;\nmargin-bottom:20px;\n}\n<\/style>\n<div class='flex_column av-g3jpae-552e4136534b988f76af32fef24f3164 av_one_full first flex_column_div av-hide-on-mobile '     ><div  class='avia-builder-widget-area clearfix '><div id=\"nav_menu-12\" class=\"widget-odd widget-last widget-first widget-1 widget clearfix widget_nav_menu\"><div class=\"menu-anwendungen-industrielle-messtechnik-sub-franzosisch-container\"><ul id=\"menu-anwendungen-industrielle-messtechnik-sub-franzosisch\" class=\"menu\"><li id=\"menu-item-48737\" class=\"menu-item menu-item-type-post_type menu-item-object-page menu-item-48737\"><a href=\"https:\/\/www.accretech.eu\/fr\/?page_id=47770\">Mesure de l\u2019\u00e9tat de surface<\/a><\/li>\n<li id=\"menu-item-47485\" class=\"menu-item menu-item-type-post_type menu-item-object-page menu-item-47485\"><a href=\"https:\/\/www.accretech.eu\/fr\/mesure-de-formes\/mesure-de-rectitude\/\">Mesure de rectitude<\/a><\/li>\n<li id=\"menu-item-47484\" class=\"menu-item menu-item-type-post_type menu-item-object-page menu-item-47484\"><a href=\"https:\/\/www.accretech.eu\/fr\/mesure-de-formes\/mesure-de-planeite\/\">Mesure de plan\u00e9it\u00e9<\/a><\/li>\n<li id=\"menu-item-47483\" class=\"menu-item menu-item-type-post_type menu-item-object-page menu-item-47483\"><a href=\"https:\/\/www.accretech.eu\/fr\/mesure-de-formes\/mesure-de-circularite\/\">Mesure de circularit\u00e9<\/a><\/li>\n<li id=\"menu-item-47482\" class=\"menu-item menu-item-type-post_type menu-item-object-page menu-item-47482\"><a href=\"https:\/\/www.accretech.eu\/fr\/mesure-de-formes\/mesure-de-cylindricite\/\">Mesure de cylindricit\u00e9<\/a><\/li>\n<li id=\"menu-item-47486\" class=\"menu-item menu-item-type-post_type menu-item-object-page menu-item-47486\"><a href=\"https:\/\/www.accretech.eu\/fr\/mesure-de-formes\/mesure-de-parallelisme\/\">Mesure de parall\u00e9lisme<\/a><\/li>\n<li id=\"menu-item-47481\" class=\"menu-item menu-item-type-post_type menu-item-object-page menu-item-47481\"><a href=\"https:\/\/www.accretech.eu\/fr\/mesure-de-formes\/mesure-de-perpendicularite\/\">Mesure de perpendicularit\u00e9<\/a><\/li>\n<li id=\"menu-item-47479\" class=\"menu-item menu-item-type-post_type menu-item-object-page menu-item-47479\"><a href=\"https:\/\/www.accretech.eu\/fr\/mesure-de-formes\/mesure-de-coaxialite\/\">Mesure de coaxialit\u00e9<\/a><\/li>\n<li id=\"menu-item-47480\" class=\"menu-item menu-item-type-post_type menu-item-object-page menu-item-47480\"><a href=\"https:\/\/www.accretech.eu\/fr\/mesure-de-formes\/mesure-de-concentricite\/\">Mesure de concentricit\u00e9<\/a><\/li>\n<\/ul><\/div><\/div><\/div><\/div><div class='flex_column_table av-kbj3n41l-e6d16049e023dcb207802d34d370333d sc-av_one_full av-equal-height-column-flextable'>\n<style type=\"text\/css\" data-created_by=\"avia_inline_auto\" id=\"style-css-av-kbj3n41l-e6d16049e023dcb207802d34d370333d\">\n.flex_column.av-kbj3n41l-e6d16049e023dcb207802d34d370333d{\n-webkit-border-radius:0px 0px 0px 0px;\n-moz-border-radius:0px 0px 0px 0px;\nborder-radius:0px 0px 0px 0px;\npadding:0px 0px 0px 0px;\nbackground:url(https:\/\/www.accretech.eu\/wp-content\/uploads\/2020\/02\/ACCRETECH_Formmessgeraete_Matrix-300x186.jpg) 50% 50% no-repeat scroll #ebebeb;\n}\n<\/style>\n<div class='flex_column av-kbj3n41l-e6d16049e023dcb207802d34d370333d av_one_full first flex_column_table_cell av-equal-height-column av-align-top av-zero-column-padding avia-link-column av-column-link '    data-link-column-url=\"https:\/\/www.accretech.eu\/de\/product-finder\/\"   ><a class=\"av-screen-reader-only\" href=https:\/\/www.accretech.eu\/de\/product-finder\/ >Lier vers : Product Finder<\/a><p>\n<style type=\"text\/css\" data-created_by=\"avia_inline_auto\" id=\"style-css-av-jwzf1y2q-8b9489a8b2d39734508cd6794ed042cb\">\n#top .hr.hr-invisible.av-jwzf1y2q-8b9489a8b2d39734508cd6794ed042cb{\nheight:150px;\n}\n<\/style>\n<div  class='hr av-jwzf1y2q-8b9489a8b2d39734508cd6794ed042cb hr-invisible'><span class='hr-inner '><span class=\"hr-inner-style\"><\/span><\/span><\/div><br \/>\n<section  class='av_textblock_section av-h96fm-4709f72178eef738c2be0019609ef47f'  itemscope=\"itemscope\" itemtype=\"https:\/\/schema.org\/CreativeWork\" ><div class='avia_textblock popup-matrix-thumb-text'  itemprop=\"text\" ><p style=\"font-family: frutiger; font-size: 20px; color: #154194; margin: 0px;\">Trouver un appareil de mesure appropri\u00e9<\/p>\n<\/div><\/section><\/p><\/div><\/div><!--close column table wrapper. Autoclose: 1 --><\/p>\n<\/div><\/div><\/div><\/div><\/div><\/div><!-- close content main div --><\/div><\/div><div id='standard-grid'  class='av-layout-grid-container av-hgzzke-bf7d74f54f55282db1cd841c50938f1e entry-content-wrapper main_color av-flex-cells  container_wrap fullsize'  >\n\n<style type=\"text\/css\" data-created_by=\"avia_inline_auto\" id=\"style-css-av-hb7m0u-2ee289d4353a8cd44ea885ff125a1a9c\">\n.flex_cell.av-hb7m0u-2ee289d4353a8cd44ea885ff125a1a9c{\nvertical-align:top;\n}\n.responsive #top #wrap_all .flex_cell.av-hb7m0u-2ee289d4353a8cd44ea885ff125a1a9c{\npadding:20px 20px 0px 0px !important;\n}\n<\/style>\n<div class='flex_cell av-hb7m0u-2ee289d4353a8cd44ea885ff125a1a9c av-gridrow-cell av_one_full no_margin' ><div class='flex_cell_inner'><\/div><\/div>\n<\/div>\n","protected":false},"excerpt":{"rendered":"","protected":false},"author":550,"featured_media":0,"parent":46210,"menu_order":0,"comment_status":"closed","ping_status":"closed","template":"","meta":{"footnotes":""},"filter_category":[],"filter_measurements":[],"class_list":["post-46212","page","type-page","status-publish","hentry"],"acf":[],"yoast_head":"<!-- This site is optimized with the Yoast SEO Premium plugin v26.1 (Yoast SEO v26.1.1) - https:\/\/yoast.com\/wordpress\/plugins\/seo\/ -->\n<title>Mesure de plan\u00e9it\u00e9 - ACCRETECH (Europe)<\/title>\n<meta name=\"robots\" content=\"index, follow, max-snippet:-1, max-image-preview:large, max-video-preview:-1\" \/>\n<link rel=\"canonical\" href=\"https:\/\/www.accretech.eu\/fr\/mesure-de-formes\/mesure-de-planeite\/\" \/>\n<meta property=\"og:locale\" content=\"fr_FR\" \/>\n<meta property=\"og:type\" content=\"article\" \/>\n<meta property=\"og:title\" content=\"Mesure de plan\u00e9it\u00e9\" \/>\n<meta property=\"og:url\" content=\"https:\/\/www.accretech.eu\/fr\/mesure-de-formes\/mesure-de-planeite\/\" \/>\n<meta property=\"og:site_name\" content=\"ACCRETECH (Europe)\" \/>\n<meta property=\"article:modified_time\" content=\"2020-08-04T13:48:40+00:00\" \/>\n<meta name=\"twitter:card\" content=\"summary_large_image\" \/>\n<meta name=\"twitter:label1\" content=\"Dur\u00e9e de lecture estim\u00e9e\" \/>\n\t<meta name=\"twitter:data1\" content=\"6 minutes\" \/>\n<script type=\"application\/ld+json\" class=\"yoast-schema-graph\">{\"@context\":\"https:\/\/schema.org\",\"@graph\":[{\"@type\":\"WebPage\",\"@id\":\"https:\/\/www.accretech.eu\/fr\/mesure-de-formes\/mesure-de-planeite\/\",\"url\":\"https:\/\/www.accretech.eu\/fr\/mesure-de-formes\/mesure-de-planeite\/\",\"name\":\"Mesure de plan\u00e9it\u00e9 - ACCRETECH (Europe)\",\"isPartOf\":{\"@id\":\"https:\/\/www.accretech.eu\/it\/#website\"},\"datePublished\":\"2020-06-09T14:09:24+00:00\",\"dateModified\":\"2020-08-04T13:48:40+00:00\",\"breadcrumb\":{\"@id\":\"https:\/\/www.accretech.eu\/fr\/mesure-de-formes\/mesure-de-planeite\/#breadcrumb\"},\"inLanguage\":\"fr-FR\",\"potentialAction\":[{\"@type\":\"ReadAction\",\"target\":[\"https:\/\/www.accretech.eu\/fr\/mesure-de-formes\/mesure-de-planeite\/\"]}]},{\"@type\":\"BreadcrumbList\",\"@id\":\"https:\/\/www.accretech.eu\/fr\/mesure-de-formes\/mesure-de-planeite\/#breadcrumb\",\"itemListElement\":[{\"@type\":\"ListItem\",\"position\":1,\"name\":\"Startseite\",\"item\":\"https:\/\/www.accretech.eu\/fr\/home-2\/\"},{\"@type\":\"ListItem\",\"position\":2,\"name\":\"Mesure de formes\",\"item\":\"https:\/\/www.accretech.eu\/fr\/?page_id=46210\"},{\"@type\":\"ListItem\",\"position\":3,\"name\":\"Mesure de plan\u00e9it\u00e9\"}]},{\"@type\":\"WebSite\",\"@id\":\"https:\/\/www.accretech.eu\/it\/#website\",\"url\":\"https:\/\/www.accretech.eu\/it\/\",\"name\":\"ACCRETECH (Europe)\",\"description\":\"\",\"publisher\":{\"@id\":\"https:\/\/www.accretech.eu\/it\/#organization\"},\"potentialAction\":[{\"@type\":\"SearchAction\",\"target\":{\"@type\":\"EntryPoint\",\"urlTemplate\":\"https:\/\/www.accretech.eu\/it\/?s={search_term_string}\"},\"query-input\":{\"@type\":\"PropertyValueSpecification\",\"valueRequired\":true,\"valueName\":\"search_term_string\"}}],\"inLanguage\":\"fr-FR\"},{\"@type\":\"Organization\",\"@id\":\"https:\/\/www.accretech.eu\/it\/#organization\",\"name\":\"ACCRETECH (Europe) GmbH\",\"url\":\"https:\/\/www.accretech.eu\/it\/\",\"logo\":{\"@type\":\"ImageObject\",\"inLanguage\":\"fr-FR\",\"@id\":\"https:\/\/www.accretech.eu\/it\/#\/schema\/logo\/image\/\",\"url\":\"https:\/\/www.accretech.eu\/wp-content\/uploads\/2016\/10\/accretech-europe_logo.png\",\"contentUrl\":\"https:\/\/www.accretech.eu\/wp-content\/uploads\/2016\/10\/accretech-europe_logo.png\",\"width\":312,\"height\":42,\"caption\":\"ACCRETECH (Europe) GmbH\"},\"image\":{\"@id\":\"https:\/\/www.accretech.eu\/it\/#\/schema\/logo\/image\/\"}}]}<\/script>\n<!-- \/ Yoast SEO Premium plugin. -->","yoast_head_json":{"title":"Mesure de plan\u00e9it\u00e9 - ACCRETECH (Europe)","robots":{"index":"index","follow":"follow","max-snippet":"max-snippet:-1","max-image-preview":"max-image-preview:large","max-video-preview":"max-video-preview:-1"},"canonical":"https:\/\/www.accretech.eu\/fr\/mesure-de-formes\/mesure-de-planeite\/","og_locale":"fr_FR","og_type":"article","og_title":"Mesure de plan\u00e9it\u00e9","og_url":"https:\/\/www.accretech.eu\/fr\/mesure-de-formes\/mesure-de-planeite\/","og_site_name":"ACCRETECH (Europe)","article_modified_time":"2020-08-04T13:48:40+00:00","twitter_card":"summary_large_image","twitter_misc":{"Dur\u00e9e de lecture estim\u00e9e":"6 minutes"},"schema":{"@context":"https:\/\/schema.org","@graph":[{"@type":"WebPage","@id":"https:\/\/www.accretech.eu\/fr\/mesure-de-formes\/mesure-de-planeite\/","url":"https:\/\/www.accretech.eu\/fr\/mesure-de-formes\/mesure-de-planeite\/","name":"Mesure de plan\u00e9it\u00e9 - ACCRETECH (Europe)","isPartOf":{"@id":"https:\/\/www.accretech.eu\/it\/#website"},"datePublished":"2020-06-09T14:09:24+00:00","dateModified":"2020-08-04T13:48:40+00:00","breadcrumb":{"@id":"https:\/\/www.accretech.eu\/fr\/mesure-de-formes\/mesure-de-planeite\/#breadcrumb"},"inLanguage":"fr-FR","potentialAction":[{"@type":"ReadAction","target":["https:\/\/www.accretech.eu\/fr\/mesure-de-formes\/mesure-de-planeite\/"]}]},{"@type":"BreadcrumbList","@id":"https:\/\/www.accretech.eu\/fr\/mesure-de-formes\/mesure-de-planeite\/#breadcrumb","itemListElement":[{"@type":"ListItem","position":1,"name":"Startseite","item":"https:\/\/www.accretech.eu\/fr\/home-2\/"},{"@type":"ListItem","position":2,"name":"Mesure de formes","item":"https:\/\/www.accretech.eu\/fr\/?page_id=46210"},{"@type":"ListItem","position":3,"name":"Mesure de plan\u00e9it\u00e9"}]},{"@type":"WebSite","@id":"https:\/\/www.accretech.eu\/it\/#website","url":"https:\/\/www.accretech.eu\/it\/","name":"ACCRETECH (Europe)","description":"","publisher":{"@id":"https:\/\/www.accretech.eu\/it\/#organization"},"potentialAction":[{"@type":"SearchAction","target":{"@type":"EntryPoint","urlTemplate":"https:\/\/www.accretech.eu\/it\/?s={search_term_string}"},"query-input":{"@type":"PropertyValueSpecification","valueRequired":true,"valueName":"search_term_string"}}],"inLanguage":"fr-FR"},{"@type":"Organization","@id":"https:\/\/www.accretech.eu\/it\/#organization","name":"ACCRETECH (Europe) GmbH","url":"https:\/\/www.accretech.eu\/it\/","logo":{"@type":"ImageObject","inLanguage":"fr-FR","@id":"https:\/\/www.accretech.eu\/it\/#\/schema\/logo\/image\/","url":"https:\/\/www.accretech.eu\/wp-content\/uploads\/2016\/10\/accretech-europe_logo.png","contentUrl":"https:\/\/www.accretech.eu\/wp-content\/uploads\/2016\/10\/accretech-europe_logo.png","width":312,"height":42,"caption":"ACCRETECH (Europe) GmbH"},"image":{"@id":"https:\/\/www.accretech.eu\/it\/#\/schema\/logo\/image\/"}}]}},"_links":{"self":[{"href":"https:\/\/www.accretech.eu\/fr\/wp-json\/wp\/v2\/pages\/46212","targetHints":{"allow":["GET"]}}],"collection":[{"href":"https:\/\/www.accretech.eu\/fr\/wp-json\/wp\/v2\/pages"}],"about":[{"href":"https:\/\/www.accretech.eu\/fr\/wp-json\/wp\/v2\/types\/page"}],"author":[{"embeddable":true,"href":"https:\/\/www.accretech.eu\/fr\/wp-json\/wp\/v2\/users\/550"}],"replies":[{"embeddable":true,"href":"https:\/\/www.accretech.eu\/fr\/wp-json\/wp\/v2\/comments?post=46212"}],"version-history":[{"count":0,"href":"https:\/\/www.accretech.eu\/fr\/wp-json\/wp\/v2\/pages\/46212\/revisions"}],"up":[{"embeddable":true,"href":"https:\/\/www.accretech.eu\/fr\/wp-json\/wp\/v2\/pages\/46210"}],"wp:attachment":[{"href":"https:\/\/www.accretech.eu\/fr\/wp-json\/wp\/v2\/media?parent=46212"}],"wp:term":[{"taxonomy":"filter_category","embeddable":true,"href":"https:\/\/www.accretech.eu\/fr\/wp-json\/wp\/v2\/filter_category?post=46212"},{"taxonomy":"filter_measurements","embeddable":true,"href":"https:\/\/www.accretech.eu\/fr\/wp-json\/wp\/v2\/filter_measurements?post=46212"}],"curies":[{"name":"wp","href":"https:\/\/api.w.org\/{rel}","templated":true}]}}