{"id":60856,"date":"2021-05-17T09:12:02","date_gmt":"2021-05-17T07:12:02","guid":{"rendered":"https:\/\/www.accretech.eu\/?page_id=60856"},"modified":"2022-03-02T15:02:09","modified_gmt":"2022-03-02T14:02:09","slug":"tours","status":"publish","type":"page","link":"https:\/\/www.accretech.eu\/fr\/tours\/","title":{"rendered":"Tours"},"content":{"rendered":"<\/div><\/div><\/div><!-- close content main div --><\/div><\/div><div id='layer_slider_1'  class='avia-layerslider main_color avia-shadow  container_wrap fullsize'  style='height: 336px; max-width: 1280px; margin: 0 auto;'  ><div id=\"layerslider_302_uhunv6fq4t6k\" class=\"ls-wp-container fitvidsignore ls-selectable\" style=\"width:1280px;height:335px;max-width:1280px;margin:0 auto;margin-bottom: 0px;\"><div class=\"ls-slide\" data-ls=\"bgsize:cover;duration:4000;transition2d:5;\"><img width=\"1280\" height=\"335\" data-src=\"https:\/\/www.accretech.eu\/wp-content\/uploads\/2021\/06\/CNC-Turning-machine.jpg\" class=\"ls-bg\" alt=\"CNC Turning machine\" data-srcset=\"https:\/\/www.accretech.eu\/wp-content\/uploads\/2021\/06\/CNC-Turning-machine.jpg 1280w, https:\/\/www.accretech.eu\/wp-content\/uploads\/2021\/06\/CNC-Turning-machine-300x79.jpg 300w, https:\/\/www.accretech.eu\/wp-content\/uploads\/2021\/06\/CNC-Turning-machine-1030x270.jpg 1030w, https:\/\/www.accretech.eu\/wp-content\/uploads\/2021\/06\/CNC-Turning-machine-768x201.jpg 768w, https:\/\/www.accretech.eu\/wp-content\/uploads\/2021\/06\/CNC-Turning-machine-705x185.jpg 705w\" sizes=\"(max-width: 1280px) 100vw, 1280px\" \/><h2 style=\"font-weight:normal;font-family:frutiger;font-size:26px;top:133px;left:78px;color:#ffffff;line-height:29px;\" class=\"ls-l ls-text-layer\" data-ls=\"offsetxin:80;offsetxout:-80;durationout:400;parallaxlevel:0;\">Solutions de contr\u00f4le des proc\u00e9d\u00e9s pour tours<\/h2><p style=\"font-family:frutiger;font-size:33px;top:64px;left:75px;line-height:33px;color:#ffffff;white-space:normal;\" class=\"ls-l ls-text-layer\" data-ls=\"offsetxin:80;offsetxout:-80;durationout:400;parallaxlevel:0;\">ACCRETECH SBS<\/p><\/div><\/div><\/div>\n<\/div><\/div><\/div><!-- close content main div --><\/div><\/div><div id='standard-grid'  class='av-layout-grid-container av-8h8gnm-493c8205fb0927fed9d1681a5412c74c entry-content-wrapper main_color av-flex-cells  container_wrap fullsize'  >\n\n<style type=\"text\/css\" data-created_by=\"avia_inline_auto\" id=\"style-css-av-8apjv6-4293b80b0b360b6aaa040c8973ac2c85\">\n.flex_cell.av-8apjv6-4293b80b0b360b6aaa040c8973ac2c85{\nvertical-align:top;\n}\n.responsive #top #wrap_all .flex_cell.av-8apjv6-4293b80b0b360b6aaa040c8973ac2c85{\npadding:0px 20px 0px 0px !important;\n}\n<\/style>\n<div class='flex_cell av-8apjv6-4293b80b0b360b6aaa040c8973ac2c85 av-gridrow-cell av_two_third no_margin' ><div class='flex_cell_inner'><p>\n<style type=\"text\/css\" data-created_by=\"avia_inline_auto\" id=\"style-css-av-88q5ne-045b130529c756d69f4455f513077142\">\n.flex_column.av-88q5ne-045b130529c756d69f4455f513077142{\n-webkit-border-radius:0px 0px 0px 0px;\n-moz-border-radius:0px 0px 0px 0px;\nborder-radius:0px 0px 0px 0px;\npadding:0px 0px 0px 0px;\n}\n<\/style>\n<div class='flex_column av-88q5ne-045b130529c756d69f4455f513077142 av_one_full first no_margin flex_column_div av-zero-column-padding '     ><br \/>\n<section  class='av_textblock_section av-7u5npe-d70dd978c455749b66fabb6e78441883'  itemscope=\"itemscope\" itemtype=\"https:\/\/schema.org\/CreativeWork\" ><div class='avia_textblock'  itemprop=\"text\" ><h1><span style=\"color: #154194;\">Tours<br \/>\n<\/span><\/h1>\n<\/div><\/section><br \/>\n<section  class='av_textblock_section av-7u5npe-d70dd978c455749b66fabb6e78441883'  itemscope=\"itemscope\" itemtype=\"https:\/\/schema.org\/CreativeWork\" ><div class='avia_textblock'  itemprop=\"text\" ><h2>Solutions de contr\u00f4le des proc\u00e9d\u00e9s pour tours<\/h2>\n<\/div><\/section><\/p><\/div>\n<style type=\"text\/css\" data-created_by=\"avia_inline_auto\" id=\"style-css-av-7r01fe-ede05ef1e9694965a733c93aecbfc39a\">\n#top .flex_column.av-7r01fe-ede05ef1e9694965a733c93aecbfc39a{\nmargin-top:0px;\nmargin-bottom:10px;\n}\n.flex_column.av-7r01fe-ede05ef1e9694965a733c93aecbfc39a{\n-webkit-border-radius:0px 0px 0px 0px;\n-moz-border-radius:0px 0px 0px 0px;\nborder-radius:0px 0px 0px 0px;\npadding:0px 0px 0px 0px;\n}\n.responsive #top #wrap_all .flex_column.av-7r01fe-ede05ef1e9694965a733c93aecbfc39a{\nmargin-top:0px;\nmargin-bottom:10px;\n}\n<\/style>\n<div class='flex_column av-7r01fe-ede05ef1e9694965a733c93aecbfc39a av_one_full  omg-with-list first no_margin flex_column_div av-zero-column-padding '     ><section  class='av_textblock_section av-7i17ii-0ecc295ff138f88e3a5f9058fe2b1f66'  itemscope=\"itemscope\" itemtype=\"https:\/\/schema.org\/CreativeWork\" ><div class='avia_textblock'  itemprop=\"text\" ><p>Le palpeur TL02\u00a0d\u2019ACCRETECH est un capteur compact adapt\u00e9 aux outils tels que les tours CNC qui sert \u00e0 contr\u00f4ler la position de la pi\u00e8ce et \u00e0 configurer les param\u00e8tres de travail. Il permet de r\u00e9duire le temps de configuration et d\u2019am\u00e9liorer la dur\u00e9e de fonctionnement de la machine et la pr\u00e9cision d\u2019usinage des pi\u00e8ces.<\/p>\n<p>La gamme de produits SBS d\u2019ACCRETECH comprend un syst\u00e8me de contr\u00f4le des \u00e9missions acoustiques (AE) qui offre une d\u00e9tection ultra-rapide du premier contact entre l\u2019outil de coupe et la pi\u00e8ce et surveille tout \u00e9v\u00e9nement anormal sur la machine (collision).<\/p>\n<\/div><\/section><\/div><\/p>\n<\/div><\/div>\n<style type=\"text\/css\" data-created_by=\"avia_inline_auto\" id=\"style-css-av-7eys7e-0788a9010ac7c2b493c20c3c9ff399e9\">\n.flex_cell.av-7eys7e-0788a9010ac7c2b493c20c3c9ff399e9{\nvertical-align:top;\n}\n.responsive #top #wrap_all .flex_cell.av-7eys7e-0788a9010ac7c2b493c20c3c9ff399e9{\npadding:15px 0px 0px 0px !important;\n}\n<\/style>\n<div class='flex_cell av-7eys7e-0788a9010ac7c2b493c20c3c9ff399e9 av-gridrow-cell av_one_third no_margin' ><div class='flex_cell_inner'>\n<style type=\"text\/css\" data-created_by=\"avia_inline_auto\" id=\"style-css-av-77a8yi-0d41f24871f8e0ff790014108943a5a1\">\n#top .flex_column.av-77a8yi-0d41f24871f8e0ff790014108943a5a1{\nmargin-top:0px;\nmargin-bottom:20px;\n}\n.flex_column.av-77a8yi-0d41f24871f8e0ff790014108943a5a1{\n-webkit-border-radius:0px 0px 0px 0px;\n-moz-border-radius:0px 0px 0px 0px;\nborder-radius:0px 0px 0px 0px;\npadding:0px 15px 0px 0px;\nbackground-color:#154194;\n}\n.responsive #top #wrap_all .flex_column.av-77a8yi-0d41f24871f8e0ff790014108943a5a1{\nmargin-top:0px;\nmargin-bottom:20px;\n}\n<\/style>\n<div class='flex_column av-77a8yi-0d41f24871f8e0ff790014108943a5a1 av_one_full first flex_column_div av-hide-on-mobile '     ><\/div>\n<\/div><\/div>\n<\/div>\n<\/div><\/div><\/div><!-- close content main div --><\/div><\/div><div id='standard-grid'  class='av-layout-grid-container av-2hk1ixs-3fcc6a775f2b4f284f65baddc06233c7 entry-content-wrapper main_color av-flex-cells  container_wrap fullsize'  >\n\n<style type=\"text\/css\" data-created_by=\"avia_inline_auto\" id=\"style-css-av-2179ytc-447f2bd668b3778e7b93acb8657253d4\">\n.flex_cell.av-2179ytc-447f2bd668b3778e7b93acb8657253d4{\nvertical-align:top;\n}\n.responsive #top #wrap_all .flex_cell.av-2179ytc-447f2bd668b3778e7b93acb8657253d4{\npadding:0px 20px 0px 0px !important;\n}\n<\/style>\n<div class='flex_cell av-2179ytc-447f2bd668b3778e7b93acb8657253d4 av-gridrow-cell av_one_full no_margin' ><div class='flex_cell_inner'><p>\n<style type=\"text\/css\" data-created_by=\"avia_inline_auto\" id=\"style-css-av-kotq5v96-041438a8753b59c32c5370b3a4a91378\">\n#top .flex_column.av-kotq5v96-041438a8753b59c32c5370b3a4a91378{\nmargin-top:35px;\nmargin-bottom:10px;\n}\n.flex_column.av-kotq5v96-041438a8753b59c32c5370b3a4a91378{\n-webkit-border-radius:0px 0px 0px 0px;\n-moz-border-radius:0px 0px 0px 0px;\nborder-radius:0px 0px 0px 0px;\npadding:0px 0px 0px 0px;\n}\n.responsive #top #wrap_all .flex_column.av-kotq5v96-041438a8753b59c32c5370b3a4a91378{\nmargin-top:35px;\nmargin-bottom:10px;\n}\n<\/style>\n<div class='flex_column av-kotq5v96-041438a8753b59c32c5370b3a4a91378 av_one_half  omg-with-list first no_margin flex_column_div av-zero-column-padding '     ><style type=\"text\/css\" data-created_by=\"avia_inline_auto\" id=\"style-css-av-ktib8mhm-57336f728096e72b39937c0f7ed0a9f0\">\n.avia-image-container.av-ktib8mhm-57336f728096e72b39937c0f7ed0a9f0 img.avia_image{\nbox-shadow:none;\n}\n.avia-image-container.av-ktib8mhm-57336f728096e72b39937c0f7ed0a9f0 .av-image-caption-overlay-center{\ncolor:#ffffff;\n}\n<\/style>\n<div  class='avia-image-container av-ktib8mhm-57336f728096e72b39937c0f7ed0a9f0 av-styling- avia-align-center'   itemprop=\"image\" itemscope=\"itemscope\" itemtype=\"https:\/\/schema.org\/ImageObject\" ><div class=\"avia-image-container-inner\"><div class=\"avia-image-overlay-wrap\"><img decoding=\"async\" class='wp-image-58484 avia-img-lazy-loading-not-58484 avia_image ' src=\"https:\/\/www.accretech.eu\/wp-content\/uploads\/2021\/09\/CNC-lathe-machine_numbers-scaled.jpeg\" alt='' title='Lathe 3D rendering milling machine isolated in white studio background. Metal works'  height=\"1441\" width=\"2560\"  itemprop=\"thumbnailUrl\" srcset=\"https:\/\/www.accretech.eu\/wp-content\/uploads\/2021\/09\/CNC-lathe-machine_numbers-scaled.jpeg 2560w, https:\/\/www.accretech.eu\/wp-content\/uploads\/2021\/09\/CNC-lathe-machine_numbers-300x169.jpeg 300w, https:\/\/www.accretech.eu\/wp-content\/uploads\/2021\/09\/CNC-lathe-machine_numbers-1030x580.jpeg 1030w, https:\/\/www.accretech.eu\/wp-content\/uploads\/2021\/09\/CNC-lathe-machine_numbers-768x432.jpeg 768w, https:\/\/www.accretech.eu\/wp-content\/uploads\/2021\/09\/CNC-lathe-machine_numbers-1536x864.jpeg 1536w, https:\/\/www.accretech.eu\/wp-content\/uploads\/2021\/09\/CNC-lathe-machine_numbers-2048x1153.jpeg 2048w, https:\/\/www.accretech.eu\/wp-content\/uploads\/2021\/09\/CNC-lathe-machine_numbers-1500x844.jpeg 1500w, https:\/\/www.accretech.eu\/wp-content\/uploads\/2021\/09\/CNC-lathe-machine_numbers-705x397.jpeg 705w\" sizes=\"(max-width: 2560px) 100vw, 2560px\" \/><\/div><\/div><\/div><\/div>\n<style type=\"text\/css\" data-created_by=\"avia_inline_auto\" id=\"style-css-av-4rbjs0-a3d9a86c985d6eec4ebf4571a01e000f\">\n#top .flex_column.av-4rbjs0-a3d9a86c985d6eec4ebf4571a01e000f{\nmargin-top:0px;\nmargin-bottom:0px;\n}\n.flex_column.av-4rbjs0-a3d9a86c985d6eec4ebf4571a01e000f{\n-webkit-border-radius:0px 0px 0px 0px;\n-moz-border-radius:0px 0px 0px 0px;\nborder-radius:0px 0px 0px 0px;\npadding:20px 0px -10px 0px;\n}\n.responsive #top #wrap_all .flex_column.av-4rbjs0-a3d9a86c985d6eec4ebf4571a01e000f{\nmargin-top:0px;\nmargin-bottom:0px;\n}\n<\/style>\n<div class='flex_column av-4rbjs0-a3d9a86c985d6eec4ebf4571a01e000f av_two_fifth no_margin flex_column_div '     ><section  class='av_textblock_section av-n50pi8-16788cc61eea884e712abce0250a53d2'  itemscope=\"itemscope\" itemtype=\"https:\/\/schema.org\/CreativeWork\" ><div class='avia_textblock'  itemprop=\"text\" ><ol>\n<li>Palpeur TL02 \u2013 Configuration de travail et contr\u00f4le de position<\/li>\n<li>Pulcom r \u2013 T\u00eate de mesure \u00e0 usage g\u00e9n\u00e9ral \u2013 Configuration de travail et contr\u00f4le de position (E-DT-175A<\/li>\n<li>Gamme de produits SBS \u2013 Syst\u00e8me de contr\u00f4le des \u00e9missions acoustiques (AE) pour premier contact et pr\u00e9vention des collisions<\/li>\n<\/ol>\n<\/div><\/section><\/div><\/p>\n<\/div><\/div>\n<\/div>\n<\/div><\/div><\/div><!-- close content main div --><\/div><\/div><div id='standard-grid'  class='av-layout-grid-container av-8h8gnm-493c8205fb0927fed9d1681a5412c74c entry-content-wrapper main_color av-flex-cells  container_wrap fullsize'  >\n\n<style type=\"text\/css\" data-created_by=\"avia_inline_auto\" id=\"style-css-av-8apjv6-4293b80b0b360b6aaa040c8973ac2c85\">\n.flex_cell.av-8apjv6-4293b80b0b360b6aaa040c8973ac2c85{\nvertical-align:top;\n}\n.responsive #top #wrap_all .flex_cell.av-8apjv6-4293b80b0b360b6aaa040c8973ac2c85{\npadding:0px 20px 0px 0px !important;\n}\n<\/style>\n<div class='flex_cell av-8apjv6-4293b80b0b360b6aaa040c8973ac2c85 av-gridrow-cell av_four_fifth no_margin' ><div class='flex_cell_inner'>\n<style type=\"text\/css\" data-created_by=\"avia_inline_auto\" id=\"style-css-av-kotq5jg8-375257165cdf685a02fdad1d5311bd65\">\n#top .flex_column.av-kotq5jg8-375257165cdf685a02fdad1d5311bd65{\nmargin-top:35px;\nmargin-bottom:10px;\n}\n.flex_column.av-kotq5jg8-375257165cdf685a02fdad1d5311bd65{\n-webkit-border-radius:0px 0px 0px 0px;\n-moz-border-radius:0px 0px 0px 0px;\nborder-radius:0px 0px 0px 0px;\npadding:20px 0px -10px 0px;\n}\n.responsive #top #wrap_all .flex_column.av-kotq5jg8-375257165cdf685a02fdad1d5311bd65{\nmargin-top:35px;\nmargin-bottom:10px;\n}\n<\/style>\n<div class='flex_column av-kotq5jg8-375257165cdf685a02fdad1d5311bd65 av_one_full first flex_column_div '     ><section  class='av_textblock_section av-jwurv161-9e4a8574b6de06343ace00c8462893fd'  itemscope=\"itemscope\" itemtype=\"https:\/\/schema.org\/CreativeWork\" ><div class='avia_textblock omg-before-grid'  itemprop=\"text\" ><h3><strong>Les cat\u00e9gories de produits ACCRETECH pour les solutions de Tours<\/strong><\/h3>\n<\/div><\/section><\/div>\n<\/div><\/div>\n<style type=\"text\/css\" data-created_by=\"avia_inline_auto\" id=\"style-css-av-l6bxty-c8e3ec9444e2a249c299af83db530ca9\">\n.flex_cell.av-l6bxty-c8e3ec9444e2a249c299af83db530ca9{\nvertical-align:top;\n}\n.responsive #top #wrap_all .flex_cell.av-l6bxty-c8e3ec9444e2a249c299af83db530ca9{\npadding:30px 30px 30px 30px !important;\n}\n<\/style>\n<div class='flex_cell av-l6bxty-c8e3ec9444e2a249c299af83db530ca9 av-gridrow-cell av_one_fifth no_margin' ><div class='flex_cell_inner'><\/div><\/div>\n<\/div>\n<\/div><\/div><\/div><!-- close content main div --><\/div><\/div><div id='standard-grid'  class='av-layout-grid-container av-4xy9a55-e06f369031bd63c1d973e410ba83ab0e entry-content-wrapper alternate_color av-flex-cells  dreiergrid  container_wrap fullsize'  >\n\n<style type=\"text\/css\" data-created_by=\"avia_inline_auto\" id=\"style-css-av-4fzme0p-9b88bf7595476b363a770cbb6292b3f0\">\n.flex_cell.av-4fzme0p-9b88bf7595476b363a770cbb6292b3f0{\nvertical-align:top;\nbackground:url(https:\/\/www.accretech.eu\/wp-content\/uploads\/2021\/06\/TL02-Touch-Locator_ACCRETECH-2.jpg) 50% 50% no-repeat scroll ;\n}\n.responsive #top #wrap_all .flex_cell.av-4fzme0p-9b88bf7595476b363a770cbb6292b3f0{\npadding:180px 10px 10px 10px !important;\n}\n<\/style>\n<a class=\"av-screen-reader-only\" href=\"https:\/\/www.accretech.eu\/fr\/palpeurs\/\" >Lier vers : Palpeurs<\/a><div class='flex_cell av-4fzme0p-9b88bf7595476b363a770cbb6292b3f0 av-gridrow-cell av_one_half no_margin  zoombreit avia-full-contain avia-link-column av-cell-link'  data-link-column-url=\"https:\/\/www.accretech.eu\/fr\/palpeurs\/\" ><div class='flex_cell_inner'>\n<style type=\"text\/css\" data-created_by=\"avia_inline_auto\" id=\"style-css-av-3wo5yah-a84410b4cd2568e61c8955034efdaa8b\">\n#top .flex_column.av-3wo5yah-a84410b4cd2568e61c8955034efdaa8b{\nmargin-top:0px;\nmargin-bottom:0px;\n}\n.flex_column.av-3wo5yah-a84410b4cd2568e61c8955034efdaa8b{\n-webkit-border-radius:0px 0px 0px 0px;\n-moz-border-radius:0px 0px 0px 0px;\nborder-radius:0px 0px 0px 0px;\npadding:10px 0px 10px 20px;\nbackground-color:#ebebeb;\n}\n.responsive #top #wrap_all .flex_column.av-3wo5yah-a84410b4cd2568e61c8955034efdaa8b{\nmargin-top:0px;\nmargin-bottom:0px;\n}\n<\/style>\n<div class='flex_column av-3wo5yah-a84410b4cd2568e61c8955034efdaa8b av_one_full first no_margin flex_column_div '     ><section  class='av_textblock_section av-kmxcij9p-b1edeef67bf01d33c385e879bee04b2b'  itemscope=\"itemscope\" itemtype=\"https:\/\/schema.org\/CreativeWork\" ><div class='avia_textblock'  itemprop=\"text\" ><p style=\"font-family: frutiger; font-size: 20px; color: #154194; margin: 0px;\">Palpeurs<\/p>\n<\/div><\/section><\/div>\n<\/div><\/div>\n<style type=\"text\/css\" data-created_by=\"avia_inline_auto\" id=\"style-css-av-39yu315-b8981ed745b037e0145703cfa8c195b1\">\n.flex_cell.av-39yu315-b8981ed745b037e0145703cfa8c195b1{\nvertical-align:top;\nbackground:url(https:\/\/www.accretech.eu\/wp-content\/uploads\/2021\/06\/2021_ACC_SBS_Product_565x233_04.jpg) 50% 50% no-repeat scroll ;\n}\n.responsive #top #wrap_all .flex_cell.av-39yu315-b8981ed745b037e0145703cfa8c195b1{\npadding:180px 10px 10px 10px !important;\n}\n<\/style>\n<a class=\"av-screen-reader-only\" href=\"https:\/\/www.accretech.eu\/fr\/controle-des-procedes\/\" >Lier vers : Contr\u00f4le des proc\u00e9d\u00e9s<\/a><div class='flex_cell av-39yu315-b8981ed745b037e0145703cfa8c195b1 av-gridrow-cell av_one_half no_margin  bg-image avia-full-contain avia-link-column av-cell-link'  data-link-column-url=\"https:\/\/www.accretech.eu\/fr\/controle-des-procedes\/\" ><div class='flex_cell_inner'>\n<style type=\"text\/css\" data-created_by=\"avia_inline_auto\" id=\"style-css-av-2ujaigp-c574d405624ed34ed54f106ed2040964\">\n#top .flex_column.av-2ujaigp-c574d405624ed34ed54f106ed2040964{\nmargin-top:0px;\nmargin-bottom:0px;\n}\n.flex_column.av-2ujaigp-c574d405624ed34ed54f106ed2040964{\n-webkit-border-radius:0px 0px 0px 0px;\n-moz-border-radius:0px 0px 0px 0px;\nborder-radius:0px 0px 0px 0px;\npadding:10px 0px 10px 20px;\nbackground-color:#ebebeb;\n}\n.responsive #top #wrap_all .flex_column.av-2ujaigp-c574d405624ed34ed54f106ed2040964{\nmargin-top:0px;\nmargin-bottom:0px;\n}\n<\/style>\n<div class='flex_column av-2ujaigp-c574d405624ed34ed54f106ed2040964 av_one_full first no_margin flex_column_div '     ><section  class='av_textblock_section av-kmxcisau-062415eea0c0570d4c33915d34d12975'  itemscope=\"itemscope\" itemtype=\"https:\/\/schema.org\/CreativeWork\" ><div class='avia_textblock'  itemprop=\"text\" ><p style=\"font-family: frutiger; font-size: 20px; color: #154194; margin: 0px;\">Contr\u00f4le des proc\u00e9d\u00e9s (SBS)<\/p>\n<\/div><\/section><\/div>\n<\/div><\/div><\/div><div  class='hr av-uqeb6k-729b087b9c4f9b342d1126cc399ea74a hr-default'><span class='hr-inner '><span class=\"hr-inner-style\"><\/span><\/span><\/div>\n","protected":false},"excerpt":{"rendered":"","protected":false},"author":550,"featured_media":55084,"parent":0,"menu_order":0,"comment_status":"closed","ping_status":"closed","template":"","meta":{"footnotes":""},"filter_category":[],"filter_measurements":[],"class_list":["post-60856","page","type-page","status-publish","has-post-thumbnail","hentry"],"acf":[],"yoast_head":"<!-- This site is optimized with the Yoast SEO Premium plugin v26.1 (Yoast SEO v26.1.1) - https:\/\/yoast.com\/wordpress\/plugins\/seo\/ -->\n<title>Solutions de contr\u00f4le des proc\u00e9d\u00e9s pour tours | ACCRETECH<\/title>\n<meta name=\"robots\" content=\"index, follow, max-snippet:-1, max-image-preview:large, max-video-preview:-1\" \/>\n<link rel=\"canonical\" href=\"https:\/\/www.accretech.eu\/fr\/tours\/\" \/>\n<meta property=\"og:locale\" content=\"fr_FR\" \/>\n<meta property=\"og:type\" content=\"article\" \/>\n<meta property=\"og:title\" content=\"Tours\" \/>\n<meta property=\"og:url\" content=\"https:\/\/www.accretech.eu\/fr\/tours\/\" \/>\n<meta property=\"og:site_name\" content=\"ACCRETECH (Europe)\" \/>\n<meta property=\"article:modified_time\" content=\"2022-03-02T14:02:09+00:00\" \/>\n<meta property=\"og:image\" content=\"https:\/\/www.accretech.eu\/wp-content\/uploads\/2021\/06\/CNC-Turning-machine.jpg\" \/>\n\t<meta property=\"og:image:width\" content=\"1280\" \/>\n\t<meta property=\"og:image:height\" content=\"335\" \/>\n\t<meta property=\"og:image:type\" content=\"image\/jpeg\" \/>\n<meta name=\"twitter:card\" content=\"summary_large_image\" \/>\n<meta name=\"twitter:label1\" content=\"Dur\u00e9e de lecture estim\u00e9e\" \/>\n\t<meta name=\"twitter:data1\" content=\"11 minutes\" \/>\n<script type=\"application\/ld+json\" class=\"yoast-schema-graph\">{\"@context\":\"https:\/\/schema.org\",\"@graph\":[{\"@type\":\"WebPage\",\"@id\":\"https:\/\/www.accretech.eu\/fr\/tours\/\",\"url\":\"https:\/\/www.accretech.eu\/fr\/tours\/\",\"name\":\"Solutions de contr\u00f4le des proc\u00e9d\u00e9s pour tours | ACCRETECH\",\"isPartOf\":{\"@id\":\"https:\/\/www.accretech.eu\/it\/#website\"},\"primaryImageOfPage\":{\"@id\":\"https:\/\/www.accretech.eu\/fr\/tours\/#primaryimage\"},\"image\":{\"@id\":\"https:\/\/www.accretech.eu\/fr\/tours\/#primaryimage\"},\"thumbnailUrl\":\"https:\/\/www.accretech.eu\/wp-content\/uploads\/2021\/06\/CNC-Turning-machine.jpg\",\"datePublished\":\"2021-05-17T07:12:02+00:00\",\"dateModified\":\"2022-03-02T14:02:09+00:00\",\"breadcrumb\":{\"@id\":\"https:\/\/www.accretech.eu\/fr\/tours\/#breadcrumb\"},\"inLanguage\":\"fr-FR\",\"potentialAction\":[{\"@type\":\"ReadAction\",\"target\":[\"https:\/\/www.accretech.eu\/fr\/tours\/\"]}]},{\"@type\":\"ImageObject\",\"inLanguage\":\"fr-FR\",\"@id\":\"https:\/\/www.accretech.eu\/fr\/tours\/#primaryimage\",\"url\":\"https:\/\/www.accretech.eu\/wp-content\/uploads\/2021\/06\/CNC-Turning-machine.jpg\",\"contentUrl\":\"https:\/\/www.accretech.eu\/wp-content\/uploads\/2021\/06\/CNC-Turning-machine.jpg\",\"width\":1280,\"height\":335,\"caption\":\"CNC Turning machine\"},{\"@type\":\"BreadcrumbList\",\"@id\":\"https:\/\/www.accretech.eu\/fr\/tours\/#breadcrumb\",\"itemListElement\":[{\"@type\":\"ListItem\",\"position\":1,\"name\":\"Startseite\",\"item\":\"https:\/\/www.accretech.eu\/fr\/home-2\/\"},{\"@type\":\"ListItem\",\"position\":2,\"name\":\"Tours\"}]},{\"@type\":\"WebSite\",\"@id\":\"https:\/\/www.accretech.eu\/it\/#website\",\"url\":\"https:\/\/www.accretech.eu\/it\/\",\"name\":\"ACCRETECH (Europe)\",\"description\":\"\",\"publisher\":{\"@id\":\"https:\/\/www.accretech.eu\/it\/#organization\"},\"potentialAction\":[{\"@type\":\"SearchAction\",\"target\":{\"@type\":\"EntryPoint\",\"urlTemplate\":\"https:\/\/www.accretech.eu\/it\/?s={search_term_string}\"},\"query-input\":{\"@type\":\"PropertyValueSpecification\",\"valueRequired\":true,\"valueName\":\"search_term_string\"}}],\"inLanguage\":\"fr-FR\"},{\"@type\":\"Organization\",\"@id\":\"https:\/\/www.accretech.eu\/it\/#organization\",\"name\":\"ACCRETECH (Europe) GmbH\",\"url\":\"https:\/\/www.accretech.eu\/it\/\",\"logo\":{\"@type\":\"ImageObject\",\"inLanguage\":\"fr-FR\",\"@id\":\"https:\/\/www.accretech.eu\/it\/#\/schema\/logo\/image\/\",\"url\":\"https:\/\/www.accretech.eu\/wp-content\/uploads\/2016\/10\/accretech-europe_logo.png\",\"contentUrl\":\"https:\/\/www.accretech.eu\/wp-content\/uploads\/2016\/10\/accretech-europe_logo.png\",\"width\":312,\"height\":42,\"caption\":\"ACCRETECH (Europe) GmbH\"},\"image\":{\"@id\":\"https:\/\/www.accretech.eu\/it\/#\/schema\/logo\/image\/\"}}]}<\/script>\n<!-- \/ Yoast SEO Premium plugin. -->","yoast_head_json":{"title":"Solutions de contr\u00f4le des proc\u00e9d\u00e9s pour tours | ACCRETECH","robots":{"index":"index","follow":"follow","max-snippet":"max-snippet:-1","max-image-preview":"max-image-preview:large","max-video-preview":"max-video-preview:-1"},"canonical":"https:\/\/www.accretech.eu\/fr\/tours\/","og_locale":"fr_FR","og_type":"article","og_title":"Tours","og_url":"https:\/\/www.accretech.eu\/fr\/tours\/","og_site_name":"ACCRETECH (Europe)","article_modified_time":"2022-03-02T14:02:09+00:00","og_image":[{"width":1280,"height":335,"url":"https:\/\/www.accretech.eu\/wp-content\/uploads\/2021\/06\/CNC-Turning-machine.jpg","type":"image\/jpeg"}],"twitter_card":"summary_large_image","twitter_misc":{"Dur\u00e9e de lecture estim\u00e9e":"11 minutes"},"schema":{"@context":"https:\/\/schema.org","@graph":[{"@type":"WebPage","@id":"https:\/\/www.accretech.eu\/fr\/tours\/","url":"https:\/\/www.accretech.eu\/fr\/tours\/","name":"Solutions de contr\u00f4le des proc\u00e9d\u00e9s pour tours | ACCRETECH","isPartOf":{"@id":"https:\/\/www.accretech.eu\/it\/#website"},"primaryImageOfPage":{"@id":"https:\/\/www.accretech.eu\/fr\/tours\/#primaryimage"},"image":{"@id":"https:\/\/www.accretech.eu\/fr\/tours\/#primaryimage"},"thumbnailUrl":"https:\/\/www.accretech.eu\/wp-content\/uploads\/2021\/06\/CNC-Turning-machine.jpg","datePublished":"2021-05-17T07:12:02+00:00","dateModified":"2022-03-02T14:02:09+00:00","breadcrumb":{"@id":"https:\/\/www.accretech.eu\/fr\/tours\/#breadcrumb"},"inLanguage":"fr-FR","potentialAction":[{"@type":"ReadAction","target":["https:\/\/www.accretech.eu\/fr\/tours\/"]}]},{"@type":"ImageObject","inLanguage":"fr-FR","@id":"https:\/\/www.accretech.eu\/fr\/tours\/#primaryimage","url":"https:\/\/www.accretech.eu\/wp-content\/uploads\/2021\/06\/CNC-Turning-machine.jpg","contentUrl":"https:\/\/www.accretech.eu\/wp-content\/uploads\/2021\/06\/CNC-Turning-machine.jpg","width":1280,"height":335,"caption":"CNC Turning machine"},{"@type":"BreadcrumbList","@id":"https:\/\/www.accretech.eu\/fr\/tours\/#breadcrumb","itemListElement":[{"@type":"ListItem","position":1,"name":"Startseite","item":"https:\/\/www.accretech.eu\/fr\/home-2\/"},{"@type":"ListItem","position":2,"name":"Tours"}]},{"@type":"WebSite","@id":"https:\/\/www.accretech.eu\/it\/#website","url":"https:\/\/www.accretech.eu\/it\/","name":"ACCRETECH (Europe)","description":"","publisher":{"@id":"https:\/\/www.accretech.eu\/it\/#organization"},"potentialAction":[{"@type":"SearchAction","target":{"@type":"EntryPoint","urlTemplate":"https:\/\/www.accretech.eu\/it\/?s={search_term_string}"},"query-input":{"@type":"PropertyValueSpecification","valueRequired":true,"valueName":"search_term_string"}}],"inLanguage":"fr-FR"},{"@type":"Organization","@id":"https:\/\/www.accretech.eu\/it\/#organization","name":"ACCRETECH (Europe) GmbH","url":"https:\/\/www.accretech.eu\/it\/","logo":{"@type":"ImageObject","inLanguage":"fr-FR","@id":"https:\/\/www.accretech.eu\/it\/#\/schema\/logo\/image\/","url":"https:\/\/www.accretech.eu\/wp-content\/uploads\/2016\/10\/accretech-europe_logo.png","contentUrl":"https:\/\/www.accretech.eu\/wp-content\/uploads\/2016\/10\/accretech-europe_logo.png","width":312,"height":42,"caption":"ACCRETECH (Europe) GmbH"},"image":{"@id":"https:\/\/www.accretech.eu\/it\/#\/schema\/logo\/image\/"}}]}},"_links":{"self":[{"href":"https:\/\/www.accretech.eu\/fr\/wp-json\/wp\/v2\/pages\/60856","targetHints":{"allow":["GET"]}}],"collection":[{"href":"https:\/\/www.accretech.eu\/fr\/wp-json\/wp\/v2\/pages"}],"about":[{"href":"https:\/\/www.accretech.eu\/fr\/wp-json\/wp\/v2\/types\/page"}],"author":[{"embeddable":true,"href":"https:\/\/www.accretech.eu\/fr\/wp-json\/wp\/v2\/users\/550"}],"replies":[{"embeddable":true,"href":"https:\/\/www.accretech.eu\/fr\/wp-json\/wp\/v2\/comments?post=60856"}],"version-history":[{"count":0,"href":"https:\/\/www.accretech.eu\/fr\/wp-json\/wp\/v2\/pages\/60856\/revisions"}],"wp:featuredmedia":[{"embeddable":true,"href":"https:\/\/www.accretech.eu\/fr\/wp-json\/wp\/v2\/media\/55084"}],"wp:attachment":[{"href":"https:\/\/www.accretech.eu\/fr\/wp-json\/wp\/v2\/media?parent=60856"}],"wp:term":[{"taxonomy":"filter_category","embeddable":true,"href":"https:\/\/www.accretech.eu\/fr\/wp-json\/wp\/v2\/filter_category?post=60856"},{"taxonomy":"filter_measurements","embeddable":true,"href":"https:\/\/www.accretech.eu\/fr\/wp-json\/wp\/v2\/filter_measurements?post=60856"}],"curies":[{"name":"wp","href":"https:\/\/api.w.org\/{rel}","templated":true}]}}