{"id":7011,"date":"2017-03-25T22:10:14","date_gmt":"2017-03-25T21:10:14","guid":{"rendered":"https:\/\/www.accretech.de\/?page_id=7011"},"modified":"2021-08-30T11:13:18","modified_gmt":"2021-08-30T09:13:18","slug":"rondcom-60","status":"publish","type":"page","link":"https:\/\/www.accretech.eu\/fr\/produits\/metrologie-industrielle\/appareils-de-mesure-de-forme\/rondcom-60\/","title":{"rendered":"RONDCOM 60"},"content":{"rendered":"<\/div><\/div><\/div><!-- close content main div --><\/div><\/div><div id='standard-grid'  class='av-layout-grid-container av-av_layout_row-a8cd9e2cb561478d01a099d7af4d730d entry-content-wrapper main_color av-flex-cells  container_wrap fullsize'  >\n\n<style type=\"text\/css\" data-created_by=\"avia_inline_auto\" id=\"style-css-av-av_cell_two_third-4701cb64db4e7e41418e392587191c3b\">\n.flex_cell.av-av_cell_two_third-4701cb64db4e7e41418e392587191c3b{\nvertical-align:top;\n}\n.responsive #top #wrap_all .flex_cell.av-av_cell_two_third-4701cb64db4e7e41418e392587191c3b{\npadding:0px 20px 0px 0px !important;\n}\n<\/style>\n<div class='flex_cell av-av_cell_two_third-4701cb64db4e7e41418e392587191c3b av-gridrow-cell av_two_third no_margin' ><div class='flex_cell_inner'><p>\n<style type=\"text\/css\" data-created_by=\"avia_inline_auto\" id=\"style-css-av-av_one_full-67c1acb0579a8d4ef554daa8040b2e1d\">\n.flex_column.av-av_one_full-67c1acb0579a8d4ef554daa8040b2e1d{\n-webkit-border-radius:0px 0px 0px 0px;\n-moz-border-radius:0px 0px 0px 0px;\nborder-radius:0px 0px 0px 0px;\npadding:0px 0px 0px 0px;\n}\n<\/style>\n<div class='flex_column av-av_one_full-67c1acb0579a8d4ef554daa8040b2e1d av_one_full first no_margin flex_column_div av-zero-column-padding '     ><\/div>\n<style type=\"text\/css\" data-created_by=\"avia_inline_auto\" id=\"style-css-av-av_one_half-5ad0aa094829a117761b8c44a5063627\">\n#top .flex_column.av-av_one_half-5ad0aa094829a117761b8c44a5063627{\nmargin-top:30px;\nmargin-bottom:0px;\n}\n.flex_column.av-av_one_half-5ad0aa094829a117761b8c44a5063627{\n-webkit-border-radius:0px 0px 0px 0px;\n-moz-border-radius:0px 0px 0px 0px;\nborder-radius:0px 0px 0px 0px;\npadding:0px 0px 0px 0px;\n}\n.responsive #top #wrap_all .flex_column.av-av_one_half-5ad0aa094829a117761b8c44a5063627{\nmargin-top:30px;\nmargin-bottom:0px;\n}\n<\/style>\n<div class='flex_column av-av_one_half-5ad0aa094829a117761b8c44a5063627 av_one_half first no_margin flex_column_div av-zero-column-padding '     ><section  class='av_textblock_section av-jsvrjk0o-03400ea8bce13b258ddaf07fa2f43a91'  itemscope=\"itemscope\" itemtype=\"https:\/\/schema.org\/CreativeWork\" ><div class='avia_textblock'  itemprop=\"text\" ><h1><span style=\"color: #154194; font-size: 36px; font-family: frutiger;\">RONDCOM 60<\/span><\/h1>\n<h2><span style=\"font-family: f55;\">Appareil de mesure de circularit\u00e9 de tr\u00e8s haute pr\u00e9cision, le meilleur de sa cat\u00e9gorie<\/span><\/h2>\n<\/div><\/section><br \/>\n\n<style type=\"text\/css\" data-created_by=\"avia_inline_auto\" id=\"style-css-av-av_textblock-fae8699d538200a543ba402659dba9b0\">\n#top .av_textblock_section.av-av_textblock-fae8699d538200a543ba402659dba9b0 .avia_textblock{\nfont-size:16px;\n}\n<\/style>\n<section  class='av_textblock_section av-av_textblock-fae8699d538200a543ba402659dba9b0'  itemscope=\"itemscope\" itemtype=\"https:\/\/schema.org\/CreativeWork\" ><div class='avia_textblock'  itemprop=\"text\" ><div style=\"line-height: 15px; margin-top: 30px;\">Plage de mesure maximale\u00a0: 420\u00a0mm de diam\u00e8tre<br \/>\n\n<style type=\"text\/css\" data-created_by=\"avia_inline_auto\" id=\"style-css-av-av_hr-d1c7800ab5cd26e7dcac97d5348effe1\">\n#top .hr.av-av_hr-d1c7800ab5cd26e7dcac97d5348effe1{\nmargin-top:0px;\nmargin-bottom:0px;\n}\n.hr.av-av_hr-d1c7800ab5cd26e7dcac97d5348effe1 .hr-inner{\nwidth:90%;\nborder-color:#d2d2d2;\n}\n<\/style>\n<div  class='hr av-av_hr-d1c7800ab5cd26e7dcac97d5348effe1 hr-custom hr-left hr-icon-no'><span class='hr-inner inner-border-av-border-thin'><span class=\"hr-inner-style\"><\/span><\/span><\/div><br \/>\nPr\u00e9cision de rotation\u00a0: (0,02+6H\/10\u00a0000)\u00a0\u00b5m<br \/>\n\n<style type=\"text\/css\" data-created_by=\"avia_inline_auto\" id=\"style-css-av-av_hr-d1c7800ab5cd26e7dcac97d5348effe1\">\n#top .hr.av-av_hr-d1c7800ab5cd26e7dcac97d5348effe1{\nmargin-top:0px;\nmargin-bottom:0px;\n}\n.hr.av-av_hr-d1c7800ab5cd26e7dcac97d5348effe1 .hr-inner{\nwidth:90%;\nborder-color:#d2d2d2;\n}\n<\/style>\n<div  class='hr av-av_hr-d1c7800ab5cd26e7dcac97d5348effe1 hr-custom hr-left hr-icon-no'><span class='hr-inner inner-border-av-border-thin'><span class=\"hr-inner-style\"><\/span><\/span><\/div><br \/>\nPr\u00e9cision dans l&rsquo;axe Z\u00a0: 0,05\u00a0\u00b5m\/100\u00a0mm<br \/>\n\n<style type=\"text\/css\" data-created_by=\"avia_inline_auto\" id=\"style-css-av-av_hr-d1c7800ab5cd26e7dcac97d5348effe1\">\n#top .hr.av-av_hr-d1c7800ab5cd26e7dcac97d5348effe1{\nmargin-top:0px;\nmargin-bottom:0px;\n}\n.hr.av-av_hr-d1c7800ab5cd26e7dcac97d5348effe1 .hr-inner{\nwidth:90%;\nborder-color:#d2d2d2;\n}\n<\/style>\n<div  class='hr av-av_hr-d1c7800ab5cd26e7dcac97d5348effe1 hr-custom hr-left hr-icon-no'><span class='hr-inner inner-border-av-border-thin'><span class=\"hr-inner-style\"><\/span><\/span><\/div><\/div>\n<\/div><\/section><\/p><\/div>\n<style type=\"text\/css\" data-created_by=\"avia_inline_auto\" id=\"style-css-av-av_one_half-db38147f29f7614b85a81c98e19938a5\">\n#top .flex_column.av-av_one_half-db38147f29f7614b85a81c98e19938a5{\nmargin-top:0px;\nmargin-bottom:0px;\n}\n.flex_column.av-av_one_half-db38147f29f7614b85a81c98e19938a5{\n-webkit-border-radius:0px 0px 0px 0px;\n-moz-border-radius:0px 0px 0px 0px;\nborder-radius:0px 0px 0px 0px;\npadding:30px 30px 30px 30px;\n}\n.responsive #top #wrap_all .flex_column.av-av_one_half-db38147f29f7614b85a81c98e19938a5{\nmargin-top:0px;\nmargin-bottom:0px;\n}\n<\/style>\n<div class='flex_column av-av_one_half-db38147f29f7614b85a81c98e19938a5 av_one_half no_margin flex_column_div '     ><style type=\"text\/css\" data-created_by=\"avia_inline_auto\" id=\"style-css-av-av_image-58a8c2f4b467ab48edd1dbe6026d57d2\">\n.avia-image-container.av-av_image-58a8c2f4b467ab48edd1dbe6026d57d2 img.avia_image{\nbox-shadow:none;\n}\n.avia-image-container.av-av_image-58a8c2f4b467ab48edd1dbe6026d57d2 .av-image-caption-overlay-center{\ncolor:#ffffff;\n}\n<\/style>\n<div  class='avia-image-container av-av_image-58a8c2f4b467ab48edd1dbe6026d57d2 av-styling- av-hover-grow avia-align-center'   itemprop=\"image\" itemscope=\"itemscope\" itemtype=\"https:\/\/schema.org\/ImageObject\" ><div class=\"avia-image-container-inner\"><div class=\"avia-image-overlay-wrap\"><img decoding=\"async\" class='wp-image-4762 avia-img-lazy-loading-not-4762 avia_image ' src=\"https:\/\/www.accretech.eu\/wp-content\/uploads\/2017\/03\/RONDCOM_60-300x251.jpeg\" alt='' title='RONDCOM_60'  height=\"251\" width=\"300\"  itemprop=\"thumbnailUrl\" srcset=\"https:\/\/www.accretech.eu\/wp-content\/uploads\/2017\/03\/RONDCOM_60-300x251.jpeg 300w, https:\/\/www.accretech.eu\/wp-content\/uploads\/2017\/03\/RONDCOM_60-768x642.jpeg 768w, https:\/\/www.accretech.eu\/wp-content\/uploads\/2017\/03\/RONDCOM_60-705x590.jpeg 705w, https:\/\/www.accretech.eu\/wp-content\/uploads\/2017\/03\/RONDCOM_60-450x376.jpeg 450w, https:\/\/www.accretech.eu\/wp-content\/uploads\/2017\/03\/RONDCOM_60.jpeg 800w\" sizes=\"(max-width: 300px) 100vw, 300px\" \/><\/div><\/div><\/div><\/div>\n<style type=\"text\/css\" data-created_by=\"avia_inline_auto\" id=\"style-css-av-av_one_full-5ad0aa094829a117761b8c44a5063627\">\n#top .flex_column.av-av_one_full-5ad0aa094829a117761b8c44a5063627{\nmargin-top:30px;\nmargin-bottom:0px;\n}\n.flex_column.av-av_one_full-5ad0aa094829a117761b8c44a5063627{\n-webkit-border-radius:0px 0px 0px 0px;\n-moz-border-radius:0px 0px 0px 0px;\nborder-radius:0px 0px 0px 0px;\npadding:0px 0px 0px 0px;\n}\n.responsive #top #wrap_all .flex_column.av-av_one_full-5ad0aa094829a117761b8c44a5063627{\nmargin-top:30px;\nmargin-bottom:0px;\n}\n<\/style>\n<div class='flex_column av-av_one_full-5ad0aa094829a117761b8c44a5063627 av_one_full first no_margin flex_column_div av-zero-column-padding '     ><section  class='av_textblock_section av-av_textblock-0366cc7376be6c9e82a3e9cc8987b64f'  itemscope=\"itemscope\" itemtype=\"https:\/\/schema.org\/CreativeWork\" ><div class='avia_textblock'  itemprop=\"text\" ><ul style=\"line-height: 17px;\">\n<li><span style=\"font-family: f45;\">La plus haute pr\u00e9cision de rotation du monde<\/span><\/li>\n<li><span style=\"font-family: f45;\">Plage de mesure et pression de palpage r\u00e9glables<\/span><\/li>\n<li><span style=\"font-family: f45;\">Haute cadence gr\u00e2ce \u00e0 l&rsquo;alignement automatique rapide en moins d&rsquo;une minute<\/span><\/li>\n<li><span style=\"font-family: f45;\">Plateau rotatif de haute pr\u00e9cision avec paliers \u00e0 air pour une rotation sans usure.<\/span><\/li>\n<li><span style=\"font-family: f45;\">Pr\u00e9cision de 20\u00a0nanom\u00e8tres avec une charge maximale de 60 \u00e0 100\u00a0kg<\/span><\/li>\n<\/ul>\n<\/div><\/section><\/div>\n<style type=\"text\/css\" data-created_by=\"avia_inline_auto\" id=\"style-css-av-av_one_full-61e4f6effe5be9b1c2fed72c3d9bd35b\">\n#top .flex_column.av-av_one_full-61e4f6effe5be9b1c2fed72c3d9bd35b{\nmargin-top:0px;\nmargin-bottom:0px;\n}\n.flex_column.av-av_one_full-61e4f6effe5be9b1c2fed72c3d9bd35b{\n-webkit-border-radius:0px 0px 0px 0px;\n-moz-border-radius:0px 0px 0px 0px;\nborder-radius:0px 0px 0px 0px;\npadding:15px 15px 15px 15px;\nbackground-color:#c9deed;\n}\n.responsive #top #wrap_all .flex_column.av-av_one_full-61e4f6effe5be9b1c2fed72c3d9bd35b{\nmargin-top:0px;\nmargin-bottom:0px;\n}\n<\/style>\n<div class='flex_column av-av_one_full-61e4f6effe5be9b1c2fed72c3d9bd35b av_one_full first no_margin flex_column_div '     ><section  class='av_textblock_section av-av_textblock-0366cc7376be6c9e82a3e9cc8987b64f'  itemscope=\"itemscope\" itemtype=\"https:\/\/schema.org\/CreativeWork\" ><div class='avia_textblock'  itemprop=\"text\" ><p><span style=\"font-family: frutiger; font-size: 20px;\">Domaine d&rsquo;application<\/span><br \/>\n<span style=\"font-family: f45;\">RONDCOM 60 est un appareil id\u00e9al pour la mesure de profils cylindriques de pi\u00e8ces d&rsquo;automobiles de haute pr\u00e9cision.<\/span><\/p>\n<\/div><\/section><\/div><\/p>\n<\/div><\/div>\n<style type=\"text\/css\" data-created_by=\"avia_inline_auto\" id=\"style-css-av-av_cell_one_third-74480de122d07dea34d0f3b276233755\">\n.flex_cell.av-av_cell_one_third-74480de122d07dea34d0f3b276233755{\nvertical-align:top;\n}\n.responsive #top #wrap_all .flex_cell.av-av_cell_one_third-74480de122d07dea34d0f3b276233755{\npadding:15px 0px 0px 0px !important;\n}\n<\/style>\n<div class='flex_cell av-av_cell_one_third-74480de122d07dea34d0f3b276233755 av-gridrow-cell av_one_third no_margin' ><div class='flex_cell_inner'><p>\n<style type=\"text\/css\" data-created_by=\"avia_inline_auto\" id=\"style-css-av-av_one_full-2a48e4675a1c75d2e1929671a5bea2ff\">\n.flex_column.av-av_one_full-2a48e4675a1c75d2e1929671a5bea2ff{\n-webkit-border-radius:0px 0px 0px 0px;\n-moz-border-radius:0px 0px 0px 0px;\nborder-radius:0px 0px 0px 0px;\npadding:0px 0px 0px 0px;\nbackground-color:#154194;\n}\n<\/style>\n<div class='flex_column av-av_one_full-2a48e4675a1c75d2e1929671a5bea2ff av_one_full first no_margin flex_column_div av-hide-on-mobile av-zero-column-padding '     ><div  class='avia-builder-widget-area clearfix '><div id=\"nav_menu-31\" class=\"widget-odd widget-last widget-first widget-1 widget clearfix widget_nav_menu\"><div class=\"menu-neu-industrial-met-form-sub-englisch-franzosisch-container\"><ul id=\"menu-neu-industrial-met-form-sub-englisch-franzosisch\" class=\"menu\"><li id=\"menu-item-56917\" class=\"menu-item menu-item-type-post_type menu-item-object-page menu-item-has-children menu-item-56917\"><a href=\"https:\/\/www.accretech.eu\/fr\/?page_id=36862\">Appareils de mesure de forme \u00e0 commande CNC<\/a>\n<ul class=\"sub-menu\">\n\t<li id=\"menu-item-56918\" class=\"menu-item menu-item-type-post_type menu-item-object-page menu-item-56918\"><a href=\"https:\/\/www.accretech.eu\/fr\/produits\/metrologie-industrielle\/appareils-de-mesure-de-forme\/rondcom-55\/\">RONDCOM 55<\/a><\/li>\n\t<li id=\"menu-item-56919\" class=\"menu-item menu-item-type-post_type menu-item-object-page menu-item-56919\"><a href=\"https:\/\/www.accretech.eu\/fr\/produits\/metrologie-industrielle\/appareils-de-mesure-de-forme\/rondcom-60\/\">RONDCOM 60<\/a><\/li>\n\t<li id=\"menu-item-56920\" class=\"menu-item menu-item-type-post_type menu-item-object-page menu-item-56920\"><a href=\"https:\/\/www.accretech.eu\/fr\/produits\/metrologie-industrielle\/appareils-de-mesure-de-forme\/rondcom-65\/\">RONDCOM 65<\/a><\/li>\n\t<li id=\"menu-item-56961\" class=\"menu-item menu-item-type-post_type menu-item-object-page menu-item-56961\"><a href=\"https:\/\/www.accretech.eu\/fr\/produits\/metrologie-industrielle\/appareils-de-mesure-de-forme\/rondcom-nex-rs-200300\/\">RONDCOM NEX RS 200\/300<\/a><\/li>\n\t<li id=\"menu-item-56962\" class=\"menu-item menu-item-type-post_type menu-item-object-page menu-item-56962\"><a href=\"https:\/\/www.accretech.eu\/fr\/produits\/metrologie-industrielle\/appareils-de-mesure-de-forme\/rondcom-nex-200300\/\">RONDCOM NEX 200\/300<\/a><\/li>\n\t<li id=\"menu-item-56963\" class=\"menu-item menu-item-type-post_type menu-item-object-page menu-item-56963\"><a href=\"https:\/\/www.accretech.eu\/fr\/produits\/metrologie-industrielle\/appareils-de-mesure-de-forme\/rondcom-crest\/\">RONDCOM CREST<\/a><\/li>\n<\/ul>\n<\/li>\n<li id=\"menu-item-56964\" class=\"menu-item menu-item-type-post_type menu-item-object-page menu-item-has-children menu-item-56964\"><a href=\"https:\/\/www.accretech.eu\/fr\/?page_id=36863\">Appareils automatiques, alignement manuel<\/a>\n<ul class=\"sub-menu\">\n\t<li id=\"menu-item-56965\" class=\"menu-item menu-item-type-post_type menu-item-object-page menu-item-56965\"><a href=\"https:\/\/www.accretech.eu\/fr\/produits\/metrologie-industrielle\/appareils-de-mesure-de-forme\/rondcom-31\/\">RONDCOM 31<\/a><\/li>\n\t<li id=\"menu-item-56966\" class=\"menu-item menu-item-type-post_type menu-item-object-page menu-item-56966\"><a href=\"https:\/\/www.accretech.eu\/fr\/produits\/metrologie-industrielle\/appareils-de-mesure-de-forme\/rondcom-41\/\">RONDCOM 41<\/a><\/li>\n\t<li id=\"menu-item-56967\" class=\"menu-item menu-item-type-post_type menu-item-object-page menu-item-56967\"><a href=\"https:\/\/www.accretech.eu\/fr\/produits\/metrologie-industrielle\/appareils-de-mesure-de-forme\/rondcom-43\/\">Rondcom 43<\/a><\/li>\n\t<li id=\"menu-item-56968\" class=\"menu-item menu-item-type-post_type menu-item-object-page menu-item-56968\"><a href=\"https:\/\/www.accretech.eu\/fr\/produits\/metrologie-industrielle\/appareils-de-mesure-de-forme\/rondcom-nex-100\/\">RONDCOM NEX 100<\/a><\/li>\n<\/ul>\n<\/li>\n<li id=\"menu-item-56969\" class=\"menu-item menu-item-type-post_type menu-item-object-page menu-item-has-children menu-item-56969\"><a href=\"https:\/\/www.accretech.eu\/fr\/?page_id=36864\">Appareils \u00e0 colonne manuelle<\/a>\n<ul class=\"sub-menu\">\n\t<li id=\"menu-item-57006\" class=\"menu-item menu-item-type-post_type menu-item-object-page menu-item-57006\"><a href=\"https:\/\/www.accretech.eu\/fr\/produits\/metrologie-industrielle\/appareils-de-mesure-de-forme\/rondcom-touch\/\">RONDCOM TOUCH<\/a><\/li>\n<\/ul>\n<\/li>\n<li id=\"menu-item-57011\" class=\"menu-item menu-item-type-post_type menu-item-object-page menu-item-57011\"><a href=\"https:\/\/www.accretech.eu\/fr\/?page_id=34737\">ACCTee logiciel d&rsquo;\u00e9valuation<\/a><\/li>\n<li id=\"menu-item-57008\" class=\"menu-item menu-item-type-post_type menu-item-object-page menu-item-57008\"><a href=\"https:\/\/www.accretech.eu\/fr\/produits\/metrologie-industrielle\/appareils-de-mesure-de-forme\/rondcom-73\/\">RONDCOM 73<\/a><\/li>\n<li id=\"menu-item-57009\" class=\"menu-item menu-item-type-post_type menu-item-object-page menu-item-57009\"><a href=\"https:\/\/www.accretech.eu\/fr\/produits\/metrologie-industrielle\/appareils-de-mesure-de-forme\/rondcom-76\/\">RONDCOM 76<\/a><\/li>\n<\/ul><\/div><\/div><\/div><\/div>\n<style type=\"text\/css\" data-created_by=\"avia_inline_auto\" id=\"style-css-av-2go4sj-83919e47db7cb48afa0895c039373b7b\">\n#top .flex_column.av-2go4sj-83919e47db7cb48afa0895c039373b7b{\nmargin-top:15px;\nmargin-bottom:0px;\n}\n.flex_column.av-2go4sj-83919e47db7cb48afa0895c039373b7b{\n-webkit-border-radius:0px 0px 0px 0px;\n-moz-border-radius:0px 0px 0px 0px;\nborder-radius:0px 0px 0px 0px;\npadding:0px 0px 0px 0px;\n}\n.responsive #top #wrap_all .flex_column.av-2go4sj-83919e47db7cb48afa0895c039373b7b{\nmargin-top:15px;\nmargin-bottom:0px;\n}\n<\/style>\n<div class='flex_column av-2go4sj-83919e47db7cb48afa0895c039373b7b av_one_full first flex_column_div av-zero-column-padding '     ><div  class='avia-button-wrap av-jxn4ousc-e10026206ab19fd31e7e55f729901139-wrap avia-button-left  new-home-button-big custom-icon'>\n<style type=\"text\/css\" data-created_by=\"avia_inline_auto\" id=\"style-css-av-jxn4ousc-e10026206ab19fd31e7e55f729901139\">\n#top #wrap_all .avia-button.av-jxn4ousc-e10026206ab19fd31e7e55f729901139{\nbackground-color:#154194;\nborder-color:#154194;\ncolor:#ffffff;\n-webkit-transition:all 0.4s ease-in-out;\n-moz-transition:all 0.4s ease-in-out;\n-ms-transition:all 0.4s ease-in-out;\n-o-transition:all 0.4s ease-in-out;\ntransition:all 0.4s ease-in-out;\n}\n<\/style>\n<a href='https:\/\/www.accretech.eu\/fr\/contact-et-support\/contact\/?fom=fr&amp;interest=M%C3%A9trologie%20industrielle&amp;_sfm_bereich=M%C3%A9trologie%20industrielle'  class='avia-button av-jxn4ousc-e10026206ab19fd31e7e55f729901139 avia-icon_select-yes-left-icon avia-size-large avia-position-left'  target=\"_blank\"  rel=\"noopener noreferrer\" ><span class='avia_button_icon avia_button_icon_left' aria-hidden='true' data-av_icon='\ue805' data-av_iconfont='entypo-fontello'><\/span><span class='avia_iconbox_title' >Recevoir un offre<\/span><\/a><\/div><\/div><\/p>\n<\/div><\/div><\/div>\n","protected":false},"excerpt":{"rendered":"<p>Appareil de mesure de circularit\u00e9 de tr\u00e8s haute pr\u00e9cision, le meilleur de sa cat\u00e9gorie<\/p>\n","protected":false},"author":1,"featured_media":0,"parent":6922,"menu_order":0,"comment_status":"closed","ping_status":"closed","template":"","meta":{"footnotes":""},"filter_category":[],"filter_measurements":[],"class_list":["post-7011","page","type-page","status-publish","hentry"],"acf":[],"yoast_head":"<!-- This site is optimized with the Yoast SEO Premium plugin v26.1 (Yoast SEO v26.1.1) - https:\/\/yoast.com\/wordpress\/plugins\/seo\/ -->\n<title>RONDCOM 60 - ACCRETECH (Europe)<\/title>\n<meta name=\"robots\" content=\"index, follow, max-snippet:-1, max-image-preview:large, max-video-preview:-1\" \/>\n<link rel=\"canonical\" href=\"https:\/\/www.accretech.eu\/fr\/produits\/metrologie-industrielle\/appareils-de-mesure-de-forme\/rondcom-60\/\" \/>\n<meta property=\"og:locale\" content=\"fr_FR\" \/>\n<meta property=\"og:type\" content=\"article\" \/>\n<meta property=\"og:title\" content=\"RONDCOM 60\" \/>\n<meta property=\"og:description\" content=\"Appareil de mesure de circularit\u00e9 de tr\u00e8s haute pr\u00e9cision, le meilleur de sa cat\u00e9gorie\" \/>\n<meta property=\"og:url\" content=\"https:\/\/www.accretech.eu\/fr\/produits\/metrologie-industrielle\/appareils-de-mesure-de-forme\/rondcom-60\/\" \/>\n<meta property=\"og:site_name\" content=\"ACCRETECH (Europe)\" \/>\n<meta property=\"article:modified_time\" content=\"2021-08-30T09:13:18+00:00\" \/>\n<meta name=\"twitter:card\" content=\"summary_large_image\" \/>\n<meta name=\"twitter:label1\" content=\"Dur\u00e9e de lecture estim\u00e9e\" \/>\n\t<meta name=\"twitter:data1\" content=\"5 minutes\" \/>\n<script type=\"application\/ld+json\" class=\"yoast-schema-graph\">{\"@context\":\"https:\/\/schema.org\",\"@graph\":[{\"@type\":\"WebPage\",\"@id\":\"https:\/\/www.accretech.eu\/fr\/produits\/metrologie-industrielle\/appareils-de-mesure-de-forme\/rondcom-60\/\",\"url\":\"https:\/\/www.accretech.eu\/fr\/produits\/metrologie-industrielle\/appareils-de-mesure-de-forme\/rondcom-60\/\",\"name\":\"RONDCOM 60 - ACCRETECH (Europe)\",\"isPartOf\":{\"@id\":\"https:\/\/www.accretech.eu\/it\/#website\"},\"datePublished\":\"2017-03-25T21:10:14+00:00\",\"dateModified\":\"2021-08-30T09:13:18+00:00\",\"breadcrumb\":{\"@id\":\"https:\/\/www.accretech.eu\/fr\/produits\/metrologie-industrielle\/appareils-de-mesure-de-forme\/rondcom-60\/#breadcrumb\"},\"inLanguage\":\"fr-FR\",\"potentialAction\":[{\"@type\":\"ReadAction\",\"target\":[\"https:\/\/www.accretech.eu\/fr\/produits\/metrologie-industrielle\/appareils-de-mesure-de-forme\/rondcom-60\/\"]}]},{\"@type\":\"BreadcrumbList\",\"@id\":\"https:\/\/www.accretech.eu\/fr\/produits\/metrologie-industrielle\/appareils-de-mesure-de-forme\/rondcom-60\/#breadcrumb\",\"itemListElement\":[{\"@type\":\"ListItem\",\"position\":1,\"name\":\"Startseite\",\"item\":\"https:\/\/www.accretech.eu\/fr\/home-2\/\"},{\"@type\":\"ListItem\",\"position\":2,\"name\":\"Produits\",\"item\":\"https:\/\/www.accretech.eu\/fr\/produits\/\"},{\"@type\":\"ListItem\",\"position\":3,\"name\":\"M\u00e9trologie industrielle\",\"item\":\"https:\/\/www.accretech.eu\/fr\/produits\/metrologie-industrielle\/\"},{\"@type\":\"ListItem\",\"position\":4,\"name\":\"Appareils de mesure de forme\",\"item\":\"https:\/\/www.accretech.eu\/fr\/produits\/metrologie-industrielle\/appareils-de-mesure-de-forme\/\"},{\"@type\":\"ListItem\",\"position\":5,\"name\":\"RONDCOM 60\"}]},{\"@type\":\"WebSite\",\"@id\":\"https:\/\/www.accretech.eu\/it\/#website\",\"url\":\"https:\/\/www.accretech.eu\/it\/\",\"name\":\"ACCRETECH (Europe)\",\"description\":\"\",\"publisher\":{\"@id\":\"https:\/\/www.accretech.eu\/it\/#organization\"},\"potentialAction\":[{\"@type\":\"SearchAction\",\"target\":{\"@type\":\"EntryPoint\",\"urlTemplate\":\"https:\/\/www.accretech.eu\/it\/?s={search_term_string}\"},\"query-input\":{\"@type\":\"PropertyValueSpecification\",\"valueRequired\":true,\"valueName\":\"search_term_string\"}}],\"inLanguage\":\"fr-FR\"},{\"@type\":\"Organization\",\"@id\":\"https:\/\/www.accretech.eu\/it\/#organization\",\"name\":\"ACCRETECH (Europe) GmbH\",\"url\":\"https:\/\/www.accretech.eu\/it\/\",\"logo\":{\"@type\":\"ImageObject\",\"inLanguage\":\"fr-FR\",\"@id\":\"https:\/\/www.accretech.eu\/it\/#\/schema\/logo\/image\/\",\"url\":\"https:\/\/www.accretech.eu\/wp-content\/uploads\/2016\/10\/accretech-europe_logo.png\",\"contentUrl\":\"https:\/\/www.accretech.eu\/wp-content\/uploads\/2016\/10\/accretech-europe_logo.png\",\"width\":312,\"height\":42,\"caption\":\"ACCRETECH (Europe) GmbH\"},\"image\":{\"@id\":\"https:\/\/www.accretech.eu\/it\/#\/schema\/logo\/image\/\"}}]}<\/script>\n<!-- \/ Yoast SEO Premium plugin. -->","yoast_head_json":{"title":"RONDCOM 60 - ACCRETECH (Europe)","robots":{"index":"index","follow":"follow","max-snippet":"max-snippet:-1","max-image-preview":"max-image-preview:large","max-video-preview":"max-video-preview:-1"},"canonical":"https:\/\/www.accretech.eu\/fr\/produits\/metrologie-industrielle\/appareils-de-mesure-de-forme\/rondcom-60\/","og_locale":"fr_FR","og_type":"article","og_title":"RONDCOM 60","og_description":"Appareil de mesure de circularit\u00e9 de tr\u00e8s haute pr\u00e9cision, le meilleur de sa cat\u00e9gorie","og_url":"https:\/\/www.accretech.eu\/fr\/produits\/metrologie-industrielle\/appareils-de-mesure-de-forme\/rondcom-60\/","og_site_name":"ACCRETECH (Europe)","article_modified_time":"2021-08-30T09:13:18+00:00","twitter_card":"summary_large_image","twitter_misc":{"Dur\u00e9e de lecture estim\u00e9e":"5 minutes"},"schema":{"@context":"https:\/\/schema.org","@graph":[{"@type":"WebPage","@id":"https:\/\/www.accretech.eu\/fr\/produits\/metrologie-industrielle\/appareils-de-mesure-de-forme\/rondcom-60\/","url":"https:\/\/www.accretech.eu\/fr\/produits\/metrologie-industrielle\/appareils-de-mesure-de-forme\/rondcom-60\/","name":"RONDCOM 60 - ACCRETECH (Europe)","isPartOf":{"@id":"https:\/\/www.accretech.eu\/it\/#website"},"datePublished":"2017-03-25T21:10:14+00:00","dateModified":"2021-08-30T09:13:18+00:00","breadcrumb":{"@id":"https:\/\/www.accretech.eu\/fr\/produits\/metrologie-industrielle\/appareils-de-mesure-de-forme\/rondcom-60\/#breadcrumb"},"inLanguage":"fr-FR","potentialAction":[{"@type":"ReadAction","target":["https:\/\/www.accretech.eu\/fr\/produits\/metrologie-industrielle\/appareils-de-mesure-de-forme\/rondcom-60\/"]}]},{"@type":"BreadcrumbList","@id":"https:\/\/www.accretech.eu\/fr\/produits\/metrologie-industrielle\/appareils-de-mesure-de-forme\/rondcom-60\/#breadcrumb","itemListElement":[{"@type":"ListItem","position":1,"name":"Startseite","item":"https:\/\/www.accretech.eu\/fr\/home-2\/"},{"@type":"ListItem","position":2,"name":"Produits","item":"https:\/\/www.accretech.eu\/fr\/produits\/"},{"@type":"ListItem","position":3,"name":"M\u00e9trologie industrielle","item":"https:\/\/www.accretech.eu\/fr\/produits\/metrologie-industrielle\/"},{"@type":"ListItem","position":4,"name":"Appareils de mesure de forme","item":"https:\/\/www.accretech.eu\/fr\/produits\/metrologie-industrielle\/appareils-de-mesure-de-forme\/"},{"@type":"ListItem","position":5,"name":"RONDCOM 60"}]},{"@type":"WebSite","@id":"https:\/\/www.accretech.eu\/it\/#website","url":"https:\/\/www.accretech.eu\/it\/","name":"ACCRETECH (Europe)","description":"","publisher":{"@id":"https:\/\/www.accretech.eu\/it\/#organization"},"potentialAction":[{"@type":"SearchAction","target":{"@type":"EntryPoint","urlTemplate":"https:\/\/www.accretech.eu\/it\/?s={search_term_string}"},"query-input":{"@type":"PropertyValueSpecification","valueRequired":true,"valueName":"search_term_string"}}],"inLanguage":"fr-FR"},{"@type":"Organization","@id":"https:\/\/www.accretech.eu\/it\/#organization","name":"ACCRETECH (Europe) GmbH","url":"https:\/\/www.accretech.eu\/it\/","logo":{"@type":"ImageObject","inLanguage":"fr-FR","@id":"https:\/\/www.accretech.eu\/it\/#\/schema\/logo\/image\/","url":"https:\/\/www.accretech.eu\/wp-content\/uploads\/2016\/10\/accretech-europe_logo.png","contentUrl":"https:\/\/www.accretech.eu\/wp-content\/uploads\/2016\/10\/accretech-europe_logo.png","width":312,"height":42,"caption":"ACCRETECH (Europe) GmbH"},"image":{"@id":"https:\/\/www.accretech.eu\/it\/#\/schema\/logo\/image\/"}}]}},"_links":{"self":[{"href":"https:\/\/www.accretech.eu\/fr\/wp-json\/wp\/v2\/pages\/7011","targetHints":{"allow":["GET"]}}],"collection":[{"href":"https:\/\/www.accretech.eu\/fr\/wp-json\/wp\/v2\/pages"}],"about":[{"href":"https:\/\/www.accretech.eu\/fr\/wp-json\/wp\/v2\/types\/page"}],"author":[{"embeddable":true,"href":"https:\/\/www.accretech.eu\/fr\/wp-json\/wp\/v2\/users\/1"}],"replies":[{"embeddable":true,"href":"https:\/\/www.accretech.eu\/fr\/wp-json\/wp\/v2\/comments?post=7011"}],"version-history":[{"count":0,"href":"https:\/\/www.accretech.eu\/fr\/wp-json\/wp\/v2\/pages\/7011\/revisions"}],"up":[{"embeddable":true,"href":"https:\/\/www.accretech.eu\/fr\/wp-json\/wp\/v2\/pages\/6922"}],"wp:attachment":[{"href":"https:\/\/www.accretech.eu\/fr\/wp-json\/wp\/v2\/media?parent=7011"}],"wp:term":[{"taxonomy":"filter_category","embeddable":true,"href":"https:\/\/www.accretech.eu\/fr\/wp-json\/wp\/v2\/filter_category?post=7011"},{"taxonomy":"filter_measurements","embeddable":true,"href":"https:\/\/www.accretech.eu\/fr\/wp-json\/wp\/v2\/filter_measurements?post=7011"}],"curies":[{"name":"wp","href":"https:\/\/api.w.org\/{rel}","templated":true}]}}