{"id":7026,"date":"2017-03-25T22:32:13","date_gmt":"2017-03-25T21:32:13","guid":{"rendered":"https:\/\/www.accretech.de\/?page_id=7026"},"modified":"2021-08-30T11:13:52","modified_gmt":"2021-08-30T09:13:52","slug":"rondcom-31","status":"publish","type":"page","link":"https:\/\/www.accretech.eu\/fr\/produits\/metrologie-industrielle\/appareils-de-mesure-de-forme\/rondcom-31\/","title":{"rendered":"RONDCOM 31"},"content":{"rendered":"<\/div><\/div><\/div><!-- close content main div --><\/div><\/div><div id='standard-grid'  class='av-layout-grid-container av-61japu-a1efaa10d10546c10a0342ff39f6e981 entry-content-wrapper main_color av-flex-cells  container_wrap fullsize'  >\n\n<style type=\"text\/css\" data-created_by=\"avia_inline_auto\" id=\"style-css-av-1mj8hn6-a228ba6584c7e0953b3718eb3d36d089\">\n.flex_cell.av-1mj8hn6-a228ba6584c7e0953b3718eb3d36d089{\nvertical-align:top;\n}\n.responsive #top #wrap_all .flex_cell.av-1mj8hn6-a228ba6584c7e0953b3718eb3d36d089{\npadding:0px 20px 0px 0px !important;\n}\n<\/style>\n<div class='flex_cell av-1mj8hn6-a228ba6584c7e0953b3718eb3d36d089 av-gridrow-cell av_two_third no_margin' ><div class='flex_cell_inner'><p>\n<style type=\"text\/css\" data-created_by=\"avia_inline_auto\" id=\"style-css-av-1lf4awi-841188833885c65bb1b2d45f01ab9d5d\">\n.flex_column.av-1lf4awi-841188833885c65bb1b2d45f01ab9d5d{\n-webkit-border-radius:0px 0px 0px 0px;\n-moz-border-radius:0px 0px 0px 0px;\nborder-radius:0px 0px 0px 0px;\npadding:0px 0px 0px 0px;\n}\n<\/style>\n<div class='flex_column av-1lf4awi-841188833885c65bb1b2d45f01ab9d5d av_one_full first no_margin flex_column_div av-zero-column-padding '     ><\/div>\n<style type=\"text\/css\" data-created_by=\"avia_inline_auto\" id=\"style-css-av-1hr2cxe-f5fd0deb23a1f45e02c202208b11f9e1\">\n#top .flex_column.av-1hr2cxe-f5fd0deb23a1f45e02c202208b11f9e1{\nmargin-top:30px;\nmargin-bottom:0px;\n}\n.flex_column.av-1hr2cxe-f5fd0deb23a1f45e02c202208b11f9e1{\n-webkit-border-radius:0px 0px 0px 0px;\n-moz-border-radius:0px 0px 0px 0px;\nborder-radius:0px 0px 0px 0px;\npadding:0px 0px 0px 0px;\n}\n.responsive #top #wrap_all .flex_column.av-1hr2cxe-f5fd0deb23a1f45e02c202208b11f9e1{\nmargin-top:30px;\nmargin-bottom:0px;\n}\n<\/style>\n<div class='flex_column av-1hr2cxe-f5fd0deb23a1f45e02c202208b11f9e1 av_one_half first no_margin flex_column_div av-zero-column-padding '     ><section  class='av_textblock_section av-jsvrl9we-a20c58ae00f3a18df9dd3c65cd0a6515'  itemscope=\"itemscope\" itemtype=\"https:\/\/schema.org\/CreativeWork\" ><div class='avia_textblock'  itemprop=\"text\" ><h1><span style=\"color: #154194; font-size: 36px; font-family: frutiger;\">RONDCOM 31<\/span><\/h1>\n<h2><span style=\"font-family: f55;\">Appareil de mesure de forme de haute pr\u00e9cision \u00e0 plage de mesure maximale<\/span><\/h2>\n<\/div><\/section><br \/>\n\n<style type=\"text\/css\" data-created_by=\"avia_inline_auto\" id=\"style-css-av-1fhftw2-79657eedac302dc84e7a51814c6c799d\">\n#top .av_textblock_section.av-1fhftw2-79657eedac302dc84e7a51814c6c799d .avia_textblock{\nfont-size:16px;\n}\n<\/style>\n<section  class='av_textblock_section av-1fhftw2-79657eedac302dc84e7a51814c6c799d'  itemscope=\"itemscope\" itemtype=\"https:\/\/schema.org\/CreativeWork\" ><div class='avia_textblock'  itemprop=\"text\" ><div style=\"line-height: 15px; margin-top: 30px;\">Alignement de la pi\u00e8ce assist\u00e9 par logiciel<br \/>\n\n<style type=\"text\/css\" data-created_by=\"avia_inline_auto\" id=\"style-css-av-1ehcqwy-810885333a106f279246f3519b0b1ba8\">\n#top .hr.av-1ehcqwy-810885333a106f279246f3519b0b1ba8{\nmargin-top:0px;\nmargin-bottom:0px;\n}\n.hr.av-1ehcqwy-810885333a106f279246f3519b0b1ba8 .hr-inner{\nwidth:90%;\nborder-color:#d2d2d2;\n}\n<\/style>\n<div  class='hr av-1ehcqwy-810885333a106f279246f3519b0b1ba8 hr-custom hr-left hr-icon-no'><span class='hr-inner inner-border-av-border-thin'><span class=\"hr-inner-style\"><\/span><\/span><\/div><br \/>\nPlage de mesure maximale\u00a0: 250\u00a0mm de diam\u00e8tre ext\u00e9rieur<br \/>\n\n<style type=\"text\/css\" data-created_by=\"avia_inline_auto\" id=\"style-css-av-1c99y1u-9de769e43431fbe421e65c255af4e7bb\">\n#top .hr.av-1c99y1u-9de769e43431fbe421e65c255af4e7bb{\nmargin-top:0px;\nmargin-bottom:0px;\n}\n.hr.av-1c99y1u-9de769e43431fbe421e65c255af4e7bb .hr-inner{\nwidth:90%;\nborder-color:#d2d2d2;\n}\n<\/style>\n<div  class='hr av-1c99y1u-9de769e43431fbe421e65c255af4e7bb hr-custom hr-left hr-icon-no'><span class='hr-inner inner-border-av-border-thin'><span class=\"hr-inner-style\"><\/span><\/span><\/div><br \/>\nPr\u00e9cision de rotation\u00a0: (0,04+6H\/10\u00a0000)\u00a0\u00b5m<br \/>\n\n<style type=\"text\/css\" data-created_by=\"avia_inline_auto\" id=\"style-css-av-1b6hzf6-7309ab8dd84fbced67be0332544145ce\">\n#top .hr.av-1b6hzf6-7309ab8dd84fbced67be0332544145ce{\nmargin-top:0px;\nmargin-bottom:0px;\n}\n.hr.av-1b6hzf6-7309ab8dd84fbced67be0332544145ce .hr-inner{\nwidth:90%;\nborder-color:#d2d2d2;\n}\n<\/style>\n<div  class='hr av-1b6hzf6-7309ab8dd84fbced67be0332544145ce hr-custom hr-left hr-icon-no'><span class='hr-inner inner-border-av-border-thin'><span class=\"hr-inner-style\"><\/span><\/span><\/div><\/div>\n<\/div><\/section><\/p><\/div>\n<style type=\"text\/css\" data-created_by=\"avia_inline_auto\" id=\"style-css-av-1a4nghu-fc26204b5160109ad71afe3eb59e8717\">\n#top .flex_column.av-1a4nghu-fc26204b5160109ad71afe3eb59e8717{\nmargin-top:0px;\nmargin-bottom:0px;\n}\n.flex_column.av-1a4nghu-fc26204b5160109ad71afe3eb59e8717{\n-webkit-border-radius:0px 0px 0px 0px;\n-moz-border-radius:0px 0px 0px 0px;\nborder-radius:0px 0px 0px 0px;\npadding:30px 30px 30px 30px;\n}\n.responsive #top #wrap_all .flex_column.av-1a4nghu-fc26204b5160109ad71afe3eb59e8717{\nmargin-top:0px;\nmargin-bottom:0px;\n}\n<\/style>\n<div class='flex_column av-1a4nghu-fc26204b5160109ad71afe3eb59e8717 av_one_half no_margin flex_column_div '     ><style type=\"text\/css\" data-created_by=\"avia_inline_auto\" id=\"style-css-av-17ezq4y-dc49cb86e8d7a46dbfffdd403d4140f3\">\n.avia-image-container.av-17ezq4y-dc49cb86e8d7a46dbfffdd403d4140f3 img.avia_image{\nbox-shadow:none;\n}\n.avia-image-container.av-17ezq4y-dc49cb86e8d7a46dbfffdd403d4140f3 .av-image-caption-overlay-center{\ncolor:#ffffff;\n}\n<\/style>\n<div  class='avia-image-container av-17ezq4y-dc49cb86e8d7a46dbfffdd403d4140f3 av-styling- av-hover-grow avia-align-center'   itemprop=\"image\" itemscope=\"itemscope\" itemtype=\"https:\/\/schema.org\/ImageObject\" ><div class=\"avia-image-container-inner\"><div class=\"avia-image-overlay-wrap\"><img decoding=\"async\" class='wp-image-4582 avia-img-lazy-loading-not-4582 avia_image ' src=\"https:\/\/www.accretech.eu\/wp-content\/uploads\/2017\/03\/ACCRTECH-GmbH-Produkte-Industrielle-Messtechnik-Rondcom31C-288x300.png\" alt='' title='ACCRTECH GmbH - Produkte - Industrielle Messtechnik Rondcom31C'  height=\"300\" width=\"288\"  itemprop=\"thumbnailUrl\" srcset=\"https:\/\/www.accretech.eu\/wp-content\/uploads\/2017\/03\/ACCRTECH-GmbH-Produkte-Industrielle-Messtechnik-Rondcom31C-288x300.png 288w, https:\/\/www.accretech.eu\/wp-content\/uploads\/2017\/03\/ACCRTECH-GmbH-Produkte-Industrielle-Messtechnik-Rondcom31C-450x469.png 450w, https:\/\/www.accretech.eu\/wp-content\/uploads\/2017\/03\/ACCRTECH-GmbH-Produkte-Industrielle-Messtechnik-Rondcom31C.png 624w\" sizes=\"(max-width: 288px) 100vw, 288px\" \/><\/div><\/div><\/div><\/div>\n<style type=\"text\/css\" data-created_by=\"avia_inline_auto\" id=\"style-css-av-163y1wy-b30852e0d3e11649ed57d8332679b8ba\">\n#top .flex_column.av-163y1wy-b30852e0d3e11649ed57d8332679b8ba{\nmargin-top:30px;\nmargin-bottom:0px;\n}\n.flex_column.av-163y1wy-b30852e0d3e11649ed57d8332679b8ba{\n-webkit-border-radius:0px 0px 0px 0px;\n-moz-border-radius:0px 0px 0px 0px;\nborder-radius:0px 0px 0px 0px;\npadding:0px 0px 0px 0px;\n}\n.responsive #top #wrap_all .flex_column.av-163y1wy-b30852e0d3e11649ed57d8332679b8ba{\nmargin-top:30px;\nmargin-bottom:0px;\n}\n<\/style>\n<div class='flex_column av-163y1wy-b30852e0d3e11649ed57d8332679b8ba av_one_full first no_margin flex_column_div av-zero-column-padding '     ><section  class='av_textblock_section av-14fbp3m-bdce18e317127f11d6deef6c32b820be'  itemscope=\"itemscope\" itemtype=\"https:\/\/schema.org\/CreativeWork\" ><div class='avia_textblock'  itemprop=\"text\" ><ul style=\"line-height: 17px;\">\n<li><span style=\"font-family: f45;\">Axes de grande qualit\u00e9 avec plateau rotatif \u00e0 paliers \u00e0 air, colonne\u00a0Z 500\u00a0mm en option<\/span><\/li>\n<li><span style=\"font-family: f45;\">Plage de mesure et pression de palpage r\u00e9glables<\/span><\/li>\n<li><span style=\"font-family: f45;\">Analyse \u00e0 commande num\u00e9rique (CNC) et impression<\/span><\/li>\n<li><span style=\"font-family: f45;\">Logiciel de mesure ACCTee avec fonctions d&rsquo;aide pour le centrage et l&rsquo;alignement<\/span><\/li>\n<li><span style=\"font-family: f45;\">Pi\u00e8ces jusqu&rsquo;\u00e0 25 kg au maximum<\/span><\/li>\n<\/ul>\n<\/div><\/section><\/div>\n<style type=\"text\/css\" data-created_by=\"avia_inline_auto\" id=\"style-css-av-10juwn6-386264513934ced21339dbe3bc74384b\">\n#top .flex_column.av-10juwn6-386264513934ced21339dbe3bc74384b{\nmargin-top:0px;\nmargin-bottom:0px;\n}\n.flex_column.av-10juwn6-386264513934ced21339dbe3bc74384b{\n-webkit-border-radius:0px 0px 0px 0px;\n-moz-border-radius:0px 0px 0px 0px;\nborder-radius:0px 0px 0px 0px;\npadding:15px 15px 15px 15px;\nbackground-color:#c9deed;\n}\n.responsive #top #wrap_all .flex_column.av-10juwn6-386264513934ced21339dbe3bc74384b{\nmargin-top:0px;\nmargin-bottom:0px;\n}\n<\/style>\n<div class='flex_column av-10juwn6-386264513934ced21339dbe3bc74384b av_one_full first no_margin flex_column_div '     ><section  class='av_textblock_section av-10bxuaq-f3b005f709a591f257bfe7df83ccf56f'  itemscope=\"itemscope\" itemtype=\"https:\/\/schema.org\/CreativeWork\" ><div class='avia_textblock'  itemprop=\"text\" ><p><span style=\"font-family: frutiger; font-size: 20px;\">Domaine d&rsquo;application<\/span><\/p>\n<p><span style=\"font-family: f45;\">RONDCOM 31 permet la r\u00e9alisation rapide, simple et pr\u00e9cise d&rsquo;op\u00e9rations de mesure de forme, comme la mesure de param\u00e8tres polaires tels que la circularit\u00e9, la plan\u00e9it\u00e9, la coaxialit\u00e9, la concentricit\u00e9, etc.<\/span><\/p>\n<\/div><\/section><\/div><\/p>\n<\/div><\/div>\n<style type=\"text\/css\" data-created_by=\"avia_inline_auto\" id=\"style-css-av-9fcssy-5b96d96578269b48c3a981537abc9a1c\">\n.flex_cell.av-9fcssy-5b96d96578269b48c3a981537abc9a1c{\nvertical-align:top;\n}\n.responsive #top #wrap_all .flex_cell.av-9fcssy-5b96d96578269b48c3a981537abc9a1c{\npadding:15px 0px 0px 0px !important;\n}\n<\/style>\n<div class='flex_cell av-9fcssy-5b96d96578269b48c3a981537abc9a1c av-gridrow-cell av_one_third no_margin' ><div class='flex_cell_inner'><p>\n<style type=\"text\/css\" data-created_by=\"avia_inline_auto\" id=\"style-css-av-7xsuxu-8e4a8ff69148dfcdb48cea549f5ca33b\">\n.flex_column.av-7xsuxu-8e4a8ff69148dfcdb48cea549f5ca33b{\n-webkit-border-radius:0px 0px 0px 0px;\n-moz-border-radius:0px 0px 0px 0px;\nborder-radius:0px 0px 0px 0px;\npadding:0px 0px 0px 0px;\nbackground-color:#154194;\n}\n<\/style>\n<div class='flex_column av-7xsuxu-8e4a8ff69148dfcdb48cea549f5ca33b av_one_full first no_margin flex_column_div av-hide-on-mobile av-zero-column-padding '     ><div  class='avia-builder-widget-area clearfix '><div id=\"nav_menu-31\" class=\"widget-odd widget-last widget-first widget-1 widget clearfix widget_nav_menu\"><div class=\"menu-neu-industrial-met-form-sub-englisch-franzosisch-container\"><ul id=\"menu-neu-industrial-met-form-sub-englisch-franzosisch\" class=\"menu\"><li id=\"menu-item-56917\" class=\"menu-item menu-item-type-post_type menu-item-object-page menu-item-has-children menu-item-56917\"><a href=\"https:\/\/www.accretech.eu\/fr\/?page_id=36862\">Appareils de mesure de forme \u00e0 commande CNC<\/a>\n<ul class=\"sub-menu\">\n\t<li id=\"menu-item-56918\" class=\"menu-item menu-item-type-post_type menu-item-object-page menu-item-56918\"><a href=\"https:\/\/www.accretech.eu\/fr\/produits\/metrologie-industrielle\/appareils-de-mesure-de-forme\/rondcom-55\/\">RONDCOM 55<\/a><\/li>\n\t<li id=\"menu-item-56919\" class=\"menu-item menu-item-type-post_type menu-item-object-page menu-item-56919\"><a href=\"https:\/\/www.accretech.eu\/fr\/produits\/metrologie-industrielle\/appareils-de-mesure-de-forme\/rondcom-60\/\">RONDCOM 60<\/a><\/li>\n\t<li id=\"menu-item-56920\" class=\"menu-item menu-item-type-post_type menu-item-object-page menu-item-56920\"><a href=\"https:\/\/www.accretech.eu\/fr\/produits\/metrologie-industrielle\/appareils-de-mesure-de-forme\/rondcom-65\/\">RONDCOM 65<\/a><\/li>\n\t<li id=\"menu-item-56961\" class=\"menu-item menu-item-type-post_type menu-item-object-page menu-item-56961\"><a href=\"https:\/\/www.accretech.eu\/fr\/produits\/metrologie-industrielle\/appareils-de-mesure-de-forme\/rondcom-nex-rs-200300\/\">RONDCOM NEX RS 200\/300<\/a><\/li>\n\t<li id=\"menu-item-56962\" class=\"menu-item menu-item-type-post_type menu-item-object-page menu-item-56962\"><a href=\"https:\/\/www.accretech.eu\/fr\/produits\/metrologie-industrielle\/appareils-de-mesure-de-forme\/rondcom-nex-200300\/\">RONDCOM NEX 200\/300<\/a><\/li>\n\t<li id=\"menu-item-56963\" class=\"menu-item menu-item-type-post_type menu-item-object-page menu-item-56963\"><a href=\"https:\/\/www.accretech.eu\/fr\/produits\/metrologie-industrielle\/appareils-de-mesure-de-forme\/rondcom-crest\/\">RONDCOM CREST<\/a><\/li>\n<\/ul>\n<\/li>\n<li id=\"menu-item-56964\" class=\"menu-item menu-item-type-post_type menu-item-object-page menu-item-has-children menu-item-56964\"><a href=\"https:\/\/www.accretech.eu\/fr\/?page_id=36863\">Appareils automatiques, alignement manuel<\/a>\n<ul class=\"sub-menu\">\n\t<li id=\"menu-item-56965\" class=\"menu-item menu-item-type-post_type menu-item-object-page menu-item-56965\"><a href=\"https:\/\/www.accretech.eu\/fr\/produits\/metrologie-industrielle\/appareils-de-mesure-de-forme\/rondcom-31\/\">RONDCOM 31<\/a><\/li>\n\t<li id=\"menu-item-56966\" class=\"menu-item menu-item-type-post_type menu-item-object-page menu-item-56966\"><a href=\"https:\/\/www.accretech.eu\/fr\/produits\/metrologie-industrielle\/appareils-de-mesure-de-forme\/rondcom-41\/\">RONDCOM 41<\/a><\/li>\n\t<li id=\"menu-item-56967\" class=\"menu-item menu-item-type-post_type menu-item-object-page menu-item-56967\"><a href=\"https:\/\/www.accretech.eu\/fr\/produits\/metrologie-industrielle\/appareils-de-mesure-de-forme\/rondcom-43\/\">Rondcom 43<\/a><\/li>\n\t<li id=\"menu-item-56968\" class=\"menu-item menu-item-type-post_type menu-item-object-page menu-item-56968\"><a href=\"https:\/\/www.accretech.eu\/fr\/produits\/metrologie-industrielle\/appareils-de-mesure-de-forme\/rondcom-nex-100\/\">RONDCOM NEX 100<\/a><\/li>\n<\/ul>\n<\/li>\n<li id=\"menu-item-56969\" class=\"menu-item menu-item-type-post_type menu-item-object-page menu-item-has-children menu-item-56969\"><a href=\"https:\/\/www.accretech.eu\/fr\/?page_id=36864\">Appareils \u00e0 colonne manuelle<\/a>\n<ul class=\"sub-menu\">\n\t<li id=\"menu-item-57006\" class=\"menu-item menu-item-type-post_type menu-item-object-page menu-item-57006\"><a href=\"https:\/\/www.accretech.eu\/fr\/produits\/metrologie-industrielle\/appareils-de-mesure-de-forme\/rondcom-touch\/\">RONDCOM TOUCH<\/a><\/li>\n<\/ul>\n<\/li>\n<li id=\"menu-item-57011\" class=\"menu-item menu-item-type-post_type menu-item-object-page menu-item-57011\"><a href=\"https:\/\/www.accretech.eu\/fr\/?page_id=34737\">ACCTee logiciel d&rsquo;\u00e9valuation<\/a><\/li>\n<li id=\"menu-item-57008\" class=\"menu-item menu-item-type-post_type menu-item-object-page menu-item-57008\"><a href=\"https:\/\/www.accretech.eu\/fr\/produits\/metrologie-industrielle\/appareils-de-mesure-de-forme\/rondcom-73\/\">RONDCOM 73<\/a><\/li>\n<li id=\"menu-item-57009\" class=\"menu-item menu-item-type-post_type menu-item-object-page menu-item-57009\"><a href=\"https:\/\/www.accretech.eu\/fr\/produits\/metrologie-industrielle\/appareils-de-mesure-de-forme\/rondcom-76\/\">RONDCOM 76<\/a><\/li>\n<\/ul><\/div><\/div><\/div><\/div>\n<style type=\"text\/css\" data-created_by=\"avia_inline_auto\" id=\"style-css-av-2go4sj-83919e47db7cb48afa0895c039373b7b\">\n#top .flex_column.av-2go4sj-83919e47db7cb48afa0895c039373b7b{\nmargin-top:15px;\nmargin-bottom:0px;\n}\n.flex_column.av-2go4sj-83919e47db7cb48afa0895c039373b7b{\n-webkit-border-radius:0px 0px 0px 0px;\n-moz-border-radius:0px 0px 0px 0px;\nborder-radius:0px 0px 0px 0px;\npadding:0px 0px 0px 0px;\n}\n.responsive #top #wrap_all .flex_column.av-2go4sj-83919e47db7cb48afa0895c039373b7b{\nmargin-top:15px;\nmargin-bottom:0px;\n}\n<\/style>\n<div class='flex_column av-2go4sj-83919e47db7cb48afa0895c039373b7b av_one_full first flex_column_div av-zero-column-padding '     ><div  class='avia-button-wrap av-jxn4ousc-e10026206ab19fd31e7e55f729901139-wrap avia-button-left  new-home-button-big custom-icon'>\n<style type=\"text\/css\" data-created_by=\"avia_inline_auto\" id=\"style-css-av-jxn4ousc-e10026206ab19fd31e7e55f729901139\">\n#top #wrap_all .avia-button.av-jxn4ousc-e10026206ab19fd31e7e55f729901139{\nbackground-color:#154194;\nborder-color:#154194;\ncolor:#ffffff;\n-webkit-transition:all 0.4s ease-in-out;\n-moz-transition:all 0.4s ease-in-out;\n-ms-transition:all 0.4s ease-in-out;\n-o-transition:all 0.4s ease-in-out;\ntransition:all 0.4s ease-in-out;\n}\n<\/style>\n<a href='https:\/\/www.accretech.eu\/fr\/contact-et-support\/contact\/?fom=fr&amp;interest=M%C3%A9trologie%20industrielle&amp;_sfm_bereich=M%C3%A9trologie%20industrielle'  class='avia-button av-jxn4ousc-e10026206ab19fd31e7e55f729901139 avia-icon_select-yes-left-icon avia-size-large avia-position-left'  target=\"_blank\"  rel=\"noopener noreferrer\" ><span class='avia_button_icon avia_button_icon_left' aria-hidden='true' data-av_icon='\ue805' data-av_iconfont='entypo-fontello'><\/span><span class='avia_iconbox_title' >Recevoir un offre<\/span><\/a><\/div><\/div><\/p>\n<\/div><\/div><\/div>\n","protected":false},"excerpt":{"rendered":"<p>Appareil de mesure de forme de haute pr\u00e9cision \u00e0 plage de mesure maximale<\/p>\n","protected":false},"author":1,"featured_media":0,"parent":6922,"menu_order":0,"comment_status":"closed","ping_status":"closed","template":"","meta":{"footnotes":""},"filter_category":[],"filter_measurements":[],"class_list":["post-7026","page","type-page","status-publish","hentry"],"acf":[],"yoast_head":"<!-- This site is optimized with the Yoast SEO Premium plugin v26.1 (Yoast SEO v26.1.1) - https:\/\/yoast.com\/wordpress\/plugins\/seo\/ -->\n<title>RONDCOM 31 - ACCRETECH (Europe)<\/title>\n<meta name=\"robots\" content=\"index, follow, max-snippet:-1, max-image-preview:large, max-video-preview:-1\" \/>\n<link rel=\"canonical\" href=\"https:\/\/www.accretech.eu\/fr\/produits\/metrologie-industrielle\/appareils-de-mesure-de-forme\/rondcom-31\/\" \/>\n<meta property=\"og:locale\" content=\"fr_FR\" \/>\n<meta property=\"og:type\" content=\"article\" \/>\n<meta property=\"og:title\" content=\"RONDCOM 31\" \/>\n<meta property=\"og:description\" content=\"Appareil de mesure de forme de haute pr\u00e9cision \u00e0 plage de mesure maximale\" \/>\n<meta property=\"og:url\" content=\"https:\/\/www.accretech.eu\/fr\/produits\/metrologie-industrielle\/appareils-de-mesure-de-forme\/rondcom-31\/\" \/>\n<meta property=\"og:site_name\" content=\"ACCRETECH (Europe)\" \/>\n<meta property=\"article:modified_time\" content=\"2021-08-30T09:13:52+00:00\" \/>\n<meta name=\"twitter:card\" content=\"summary_large_image\" \/>\n<meta name=\"twitter:label1\" content=\"Dur\u00e9e de lecture estim\u00e9e\" \/>\n\t<meta name=\"twitter:data1\" content=\"6 minutes\" \/>\n<script type=\"application\/ld+json\" class=\"yoast-schema-graph\">{\"@context\":\"https:\/\/schema.org\",\"@graph\":[{\"@type\":\"WebPage\",\"@id\":\"https:\/\/www.accretech.eu\/fr\/produits\/metrologie-industrielle\/appareils-de-mesure-de-forme\/rondcom-31\/\",\"url\":\"https:\/\/www.accretech.eu\/fr\/produits\/metrologie-industrielle\/appareils-de-mesure-de-forme\/rondcom-31\/\",\"name\":\"RONDCOM 31 - ACCRETECH (Europe)\",\"isPartOf\":{\"@id\":\"https:\/\/www.accretech.eu\/it\/#website\"},\"datePublished\":\"2017-03-25T21:32:13+00:00\",\"dateModified\":\"2021-08-30T09:13:52+00:00\",\"breadcrumb\":{\"@id\":\"https:\/\/www.accretech.eu\/fr\/produits\/metrologie-industrielle\/appareils-de-mesure-de-forme\/rondcom-31\/#breadcrumb\"},\"inLanguage\":\"fr-FR\",\"potentialAction\":[{\"@type\":\"ReadAction\",\"target\":[\"https:\/\/www.accretech.eu\/fr\/produits\/metrologie-industrielle\/appareils-de-mesure-de-forme\/rondcom-31\/\"]}]},{\"@type\":\"BreadcrumbList\",\"@id\":\"https:\/\/www.accretech.eu\/fr\/produits\/metrologie-industrielle\/appareils-de-mesure-de-forme\/rondcom-31\/#breadcrumb\",\"itemListElement\":[{\"@type\":\"ListItem\",\"position\":1,\"name\":\"Startseite\",\"item\":\"https:\/\/www.accretech.eu\/fr\/home-2\/\"},{\"@type\":\"ListItem\",\"position\":2,\"name\":\"Produits\",\"item\":\"https:\/\/www.accretech.eu\/fr\/produits\/\"},{\"@type\":\"ListItem\",\"position\":3,\"name\":\"M\u00e9trologie industrielle\",\"item\":\"https:\/\/www.accretech.eu\/fr\/produits\/metrologie-industrielle\/\"},{\"@type\":\"ListItem\",\"position\":4,\"name\":\"Appareils de mesure de forme\",\"item\":\"https:\/\/www.accretech.eu\/fr\/produits\/metrologie-industrielle\/appareils-de-mesure-de-forme\/\"},{\"@type\":\"ListItem\",\"position\":5,\"name\":\"RONDCOM 31\"}]},{\"@type\":\"WebSite\",\"@id\":\"https:\/\/www.accretech.eu\/it\/#website\",\"url\":\"https:\/\/www.accretech.eu\/it\/\",\"name\":\"ACCRETECH (Europe)\",\"description\":\"\",\"publisher\":{\"@id\":\"https:\/\/www.accretech.eu\/it\/#organization\"},\"potentialAction\":[{\"@type\":\"SearchAction\",\"target\":{\"@type\":\"EntryPoint\",\"urlTemplate\":\"https:\/\/www.accretech.eu\/it\/?s={search_term_string}\"},\"query-input\":{\"@type\":\"PropertyValueSpecification\",\"valueRequired\":true,\"valueName\":\"search_term_string\"}}],\"inLanguage\":\"fr-FR\"},{\"@type\":\"Organization\",\"@id\":\"https:\/\/www.accretech.eu\/it\/#organization\",\"name\":\"ACCRETECH (Europe) GmbH\",\"url\":\"https:\/\/www.accretech.eu\/it\/\",\"logo\":{\"@type\":\"ImageObject\",\"inLanguage\":\"fr-FR\",\"@id\":\"https:\/\/www.accretech.eu\/it\/#\/schema\/logo\/image\/\",\"url\":\"https:\/\/www.accretech.eu\/wp-content\/uploads\/2016\/10\/accretech-europe_logo.png\",\"contentUrl\":\"https:\/\/www.accretech.eu\/wp-content\/uploads\/2016\/10\/accretech-europe_logo.png\",\"width\":312,\"height\":42,\"caption\":\"ACCRETECH (Europe) GmbH\"},\"image\":{\"@id\":\"https:\/\/www.accretech.eu\/it\/#\/schema\/logo\/image\/\"}}]}<\/script>\n<!-- \/ Yoast SEO Premium plugin. -->","yoast_head_json":{"title":"RONDCOM 31 - ACCRETECH (Europe)","robots":{"index":"index","follow":"follow","max-snippet":"max-snippet:-1","max-image-preview":"max-image-preview:large","max-video-preview":"max-video-preview:-1"},"canonical":"https:\/\/www.accretech.eu\/fr\/produits\/metrologie-industrielle\/appareils-de-mesure-de-forme\/rondcom-31\/","og_locale":"fr_FR","og_type":"article","og_title":"RONDCOM 31","og_description":"Appareil de mesure de forme de haute pr\u00e9cision \u00e0 plage de mesure maximale","og_url":"https:\/\/www.accretech.eu\/fr\/produits\/metrologie-industrielle\/appareils-de-mesure-de-forme\/rondcom-31\/","og_site_name":"ACCRETECH (Europe)","article_modified_time":"2021-08-30T09:13:52+00:00","twitter_card":"summary_large_image","twitter_misc":{"Dur\u00e9e de lecture estim\u00e9e":"6 minutes"},"schema":{"@context":"https:\/\/schema.org","@graph":[{"@type":"WebPage","@id":"https:\/\/www.accretech.eu\/fr\/produits\/metrologie-industrielle\/appareils-de-mesure-de-forme\/rondcom-31\/","url":"https:\/\/www.accretech.eu\/fr\/produits\/metrologie-industrielle\/appareils-de-mesure-de-forme\/rondcom-31\/","name":"RONDCOM 31 - ACCRETECH (Europe)","isPartOf":{"@id":"https:\/\/www.accretech.eu\/it\/#website"},"datePublished":"2017-03-25T21:32:13+00:00","dateModified":"2021-08-30T09:13:52+00:00","breadcrumb":{"@id":"https:\/\/www.accretech.eu\/fr\/produits\/metrologie-industrielle\/appareils-de-mesure-de-forme\/rondcom-31\/#breadcrumb"},"inLanguage":"fr-FR","potentialAction":[{"@type":"ReadAction","target":["https:\/\/www.accretech.eu\/fr\/produits\/metrologie-industrielle\/appareils-de-mesure-de-forme\/rondcom-31\/"]}]},{"@type":"BreadcrumbList","@id":"https:\/\/www.accretech.eu\/fr\/produits\/metrologie-industrielle\/appareils-de-mesure-de-forme\/rondcom-31\/#breadcrumb","itemListElement":[{"@type":"ListItem","position":1,"name":"Startseite","item":"https:\/\/www.accretech.eu\/fr\/home-2\/"},{"@type":"ListItem","position":2,"name":"Produits","item":"https:\/\/www.accretech.eu\/fr\/produits\/"},{"@type":"ListItem","position":3,"name":"M\u00e9trologie industrielle","item":"https:\/\/www.accretech.eu\/fr\/produits\/metrologie-industrielle\/"},{"@type":"ListItem","position":4,"name":"Appareils de mesure de forme","item":"https:\/\/www.accretech.eu\/fr\/produits\/metrologie-industrielle\/appareils-de-mesure-de-forme\/"},{"@type":"ListItem","position":5,"name":"RONDCOM 31"}]},{"@type":"WebSite","@id":"https:\/\/www.accretech.eu\/it\/#website","url":"https:\/\/www.accretech.eu\/it\/","name":"ACCRETECH (Europe)","description":"","publisher":{"@id":"https:\/\/www.accretech.eu\/it\/#organization"},"potentialAction":[{"@type":"SearchAction","target":{"@type":"EntryPoint","urlTemplate":"https:\/\/www.accretech.eu\/it\/?s={search_term_string}"},"query-input":{"@type":"PropertyValueSpecification","valueRequired":true,"valueName":"search_term_string"}}],"inLanguage":"fr-FR"},{"@type":"Organization","@id":"https:\/\/www.accretech.eu\/it\/#organization","name":"ACCRETECH (Europe) GmbH","url":"https:\/\/www.accretech.eu\/it\/","logo":{"@type":"ImageObject","inLanguage":"fr-FR","@id":"https:\/\/www.accretech.eu\/it\/#\/schema\/logo\/image\/","url":"https:\/\/www.accretech.eu\/wp-content\/uploads\/2016\/10\/accretech-europe_logo.png","contentUrl":"https:\/\/www.accretech.eu\/wp-content\/uploads\/2016\/10\/accretech-europe_logo.png","width":312,"height":42,"caption":"ACCRETECH (Europe) GmbH"},"image":{"@id":"https:\/\/www.accretech.eu\/it\/#\/schema\/logo\/image\/"}}]}},"_links":{"self":[{"href":"https:\/\/www.accretech.eu\/fr\/wp-json\/wp\/v2\/pages\/7026","targetHints":{"allow":["GET"]}}],"collection":[{"href":"https:\/\/www.accretech.eu\/fr\/wp-json\/wp\/v2\/pages"}],"about":[{"href":"https:\/\/www.accretech.eu\/fr\/wp-json\/wp\/v2\/types\/page"}],"author":[{"embeddable":true,"href":"https:\/\/www.accretech.eu\/fr\/wp-json\/wp\/v2\/users\/1"}],"replies":[{"embeddable":true,"href":"https:\/\/www.accretech.eu\/fr\/wp-json\/wp\/v2\/comments?post=7026"}],"version-history":[{"count":0,"href":"https:\/\/www.accretech.eu\/fr\/wp-json\/wp\/v2\/pages\/7026\/revisions"}],"up":[{"embeddable":true,"href":"https:\/\/www.accretech.eu\/fr\/wp-json\/wp\/v2\/pages\/6922"}],"wp:attachment":[{"href":"https:\/\/www.accretech.eu\/fr\/wp-json\/wp\/v2\/media?parent=7026"}],"wp:term":[{"taxonomy":"filter_category","embeddable":true,"href":"https:\/\/www.accretech.eu\/fr\/wp-json\/wp\/v2\/filter_category?post=7026"},{"taxonomy":"filter_measurements","embeddable":true,"href":"https:\/\/www.accretech.eu\/fr\/wp-json\/wp\/v2\/filter_measurements?post=7026"}],"curies":[{"name":"wp","href":"https:\/\/api.w.org\/{rel}","templated":true}]}}