{"id":7544,"date":"2017-04-20T14:51:10","date_gmt":"2017-04-20T12:51:10","guid":{"rendered":"https:\/\/www.accretech.de\/?page_id=7544"},"modified":"2020-06-29T10:34:09","modified_gmt":"2020-06-29T08:34:09","slug":"sitemap","status":"publish","type":"page","link":"https:\/\/www.accretech.eu\/fr\/sitemap\/","title":{"rendered":"Sitemap"},"content":{"rendered":"<\/div><\/div><\/div><!-- close content main div --><\/div><\/div><div id='standard-grid'  class='av-layout-grid-container av-av_layout_row-52f7e3154ca71a482143b3a701114c17 entry-content-wrapper alternate_color av-flex-cells  container_wrap fullsize'  >\n\n<style type=\"text\/css\" data-created_by=\"avia_inline_auto\" id=\"style-css-av-av_cell_two_third-4701cb64db4e7e41418e392587191c3b\">\n.flex_cell.av-av_cell_two_third-4701cb64db4e7e41418e392587191c3b{\nvertical-align:top;\n}\n.responsive #top #wrap_all .flex_cell.av-av_cell_two_third-4701cb64db4e7e41418e392587191c3b{\npadding:0px 20px 0px 0px !important;\n}\n<\/style>\n<div class='flex_cell av-av_cell_two_third-4701cb64db4e7e41418e392587191c3b av-gridrow-cell av_two_third no_margin' ><div class='flex_cell_inner'><p>\n<style type=\"text\/css\" data-created_by=\"avia_inline_auto\" id=\"style-css-av-av_one_full-67c1acb0579a8d4ef554daa8040b2e1d\">\n.flex_column.av-av_one_full-67c1acb0579a8d4ef554daa8040b2e1d{\n-webkit-border-radius:0px 0px 0px 0px;\n-moz-border-radius:0px 0px 0px 0px;\nborder-radius:0px 0px 0px 0px;\npadding:0px 0px 0px 0px;\n}\n<\/style>\n<div class='flex_column av-av_one_full-67c1acb0579a8d4ef554daa8040b2e1d av_one_full first no_margin flex_column_div av-zero-column-padding '     ><\/div>\n<style type=\"text\/css\" data-created_by=\"avia_inline_auto\" id=\"style-css-av-av_one_full-6126cab7d8fab8d08143dd2dacdf673c\">\n.flex_column.av-av_one_full-6126cab7d8fab8d08143dd2dacdf673c{\n-webkit-border-radius:0px 0px 0px 0px;\n-moz-border-radius:0px 0px 0px 0px;\nborder-radius:0px 0px 0px 0px;\npadding:0px 0px 0px 0px;\n}\n<\/style>\n<div class='flex_column av-av_one_full-6126cab7d8fab8d08143dd2dacdf673c av_one_full first flex_column_div av-zero-column-padding '     ><div  class='avia-builder-widget-area clearfix '><div id=\"pages-2\" class=\"widget-odd widget-last widget-first widget-1 widget clearfix widget_pages\"><h3 class=\"widgettitle\">Sitemap<\/h3>\n\t\t\t<ul>\n\t\t\t\t<li class=\"page_item page-item-6424\"><a href=\"https:\/\/www.accretech.eu\/fr\/conditions-generales-de-vente\/\">Conditions G\u00e9n\u00e9rales de Vente<\/a><\/li>\n<li class=\"page_item page-item-7271 page_item_has_children\"><a href=\"https:\/\/www.accretech.eu\/fr\/contact-et-support\/\">contact et support<\/a>\n<ul class='children'>\n\t<li class=\"page_item page-item-32286\"><a href=\"https:\/\/www.accretech.eu\/fr\/contact-et-support\/contact\/\">Contact<\/a><\/li>\n<\/ul>\n<\/li>\n<li class=\"page_item page-item-60859 page_item_has_children\"><a href=\"https:\/\/www.accretech.eu\/fr\/controle-des-procedes\/\">Contr\u00f4le des proc\u00e9d\u00e9s<\/a>\n<ul class='children'>\n\t<li class=\"page_item page-item-61068\"><a href=\"https:\/\/www.accretech.eu\/fr\/controle-des-procedes\/ae-1000\/\">AE-1000<\/a><\/li>\n\t<li class=\"page_item page-item-61072\"><a href=\"https:\/\/www.accretech.eu\/fr\/controle-des-procedes\/capteur-ae-externe\/\">Capteur AE externe<\/a><\/li>\n\t<li class=\"page_item page-item-61073\"><a href=\"https:\/\/www.accretech.eu\/fr\/controle-des-procedes\/capteurs-ae-a-liquide\/\">Capteurs AE \u00e0 liquide<\/a><\/li>\n\t<li class=\"page_item page-item-61076\"><a href=\"https:\/\/www.accretech.eu\/fr\/controle-des-procedes\/capteurs-ae-en-anneau\/\">Capteurs AE en anneau<\/a><\/li>\n\t<li class=\"page_item page-item-61074\"><a href=\"https:\/\/www.accretech.eu\/fr\/controle-des-procedes\/capteurs-ae-sur-broche\/\">Capteurs AE sur broche<\/a><\/li>\n\t<li class=\"page_item page-item-61077\"><a href=\"https:\/\/www.accretech.eu\/fr\/controle-des-procedes\/capteurs-de-puissance\/\">Capteurs de puissance<\/a><\/li>\n\t<li class=\"page_item page-item-61069\"><a href=\"https:\/\/www.accretech.eu\/fr\/controle-des-procedes\/carte-aems\/\">Carte AEMS<\/a><\/li>\n\t<li class=\"page_item page-item-62209\"><a href=\"https:\/\/www.accretech.eu\/fr\/controle-des-procedes\/carte-exactcontrol\/\">Carte ExactControl<\/a><\/li>\n\t<li class=\"page_item page-item-61075\"><a href=\"https:\/\/www.accretech.eu\/fr\/controle-des-procedes\/mini-capteurs-ae\/\">Mini-capteurs AE<\/a><\/li>\n<\/ul>\n<\/li>\n<li class=\"page_item page-item-60858 page_item_has_children\"><a href=\"https:\/\/www.accretech.eu\/fr\/equilibrage-sbs\/\">\u00c9quilibrage SBS<\/a>\n<ul class='children'>\n\t<li class=\"page_item page-item-61055\"><a href=\"https:\/\/www.accretech.eu\/fr\/equilibrage-sbs\/carte-dequilibrage-automatique\/\">Carte d\u2019\u00e9quilibrage automatique<\/a><\/li>\n\t<li class=\"page_item page-item-61054\"><a href=\"https:\/\/www.accretech.eu\/fr\/equilibrage-sbs\/carte-dequilibrage-manuel\/\">Carte d\u2019\u00e9quilibrage manuel<\/a><\/li>\n\t<li class=\"page_item page-item-61057\"><a href=\"https:\/\/www.accretech.eu\/fr\/equilibrage-sbs\/carte-dequilibrage-sur-deux-plans\/\">Carte d\u2019\u00e9quilibrage sur deux plans<\/a><\/li>\n\t<li class=\"page_item page-item-61056\"><a href=\"https:\/\/www.accretech.eu\/fr\/equilibrage-sbs\/carte-dhydro-equilibrage\/\">Carte d\u2019hydro-\u00e9quilibrage<\/a><\/li>\n\t<li class=\"page_item page-item-61062\"><a href=\"https:\/\/www.accretech.eu\/fr\/equilibrage-sbs\/equilibreur-externe\/\">\u00c9quilibreur externe<\/a><\/li>\n\t<li class=\"page_item page-item-61063\"><a href=\"https:\/\/www.accretech.eu\/fr\/equilibrage-sbs\/equilibreur-interne\/\">\u00c9quilibreur interne<\/a><\/li>\n\t<li class=\"page_item page-item-61064\"><a href=\"https:\/\/www.accretech.eu\/fr\/equilibrage-sbs\/hydro-equilibreur\/\">Hydro-\u00e9quilibreur<\/a><\/li>\n\t<li class=\"page_item page-item-61048\"><a href=\"https:\/\/www.accretech.eu\/fr\/equilibrage-sbs\/sb-1000\/\">SB-1000<\/a><\/li>\n\t<li class=\"page_item page-item-61049\"><a href=\"https:\/\/www.accretech.eu\/fr\/equilibrage-sbs\/sb-2000-sb-2000-p\/\">SB-2000 \/ SB-2000 P<\/a><\/li>\n\t<li class=\"page_item page-item-61050\"><a href=\"https:\/\/www.accretech.eu\/fr\/equilibrage-sbs\/sb-5500\/\">SB-5500<\/a><\/li>\n<\/ul>\n<\/li>\n<li class=\"page_item page-item-41735\"><a href=\"https:\/\/www.accretech.eu\/fr\/filtre-produit\/\">Filtre Produit<\/a><\/li>\n<li class=\"page_item page-item-60854\"><a href=\"https:\/\/www.accretech.eu\/fr\/fraiseuses\/\">Fraiseuses<\/a><\/li>\n<li class=\"page_item page-item-7050\"><a href=\"https:\/\/www.accretech.eu\/fr\/handysurf-354045\/\">HANDYSURF+ 35\/40\/45<\/a><\/li>\n<li class=\"page_item page-item-40667\"><a href=\"https:\/\/www.accretech.eu\/fr\/\">Home<\/a><\/li>\n<li class=\"page_item page-item-6959\"><a href=\"https:\/\/www.accretech.eu\/fr\/mentions-legales\/\">Mentions l\u00e9gales<\/a><\/li>\n<li class=\"page_item page-item-60860\"><a href=\"https:\/\/www.accretech.eu\/fr\/mesure-en-cours-de-processus\/\">Mesure en cours de processus<\/a><\/li>\n<li class=\"page_item page-item-7055\"><a href=\"https:\/\/www.accretech.eu\/fr\/opt-scope-3d\/\">Opt-Scope (3D)<\/a><\/li>\n<li class=\"page_item page-item-60861\"><a href=\"https:\/\/www.accretech.eu\/fr\/palpeurs\/\">Palpeurs<\/a><\/li>\n<li class=\"page_item page-item-7461 page_item_has_children\"><a href=\"https:\/\/www.accretech.eu\/fr\/produits\/\">Produits<\/a>\n<ul class='children'>\n\t<li class=\"page_item page-item-6920 page_item_has_children\"><a href=\"https:\/\/www.accretech.eu\/fr\/produits\/metrologie-industrielle\/\">M\u00e9trologie industrielle<\/a>\n\t<ul class='children'>\n\t\t<li class=\"page_item page-item-6922 page_item_has_children\"><a href=\"https:\/\/www.accretech.eu\/fr\/produits\/metrologie-industrielle\/appareils-de-mesure-de-forme\/\">Appareils de mesure de forme<\/a>\n\t\t<ul class='children'>\n\t\t\t<li class=\"page_item page-item-7026\"><a href=\"https:\/\/www.accretech.eu\/fr\/produits\/metrologie-industrielle\/appareils-de-mesure-de-forme\/rondcom-31\/\">RONDCOM 31<\/a><\/li>\n\t\t\t<li class=\"page_item page-item-7023\"><a href=\"https:\/\/www.accretech.eu\/fr\/produits\/metrologie-industrielle\/appareils-de-mesure-de-forme\/rondcom-41\/\">RONDCOM 41<\/a><\/li>\n\t\t\t<li class=\"page_item page-item-7021\"><a href=\"https:\/\/www.accretech.eu\/fr\/produits\/metrologie-industrielle\/appareils-de-mesure-de-forme\/rondcom-43\/\">Rondcom 43<\/a><\/li>\n\t\t\t<li class=\"page_item page-item-7013\"><a href=\"https:\/\/www.accretech.eu\/fr\/produits\/metrologie-industrielle\/appareils-de-mesure-de-forme\/rondcom-55\/\">RONDCOM 55<\/a><\/li>\n\t\t\t<li class=\"page_item page-item-7011\"><a href=\"https:\/\/www.accretech.eu\/fr\/produits\/metrologie-industrielle\/appareils-de-mesure-de-forme\/rondcom-60\/\">RONDCOM 60<\/a><\/li>\n\t\t\t<li class=\"page_item page-item-7009\"><a href=\"https:\/\/www.accretech.eu\/fr\/produits\/metrologie-industrielle\/appareils-de-mesure-de-forme\/rondcom-65\/\">RONDCOM 65<\/a><\/li>\n\t\t\t<li class=\"page_item page-item-7035\"><a href=\"https:\/\/www.accretech.eu\/fr\/produits\/metrologie-industrielle\/appareils-de-mesure-de-forme\/rondcom-73\/\">RONDCOM 73<\/a><\/li>\n\t\t\t<li class=\"page_item page-item-7033\"><a href=\"https:\/\/www.accretech.eu\/fr\/produits\/metrologie-industrielle\/appareils-de-mesure-de-forme\/rondcom-76\/\">RONDCOM 76<\/a><\/li>\n\t\t\t<li class=\"page_item page-item-22579\"><a href=\"https:\/\/www.accretech.eu\/fr\/produits\/metrologie-industrielle\/appareils-de-mesure-de-forme\/rondcom-crest\/\">RONDCOM CREST<\/a><\/li>\n\t\t\t<li class=\"page_item page-item-7019\"><a href=\"https:\/\/www.accretech.eu\/fr\/produits\/metrologie-industrielle\/appareils-de-mesure-de-forme\/rondcom-nex-100\/\">RONDCOM NEX 100<\/a><\/li>\n\t\t\t<li class=\"page_item page-item-7017\"><a href=\"https:\/\/www.accretech.eu\/fr\/produits\/metrologie-industrielle\/appareils-de-mesure-de-forme\/rondcom-nex-200300\/\">RONDCOM NEX 200\/300<\/a><\/li>\n\t\t\t<li class=\"page_item page-item-7015\"><a href=\"https:\/\/www.accretech.eu\/fr\/produits\/metrologie-industrielle\/appareils-de-mesure-de-forme\/rondcom-nex-rs-200300\/\">RONDCOM NEX RS 200\/300<\/a><\/li>\n\t\t\t<li class=\"page_item page-item-7028\"><a href=\"https:\/\/www.accretech.eu\/fr\/produits\/metrologie-industrielle\/appareils-de-mesure-de-forme\/rondcom-touch\/\">RONDCOM TOUCH<\/a><\/li>\n\t\t<\/ul>\n<\/li>\n\t\t<li class=\"page_item page-item-6924 page_item_has_children\"><a href=\"https:\/\/www.accretech.eu\/fr\/produits\/metrologie-industrielle\/appareils-de-mesure-de-surface\/\">Appareils de mesure de surface<\/a>\n\t\t<ul class='children'>\n\t\t\t<li class=\"page_item page-item-7316\"><a href=\"https:\/\/www.accretech.eu\/fr\/produits\/metrologie-industrielle\/appareils-de-mesure-de-surface\/appareils-de-mesure-de-contour\/\">Appareils de mesure de contour<\/a><\/li>\n\t\t\t<li class=\"page_item page-item-7304\"><a href=\"https:\/\/www.accretech.eu\/fr\/produits\/metrologie-industrielle\/appareils-de-mesure-de-surface\/appareils-de-mesure-de-contour-et-rugosite\/\">Appareils de mesure de contour et rugosit\u00e9<\/a><\/li>\n\t\t\t<li class=\"page_item page-item-7332\"><a href=\"https:\/\/www.accretech.eu\/fr\/produits\/metrologie-industrielle\/appareils-de-mesure-de-surface\/appareils-de-mesure-de-rugosite\/\">Appareils de mesure de rugosit\u00e9<\/a><\/li>\n\t\t\t<li class=\"page_item page-item-7320\"><a href=\"https:\/\/www.accretech.eu\/fr\/produits\/metrologie-industrielle\/appareils-de-mesure-de-surface\/appareils-de-mesure-de-rugosite-mobiles\/\">Appareils de mesure de rugosit\u00e9 mobiles<\/a><\/li>\n\t\t\t<li class=\"page_item page-item-7326\"><a href=\"https:\/\/www.accretech.eu\/fr\/produits\/metrologie-industrielle\/appareils-de-mesure-de-surface\/optique-appareils-de-mesure-de-contour-et-rugosite\/\">Optique Appareils de mesure de contour et rugosit\u00e9<\/a><\/li>\n\t\t<\/ul>\n<\/li>\n\t\t<li class=\"page_item page-item-6927 page_item_has_children\"><a href=\"https:\/\/www.accretech.eu\/fr\/produits\/metrologie-industrielle\/appareils-de-mesure-en-ligne\/\">Appareils de mesure en ligne<\/a>\n\t\t<ul class='children'>\n\t\t\t<li class=\"page_item page-item-7064\"><a href=\"https:\/\/www.accretech.eu\/fr\/produits\/metrologie-industrielle\/appareils-de-mesure-en-ligne\/capteurs-micrometres-electriques-et-micrometres-a-air\/\">Capteurs, microm\u00e8tres \u00e9lectriques et microm\u00e8tres \u00e0 air<\/a><\/li>\n\t\t\t<li class=\"page_item page-item-7066 page_item_has_children\"><a href=\"https:\/\/www.accretech.eu\/fr\/produits\/metrologie-industrielle\/appareils-de-mesure-en-ligne\/instruments-de-mesure-a-incorporer\/\">Instruments de mesure \u00e0 incorporer<\/a>\n\t\t\t<ul class='children'>\n\t\t\t\t<li class=\"page_item page-item-7510\"><a href=\"https:\/\/www.accretech.eu\/fr\/produits\/metrologie-industrielle\/appareils-de-mesure-en-ligne\/instruments-de-mesure-a-incorporer\/atc\/\">ATC<\/a><\/li>\n\t\t\t\t<li class=\"page_item page-item-7511\"><a href=\"https:\/\/www.accretech.eu\/fr\/produits\/metrologie-industrielle\/appareils-de-mesure-en-ligne\/instruments-de-mesure-a-incorporer\/systeme-atc-de-detection-de-battement-radial\/\">Syst\u00e8me ATC de d\u00e9tection de battement radial<\/a><\/li>\n\t\t\t<\/ul>\n<\/li>\n\t\t\t<li class=\"page_item page-item-7059\"><a href=\"https:\/\/www.accretech.eu\/fr\/produits\/metrologie-industrielle\/appareils-de-mesure-en-ligne\/instruments-de-mesure-numeriques-de-haute-precision\/\">Instruments de mesure num\u00e9riques de haute pr\u00e9cision<\/a><\/li>\n\t\t\t<li class=\"page_item page-item-7062\"><a href=\"https:\/\/www.accretech.eu\/fr\/produits\/metrologie-industrielle\/appareils-de-mesure-en-ligne\/systemes-de-mesure-pour-les-mesures-en-cours-de-production-et-apres-la-production\/\">Syst\u00e8mes de mesure pour les mesures en cours de production et apr\u00e8s la production<\/a><\/li>\n\t\t<\/ul>\n<\/li>\n\t\t<li class=\"page_item page-item-7337\"><a href=\"https:\/\/www.accretech.eu\/fr\/produits\/metrologie-industrielle\/liste-de-produits-metrologie-industrielle\/\">Liste de produits m\u00e9trologie industrielle<\/a><\/li>\n\t<\/ul>\n<\/li>\n<\/ul>\n<\/li>\n<li class=\"page_item page-item-6957\"><a href=\"https:\/\/www.accretech.eu\/fr\/protection-des-donnees\/\">Protection des donn\u00e9es<\/a><\/li>\n<li class=\"page_item page-item-60852\"><a href=\"https:\/\/www.accretech.eu\/fr\/rectifieuses\/\">Rectifieuses<\/a><\/li>\n<li class=\"page_item page-item-7544\"><a href=\"https:\/\/www.accretech.eu\/fr\/sitemap\/\">Sitemap<\/a><\/li>\n<li class=\"page_item page-item-7052\"><a href=\"https:\/\/www.accretech.eu\/fr\/surfcom-crest\/\">SURFCOM CREST<\/a><\/li>\n<li class=\"page_item page-item-7042\"><a href=\"https:\/\/www.accretech.eu\/fr\/surfcom-nex-001\/\">SURFCOM NEX 001<\/a><\/li>\n<li class=\"page_item page-item-7037\"><a href=\"https:\/\/www.accretech.eu\/fr\/surfcom-nex-030031\/\">SURFCOM NEX 030\/031<\/a><\/li>\n<li class=\"page_item page-item-7039\"><a href=\"https:\/\/www.accretech.eu\/fr\/surfcom-nex-040041\/\">SURFCOM NEX 040\/041<\/a><\/li>\n<li class=\"page_item page-item-60610\"><a href=\"https:\/\/www.accretech.eu\/fr\/surfcom-nex-200\/\">SURFCOM NEX 200<\/a><\/li>\n<li class=\"page_item page-item-17449\"><a href=\"https:\/\/www.accretech.eu\/fr\/surfcom-touch\/\">SURFCOM TOUCH<\/a><\/li>\n<li class=\"page_item page-item-17458\"><a href=\"https:\/\/www.accretech.eu\/fr\/surfcom-touch-35-40-45\/\">SURFCOM TOUCH 35\/40\/45<\/a><\/li>\n<li class=\"page_item page-item-17466\"><a href=\"https:\/\/www.accretech.eu\/fr\/surfcom-touch-50\/\">SURFCOM TOUCH 50<\/a><\/li>\n<li class=\"page_item page-item-17474\"><a href=\"https:\/\/www.accretech.eu\/fr\/surfcom-touch-550\/\">SURFCOM TOUCH 550<\/a><\/li>\n<li class=\"page_item page-item-60856\"><a href=\"https:\/\/www.accretech.eu\/fr\/tours\/\">Tours<\/a><\/li>\n<li class=\"page_item page-item-46213\"><a href=\"https:\/\/www.accretech.eu\/fr\/mesure-de-formes\/mesure-de-circularite\/\">Mesure de circularit\u00e9<\/a><\/li>\n<li class=\"page_item page-item-46217\"><a href=\"https:\/\/www.accretech.eu\/fr\/mesure-de-formes\/mesure-de-coaxialite\/\">Mesure de coaxialit\u00e9<\/a><\/li>\n<li class=\"page_item page-item-46218\"><a href=\"https:\/\/www.accretech.eu\/fr\/mesure-de-formes\/mesure-de-concentricite\/\">Mesure de concentricit\u00e9<\/a><\/li>\n<li class=\"page_item page-item-46214\"><a href=\"https:\/\/www.accretech.eu\/fr\/mesure-de-formes\/mesure-de-cylindricite\/\">Mesure de cylindricit\u00e9<\/a><\/li>\n<li class=\"page_item page-item-46215\"><a href=\"https:\/\/www.accretech.eu\/fr\/mesure-de-formes\/mesure-de-parallelisme\/\">Mesure de parall\u00e9lisme<\/a><\/li>\n<li class=\"page_item page-item-46216\"><a href=\"https:\/\/www.accretech.eu\/fr\/mesure-de-formes\/mesure-de-perpendicularite\/\">Mesure de perpendicularit\u00e9<\/a><\/li>\n<li class=\"page_item page-item-46212\"><a href=\"https:\/\/www.accretech.eu\/fr\/mesure-de-formes\/mesure-de-planeite\/\">Mesure de plan\u00e9it\u00e9<\/a><\/li>\n<li class=\"page_item page-item-46211\"><a href=\"https:\/\/www.accretech.eu\/fr\/mesure-de-formes\/mesure-de-rectitude\/\">Mesure de rectitude<\/a><\/li>\n<li class=\"page_item page-item-42349\"><a href=\"https:\/\/www.accretech.eu\/fr\/mesure-de-surface\/rugosimetre\/surfcom-c5\/\">SURFCOM C5<\/a><\/li>\n<li class=\"page_item page-item-7311\"><a href=\"https:\/\/www.accretech.eu\/fr\/mesure-de-surface\/profilometre-rugosimetre\/surfcom-nex-100\/\">SURFCOM NEX 100<\/a><\/li>\n\t\t\t<\/ul>\n\n\t\t\t<\/div><\/div><\/div><\/p>\n<\/div><\/div>\n<style type=\"text\/css\" data-created_by=\"avia_inline_auto\" id=\"style-css-av-av_cell_one_third-74480de122d07dea34d0f3b276233755\">\n.flex_cell.av-av_cell_one_third-74480de122d07dea34d0f3b276233755{\nvertical-align:top;\n}\n.responsive #top #wrap_all .flex_cell.av-av_cell_one_third-74480de122d07dea34d0f3b276233755{\npadding:15px 0px 0px 0px !important;\n}\n<\/style>\n<div class='flex_cell av-av_cell_one_third-74480de122d07dea34d0f3b276233755 av-gridrow-cell av_one_third no_margin' ><div class='flex_cell_inner'><\/div><\/div><\/div><section  class='av_textblock_section av-av_textblock-ef7fdae6b3b86bd1e5936ff9fbb8ffa2'  itemscope=\"itemscope\" itemtype=\"https:\/\/schema.org\/CreativeWork\" ><div class='avia_textblock'  itemprop=\"text\" ><\/div><\/section>\n","protected":false},"excerpt":{"rendered":"","protected":false},"author":1,"featured_media":0,"parent":0,"menu_order":0,"comment_status":"closed","ping_status":"closed","template":"","meta":{"footnotes":""},"filter_category":[],"filter_measurements":[],"class_list":["post-7544","page","type-page","status-publish","hentry"],"acf":[],"yoast_head":"<!-- This site is optimized with the Yoast SEO Premium plugin v26.1 (Yoast SEO v26.1.1) - https:\/\/yoast.com\/wordpress\/plugins\/seo\/ -->\n<title>Sitemap - ACCRETECH (Europe)<\/title>\n<meta name=\"robots\" content=\"index, follow, max-snippet:-1, max-image-preview:large, max-video-preview:-1\" \/>\n<link rel=\"canonical\" href=\"https:\/\/www.accretech.eu\/fr\/sitemap\/\" \/>\n<meta property=\"og:locale\" content=\"fr_FR\" \/>\n<meta property=\"og:type\" content=\"article\" \/>\n<meta property=\"og:title\" content=\"Sitemap\" \/>\n<meta property=\"og:url\" content=\"https:\/\/www.accretech.eu\/fr\/sitemap\/\" \/>\n<meta property=\"og:site_name\" content=\"ACCRETECH (Europe)\" \/>\n<meta property=\"article:modified_time\" content=\"2020-06-29T08:34:09+00:00\" \/>\n<meta name=\"twitter:card\" content=\"summary_large_image\" \/>\n<meta name=\"twitter:label1\" content=\"Dur\u00e9e de lecture estim\u00e9e\" \/>\n\t<meta name=\"twitter:data1\" content=\"1 minute\" \/>\n<script type=\"application\/ld+json\" class=\"yoast-schema-graph\">{\"@context\":\"https:\/\/schema.org\",\"@graph\":[{\"@type\":\"WebPage\",\"@id\":\"https:\/\/www.accretech.eu\/fr\/sitemap\/\",\"url\":\"https:\/\/www.accretech.eu\/fr\/sitemap\/\",\"name\":\"Sitemap - ACCRETECH (Europe)\",\"isPartOf\":{\"@id\":\"https:\/\/www.accretech.eu\/it\/#website\"},\"datePublished\":\"2017-04-20T12:51:10+00:00\",\"dateModified\":\"2020-06-29T08:34:09+00:00\",\"breadcrumb\":{\"@id\":\"https:\/\/www.accretech.eu\/fr\/sitemap\/#breadcrumb\"},\"inLanguage\":\"fr-FR\",\"potentialAction\":[{\"@type\":\"ReadAction\",\"target\":[\"https:\/\/www.accretech.eu\/fr\/sitemap\/\"]}]},{\"@type\":\"BreadcrumbList\",\"@id\":\"https:\/\/www.accretech.eu\/fr\/sitemap\/#breadcrumb\",\"itemListElement\":[{\"@type\":\"ListItem\",\"position\":1,\"name\":\"Startseite\",\"item\":\"https:\/\/www.accretech.eu\/fr\/home-2\/\"},{\"@type\":\"ListItem\",\"position\":2,\"name\":\"Sitemap\"}]},{\"@type\":\"WebSite\",\"@id\":\"https:\/\/www.accretech.eu\/it\/#website\",\"url\":\"https:\/\/www.accretech.eu\/it\/\",\"name\":\"ACCRETECH (Europe)\",\"description\":\"\",\"publisher\":{\"@id\":\"https:\/\/www.accretech.eu\/it\/#organization\"},\"potentialAction\":[{\"@type\":\"SearchAction\",\"target\":{\"@type\":\"EntryPoint\",\"urlTemplate\":\"https:\/\/www.accretech.eu\/it\/?s={search_term_string}\"},\"query-input\":{\"@type\":\"PropertyValueSpecification\",\"valueRequired\":true,\"valueName\":\"search_term_string\"}}],\"inLanguage\":\"fr-FR\"},{\"@type\":\"Organization\",\"@id\":\"https:\/\/www.accretech.eu\/it\/#organization\",\"name\":\"ACCRETECH (Europe) GmbH\",\"url\":\"https:\/\/www.accretech.eu\/it\/\",\"logo\":{\"@type\":\"ImageObject\",\"inLanguage\":\"fr-FR\",\"@id\":\"https:\/\/www.accretech.eu\/it\/#\/schema\/logo\/image\/\",\"url\":\"https:\/\/www.accretech.eu\/wp-content\/uploads\/2016\/10\/accretech-europe_logo.png\",\"contentUrl\":\"https:\/\/www.accretech.eu\/wp-content\/uploads\/2016\/10\/accretech-europe_logo.png\",\"width\":312,\"height\":42,\"caption\":\"ACCRETECH (Europe) GmbH\"},\"image\":{\"@id\":\"https:\/\/www.accretech.eu\/it\/#\/schema\/logo\/image\/\"}}]}<\/script>\n<!-- \/ Yoast SEO Premium plugin. -->","yoast_head_json":{"title":"Sitemap - ACCRETECH (Europe)","robots":{"index":"index","follow":"follow","max-snippet":"max-snippet:-1","max-image-preview":"max-image-preview:large","max-video-preview":"max-video-preview:-1"},"canonical":"https:\/\/www.accretech.eu\/fr\/sitemap\/","og_locale":"fr_FR","og_type":"article","og_title":"Sitemap","og_url":"https:\/\/www.accretech.eu\/fr\/sitemap\/","og_site_name":"ACCRETECH (Europe)","article_modified_time":"2020-06-29T08:34:09+00:00","twitter_card":"summary_large_image","twitter_misc":{"Dur\u00e9e de lecture estim\u00e9e":"1 minute"},"schema":{"@context":"https:\/\/schema.org","@graph":[{"@type":"WebPage","@id":"https:\/\/www.accretech.eu\/fr\/sitemap\/","url":"https:\/\/www.accretech.eu\/fr\/sitemap\/","name":"Sitemap - ACCRETECH (Europe)","isPartOf":{"@id":"https:\/\/www.accretech.eu\/it\/#website"},"datePublished":"2017-04-20T12:51:10+00:00","dateModified":"2020-06-29T08:34:09+00:00","breadcrumb":{"@id":"https:\/\/www.accretech.eu\/fr\/sitemap\/#breadcrumb"},"inLanguage":"fr-FR","potentialAction":[{"@type":"ReadAction","target":["https:\/\/www.accretech.eu\/fr\/sitemap\/"]}]},{"@type":"BreadcrumbList","@id":"https:\/\/www.accretech.eu\/fr\/sitemap\/#breadcrumb","itemListElement":[{"@type":"ListItem","position":1,"name":"Startseite","item":"https:\/\/www.accretech.eu\/fr\/home-2\/"},{"@type":"ListItem","position":2,"name":"Sitemap"}]},{"@type":"WebSite","@id":"https:\/\/www.accretech.eu\/it\/#website","url":"https:\/\/www.accretech.eu\/it\/","name":"ACCRETECH (Europe)","description":"","publisher":{"@id":"https:\/\/www.accretech.eu\/it\/#organization"},"potentialAction":[{"@type":"SearchAction","target":{"@type":"EntryPoint","urlTemplate":"https:\/\/www.accretech.eu\/it\/?s={search_term_string}"},"query-input":{"@type":"PropertyValueSpecification","valueRequired":true,"valueName":"search_term_string"}}],"inLanguage":"fr-FR"},{"@type":"Organization","@id":"https:\/\/www.accretech.eu\/it\/#organization","name":"ACCRETECH (Europe) GmbH","url":"https:\/\/www.accretech.eu\/it\/","logo":{"@type":"ImageObject","inLanguage":"fr-FR","@id":"https:\/\/www.accretech.eu\/it\/#\/schema\/logo\/image\/","url":"https:\/\/www.accretech.eu\/wp-content\/uploads\/2016\/10\/accretech-europe_logo.png","contentUrl":"https:\/\/www.accretech.eu\/wp-content\/uploads\/2016\/10\/accretech-europe_logo.png","width":312,"height":42,"caption":"ACCRETECH (Europe) GmbH"},"image":{"@id":"https:\/\/www.accretech.eu\/it\/#\/schema\/logo\/image\/"}}]}},"_links":{"self":[{"href":"https:\/\/www.accretech.eu\/fr\/wp-json\/wp\/v2\/pages\/7544","targetHints":{"allow":["GET"]}}],"collection":[{"href":"https:\/\/www.accretech.eu\/fr\/wp-json\/wp\/v2\/pages"}],"about":[{"href":"https:\/\/www.accretech.eu\/fr\/wp-json\/wp\/v2\/types\/page"}],"author":[{"embeddable":true,"href":"https:\/\/www.accretech.eu\/fr\/wp-json\/wp\/v2\/users\/1"}],"replies":[{"embeddable":true,"href":"https:\/\/www.accretech.eu\/fr\/wp-json\/wp\/v2\/comments?post=7544"}],"version-history":[{"count":0,"href":"https:\/\/www.accretech.eu\/fr\/wp-json\/wp\/v2\/pages\/7544\/revisions"}],"wp:attachment":[{"href":"https:\/\/www.accretech.eu\/fr\/wp-json\/wp\/v2\/media?parent=7544"}],"wp:term":[{"taxonomy":"filter_category","embeddable":true,"href":"https:\/\/www.accretech.eu\/fr\/wp-json\/wp\/v2\/filter_category?post=7544"},{"taxonomy":"filter_measurements","embeddable":true,"href":"https:\/\/www.accretech.eu\/fr\/wp-json\/wp\/v2\/filter_measurements?post=7544"}],"curies":[{"name":"wp","href":"https:\/\/api.w.org\/{rel}","templated":true}]}}