{"id":12679,"date":"2017-03-28T09:08:01","date_gmt":"2017-03-28T07:08:01","guid":{"rendered":"https:\/\/accretech.eu\/nagy-pontossagu-digitalis-meroeszkozok\/"},"modified":"2020-01-29T14:33:36","modified_gmt":"2020-01-29T13:33:36","slug":"nagy-pontossagu-digitalis-meroeszkozok","status":"publish","type":"page","link":"https:\/\/www.accretech.eu\/hu\/termekek\/ipari-merestechnika\/gyartaskozi-meres\/nagy-pontossagu-digitalis-meroeszkozok\/","title":{"rendered":"Nagy pontoss\u00e1g\u00fa digit\u00e1lis m\u00e9r\u0151eszk\u00f6z\u00f6k"},"content":{"rendered":"<\/div><\/div><\/div><!-- close content main div --><\/div><\/div><div id='standard-grid'  class='av-layout-grid-container av-av_layout_row-a8cd9e2cb561478d01a099d7af4d730d entry-content-wrapper main_color av-flex-cells  container_wrap fullsize'  >\n\n<style type=\"text\/css\" data-created_by=\"avia_inline_auto\" id=\"style-css-av-av_cell_two_third-4701cb64db4e7e41418e392587191c3b\">\n.flex_cell.av-av_cell_two_third-4701cb64db4e7e41418e392587191c3b{\nvertical-align:top;\n}\n.responsive #top #wrap_all .flex_cell.av-av_cell_two_third-4701cb64db4e7e41418e392587191c3b{\npadding:0px 20px 0px 0px !important;\n}\n<\/style>\n<div class='flex_cell av-av_cell_two_third-4701cb64db4e7e41418e392587191c3b av-gridrow-cell av_two_third no_margin' ><div class='flex_cell_inner'><p>\n<style type=\"text\/css\" data-created_by=\"avia_inline_auto\" id=\"style-css-av-av_one_full-67c1acb0579a8d4ef554daa8040b2e1d\">\n.flex_column.av-av_one_full-67c1acb0579a8d4ef554daa8040b2e1d{\n-webkit-border-radius:0px 0px 0px 0px;\n-moz-border-radius:0px 0px 0px 0px;\nborder-radius:0px 0px 0px 0px;\npadding:0px 0px 0px 0px;\n}\n<\/style>\n<div class='flex_column av-av_one_full-67c1acb0579a8d4ef554daa8040b2e1d av_one_full first no_margin flex_column_div av-zero-column-padding '     ><br \/>\n<section  class='av_textblock_section av-av_textblock-0366cc7376be6c9e82a3e9cc8987b64f'  itemscope=\"itemscope\" itemtype=\"https:\/\/schema.org\/CreativeWork\" ><div class='avia_textblock'  itemprop=\"text\" ><h2 style=\"font-size: 30px; color: #154194; line-height: 30px; padding-top: 15px;\">Nagy pontoss\u00e1g\u00fa digit\u00e1lis m\u00e9r\u0151eszk\u00f6z\u00f6k<\/h2>\n<\/div><\/section><\/p><\/div><div class='flex_column_table av-av_one_half-201587a3cb27360f0e7f6c88d43151c7 sc-av_one_half av-equal-height-column-flextable'>\n<style type=\"text\/css\" data-created_by=\"avia_inline_auto\" id=\"style-css-av-av_one_half-201587a3cb27360f0e7f6c88d43151c7\">\n.flex_column.av-av_one_half-201587a3cb27360f0e7f6c88d43151c7{\n-webkit-border-radius:0px 0px 0px 0px;\n-moz-border-radius:0px 0px 0px 0px;\nborder-radius:0px 0px 0px 0px;\npadding:0px 0px 0px 0px;\n}\n<\/style>\n<div class='flex_column av-av_one_half-201587a3cb27360f0e7f6c88d43151c7 av_one_half first flex_column_table_cell av-equal-height-column av-align-top av-zero-column-padding '     ><style type=\"text\/css\" data-created_by=\"avia_inline_auto\" id=\"style-css-av-k5zcn8kj-97c8a0748c14157c42dfce88e9bda9e2\">\n#top .av_textblock_section.av-k5zcn8kj-97c8a0748c14157c42dfce88e9bda9e2 .avia_textblock{\nfont-size:14px;\n}\n<\/style>\n<section  class='av_textblock_section av-k5zcn8kj-97c8a0748c14157c42dfce88e9bda9e2'  itemscope=\"itemscope\" itemtype=\"https:\/\/schema.org\/CreativeWork\" ><div class='avia_textblock'  itemprop=\"text\" >\n<style type=\"text\/css\" data-created_by=\"avia_inline_auto\" id=\"style-css-av-av_hr-ad6e10f327b7d34cb60db31978389806\">\n#top .hr.av-av_hr-ad6e10f327b7d34cb60db31978389806{\nmargin-top:10px;\nmargin-bottom:10px;\n}\n.hr.av-av_hr-ad6e10f327b7d34cb60db31978389806 .hr-inner{\nwidth:100%;\nborder-color:#d8d8d8;\n}\n<\/style>\n<div  class='hr av-av_hr-ad6e10f327b7d34cb60db31978389806 hr-custom hr-center hr-icon-no'><span class='hr-inner inner-border-av-border-thin'><span class=\"hr-inner-style\"><\/span><\/span><\/div>\n<p><img loading=\"lazy\" decoding=\"async\" class=\"inline-bilder alignleft wp-image-3314 size-full\" src=\"https:\/\/www.accretech.eu\/wp-content\/uploads\/2017\/03\/pha_s.jpg\" alt=\"pha_s\" width=\"100\" height=\"100\" srcset=\"https:\/\/www.accretech.eu\/wp-content\/uploads\/2017\/03\/pha_s.jpg 100w, https:\/\/www.accretech.eu\/wp-content\/uploads\/2017\/03\/pha_s-80x80.jpg 80w, https:\/\/www.accretech.eu\/wp-content\/uploads\/2017\/03\/pha_s-36x36.jpg 36w\" sizes=\"auto, (max-width: 100px) 100vw, 100px\" \/><span style=\"font-family: f55; font-size: 16px;\">PHA<\/span><br \/>\n<span style=\"font-family: f45;\">Nagy pontoss\u00e1g\u00fa digit\u00e1lis m\u00e9r\u0151eszk\u00f6z\u00f6k \u2013 pl. munkadarabok vastags\u00e1g\u00e1nak, p\u00e1rhuzamoss\u00e1g\u00e1nak, egyenletess\u00e9g\u00e9nek, fokozatainak, valamint k\u00fcls\u0151 \u00e1tm\u00e9r\u0151inek m\u00e9r\u00e9s\u00e9hez<\/span><br \/>\n<span style=\"font-family: f45;\"><span style=\"font-size: 8pt; color: #0096c8;\"><i class=\"wp-svg-arrow-right-2 arrow-right-2\"><\/i><\/span> <a href=\"https:\/\/www.accretech.eu\/hu\/elerhetoseg-es-ugyfelszolgalat\/kapcsolat\/?fom=hu&#038;interest=Ipari%20m%C3%A9r%C3%A9stechnika&#038;_sfm_bereich=Ipari%20m%C3%A9r%C3%A9stechnika\"><span style=\"color: #0096c8;\">Kapcsolatfelv\u00e9teli \u0171rlap<\/span><\/a><\/span><\/p>\n\n<style type=\"text\/css\" data-created_by=\"avia_inline_auto\" id=\"style-css-av-av_hr-ad6e10f327b7d34cb60db31978389806\">\n#top .hr.av-av_hr-ad6e10f327b7d34cb60db31978389806{\nmargin-top:10px;\nmargin-bottom:10px;\n}\n.hr.av-av_hr-ad6e10f327b7d34cb60db31978389806 .hr-inner{\nwidth:100%;\nborder-color:#d8d8d8;\n}\n<\/style>\n<div  class='hr av-av_hr-ad6e10f327b7d34cb60db31978389806 hr-custom hr-center hr-icon-no'><span class='hr-inner inner-border-av-border-thin'><span class=\"hr-inner-style\"><\/span><\/span><\/div>\n<\/div><\/section><\/div><\/div><!--close column table wrapper. Autoclose: 1 --><div class='flex_column_table av-av_one_half-f0fcb8bb41a234057e2267553906b5cb sc-av_one_half av-equal-height-column-flextable'><div class='av-flex-placeholder'><\/div>\n<style type=\"text\/css\" data-created_by=\"avia_inline_auto\" id=\"style-css-av-av_one_half-f0fcb8bb41a234057e2267553906b5cb\">\n.flex_column.av-av_one_half-f0fcb8bb41a234057e2267553906b5cb{\n-webkit-border-radius:0px 0px 0px 0px;\n-moz-border-radius:0px 0px 0px 0px;\nborder-radius:0px 0px 0px 0px;\npadding:0px 0px 0px 0px;\n}\n<\/style>\n<div class='flex_column av-av_one_half-f0fcb8bb41a234057e2267553906b5cb av_one_half flex_column_table_cell av-equal-height-column av-align-top av-zero-column-padding '     ><style type=\"text\/css\" data-created_by=\"avia_inline_auto\" id=\"style-css-av-k5zcnfd5-9737b967d9cd65160c70c17e63a17a53\">\n#top .av_textblock_section.av-k5zcnfd5-9737b967d9cd65160c70c17e63a17a53 .avia_textblock{\nfont-size:14px;\n}\n<\/style>\n<section  class='av_textblock_section av-k5zcnfd5-9737b967d9cd65160c70c17e63a17a53'  itemscope=\"itemscope\" itemtype=\"https:\/\/schema.org\/CreativeWork\" ><div class='avia_textblock'  itemprop=\"text\" >\n<style type=\"text\/css\" data-created_by=\"avia_inline_auto\" id=\"style-css-av-av_hr-ad6e10f327b7d34cb60db31978389806\">\n#top .hr.av-av_hr-ad6e10f327b7d34cb60db31978389806{\nmargin-top:10px;\nmargin-bottom:10px;\n}\n.hr.av-av_hr-ad6e10f327b7d34cb60db31978389806 .hr-inner{\nwidth:100%;\nborder-color:#d8d8d8;\n}\n<\/style>\n<div  class='hr av-av_hr-ad6e10f327b7d34cb60db31978389806 hr-custom hr-center hr-icon-no'><span class='hr-inner inner-border-av-border-thin'><span class=\"hr-inner-style\"><\/span><\/span><\/div>\n<p><img loading=\"lazy\" decoding=\"async\" class=\"inline-bilder alignleft wp-image-3315 size-full\" src=\"https:\/\/www.accretech.eu\/wp-content\/uploads\/2017\/03\/minicomx_s.jpg\" alt=\"minicomx_s\" width=\"100\" height=\"100\" srcset=\"https:\/\/www.accretech.eu\/wp-content\/uploads\/2017\/03\/minicomx_s.jpg 100w, https:\/\/www.accretech.eu\/wp-content\/uploads\/2017\/03\/minicomx_s-80x80.jpg 80w, https:\/\/www.accretech.eu\/wp-content\/uploads\/2017\/03\/minicomx_s-36x36.jpg 36w\" sizes=\"auto, (max-width: 100px) 100vw, 100px\" \/><span style=\"font-family: f55; font-size: 16px;\">MINICOM-X<\/span><br \/>\n<span style=\"font-family: f45;\">Kompakt elektromos mikrom\u00e9terek<\/span><br \/>\n<span style=\"font-family: f45;\"><span style=\"font-size: 8pt; color: #0096c8;\"><i class=\"wp-svg-arrow-right-2 arrow-right-2\"><\/i><\/span> <a href=\"https:\/\/www.accretech.eu\/hu\/elerhetoseg-es-ugyfelszolgalat\/kapcsolat\/?fom=hu&#038;interest=Ipari%20m%C3%A9r%C3%A9stechnika&#038;_sfm_bereich=Ipari%20m%C3%A9r%C3%A9stechnika\"><span style=\"color: #0096c8;\">Kapcsolatfelv\u00e9teli \u0171rlap<\/span><\/a><\/span><\/p>\n\n<style type=\"text\/css\" data-created_by=\"avia_inline_auto\" id=\"style-css-av-av_hr-ad6e10f327b7d34cb60db31978389806\">\n#top .hr.av-av_hr-ad6e10f327b7d34cb60db31978389806{\nmargin-top:10px;\nmargin-bottom:10px;\n}\n.hr.av-av_hr-ad6e10f327b7d34cb60db31978389806 .hr-inner{\nwidth:100%;\nborder-color:#d8d8d8;\n}\n<\/style>\n<div  class='hr av-av_hr-ad6e10f327b7d34cb60db31978389806 hr-custom hr-center hr-icon-no'><span class='hr-inner inner-border-av-border-thin'><span class=\"hr-inner-style\"><\/span><\/span><\/div>\n<\/div><\/section><\/div><\/div><!--close column table wrapper. Autoclose: 1 --><\/p>\n<\/div><\/div>\n<style type=\"text\/css\" data-created_by=\"avia_inline_auto\" id=\"style-css-av-av_cell_one_third-74480de122d07dea34d0f3b276233755\">\n.flex_cell.av-av_cell_one_third-74480de122d07dea34d0f3b276233755{\nvertical-align:top;\n}\n.responsive #top #wrap_all .flex_cell.av-av_cell_one_third-74480de122d07dea34d0f3b276233755{\npadding:15px 0px 0px 0px !important;\n}\n<\/style>\n<div class='flex_cell av-av_cell_one_third-74480de122d07dea34d0f3b276233755 av-gridrow-cell av_one_third no_margin' ><div class='flex_cell_inner'>\n<style type=\"text\/css\" data-created_by=\"avia_inline_auto\" id=\"style-css-av-av_one_full-112bad360314d94901087ff9f553a811\">\n.flex_column.av-av_one_full-112bad360314d94901087ff9f553a811{\n-webkit-border-radius:0px 0px 0px 0px;\n-moz-border-radius:0px 0px 0px 0px;\nborder-radius:0px 0px 0px 0px;\npadding:0px 15px 0px 0px;\nbackground-color:#154194;\n}\n<\/style>\n<div class='flex_column av-av_one_full-112bad360314d94901087ff9f553a811 av_one_full first flex_column_div av-hide-on-mobile '     ><div  class='avia-builder-widget-area clearfix '><div id=\"nav_menu-13\" class=\"widget-odd widget-last widget-first widget-1 widget clearfix widget_nav_menu\"><div class=\"menu-inline-messgeraete-sub-englisch-hungarian-container\"><ul id=\"menu-inline-messgeraete-sub-englisch-hungarian\" class=\"menu\"><li id=\"menu-item-14497\" class=\"menu-item menu-item-type-post_type menu-item-object-page menu-item-14497\"><a href=\"https:\/\/www.accretech.eu\/hu\/termekek\/ipari-merestechnika\/formamero\/\">Formam\u00e9r\u0151<\/a><\/li>\n<li id=\"menu-item-14498\" class=\"menu-item menu-item-type-post_type menu-item-object-page menu-item-14498\"><a href=\"https:\/\/www.accretech.eu\/hu\/termekek\/ipari-merestechnika\/erdessegmero\/\">\u00c9rdess\u00e9gm\u00e9r\u0151<\/a><\/li>\n<\/ul><\/div><\/div><\/div><\/div>\n<\/div><\/div><\/div>\n","protected":false},"excerpt":{"rendered":"","protected":false},"author":1,"featured_media":0,"parent":13489,"menu_order":0,"comment_status":"closed","ping_status":"closed","template":"","meta":{"footnotes":""},"filter_category":[],"filter_measurements":[],"class_list":["post-12679","page","type-page","status-publish","hentry"],"acf":[],"yoast_head":"<!-- This site is optimized with the Yoast SEO Premium plugin v26.1 (Yoast SEO v26.1.1) - https:\/\/yoast.com\/wordpress\/plugins\/seo\/ -->\n<title>Nagy pontoss\u00e1g\u00fa digit\u00e1lis m\u00e9r\u0151eszk\u00f6z\u00f6k - ACCRETECH (Europe)<\/title>\n<meta name=\"robots\" content=\"index, follow, max-snippet:-1, max-image-preview:large, max-video-preview:-1\" \/>\n<link rel=\"canonical\" href=\"https:\/\/www.accretech.eu\/hu\/termekek\/ipari-merestechnika\/gyartaskozi-meres\/nagy-pontossagu-digitalis-meroeszkozok\/\" \/>\n<meta property=\"og:locale\" content=\"hu_HU\" \/>\n<meta property=\"og:type\" content=\"article\" \/>\n<meta property=\"og:title\" content=\"Nagy pontoss\u00e1g\u00fa digit\u00e1lis m\u00e9r\u0151eszk\u00f6z\u00f6k\" \/>\n<meta property=\"og:url\" content=\"https:\/\/www.accretech.eu\/hu\/termekek\/ipari-merestechnika\/gyartaskozi-meres\/nagy-pontossagu-digitalis-meroeszkozok\/\" \/>\n<meta property=\"og:site_name\" content=\"ACCRETECH (Europe)\" \/>\n<meta property=\"article:modified_time\" content=\"2020-01-29T13:33:36+00:00\" \/>\n<meta property=\"og:image\" content=\"https:\/\/www.accretech.eu\/wp-content\/uploads\/2017\/03\/pha_s.jpg\" \/>\n<meta name=\"twitter:card\" content=\"summary_large_image\" \/>\n<meta name=\"twitter:label1\" content=\"Becs\u00fclt olvas\u00e1si id\u0151\" \/>\n\t<meta name=\"twitter:data1\" content=\"3 perc\" \/>\n<script type=\"application\/ld+json\" class=\"yoast-schema-graph\">{\"@context\":\"https:\/\/schema.org\",\"@graph\":[{\"@type\":\"WebPage\",\"@id\":\"https:\/\/www.accretech.eu\/hu\/termekek\/ipari-merestechnika\/gyartaskozi-meres\/nagy-pontossagu-digitalis-meroeszkozok\/\",\"url\":\"https:\/\/www.accretech.eu\/hu\/termekek\/ipari-merestechnika\/gyartaskozi-meres\/nagy-pontossagu-digitalis-meroeszkozok\/\",\"name\":\"Nagy pontoss\u00e1g\u00fa digit\u00e1lis m\u00e9r\u0151eszk\u00f6z\u00f6k - ACCRETECH (Europe)\",\"isPartOf\":{\"@id\":\"https:\/\/www.accretech.eu\/it\/#website\"},\"primaryImageOfPage\":{\"@id\":\"https:\/\/www.accretech.eu\/hu\/termekek\/ipari-merestechnika\/gyartaskozi-meres\/nagy-pontossagu-digitalis-meroeszkozok\/#primaryimage\"},\"image\":{\"@id\":\"https:\/\/www.accretech.eu\/hu\/termekek\/ipari-merestechnika\/gyartaskozi-meres\/nagy-pontossagu-digitalis-meroeszkozok\/#primaryimage\"},\"thumbnailUrl\":\"https:\/\/www.accretech.eu\/wp-content\/uploads\/2017\/03\/pha_s.jpg\",\"datePublished\":\"2017-03-28T07:08:01+00:00\",\"dateModified\":\"2020-01-29T13:33:36+00:00\",\"breadcrumb\":{\"@id\":\"https:\/\/www.accretech.eu\/hu\/termekek\/ipari-merestechnika\/gyartaskozi-meres\/nagy-pontossagu-digitalis-meroeszkozok\/#breadcrumb\"},\"inLanguage\":\"hu\",\"potentialAction\":[{\"@type\":\"ReadAction\",\"target\":[\"https:\/\/www.accretech.eu\/hu\/termekek\/ipari-merestechnika\/gyartaskozi-meres\/nagy-pontossagu-digitalis-meroeszkozok\/\"]}]},{\"@type\":\"ImageObject\",\"inLanguage\":\"hu\",\"@id\":\"https:\/\/www.accretech.eu\/hu\/termekek\/ipari-merestechnika\/gyartaskozi-meres\/nagy-pontossagu-digitalis-meroeszkozok\/#primaryimage\",\"url\":\"https:\/\/www.accretech.eu\/wp-content\/uploads\/2017\/03\/pha_s.jpg\",\"contentUrl\":\"https:\/\/www.accretech.eu\/wp-content\/uploads\/2017\/03\/pha_s.jpg\"},{\"@type\":\"BreadcrumbList\",\"@id\":\"https:\/\/www.accretech.eu\/hu\/termekek\/ipari-merestechnika\/gyartaskozi-meres\/nagy-pontossagu-digitalis-meroeszkozok\/#breadcrumb\",\"itemListElement\":[{\"@type\":\"ListItem\",\"position\":1,\"name\":\"Startseite\",\"item\":\"https:\/\/www.accretech.eu\/hu\/home-2\/\"},{\"@type\":\"ListItem\",\"position\":2,\"name\":\"Term\u00e9kek\",\"item\":\"https:\/\/www.accretech.eu\/hu\/termekek\/\"},{\"@type\":\"ListItem\",\"position\":3,\"name\":\"Ipari m\u00e9r\u00e9stechnika\",\"item\":\"https:\/\/www.accretech.eu\/hu\/termekek\/ipari-merestechnika\/\"},{\"@type\":\"ListItem\",\"position\":4,\"name\":\"Gy\u00e1rt\u00e1sk\u00f6zi m\u00e9r\u00e9s\",\"item\":\"https:\/\/www.accretech.eu\/hu\/termekek\/ipari-merestechnika\/gyartaskozi-meres\/\"},{\"@type\":\"ListItem\",\"position\":5,\"name\":\"Nagy pontoss\u00e1g\u00fa digit\u00e1lis m\u00e9r\u0151eszk\u00f6z\u00f6k\"}]},{\"@type\":\"WebSite\",\"@id\":\"https:\/\/www.accretech.eu\/it\/#website\",\"url\":\"https:\/\/www.accretech.eu\/it\/\",\"name\":\"ACCRETECH (Europe)\",\"description\":\"\",\"publisher\":{\"@id\":\"https:\/\/www.accretech.eu\/it\/#organization\"},\"potentialAction\":[{\"@type\":\"SearchAction\",\"target\":{\"@type\":\"EntryPoint\",\"urlTemplate\":\"https:\/\/www.accretech.eu\/it\/?s={search_term_string}\"},\"query-input\":{\"@type\":\"PropertyValueSpecification\",\"valueRequired\":true,\"valueName\":\"search_term_string\"}}],\"inLanguage\":\"hu\"},{\"@type\":\"Organization\",\"@id\":\"https:\/\/www.accretech.eu\/it\/#organization\",\"name\":\"ACCRETECH (Europe) GmbH\",\"url\":\"https:\/\/www.accretech.eu\/it\/\",\"logo\":{\"@type\":\"ImageObject\",\"inLanguage\":\"hu\",\"@id\":\"https:\/\/www.accretech.eu\/it\/#\/schema\/logo\/image\/\",\"url\":\"https:\/\/www.accretech.eu\/wp-content\/uploads\/2016\/10\/accretech-europe_logo.png\",\"contentUrl\":\"https:\/\/www.accretech.eu\/wp-content\/uploads\/2016\/10\/accretech-europe_logo.png\",\"width\":312,\"height\":42,\"caption\":\"ACCRETECH (Europe) GmbH\"},\"image\":{\"@id\":\"https:\/\/www.accretech.eu\/it\/#\/schema\/logo\/image\/\"}}]}<\/script>\n<!-- \/ Yoast SEO Premium plugin. -->","yoast_head_json":{"title":"Nagy pontoss\u00e1g\u00fa digit\u00e1lis m\u00e9r\u0151eszk\u00f6z\u00f6k - ACCRETECH (Europe)","robots":{"index":"index","follow":"follow","max-snippet":"max-snippet:-1","max-image-preview":"max-image-preview:large","max-video-preview":"max-video-preview:-1"},"canonical":"https:\/\/www.accretech.eu\/hu\/termekek\/ipari-merestechnika\/gyartaskozi-meres\/nagy-pontossagu-digitalis-meroeszkozok\/","og_locale":"hu_HU","og_type":"article","og_title":"Nagy pontoss\u00e1g\u00fa digit\u00e1lis m\u00e9r\u0151eszk\u00f6z\u00f6k","og_url":"https:\/\/www.accretech.eu\/hu\/termekek\/ipari-merestechnika\/gyartaskozi-meres\/nagy-pontossagu-digitalis-meroeszkozok\/","og_site_name":"ACCRETECH (Europe)","article_modified_time":"2020-01-29T13:33:36+00:00","og_image":[{"url":"https:\/\/www.accretech.eu\/wp-content\/uploads\/2017\/03\/pha_s.jpg","type":"","width":"","height":""}],"twitter_card":"summary_large_image","twitter_misc":{"Becs\u00fclt olvas\u00e1si id\u0151":"3 perc"},"schema":{"@context":"https:\/\/schema.org","@graph":[{"@type":"WebPage","@id":"https:\/\/www.accretech.eu\/hu\/termekek\/ipari-merestechnika\/gyartaskozi-meres\/nagy-pontossagu-digitalis-meroeszkozok\/","url":"https:\/\/www.accretech.eu\/hu\/termekek\/ipari-merestechnika\/gyartaskozi-meres\/nagy-pontossagu-digitalis-meroeszkozok\/","name":"Nagy pontoss\u00e1g\u00fa digit\u00e1lis m\u00e9r\u0151eszk\u00f6z\u00f6k - ACCRETECH (Europe)","isPartOf":{"@id":"https:\/\/www.accretech.eu\/it\/#website"},"primaryImageOfPage":{"@id":"https:\/\/www.accretech.eu\/hu\/termekek\/ipari-merestechnika\/gyartaskozi-meres\/nagy-pontossagu-digitalis-meroeszkozok\/#primaryimage"},"image":{"@id":"https:\/\/www.accretech.eu\/hu\/termekek\/ipari-merestechnika\/gyartaskozi-meres\/nagy-pontossagu-digitalis-meroeszkozok\/#primaryimage"},"thumbnailUrl":"https:\/\/www.accretech.eu\/wp-content\/uploads\/2017\/03\/pha_s.jpg","datePublished":"2017-03-28T07:08:01+00:00","dateModified":"2020-01-29T13:33:36+00:00","breadcrumb":{"@id":"https:\/\/www.accretech.eu\/hu\/termekek\/ipari-merestechnika\/gyartaskozi-meres\/nagy-pontossagu-digitalis-meroeszkozok\/#breadcrumb"},"inLanguage":"hu","potentialAction":[{"@type":"ReadAction","target":["https:\/\/www.accretech.eu\/hu\/termekek\/ipari-merestechnika\/gyartaskozi-meres\/nagy-pontossagu-digitalis-meroeszkozok\/"]}]},{"@type":"ImageObject","inLanguage":"hu","@id":"https:\/\/www.accretech.eu\/hu\/termekek\/ipari-merestechnika\/gyartaskozi-meres\/nagy-pontossagu-digitalis-meroeszkozok\/#primaryimage","url":"https:\/\/www.accretech.eu\/wp-content\/uploads\/2017\/03\/pha_s.jpg","contentUrl":"https:\/\/www.accretech.eu\/wp-content\/uploads\/2017\/03\/pha_s.jpg"},{"@type":"BreadcrumbList","@id":"https:\/\/www.accretech.eu\/hu\/termekek\/ipari-merestechnika\/gyartaskozi-meres\/nagy-pontossagu-digitalis-meroeszkozok\/#breadcrumb","itemListElement":[{"@type":"ListItem","position":1,"name":"Startseite","item":"https:\/\/www.accretech.eu\/hu\/home-2\/"},{"@type":"ListItem","position":2,"name":"Term\u00e9kek","item":"https:\/\/www.accretech.eu\/hu\/termekek\/"},{"@type":"ListItem","position":3,"name":"Ipari m\u00e9r\u00e9stechnika","item":"https:\/\/www.accretech.eu\/hu\/termekek\/ipari-merestechnika\/"},{"@type":"ListItem","position":4,"name":"Gy\u00e1rt\u00e1sk\u00f6zi m\u00e9r\u00e9s","item":"https:\/\/www.accretech.eu\/hu\/termekek\/ipari-merestechnika\/gyartaskozi-meres\/"},{"@type":"ListItem","position":5,"name":"Nagy pontoss\u00e1g\u00fa digit\u00e1lis m\u00e9r\u0151eszk\u00f6z\u00f6k"}]},{"@type":"WebSite","@id":"https:\/\/www.accretech.eu\/it\/#website","url":"https:\/\/www.accretech.eu\/it\/","name":"ACCRETECH (Europe)","description":"","publisher":{"@id":"https:\/\/www.accretech.eu\/it\/#organization"},"potentialAction":[{"@type":"SearchAction","target":{"@type":"EntryPoint","urlTemplate":"https:\/\/www.accretech.eu\/it\/?s={search_term_string}"},"query-input":{"@type":"PropertyValueSpecification","valueRequired":true,"valueName":"search_term_string"}}],"inLanguage":"hu"},{"@type":"Organization","@id":"https:\/\/www.accretech.eu\/it\/#organization","name":"ACCRETECH (Europe) GmbH","url":"https:\/\/www.accretech.eu\/it\/","logo":{"@type":"ImageObject","inLanguage":"hu","@id":"https:\/\/www.accretech.eu\/it\/#\/schema\/logo\/image\/","url":"https:\/\/www.accretech.eu\/wp-content\/uploads\/2016\/10\/accretech-europe_logo.png","contentUrl":"https:\/\/www.accretech.eu\/wp-content\/uploads\/2016\/10\/accretech-europe_logo.png","width":312,"height":42,"caption":"ACCRETECH (Europe) GmbH"},"image":{"@id":"https:\/\/www.accretech.eu\/it\/#\/schema\/logo\/image\/"}}]}},"_links":{"self":[{"href":"https:\/\/www.accretech.eu\/hu\/wp-json\/wp\/v2\/pages\/12679","targetHints":{"allow":["GET"]}}],"collection":[{"href":"https:\/\/www.accretech.eu\/hu\/wp-json\/wp\/v2\/pages"}],"about":[{"href":"https:\/\/www.accretech.eu\/hu\/wp-json\/wp\/v2\/types\/page"}],"author":[{"embeddable":true,"href":"https:\/\/www.accretech.eu\/hu\/wp-json\/wp\/v2\/users\/1"}],"replies":[{"embeddable":true,"href":"https:\/\/www.accretech.eu\/hu\/wp-json\/wp\/v2\/comments?post=12679"}],"version-history":[{"count":0,"href":"https:\/\/www.accretech.eu\/hu\/wp-json\/wp\/v2\/pages\/12679\/revisions"}],"up":[{"embeddable":true,"href":"https:\/\/www.accretech.eu\/hu\/wp-json\/wp\/v2\/pages\/13489"}],"wp:attachment":[{"href":"https:\/\/www.accretech.eu\/hu\/wp-json\/wp\/v2\/media?parent=12679"}],"wp:term":[{"taxonomy":"filter_category","embeddable":true,"href":"https:\/\/www.accretech.eu\/hu\/wp-json\/wp\/v2\/filter_category?post=12679"},{"taxonomy":"filter_measurements","embeddable":true,"href":"https:\/\/www.accretech.eu\/hu\/wp-json\/wp\/v2\/filter_measurements?post=12679"}],"curies":[{"name":"wp","href":"https:\/\/api.w.org\/{rel}","templated":true}]}}