{"id":12853,"date":"2017-03-25T22:10:31","date_gmt":"2017-03-25T21:10:31","guid":{"rendered":"https:\/\/accretech.eu\/rondcom-55\/"},"modified":"2021-12-03T16:19:15","modified_gmt":"2021-12-03T15:19:15","slug":"rondcom-55","status":"publish","type":"page","link":"https:\/\/www.accretech.eu\/hu\/termekek\/ipari-merestechnika\/formamero\/rondcom-55\/","title":{"rendered":"RONDCOM 55"},"content":{"rendered":"<\/div><\/div><\/div><!-- close content main div --><\/div><\/div><div id='standard-grid'  class='av-layout-grid-container av-az43bhx-b3ee161eaaf7cfae11f510f8751ec0ce entry-content-wrapper main_color av-flex-cells  container_wrap fullsize'  >\n\n<style type=\"text\/css\" data-created_by=\"avia_inline_auto\" id=\"style-css-av-ab0zm2d-3074d949c29a47b657d80fd2cfd2f338\">\n.flex_cell.av-ab0zm2d-3074d949c29a47b657d80fd2cfd2f338{\nvertical-align:top;\n}\n.responsive #top #wrap_all .flex_cell.av-ab0zm2d-3074d949c29a47b657d80fd2cfd2f338{\npadding:0px 20px 0px 0px !important;\n}\n<\/style>\n<div class='flex_cell av-ab0zm2d-3074d949c29a47b657d80fd2cfd2f338 av-gridrow-cell av_two_third no_margin' ><div class='flex_cell_inner'><p>\n<style type=\"text\/css\" data-created_by=\"avia_inline_auto\" id=\"style-css-av-9s9jc9h-95b3bfe8f5022fecbc347e0c05a155be\">\n.flex_column.av-9s9jc9h-95b3bfe8f5022fecbc347e0c05a155be{\n-webkit-border-radius:0px 0px 0px 0px;\n-moz-border-radius:0px 0px 0px 0px;\nborder-radius:0px 0px 0px 0px;\npadding:0px 0px 0px 0px;\n}\n<\/style>\n<div class='flex_column av-9s9jc9h-95b3bfe8f5022fecbc347e0c05a155be av_one_full first no_margin flex_column_div av-zero-column-padding '     ><\/div>\n<style type=\"text\/css\" data-created_by=\"avia_inline_auto\" id=\"style-css-av-94j460l-bc10151279f95efa0b0fd00f559b38e8\">\n#top .flex_column.av-94j460l-bc10151279f95efa0b0fd00f559b38e8{\nmargin-top:30px;\nmargin-bottom:0px;\n}\n.flex_column.av-94j460l-bc10151279f95efa0b0fd00f559b38e8{\n-webkit-border-radius:0px 0px 0px 0px;\n-moz-border-radius:0px 0px 0px 0px;\nborder-radius:0px 0px 0px 0px;\npadding:0px 0px 0px 0px;\n}\n.responsive #top #wrap_all .flex_column.av-94j460l-bc10151279f95efa0b0fd00f559b38e8{\nmargin-top:30px;\nmargin-bottom:0px;\n}\n<\/style>\n<div class='flex_column av-94j460l-bc10151279f95efa0b0fd00f559b38e8 av_one_half first no_margin flex_column_div av-zero-column-padding '     ><section  class='av_textblock_section av-8jmz9hx-88a919bb48e49c7f5c0276990346a404'  itemscope=\"itemscope\" itemtype=\"https:\/\/schema.org\/CreativeWork\" ><div class='avia_textblock'  itemprop=\"text\" ><h2><span style=\"color: #154194; font-size: 36px; font-family: frutiger;\">RONDCOM 55<\/span><\/h2>\n<p><span style=\"font-family: f55;\">Nagy pontoss\u00e1g\u00fa k\u00f6ralakm\u00e9r\u0151 eszk\u00f6z nagym\u00e9ret\u0171 munkadarabokhoz<\/span><\/p>\n<\/div><\/section><br \/>\n\n<style type=\"text\/css\" data-created_by=\"avia_inline_auto\" id=\"style-css-av-88l39x1-1f1c36c32e7e14564947a762cea1def4\">\n#top .av_textblock_section.av-88l39x1-1f1c36c32e7e14564947a762cea1def4 .avia_textblock{\nfont-size:16px;\n}\n<\/style>\n<section  class='av_textblock_section av-88l39x1-1f1c36c32e7e14564947a762cea1def4'  itemscope=\"itemscope\" itemtype=\"https:\/\/schema.org\/CreativeWork\" ><div class='avia_textblock'  itemprop=\"text\" ><div style=\"line-height: 15px; margin-top: 30px;\">Ak\u00e1r 350 mm \u00e1tm\u00e9r\u0151ig terjed\u0151 m\u00e9r\u00e9si tartom\u00e1ny<br \/>\n\n<style type=\"text\/css\" data-created_by=\"avia_inline_auto\" id=\"style-css-av-7fyqiet-819736512fc0583006492fc1bbaa7872\">\n#top .hr.av-7fyqiet-819736512fc0583006492fc1bbaa7872{\nmargin-top:0px;\nmargin-bottom:0px;\n}\n.hr.av-7fyqiet-819736512fc0583006492fc1bbaa7872 .hr-inner{\nwidth:90%;\nborder-color:#d2d2d2;\n}\n<\/style>\n<div  class='hr av-7fyqiet-819736512fc0583006492fc1bbaa7872 hr-custom hr-left hr-icon-no'><span class='hr-inner inner-border-av-border-thin'><span class=\"hr-inner-style\"><\/span><\/span><\/div><br \/>\nRot\u00e1ci\u00f3s pontoss\u00e1g: (0,02+6H\/10 000) \u00b5m<br \/>\n\n<style type=\"text\/css\" data-created_by=\"avia_inline_auto\" id=\"style-css-av-786725x-386857865f773af6af8fb21f388f7547\">\n#top .hr.av-786725x-386857865f773af6af8fb21f388f7547{\nmargin-top:0px;\nmargin-bottom:0px;\n}\n.hr.av-786725x-386857865f773af6af8fb21f388f7547 .hr-inner{\nwidth:90%;\nborder-color:#d2d2d2;\n}\n<\/style>\n<div  class='hr av-786725x-386857865f773af6af8fb21f388f7547 hr-custom hr-left hr-icon-no'><span class='hr-inner inner-border-av-border-thin'><span class=\"hr-inner-style\"><\/span><\/span><\/div><br \/>\nPontoss\u00e1g a Z tengelyen: 0,1 \u00b5m\/100 mm<br \/>\n\n<style type=\"text\/css\" data-created_by=\"avia_inline_auto\" id=\"style-css-av-6ksozqt-497d6c2c7e958403103d70ea91081457\">\n#top .hr.av-6ksozqt-497d6c2c7e958403103d70ea91081457{\nmargin-top:0px;\nmargin-bottom:0px;\n}\n.hr.av-6ksozqt-497d6c2c7e958403103d70ea91081457 .hr-inner{\nwidth:90%;\nborder-color:#d2d2d2;\n}\n<\/style>\n<div  class='hr av-6ksozqt-497d6c2c7e958403103d70ea91081457 hr-custom hr-left hr-icon-no'><span class='hr-inner inner-border-av-border-thin'><span class=\"hr-inner-style\"><\/span><\/span><\/div><\/div>\n<\/div><\/section><\/p><\/div>\n<style type=\"text\/css\" data-created_by=\"avia_inline_auto\" id=\"style-css-av-6159qr9-f66d4d6af1bfab2335c896ee0ff68ec9\">\n#top .flex_column.av-6159qr9-f66d4d6af1bfab2335c896ee0ff68ec9{\nmargin-top:0px;\nmargin-bottom:0px;\n}\n.flex_column.av-6159qr9-f66d4d6af1bfab2335c896ee0ff68ec9{\n-webkit-border-radius:0px 0px 0px 0px;\n-moz-border-radius:0px 0px 0px 0px;\nborder-radius:0px 0px 0px 0px;\npadding:30px 30px 30px 30px;\n}\n.responsive #top #wrap_all .flex_column.av-6159qr9-f66d4d6af1bfab2335c896ee0ff68ec9{\nmargin-top:0px;\nmargin-bottom:0px;\n}\n<\/style>\n<div class='flex_column av-6159qr9-f66d4d6af1bfab2335c896ee0ff68ec9 av_one_half no_margin flex_column_div '     ><style type=\"text\/css\" data-created_by=\"avia_inline_auto\" id=\"style-css-av-kit2hh-b19804ac92ef03edf1cf2c134310ca45\">\n.avia-image-container.av-kit2hh-b19804ac92ef03edf1cf2c134310ca45 img.avia_image{\nbox-shadow:none;\n}\n.avia-image-container.av-kit2hh-b19804ac92ef03edf1cf2c134310ca45 .av-image-caption-overlay-center{\ncolor:#ffffff;\n}\n<\/style>\n<div  class='avia-image-container av-kit2hh-b19804ac92ef03edf1cf2c134310ca45 av-styling- av-hover-grow avia-align-center'   itemprop=\"image\" itemscope=\"itemscope\" itemtype=\"https:\/\/schema.org\/ImageObject\" ><div class=\"avia-image-container-inner\"><div class=\"avia-image-overlay-wrap\"><img decoding=\"async\" class='wp-image-12898 avia-img-lazy-loading-not-12898 avia_image ' src=\"https:\/\/www.accretech.eu\/wp-content\/uploads\/2017\/03\/ACCRTECH-GmbH-Produkte-Industrielle-Messtechnik-RONDCOM_55B_pasu-300x271.png\" alt='' title='ACCRTECH GmbH - Produkte - Industrielle Messtechnik RONDCOM_55B_pasu'  height=\"271\" width=\"300\"  itemprop=\"thumbnailUrl\" srcset=\"https:\/\/www.accretech.eu\/wp-content\/uploads\/2017\/03\/ACCRTECH-GmbH-Produkte-Industrielle-Messtechnik-RONDCOM_55B_pasu-300x271.png 300w, https:\/\/www.accretech.eu\/wp-content\/uploads\/2017\/03\/ACCRTECH-GmbH-Produkte-Industrielle-Messtechnik-RONDCOM_55B_pasu-705x637.png 705w, https:\/\/www.accretech.eu\/wp-content\/uploads\/2017\/03\/ACCRTECH-GmbH-Produkte-Industrielle-Messtechnik-RONDCOM_55B_pasu-450x407.png 450w, https:\/\/www.accretech.eu\/wp-content\/uploads\/2017\/03\/ACCRTECH-GmbH-Produkte-Industrielle-Messtechnik-RONDCOM_55B_pasu.png 719w\" sizes=\"(max-width: 300px) 100vw, 300px\" \/><\/div><\/div><\/div><\/div>\n<style type=\"text\/css\" data-created_by=\"avia_inline_auto\" id=\"style-css-av-5fz91lh-8611360d4bd5fe9edea62e9d17ff7c1c\">\n#top .flex_column.av-5fz91lh-8611360d4bd5fe9edea62e9d17ff7c1c{\nmargin-top:30px;\nmargin-bottom:0px;\n}\n.flex_column.av-5fz91lh-8611360d4bd5fe9edea62e9d17ff7c1c{\n-webkit-border-radius:0px 0px 0px 0px;\n-moz-border-radius:0px 0px 0px 0px;\nborder-radius:0px 0px 0px 0px;\npadding:0px 0px 0px 0px;\n}\n.responsive #top #wrap_all .flex_column.av-5fz91lh-8611360d4bd5fe9edea62e9d17ff7c1c{\nmargin-top:30px;\nmargin-bottom:0px;\n}\n<\/style>\n<div class='flex_column av-5fz91lh-8611360d4bd5fe9edea62e9d17ff7c1c av_one_full first no_margin flex_column_div av-zero-column-padding '     ><section  class='av_textblock_section av-4rygxf9-3f27288e4c5d89062fa9dc8ae22ed9d9'  itemscope=\"itemscope\" itemtype=\"https:\/\/schema.org\/CreativeWork\" ><div class='avia_textblock'  itemprop=\"text\" ><ul style=\"line-height: 17px;\">\n<li><span style=\"font-family: f45;\">CNC-programoz\u00e1s a m\u00e9r\u00e9st\u0151l az elemz\u00e9sen \u00e1t eg\u00e9szen a nyomtat\u00e1sig<\/span><\/li>\n<li><span style=\"font-family: f45;\">A l\u00e9gcsap\u00e1gyas, rendk\u00edv\u00fcl pontos forgat\u00f3asztal kop\u00e1smentesen forog k\u00f6rbe<\/span><\/li>\n<li><span style=\"font-family: f45;\">Tetsz\u00e9s szerint be\u00e1ll\u00edthat\u00f3 m\u00e9r\u00e9si tartom\u00e1ny \u00e9s tapint\u00e1si er\u0151<\/span><\/li>\n<li><span style=\"font-family: f45;\">Opcion\u00e1lisan \u00e9rdess\u00e9gm\u00e9r\u0151vel is felszerelhet\u0151<\/span><\/li>\n<li><span style=\"font-family: f45;\">Ak\u00e1r t\u00f6bb mint 60 kg-os munkadarabokhoz is<\/span><\/li>\n<\/ul>\n<\/div><\/section><\/div>\n<style type=\"text\/css\" data-created_by=\"avia_inline_auto\" id=\"style-css-av-3wvvq2d-8dd14507f88c9637f75db626b1079f74\">\n#top .flex_column.av-3wvvq2d-8dd14507f88c9637f75db626b1079f74{\nmargin-top:0px;\nmargin-bottom:20px;\n}\n.flex_column.av-3wvvq2d-8dd14507f88c9637f75db626b1079f74{\n-webkit-border-radius:0px 0px 0px 0px;\n-moz-border-radius:0px 0px 0px 0px;\nborder-radius:0px 0px 0px 0px;\npadding:15px 15px 15px 15px;\nbackground-color:#c9deed;\n}\n.responsive #top #wrap_all .flex_column.av-3wvvq2d-8dd14507f88c9637f75db626b1079f74{\nmargin-top:0px;\nmargin-bottom:20px;\n}\n<\/style>\n<div class='flex_column av-3wvvq2d-8dd14507f88c9637f75db626b1079f74 av_one_full first no_margin flex_column_div '     ><section  class='av_textblock_section av-3lacfit-3ec3d708e6dcf472f1a6e7d7f207daee'  itemscope=\"itemscope\" itemtype=\"https:\/\/schema.org\/CreativeWork\" ><div class='avia_textblock'  itemprop=\"text\" ><p><span style=\"font-family: frutiger; font-size: 20px;\">Alkalmaz\u00e1si ter\u00fclet<\/span><br \/>\n<span style=\"font-family: f45;\">A gyors be\u00e1ll\u00edt\u00e1snak \u00e9s m\u00e9r\u00e9si sebess\u00e9gnek k\u00f6sz\u00f6nhet\u0151en hat\u00e9kony sz\u00far\u00f3pr\u00f3baszer\u0171 m\u00e9r\u00e9sek v\u00e9gezhet\u0151k a gy\u00e1rt\u00f3soron.<\/span><\/p>\n<\/div><\/section><\/div><\/p>\n<\/div><\/div>\n<style type=\"text\/css\" data-created_by=\"avia_inline_auto\" id=\"style-css-av-8s7lat-8b50ae60e0afabf14141075e53712b18\">\n.flex_cell.av-8s7lat-8b50ae60e0afabf14141075e53712b18{\nvertical-align:top;\n}\n.responsive #top #wrap_all .flex_cell.av-8s7lat-8b50ae60e0afabf14141075e53712b18{\npadding:15px 0px 0px 0px !important;\n}\n<\/style>\n<div class='flex_cell av-8s7lat-8b50ae60e0afabf14141075e53712b18 av-gridrow-cell av_one_third no_margin' ><div class='flex_cell_inner'>\n<style type=\"text\/css\" data-created_by=\"avia_inline_auto\" id=\"style-css-av-25vi791-96c133359aa054461021b59cd56a1303\">\n.flex_column.av-25vi791-96c133359aa054461021b59cd56a1303{\n-webkit-border-radius:0px 0px 0px 0px;\n-moz-border-radius:0px 0px 0px 0px;\nborder-radius:0px 0px 0px 0px;\npadding:0px 0px 0px 0px;\nbackground-color:#154194;\n}\n<\/style>\n<div class='flex_column av-25vi791-96c133359aa054461021b59cd56a1303 av_one_full first no_margin flex_column_div av-hide-on-mobile av-zero-column-padding '     ><div  class='avia-builder-widget-area clearfix '><div id=\"nav_menu-31\" class=\"widget-odd widget-last widget-first widget-1 widget clearfix widget_nav_menu\"><div class=\"menu-neu-industrial-met-form-sub-englisch-ungarisch-container\"><ul id=\"menu-neu-industrial-met-form-sub-englisch-ungarisch\" class=\"menu\"><li id=\"menu-item-56921\" class=\"menu-item menu-item-type-post_type menu-item-object-page menu-item-has-children menu-item-56921\"><a href=\"https:\/\/www.accretech.eu\/hu\/?page_id=36872\">Teljesen automatikus k\u00e9sz\u00fcl\u00e9kek automatikus be\u00e1ll\u00edt\u00e1ssal<\/a>\n<ul class=\"sub-menu\">\n\t<li id=\"menu-item-56922\" class=\"menu-item menu-item-type-post_type menu-item-object-page menu-item-56922\"><a href=\"https:\/\/www.accretech.eu\/hu\/termekek\/ipari-merestechnika\/formamero\/rondcom-55\/\">RONDCOM 55<\/a><\/li>\n\t<li id=\"menu-item-56923\" class=\"menu-item menu-item-type-post_type menu-item-object-page menu-item-56923\"><a href=\"https:\/\/www.accretech.eu\/hu\/termekek\/ipari-merestechnika\/formamero\/rondcom-60\/\">RONDCOM 60<\/a><\/li>\n\t<li id=\"menu-item-56924\" class=\"menu-item menu-item-type-post_type menu-item-object-page menu-item-56924\"><a href=\"https:\/\/www.accretech.eu\/hu\/termekek\/ipari-merestechnika\/formamero\/rondcom-65\/\">RONDCOM 65<\/a><\/li>\n\t<li id=\"menu-item-56970\" class=\"menu-item menu-item-type-post_type menu-item-object-page menu-item-56970\"><a href=\"https:\/\/www.accretech.eu\/hu\/termekek\/ipari-merestechnika\/formamero\/rondcom-nex-rs-200-300\/\">RONDCOM NEX RS 200\/300<\/a><\/li>\n\t<li id=\"menu-item-56971\" class=\"menu-item menu-item-type-post_type menu-item-object-page menu-item-56971\"><a href=\"https:\/\/www.accretech.eu\/hu\/termekek\/ipari-merestechnika\/formamero\/rondcom-nex-200-300\/\">RONDCOM NEX 200\/300<\/a><\/li>\n\t<li id=\"menu-item-56972\" class=\"menu-item menu-item-type-post_type menu-item-object-page menu-item-56972\"><a href=\"https:\/\/www.accretech.eu\/hu\/termekek\/ipari-merestechnika\/formamero\/rondcom-crest\/\">RONDCOM CREST<\/a><\/li>\n<\/ul>\n<\/li>\n<li id=\"menu-item-56973\" class=\"menu-item menu-item-type-post_type menu-item-object-page menu-item-has-children menu-item-56973\"><a href=\"https:\/\/www.accretech.eu\/hu\/?page_id=36873\">Automatikus eszk\u00f6z\u00f6k manu\u00e1lis be\u00e1ll\u00edt\u00e1ssal<\/a>\n<ul class=\"sub-menu\">\n\t<li id=\"menu-item-56974\" class=\"menu-item menu-item-type-post_type menu-item-object-page menu-item-56974\"><a href=\"https:\/\/www.accretech.eu\/hu\/termekek\/ipari-merestechnika\/formamero\/rondcom-31\/\">RONDCOM 31<\/a><\/li>\n\t<li id=\"menu-item-56975\" class=\"menu-item menu-item-type-post_type menu-item-object-page menu-item-56975\"><a href=\"https:\/\/www.accretech.eu\/hu\/termekek\/ipari-merestechnika\/formamero\/rondcom-41\/\">RONDCOM 41<\/a><\/li>\n\t<li id=\"menu-item-56976\" class=\"menu-item menu-item-type-post_type menu-item-object-page menu-item-56976\"><a href=\"https:\/\/www.accretech.eu\/hu\/termekek\/ipari-merestechnika\/formamero\/rondcom-43\/\">Rondcom 43<\/a><\/li>\n\t<li id=\"menu-item-56977\" class=\"menu-item menu-item-type-post_type menu-item-object-page menu-item-56977\"><a href=\"https:\/\/www.accretech.eu\/hu\/termekek\/ipari-merestechnika\/formamero\/rondcom-nex-100\/\">RONDCOM NEX 100<\/a><\/li>\n<\/ul>\n<\/li>\n<li id=\"menu-item-56978\" class=\"menu-item menu-item-type-post_type menu-item-object-page menu-item-has-children menu-item-56978\"><a href=\"https:\/\/www.accretech.eu\/hu\/?page_id=36874\">Manu\u00e1lis oszloppal ell\u00e1tott eszk\u00f6z\u00f6k<\/a>\n<ul class=\"sub-menu\">\n\t<li id=\"menu-item-57012\" class=\"menu-item menu-item-type-post_type menu-item-object-page menu-item-57012\"><a href=\"https:\/\/www.accretech.eu\/hu\/termekek\/ipari-merestechnika\/formamero\/rondcom-touch-2\/\">RONDCOM TOUCH<\/a><\/li>\n<\/ul>\n<\/li>\n<li id=\"menu-item-57017\" class=\"menu-item menu-item-type-post_type menu-item-object-page menu-item-57017\"><a href=\"https:\/\/www.accretech.eu\/hu\/?page_id=34768\">ACCTee integr\u00e1lt elemz\u0151szoftver<\/a><\/li>\n<li id=\"menu-item-57014\" class=\"menu-item menu-item-type-post_type menu-item-object-page menu-item-57014\"><a href=\"https:\/\/www.accretech.eu\/hu\/termekek\/ipari-merestechnika\/formamero\/rondcom-73\/\">RONDCOM 73<\/a><\/li>\n<li id=\"menu-item-57015\" class=\"menu-item menu-item-type-post_type menu-item-object-page menu-item-57015\"><a href=\"https:\/\/www.accretech.eu\/hu\/termekek\/ipari-merestechnika\/formamero\/rondcom-76\/\">Rondcom 76<\/a><\/li>\n<\/ul><\/div><\/div><\/div><\/div>\n<\/div><\/div><\/div>\n<style type=\"text\/css\" data-created_by=\"avia_inline_auto\" id=\"style-css-av-av_one_third-01f314321df086a621fbc0cddcda291c\">\n#top .flex_column.av-av_one_third-01f314321df086a621fbc0cddcda291c{\nmargin-top:0px;\nmargin-bottom:20px;\n}\n.flex_column.av-av_one_third-01f314321df086a621fbc0cddcda291c{\n-webkit-border-radius:0px 0px 0px 0px;\n-moz-border-radius:0px 0px 0px 0px;\nborder-radius:0px 0px 0px 0px;\npadding:0px 0px 0px 0px;\n}\n.responsive #top #wrap_all .flex_column.av-av_one_third-01f314321df086a621fbc0cddcda291c{\nmargin-top:0px;\nmargin-bottom:20px;\n}\n<\/style>\n<div class='flex_column av-av_one_third-01f314321df086a621fbc0cddcda291c av_one_third first flex_column_div av-zero-column-padding '     ><div  class='avia-button-wrap av-av_button-1784e63824a250574e7e23150cb5a2d3-wrap avia-button-left  new-home-button-big custom-icon'>\n<style type=\"text\/css\" data-created_by=\"avia_inline_auto\" id=\"style-css-av-av_button-1784e63824a250574e7e23150cb5a2d3\">\n#top #wrap_all .avia-button.av-av_button-1784e63824a250574e7e23150cb5a2d3{\nbackground-color:#154194;\nborder-color:#154194;\ncolor:#ffffff;\n-webkit-transition:all 0.4s ease-in-out;\n-moz-transition:all 0.4s ease-in-out;\n-ms-transition:all 0.4s ease-in-out;\n-o-transition:all 0.4s ease-in-out;\ntransition:all 0.4s ease-in-out;\n}\n<\/style>\n<a href='https:\/\/www.accretech.eu\/hu\/elerhetoseg-es-ugyfelszolgalat\/kapcsolat\/?fom=hu&amp;interest=Ipari%20m%C3%A9r%C3%A9stechnika&amp;_sfm_bereich=Ipari%20m%C3%A9r%C3%A9stechnika'  class='avia-button av-av_button-1784e63824a250574e7e23150cb5a2d3 avia-icon_select-yes-left-icon avia-size-large avia-position-left'  target=\"_blank\"  rel=\"noopener noreferrer\" ><span class='avia_button_icon avia_button_icon_left' aria-hidden='true' data-av_icon='\ue805' data-av_iconfont='entypo-fontello'><\/span><span class='avia_iconbox_title' >Aj\u00e1nlatk\u00e9r\u00e9s<\/span><\/a><\/div><\/div>\n","protected":false},"excerpt":{"rendered":"","protected":false},"author":1,"featured_media":0,"parent":13481,"menu_order":0,"comment_status":"closed","ping_status":"closed","template":"","meta":{"footnotes":""},"filter_category":[],"filter_measurements":[],"class_list":["post-12853","page","type-page","status-publish","hentry"],"acf":[],"yoast_head":"<!-- This site is optimized with the Yoast SEO Premium plugin v26.1 (Yoast SEO v26.1.1) - https:\/\/yoast.com\/wordpress\/plugins\/seo\/ -->\n<title>RONDCOM 55 - ACCRETECH (Europe)<\/title>\n<meta name=\"robots\" content=\"index, follow, max-snippet:-1, max-image-preview:large, max-video-preview:-1\" \/>\n<link rel=\"canonical\" href=\"https:\/\/www.accretech.eu\/hu\/termekek\/ipari-merestechnika\/formamero\/rondcom-55\/\" \/>\n<meta property=\"og:locale\" content=\"hu_HU\" \/>\n<meta property=\"og:type\" content=\"article\" \/>\n<meta property=\"og:title\" content=\"RONDCOM 55\" \/>\n<meta property=\"og:url\" content=\"https:\/\/www.accretech.eu\/hu\/termekek\/ipari-merestechnika\/formamero\/rondcom-55\/\" \/>\n<meta property=\"og:site_name\" content=\"ACCRETECH (Europe)\" \/>\n<meta property=\"article:modified_time\" content=\"2021-12-03T15:19:15+00:00\" \/>\n<meta name=\"twitter:card\" content=\"summary_large_image\" \/>\n<meta name=\"twitter:label1\" content=\"Becs\u00fclt olvas\u00e1si id\u0151\" \/>\n\t<meta name=\"twitter:data1\" content=\"6 perc\" \/>\n<script type=\"application\/ld+json\" class=\"yoast-schema-graph\">{\"@context\":\"https:\/\/schema.org\",\"@graph\":[{\"@type\":\"WebPage\",\"@id\":\"https:\/\/www.accretech.eu\/hu\/termekek\/ipari-merestechnika\/formamero\/rondcom-55\/\",\"url\":\"https:\/\/www.accretech.eu\/hu\/termekek\/ipari-merestechnika\/formamero\/rondcom-55\/\",\"name\":\"RONDCOM 55 - ACCRETECH (Europe)\",\"isPartOf\":{\"@id\":\"https:\/\/www.accretech.eu\/it\/#website\"},\"datePublished\":\"2017-03-25T21:10:31+00:00\",\"dateModified\":\"2021-12-03T15:19:15+00:00\",\"breadcrumb\":{\"@id\":\"https:\/\/www.accretech.eu\/hu\/termekek\/ipari-merestechnika\/formamero\/rondcom-55\/#breadcrumb\"},\"inLanguage\":\"hu\",\"potentialAction\":[{\"@type\":\"ReadAction\",\"target\":[\"https:\/\/www.accretech.eu\/hu\/termekek\/ipari-merestechnika\/formamero\/rondcom-55\/\"]}]},{\"@type\":\"BreadcrumbList\",\"@id\":\"https:\/\/www.accretech.eu\/hu\/termekek\/ipari-merestechnika\/formamero\/rondcom-55\/#breadcrumb\",\"itemListElement\":[{\"@type\":\"ListItem\",\"position\":1,\"name\":\"Startseite\",\"item\":\"https:\/\/www.accretech.eu\/hu\/home-2\/\"},{\"@type\":\"ListItem\",\"position\":2,\"name\":\"Term\u00e9kek\",\"item\":\"https:\/\/www.accretech.eu\/hu\/termekek\/\"},{\"@type\":\"ListItem\",\"position\":3,\"name\":\"Ipari m\u00e9r\u00e9stechnika\",\"item\":\"https:\/\/www.accretech.eu\/hu\/termekek\/ipari-merestechnika\/\"},{\"@type\":\"ListItem\",\"position\":4,\"name\":\"Formam\u00e9r\u0151\",\"item\":\"https:\/\/www.accretech.eu\/hu\/termekek\/ipari-merestechnika\/formamero\/\"},{\"@type\":\"ListItem\",\"position\":5,\"name\":\"RONDCOM 55\"}]},{\"@type\":\"WebSite\",\"@id\":\"https:\/\/www.accretech.eu\/it\/#website\",\"url\":\"https:\/\/www.accretech.eu\/it\/\",\"name\":\"ACCRETECH (Europe)\",\"description\":\"\",\"publisher\":{\"@id\":\"https:\/\/www.accretech.eu\/it\/#organization\"},\"potentialAction\":[{\"@type\":\"SearchAction\",\"target\":{\"@type\":\"EntryPoint\",\"urlTemplate\":\"https:\/\/www.accretech.eu\/it\/?s={search_term_string}\"},\"query-input\":{\"@type\":\"PropertyValueSpecification\",\"valueRequired\":true,\"valueName\":\"search_term_string\"}}],\"inLanguage\":\"hu\"},{\"@type\":\"Organization\",\"@id\":\"https:\/\/www.accretech.eu\/it\/#organization\",\"name\":\"ACCRETECH (Europe) GmbH\",\"url\":\"https:\/\/www.accretech.eu\/it\/\",\"logo\":{\"@type\":\"ImageObject\",\"inLanguage\":\"hu\",\"@id\":\"https:\/\/www.accretech.eu\/it\/#\/schema\/logo\/image\/\",\"url\":\"https:\/\/www.accretech.eu\/wp-content\/uploads\/2016\/10\/accretech-europe_logo.png\",\"contentUrl\":\"https:\/\/www.accretech.eu\/wp-content\/uploads\/2016\/10\/accretech-europe_logo.png\",\"width\":312,\"height\":42,\"caption\":\"ACCRETECH (Europe) GmbH\"},\"image\":{\"@id\":\"https:\/\/www.accretech.eu\/it\/#\/schema\/logo\/image\/\"}}]}<\/script>\n<!-- \/ Yoast SEO Premium plugin. -->","yoast_head_json":{"title":"RONDCOM 55 - ACCRETECH (Europe)","robots":{"index":"index","follow":"follow","max-snippet":"max-snippet:-1","max-image-preview":"max-image-preview:large","max-video-preview":"max-video-preview:-1"},"canonical":"https:\/\/www.accretech.eu\/hu\/termekek\/ipari-merestechnika\/formamero\/rondcom-55\/","og_locale":"hu_HU","og_type":"article","og_title":"RONDCOM 55","og_url":"https:\/\/www.accretech.eu\/hu\/termekek\/ipari-merestechnika\/formamero\/rondcom-55\/","og_site_name":"ACCRETECH (Europe)","article_modified_time":"2021-12-03T15:19:15+00:00","twitter_card":"summary_large_image","twitter_misc":{"Becs\u00fclt olvas\u00e1si id\u0151":"6 perc"},"schema":{"@context":"https:\/\/schema.org","@graph":[{"@type":"WebPage","@id":"https:\/\/www.accretech.eu\/hu\/termekek\/ipari-merestechnika\/formamero\/rondcom-55\/","url":"https:\/\/www.accretech.eu\/hu\/termekek\/ipari-merestechnika\/formamero\/rondcom-55\/","name":"RONDCOM 55 - ACCRETECH (Europe)","isPartOf":{"@id":"https:\/\/www.accretech.eu\/it\/#website"},"datePublished":"2017-03-25T21:10:31+00:00","dateModified":"2021-12-03T15:19:15+00:00","breadcrumb":{"@id":"https:\/\/www.accretech.eu\/hu\/termekek\/ipari-merestechnika\/formamero\/rondcom-55\/#breadcrumb"},"inLanguage":"hu","potentialAction":[{"@type":"ReadAction","target":["https:\/\/www.accretech.eu\/hu\/termekek\/ipari-merestechnika\/formamero\/rondcom-55\/"]}]},{"@type":"BreadcrumbList","@id":"https:\/\/www.accretech.eu\/hu\/termekek\/ipari-merestechnika\/formamero\/rondcom-55\/#breadcrumb","itemListElement":[{"@type":"ListItem","position":1,"name":"Startseite","item":"https:\/\/www.accretech.eu\/hu\/home-2\/"},{"@type":"ListItem","position":2,"name":"Term\u00e9kek","item":"https:\/\/www.accretech.eu\/hu\/termekek\/"},{"@type":"ListItem","position":3,"name":"Ipari m\u00e9r\u00e9stechnika","item":"https:\/\/www.accretech.eu\/hu\/termekek\/ipari-merestechnika\/"},{"@type":"ListItem","position":4,"name":"Formam\u00e9r\u0151","item":"https:\/\/www.accretech.eu\/hu\/termekek\/ipari-merestechnika\/formamero\/"},{"@type":"ListItem","position":5,"name":"RONDCOM 55"}]},{"@type":"WebSite","@id":"https:\/\/www.accretech.eu\/it\/#website","url":"https:\/\/www.accretech.eu\/it\/","name":"ACCRETECH (Europe)","description":"","publisher":{"@id":"https:\/\/www.accretech.eu\/it\/#organization"},"potentialAction":[{"@type":"SearchAction","target":{"@type":"EntryPoint","urlTemplate":"https:\/\/www.accretech.eu\/it\/?s={search_term_string}"},"query-input":{"@type":"PropertyValueSpecification","valueRequired":true,"valueName":"search_term_string"}}],"inLanguage":"hu"},{"@type":"Organization","@id":"https:\/\/www.accretech.eu\/it\/#organization","name":"ACCRETECH (Europe) GmbH","url":"https:\/\/www.accretech.eu\/it\/","logo":{"@type":"ImageObject","inLanguage":"hu","@id":"https:\/\/www.accretech.eu\/it\/#\/schema\/logo\/image\/","url":"https:\/\/www.accretech.eu\/wp-content\/uploads\/2016\/10\/accretech-europe_logo.png","contentUrl":"https:\/\/www.accretech.eu\/wp-content\/uploads\/2016\/10\/accretech-europe_logo.png","width":312,"height":42,"caption":"ACCRETECH (Europe) GmbH"},"image":{"@id":"https:\/\/www.accretech.eu\/it\/#\/schema\/logo\/image\/"}}]}},"_links":{"self":[{"href":"https:\/\/www.accretech.eu\/hu\/wp-json\/wp\/v2\/pages\/12853","targetHints":{"allow":["GET"]}}],"collection":[{"href":"https:\/\/www.accretech.eu\/hu\/wp-json\/wp\/v2\/pages"}],"about":[{"href":"https:\/\/www.accretech.eu\/hu\/wp-json\/wp\/v2\/types\/page"}],"author":[{"embeddable":true,"href":"https:\/\/www.accretech.eu\/hu\/wp-json\/wp\/v2\/users\/1"}],"replies":[{"embeddable":true,"href":"https:\/\/www.accretech.eu\/hu\/wp-json\/wp\/v2\/comments?post=12853"}],"version-history":[{"count":0,"href":"https:\/\/www.accretech.eu\/hu\/wp-json\/wp\/v2\/pages\/12853\/revisions"}],"up":[{"embeddable":true,"href":"https:\/\/www.accretech.eu\/hu\/wp-json\/wp\/v2\/pages\/13481"}],"wp:attachment":[{"href":"https:\/\/www.accretech.eu\/hu\/wp-json\/wp\/v2\/media?parent=12853"}],"wp:term":[{"taxonomy":"filter_category","embeddable":true,"href":"https:\/\/www.accretech.eu\/hu\/wp-json\/wp\/v2\/filter_category?post=12853"},{"taxonomy":"filter_measurements","embeddable":true,"href":"https:\/\/www.accretech.eu\/hu\/wp-json\/wp\/v2\/filter_measurements?post=12853"}],"curies":[{"name":"wp","href":"https:\/\/api.w.org\/{rel}","templated":true}]}}