{"id":41737,"date":"2020-06-02T15:54:17","date_gmt":"2020-06-02T13:54:17","guid":{"rendered":"https:\/\/acc-clone.max2.dev\/?page_id=41737"},"modified":"2020-07-03T15:09:02","modified_gmt":"2020-07-03T13:09:02","slug":"termekkereso","status":"publish","type":"page","link":"https:\/\/www.accretech.eu\/hu\/termekkereso\/","title":{"rendered":"Termekkereso"},"content":{"rendered":"<p><span data-sheets-formula-bar-text-style=\"font-size:15px;color:#000000;font-weight:normal;text-decoration:none;font-family:'docs-Calibri';font-style:normal;text-decoration-skip-ink:none;\">V\u00e1lassza ki a megfelel\u0151 param\u00e9tereket, hogy \u00e1tfog\u00f3 portf\u00f3li\u00f3nkban megtal\u00e1lja a legmegfelel\u0151bb m\u00e9r\u0151eszk\u00f6zt.<\/span><\/p>\n","protected":false},"excerpt":{"rendered":"<p>V\u00e1lassza ki a megfelel\u0151 param\u00e9tereket, hogy \u00e1tfog\u00f3 portf\u00f3li\u00f3nkban megtal\u00e1lja a legmegfelel\u0151bb m\u00e9r\u0151eszk\u00f6zt.<\/p>\n","protected":false},"author":1,"featured_media":0,"parent":0,"menu_order":0,"comment_status":"closed","ping_status":"closed","template":"productlist.php","meta":{"footnotes":""},"filter_category":[],"filter_measurements":[],"class_list":["post-41737","page","type-page","status-publish","hentry"],"acf":[],"yoast_head":"<!-- This site is optimized with the Yoast SEO Premium plugin v26.1 (Yoast SEO v26.1.1) - https:\/\/yoast.com\/wordpress\/plugins\/seo\/ -->\n<title>Termekkereso - ACCRETECH (Europe)<\/title>\n<meta name=\"robots\" content=\"index, follow, max-snippet:-1, max-image-preview:large, max-video-preview:-1\" \/>\n<link rel=\"canonical\" href=\"https:\/\/www.accretech.eu\/hu\/termekkereso\/\" \/>\n<meta property=\"og:locale\" content=\"hu_HU\" \/>\n<meta property=\"og:type\" content=\"article\" \/>\n<meta property=\"og:title\" content=\"Termekkereso\" \/>\n<meta property=\"og:description\" content=\"V\u00e1lassza ki a megfelel\u0151 param\u00e9tereket, hogy \u00e1tfog\u00f3 portf\u00f3li\u00f3nkban megtal\u00e1lja a legmegfelel\u0151bb m\u00e9r\u0151eszk\u00f6zt.\" \/>\n<meta property=\"og:url\" content=\"https:\/\/www.accretech.eu\/hu\/termekkereso\/\" \/>\n<meta property=\"og:site_name\" content=\"ACCRETECH (Europe)\" \/>\n<meta property=\"article:modified_time\" content=\"2020-07-03T13:09:02+00:00\" \/>\n<meta name=\"twitter:card\" content=\"summary_large_image\" \/>\n<script type=\"application\/ld+json\" class=\"yoast-schema-graph\">{\"@context\":\"https:\/\/schema.org\",\"@graph\":[{\"@type\":\"WebPage\",\"@id\":\"https:\/\/www.accretech.eu\/hu\/termekkereso\/\",\"url\":\"https:\/\/www.accretech.eu\/hu\/termekkereso\/\",\"name\":\"Termekkereso - ACCRETECH (Europe)\",\"isPartOf\":{\"@id\":\"https:\/\/www.accretech.eu\/it\/#website\"},\"datePublished\":\"2020-06-02T13:54:17+00:00\",\"dateModified\":\"2020-07-03T13:09:02+00:00\",\"breadcrumb\":{\"@id\":\"https:\/\/www.accretech.eu\/hu\/termekkereso\/#breadcrumb\"},\"inLanguage\":\"hu\",\"potentialAction\":[{\"@type\":\"ReadAction\",\"target\":[\"https:\/\/www.accretech.eu\/hu\/termekkereso\/\"]}]},{\"@type\":\"BreadcrumbList\",\"@id\":\"https:\/\/www.accretech.eu\/hu\/termekkereso\/#breadcrumb\",\"itemListElement\":[{\"@type\":\"ListItem\",\"position\":1,\"name\":\"Startseite\",\"item\":\"https:\/\/www.accretech.eu\/hu\/home-2\/\"},{\"@type\":\"ListItem\",\"position\":2,\"name\":\"Termekkereso\"}]},{\"@type\":\"WebSite\",\"@id\":\"https:\/\/www.accretech.eu\/it\/#website\",\"url\":\"https:\/\/www.accretech.eu\/it\/\",\"name\":\"ACCRETECH (Europe)\",\"description\":\"\",\"publisher\":{\"@id\":\"https:\/\/www.accretech.eu\/it\/#organization\"},\"potentialAction\":[{\"@type\":\"SearchAction\",\"target\":{\"@type\":\"EntryPoint\",\"urlTemplate\":\"https:\/\/www.accretech.eu\/it\/?s={search_term_string}\"},\"query-input\":{\"@type\":\"PropertyValueSpecification\",\"valueRequired\":true,\"valueName\":\"search_term_string\"}}],\"inLanguage\":\"hu\"},{\"@type\":\"Organization\",\"@id\":\"https:\/\/www.accretech.eu\/it\/#organization\",\"name\":\"ACCRETECH (Europe) GmbH\",\"url\":\"https:\/\/www.accretech.eu\/it\/\",\"logo\":{\"@type\":\"ImageObject\",\"inLanguage\":\"hu\",\"@id\":\"https:\/\/www.accretech.eu\/it\/#\/schema\/logo\/image\/\",\"url\":\"https:\/\/www.accretech.eu\/wp-content\/uploads\/2016\/10\/accretech-europe_logo.png\",\"contentUrl\":\"https:\/\/www.accretech.eu\/wp-content\/uploads\/2016\/10\/accretech-europe_logo.png\",\"width\":312,\"height\":42,\"caption\":\"ACCRETECH (Europe) GmbH\"},\"image\":{\"@id\":\"https:\/\/www.accretech.eu\/it\/#\/schema\/logo\/image\/\"}}]}<\/script>\n<!-- \/ Yoast SEO Premium plugin. -->","yoast_head_json":{"title":"Termekkereso - ACCRETECH (Europe)","robots":{"index":"index","follow":"follow","max-snippet":"max-snippet:-1","max-image-preview":"max-image-preview:large","max-video-preview":"max-video-preview:-1"},"canonical":"https:\/\/www.accretech.eu\/hu\/termekkereso\/","og_locale":"hu_HU","og_type":"article","og_title":"Termekkereso","og_description":"V\u00e1lassza ki a megfelel\u0151 param\u00e9tereket, hogy \u00e1tfog\u00f3 portf\u00f3li\u00f3nkban megtal\u00e1lja a legmegfelel\u0151bb m\u00e9r\u0151eszk\u00f6zt.","og_url":"https:\/\/www.accretech.eu\/hu\/termekkereso\/","og_site_name":"ACCRETECH (Europe)","article_modified_time":"2020-07-03T13:09:02+00:00","twitter_card":"summary_large_image","schema":{"@context":"https:\/\/schema.org","@graph":[{"@type":"WebPage","@id":"https:\/\/www.accretech.eu\/hu\/termekkereso\/","url":"https:\/\/www.accretech.eu\/hu\/termekkereso\/","name":"Termekkereso - ACCRETECH (Europe)","isPartOf":{"@id":"https:\/\/www.accretech.eu\/it\/#website"},"datePublished":"2020-06-02T13:54:17+00:00","dateModified":"2020-07-03T13:09:02+00:00","breadcrumb":{"@id":"https:\/\/www.accretech.eu\/hu\/termekkereso\/#breadcrumb"},"inLanguage":"hu","potentialAction":[{"@type":"ReadAction","target":["https:\/\/www.accretech.eu\/hu\/termekkereso\/"]}]},{"@type":"BreadcrumbList","@id":"https:\/\/www.accretech.eu\/hu\/termekkereso\/#breadcrumb","itemListElement":[{"@type":"ListItem","position":1,"name":"Startseite","item":"https:\/\/www.accretech.eu\/hu\/home-2\/"},{"@type":"ListItem","position":2,"name":"Termekkereso"}]},{"@type":"WebSite","@id":"https:\/\/www.accretech.eu\/it\/#website","url":"https:\/\/www.accretech.eu\/it\/","name":"ACCRETECH (Europe)","description":"","publisher":{"@id":"https:\/\/www.accretech.eu\/it\/#organization"},"potentialAction":[{"@type":"SearchAction","target":{"@type":"EntryPoint","urlTemplate":"https:\/\/www.accretech.eu\/it\/?s={search_term_string}"},"query-input":{"@type":"PropertyValueSpecification","valueRequired":true,"valueName":"search_term_string"}}],"inLanguage":"hu"},{"@type":"Organization","@id":"https:\/\/www.accretech.eu\/it\/#organization","name":"ACCRETECH (Europe) GmbH","url":"https:\/\/www.accretech.eu\/it\/","logo":{"@type":"ImageObject","inLanguage":"hu","@id":"https:\/\/www.accretech.eu\/it\/#\/schema\/logo\/image\/","url":"https:\/\/www.accretech.eu\/wp-content\/uploads\/2016\/10\/accretech-europe_logo.png","contentUrl":"https:\/\/www.accretech.eu\/wp-content\/uploads\/2016\/10\/accretech-europe_logo.png","width":312,"height":42,"caption":"ACCRETECH (Europe) GmbH"},"image":{"@id":"https:\/\/www.accretech.eu\/it\/#\/schema\/logo\/image\/"}}]}},"_links":{"self":[{"href":"https:\/\/www.accretech.eu\/hu\/wp-json\/wp\/v2\/pages\/41737","targetHints":{"allow":["GET"]}}],"collection":[{"href":"https:\/\/www.accretech.eu\/hu\/wp-json\/wp\/v2\/pages"}],"about":[{"href":"https:\/\/www.accretech.eu\/hu\/wp-json\/wp\/v2\/types\/page"}],"author":[{"embeddable":true,"href":"https:\/\/www.accretech.eu\/hu\/wp-json\/wp\/v2\/users\/1"}],"replies":[{"embeddable":true,"href":"https:\/\/www.accretech.eu\/hu\/wp-json\/wp\/v2\/comments?post=41737"}],"version-history":[{"count":0,"href":"https:\/\/www.accretech.eu\/hu\/wp-json\/wp\/v2\/pages\/41737\/revisions"}],"wp:attachment":[{"href":"https:\/\/www.accretech.eu\/hu\/wp-json\/wp\/v2\/media?parent=41737"}],"wp:term":[{"taxonomy":"filter_category","embeddable":true,"href":"https:\/\/www.accretech.eu\/hu\/wp-json\/wp\/v2\/filter_category?post=41737"},{"taxonomy":"filter_measurements","embeddable":true,"href":"https:\/\/www.accretech.eu\/hu\/wp-json\/wp\/v2\/filter_measurements?post=41737"}],"curies":[{"name":"wp","href":"https:\/\/api.w.org\/{rel}","templated":true}]}}