{"id":46222,"date":"2020-06-09T16:13:45","date_gmt":"2020-06-09T14:13:45","guid":{"rendered":"https:\/\/acc-clone.max2.dev\/?page_id=46222"},"modified":"2020-08-04T16:13:42","modified_gmt":"2020-08-04T14:13:42","slug":"korkorosseg-meres","status":"publish","type":"page","link":"https:\/\/www.accretech.eu\/hu\/alakmeres\/korkorosseg-meres\/","title":{"rendered":"K\u00f6rk\u00f6r\u00f6ss\u00e9g m\u00e9r\u00e9s"},"content":{"rendered":"<\/div><\/div><\/div><!-- close content main div --><\/div><\/div><div id='full_slider_1'  class='avia-fullwidth-slider main_color avia-shadow    container_wrap fullsize'  ><div  class='avia-slideshow av-ht5kni-cb87473bb538f4035710860319017a33 avia-slideshow-no scaling av_slideshow_full avia-slide-slider av-slideshow-ui av-control-default av-slideshow-manual av-loop-once av-loop-manual-endless av-default-height-applied   avia-slideshow-1' data-slideshow-options=\"{&quot;animation&quot;:&quot;slide&quot;,&quot;autoplay&quot;:false,&quot;loop_autoplay&quot;:&quot;once&quot;,&quot;interval&quot;:5,&quot;loop_manual&quot;:&quot;manual-endless&quot;,&quot;autoplay_stopper&quot;:false,&quot;noNavigation&quot;:false,&quot;bg_slider&quot;:false,&quot;keep_padding&quot;:false,&quot;hoverpause&quot;:false,&quot;show_slide_delay&quot;:0}\"  itemprop=\"image\" itemscope=\"itemscope\" itemtype=\"https:\/\/schema.org\/ImageObject\" ><ul class='avia-slideshow-inner ' style='padding-bottom: 14.0625%;'><li  class='avia-slideshow-slide av-ht5kni-cb87473bb538f4035710860319017a33__0  av-single-slide slide-1 slide-odd'><div data-rel='slideshow-1' class='avia-slide-wrap '   ><img decoding=\"async\" class=\"wp-image-24867 avia-img-lazy-loading-not-24867\"  src=\"https:\/\/www.accretech.eu\/wp-content\/uploads\/2017\/03\/Accretech-Industrielle-Messtechnik-Header-Landing-3.jpg\" width=\"1280\" height=\"180\" title='Accretech - Industrielle Messtechnik Header Landing (3)' alt=''  itemprop=\"thumbnailUrl\" srcset=\"https:\/\/www.accretech.eu\/wp-content\/uploads\/2017\/03\/Accretech-Industrielle-Messtechnik-Header-Landing-3.jpg 1280w, https:\/\/www.accretech.eu\/wp-content\/uploads\/2017\/03\/Accretech-Industrielle-Messtechnik-Header-Landing-3-300x42.jpg 300w, https:\/\/www.accretech.eu\/wp-content\/uploads\/2017\/03\/Accretech-Industrielle-Messtechnik-Header-Landing-3-768x108.jpg 768w, https:\/\/www.accretech.eu\/wp-content\/uploads\/2017\/03\/Accretech-Industrielle-Messtechnik-Header-Landing-3-1030x145.jpg 1030w, https:\/\/www.accretech.eu\/wp-content\/uploads\/2017\/03\/Accretech-Industrielle-Messtechnik-Header-Landing-3-705x99.jpg 705w, https:\/\/www.accretech.eu\/wp-content\/uploads\/2017\/03\/Accretech-Industrielle-Messtechnik-Header-Landing-3-450x63.jpg 450w\" sizes=\"(max-width: 1280px) 100vw, 1280px\" \/><\/div><\/li><\/ul><\/div><\/div>\n<\/div><\/div><\/div><!-- close content main div --><\/div><\/div><div id='standard-grid'  class='av-layout-grid-container av-hgzzke-bf7d74f54f55282db1cd841c50938f1e entry-content-wrapper main_color av-flex-cells  container_wrap fullsize'  >\n\n<style type=\"text\/css\" data-created_by=\"avia_inline_auto\" id=\"style-css-av-hb7m0u-13311702f6a3b925bda697a0e6d0a7a4\">\n.flex_cell.av-hb7m0u-13311702f6a3b925bda697a0e6d0a7a4{\nvertical-align:top;\n}\n.responsive #top #wrap_all .flex_cell.av-hb7m0u-13311702f6a3b925bda697a0e6d0a7a4{\npadding:0px 20px 0px 0px !important;\n}\n<\/style>\n<div class='flex_cell av-hb7m0u-13311702f6a3b925bda697a0e6d0a7a4 av-gridrow-cell av_two_third no_margin' ><div class='flex_cell_inner'><p>\n<style type=\"text\/css\" data-created_by=\"avia_inline_auto\" id=\"style-css-av-h1x7fy-f26be06440c121548e3b4459cb88b7a4\">\n.flex_column.av-h1x7fy-f26be06440c121548e3b4459cb88b7a4{\n-webkit-border-radius:0px 0px 0px 0px;\n-moz-border-radius:0px 0px 0px 0px;\nborder-radius:0px 0px 0px 0px;\npadding:0px 0px 0px 0px;\n}\n<\/style>\n<div class='flex_column av-h1x7fy-f26be06440c121548e3b4459cb88b7a4 av_one_full first no_margin flex_column_div av-zero-column-padding '     ><br \/>\n<section  class='av_textblock_section av-gsjpr2-b5ceb952bd8107a75a045582fea8d1fb'  itemscope=\"itemscope\" itemtype=\"https:\/\/schema.org\/CreativeWork\" ><div class='avia_textblock'  itemprop=\"text\" ><h1 style=\"font-size: 30px; color: #154194; line-height: 30px; padding-top: 15px;\">K\u00f6rk\u00f6r\u00f6ss\u00e9g m\u00e9r\u00e9s (RONt)<\/h1>\n<\/div><\/section><\/p><\/div>\n<style type=\"text\/css\" data-created_by=\"avia_inline_auto\" id=\"style-css-av-glf43i-22b287b076d791faab448ef70546aef6\">\n#top .flex_column.av-glf43i-22b287b076d791faab448ef70546aef6{\nmargin-top:0px;\nmargin-bottom:30px;\n}\n.flex_column.av-glf43i-22b287b076d791faab448ef70546aef6{\n-webkit-border-radius:0px 0px 0px 0px;\n-moz-border-radius:0px 0px 0px 0px;\nborder-radius:0px 0px 0px 0px;\npadding:0px 15px 0px 0px;\n}\n.responsive #top #wrap_all .flex_column.av-glf43i-22b287b076d791faab448ef70546aef6{\nmargin-top:0px;\nmargin-bottom:30px;\n}\n<\/style>\n<div class='flex_column av-glf43i-22b287b076d791faab448ef70546aef6 av_one_full first no_margin flex_column_div '     ><section  class='av_textblock_section av-ge3yby-b5c118e733b85078925554c9bad12e5a'  itemscope=\"itemscope\" itemtype=\"https:\/\/schema.org\/CreativeWork\" ><div class='avia_textblock'  itemprop=\"text\" ><p><span style=\"font-family: f45;\">A kereks\u00e9gi alakt\u0171r\u00e9s megm\u00e9rt k\u00f6r elt\u00e9r\u00e9s\u00e9t m\u00e9ri a geometriai szempontb\u00f3l ide\u00e1lis k\u00f6rt\u0151l, azonos k\u00f6z\u00e9ppontn\u00e1l. <\/span><\/p>\n<p><span style=\"font-family: f45;\">A t\u0171r\u00e9si elem a ker\u00fcletvonal.<\/span><\/p>\n<p><span style=\"font-family: f45;\">A t\u0171r\u00e9si z\u00f3n\u00e1t a tengelyre mer\u0151leges m\u00e9r\u00e9si s\u00edkban k\u00e9t, egym\u00e1st\u00f3l t t\u00e1vols\u00e1gra fekv\u0151 koncentrikus k\u00f6r hat\u00e1rozza meg.<\/span><\/p>\n<\/div><\/section><\/div>\n<style type=\"text\/css\" data-created_by=\"avia_inline_auto\" id=\"style-css-av-rba5jf-496d9c4dfd9c5be4e8780ba0db7d6f2e\">\n.flex_column.av-rba5jf-496d9c4dfd9c5be4e8780ba0db7d6f2e{\n-webkit-border-radius:0px 0px 0px 0px;\n-moz-border-radius:0px 0px 0px 0px;\nborder-radius:0px 0px 0px 0px;\npadding:0px 0px 0px 0px;\n}\n<\/style>\n<div class='flex_column av-rba5jf-496d9c4dfd9c5be4e8780ba0db7d6f2e av_two_third first flex_column_div av-zero-column-padding '     ><style type=\"text\/css\" data-created_by=\"avia_inline_auto\" id=\"style-css-av-k8iohrpk-14ba679bf67c788993359b9199b27f76\">\n.avia-image-container.av-k8iohrpk-14ba679bf67c788993359b9199b27f76 img.avia_image{\nbox-shadow:none;\n}\n.avia-image-container.av-k8iohrpk-14ba679bf67c788993359b9199b27f76 .av-image-caption-overlay-center{\ncolor:#ffffff;\n}\n<\/style>\n<div  class='avia-image-container av-k8iohrpk-14ba679bf67c788993359b9199b27f76 av-styling- avia-align-center'   itemprop=\"image\" itemscope=\"itemscope\" itemtype=\"https:\/\/schema.org\/ImageObject\" ><div class=\"avia-image-container-inner\"><div class=\"avia-image-overlay-wrap\"><img decoding=\"async\" class='wp-image-37113 avia-img-lazy-loading-not-37113 avia_image ' src=\"https:\/\/www.accretech.eu\/wp-content\/uploads\/2020\/08\/K\u00f6rk\u00f6r\u00f6ss\u00e9g-m\u00e9r\u00e9s.png\" alt='' title='K\u00f6rk\u00f6r\u00f6ss\u00e9g m\u00e9r\u00e9s'  height=\"859\" width=\"1501\"  itemprop=\"thumbnailUrl\" srcset=\"https:\/\/www.accretech.eu\/wp-content\/uploads\/2020\/08\/K\u00f6rk\u00f6r\u00f6ss\u00e9g-m\u00e9r\u00e9s.png 1501w, https:\/\/www.accretech.eu\/wp-content\/uploads\/2020\/08\/K\u00f6rk\u00f6r\u00f6ss\u00e9g-m\u00e9r\u00e9s-300x172.png 300w, https:\/\/www.accretech.eu\/wp-content\/uploads\/2020\/08\/K\u00f6rk\u00f6r\u00f6ss\u00e9g-m\u00e9r\u00e9s-768x440.png 768w, https:\/\/www.accretech.eu\/wp-content\/uploads\/2020\/08\/K\u00f6rk\u00f6r\u00f6ss\u00e9g-m\u00e9r\u00e9s-1030x589.png 1030w, https:\/\/www.accretech.eu\/wp-content\/uploads\/2020\/08\/K\u00f6rk\u00f6r\u00f6ss\u00e9g-m\u00e9r\u00e9s-705x403.png 705w\" sizes=\"(max-width: 1501px) 100vw, 1501px\" \/><\/div><\/div><\/div><\/div><\/p>\n<\/div><\/div>\n<style type=\"text\/css\" data-created_by=\"avia_inline_auto\" id=\"style-css-av-g83a6e-c11605a0d1875a9c121cb9295a4979f7\">\n.flex_cell.av-g83a6e-c11605a0d1875a9c121cb9295a4979f7{\nvertical-align:top;\n}\n.responsive #top #wrap_all .flex_cell.av-g83a6e-c11605a0d1875a9c121cb9295a4979f7{\npadding:15px 0px 0px 0px !important;\n}\n<\/style>\n<div class='flex_cell av-g83a6e-c11605a0d1875a9c121cb9295a4979f7 av-gridrow-cell av_one_third no_margin' ><div class='flex_cell_inner'><p>\n<style type=\"text\/css\" data-created_by=\"avia_inline_auto\" id=\"style-css-av-g3jpae-552e4136534b988f76af32fef24f3164\">\n#top .flex_column.av-g3jpae-552e4136534b988f76af32fef24f3164{\nmargin-top:0px;\nmargin-bottom:20px;\n}\n.flex_column.av-g3jpae-552e4136534b988f76af32fef24f3164{\n-webkit-border-radius:0px 0px 0px 0px;\n-moz-border-radius:0px 0px 0px 0px;\nborder-radius:0px 0px 0px 0px;\npadding:0px 15px 0px 0px;\nbackground-color:#154194;\n}\n.responsive #top #wrap_all .flex_column.av-g3jpae-552e4136534b988f76af32fef24f3164{\nmargin-top:0px;\nmargin-bottom:20px;\n}\n<\/style>\n<div class='flex_column av-g3jpae-552e4136534b988f76af32fef24f3164 av_one_full first flex_column_div av-hide-on-mobile '     ><div  class='avia-builder-widget-area clearfix '><div id=\"nav_menu-12\" class=\"widget-odd widget-last widget-first widget-1 widget clearfix widget_nav_menu\"><div class=\"menu-anwendungen-industrielle-messtechnik-sub-englisch-hungarian-container\"><ul id=\"menu-anwendungen-industrielle-messtechnik-sub-englisch-hungarian\" class=\"menu\"><li id=\"menu-item-47495\" class=\"menu-item menu-item-type-post_type menu-item-object-page menu-item-47495\"><a href=\"https:\/\/www.accretech.eu\/hu\/alakmeres\/egyenesseg-merese\/\">Egyeness\u00e9g m\u00e9r\u00e9se<\/a><\/li>\n<li id=\"menu-item-47494\" class=\"menu-item menu-item-type-post_type menu-item-object-page menu-item-47494\"><a href=\"https:\/\/www.accretech.eu\/hu\/alakmeres\/egyenletesseg-merese\/\">Egyenletess\u00e9g m\u00e9r\u00e9se<\/a><\/li>\n<li id=\"menu-item-47493\" class=\"menu-item menu-item-type-post_type menu-item-object-page menu-item-47493\"><a href=\"https:\/\/www.accretech.eu\/hu\/alakmeres\/korkorosseg-meres\/\">K\u00f6rk\u00f6r\u00f6ss\u00e9g m\u00e9r\u00e9s<\/a><\/li>\n<li id=\"menu-item-47492\" class=\"menu-item menu-item-type-post_type menu-item-object-page menu-item-47492\"><a href=\"https:\/\/www.accretech.eu\/hu\/alakmeres\/hengeresseg-merese\/\">Hengeress\u00e9g m\u00e9r\u00e9se<\/a><\/li>\n<li id=\"menu-item-47496\" class=\"menu-item menu-item-type-post_type menu-item-object-page menu-item-47496\"><a href=\"https:\/\/www.accretech.eu\/hu\/alakmeres\/parhuzamossaga-merese\/\">K\u00e9t egyenes vonal \/ s\u00edk p\u00e1rhuzamoss\u00e1ga<\/a><\/li>\n<li id=\"menu-item-47491\" class=\"menu-item menu-item-type-post_type menu-item-object-page menu-item-47491\"><a href=\"https:\/\/www.accretech.eu\/hu\/alakmeres\/derekszoguseg-merese\/\">Der\u00e9ksz\u00f6g\u0171s\u00e9g m\u00e9r\u00e9se<\/a><\/li>\n<li id=\"menu-item-47489\" class=\"menu-item menu-item-type-post_type menu-item-object-page menu-item-47489\"><a href=\"https:\/\/www.accretech.eu\/hu\/alakmeres\/koaxialitas-merese\/\">Koaxialit\u00e1s m\u00e9r\u00e9se<\/a><\/li>\n<li id=\"menu-item-47490\" class=\"menu-item menu-item-type-post_type menu-item-object-page menu-item-47490\"><a href=\"https:\/\/www.accretech.eu\/hu\/alakmeres\/korkoros-futas-merese\/\">K\u00f6rk\u00f6r\u00f6s fut\u00e1s m\u00e9r\u00e9se<\/a><\/li>\n<\/ul><\/div><\/div><\/div><\/div><div class='flex_column_table av-kbj3n41l-4dcf505549e573b8c945d5db9d1834c7 sc-av_one_full av-equal-height-column-flextable'>\n<style type=\"text\/css\" data-created_by=\"avia_inline_auto\" id=\"style-css-av-kbj3n41l-4dcf505549e573b8c945d5db9d1834c7\">\n.flex_column.av-kbj3n41l-4dcf505549e573b8c945d5db9d1834c7{\n-webkit-border-radius:0px 0px 0px 0px;\n-moz-border-radius:0px 0px 0px 0px;\nborder-radius:0px 0px 0px 0px;\npadding:0px 0px 0px 0px;\nbackground:url(https:\/\/www.accretech.eu\/wp-content\/uploads\/2020\/02\/ACCRETECH_Formmessgeraete_Matrix-300x186.jpg) 50% 50% no-repeat scroll #ebebeb;\n}\n<\/style>\n<div class='flex_column av-kbj3n41l-4dcf505549e573b8c945d5db9d1834c7 av_one_full first flex_column_table_cell av-equal-height-column av-align-top av-zero-column-padding avia-link-column av-column-link '    data-link-column-url=\"https:\/\/www.accretech.eu\/hu\/termekkereso\/\"   ><a class=\"av-screen-reader-only\" href=https:\/\/www.accretech.eu\/hu\/termekkereso\/ >Link to: Termekkereso<\/a><p>\n<style type=\"text\/css\" data-created_by=\"avia_inline_auto\" id=\"style-css-av-jwzf1y2q-8b9489a8b2d39734508cd6794ed042cb\">\n#top .hr.hr-invisible.av-jwzf1y2q-8b9489a8b2d39734508cd6794ed042cb{\nheight:150px;\n}\n<\/style>\n<div  class='hr av-jwzf1y2q-8b9489a8b2d39734508cd6794ed042cb hr-invisible'><span class='hr-inner '><span class=\"hr-inner-style\"><\/span><\/span><\/div><br \/>\n<section  class='av_textblock_section av-h96fm-4709f72178eef738c2be0019609ef47f'  itemscope=\"itemscope\" itemtype=\"https:\/\/schema.org\/CreativeWork\" ><div class='avia_textblock popup-matrix-thumb-text'  itemprop=\"text\" ><p style=\"font-family: frutiger; font-size: 20px; color: #154194; margin: 0px;\">Keresse meg a megfelel\u0151 m\u00e9r\u0151 k\u00e9sz\u00fcl\u00e9ket<\/p>\n<\/div><\/section><\/p><\/div><\/div><!--close column table wrapper. Autoclose: 1 --><\/p>\n<\/div><\/div><\/div><\/div><\/div><\/div><!-- close content main div --><\/div><\/div><div id='standard-grid'  class='av-layout-grid-container av-hgzzke-bf7d74f54f55282db1cd841c50938f1e entry-content-wrapper main_color av-flex-cells  container_wrap fullsize'  >\n\n<style type=\"text\/css\" data-created_by=\"avia_inline_auto\" id=\"style-css-av-hb7m0u-13311702f6a3b925bda697a0e6d0a7a4\">\n.flex_cell.av-hb7m0u-13311702f6a3b925bda697a0e6d0a7a4{\nvertical-align:top;\n}\n.responsive #top #wrap_all .flex_cell.av-hb7m0u-13311702f6a3b925bda697a0e6d0a7a4{\npadding:0px 20px 0px 0px !important;\n}\n<\/style>\n<div class='flex_cell av-hb7m0u-13311702f6a3b925bda697a0e6d0a7a4 av-gridrow-cell av_one_full no_margin' ><div class='flex_cell_inner'><\/div><\/div>\n<\/div>\n","protected":false},"excerpt":{"rendered":"","protected":false},"author":550,"featured_media":0,"parent":46219,"menu_order":0,"comment_status":"closed","ping_status":"closed","template":"","meta":{"footnotes":""},"filter_category":[],"filter_measurements":[],"class_list":["post-46222","page","type-page","status-publish","hentry"],"acf":[],"yoast_head":"<!-- This site is optimized with the Yoast SEO Premium plugin v26.1 (Yoast SEO v26.1.1) - https:\/\/yoast.com\/wordpress\/plugins\/seo\/ -->\n<title>K\u00f6rk\u00f6r\u00f6ss\u00e9g m\u00e9r\u00e9s - ACCRETECH (Europe)<\/title>\n<meta name=\"robots\" content=\"index, follow, max-snippet:-1, max-image-preview:large, max-video-preview:-1\" \/>\n<link rel=\"canonical\" href=\"https:\/\/www.accretech.eu\/hu\/alakmeres\/korkorosseg-meres\/\" \/>\n<meta property=\"og:locale\" content=\"hu_HU\" \/>\n<meta property=\"og:type\" content=\"article\" \/>\n<meta property=\"og:title\" content=\"K\u00f6rk\u00f6r\u00f6ss\u00e9g m\u00e9r\u00e9s\" \/>\n<meta property=\"og:url\" content=\"https:\/\/www.accretech.eu\/hu\/alakmeres\/korkorosseg-meres\/\" \/>\n<meta property=\"og:site_name\" content=\"ACCRETECH (Europe)\" \/>\n<meta property=\"article:modified_time\" content=\"2020-08-04T14:13:42+00:00\" \/>\n<meta name=\"twitter:card\" content=\"summary_large_image\" \/>\n<meta name=\"twitter:label1\" content=\"Becs\u00fclt olvas\u00e1si id\u0151\" \/>\n\t<meta name=\"twitter:data1\" content=\"6 perc\" \/>\n<script type=\"application\/ld+json\" class=\"yoast-schema-graph\">{\"@context\":\"https:\/\/schema.org\",\"@graph\":[{\"@type\":\"WebPage\",\"@id\":\"https:\/\/www.accretech.eu\/hu\/alakmeres\/korkorosseg-meres\/\",\"url\":\"https:\/\/www.accretech.eu\/hu\/alakmeres\/korkorosseg-meres\/\",\"name\":\"K\u00f6rk\u00f6r\u00f6ss\u00e9g m\u00e9r\u00e9s - ACCRETECH (Europe)\",\"isPartOf\":{\"@id\":\"https:\/\/www.accretech.eu\/it\/#website\"},\"datePublished\":\"2020-06-09T14:13:45+00:00\",\"dateModified\":\"2020-08-04T14:13:42+00:00\",\"breadcrumb\":{\"@id\":\"https:\/\/www.accretech.eu\/hu\/alakmeres\/korkorosseg-meres\/#breadcrumb\"},\"inLanguage\":\"hu\",\"potentialAction\":[{\"@type\":\"ReadAction\",\"target\":[\"https:\/\/www.accretech.eu\/hu\/alakmeres\/korkorosseg-meres\/\"]}]},{\"@type\":\"BreadcrumbList\",\"@id\":\"https:\/\/www.accretech.eu\/hu\/alakmeres\/korkorosseg-meres\/#breadcrumb\",\"itemListElement\":[{\"@type\":\"ListItem\",\"position\":1,\"name\":\"Startseite\",\"item\":\"https:\/\/www.accretech.eu\/hu\/home-2\/\"},{\"@type\":\"ListItem\",\"position\":2,\"name\":\"Alakm\u00e9r\u00e9s\",\"item\":\"https:\/\/www.accretech.eu\/hu\/?page_id=46219\"},{\"@type\":\"ListItem\",\"position\":3,\"name\":\"K\u00f6rk\u00f6r\u00f6ss\u00e9g m\u00e9r\u00e9s\"}]},{\"@type\":\"WebSite\",\"@id\":\"https:\/\/www.accretech.eu\/it\/#website\",\"url\":\"https:\/\/www.accretech.eu\/it\/\",\"name\":\"ACCRETECH (Europe)\",\"description\":\"\",\"publisher\":{\"@id\":\"https:\/\/www.accretech.eu\/it\/#organization\"},\"potentialAction\":[{\"@type\":\"SearchAction\",\"target\":{\"@type\":\"EntryPoint\",\"urlTemplate\":\"https:\/\/www.accretech.eu\/it\/?s={search_term_string}\"},\"query-input\":{\"@type\":\"PropertyValueSpecification\",\"valueRequired\":true,\"valueName\":\"search_term_string\"}}],\"inLanguage\":\"hu\"},{\"@type\":\"Organization\",\"@id\":\"https:\/\/www.accretech.eu\/it\/#organization\",\"name\":\"ACCRETECH (Europe) GmbH\",\"url\":\"https:\/\/www.accretech.eu\/it\/\",\"logo\":{\"@type\":\"ImageObject\",\"inLanguage\":\"hu\",\"@id\":\"https:\/\/www.accretech.eu\/it\/#\/schema\/logo\/image\/\",\"url\":\"https:\/\/www.accretech.eu\/wp-content\/uploads\/2016\/10\/accretech-europe_logo.png\",\"contentUrl\":\"https:\/\/www.accretech.eu\/wp-content\/uploads\/2016\/10\/accretech-europe_logo.png\",\"width\":312,\"height\":42,\"caption\":\"ACCRETECH (Europe) GmbH\"},\"image\":{\"@id\":\"https:\/\/www.accretech.eu\/it\/#\/schema\/logo\/image\/\"}}]}<\/script>\n<!-- \/ Yoast SEO Premium plugin. -->","yoast_head_json":{"title":"K\u00f6rk\u00f6r\u00f6ss\u00e9g m\u00e9r\u00e9s - ACCRETECH (Europe)","robots":{"index":"index","follow":"follow","max-snippet":"max-snippet:-1","max-image-preview":"max-image-preview:large","max-video-preview":"max-video-preview:-1"},"canonical":"https:\/\/www.accretech.eu\/hu\/alakmeres\/korkorosseg-meres\/","og_locale":"hu_HU","og_type":"article","og_title":"K\u00f6rk\u00f6r\u00f6ss\u00e9g m\u00e9r\u00e9s","og_url":"https:\/\/www.accretech.eu\/hu\/alakmeres\/korkorosseg-meres\/","og_site_name":"ACCRETECH (Europe)","article_modified_time":"2020-08-04T14:13:42+00:00","twitter_card":"summary_large_image","twitter_misc":{"Becs\u00fclt olvas\u00e1si id\u0151":"6 perc"},"schema":{"@context":"https:\/\/schema.org","@graph":[{"@type":"WebPage","@id":"https:\/\/www.accretech.eu\/hu\/alakmeres\/korkorosseg-meres\/","url":"https:\/\/www.accretech.eu\/hu\/alakmeres\/korkorosseg-meres\/","name":"K\u00f6rk\u00f6r\u00f6ss\u00e9g m\u00e9r\u00e9s - ACCRETECH (Europe)","isPartOf":{"@id":"https:\/\/www.accretech.eu\/it\/#website"},"datePublished":"2020-06-09T14:13:45+00:00","dateModified":"2020-08-04T14:13:42+00:00","breadcrumb":{"@id":"https:\/\/www.accretech.eu\/hu\/alakmeres\/korkorosseg-meres\/#breadcrumb"},"inLanguage":"hu","potentialAction":[{"@type":"ReadAction","target":["https:\/\/www.accretech.eu\/hu\/alakmeres\/korkorosseg-meres\/"]}]},{"@type":"BreadcrumbList","@id":"https:\/\/www.accretech.eu\/hu\/alakmeres\/korkorosseg-meres\/#breadcrumb","itemListElement":[{"@type":"ListItem","position":1,"name":"Startseite","item":"https:\/\/www.accretech.eu\/hu\/home-2\/"},{"@type":"ListItem","position":2,"name":"Alakm\u00e9r\u00e9s","item":"https:\/\/www.accretech.eu\/hu\/?page_id=46219"},{"@type":"ListItem","position":3,"name":"K\u00f6rk\u00f6r\u00f6ss\u00e9g m\u00e9r\u00e9s"}]},{"@type":"WebSite","@id":"https:\/\/www.accretech.eu\/it\/#website","url":"https:\/\/www.accretech.eu\/it\/","name":"ACCRETECH (Europe)","description":"","publisher":{"@id":"https:\/\/www.accretech.eu\/it\/#organization"},"potentialAction":[{"@type":"SearchAction","target":{"@type":"EntryPoint","urlTemplate":"https:\/\/www.accretech.eu\/it\/?s={search_term_string}"},"query-input":{"@type":"PropertyValueSpecification","valueRequired":true,"valueName":"search_term_string"}}],"inLanguage":"hu"},{"@type":"Organization","@id":"https:\/\/www.accretech.eu\/it\/#organization","name":"ACCRETECH (Europe) GmbH","url":"https:\/\/www.accretech.eu\/it\/","logo":{"@type":"ImageObject","inLanguage":"hu","@id":"https:\/\/www.accretech.eu\/it\/#\/schema\/logo\/image\/","url":"https:\/\/www.accretech.eu\/wp-content\/uploads\/2016\/10\/accretech-europe_logo.png","contentUrl":"https:\/\/www.accretech.eu\/wp-content\/uploads\/2016\/10\/accretech-europe_logo.png","width":312,"height":42,"caption":"ACCRETECH (Europe) GmbH"},"image":{"@id":"https:\/\/www.accretech.eu\/it\/#\/schema\/logo\/image\/"}}]}},"_links":{"self":[{"href":"https:\/\/www.accretech.eu\/hu\/wp-json\/wp\/v2\/pages\/46222","targetHints":{"allow":["GET"]}}],"collection":[{"href":"https:\/\/www.accretech.eu\/hu\/wp-json\/wp\/v2\/pages"}],"about":[{"href":"https:\/\/www.accretech.eu\/hu\/wp-json\/wp\/v2\/types\/page"}],"author":[{"embeddable":true,"href":"https:\/\/www.accretech.eu\/hu\/wp-json\/wp\/v2\/users\/550"}],"replies":[{"embeddable":true,"href":"https:\/\/www.accretech.eu\/hu\/wp-json\/wp\/v2\/comments?post=46222"}],"version-history":[{"count":0,"href":"https:\/\/www.accretech.eu\/hu\/wp-json\/wp\/v2\/pages\/46222\/revisions"}],"up":[{"embeddable":true,"href":"https:\/\/www.accretech.eu\/hu\/wp-json\/wp\/v2\/pages\/46219"}],"wp:attachment":[{"href":"https:\/\/www.accretech.eu\/hu\/wp-json\/wp\/v2\/media?parent=46222"}],"wp:term":[{"taxonomy":"filter_category","embeddable":true,"href":"https:\/\/www.accretech.eu\/hu\/wp-json\/wp\/v2\/filter_category?post=46222"},{"taxonomy":"filter_measurements","embeddable":true,"href":"https:\/\/www.accretech.eu\/hu\/wp-json\/wp\/v2\/filter_measurements?post=46222"}],"curies":[{"name":"wp","href":"https:\/\/api.w.org\/{rel}","templated":true}]}}