{"id":31008,"date":"2017-03-12T17:37:09","date_gmt":"2017-03-12T16:37:09","guid":{"rendered":"https:\/\/acc-clone.max2.dev\/?page_id=31008"},"modified":"2026-05-07T13:05:44","modified_gmt":"2026-05-07T11:05:44","slug":"przemyslowa-technika-pomiarowa","status":"publish","type":"page","link":"https:\/\/www.accretech.eu\/pl\/produkty\/przemyslowa-technika-pomiarowa\/","title":{"rendered":"Przemys\u0142owa technika pomiarowa"},"content":{"rendered":"<\/div><\/div><\/div><!-- close content main div --><\/div><\/div><div id='full_slider_1'  class='avia-fullwidth-slider main_color avia-shadow    container_wrap fullsize'  ><div  class='avia-slideshow av-k9e6aa5m-5750bcb2709fa00a8059a32b79ac0ee2 avia-slideshow-no scaling av_slideshow_full avia-slide-slider av-slideshow-ui av-control-default av-slideshow-manual av-loop-once av-loop-manual-endless av-default-height-applied   avia-slideshow-1' data-slideshow-options=\"{&quot;animation&quot;:&quot;slide&quot;,&quot;autoplay&quot;:false,&quot;loop_autoplay&quot;:&quot;once&quot;,&quot;interval&quot;:5,&quot;loop_manual&quot;:&quot;manual-endless&quot;,&quot;autoplay_stopper&quot;:false,&quot;noNavigation&quot;:false,&quot;bg_slider&quot;:false,&quot;keep_padding&quot;:false,&quot;hoverpause&quot;:false,&quot;show_slide_delay&quot;:0}\"  itemprop=\"image\" itemscope=\"itemscope\" itemtype=\"https:\/\/schema.org\/ImageObject\" ><ul class='avia-slideshow-inner ' style='padding-bottom: 17.8125%;'><li  class='avia-slideshow-slide av-k9e6aa5m-5750bcb2709fa00a8059a32b79ac0ee2__0  av-single-slide slide-1 slide-odd'><div data-rel='slideshow-1' class='avia-slide-wrap '   ><img decoding=\"async\" class=\"wp-image-24860 avia-img-lazy-loading-not-24860\"  src=\"https:\/\/www.accretech.eu\/wp-content\/uploads\/2017\/03\/Accretech-Industrielle-Messtechnik-Header-Landing-1-1.jpg\" width=\"1280\" height=\"228\" title='Accretech - Industrielle Messtechnik Header Landing (1)' alt=''  itemprop=\"thumbnailUrl\" srcset=\"https:\/\/www.accretech.eu\/wp-content\/uploads\/2017\/03\/Accretech-Industrielle-Messtechnik-Header-Landing-1-1.jpg 1280w, https:\/\/www.accretech.eu\/wp-content\/uploads\/2017\/03\/Accretech-Industrielle-Messtechnik-Header-Landing-1-1-300x53.jpg 300w, https:\/\/www.accretech.eu\/wp-content\/uploads\/2017\/03\/Accretech-Industrielle-Messtechnik-Header-Landing-1-1-768x137.jpg 768w, https:\/\/www.accretech.eu\/wp-content\/uploads\/2017\/03\/Accretech-Industrielle-Messtechnik-Header-Landing-1-1-1030x183.jpg 1030w, https:\/\/www.accretech.eu\/wp-content\/uploads\/2017\/03\/Accretech-Industrielle-Messtechnik-Header-Landing-1-1-705x126.jpg 705w, https:\/\/www.accretech.eu\/wp-content\/uploads\/2017\/03\/Accretech-Industrielle-Messtechnik-Header-Landing-1-1-450x80.jpg 450w\" sizes=\"(max-width: 1280px) 100vw, 1280px\" \/><\/div><\/li><\/ul><\/div><\/div>\n<\/div><\/div><\/div><!-- close content main div --><\/div><\/div><div id='standard-grid'  class='av-layout-grid-container av-3a0skg-a5a269bb51aba9d5d1c5d63f616792af entry-content-wrapper main_color av-flex-cells  container_wrap fullsize'  >\n\n<style type=\"text\/css\" data-created_by=\"avia_inline_auto\" id=\"style-css-av-32dezk-30bc129c6d47d37eac99a22704d86842\">\n.flex_cell.av-32dezk-30bc129c6d47d37eac99a22704d86842{\nvertical-align:top;\n}\n.responsive #top #wrap_all .flex_cell.av-32dezk-30bc129c6d47d37eac99a22704d86842{\npadding:0px 20px 0px 0px !important;\n}\n<\/style>\n<div class='flex_cell av-32dezk-30bc129c6d47d37eac99a22704d86842 av-gridrow-cell av_two_third no_margin' ><div class='flex_cell_inner'><p>\n<style type=\"text\/css\" data-created_by=\"avia_inline_auto\" id=\"style-css-av-2tu948-aedf7ea8b5ff0f37302fc07b28897f31\">\n.flex_column.av-2tu948-aedf7ea8b5ff0f37302fc07b28897f31{\n-webkit-border-radius:0px 0px 0px 0px;\n-moz-border-radius:0px 0px 0px 0px;\nborder-radius:0px 0px 0px 0px;\npadding:0px 0px 0px 0px;\n}\n<\/style>\n<div class='flex_column av-2tu948-aedf7ea8b5ff0f37302fc07b28897f31 av_one_full first no_margin flex_column_div av-zero-column-padding '     ><br \/>\n<section  class='av_textblock_section av-912pk-850929cd884754b7206948631b4b8134'  itemscope=\"itemscope\" itemtype=\"https:\/\/schema.org\/CreativeWork\" ><div class='avia_textblock'  itemprop=\"text\" ><h1><span style=\"color: #154194;\">Przemys\u0142owa technika pomiarowa do powierzchni, kszta\u0142t\u00f3w i kontur\u00f3w.<\/span><\/h1>\n<\/div><\/section><\/p><\/div>\n<style type=\"text\/css\" data-created_by=\"avia_inline_auto\" id=\"style-css-av-2c6wfk-fba657b2c1c0b05869eb07451508f70f\">\n#top .flex_column.av-2c6wfk-fba657b2c1c0b05869eb07451508f70f{\nmargin-top:0px;\nmargin-bottom:30px;\n}\n.flex_column.av-2c6wfk-fba657b2c1c0b05869eb07451508f70f{\n-webkit-border-radius:0px 0px 0px 0px;\n-moz-border-radius:0px 0px 0px 0px;\nborder-radius:0px 0px 0px 0px;\npadding:0px 0px 0px 0px;\n}\n.responsive #top #wrap_all .flex_column.av-2c6wfk-fba657b2c1c0b05869eb07451508f70f{\nmargin-top:0px;\nmargin-bottom:30px;\n}\n<\/style>\n<div class='flex_column av-2c6wfk-fba657b2c1c0b05869eb07451508f70f av_one_half first flex_column_div av-zero-column-padding '     ><section  class='av_textblock_section av-27o108-b9e9173e88d79b64eb94a126df6076a0'  itemscope=\"itemscope\" itemtype=\"https:\/\/schema.org\/CreativeWork\" ><div class='avia_textblock'  itemprop=\"text\" ><p><span style=\"font-family: f45;\">W przypadku pomiar\u00f3w jako\u015bci obrabianych element\u00f3w w przemy\u015ble motoryzacyjnym, technice lotniczej i medycznej liczy si\u0119 ka\u017cdy drobny szczeg\u00f3\u0142. Ka\u017cda odchy\u0142ka rozpoznana dzi\u0119ki przemys\u0142owej technice pomiarowej pomaga zmniejszy\u0107 koszty i unikn\u0105\u0107 b\u0142\u0119d\u00f3w. Dotyczy to ka\u017cdego pojedynczego obrabianego elementu w pomiarowni, jak r\u00f3wnie\u017c podczas produkcji seryjnej na ta\u015bmie. <\/span><\/p>\n<p><span style=\"font-family: f45;\">Urz\u0105dzenia pomiarowe firmy ACCRETECH powstaj\u0105 na bazie precyzyjnych i niezawodnych technologii i s\u0105 stosowane przez znane przedsi\u0119biorstwa, m.in. dostawc\u00f3w przemys\u0142u motoryzacyjnego, w celu zapewnienia jako\u015bci. Wiele urz\u0105dze\u0144 jest opatentowanych.<\/span><\/p>\n<\/div><\/section><\/div>\n<style type=\"text\/css\" data-created_by=\"avia_inline_auto\" id=\"style-css-av-20t114-29fadd1da8380b6024e8a47143073a48\">\n#top .flex_column.av-20t114-29fadd1da8380b6024e8a47143073a48{\nmargin-top:0px;\nmargin-bottom:30px;\n}\n.flex_column.av-20t114-29fadd1da8380b6024e8a47143073a48{\n-webkit-border-radius:0px 0px 0px 0px;\n-moz-border-radius:0px 0px 0px 0px;\nborder-radius:0px 0px 0px 0px;\npadding:0px 0px 0px 0px;\n}\n.responsive #top #wrap_all .flex_column.av-20t114-29fadd1da8380b6024e8a47143073a48{\nmargin-top:0px;\nmargin-bottom:30px;\n}\n<\/style>\n<div class='flex_column av-20t114-29fadd1da8380b6024e8a47143073a48 av_one_half flex_column_div av-zero-column-padding '     ><section  class='av_textblock_section av-1x4c0w-33f2d1b45d4231cb36e60cb646302f8c'  itemscope=\"itemscope\" itemtype=\"https:\/\/schema.org\/CreativeWork\" ><div class='avia_textblock'  itemprop=\"text\" ><p><span style=\"font-family: f45;\">Produkty umo\u017cliwiaj\u0105 dotykowe i bezdotykowe pomiary jako\u015bciowe chropowato\u015bci powierzchni i kszta\u0142t\u00f3w. Nale\u017cy do nich pomiar okr\u0105g\u0142o\u015bci, p\u0142asko\u015bci, koncentryczno\u015bci, wsp\u00f3\u0142osiowo\u015bci, ruchu obrotowego, prostopad\u0142o\u015bci, cylindryczno\u015bci, r\u00f3wnoleg\u0142o\u015bci i prosto\u015bci. Dzi\u0119ki modularnej budowie systemu urz\u0105dzenia kontrolne mo\u017cna dopasowa\u0107 do wymaga\u0144 i potrzeb klient\u00f3w. Urz\u0105dzenia marki ACCRETECH s\u0105 wyposa\u017cone w przyjazne dla u\u017cytkownika i intuicyjnie obs\u0142ugiwane oprogramowanie, za pomoc\u0105 kt\u00f3rego wyniki pomiar\u00f3w mo\u017cna analizowa\u0107 wizualnie i protoko\u0142owa\u0107.<\/span><\/p>\n<\/div><\/section><\/div><\/p>\n<\/div><\/div>\n<style type=\"text\/css\" data-created_by=\"avia_inline_auto\" id=\"style-css-av-1qlj3c-359935adf8d9c11cda87cfa6ce6c7ec1\">\n.flex_cell.av-1qlj3c-359935adf8d9c11cda87cfa6ce6c7ec1{\nvertical-align:top;\n}\n.responsive #top #wrap_all .flex_cell.av-1qlj3c-359935adf8d9c11cda87cfa6ce6c7ec1{\npadding:15px 0px 0px 0px !important;\n}\n<\/style>\n<div class='flex_cell av-1qlj3c-359935adf8d9c11cda87cfa6ce6c7ec1 av-gridrow-cell av_one_third no_margin' ><div class='flex_cell_inner'>\n<style type=\"text\/css\" data-created_by=\"avia_inline_auto\" id=\"style-css-av-1l4taw-8d5311e2fa1d48236cbbe5aab2ebfac0\">\n#top .flex_column.av-1l4taw-8d5311e2fa1d48236cbbe5aab2ebfac0{\nmargin-top:0px;\nmargin-bottom:20px;\n}\n.flex_column.av-1l4taw-8d5311e2fa1d48236cbbe5aab2ebfac0{\n-webkit-border-radius:0px 0px 0px 0px;\n-moz-border-radius:0px 0px 0px 0px;\nborder-radius:0px 0px 0px 0px;\npadding:0px 15px 0px 0px;\nbackground-color:#154194;\n}\n.responsive #top #wrap_all .flex_column.av-1l4taw-8d5311e2fa1d48236cbbe5aab2ebfac0{\nmargin-top:0px;\nmargin-bottom:20px;\n}\n<\/style>\n<div class='flex_column av-1l4taw-8d5311e2fa1d48236cbbe5aab2ebfac0 av_one_full first flex_column_div av-hide-on-mobile '     ><\/div>\n<\/div><\/div>\n<\/div>\n\n<style type=\"text\/css\" data-created_by=\"avia_inline_auto\" id=\"style-css-av-lxr3s-8b6af531525de95d92a96bb21b1a9dd4\">\n#top .hr.hr-invisible.av-lxr3s-8b6af531525de95d92a96bb21b1a9dd4{\nheight:20px;\n}\n<\/style>\n<div  class='hr av-lxr3s-8b6af531525de95d92a96bb21b1a9dd4 hr-invisible'><span class='hr-inner '><span class=\"hr-inner-style\"><\/span><\/span><\/div>\n","protected":false},"excerpt":{"rendered":"","protected":false},"author":1,"featured_media":38645,"parent":40059,"menu_order":0,"comment_status":"closed","ping_status":"closed","template":"","meta":{"footnotes":""},"filter_category":[],"filter_measurements":[],"class_list":["post-31008","page","type-page","status-publish","has-post-thumbnail","hentry"],"acf":[],"yoast_head":"<!-- This site is optimized with the Yoast SEO Premium plugin v26.1 (Yoast SEO v26.1.1) - https:\/\/yoast.com\/wordpress\/plugins\/seo\/ -->\n<title>Przemys\u0142owa technika pomiarowa - ACCRETECH (Europe)<\/title>\n<meta name=\"robots\" content=\"index, follow, max-snippet:-1, max-image-preview:large, max-video-preview:-1\" \/>\n<link rel=\"canonical\" href=\"https:\/\/www.accretech.eu\/pl\/produkty\/przemyslowa-technika-pomiarowa\/\" \/>\n<meta property=\"og:locale\" content=\"pl_PL\" \/>\n<meta property=\"og:type\" content=\"article\" \/>\n<meta property=\"og:title\" content=\"Przemys\u0142owa technika pomiarowa\" \/>\n<meta property=\"og:url\" content=\"https:\/\/www.accretech.eu\/pl\/produkty\/przemyslowa-technika-pomiarowa\/\" \/>\n<meta property=\"og:site_name\" content=\"ACCRETECH (Europe)\" \/>\n<meta property=\"article:modified_time\" content=\"2026-05-07T11:05:44+00:00\" \/>\n<meta property=\"og:image\" content=\"https:\/\/www.accretech.eu\/wp-content\/uploads\/2020\/04\/IMG_HP_SURFCOM-C5_blau_781x483.jpg\" \/>\n\t<meta property=\"og:image:width\" content=\"781\" \/>\n\t<meta property=\"og:image:height\" content=\"483\" \/>\n\t<meta property=\"og:image:type\" content=\"image\/jpeg\" \/>\n<meta name=\"twitter:card\" content=\"summary_large_image\" \/>\n<meta name=\"twitter:label1\" content=\"Szacowany czas czytania\" \/>\n\t<meta name=\"twitter:data1\" content=\"2 minuty\" \/>\n<script type=\"application\/ld+json\" class=\"yoast-schema-graph\">{\"@context\":\"https:\/\/schema.org\",\"@graph\":[{\"@type\":\"WebPage\",\"@id\":\"https:\/\/www.accretech.eu\/pl\/produkty\/przemyslowa-technika-pomiarowa\/\",\"url\":\"https:\/\/www.accretech.eu\/pl\/produkty\/przemyslowa-technika-pomiarowa\/\",\"name\":\"Przemys\u0142owa technika pomiarowa - ACCRETECH (Europe)\",\"isPartOf\":{\"@id\":\"https:\/\/www.accretech.eu\/it\/#website\"},\"primaryImageOfPage\":{\"@id\":\"https:\/\/www.accretech.eu\/pl\/produkty\/przemyslowa-technika-pomiarowa\/#primaryimage\"},\"image\":{\"@id\":\"https:\/\/www.accretech.eu\/pl\/produkty\/przemyslowa-technika-pomiarowa\/#primaryimage\"},\"thumbnailUrl\":\"https:\/\/www.accretech.eu\/wp-content\/uploads\/2020\/04\/IMG_HP_SURFCOM-C5_blau_781x483.jpg\",\"datePublished\":\"2017-03-12T16:37:09+00:00\",\"dateModified\":\"2026-05-07T11:05:44+00:00\",\"breadcrumb\":{\"@id\":\"https:\/\/www.accretech.eu\/pl\/produkty\/przemyslowa-technika-pomiarowa\/#breadcrumb\"},\"inLanguage\":\"pl-PL\",\"potentialAction\":[{\"@type\":\"ReadAction\",\"target\":[\"https:\/\/www.accretech.eu\/pl\/produkty\/przemyslowa-technika-pomiarowa\/\"]}]},{\"@type\":\"ImageObject\",\"inLanguage\":\"pl-PL\",\"@id\":\"https:\/\/www.accretech.eu\/pl\/produkty\/przemyslowa-technika-pomiarowa\/#primaryimage\",\"url\":\"https:\/\/www.accretech.eu\/wp-content\/uploads\/2020\/04\/IMG_HP_SURFCOM-C5_blau_781x483.jpg\",\"contentUrl\":\"https:\/\/www.accretech.eu\/wp-content\/uploads\/2020\/04\/IMG_HP_SURFCOM-C5_blau_781x483.jpg\",\"width\":781,\"height\":483,\"caption\":\"ACCRETECH Oberfl\u00e4chenmessger\u00e4t SURFCOM C5\"},{\"@type\":\"BreadcrumbList\",\"@id\":\"https:\/\/www.accretech.eu\/pl\/produkty\/przemyslowa-technika-pomiarowa\/#breadcrumb\",\"itemListElement\":[{\"@type\":\"ListItem\",\"position\":1,\"name\":\"Startseite\",\"item\":\"https:\/\/www.accretech.eu\/pl\/home-2\/\"},{\"@type\":\"ListItem\",\"position\":2,\"name\":\"Produkty\",\"item\":\"https:\/\/www.accretech.eu\/pl\/produkty\/\"},{\"@type\":\"ListItem\",\"position\":3,\"name\":\"Przemys\u0142owa technika pomiarowa\"}]},{\"@type\":\"WebSite\",\"@id\":\"https:\/\/www.accretech.eu\/it\/#website\",\"url\":\"https:\/\/www.accretech.eu\/it\/\",\"name\":\"ACCRETECH (Europe)\",\"description\":\"\",\"publisher\":{\"@id\":\"https:\/\/www.accretech.eu\/it\/#organization\"},\"potentialAction\":[{\"@type\":\"SearchAction\",\"target\":{\"@type\":\"EntryPoint\",\"urlTemplate\":\"https:\/\/www.accretech.eu\/it\/?s={search_term_string}\"},\"query-input\":{\"@type\":\"PropertyValueSpecification\",\"valueRequired\":true,\"valueName\":\"search_term_string\"}}],\"inLanguage\":\"pl-PL\"},{\"@type\":\"Organization\",\"@id\":\"https:\/\/www.accretech.eu\/it\/#organization\",\"name\":\"ACCRETECH (Europe) GmbH\",\"url\":\"https:\/\/www.accretech.eu\/it\/\",\"logo\":{\"@type\":\"ImageObject\",\"inLanguage\":\"pl-PL\",\"@id\":\"https:\/\/www.accretech.eu\/it\/#\/schema\/logo\/image\/\",\"url\":\"https:\/\/www.accretech.eu\/wp-content\/uploads\/2016\/10\/accretech-europe_logo.png\",\"contentUrl\":\"https:\/\/www.accretech.eu\/wp-content\/uploads\/2016\/10\/accretech-europe_logo.png\",\"width\":312,\"height\":42,\"caption\":\"ACCRETECH (Europe) GmbH\"},\"image\":{\"@id\":\"https:\/\/www.accretech.eu\/it\/#\/schema\/logo\/image\/\"}}]}<\/script>\n<!-- \/ Yoast SEO Premium plugin. -->","yoast_head_json":{"title":"Przemys\u0142owa technika pomiarowa - ACCRETECH (Europe)","robots":{"index":"index","follow":"follow","max-snippet":"max-snippet:-1","max-image-preview":"max-image-preview:large","max-video-preview":"max-video-preview:-1"},"canonical":"https:\/\/www.accretech.eu\/pl\/produkty\/przemyslowa-technika-pomiarowa\/","og_locale":"pl_PL","og_type":"article","og_title":"Przemys\u0142owa technika pomiarowa","og_url":"https:\/\/www.accretech.eu\/pl\/produkty\/przemyslowa-technika-pomiarowa\/","og_site_name":"ACCRETECH (Europe)","article_modified_time":"2026-05-07T11:05:44+00:00","og_image":[{"width":781,"height":483,"url":"https:\/\/www.accretech.eu\/wp-content\/uploads\/2020\/04\/IMG_HP_SURFCOM-C5_blau_781x483.jpg","type":"image\/jpeg"}],"twitter_card":"summary_large_image","twitter_misc":{"Szacowany czas czytania":"2 minuty"},"schema":{"@context":"https:\/\/schema.org","@graph":[{"@type":"WebPage","@id":"https:\/\/www.accretech.eu\/pl\/produkty\/przemyslowa-technika-pomiarowa\/","url":"https:\/\/www.accretech.eu\/pl\/produkty\/przemyslowa-technika-pomiarowa\/","name":"Przemys\u0142owa technika pomiarowa - ACCRETECH (Europe)","isPartOf":{"@id":"https:\/\/www.accretech.eu\/it\/#website"},"primaryImageOfPage":{"@id":"https:\/\/www.accretech.eu\/pl\/produkty\/przemyslowa-technika-pomiarowa\/#primaryimage"},"image":{"@id":"https:\/\/www.accretech.eu\/pl\/produkty\/przemyslowa-technika-pomiarowa\/#primaryimage"},"thumbnailUrl":"https:\/\/www.accretech.eu\/wp-content\/uploads\/2020\/04\/IMG_HP_SURFCOM-C5_blau_781x483.jpg","datePublished":"2017-03-12T16:37:09+00:00","dateModified":"2026-05-07T11:05:44+00:00","breadcrumb":{"@id":"https:\/\/www.accretech.eu\/pl\/produkty\/przemyslowa-technika-pomiarowa\/#breadcrumb"},"inLanguage":"pl-PL","potentialAction":[{"@type":"ReadAction","target":["https:\/\/www.accretech.eu\/pl\/produkty\/przemyslowa-technika-pomiarowa\/"]}]},{"@type":"ImageObject","inLanguage":"pl-PL","@id":"https:\/\/www.accretech.eu\/pl\/produkty\/przemyslowa-technika-pomiarowa\/#primaryimage","url":"https:\/\/www.accretech.eu\/wp-content\/uploads\/2020\/04\/IMG_HP_SURFCOM-C5_blau_781x483.jpg","contentUrl":"https:\/\/www.accretech.eu\/wp-content\/uploads\/2020\/04\/IMG_HP_SURFCOM-C5_blau_781x483.jpg","width":781,"height":483,"caption":"ACCRETECH Oberfl\u00e4chenmessger\u00e4t SURFCOM C5"},{"@type":"BreadcrumbList","@id":"https:\/\/www.accretech.eu\/pl\/produkty\/przemyslowa-technika-pomiarowa\/#breadcrumb","itemListElement":[{"@type":"ListItem","position":1,"name":"Startseite","item":"https:\/\/www.accretech.eu\/pl\/home-2\/"},{"@type":"ListItem","position":2,"name":"Produkty","item":"https:\/\/www.accretech.eu\/pl\/produkty\/"},{"@type":"ListItem","position":3,"name":"Przemys\u0142owa technika pomiarowa"}]},{"@type":"WebSite","@id":"https:\/\/www.accretech.eu\/it\/#website","url":"https:\/\/www.accretech.eu\/it\/","name":"ACCRETECH (Europe)","description":"","publisher":{"@id":"https:\/\/www.accretech.eu\/it\/#organization"},"potentialAction":[{"@type":"SearchAction","target":{"@type":"EntryPoint","urlTemplate":"https:\/\/www.accretech.eu\/it\/?s={search_term_string}"},"query-input":{"@type":"PropertyValueSpecification","valueRequired":true,"valueName":"search_term_string"}}],"inLanguage":"pl-PL"},{"@type":"Organization","@id":"https:\/\/www.accretech.eu\/it\/#organization","name":"ACCRETECH (Europe) GmbH","url":"https:\/\/www.accretech.eu\/it\/","logo":{"@type":"ImageObject","inLanguage":"pl-PL","@id":"https:\/\/www.accretech.eu\/it\/#\/schema\/logo\/image\/","url":"https:\/\/www.accretech.eu\/wp-content\/uploads\/2016\/10\/accretech-europe_logo.png","contentUrl":"https:\/\/www.accretech.eu\/wp-content\/uploads\/2016\/10\/accretech-europe_logo.png","width":312,"height":42,"caption":"ACCRETECH (Europe) GmbH"},"image":{"@id":"https:\/\/www.accretech.eu\/it\/#\/schema\/logo\/image\/"}}]}},"_links":{"self":[{"href":"https:\/\/www.accretech.eu\/pl\/wp-json\/wp\/v2\/pages\/31008","targetHints":{"allow":["GET"]}}],"collection":[{"href":"https:\/\/www.accretech.eu\/pl\/wp-json\/wp\/v2\/pages"}],"about":[{"href":"https:\/\/www.accretech.eu\/pl\/wp-json\/wp\/v2\/types\/page"}],"author":[{"embeddable":true,"href":"https:\/\/www.accretech.eu\/pl\/wp-json\/wp\/v2\/users\/1"}],"replies":[{"embeddable":true,"href":"https:\/\/www.accretech.eu\/pl\/wp-json\/wp\/v2\/comments?post=31008"}],"version-history":[{"count":2,"href":"https:\/\/www.accretech.eu\/pl\/wp-json\/wp\/v2\/pages\/31008\/revisions"}],"predecessor-version":[{"id":78147,"href":"https:\/\/www.accretech.eu\/pl\/wp-json\/wp\/v2\/pages\/31008\/revisions\/78147"}],"up":[{"embeddable":true,"href":"https:\/\/www.accretech.eu\/pl\/wp-json\/wp\/v2\/pages\/40059"}],"wp:featuredmedia":[{"embeddable":true,"href":"https:\/\/www.accretech.eu\/pl\/wp-json\/wp\/v2\/media\/38645"}],"wp:attachment":[{"href":"https:\/\/www.accretech.eu\/pl\/wp-json\/wp\/v2\/media?parent=31008"}],"wp:term":[{"taxonomy":"filter_category","embeddable":true,"href":"https:\/\/www.accretech.eu\/pl\/wp-json\/wp\/v2\/filter_category?post=31008"},{"taxonomy":"filter_measurements","embeddable":true,"href":"https:\/\/www.accretech.eu\/pl\/wp-json\/wp\/v2\/filter_measurements?post=31008"}],"curies":[{"name":"wp","href":"https:\/\/api.w.org\/{rel}","templated":true}]}}