{"id":31082,"date":"2017-03-25T22:13:37","date_gmt":"2017-03-25T21:13:37","guid":{"rendered":"https:\/\/acc-clone.max2.dev\/?page_id=31082"},"modified":"2021-12-03T13:21:29","modified_gmt":"2021-12-03T12:21:29","slug":"rondcom-65","status":"publish","type":"page","link":"https:\/\/www.accretech.eu\/pl\/produkty\/przemyslowa-technika-pomiarowa\/rondcom-65\/","title":{"rendered":"RONDCOM 65"},"content":{"rendered":"<\/div><\/div><\/div><!-- close content main div --><\/div><\/div><div id='standard-grid'  class='av-layout-grid-container av-3vujy6-e161ff7070ea708a3083cadf68bd2386 entry-content-wrapper main_color av-flex-cells  container_wrap fullsize'  >\n\n<style type=\"text\/css\" data-created_by=\"avia_inline_auto\" id=\"style-css-av-10xfp72-14af56671e84caa9d281c095a9ac0731\">\n.flex_cell.av-10xfp72-14af56671e84caa9d281c095a9ac0731{\nvertical-align:top;\n}\n.responsive #top #wrap_all .flex_cell.av-10xfp72-14af56671e84caa9d281c095a9ac0731{\npadding:0px 20px 0px 0px !important;\n}\n<\/style>\n<div class='flex_cell av-10xfp72-14af56671e84caa9d281c095a9ac0731 av-gridrow-cell av_two_third no_margin' ><div class='flex_cell_inner'><p>\n<style type=\"text\/css\" data-created_by=\"avia_inline_auto\" id=\"style-css-av-3m1z1q-5200ac504ea56c97cf60a40ac17042be\">\n.flex_column.av-3m1z1q-5200ac504ea56c97cf60a40ac17042be{\n-webkit-border-radius:0px 0px 0px 0px;\n-moz-border-radius:0px 0px 0px 0px;\nborder-radius:0px 0px 0px 0px;\npadding:0px 0px 0px 0px;\n}\n<\/style>\n<div class='flex_column av-3m1z1q-5200ac504ea56c97cf60a40ac17042be av_one_full first no_margin flex_column_div av-zero-column-padding '     ><\/div>\n<style type=\"text\/css\" data-created_by=\"avia_inline_auto\" id=\"style-css-av-bnpou-3b040e8257d981e1f809f7bc6963c121\">\n#top .flex_column.av-bnpou-3b040e8257d981e1f809f7bc6963c121{\nmargin-top:30px;\nmargin-bottom:0px;\n}\n.flex_column.av-bnpou-3b040e8257d981e1f809f7bc6963c121{\n-webkit-border-radius:0px 0px 0px 0px;\n-moz-border-radius:0px 0px 0px 0px;\nborder-radius:0px 0px 0px 0px;\npadding:0px 0px 0px 0px;\n}\n.responsive #top #wrap_all .flex_column.av-bnpou-3b040e8257d981e1f809f7bc6963c121{\nmargin-top:30px;\nmargin-bottom:0px;\n}\n<\/style>\n<div class='flex_column av-bnpou-3b040e8257d981e1f809f7bc6963c121 av_one_half first no_margin flex_column_div av-zero-column-padding '     ><section  class='av_textblock_section av-tzzpvi-91a2ace99d1c86fe70d6a1943027d472'  itemscope=\"itemscope\" itemtype=\"https:\/\/schema.org\/CreativeWork\" ><div class='avia_textblock'  itemprop=\"text\" ><h1><span style=\"color: #154194; font-size: 36px; font-family: frutiger;\">RONDCOM 65<\/span><\/h1>\n<h2>Najdok\u0142adniejsze urz\u0105dzenie do pomiaru okr\u0105g\u0142o\u015bci najwy\u017cszej klasy<\/h2>\n<\/div><\/section><br \/>\n\n<style type=\"text\/css\" data-created_by=\"avia_inline_auto\" id=\"style-css-av-t10xim-9d0b2f31d1468fd68692ffa88272a4bc\">\n#top .av_textblock_section.av-t10xim-9d0b2f31d1468fd68692ffa88272a4bc .avia_textblock{\nfont-size:16px;\n}\n<\/style>\n<section  class='av_textblock_section av-t10xim-9d0b2f31d1468fd68692ffa88272a4bc'  itemscope=\"itemscope\" itemtype=\"https:\/\/schema.org\/CreativeWork\" ><div class='avia_textblock'  itemprop=\"text\" ><div style=\"line-height: 15px; margin-top: 30px;\">Zakres pomiarowy do 420 mm \u015brednicy<br \/>\n\n<style type=\"text\/css\" data-created_by=\"avia_inline_auto\" id=\"style-css-av-r6e3hq-f64e872662966517f9c286b00abef51a\">\n#top .hr.av-r6e3hq-f64e872662966517f9c286b00abef51a{\nmargin-top:0px;\nmargin-bottom:0px;\n}\n.hr.av-r6e3hq-f64e872662966517f9c286b00abef51a .hr-inner{\nwidth:90%;\nborder-color:#d2d2d2;\n}\n<\/style>\n<div  class='hr av-r6e3hq-f64e872662966517f9c286b00abef51a hr-custom hr-left hr-icon-no'><span class='hr-inner inner-border-av-border-thin'><span class=\"hr-inner-style\"><\/span><\/span><\/div><br \/>\nDok\u0142adno\u015b\u0107 obrotowa: (0,01 + 6 H\/10 000) \u00b5m<br \/>\n\n<style type=\"text\/css\" data-created_by=\"avia_inline_auto\" id=\"style-css-av-qf3l4e-6a28d8d1791792f5363cab336c1c7069\">\n#top .hr.av-qf3l4e-6a28d8d1791792f5363cab336c1c7069{\nmargin-top:0px;\nmargin-bottom:0px;\n}\n.hr.av-qf3l4e-6a28d8d1791792f5363cab336c1c7069 .hr-inner{\nwidth:90%;\nborder-color:#d2d2d2;\n}\n<\/style>\n<div  class='hr av-qf3l4e-6a28d8d1791792f5363cab336c1c7069 hr-custom hr-left hr-icon-no'><span class='hr-inner inner-border-av-border-thin'><span class=\"hr-inner-style\"><\/span><\/span><\/div><br \/>\nDok\u0142adno\u015b\u0107 w osi Z: 0,05 \u00b5m \/ 100 mm<br \/>\n\n<style type=\"text\/css\" data-created_by=\"avia_inline_auto\" id=\"style-css-av-oekrxa-6c5d069963b6d892e8a82a1b9083d2ac\">\n#top .hr.av-oekrxa-6c5d069963b6d892e8a82a1b9083d2ac{\nmargin-top:0px;\nmargin-bottom:0px;\n}\n.hr.av-oekrxa-6c5d069963b6d892e8a82a1b9083d2ac .hr-inner{\nwidth:90%;\nborder-color:#d2d2d2;\n}\n<\/style>\n<div  class='hr av-oekrxa-6c5d069963b6d892e8a82a1b9083d2ac hr-custom hr-left hr-icon-no'><span class='hr-inner inner-border-av-border-thin'><span class=\"hr-inner-style\"><\/span><\/span><\/div><\/div>\n<\/div><\/section><\/p><\/div>\n<style type=\"text\/css\" data-created_by=\"avia_inline_auto\" id=\"style-css-av-msa832-2d069cd7cc7eadb058821b39ebdfe702\">\n#top .flex_column.av-msa832-2d069cd7cc7eadb058821b39ebdfe702{\nmargin-top:0px;\nmargin-bottom:0px;\n}\n.flex_column.av-msa832-2d069cd7cc7eadb058821b39ebdfe702{\n-webkit-border-radius:0px 0px 0px 0px;\n-moz-border-radius:0px 0px 0px 0px;\nborder-radius:0px 0px 0px 0px;\npadding:30px 30px 30px 30px;\n}\n.responsive #top #wrap_all .flex_column.av-msa832-2d069cd7cc7eadb058821b39ebdfe702{\nmargin-top:0px;\nmargin-bottom:0px;\n}\n<\/style>\n<div class='flex_column av-msa832-2d069cd7cc7eadb058821b39ebdfe702 av_one_half no_margin flex_column_div '     ><style type=\"text\/css\" data-created_by=\"avia_inline_auto\" id=\"style-css-av-kz7z3i-7a0270286ca541243863bd7deca6b113\">\n.avia-image-container.av-kz7z3i-7a0270286ca541243863bd7deca6b113 img.avia_image{\nbox-shadow:none;\n}\n.avia-image-container.av-kz7z3i-7a0270286ca541243863bd7deca6b113 .av-image-caption-overlay-center{\ncolor:#ffffff;\n}\n<\/style>\n<div  class='avia-image-container av-kz7z3i-7a0270286ca541243863bd7deca6b113 av-styling- av-hover-grow avia-align-center'   itemprop=\"image\" itemscope=\"itemscope\" itemtype=\"https:\/\/schema.org\/ImageObject\" ><div class=\"avia-image-container-inner\"><div class=\"avia-image-overlay-wrap\"><img decoding=\"async\" class='wp-image-15070 avia-img-lazy-loading-not-15070 avia_image ' src=\"https:\/\/www.accretech.eu\/wp-content\/uploads\/2017\/03\/ACCRTECH-GmbH-Produkte-Industrielle-Messtechnik-RONDCOM-65B-262x300.png\" alt='' title='ACCRTECH GmbH - Produkte - Industrielle Messtechnik RONDCOM-65B'  height=\"300\" width=\"262\"  itemprop=\"thumbnailUrl\" srcset=\"https:\/\/www.accretech.eu\/wp-content\/uploads\/2017\/03\/ACCRTECH-GmbH-Produkte-Industrielle-Messtechnik-RONDCOM-65B-262x300.png 262w, https:\/\/www.accretech.eu\/wp-content\/uploads\/2017\/03\/ACCRTECH-GmbH-Produkte-Industrielle-Messtechnik-RONDCOM-65B-450x515.png 450w, https:\/\/www.accretech.eu\/wp-content\/uploads\/2017\/03\/ACCRTECH-GmbH-Produkte-Industrielle-Messtechnik-RONDCOM-65B.png 568w\" sizes=\"(max-width: 262px) 100vw, 262px\" \/><\/div><\/div><\/div><\/div>\n<style type=\"text\/css\" data-created_by=\"avia_inline_auto\" id=\"style-css-av-ie8hu6-aa232182793ae57426996d0892337807\">\n#top .flex_column.av-ie8hu6-aa232182793ae57426996d0892337807{\nmargin-top:30px;\nmargin-bottom:0px;\n}\n.flex_column.av-ie8hu6-aa232182793ae57426996d0892337807{\n-webkit-border-radius:0px 0px 0px 0px;\n-moz-border-radius:0px 0px 0px 0px;\nborder-radius:0px 0px 0px 0px;\npadding:0px 0px 0px 0px;\n}\n.responsive #top #wrap_all .flex_column.av-ie8hu6-aa232182793ae57426996d0892337807{\nmargin-top:30px;\nmargin-bottom:0px;\n}\n<\/style>\n<div class='flex_column av-ie8hu6-aa232182793ae57426996d0892337807 av_one_full first no_margin flex_column_div av-zero-column-padding '     ><section  class='av_textblock_section av-gufjb2-3ab517a4eff3a79c718174268bbd91d0'  itemscope=\"itemscope\" itemtype=\"https:\/\/schema.org\/CreativeWork\" ><div class='avia_textblock'  itemprop=\"text\" ><ul style=\"line-height: 17px;\">\n<li><span style=\"font-family: f45;\">Najwi\u0119ksza na \u015bwiecie dok\u0142adno\u015b\u0107 obrot\u00f3w <\/span><\/li>\n<li><span style=\"font-family: f45;\">Zakres pomiarowy i si\u0142a pomiaru dotykowego regulowane w spos\u00f3b zmienny <\/span><\/li>\n<li><span style=\"font-family: f45;\">Du\u017ca przepustowo\u015b\u0107 dzi\u0119ki szybkiemu, automatycznemu ustawianiu w czasie poni\u017cej jednej minuty <\/span><\/li>\n<li><span style=\"font-family: f45;\">\u0141o\u017cyskowany pneumatycznie, bardzo dok\u0142adny st\u00f3\u0142 obrotowy do ruchu obrotowego, bez tarcia<br \/>\n<\/span><\/li>\n<li><span style=\"font-family: f45;\">Dok\u0142adno\u015b\u0107 10 nanometr\u00f3w z no\u015bno\u015bci\u0105 od 60 do 100 kg <\/span><\/li>\n<li><span style=\"font-family: f45;\">Termoizolowany st\u00f3\u0142 z aktywn\u0105 izolacj\u0105 drga\u0144<\/span><\/li>\n<\/ul>\n<\/div><\/section><\/div>\n<style type=\"text\/css\" data-created_by=\"avia_inline_auto\" id=\"style-css-av-diqrke-14b6fd0794a2bff362fe3d6fcf30c246\">\n#top .flex_column.av-diqrke-14b6fd0794a2bff362fe3d6fcf30c246{\nmargin-top:0px;\nmargin-bottom:0px;\n}\n.flex_column.av-diqrke-14b6fd0794a2bff362fe3d6fcf30c246{\n-webkit-border-radius:0px 0px 0px 0px;\n-moz-border-radius:0px 0px 0px 0px;\nborder-radius:0px 0px 0px 0px;\npadding:15px 15px 15px 15px;\nbackground-color:#c9deed;\n}\n.responsive #top #wrap_all .flex_column.av-diqrke-14b6fd0794a2bff362fe3d6fcf30c246{\nmargin-top:0px;\nmargin-bottom:0px;\n}\n<\/style>\n<div class='flex_column av-diqrke-14b6fd0794a2bff362fe3d6fcf30c246 av_one_full first no_margin flex_column_div '     ><section  class='av_textblock_section av-1avi4e-1ba936b5eae1605dc1de9806b0e93d02'  itemscope=\"itemscope\" itemtype=\"https:\/\/schema.org\/CreativeWork\" ><div class='avia_textblock'  itemprop=\"text\" ><p><span style=\"font-family: frutiger; font-size: 20px;\">Zakres zastosowa\u0144<\/span><br \/>\n<span style=\"font-family: f45;\">Optymalny do cylindrycznych pomiar\u00f3w profili bardzo precyzyjnych cz\u0119\u015bci samochodowych. Przystosowany r\u00f3wnie\u017c do bardzo dok\u0142adnych obrabianych cz\u0119\u015bci i wzorc\u00f3w kalibracyjnych.<\/span><\/p>\n<\/div><\/section><\/div>\n<style type=\"text\/css\" data-created_by=\"avia_inline_auto\" id=\"style-css-av-kwqaereo-41a40376c1d0adf9a8e4d909b4f89ba7\">\n#top .flex_column.av-kwqaereo-41a40376c1d0adf9a8e4d909b4f89ba7{\nmargin-top:30px;\nmargin-bottom:20px;\n}\n.flex_column.av-kwqaereo-41a40376c1d0adf9a8e4d909b4f89ba7{\n-webkit-border-radius:0px 0px 0px 0px;\n-moz-border-radius:0px 0px 0px 0px;\nborder-radius:0px 0px 0px 0px;\npadding:0px 0px 0px 0px;\n}\n.responsive #top #wrap_all .flex_column.av-kwqaereo-41a40376c1d0adf9a8e4d909b4f89ba7{\nmargin-top:30px;\nmargin-bottom:20px;\n}\n<\/style>\n<div class='flex_column av-kwqaereo-41a40376c1d0adf9a8e4d909b4f89ba7 av_one_half first flex_column_div av-zero-column-padding '     ><div  class='avia-button-wrap av-kwqcwjec-fce7e75ab187890fcb4484ec39ec26ab-wrap avia-button-left  new-home-button-big custom-icon'>\n<style type=\"text\/css\" data-created_by=\"avia_inline_auto\" id=\"style-css-av-kwqcwjec-fce7e75ab187890fcb4484ec39ec26ab\">\n#top #wrap_all .avia-button.av-kwqcwjec-fce7e75ab187890fcb4484ec39ec26ab{\nbackground-color:#154194;\nborder-color:#154194;\ncolor:#ffffff;\n-webkit-transition:all 0.4s ease-in-out;\n-moz-transition:all 0.4s ease-in-out;\n-ms-transition:all 0.4s ease-in-out;\n-o-transition:all 0.4s ease-in-out;\ntransition:all 0.4s ease-in-out;\n}\n<\/style>\n<a href='https:\/\/www.accretech.eu\/pl\/kontakt-i-wsparcie\/kontakt\/?fom=pl&amp;interest=Przemys%C5%82owa%20technika%20pomiarowa&amp;_sfm_bereich=Przemys%C5%82owa%20technika%20pomiarowa'  class='avia-button av-kwqcwjec-fce7e75ab187890fcb4484ec39ec26ab avia-icon_select-yes-left-icon avia-size-large avia-position-left'  target=\"_blank\"  rel=\"noopener noreferrer\" ><span class='avia_button_icon avia_button_icon_left' aria-hidden='true' data-av_icon='\ue805' data-av_iconfont='entypo-fontello'><\/span><span class='avia_iconbox_title' >Zapytaj o wycen\u0119<\/span><\/a><\/div><\/div><\/p>\n<\/div><\/div>\n<style type=\"text\/css\" data-created_by=\"avia_inline_auto\" id=\"style-css-av-9uyw8u-7f7f09b1578d62cb66e0ba9dc9963742\">\n.flex_cell.av-9uyw8u-7f7f09b1578d62cb66e0ba9dc9963742{\nvertical-align:top;\n}\n.responsive #top #wrap_all .flex_cell.av-9uyw8u-7f7f09b1578d62cb66e0ba9dc9963742{\npadding:15px 0px 0px 0px !important;\n}\n<\/style>\n<div class='flex_cell av-9uyw8u-7f7f09b1578d62cb66e0ba9dc9963742 av-gridrow-cell av_one_third no_margin' ><div class='flex_cell_inner'>\n<style type=\"text\/css\" data-created_by=\"avia_inline_auto\" id=\"style-css-av-886c9a-e771831e117f4cfda8777e9725953928\">\n.flex_column.av-886c9a-e771831e117f4cfda8777e9725953928{\n-webkit-border-radius:0px 0px 0px 0px;\n-moz-border-radius:0px 0px 0px 0px;\nborder-radius:0px 0px 0px 0px;\npadding:0px 0px 0px 0px;\nbackground-color:#154194;\n}\n<\/style>\n<div class='flex_column av-886c9a-e771831e117f4cfda8777e9725953928 av_one_full first no_margin flex_column_div av-hide-on-mobile av-zero-column-padding '     ><div  class='avia-builder-widget-area clearfix '><div id=\"nav_menu-31\" class=\"widget-odd widget-last widget-first widget-1 widget clearfix widget_nav_menu\"><div class=\"menu-neu-industrial-met-form-sub-englisch-polnisch-container\"><ul id=\"menu-neu-industrial-met-form-sub-englisch-polnisch\" class=\"menu\"><li id=\"menu-item-58062\" class=\"menu-item menu-item-type-custom menu-item-object-custom menu-item-has-children menu-item-58062\"><a href=\"#\">W pe\u0142ni automatyczne urz\u0105dzenia z automatycznym ustawieniem obrabianego elementu<\/a>\n<ul class=\"sub-menu\">\n\t<li id=\"menu-item-56935\" class=\"menu-item menu-item-type-post_type menu-item-object-page menu-item-56935\"><a href=\"https:\/\/www.accretech.eu\/pl\/produkty\/przemyslowa-technika-pomiarowa\/rondcom-55\/\">RONDCOM 55<\/a><\/li>\n\t<li id=\"menu-item-56936\" class=\"menu-item menu-item-type-post_type menu-item-object-page menu-item-56936\"><a href=\"https:\/\/www.accretech.eu\/pl\/produkty\/przemyslowa-technika-pomiarowa\/rondcom-60\/\">RONDCOM 60<\/a><\/li>\n\t<li id=\"menu-item-56937\" class=\"menu-item menu-item-type-post_type menu-item-object-page menu-item-56937\"><a href=\"https:\/\/www.accretech.eu\/pl\/produkty\/przemyslowa-technika-pomiarowa\/rondcom-65\/\">RONDCOM 65<\/a><\/li>\n\t<li id=\"menu-item-56938\" class=\"menu-item menu-item-type-post_type menu-item-object-page menu-item-56938\"><a href=\"https:\/\/www.accretech.eu\/pl\/produkty\/przemyslowa-technika-pomiarowa\/rondcom-nex-rs-200-300\/\">RONDCOM NEX RS 200\/300<\/a><\/li>\n\t<li id=\"menu-item-56939\" class=\"menu-item menu-item-type-post_type menu-item-object-page menu-item-56939\"><a href=\"https:\/\/www.accretech.eu\/pl\/rondcom-nex-200-300\/\">RONDCOM NEX 200\/300<\/a><\/li>\n\t<li id=\"menu-item-56940\" class=\"menu-item menu-item-type-post_type menu-item-object-page menu-item-56940\"><a href=\"https:\/\/www.accretech.eu\/pl\/rondcom-crest\/\">RONDCOM CREST<\/a><\/li>\n<\/ul>\n<\/li>\n<li id=\"menu-item-58063\" class=\"menu-item menu-item-type-custom menu-item-object-custom menu-item-has-children menu-item-58063\"><a href=\"#\">Automatyczne urz\u0105dzenia z manualnym ustawieniem obrabianych element\u00f3w<\/a>\n<ul class=\"sub-menu\">\n\t<li id=\"menu-item-56941\" class=\"menu-item menu-item-type-post_type menu-item-object-page menu-item-56941\"><a href=\"https:\/\/www.accretech.eu\/pl\/produkty\/przemyslowa-technika-pomiarowa\/rondcom-31\/\">RONDCOM 31<\/a><\/li>\n\t<li id=\"menu-item-56942\" class=\"menu-item menu-item-type-post_type menu-item-object-page menu-item-56942\"><a href=\"https:\/\/www.accretech.eu\/pl\/produkty\/przemyslowa-technika-pomiarowa\/rondcom-41\/\">RONDCOM 41<\/a><\/li>\n\t<li id=\"menu-item-56943\" class=\"menu-item menu-item-type-post_type menu-item-object-page menu-item-56943\"><a href=\"https:\/\/www.accretech.eu\/pl\/produkty\/przemyslowa-technika-pomiarowa\/rondcom-43\/\">RONDCOM 43<\/a><\/li>\n\t<li id=\"menu-item-56944\" class=\"menu-item menu-item-type-post_type menu-item-object-page menu-item-56944\"><a href=\"https:\/\/www.accretech.eu\/pl\/produkty\/przemyslowa-technika-pomiarowa\/rondcom-nex-100\/\">RONDCOM NEX 100<\/a><\/li>\n<\/ul>\n<\/li>\n<li id=\"menu-item-58064\" class=\"menu-item menu-item-type-custom menu-item-object-custom menu-item-has-children menu-item-58064\"><a href=\"#\">Urz\u0105dzenia z manualn\u0105 kolumn\u0105<\/a>\n<ul class=\"sub-menu\">\n\t<li id=\"menu-item-57018\" class=\"menu-item menu-item-type-post_type menu-item-object-page menu-item-57018\"><a href=\"https:\/\/www.accretech.eu\/pl\/produkty\/przemyslowa-technika-pomiarowa\/rondcom-touch\/\">RONDCOM TOUCH<\/a><\/li>\n<\/ul>\n<\/li>\n<li id=\"menu-item-57022\" class=\"menu-item menu-item-type-post_type menu-item-object-page menu-item-57022\"><a href=\"https:\/\/www.accretech.eu\/pl\/?page_id=23710\">ACCTee oprogramowanie dla przyrz\u0105d\u00f3w do pomiaru kszta\u0142tu<\/a><\/li>\n<li id=\"menu-item-58065\" class=\"menu-item menu-item-type-custom menu-item-object-custom menu-item-has-children menu-item-58065\"><a href=\"#\">W pe\u0142ni automatyczne urz\u0105dzenia do du\u017cych i ci\u0119\u017ckich obrabianych element\u00f3w<\/a>\n<ul class=\"sub-menu\">\n\t<li id=\"menu-item-57019\" class=\"menu-item menu-item-type-post_type menu-item-object-page menu-item-57019\"><a href=\"https:\/\/www.accretech.eu\/pl\/produkty\/przemyslowa-technika-pomiarowa\/rondcom-73\/\">RONDCOM 73<\/a><\/li>\n\t<li id=\"menu-item-57020\" class=\"menu-item menu-item-type-post_type menu-item-object-page menu-item-57020\"><a href=\"https:\/\/www.accretech.eu\/pl\/produkty\/przemyslowa-technika-pomiarowa\/rondcom-76\/\">RONDCOM 76<\/a><\/li>\n<\/ul>\n<\/li>\n<\/ul><\/div><\/div><\/div><\/div>\n<\/div><\/div><\/div>\n","protected":false},"excerpt":{"rendered":"<p>Najdok\u0142adniejsze urz\u0105dzenie do pomiaru okr\u0105g\u0142o\u015bci najwy\u017cszej klasy<\/p>\n","protected":false},"author":1,"featured_media":0,"parent":31008,"menu_order":0,"comment_status":"closed","ping_status":"closed","template":"","meta":{"footnotes":""},"filter_category":[],"filter_measurements":[],"class_list":["post-31082","page","type-page","status-publish","hentry"],"acf":[],"yoast_head":"<!-- This site is optimized with the Yoast SEO Premium plugin v26.1 (Yoast SEO v26.1.1) - https:\/\/yoast.com\/wordpress\/plugins\/seo\/ -->\n<title>RONDCOM 65 - ACCRETECH (Europe)<\/title>\n<meta name=\"robots\" content=\"index, follow, max-snippet:-1, max-image-preview:large, max-video-preview:-1\" \/>\n<link rel=\"canonical\" href=\"https:\/\/www.accretech.eu\/pl\/produkty\/przemyslowa-technika-pomiarowa\/mierniki-ksztaltow\/rondcom-65\/\" \/>\n<meta property=\"og:locale\" content=\"pl_PL\" \/>\n<meta property=\"og:type\" content=\"article\" \/>\n<meta property=\"og:title\" content=\"RONDCOM 65\" \/>\n<meta property=\"og:description\" content=\"Najdok\u0142adniejsze urz\u0105dzenie do pomiaru okr\u0105g\u0142o\u015bci najwy\u017cszej klasy\" \/>\n<meta property=\"og:url\" content=\"https:\/\/www.accretech.eu\/pl\/produkty\/przemyslowa-technika-pomiarowa\/mierniki-ksztaltow\/rondcom-65\/\" \/>\n<meta property=\"og:site_name\" content=\"ACCRETECH (Europe)\" \/>\n<meta property=\"article:modified_time\" content=\"2021-12-03T12:21:29+00:00\" \/>\n<meta name=\"twitter:card\" content=\"summary_large_image\" \/>\n<meta name=\"twitter:label1\" content=\"Szacowany czas czytania\" \/>\n\t<meta name=\"twitter:data1\" content=\"6 minut\" \/>\n<script type=\"application\/ld+json\" class=\"yoast-schema-graph\">{\"@context\":\"https:\/\/schema.org\",\"@graph\":[{\"@type\":\"WebPage\",\"@id\":\"https:\/\/www.accretech.eu\/pl\/produkty\/przemyslowa-technika-pomiarowa\/mierniki-ksztaltow\/rondcom-65\/\",\"url\":\"https:\/\/www.accretech.eu\/pl\/produkty\/przemyslowa-technika-pomiarowa\/mierniki-ksztaltow\/rondcom-65\/\",\"name\":\"RONDCOM 65 - ACCRETECH (Europe)\",\"isPartOf\":{\"@id\":\"https:\/\/www.accretech.eu\/it\/#website\"},\"datePublished\":\"2017-03-25T21:13:37+00:00\",\"dateModified\":\"2021-12-03T12:21:29+00:00\",\"breadcrumb\":{\"@id\":\"https:\/\/www.accretech.eu\/pl\/produkty\/przemyslowa-technika-pomiarowa\/mierniki-ksztaltow\/rondcom-65\/#breadcrumb\"},\"inLanguage\":\"pl-PL\",\"potentialAction\":[{\"@type\":\"ReadAction\",\"target\":[\"https:\/\/www.accretech.eu\/pl\/produkty\/przemyslowa-technika-pomiarowa\/mierniki-ksztaltow\/rondcom-65\/\"]}]},{\"@type\":\"BreadcrumbList\",\"@id\":\"https:\/\/www.accretech.eu\/pl\/produkty\/przemyslowa-technika-pomiarowa\/mierniki-ksztaltow\/rondcom-65\/#breadcrumb\",\"itemListElement\":[{\"@type\":\"ListItem\",\"position\":1,\"name\":\"Startseite\",\"item\":\"https:\/\/www.accretech.eu\/pl\/home-2\/\"},{\"@type\":\"ListItem\",\"position\":2,\"name\":\"Produkty\",\"item\":\"https:\/\/www.accretech.eu\/pl\/produkty\/\"},{\"@type\":\"ListItem\",\"position\":3,\"name\":\"Przemys\u0142owa technika pomiarowa\",\"item\":\"https:\/\/www.accretech.eu\/pl\/produkty\/przemyslowa-technika-pomiarowa\/\"},{\"@type\":\"ListItem\",\"position\":4,\"name\":\"RONDCOM 65\"}]},{\"@type\":\"WebSite\",\"@id\":\"https:\/\/www.accretech.eu\/it\/#website\",\"url\":\"https:\/\/www.accretech.eu\/it\/\",\"name\":\"ACCRETECH (Europe)\",\"description\":\"\",\"publisher\":{\"@id\":\"https:\/\/www.accretech.eu\/it\/#organization\"},\"potentialAction\":[{\"@type\":\"SearchAction\",\"target\":{\"@type\":\"EntryPoint\",\"urlTemplate\":\"https:\/\/www.accretech.eu\/it\/?s={search_term_string}\"},\"query-input\":{\"@type\":\"PropertyValueSpecification\",\"valueRequired\":true,\"valueName\":\"search_term_string\"}}],\"inLanguage\":\"pl-PL\"},{\"@type\":\"Organization\",\"@id\":\"https:\/\/www.accretech.eu\/it\/#organization\",\"name\":\"ACCRETECH (Europe) GmbH\",\"url\":\"https:\/\/www.accretech.eu\/it\/\",\"logo\":{\"@type\":\"ImageObject\",\"inLanguage\":\"pl-PL\",\"@id\":\"https:\/\/www.accretech.eu\/it\/#\/schema\/logo\/image\/\",\"url\":\"https:\/\/www.accretech.eu\/wp-content\/uploads\/2016\/10\/accretech-europe_logo.png\",\"contentUrl\":\"https:\/\/www.accretech.eu\/wp-content\/uploads\/2016\/10\/accretech-europe_logo.png\",\"width\":312,\"height\":42,\"caption\":\"ACCRETECH (Europe) GmbH\"},\"image\":{\"@id\":\"https:\/\/www.accretech.eu\/it\/#\/schema\/logo\/image\/\"}}]}<\/script>\n<!-- \/ Yoast SEO Premium plugin. -->","yoast_head_json":{"title":"RONDCOM 65 - ACCRETECH (Europe)","robots":{"index":"index","follow":"follow","max-snippet":"max-snippet:-1","max-image-preview":"max-image-preview:large","max-video-preview":"max-video-preview:-1"},"canonical":"https:\/\/www.accretech.eu\/pl\/produkty\/przemyslowa-technika-pomiarowa\/mierniki-ksztaltow\/rondcom-65\/","og_locale":"pl_PL","og_type":"article","og_title":"RONDCOM 65","og_description":"Najdok\u0142adniejsze urz\u0105dzenie do pomiaru okr\u0105g\u0142o\u015bci najwy\u017cszej klasy","og_url":"https:\/\/www.accretech.eu\/pl\/produkty\/przemyslowa-technika-pomiarowa\/mierniki-ksztaltow\/rondcom-65\/","og_site_name":"ACCRETECH (Europe)","article_modified_time":"2021-12-03T12:21:29+00:00","twitter_card":"summary_large_image","twitter_misc":{"Szacowany czas czytania":"6 minut"},"schema":{"@context":"https:\/\/schema.org","@graph":[{"@type":"WebPage","@id":"https:\/\/www.accretech.eu\/pl\/produkty\/przemyslowa-technika-pomiarowa\/mierniki-ksztaltow\/rondcom-65\/","url":"https:\/\/www.accretech.eu\/pl\/produkty\/przemyslowa-technika-pomiarowa\/mierniki-ksztaltow\/rondcom-65\/","name":"RONDCOM 65 - ACCRETECH (Europe)","isPartOf":{"@id":"https:\/\/www.accretech.eu\/it\/#website"},"datePublished":"2017-03-25T21:13:37+00:00","dateModified":"2021-12-03T12:21:29+00:00","breadcrumb":{"@id":"https:\/\/www.accretech.eu\/pl\/produkty\/przemyslowa-technika-pomiarowa\/mierniki-ksztaltow\/rondcom-65\/#breadcrumb"},"inLanguage":"pl-PL","potentialAction":[{"@type":"ReadAction","target":["https:\/\/www.accretech.eu\/pl\/produkty\/przemyslowa-technika-pomiarowa\/mierniki-ksztaltow\/rondcom-65\/"]}]},{"@type":"BreadcrumbList","@id":"https:\/\/www.accretech.eu\/pl\/produkty\/przemyslowa-technika-pomiarowa\/mierniki-ksztaltow\/rondcom-65\/#breadcrumb","itemListElement":[{"@type":"ListItem","position":1,"name":"Startseite","item":"https:\/\/www.accretech.eu\/pl\/home-2\/"},{"@type":"ListItem","position":2,"name":"Produkty","item":"https:\/\/www.accretech.eu\/pl\/produkty\/"},{"@type":"ListItem","position":3,"name":"Przemys\u0142owa technika pomiarowa","item":"https:\/\/www.accretech.eu\/pl\/produkty\/przemyslowa-technika-pomiarowa\/"},{"@type":"ListItem","position":4,"name":"RONDCOM 65"}]},{"@type":"WebSite","@id":"https:\/\/www.accretech.eu\/it\/#website","url":"https:\/\/www.accretech.eu\/it\/","name":"ACCRETECH (Europe)","description":"","publisher":{"@id":"https:\/\/www.accretech.eu\/it\/#organization"},"potentialAction":[{"@type":"SearchAction","target":{"@type":"EntryPoint","urlTemplate":"https:\/\/www.accretech.eu\/it\/?s={search_term_string}"},"query-input":{"@type":"PropertyValueSpecification","valueRequired":true,"valueName":"search_term_string"}}],"inLanguage":"pl-PL"},{"@type":"Organization","@id":"https:\/\/www.accretech.eu\/it\/#organization","name":"ACCRETECH (Europe) GmbH","url":"https:\/\/www.accretech.eu\/it\/","logo":{"@type":"ImageObject","inLanguage":"pl-PL","@id":"https:\/\/www.accretech.eu\/it\/#\/schema\/logo\/image\/","url":"https:\/\/www.accretech.eu\/wp-content\/uploads\/2016\/10\/accretech-europe_logo.png","contentUrl":"https:\/\/www.accretech.eu\/wp-content\/uploads\/2016\/10\/accretech-europe_logo.png","width":312,"height":42,"caption":"ACCRETECH (Europe) GmbH"},"image":{"@id":"https:\/\/www.accretech.eu\/it\/#\/schema\/logo\/image\/"}}]}},"_links":{"self":[{"href":"https:\/\/www.accretech.eu\/pl\/wp-json\/wp\/v2\/pages\/31082","targetHints":{"allow":["GET"]}}],"collection":[{"href":"https:\/\/www.accretech.eu\/pl\/wp-json\/wp\/v2\/pages"}],"about":[{"href":"https:\/\/www.accretech.eu\/pl\/wp-json\/wp\/v2\/types\/page"}],"author":[{"embeddable":true,"href":"https:\/\/www.accretech.eu\/pl\/wp-json\/wp\/v2\/users\/1"}],"replies":[{"embeddable":true,"href":"https:\/\/www.accretech.eu\/pl\/wp-json\/wp\/v2\/comments?post=31082"}],"version-history":[{"count":0,"href":"https:\/\/www.accretech.eu\/pl\/wp-json\/wp\/v2\/pages\/31082\/revisions"}],"up":[{"embeddable":true,"href":"https:\/\/www.accretech.eu\/pl\/wp-json\/wp\/v2\/pages\/31008"}],"wp:attachment":[{"href":"https:\/\/www.accretech.eu\/pl\/wp-json\/wp\/v2\/media?parent=31082"}],"wp:term":[{"taxonomy":"filter_category","embeddable":true,"href":"https:\/\/www.accretech.eu\/pl\/wp-json\/wp\/v2\/filter_category?post=31082"},{"taxonomy":"filter_measurements","embeddable":true,"href":"https:\/\/www.accretech.eu\/pl\/wp-json\/wp\/v2\/filter_measurements?post=31082"}],"curies":[{"name":"wp","href":"https:\/\/api.w.org\/{rel}","templated":true}]}}