{"id":31086,"date":"2017-03-25T22:10:14","date_gmt":"2017-03-25T21:10:14","guid":{"rendered":"https:\/\/acc-clone.max2.dev\/?page_id=31086"},"modified":"2021-12-03T12:12:21","modified_gmt":"2021-12-03T11:12:21","slug":"rondcom-60","status":"publish","type":"page","link":"https:\/\/www.accretech.eu\/pl\/produkty\/przemyslowa-technika-pomiarowa\/rondcom-60\/","title":{"rendered":"RONDCOM 60"},"content":{"rendered":"<\/div><\/div><\/div><!-- close content main div --><\/div><\/div><div id='standard-grid'  class='av-layout-grid-container av-12bem04-6f7aba4ea2ecdcabdcdcd0c06db03152 entry-content-wrapper main_color av-flex-cells  container_wrap fullsize'  >\n\n<style type=\"text\/css\" data-created_by=\"avia_inline_auto\" id=\"style-css-av-10ouexw-875b82d981b9184d0f4f99bae64dbda4\">\n.flex_cell.av-10ouexw-875b82d981b9184d0f4f99bae64dbda4{\nvertical-align:top;\n}\n.responsive #top #wrap_all .flex_cell.av-10ouexw-875b82d981b9184d0f4f99bae64dbda4{\npadding:0px 20px 0px 0px !important;\n}\n<\/style>\n<div class='flex_cell av-10ouexw-875b82d981b9184d0f4f99bae64dbda4 av-gridrow-cell av_two_third no_margin' ><div class='flex_cell_inner'><p>\n<style type=\"text\/css\" data-created_by=\"avia_inline_auto\" id=\"style-css-av-z967ck-1c2eb3487bd3bab7e7e14eca63e8cd3e\">\n.flex_column.av-z967ck-1c2eb3487bd3bab7e7e14eca63e8cd3e{\n-webkit-border-radius:0px 0px 0px 0px;\n-moz-border-radius:0px 0px 0px 0px;\nborder-radius:0px 0px 0px 0px;\npadding:0px 0px 0px 0px;\n}\n<\/style>\n<div class='flex_column av-z967ck-1c2eb3487bd3bab7e7e14eca63e8cd3e av_one_full first no_margin flex_column_div av-zero-column-padding '     ><\/div>\n<style type=\"text\/css\" data-created_by=\"avia_inline_auto\" id=\"style-css-av-wwcsic-e23266856a9b480ca519e106e26d909f\">\n#top .flex_column.av-wwcsic-e23266856a9b480ca519e106e26d909f{\nmargin-top:30px;\nmargin-bottom:0px;\n}\n.flex_column.av-wwcsic-e23266856a9b480ca519e106e26d909f{\n-webkit-border-radius:0px 0px 0px 0px;\n-moz-border-radius:0px 0px 0px 0px;\nborder-radius:0px 0px 0px 0px;\npadding:0px 0px 0px 0px;\n}\n.responsive #top #wrap_all .flex_column.av-wwcsic-e23266856a9b480ca519e106e26d909f{\nmargin-top:30px;\nmargin-bottom:0px;\n}\n<\/style>\n<div class='flex_column av-wwcsic-e23266856a9b480ca519e106e26d909f av_one_half first no_margin flex_column_div av-zero-column-padding '     ><section  class='av_textblock_section av-usodt0-6f1775fc31c9267c9634b025c28a54d6'  itemscope=\"itemscope\" itemtype=\"https:\/\/schema.org\/CreativeWork\" ><div class='avia_textblock'  itemprop=\"text\" ><h1><span style=\"color: #154194; font-size: 36px; font-family: frutiger;\">RONDCOM 60<\/span><\/h1>\n<h2 class=\"produkth2\">Najdok\u0142adniejsze urz\u0105dzenie do pomiaru okr\u0105g\u0142o\u015bci klasy referencyjnej<\/h2>\n<\/div><\/section><br \/>\n\n<style type=\"text\/css\" data-created_by=\"avia_inline_auto\" id=\"style-css-av-srhkes-481a432c226ac8bd059ec72b66f6c9aa\">\n#top .av_textblock_section.av-srhkes-481a432c226ac8bd059ec72b66f6c9aa .avia_textblock{\nfont-size:16px;\n}\n<\/style>\n<section  class='av_textblock_section av-srhkes-481a432c226ac8bd059ec72b66f6c9aa'  itemscope=\"itemscope\" itemtype=\"https:\/\/schema.org\/CreativeWork\" ><div class='avia_textblock'  itemprop=\"text\" ><div style=\"line-height: 15px; margin-top: 30px;\">Zakres pomiarowy do 420 mm \u015brednicy<br \/>\n\n<style type=\"text\/css\" data-created_by=\"avia_inline_auto\" id=\"style-css-av-ruqxus-ea6c9831bb0063e59634089e45147df4\">\n#top .hr.av-ruqxus-ea6c9831bb0063e59634089e45147df4{\nmargin-top:0px;\nmargin-bottom:0px;\n}\n.hr.av-ruqxus-ea6c9831bb0063e59634089e45147df4 .hr-inner{\nwidth:90%;\nborder-color:#d2d2d2;\n}\n<\/style>\n<div  class='hr av-ruqxus-ea6c9831bb0063e59634089e45147df4 hr-custom hr-left hr-icon-no'><span class='hr-inner inner-border-av-border-thin'><span class=\"hr-inner-style\"><\/span><\/span><\/div><br \/>\nDok\u0142adno\u015b\u0107 obrotowa: (0,02 + 6 H\/10 000) \u00b5m<br \/>\n\n<style type=\"text\/css\" data-created_by=\"avia_inline_auto\" id=\"style-css-av-q25704-7a930d035ecfc810f3df3267764f8deb\">\n#top .hr.av-q25704-7a930d035ecfc810f3df3267764f8deb{\nmargin-top:0px;\nmargin-bottom:0px;\n}\n.hr.av-q25704-7a930d035ecfc810f3df3267764f8deb .hr-inner{\nwidth:90%;\nborder-color:#d2d2d2;\n}\n<\/style>\n<div  class='hr av-q25704-7a930d035ecfc810f3df3267764f8deb hr-custom hr-left hr-icon-no'><span class='hr-inner inner-border-av-border-thin'><span class=\"hr-inner-style\"><\/span><\/span><\/div><br \/>\nDok\u0142adno\u015b\u0107 w osi Z: 0,05 \u00b5m \/ 100 mm<br \/>\n\n<style type=\"text\/css\" data-created_by=\"avia_inline_auto\" id=\"style-css-av-oj4qpg-2a1fa6b29b297c7d64deac292b7d4be6\">\n#top .hr.av-oj4qpg-2a1fa6b29b297c7d64deac292b7d4be6{\nmargin-top:0px;\nmargin-bottom:0px;\n}\n.hr.av-oj4qpg-2a1fa6b29b297c7d64deac292b7d4be6 .hr-inner{\nwidth:90%;\nborder-color:#d2d2d2;\n}\n<\/style>\n<div  class='hr av-oj4qpg-2a1fa6b29b297c7d64deac292b7d4be6 hr-custom hr-left hr-icon-no'><span class='hr-inner inner-border-av-border-thin'><span class=\"hr-inner-style\"><\/span><\/span><\/div><\/div>\n<\/div><\/section><\/p><\/div>\n<style type=\"text\/css\" data-created_by=\"avia_inline_auto\" id=\"style-css-av-mb3nkk-b8a47530ffb9524c66d0701bfc677d56\">\n#top .flex_column.av-mb3nkk-b8a47530ffb9524c66d0701bfc677d56{\nmargin-top:0px;\nmargin-bottom:0px;\n}\n.flex_column.av-mb3nkk-b8a47530ffb9524c66d0701bfc677d56{\n-webkit-border-radius:0px 0px 0px 0px;\n-moz-border-radius:0px 0px 0px 0px;\nborder-radius:0px 0px 0px 0px;\npadding:30px 30px 30px 30px;\n}\n.responsive #top #wrap_all .flex_column.av-mb3nkk-b8a47530ffb9524c66d0701bfc677d56{\nmargin-top:0px;\nmargin-bottom:0px;\n}\n<\/style>\n<div class='flex_column av-mb3nkk-b8a47530ffb9524c66d0701bfc677d56 av_one_half no_margin flex_column_div '     ><style type=\"text\/css\" data-created_by=\"avia_inline_auto\" id=\"style-css-av-laokhw-460835d9b360e30e54b0988f692f0e18\">\n.avia-image-container.av-laokhw-460835d9b360e30e54b0988f692f0e18 img.avia_image{\nbox-shadow:none;\n}\n.avia-image-container.av-laokhw-460835d9b360e30e54b0988f692f0e18 .av-image-caption-overlay-center{\ncolor:#ffffff;\n}\n<\/style>\n<div  class='avia-image-container av-laokhw-460835d9b360e30e54b0988f692f0e18 av-styling- av-hover-grow avia-align-center'   itemprop=\"image\" itemscope=\"itemscope\" itemtype=\"https:\/\/schema.org\/ImageObject\" ><div class=\"avia-image-container-inner\"><div class=\"avia-image-overlay-wrap\"><img decoding=\"async\" class='wp-image-15075 avia-img-lazy-loading-not-15075 avia_image ' src=\"https:\/\/www.accretech.eu\/wp-content\/uploads\/2017\/03\/RONDCOM_60-300x251.jpeg\" alt='' title='RONDCOM_60'  height=\"251\" width=\"300\"  itemprop=\"thumbnailUrl\" srcset=\"https:\/\/www.accretech.eu\/wp-content\/uploads\/2017\/03\/RONDCOM_60-300x251.jpeg 300w, https:\/\/www.accretech.eu\/wp-content\/uploads\/2017\/03\/RONDCOM_60-768x642.jpeg 768w, https:\/\/www.accretech.eu\/wp-content\/uploads\/2017\/03\/RONDCOM_60-705x590.jpeg 705w, https:\/\/www.accretech.eu\/wp-content\/uploads\/2017\/03\/RONDCOM_60-450x376.jpeg 450w, https:\/\/www.accretech.eu\/wp-content\/uploads\/2017\/03\/RONDCOM_60.jpeg 800w\" sizes=\"(max-width: 300px) 100vw, 300px\" \/><\/div><\/div><\/div><\/div>\n<style type=\"text\/css\" data-created_by=\"avia_inline_auto\" id=\"style-css-av-js0jqc-b2a6624c4ad3a1eec718cd29c37a4e51\">\n#top .flex_column.av-js0jqc-b2a6624c4ad3a1eec718cd29c37a4e51{\nmargin-top:30px;\nmargin-bottom:0px;\n}\n.flex_column.av-js0jqc-b2a6624c4ad3a1eec718cd29c37a4e51{\n-webkit-border-radius:0px 0px 0px 0px;\n-moz-border-radius:0px 0px 0px 0px;\nborder-radius:0px 0px 0px 0px;\npadding:0px 0px 0px 0px;\n}\n.responsive #top #wrap_all .flex_column.av-js0jqc-b2a6624c4ad3a1eec718cd29c37a4e51{\nmargin-top:30px;\nmargin-bottom:0px;\n}\n<\/style>\n<div class='flex_column av-js0jqc-b2a6624c4ad3a1eec718cd29c37a4e51 av_one_full first no_margin flex_column_div av-zero-column-padding '     ><section  class='av_textblock_section av-hn34no-8e5755e5ff86ad6556fcad64a330c5fa'  itemscope=\"itemscope\" itemtype=\"https:\/\/schema.org\/CreativeWork\" ><div class='avia_textblock'  itemprop=\"text\" ><ul style=\"line-height: 17px;\">\n<li><span style=\"font-family: f45;\">Najwi\u0119ksza na \u015bwiecie dok\u0142adno\u015b\u0107 obrot\u00f3w <\/span><\/li>\n<li><span style=\"font-family: f45;\">Zakres pomiarowy i si\u0142a pomiaru dotykowego regulowane w spos\u00f3b zmienny <\/span><\/li>\n<li><span style=\"font-family: f45;\">Du\u017ca przepustowo\u015b\u0107 dzi\u0119ki szybkiemu, automatycznemu ustawianiu w czasie poni\u017cej jednej minuty <\/span><\/li>\n<li><span style=\"font-family: f45;\">St\u00f3\u0142 obrotowy wyposa\u017cony w \u0142o\u017cysko pneumatyczne, gwarantuje precyzj\u0119 i zapobiega zy\u017cywaniu si\u0119 cz\u0119\u015bci mechanicznych\u00a0 <\/span><\/li>\n<li><span style=\"font-family: f45;\">Dok\u0142adno\u015b\u0107 20 nanometr\u00f3w z no\u015bno\u015bci\u0105 od 60 do 100 kg<\/span><\/li>\n<\/ul>\n<\/div><\/section><\/div>\n<style type=\"text\/css\" data-created_by=\"avia_inline_auto\" id=\"style-css-av-dtxi10-0541c11ec03a560176c3ed1739fc24a4\">\n#top .flex_column.av-dtxi10-0541c11ec03a560176c3ed1739fc24a4{\nmargin-top:0px;\nmargin-bottom:0px;\n}\n.flex_column.av-dtxi10-0541c11ec03a560176c3ed1739fc24a4{\n-webkit-border-radius:0px 0px 0px 0px;\n-moz-border-radius:0px 0px 0px 0px;\nborder-radius:0px 0px 0px 0px;\npadding:15px 15px 15px 15px;\nbackground-color:#c9deed;\n}\n.responsive #top #wrap_all .flex_column.av-dtxi10-0541c11ec03a560176c3ed1739fc24a4{\nmargin-top:0px;\nmargin-bottom:0px;\n}\n<\/style>\n<div class='flex_column av-dtxi10-0541c11ec03a560176c3ed1739fc24a4 av_one_full first no_margin flex_column_div '     ><section  class='av_textblock_section av-cyhdus-0e18df66858e796ca6fc55bcdd8ae97c'  itemscope=\"itemscope\" itemtype=\"https:\/\/schema.org\/CreativeWork\" ><div class='avia_textblock'  itemprop=\"text\" ><p><span style=\"font-family: frutiger; font-size: 20px;\">Zakres zastosowa\u0144<\/span><br \/>\n<span style=\"font-family: f45;\">RONDCOM 60 jest optymalnie przystosowany do cylindrycznych pomiar\u00f3w profili bardzo precyzyjnych cz\u0119\u015bci samochodowych.<\/span><\/p>\n<\/div><\/section><\/div>\n<style type=\"text\/css\" data-created_by=\"avia_inline_auto\" id=\"style-css-av-kwqafm1k-14dd371a3732f830edf20fa77dc3049a\">\n#top .flex_column.av-kwqafm1k-14dd371a3732f830edf20fa77dc3049a{\nmargin-top:30px;\nmargin-bottom:20px;\n}\n.flex_column.av-kwqafm1k-14dd371a3732f830edf20fa77dc3049a{\n-webkit-border-radius:0px 0px 0px 0px;\n-moz-border-radius:0px 0px 0px 0px;\nborder-radius:0px 0px 0px 0px;\npadding:0px 0px 0px 0px;\n}\n.responsive #top #wrap_all .flex_column.av-kwqafm1k-14dd371a3732f830edf20fa77dc3049a{\nmargin-top:30px;\nmargin-bottom:20px;\n}\n<\/style>\n<div class='flex_column av-kwqafm1k-14dd371a3732f830edf20fa77dc3049a av_one_half first flex_column_div av-zero-column-padding '     ><div  class='avia-button-wrap av-av_button-79d337897087ee290a8efa35a2af52b2-wrap avia-button-left  new-home-button-big custom-icon'>\n<style type=\"text\/css\" data-created_by=\"avia_inline_auto\" id=\"style-css-av-av_button-79d337897087ee290a8efa35a2af52b2\">\n#top #wrap_all .avia-button.av-av_button-79d337897087ee290a8efa35a2af52b2{\nbackground-color:#154194;\nborder-color:#154194;\ncolor:#ffffff;\n-webkit-transition:all 0.4s ease-in-out;\n-moz-transition:all 0.4s ease-in-out;\n-ms-transition:all 0.4s ease-in-out;\n-o-transition:all 0.4s ease-in-out;\ntransition:all 0.4s ease-in-out;\n}\n<\/style>\n<a href='https:\/\/www.accretech.eu\/pl\/kontakt-i-wsparcie\/kontakt\/?fom=pl&amp;interest=Przemys%C5%82owa%20technika%20pomiarowa&amp;_sfm_bereich=Przemys%C5%82owa%20technika%20pomiarowa'  class='avia-button av-av_button-79d337897087ee290a8efa35a2af52b2 avia-icon_select-yes-left-icon avia-size-large avia-position-left'  target=\"_blank\"  rel=\"noopener noreferrer\" ><span class='avia_button_icon avia_button_icon_left' aria-hidden='true' data-av_icon='\ue805' data-av_iconfont='entypo-fontello'><\/span><span class='avia_iconbox_title' >Otrzyma\u0142 ofert\u0119<\/span><\/a><\/div><\/div><\/p>\n<\/div><\/div>\n<style type=\"text\/css\" data-created_by=\"avia_inline_auto\" id=\"style-css-av-ulaqc-ecdb3a46e5f856e6094378c18cf8136c\">\n.flex_cell.av-ulaqc-ecdb3a46e5f856e6094378c18cf8136c{\nvertical-align:top;\n}\n.responsive #top #wrap_all .flex_cell.av-ulaqc-ecdb3a46e5f856e6094378c18cf8136c{\npadding:15px 0px 0px 0px !important;\n}\n<\/style>\n<div class='flex_cell av-ulaqc-ecdb3a46e5f856e6094378c18cf8136c av-gridrow-cell av_one_third no_margin' ><div class='flex_cell_inner'>\n<style type=\"text\/css\" data-created_by=\"avia_inline_auto\" id=\"style-css-av-7y86qs-040efadcddaac563bdba097d82a94766\">\n.flex_column.av-7y86qs-040efadcddaac563bdba097d82a94766{\n-webkit-border-radius:0px 0px 0px 0px;\n-moz-border-radius:0px 0px 0px 0px;\nborder-radius:0px 0px 0px 0px;\npadding:0px 0px 0px 0px;\nbackground-color:#154194;\n}\n<\/style>\n<div class='flex_column av-7y86qs-040efadcddaac563bdba097d82a94766 av_one_full first no_margin flex_column_div av-hide-on-mobile av-zero-column-padding '     ><div  class='avia-builder-widget-area clearfix '><div id=\"nav_menu-31\" class=\"widget-odd widget-last widget-first widget-1 widget clearfix widget_nav_menu\"><div class=\"menu-neu-industrial-met-form-sub-englisch-polnisch-container\"><ul id=\"menu-neu-industrial-met-form-sub-englisch-polnisch\" class=\"menu\"><li id=\"menu-item-58062\" class=\"menu-item menu-item-type-custom menu-item-object-custom menu-item-has-children menu-item-58062\"><a href=\"#\">W pe\u0142ni automatyczne urz\u0105dzenia z automatycznym ustawieniem obrabianego elementu<\/a>\n<ul class=\"sub-menu\">\n\t<li id=\"menu-item-56935\" class=\"menu-item menu-item-type-post_type menu-item-object-page menu-item-56935\"><a href=\"https:\/\/www.accretech.eu\/pl\/produkty\/przemyslowa-technika-pomiarowa\/rondcom-55\/\">RONDCOM 55<\/a><\/li>\n\t<li id=\"menu-item-56936\" class=\"menu-item menu-item-type-post_type menu-item-object-page menu-item-56936\"><a href=\"https:\/\/www.accretech.eu\/pl\/produkty\/przemyslowa-technika-pomiarowa\/rondcom-60\/\">RONDCOM 60<\/a><\/li>\n\t<li id=\"menu-item-56937\" class=\"menu-item menu-item-type-post_type menu-item-object-page menu-item-56937\"><a href=\"https:\/\/www.accretech.eu\/pl\/produkty\/przemyslowa-technika-pomiarowa\/rondcom-65\/\">RONDCOM 65<\/a><\/li>\n\t<li id=\"menu-item-56938\" class=\"menu-item menu-item-type-post_type menu-item-object-page menu-item-56938\"><a href=\"https:\/\/www.accretech.eu\/pl\/produkty\/przemyslowa-technika-pomiarowa\/rondcom-nex-rs-200-300\/\">RONDCOM NEX RS 200\/300<\/a><\/li>\n\t<li id=\"menu-item-56939\" class=\"menu-item menu-item-type-post_type menu-item-object-page menu-item-56939\"><a href=\"https:\/\/www.accretech.eu\/pl\/rondcom-nex-200-300\/\">RONDCOM NEX 200\/300<\/a><\/li>\n\t<li id=\"menu-item-56940\" class=\"menu-item menu-item-type-post_type menu-item-object-page menu-item-56940\"><a href=\"https:\/\/www.accretech.eu\/pl\/rondcom-crest\/\">RONDCOM CREST<\/a><\/li>\n<\/ul>\n<\/li>\n<li id=\"menu-item-58063\" class=\"menu-item menu-item-type-custom menu-item-object-custom menu-item-has-children menu-item-58063\"><a href=\"#\">Automatyczne urz\u0105dzenia z manualnym ustawieniem obrabianych element\u00f3w<\/a>\n<ul class=\"sub-menu\">\n\t<li id=\"menu-item-56941\" class=\"menu-item menu-item-type-post_type menu-item-object-page menu-item-56941\"><a href=\"https:\/\/www.accretech.eu\/pl\/produkty\/przemyslowa-technika-pomiarowa\/rondcom-31\/\">RONDCOM 31<\/a><\/li>\n\t<li id=\"menu-item-56942\" class=\"menu-item menu-item-type-post_type menu-item-object-page menu-item-56942\"><a href=\"https:\/\/www.accretech.eu\/pl\/produkty\/przemyslowa-technika-pomiarowa\/rondcom-41\/\">RONDCOM 41<\/a><\/li>\n\t<li id=\"menu-item-56943\" class=\"menu-item menu-item-type-post_type menu-item-object-page menu-item-56943\"><a href=\"https:\/\/www.accretech.eu\/pl\/produkty\/przemyslowa-technika-pomiarowa\/rondcom-43\/\">RONDCOM 43<\/a><\/li>\n\t<li id=\"menu-item-56944\" class=\"menu-item menu-item-type-post_type menu-item-object-page menu-item-56944\"><a href=\"https:\/\/www.accretech.eu\/pl\/produkty\/przemyslowa-technika-pomiarowa\/rondcom-nex-100\/\">RONDCOM NEX 100<\/a><\/li>\n<\/ul>\n<\/li>\n<li id=\"menu-item-58064\" class=\"menu-item menu-item-type-custom menu-item-object-custom menu-item-has-children menu-item-58064\"><a href=\"#\">Urz\u0105dzenia z manualn\u0105 kolumn\u0105<\/a>\n<ul class=\"sub-menu\">\n\t<li id=\"menu-item-57018\" class=\"menu-item menu-item-type-post_type menu-item-object-page menu-item-57018\"><a href=\"https:\/\/www.accretech.eu\/pl\/produkty\/przemyslowa-technika-pomiarowa\/rondcom-touch\/\">RONDCOM TOUCH<\/a><\/li>\n<\/ul>\n<\/li>\n<li id=\"menu-item-57022\" class=\"menu-item menu-item-type-post_type menu-item-object-page menu-item-57022\"><a href=\"https:\/\/www.accretech.eu\/pl\/?page_id=23710\">ACCTee oprogramowanie dla przyrz\u0105d\u00f3w do pomiaru kszta\u0142tu<\/a><\/li>\n<li id=\"menu-item-58065\" class=\"menu-item menu-item-type-custom menu-item-object-custom menu-item-has-children menu-item-58065\"><a href=\"#\">W pe\u0142ni automatyczne urz\u0105dzenia do du\u017cych i ci\u0119\u017ckich obrabianych element\u00f3w<\/a>\n<ul class=\"sub-menu\">\n\t<li id=\"menu-item-57019\" class=\"menu-item menu-item-type-post_type menu-item-object-page menu-item-57019\"><a href=\"https:\/\/www.accretech.eu\/pl\/produkty\/przemyslowa-technika-pomiarowa\/rondcom-73\/\">RONDCOM 73<\/a><\/li>\n\t<li id=\"menu-item-57020\" class=\"menu-item menu-item-type-post_type menu-item-object-page menu-item-57020\"><a href=\"https:\/\/www.accretech.eu\/pl\/produkty\/przemyslowa-technika-pomiarowa\/rondcom-76\/\">RONDCOM 76<\/a><\/li>\n<\/ul>\n<\/li>\n<\/ul><\/div><\/div><\/div><\/div>\n<\/div><\/div><\/div>\n","protected":false},"excerpt":{"rendered":"<p>Najdok\u0142adniejsze urz\u0105dzenie do pomiaru okr\u0105g\u0142o\u015bci klasy referencyjnej<\/p>\n","protected":false},"author":1,"featured_media":0,"parent":31008,"menu_order":0,"comment_status":"closed","ping_status":"closed","template":"","meta":{"footnotes":""},"filter_category":[],"filter_measurements":[],"class_list":["post-31086","page","type-page","status-publish","hentry"],"acf":[],"yoast_head":"<!-- This site is optimized with the Yoast SEO Premium plugin v26.1 (Yoast SEO v26.1.1) - https:\/\/yoast.com\/wordpress\/plugins\/seo\/ -->\n<title>RONDCOM 60 - ACCRETECH (Europe)<\/title>\n<meta name=\"robots\" content=\"index, follow, max-snippet:-1, max-image-preview:large, max-video-preview:-1\" \/>\n<link rel=\"canonical\" href=\"https:\/\/www.accretech.eu\/pl\/produkty\/przemyslowa-technika-pomiarowa\/mierniki-ksztaltow\/rondcom-60\/\" \/>\n<meta property=\"og:locale\" content=\"pl_PL\" \/>\n<meta property=\"og:type\" content=\"article\" \/>\n<meta property=\"og:title\" content=\"RONDCOM 60\" \/>\n<meta property=\"og:description\" content=\"Najdok\u0142adniejsze urz\u0105dzenie do pomiaru okr\u0105g\u0142o\u015bci klasy referencyjnej\" \/>\n<meta property=\"og:url\" content=\"https:\/\/www.accretech.eu\/pl\/produkty\/przemyslowa-technika-pomiarowa\/mierniki-ksztaltow\/rondcom-60\/\" \/>\n<meta property=\"og:site_name\" content=\"ACCRETECH (Europe)\" \/>\n<meta property=\"article:modified_time\" content=\"2021-12-03T11:12:21+00:00\" \/>\n<meta name=\"twitter:card\" content=\"summary_large_image\" \/>\n<meta name=\"twitter:label1\" content=\"Szacowany czas czytania\" \/>\n\t<meta name=\"twitter:data1\" content=\"6 minut\" \/>\n<script type=\"application\/ld+json\" class=\"yoast-schema-graph\">{\"@context\":\"https:\/\/schema.org\",\"@graph\":[{\"@type\":\"WebPage\",\"@id\":\"https:\/\/www.accretech.eu\/pl\/produkty\/przemyslowa-technika-pomiarowa\/mierniki-ksztaltow\/rondcom-60\/\",\"url\":\"https:\/\/www.accretech.eu\/pl\/produkty\/przemyslowa-technika-pomiarowa\/mierniki-ksztaltow\/rondcom-60\/\",\"name\":\"RONDCOM 60 - ACCRETECH (Europe)\",\"isPartOf\":{\"@id\":\"https:\/\/www.accretech.eu\/it\/#website\"},\"datePublished\":\"2017-03-25T21:10:14+00:00\",\"dateModified\":\"2021-12-03T11:12:21+00:00\",\"breadcrumb\":{\"@id\":\"https:\/\/www.accretech.eu\/pl\/produkty\/przemyslowa-technika-pomiarowa\/mierniki-ksztaltow\/rondcom-60\/#breadcrumb\"},\"inLanguage\":\"pl-PL\",\"potentialAction\":[{\"@type\":\"ReadAction\",\"target\":[\"https:\/\/www.accretech.eu\/pl\/produkty\/przemyslowa-technika-pomiarowa\/mierniki-ksztaltow\/rondcom-60\/\"]}]},{\"@type\":\"BreadcrumbList\",\"@id\":\"https:\/\/www.accretech.eu\/pl\/produkty\/przemyslowa-technika-pomiarowa\/mierniki-ksztaltow\/rondcom-60\/#breadcrumb\",\"itemListElement\":[{\"@type\":\"ListItem\",\"position\":1,\"name\":\"Startseite\",\"item\":\"https:\/\/www.accretech.eu\/pl\/home-2\/\"},{\"@type\":\"ListItem\",\"position\":2,\"name\":\"Produkty\",\"item\":\"https:\/\/www.accretech.eu\/pl\/produkty\/\"},{\"@type\":\"ListItem\",\"position\":3,\"name\":\"Przemys\u0142owa technika pomiarowa\",\"item\":\"https:\/\/www.accretech.eu\/pl\/produkty\/przemyslowa-technika-pomiarowa\/\"},{\"@type\":\"ListItem\",\"position\":4,\"name\":\"RONDCOM 60\"}]},{\"@type\":\"WebSite\",\"@id\":\"https:\/\/www.accretech.eu\/it\/#website\",\"url\":\"https:\/\/www.accretech.eu\/it\/\",\"name\":\"ACCRETECH (Europe)\",\"description\":\"\",\"publisher\":{\"@id\":\"https:\/\/www.accretech.eu\/it\/#organization\"},\"potentialAction\":[{\"@type\":\"SearchAction\",\"target\":{\"@type\":\"EntryPoint\",\"urlTemplate\":\"https:\/\/www.accretech.eu\/it\/?s={search_term_string}\"},\"query-input\":{\"@type\":\"PropertyValueSpecification\",\"valueRequired\":true,\"valueName\":\"search_term_string\"}}],\"inLanguage\":\"pl-PL\"},{\"@type\":\"Organization\",\"@id\":\"https:\/\/www.accretech.eu\/it\/#organization\",\"name\":\"ACCRETECH (Europe) GmbH\",\"url\":\"https:\/\/www.accretech.eu\/it\/\",\"logo\":{\"@type\":\"ImageObject\",\"inLanguage\":\"pl-PL\",\"@id\":\"https:\/\/www.accretech.eu\/it\/#\/schema\/logo\/image\/\",\"url\":\"https:\/\/www.accretech.eu\/wp-content\/uploads\/2016\/10\/accretech-europe_logo.png\",\"contentUrl\":\"https:\/\/www.accretech.eu\/wp-content\/uploads\/2016\/10\/accretech-europe_logo.png\",\"width\":312,\"height\":42,\"caption\":\"ACCRETECH (Europe) GmbH\"},\"image\":{\"@id\":\"https:\/\/www.accretech.eu\/it\/#\/schema\/logo\/image\/\"}}]}<\/script>\n<!-- \/ Yoast SEO Premium plugin. -->","yoast_head_json":{"title":"RONDCOM 60 - ACCRETECH (Europe)","robots":{"index":"index","follow":"follow","max-snippet":"max-snippet:-1","max-image-preview":"max-image-preview:large","max-video-preview":"max-video-preview:-1"},"canonical":"https:\/\/www.accretech.eu\/pl\/produkty\/przemyslowa-technika-pomiarowa\/mierniki-ksztaltow\/rondcom-60\/","og_locale":"pl_PL","og_type":"article","og_title":"RONDCOM 60","og_description":"Najdok\u0142adniejsze urz\u0105dzenie do pomiaru okr\u0105g\u0142o\u015bci klasy referencyjnej","og_url":"https:\/\/www.accretech.eu\/pl\/produkty\/przemyslowa-technika-pomiarowa\/mierniki-ksztaltow\/rondcom-60\/","og_site_name":"ACCRETECH (Europe)","article_modified_time":"2021-12-03T11:12:21+00:00","twitter_card":"summary_large_image","twitter_misc":{"Szacowany czas czytania":"6 minut"},"schema":{"@context":"https:\/\/schema.org","@graph":[{"@type":"WebPage","@id":"https:\/\/www.accretech.eu\/pl\/produkty\/przemyslowa-technika-pomiarowa\/mierniki-ksztaltow\/rondcom-60\/","url":"https:\/\/www.accretech.eu\/pl\/produkty\/przemyslowa-technika-pomiarowa\/mierniki-ksztaltow\/rondcom-60\/","name":"RONDCOM 60 - ACCRETECH (Europe)","isPartOf":{"@id":"https:\/\/www.accretech.eu\/it\/#website"},"datePublished":"2017-03-25T21:10:14+00:00","dateModified":"2021-12-03T11:12:21+00:00","breadcrumb":{"@id":"https:\/\/www.accretech.eu\/pl\/produkty\/przemyslowa-technika-pomiarowa\/mierniki-ksztaltow\/rondcom-60\/#breadcrumb"},"inLanguage":"pl-PL","potentialAction":[{"@type":"ReadAction","target":["https:\/\/www.accretech.eu\/pl\/produkty\/przemyslowa-technika-pomiarowa\/mierniki-ksztaltow\/rondcom-60\/"]}]},{"@type":"BreadcrumbList","@id":"https:\/\/www.accretech.eu\/pl\/produkty\/przemyslowa-technika-pomiarowa\/mierniki-ksztaltow\/rondcom-60\/#breadcrumb","itemListElement":[{"@type":"ListItem","position":1,"name":"Startseite","item":"https:\/\/www.accretech.eu\/pl\/home-2\/"},{"@type":"ListItem","position":2,"name":"Produkty","item":"https:\/\/www.accretech.eu\/pl\/produkty\/"},{"@type":"ListItem","position":3,"name":"Przemys\u0142owa technika pomiarowa","item":"https:\/\/www.accretech.eu\/pl\/produkty\/przemyslowa-technika-pomiarowa\/"},{"@type":"ListItem","position":4,"name":"RONDCOM 60"}]},{"@type":"WebSite","@id":"https:\/\/www.accretech.eu\/it\/#website","url":"https:\/\/www.accretech.eu\/it\/","name":"ACCRETECH (Europe)","description":"","publisher":{"@id":"https:\/\/www.accretech.eu\/it\/#organization"},"potentialAction":[{"@type":"SearchAction","target":{"@type":"EntryPoint","urlTemplate":"https:\/\/www.accretech.eu\/it\/?s={search_term_string}"},"query-input":{"@type":"PropertyValueSpecification","valueRequired":true,"valueName":"search_term_string"}}],"inLanguage":"pl-PL"},{"@type":"Organization","@id":"https:\/\/www.accretech.eu\/it\/#organization","name":"ACCRETECH (Europe) GmbH","url":"https:\/\/www.accretech.eu\/it\/","logo":{"@type":"ImageObject","inLanguage":"pl-PL","@id":"https:\/\/www.accretech.eu\/it\/#\/schema\/logo\/image\/","url":"https:\/\/www.accretech.eu\/wp-content\/uploads\/2016\/10\/accretech-europe_logo.png","contentUrl":"https:\/\/www.accretech.eu\/wp-content\/uploads\/2016\/10\/accretech-europe_logo.png","width":312,"height":42,"caption":"ACCRETECH (Europe) GmbH"},"image":{"@id":"https:\/\/www.accretech.eu\/it\/#\/schema\/logo\/image\/"}}]}},"_links":{"self":[{"href":"https:\/\/www.accretech.eu\/pl\/wp-json\/wp\/v2\/pages\/31086","targetHints":{"allow":["GET"]}}],"collection":[{"href":"https:\/\/www.accretech.eu\/pl\/wp-json\/wp\/v2\/pages"}],"about":[{"href":"https:\/\/www.accretech.eu\/pl\/wp-json\/wp\/v2\/types\/page"}],"author":[{"embeddable":true,"href":"https:\/\/www.accretech.eu\/pl\/wp-json\/wp\/v2\/users\/1"}],"replies":[{"embeddable":true,"href":"https:\/\/www.accretech.eu\/pl\/wp-json\/wp\/v2\/comments?post=31086"}],"version-history":[{"count":0,"href":"https:\/\/www.accretech.eu\/pl\/wp-json\/wp\/v2\/pages\/31086\/revisions"}],"up":[{"embeddable":true,"href":"https:\/\/www.accretech.eu\/pl\/wp-json\/wp\/v2\/pages\/31008"}],"wp:attachment":[{"href":"https:\/\/www.accretech.eu\/pl\/wp-json\/wp\/v2\/media?parent=31086"}],"wp:term":[{"taxonomy":"filter_category","embeddable":true,"href":"https:\/\/www.accretech.eu\/pl\/wp-json\/wp\/v2\/filter_category?post=31086"},{"taxonomy":"filter_measurements","embeddable":true,"href":"https:\/\/www.accretech.eu\/pl\/wp-json\/wp\/v2\/filter_measurements?post=31086"}],"curies":[{"name":"wp","href":"https:\/\/api.w.org\/{rel}","templated":true}]}}