{"id":31090,"date":"2017-03-25T22:10:31","date_gmt":"2017-03-25T21:10:31","guid":{"rendered":"https:\/\/acc-clone.max2.dev\/?page_id=31090"},"modified":"2021-12-03T13:19:33","modified_gmt":"2021-12-03T12:19:33","slug":"rondcom-55","status":"publish","type":"page","link":"https:\/\/www.accretech.eu\/pl\/produkty\/przemyslowa-technika-pomiarowa\/rondcom-55\/","title":{"rendered":"RONDCOM 55"},"content":{"rendered":"<\/div><\/div><\/div><!-- close content main div --><\/div><\/div><div id='standard-grid'  class='av-layout-grid-container av-129d3ed-40d2f7f7f75339e961d5decf8c8139a2 entry-content-wrapper main_color av-flex-cells  container_wrap fullsize'  >\n\n<style type=\"text\/css\" data-created_by=\"avia_inline_auto\" id=\"style-css-av-11f67b9-ce9b8b3948a792bae23e00a369ed56e6\">\n.flex_cell.av-11f67b9-ce9b8b3948a792bae23e00a369ed56e6{\nvertical-align:top;\n}\n.responsive #top #wrap_all .flex_cell.av-11f67b9-ce9b8b3948a792bae23e00a369ed56e6{\npadding:0px 20px 0px 0px !important;\n}\n<\/style>\n<div class='flex_cell av-11f67b9-ce9b8b3948a792bae23e00a369ed56e6 av-gridrow-cell av_two_third no_margin' ><div class='flex_cell_inner'><p>\n<style type=\"text\/css\" data-created_by=\"avia_inline_auto\" id=\"style-css-av-10adkxx-6290d1a4226746cdf27d52e17271f209\">\n.flex_column.av-10adkxx-6290d1a4226746cdf27d52e17271f209{\n-webkit-border-radius:0px 0px 0px 0px;\n-moz-border-radius:0px 0px 0px 0px;\nborder-radius:0px 0px 0px 0px;\npadding:0px 0px 0px 0px;\n}\n<\/style>\n<div class='flex_column av-10adkxx-6290d1a4226746cdf27d52e17271f209 av_one_full first no_margin flex_column_div av-zero-column-padding '     ><\/div>\n<style type=\"text\/css\" data-created_by=\"avia_inline_auto\" id=\"style-css-av-vo7i05-df55dd01f0a86c0bc207ba2cfe91d74c\">\n#top .flex_column.av-vo7i05-df55dd01f0a86c0bc207ba2cfe91d74c{\nmargin-top:30px;\nmargin-bottom:0px;\n}\n.flex_column.av-vo7i05-df55dd01f0a86c0bc207ba2cfe91d74c{\n-webkit-border-radius:0px 0px 0px 0px;\n-moz-border-radius:0px 0px 0px 0px;\nborder-radius:0px 0px 0px 0px;\npadding:0px 0px 0px 0px;\n}\n.responsive #top #wrap_all .flex_column.av-vo7i05-df55dd01f0a86c0bc207ba2cfe91d74c{\nmargin-top:30px;\nmargin-bottom:0px;\n}\n<\/style>\n<div class='flex_column av-vo7i05-df55dd01f0a86c0bc207ba2cfe91d74c av_one_half first no_margin flex_column_div av-zero-column-padding '     ><section  class='av_textblock_section av-tzsfj9-8e35af267256af496d7b5b7e0c6de4cf'  itemscope=\"itemscope\" itemtype=\"https:\/\/schema.org\/CreativeWork\" ><div class='avia_textblock'  itemprop=\"text\" ><h1><span style=\"color: #154194; font-size: 36px; font-family: frutiger;\">RONDCOM 55<\/span><\/h1>\n<h2>Bardzo precyzyjne urz\u0105dzenie do pomiaru okr\u0105g\u0142o\u015bci do obrabianych element\u00f3w o du\u017cej obj\u0119to\u015bci<\/h2>\n<\/div><\/section><br \/>\n\n<style type=\"text\/css\" data-created_by=\"avia_inline_auto\" id=\"style-css-av-t074zp-e772d5c6aaa0dd0460c194ef0f556b2d\">\n#top .av_textblock_section.av-t074zp-e772d5c6aaa0dd0460c194ef0f556b2d .avia_textblock{\nfont-size:16px;\n}\n<\/style>\n<section  class='av_textblock_section av-t074zp-e772d5c6aaa0dd0460c194ef0f556b2d'  itemscope=\"itemscope\" itemtype=\"https:\/\/schema.org\/CreativeWork\" ><div class='avia_textblock'  itemprop=\"text\" ><div style=\"line-height: 15px; margin-top: 30px;\">Zakres pomiarowy do 350 mm \u015brednicy<br \/>\n\n<style type=\"text\/css\" data-created_by=\"avia_inline_auto\" id=\"style-css-av-r3d7qt-bb820adbf6c9acc025e9d5218f70bb97\">\n#top .hr.av-r3d7qt-bb820adbf6c9acc025e9d5218f70bb97{\nmargin-top:0px;\nmargin-bottom:0px;\n}\n.hr.av-r3d7qt-bb820adbf6c9acc025e9d5218f70bb97 .hr-inner{\nwidth:90%;\nborder-color:#d2d2d2;\n}\n<\/style>\n<div  class='hr av-r3d7qt-bb820adbf6c9acc025e9d5218f70bb97 hr-custom hr-left hr-icon-no'><span class='hr-inner inner-border-av-border-thin'><span class=\"hr-inner-style\"><\/span><\/span><\/div><br \/>\nDok\u0142adno\u015b\u0107 obrotowa: (0,02 + 6 H\/10 000) \u00b5m<br \/>\n\n<style type=\"text\/css\" data-created_by=\"avia_inline_auto\" id=\"style-css-av-2m3tjp-ee4e09e68604e929a80d6432e8af39db\">\n#top .hr.av-2m3tjp-ee4e09e68604e929a80d6432e8af39db{\nmargin-top:0px;\nmargin-bottom:0px;\n}\n.hr.av-2m3tjp-ee4e09e68604e929a80d6432e8af39db .hr-inner{\nwidth:90%;\nborder-color:#d2d2d2;\n}\n<\/style>\n<div  class='hr av-2m3tjp-ee4e09e68604e929a80d6432e8af39db hr-custom hr-left hr-icon-no'><span class='hr-inner inner-border-av-border-thin'><span class=\"hr-inner-style\"><\/span><\/span><\/div><br \/>\nDok\u0142adno\u015b\u0107 w osi Z: 0,1 \u00b5m \/ 100 mm<br \/>\n\n<style type=\"text\/css\" data-created_by=\"avia_inline_auto\" id=\"style-css-av-ng0rz9-ebb5e37c903a9577704b18824f995c39\">\n#top .hr.av-ng0rz9-ebb5e37c903a9577704b18824f995c39{\nmargin-top:0px;\nmargin-bottom:0px;\n}\n.hr.av-ng0rz9-ebb5e37c903a9577704b18824f995c39 .hr-inner{\nwidth:90%;\nborder-color:#d2d2d2;\n}\n<\/style>\n<div  class='hr av-ng0rz9-ebb5e37c903a9577704b18824f995c39 hr-custom hr-left hr-icon-no'><span class='hr-inner inner-border-av-border-thin'><span class=\"hr-inner-style\"><\/span><\/span><\/div><\/div>\n<\/div><\/section><\/p><\/div>\n<style type=\"text\/css\" data-created_by=\"avia_inline_auto\" id=\"style-css-av-lxb1hh-88b1a67d7ce75a74c3607e41abaf88ad\">\n#top .flex_column.av-lxb1hh-88b1a67d7ce75a74c3607e41abaf88ad{\nmargin-top:0px;\nmargin-bottom:0px;\n}\n.flex_column.av-lxb1hh-88b1a67d7ce75a74c3607e41abaf88ad{\n-webkit-border-radius:0px 0px 0px 0px;\n-moz-border-radius:0px 0px 0px 0px;\nborder-radius:0px 0px 0px 0px;\npadding:30px 30px 30px 30px;\n}\n.responsive #top #wrap_all .flex_column.av-lxb1hh-88b1a67d7ce75a74c3607e41abaf88ad{\nmargin-top:0px;\nmargin-bottom:0px;\n}\n<\/style>\n<div class='flex_column av-lxb1hh-88b1a67d7ce75a74c3607e41abaf88ad av_one_half no_margin flex_column_div '     ><style type=\"text\/css\" data-created_by=\"avia_inline_auto\" id=\"style-css-av-kc4s9h-41c2f3a4e01174ca0c33d1f147a585ad\">\n.avia-image-container.av-kc4s9h-41c2f3a4e01174ca0c33d1f147a585ad img.avia_image{\nbox-shadow:none;\n}\n.avia-image-container.av-kc4s9h-41c2f3a4e01174ca0c33d1f147a585ad .av-image-caption-overlay-center{\ncolor:#ffffff;\n}\n<\/style>\n<div  class='avia-image-container av-kc4s9h-41c2f3a4e01174ca0c33d1f147a585ad av-styling- av-hover-grow avia-align-center'   itemprop=\"image\" itemscope=\"itemscope\" itemtype=\"https:\/\/schema.org\/ImageObject\" ><div class=\"avia-image-container-inner\"><div class=\"avia-image-overlay-wrap\"><img decoding=\"async\" class='wp-image-15066 avia-img-lazy-loading-not-15066 avia_image ' src=\"https:\/\/www.accretech.eu\/wp-content\/uploads\/2017\/03\/ACCRTECH-GmbH-Produkte-Industrielle-Messtechnik-RONDCOM_55B_pasu-300x271.png\" alt='' title='ACCRTECH GmbH - Produkte - Industrielle Messtechnik RONDCOM_55B_pasu'  height=\"271\" width=\"300\"  itemprop=\"thumbnailUrl\" srcset=\"https:\/\/www.accretech.eu\/wp-content\/uploads\/2017\/03\/ACCRTECH-GmbH-Produkte-Industrielle-Messtechnik-RONDCOM_55B_pasu-300x271.png 300w, https:\/\/www.accretech.eu\/wp-content\/uploads\/2017\/03\/ACCRTECH-GmbH-Produkte-Industrielle-Messtechnik-RONDCOM_55B_pasu-705x637.png 705w, https:\/\/www.accretech.eu\/wp-content\/uploads\/2017\/03\/ACCRTECH-GmbH-Produkte-Industrielle-Messtechnik-RONDCOM_55B_pasu-450x407.png 450w, https:\/\/www.accretech.eu\/wp-content\/uploads\/2017\/03\/ACCRTECH-GmbH-Produkte-Industrielle-Messtechnik-RONDCOM_55B_pasu.png 719w\" sizes=\"(max-width: 300px) 100vw, 300px\" \/><\/div><\/div><\/div><\/div>\n<style type=\"text\/css\" data-created_by=\"avia_inline_auto\" id=\"style-css-av-1yvwyd-a31bbe54317a33588617945e5323e093\">\n#top .flex_column.av-1yvwyd-a31bbe54317a33588617945e5323e093{\nmargin-top:30px;\nmargin-bottom:0px;\n}\n.flex_column.av-1yvwyd-a31bbe54317a33588617945e5323e093{\n-webkit-border-radius:0px 0px 0px 0px;\n-moz-border-radius:0px 0px 0px 0px;\nborder-radius:0px 0px 0px 0px;\npadding:0px 0px 0px 0px;\n}\n.responsive #top #wrap_all .flex_column.av-1yvwyd-a31bbe54317a33588617945e5323e093{\nmargin-top:30px;\nmargin-bottom:0px;\n}\n<\/style>\n<div class='flex_column av-1yvwyd-a31bbe54317a33588617945e5323e093 av_one_full first no_margin flex_column_div av-zero-column-padding '     ><section  class='av_textblock_section av-h7j2md-e3bee9076dd447e8eb714000c3819afc'  itemscope=\"itemscope\" itemtype=\"https:\/\/schema.org\/CreativeWork\" ><div class='avia_textblock'  itemprop=\"text\" ><ul style=\"line-height: 17px;\">\n<li><span style=\"font-family: f45;\">Programowanie CNC pomiaru poprzez analiz\u0119 do wydruku <\/span><\/li>\n<li><span style=\"font-family: f45;\">St\u00f3\u0142 obrotowy wyposa\u017cony w \u0142o\u017cysko pneumatyczne, gwarantuje precyzj\u0119 i zapobiega zy\u017cywaniu si\u0119 cz\u0119\u015bci mechanicznych<br \/>\n<\/span><\/li>\n<li><span style=\"font-family: f45;\">Zakres pomiarowy i si\u0142a pomiaru dotykowego regulowane w spos\u00f3b zmienny <\/span><\/li>\n<li><span style=\"font-family: f45;\">Opcjonalnie r\u00f3wnie\u017c z pomiarem chropowato\u015bci <\/span><\/li>\n<li><span style=\"font-family: f45;\">Obrabiane cz\u0119\u015bci do ponad 60 kg<\/span><\/li>\n<\/ul>\n<\/div><\/section><\/div>\n<style type=\"text\/css\" data-created_by=\"avia_inline_auto\" id=\"style-css-av-1eblpx-ff84b8913a1fc42ed48f7d58d40ef1fa\">\n#top .flex_column.av-1eblpx-ff84b8913a1fc42ed48f7d58d40ef1fa{\nmargin-top:0px;\nmargin-bottom:0px;\n}\n.flex_column.av-1eblpx-ff84b8913a1fc42ed48f7d58d40ef1fa{\n-webkit-border-radius:0px 0px 0px 0px;\n-moz-border-radius:0px 0px 0px 0px;\nborder-radius:0px 0px 0px 0px;\npadding:15px 15px 15px 15px;\nbackground-color:#c9deed;\n}\n.responsive #top #wrap_all .flex_column.av-1eblpx-ff84b8913a1fc42ed48f7d58d40ef1fa{\nmargin-top:0px;\nmargin-bottom:0px;\n}\n<\/style>\n<div class='flex_column av-1eblpx-ff84b8913a1fc42ed48f7d58d40ef1fa av_one_full first no_margin flex_column_div '     ><section  class='av_textblock_section av-c8lo6t-687e1859c8ff44b13c9024cd056b0458'  itemscope=\"itemscope\" itemtype=\"https:\/\/schema.org\/CreativeWork\" ><div class='avia_textblock'  itemprop=\"text\" ><p><span style=\"font-family: frutiger; font-size: 20px;\">Zakres zastosowa\u0144<\/span><br \/>\n<span style=\"font-family: f45;\">Szybkie dopasowanie i du\u017ca pr\u0119dko\u015b\u0107 pomiaru umo\u017cliwiaj\u0105 efektywny pomiar pr\u00f3bek z linii produkcyjnej.<\/span><\/p>\n<\/div><\/section><\/div>\n<style type=\"text\/css\" data-created_by=\"avia_inline_auto\" id=\"style-css-av-kwqag6yz-c173113a477bc2c7c7e85cf632011984\">\n#top .flex_column.av-kwqag6yz-c173113a477bc2c7c7e85cf632011984{\nmargin-top:30px;\nmargin-bottom:20px;\n}\n.flex_column.av-kwqag6yz-c173113a477bc2c7c7e85cf632011984{\n-webkit-border-radius:0px 0px 0px 0px;\n-moz-border-radius:0px 0px 0px 0px;\nborder-radius:0px 0px 0px 0px;\npadding:0px 0px 0px 0px;\n}\n.responsive #top #wrap_all .flex_column.av-kwqag6yz-c173113a477bc2c7c7e85cf632011984{\nmargin-top:30px;\nmargin-bottom:20px;\n}\n<\/style>\n<div class='flex_column av-kwqag6yz-c173113a477bc2c7c7e85cf632011984 av_one_half first flex_column_div av-zero-column-padding '     ><div  class='avia-button-wrap av-kwqcu1ru-864cde92533e4993f94440ea7e12dfe0-wrap avia-button-left  new-home-button-big custom-icon'>\n<style type=\"text\/css\" data-created_by=\"avia_inline_auto\" id=\"style-css-av-kwqcu1ru-864cde92533e4993f94440ea7e12dfe0\">\n#top #wrap_all .avia-button.av-kwqcu1ru-864cde92533e4993f94440ea7e12dfe0{\nbackground-color:#154194;\nborder-color:#154194;\ncolor:#ffffff;\n-webkit-transition:all 0.4s ease-in-out;\n-moz-transition:all 0.4s ease-in-out;\n-ms-transition:all 0.4s ease-in-out;\n-o-transition:all 0.4s ease-in-out;\ntransition:all 0.4s ease-in-out;\n}\n<\/style>\n<a href='https:\/\/www.accretech.eu\/pl\/kontakt-i-wsparcie\/kontakt\/?fom=pl&amp;interest=Przemys%C5%82owa%20technika%20pomiarowa&amp;_sfm_bereich=Przemys%C5%82owa%20technika%20pomiarowa'  class='avia-button av-kwqcu1ru-864cde92533e4993f94440ea7e12dfe0 avia-icon_select-yes-left-icon avia-size-large avia-position-left'  target=\"_blank\"  rel=\"noopener noreferrer\" ><span class='avia_button_icon avia_button_icon_left' aria-hidden='true' data-av_icon='\ue805' data-av_iconfont='entypo-fontello'><\/span><span class='avia_iconbox_title' >Zapytaj o wycen\u0119<\/span><\/a><\/div><\/div><\/p>\n<\/div><\/div>\n<style type=\"text\/css\" data-created_by=\"avia_inline_auto\" id=\"style-css-av-9csj5h-61e4bcac05b215a5fabee2734dda19f2\">\n.flex_cell.av-9csj5h-61e4bcac05b215a5fabee2734dda19f2{\nvertical-align:top;\n}\n.responsive #top #wrap_all .flex_cell.av-9csj5h-61e4bcac05b215a5fabee2734dda19f2{\npadding:15px 0px 0px 0px !important;\n}\n<\/style>\n<div class='flex_cell av-9csj5h-61e4bcac05b215a5fabee2734dda19f2 av-gridrow-cell av_one_third no_margin' ><div class='flex_cell_inner'>\n<style type=\"text\/css\" data-created_by=\"avia_inline_auto\" id=\"style-css-av-6z36md-79c41364e741389c495710052deb4a85\">\n.flex_column.av-6z36md-79c41364e741389c495710052deb4a85{\n-webkit-border-radius:0px 0px 0px 0px;\n-moz-border-radius:0px 0px 0px 0px;\nborder-radius:0px 0px 0px 0px;\npadding:0px 0px 0px 0px;\nbackground-color:#154194;\n}\n<\/style>\n<div class='flex_column av-6z36md-79c41364e741389c495710052deb4a85 av_one_full first no_margin flex_column_div av-hide-on-mobile av-zero-column-padding '     ><div  class='avia-builder-widget-area clearfix '><div id=\"nav_menu-31\" class=\"widget-odd widget-last widget-first widget-1 widget clearfix widget_nav_menu\"><div class=\"menu-neu-industrial-met-form-sub-englisch-polnisch-container\"><ul id=\"menu-neu-industrial-met-form-sub-englisch-polnisch\" class=\"menu\"><li id=\"menu-item-58062\" class=\"menu-item menu-item-type-custom menu-item-object-custom menu-item-has-children menu-item-58062\"><a href=\"#\">W pe\u0142ni automatyczne urz\u0105dzenia z automatycznym ustawieniem obrabianego elementu<\/a>\n<ul class=\"sub-menu\">\n\t<li id=\"menu-item-56935\" class=\"menu-item menu-item-type-post_type menu-item-object-page menu-item-56935\"><a href=\"https:\/\/www.accretech.eu\/pl\/produkty\/przemyslowa-technika-pomiarowa\/rondcom-55\/\">RONDCOM 55<\/a><\/li>\n\t<li id=\"menu-item-56936\" class=\"menu-item menu-item-type-post_type menu-item-object-page menu-item-56936\"><a href=\"https:\/\/www.accretech.eu\/pl\/produkty\/przemyslowa-technika-pomiarowa\/rondcom-60\/\">RONDCOM 60<\/a><\/li>\n\t<li id=\"menu-item-56937\" class=\"menu-item menu-item-type-post_type menu-item-object-page menu-item-56937\"><a href=\"https:\/\/www.accretech.eu\/pl\/produkty\/przemyslowa-technika-pomiarowa\/rondcom-65\/\">RONDCOM 65<\/a><\/li>\n\t<li id=\"menu-item-56938\" class=\"menu-item menu-item-type-post_type menu-item-object-page menu-item-56938\"><a href=\"https:\/\/www.accretech.eu\/pl\/produkty\/przemyslowa-technika-pomiarowa\/rondcom-nex-rs-200-300\/\">RONDCOM NEX RS 200\/300<\/a><\/li>\n\t<li id=\"menu-item-56939\" class=\"menu-item menu-item-type-post_type menu-item-object-page menu-item-56939\"><a href=\"https:\/\/www.accretech.eu\/pl\/rondcom-nex-200-300\/\">RONDCOM NEX 200\/300<\/a><\/li>\n\t<li id=\"menu-item-56940\" class=\"menu-item menu-item-type-post_type menu-item-object-page menu-item-56940\"><a href=\"https:\/\/www.accretech.eu\/pl\/rondcom-crest\/\">RONDCOM CREST<\/a><\/li>\n<\/ul>\n<\/li>\n<li id=\"menu-item-58063\" class=\"menu-item menu-item-type-custom menu-item-object-custom menu-item-has-children menu-item-58063\"><a href=\"#\">Automatyczne urz\u0105dzenia z manualnym ustawieniem obrabianych element\u00f3w<\/a>\n<ul class=\"sub-menu\">\n\t<li id=\"menu-item-56941\" class=\"menu-item menu-item-type-post_type menu-item-object-page menu-item-56941\"><a href=\"https:\/\/www.accretech.eu\/pl\/produkty\/przemyslowa-technika-pomiarowa\/rondcom-31\/\">RONDCOM 31<\/a><\/li>\n\t<li id=\"menu-item-56942\" class=\"menu-item menu-item-type-post_type menu-item-object-page menu-item-56942\"><a href=\"https:\/\/www.accretech.eu\/pl\/produkty\/przemyslowa-technika-pomiarowa\/rondcom-41\/\">RONDCOM 41<\/a><\/li>\n\t<li id=\"menu-item-56943\" class=\"menu-item menu-item-type-post_type menu-item-object-page menu-item-56943\"><a href=\"https:\/\/www.accretech.eu\/pl\/produkty\/przemyslowa-technika-pomiarowa\/rondcom-43\/\">RONDCOM 43<\/a><\/li>\n\t<li id=\"menu-item-56944\" class=\"menu-item menu-item-type-post_type menu-item-object-page menu-item-56944\"><a href=\"https:\/\/www.accretech.eu\/pl\/produkty\/przemyslowa-technika-pomiarowa\/rondcom-nex-100\/\">RONDCOM NEX 100<\/a><\/li>\n<\/ul>\n<\/li>\n<li id=\"menu-item-58064\" class=\"menu-item menu-item-type-custom menu-item-object-custom menu-item-has-children menu-item-58064\"><a href=\"#\">Urz\u0105dzenia z manualn\u0105 kolumn\u0105<\/a>\n<ul class=\"sub-menu\">\n\t<li id=\"menu-item-57018\" class=\"menu-item menu-item-type-post_type menu-item-object-page menu-item-57018\"><a href=\"https:\/\/www.accretech.eu\/pl\/produkty\/przemyslowa-technika-pomiarowa\/rondcom-touch\/\">RONDCOM TOUCH<\/a><\/li>\n<\/ul>\n<\/li>\n<li id=\"menu-item-57022\" class=\"menu-item menu-item-type-post_type menu-item-object-page menu-item-57022\"><a href=\"https:\/\/www.accretech.eu\/pl\/?page_id=23710\">ACCTee oprogramowanie dla przyrz\u0105d\u00f3w do pomiaru kszta\u0142tu<\/a><\/li>\n<li id=\"menu-item-58065\" class=\"menu-item menu-item-type-custom menu-item-object-custom menu-item-has-children menu-item-58065\"><a href=\"#\">W pe\u0142ni automatyczne urz\u0105dzenia do du\u017cych i ci\u0119\u017ckich obrabianych element\u00f3w<\/a>\n<ul class=\"sub-menu\">\n\t<li id=\"menu-item-57019\" class=\"menu-item menu-item-type-post_type menu-item-object-page menu-item-57019\"><a href=\"https:\/\/www.accretech.eu\/pl\/produkty\/przemyslowa-technika-pomiarowa\/rondcom-73\/\">RONDCOM 73<\/a><\/li>\n\t<li id=\"menu-item-57020\" class=\"menu-item menu-item-type-post_type menu-item-object-page menu-item-57020\"><a href=\"https:\/\/www.accretech.eu\/pl\/produkty\/przemyslowa-technika-pomiarowa\/rondcom-76\/\">RONDCOM 76<\/a><\/li>\n<\/ul>\n<\/li>\n<\/ul><\/div><\/div><\/div><\/div>\n<\/div><\/div><\/div>\n","protected":false},"excerpt":{"rendered":"<p>Bardzo precyzyjne urz\u0105dzenie do pomiaru okr\u0105g\u0142o\u015bci do obrabianych element\u00f3w o du\u017cej obj\u0119to\u015bci<\/p>\n","protected":false},"author":1,"featured_media":0,"parent":31008,"menu_order":0,"comment_status":"closed","ping_status":"closed","template":"","meta":{"footnotes":""},"filter_category":[],"filter_measurements":[],"class_list":["post-31090","page","type-page","status-publish","hentry"],"acf":[],"yoast_head":"<!-- This site is optimized with the Yoast SEO Premium plugin v26.1 (Yoast SEO v26.1.1) - https:\/\/yoast.com\/wordpress\/plugins\/seo\/ -->\n<title>RONDCOM 55 - ACCRETECH (Europe)<\/title>\n<meta name=\"robots\" content=\"index, follow, max-snippet:-1, max-image-preview:large, max-video-preview:-1\" \/>\n<link rel=\"canonical\" href=\"https:\/\/www.accretech.eu\/pl\/produkty\/przemyslowa-technika-pomiarowa\/mierniki-ksztaltow\/rondcom-55\/\" \/>\n<meta property=\"og:locale\" content=\"pl_PL\" \/>\n<meta property=\"og:type\" content=\"article\" \/>\n<meta property=\"og:title\" content=\"RONDCOM 55\" \/>\n<meta property=\"og:description\" content=\"Bardzo precyzyjne urz\u0105dzenie do pomiaru okr\u0105g\u0142o\u015bci do obrabianych element\u00f3w o du\u017cej obj\u0119to\u015bci\" \/>\n<meta property=\"og:url\" content=\"https:\/\/www.accretech.eu\/pl\/produkty\/przemyslowa-technika-pomiarowa\/mierniki-ksztaltow\/rondcom-55\/\" \/>\n<meta property=\"og:site_name\" content=\"ACCRETECH (Europe)\" \/>\n<meta property=\"article:modified_time\" content=\"2021-12-03T12:19:33+00:00\" \/>\n<meta name=\"twitter:card\" content=\"summary_large_image\" \/>\n<meta name=\"twitter:label1\" content=\"Szacowany czas czytania\" \/>\n\t<meta name=\"twitter:data1\" content=\"6 minut\" \/>\n<script type=\"application\/ld+json\" class=\"yoast-schema-graph\">{\"@context\":\"https:\/\/schema.org\",\"@graph\":[{\"@type\":\"WebPage\",\"@id\":\"https:\/\/www.accretech.eu\/pl\/produkty\/przemyslowa-technika-pomiarowa\/mierniki-ksztaltow\/rondcom-55\/\",\"url\":\"https:\/\/www.accretech.eu\/pl\/produkty\/przemyslowa-technika-pomiarowa\/mierniki-ksztaltow\/rondcom-55\/\",\"name\":\"RONDCOM 55 - ACCRETECH (Europe)\",\"isPartOf\":{\"@id\":\"https:\/\/www.accretech.eu\/it\/#website\"},\"datePublished\":\"2017-03-25T21:10:31+00:00\",\"dateModified\":\"2021-12-03T12:19:33+00:00\",\"breadcrumb\":{\"@id\":\"https:\/\/www.accretech.eu\/pl\/produkty\/przemyslowa-technika-pomiarowa\/mierniki-ksztaltow\/rondcom-55\/#breadcrumb\"},\"inLanguage\":\"pl-PL\",\"potentialAction\":[{\"@type\":\"ReadAction\",\"target\":[\"https:\/\/www.accretech.eu\/pl\/produkty\/przemyslowa-technika-pomiarowa\/mierniki-ksztaltow\/rondcom-55\/\"]}]},{\"@type\":\"BreadcrumbList\",\"@id\":\"https:\/\/www.accretech.eu\/pl\/produkty\/przemyslowa-technika-pomiarowa\/mierniki-ksztaltow\/rondcom-55\/#breadcrumb\",\"itemListElement\":[{\"@type\":\"ListItem\",\"position\":1,\"name\":\"Startseite\",\"item\":\"https:\/\/www.accretech.eu\/pl\/home-2\/\"},{\"@type\":\"ListItem\",\"position\":2,\"name\":\"Produkty\",\"item\":\"https:\/\/www.accretech.eu\/pl\/produkty\/\"},{\"@type\":\"ListItem\",\"position\":3,\"name\":\"Przemys\u0142owa technika pomiarowa\",\"item\":\"https:\/\/www.accretech.eu\/pl\/produkty\/przemyslowa-technika-pomiarowa\/\"},{\"@type\":\"ListItem\",\"position\":4,\"name\":\"RONDCOM 55\"}]},{\"@type\":\"WebSite\",\"@id\":\"https:\/\/www.accretech.eu\/it\/#website\",\"url\":\"https:\/\/www.accretech.eu\/it\/\",\"name\":\"ACCRETECH (Europe)\",\"description\":\"\",\"publisher\":{\"@id\":\"https:\/\/www.accretech.eu\/it\/#organization\"},\"potentialAction\":[{\"@type\":\"SearchAction\",\"target\":{\"@type\":\"EntryPoint\",\"urlTemplate\":\"https:\/\/www.accretech.eu\/it\/?s={search_term_string}\"},\"query-input\":{\"@type\":\"PropertyValueSpecification\",\"valueRequired\":true,\"valueName\":\"search_term_string\"}}],\"inLanguage\":\"pl-PL\"},{\"@type\":\"Organization\",\"@id\":\"https:\/\/www.accretech.eu\/it\/#organization\",\"name\":\"ACCRETECH (Europe) GmbH\",\"url\":\"https:\/\/www.accretech.eu\/it\/\",\"logo\":{\"@type\":\"ImageObject\",\"inLanguage\":\"pl-PL\",\"@id\":\"https:\/\/www.accretech.eu\/it\/#\/schema\/logo\/image\/\",\"url\":\"https:\/\/www.accretech.eu\/wp-content\/uploads\/2016\/10\/accretech-europe_logo.png\",\"contentUrl\":\"https:\/\/www.accretech.eu\/wp-content\/uploads\/2016\/10\/accretech-europe_logo.png\",\"width\":312,\"height\":42,\"caption\":\"ACCRETECH (Europe) GmbH\"},\"image\":{\"@id\":\"https:\/\/www.accretech.eu\/it\/#\/schema\/logo\/image\/\"}}]}<\/script>\n<!-- \/ Yoast SEO Premium plugin. -->","yoast_head_json":{"title":"RONDCOM 55 - ACCRETECH (Europe)","robots":{"index":"index","follow":"follow","max-snippet":"max-snippet:-1","max-image-preview":"max-image-preview:large","max-video-preview":"max-video-preview:-1"},"canonical":"https:\/\/www.accretech.eu\/pl\/produkty\/przemyslowa-technika-pomiarowa\/mierniki-ksztaltow\/rondcom-55\/","og_locale":"pl_PL","og_type":"article","og_title":"RONDCOM 55","og_description":"Bardzo precyzyjne urz\u0105dzenie do pomiaru okr\u0105g\u0142o\u015bci do obrabianych element\u00f3w o du\u017cej obj\u0119to\u015bci","og_url":"https:\/\/www.accretech.eu\/pl\/produkty\/przemyslowa-technika-pomiarowa\/mierniki-ksztaltow\/rondcom-55\/","og_site_name":"ACCRETECH (Europe)","article_modified_time":"2021-12-03T12:19:33+00:00","twitter_card":"summary_large_image","twitter_misc":{"Szacowany czas czytania":"6 minut"},"schema":{"@context":"https:\/\/schema.org","@graph":[{"@type":"WebPage","@id":"https:\/\/www.accretech.eu\/pl\/produkty\/przemyslowa-technika-pomiarowa\/mierniki-ksztaltow\/rondcom-55\/","url":"https:\/\/www.accretech.eu\/pl\/produkty\/przemyslowa-technika-pomiarowa\/mierniki-ksztaltow\/rondcom-55\/","name":"RONDCOM 55 - ACCRETECH (Europe)","isPartOf":{"@id":"https:\/\/www.accretech.eu\/it\/#website"},"datePublished":"2017-03-25T21:10:31+00:00","dateModified":"2021-12-03T12:19:33+00:00","breadcrumb":{"@id":"https:\/\/www.accretech.eu\/pl\/produkty\/przemyslowa-technika-pomiarowa\/mierniki-ksztaltow\/rondcom-55\/#breadcrumb"},"inLanguage":"pl-PL","potentialAction":[{"@type":"ReadAction","target":["https:\/\/www.accretech.eu\/pl\/produkty\/przemyslowa-technika-pomiarowa\/mierniki-ksztaltow\/rondcom-55\/"]}]},{"@type":"BreadcrumbList","@id":"https:\/\/www.accretech.eu\/pl\/produkty\/przemyslowa-technika-pomiarowa\/mierniki-ksztaltow\/rondcom-55\/#breadcrumb","itemListElement":[{"@type":"ListItem","position":1,"name":"Startseite","item":"https:\/\/www.accretech.eu\/pl\/home-2\/"},{"@type":"ListItem","position":2,"name":"Produkty","item":"https:\/\/www.accretech.eu\/pl\/produkty\/"},{"@type":"ListItem","position":3,"name":"Przemys\u0142owa technika pomiarowa","item":"https:\/\/www.accretech.eu\/pl\/produkty\/przemyslowa-technika-pomiarowa\/"},{"@type":"ListItem","position":4,"name":"RONDCOM 55"}]},{"@type":"WebSite","@id":"https:\/\/www.accretech.eu\/it\/#website","url":"https:\/\/www.accretech.eu\/it\/","name":"ACCRETECH (Europe)","description":"","publisher":{"@id":"https:\/\/www.accretech.eu\/it\/#organization"},"potentialAction":[{"@type":"SearchAction","target":{"@type":"EntryPoint","urlTemplate":"https:\/\/www.accretech.eu\/it\/?s={search_term_string}"},"query-input":{"@type":"PropertyValueSpecification","valueRequired":true,"valueName":"search_term_string"}}],"inLanguage":"pl-PL"},{"@type":"Organization","@id":"https:\/\/www.accretech.eu\/it\/#organization","name":"ACCRETECH (Europe) GmbH","url":"https:\/\/www.accretech.eu\/it\/","logo":{"@type":"ImageObject","inLanguage":"pl-PL","@id":"https:\/\/www.accretech.eu\/it\/#\/schema\/logo\/image\/","url":"https:\/\/www.accretech.eu\/wp-content\/uploads\/2016\/10\/accretech-europe_logo.png","contentUrl":"https:\/\/www.accretech.eu\/wp-content\/uploads\/2016\/10\/accretech-europe_logo.png","width":312,"height":42,"caption":"ACCRETECH (Europe) GmbH"},"image":{"@id":"https:\/\/www.accretech.eu\/it\/#\/schema\/logo\/image\/"}}]}},"_links":{"self":[{"href":"https:\/\/www.accretech.eu\/pl\/wp-json\/wp\/v2\/pages\/31090","targetHints":{"allow":["GET"]}}],"collection":[{"href":"https:\/\/www.accretech.eu\/pl\/wp-json\/wp\/v2\/pages"}],"about":[{"href":"https:\/\/www.accretech.eu\/pl\/wp-json\/wp\/v2\/types\/page"}],"author":[{"embeddable":true,"href":"https:\/\/www.accretech.eu\/pl\/wp-json\/wp\/v2\/users\/1"}],"replies":[{"embeddable":true,"href":"https:\/\/www.accretech.eu\/pl\/wp-json\/wp\/v2\/comments?post=31090"}],"version-history":[{"count":0,"href":"https:\/\/www.accretech.eu\/pl\/wp-json\/wp\/v2\/pages\/31090\/revisions"}],"up":[{"embeddable":true,"href":"https:\/\/www.accretech.eu\/pl\/wp-json\/wp\/v2\/pages\/31008"}],"wp:attachment":[{"href":"https:\/\/www.accretech.eu\/pl\/wp-json\/wp\/v2\/media?parent=31090"}],"wp:term":[{"taxonomy":"filter_category","embeddable":true,"href":"https:\/\/www.accretech.eu\/pl\/wp-json\/wp\/v2\/filter_category?post=31090"},{"taxonomy":"filter_measurements","embeddable":true,"href":"https:\/\/www.accretech.eu\/pl\/wp-json\/wp\/v2\/filter_measurements?post=31090"}],"curies":[{"name":"wp","href":"https:\/\/api.w.org\/{rel}","templated":true}]}}