{"id":31104,"date":"2017-03-25T22:32:13","date_gmt":"2017-03-25T21:32:13","guid":{"rendered":"https:\/\/acc-clone.max2.dev\/?page_id=31104"},"modified":"2021-12-03T13:18:53","modified_gmt":"2021-12-03T12:18:53","slug":"rondcom-31","status":"publish","type":"page","link":"https:\/\/www.accretech.eu\/pl\/produkty\/przemyslowa-technika-pomiarowa\/rondcom-31\/","title":{"rendered":"RONDCOM 31"},"content":{"rendered":"<\/div><\/div><\/div><!-- close content main div --><\/div><\/div><div id='standard-grid'  class='av-layout-grid-container av-128qsy5-caa813792010a1361dfb689c6cd39231 entry-content-wrapper main_color av-flex-cells  container_wrap fullsize'  >\n\n<style type=\"text\/css\" data-created_by=\"avia_inline_auto\" id=\"style-css-av-110bni5-46a54a58df97b4aa6b3fb89360fa2da7\">\n.flex_cell.av-110bni5-46a54a58df97b4aa6b3fb89360fa2da7{\nvertical-align:top;\n}\n.responsive #top #wrap_all .flex_cell.av-110bni5-46a54a58df97b4aa6b3fb89360fa2da7{\npadding:0px 20px 0px 0px !important;\n}\n<\/style>\n<div class='flex_cell av-110bni5-46a54a58df97b4aa6b3fb89360fa2da7 av-gridrow-cell av_two_third no_margin' ><div class='flex_cell_inner'><p>\n<style type=\"text\/css\" data-created_by=\"avia_inline_auto\" id=\"style-css-av-100xfl9-ebc251f92fd13aadc7774d3831670b88\">\n.flex_column.av-100xfl9-ebc251f92fd13aadc7774d3831670b88{\n-webkit-border-radius:0px 0px 0px 0px;\n-moz-border-radius:0px 0px 0px 0px;\nborder-radius:0px 0px 0px 0px;\npadding:0px 0px 0px 0px;\n}\n<\/style>\n<div class='flex_column av-100xfl9-ebc251f92fd13aadc7774d3831670b88 av_one_full first no_margin flex_column_div av-zero-column-padding '     ><\/div>\n<style type=\"text\/css\" data-created_by=\"avia_inline_auto\" id=\"style-css-av-vrqtct-ea1294cd2515f48774393904566608ec\">\n#top .flex_column.av-vrqtct-ea1294cd2515f48774393904566608ec{\nmargin-top:30px;\nmargin-bottom:0px;\n}\n.flex_column.av-vrqtct-ea1294cd2515f48774393904566608ec{\n-webkit-border-radius:0px 0px 0px 0px;\n-moz-border-radius:0px 0px 0px 0px;\nborder-radius:0px 0px 0px 0px;\npadding:0px 0px 0px 0px;\n}\n.responsive #top #wrap_all .flex_column.av-vrqtct-ea1294cd2515f48774393904566608ec{\nmargin-top:30px;\nmargin-bottom:0px;\n}\n<\/style>\n<div class='flex_column av-vrqtct-ea1294cd2515f48774393904566608ec av_one_half first no_margin flex_column_div av-zero-column-padding '     ><section  class='av_textblock_section av-v9ydst-913c38223d8d5f7561047d43a9e068c3'  itemscope=\"itemscope\" itemtype=\"https:\/\/schema.org\/CreativeWork\" ><div class='avia_textblock'  itemprop=\"text\" ><h1><span style=\"color: #154194; font-size: 36px; font-family: frutiger;\">RONDCOM 31<\/span><\/h1>\n<h2>Bardzo precyzyjny polarny pomiar kszta\u0142t\u00f3w z du\u017cym zakresem pomiarowym<\/h2>\n<\/div><\/section><br \/>\n\n<style type=\"text\/css\" data-created_by=\"avia_inline_auto\" id=\"style-css-av-tjq5nh-a329f76fec65ed81a0bebe8b200966a3\">\n#top .av_textblock_section.av-tjq5nh-a329f76fec65ed81a0bebe8b200966a3 .avia_textblock{\nfont-size:16px;\n}\n<\/style>\n<section  class='av_textblock_section av-tjq5nh-a329f76fec65ed81a0bebe8b200966a3'  itemscope=\"itemscope\" itemtype=\"https:\/\/schema.org\/CreativeWork\" ><div class='avia_textblock'  itemprop=\"text\" ><div style=\"line-height: 15px; margin-top: 30px;\">Wspomagane programowo ustawienie obrabianego elementu<br \/>\n\n<style type=\"text\/css\" data-created_by=\"avia_inline_auto\" id=\"style-css-av-r2zhxp-af747c5c25b88dc8191372f2d24e4fb9\">\n#top .hr.av-r2zhxp-af747c5c25b88dc8191372f2d24e4fb9{\nmargin-top:0px;\nmargin-bottom:0px;\n}\n.hr.av-r2zhxp-af747c5c25b88dc8191372f2d24e4fb9 .hr-inner{\nwidth:90%;\nborder-color:#d2d2d2;\n}\n<\/style>\n<div  class='hr av-r2zhxp-af747c5c25b88dc8191372f2d24e4fb9 hr-custom hr-left hr-icon-no'><span class='hr-inner inner-border-av-border-thin'><span class=\"hr-inner-style\"><\/span><\/span><\/div><br \/>\nZakres pomiarowy do 250 mm \u015brednicy zewn\u0119trznej<br \/>\n\n<style type=\"text\/css\" data-created_by=\"avia_inline_auto\" id=\"style-css-av-phvtb1-51ab769e5522d77a9f54ad1f45e5ca97\">\n#top .hr.av-phvtb1-51ab769e5522d77a9f54ad1f45e5ca97{\nmargin-top:0px;\nmargin-bottom:0px;\n}\n.hr.av-phvtb1-51ab769e5522d77a9f54ad1f45e5ca97 .hr-inner{\nwidth:90%;\nborder-color:#d2d2d2;\n}\n<\/style>\n<div  class='hr av-phvtb1-51ab769e5522d77a9f54ad1f45e5ca97 hr-custom hr-left hr-icon-no'><span class='hr-inner inner-border-av-border-thin'><span class=\"hr-inner-style\"><\/span><\/span><\/div><br \/>\nDok\u0142adno\u015b\u0107 obrotowa: (0,04 + 6 H\/10 000) \u00b5m<br \/>\n\n<style type=\"text\/css\" data-created_by=\"avia_inline_auto\" id=\"style-css-av-o0st0d-486a29028cdcebbe6e6a819aa8f29264\">\n#top .hr.av-o0st0d-486a29028cdcebbe6e6a819aa8f29264{\nmargin-top:0px;\nmargin-bottom:0px;\n}\n.hr.av-o0st0d-486a29028cdcebbe6e6a819aa8f29264 .hr-inner{\nwidth:90%;\nborder-color:#d2d2d2;\n}\n<\/style>\n<div  class='hr av-o0st0d-486a29028cdcebbe6e6a819aa8f29264 hr-custom hr-left hr-icon-no'><span class='hr-inner inner-border-av-border-thin'><span class=\"hr-inner-style\"><\/span><\/span><\/div><\/div>\n<\/div><\/section><\/p><\/div>\n<style type=\"text\/css\" data-created_by=\"avia_inline_auto\" id=\"style-css-av-26mc4d-9dff1b3d76a51f46a2264f3501459afb\">\n#top .flex_column.av-26mc4d-9dff1b3d76a51f46a2264f3501459afb{\nmargin-top:0px;\nmargin-bottom:0px;\n}\n.flex_column.av-26mc4d-9dff1b3d76a51f46a2264f3501459afb{\n-webkit-border-radius:0px 0px 0px 0px;\n-moz-border-radius:0px 0px 0px 0px;\nborder-radius:0px 0px 0px 0px;\npadding:30px 30px 30px 30px;\n}\n.responsive #top #wrap_all .flex_column.av-26mc4d-9dff1b3d76a51f46a2264f3501459afb{\nmargin-top:0px;\nmargin-bottom:0px;\n}\n<\/style>\n<div class='flex_column av-26mc4d-9dff1b3d76a51f46a2264f3501459afb av_one_half no_margin flex_column_div '     ><style type=\"text\/css\" data-created_by=\"avia_inline_auto\" id=\"style-css-av-kbxpnh-3667bfdbb432c3c2d3cde92f0586ad8c\">\n.avia-image-container.av-kbxpnh-3667bfdbb432c3c2d3cde92f0586ad8c img.avia_image{\nbox-shadow:none;\n}\n.avia-image-container.av-kbxpnh-3667bfdbb432c3c2d3cde92f0586ad8c .av-image-caption-overlay-center{\ncolor:#ffffff;\n}\n<\/style>\n<div  class='avia-image-container av-kbxpnh-3667bfdbb432c3c2d3cde92f0586ad8c av-styling- av-hover-grow avia-align-center'   itemprop=\"image\" itemscope=\"itemscope\" itemtype=\"https:\/\/schema.org\/ImageObject\" ><div class=\"avia-image-container-inner\"><div class=\"avia-image-overlay-wrap\"><img decoding=\"async\" class='wp-image-15069 avia-img-lazy-loading-not-15069 avia_image ' src=\"https:\/\/www.accretech.eu\/wp-content\/uploads\/2017\/03\/ACCRTECH-GmbH-Produkte-Industrielle-Messtechnik-Rondcom31C-288x300.png\" alt='' title='ACCRTECH GmbH - Produkte - Industrielle Messtechnik Rondcom31C'  height=\"300\" width=\"288\"  itemprop=\"thumbnailUrl\" srcset=\"https:\/\/www.accretech.eu\/wp-content\/uploads\/2017\/03\/ACCRTECH-GmbH-Produkte-Industrielle-Messtechnik-Rondcom31C-288x300.png 288w, https:\/\/www.accretech.eu\/wp-content\/uploads\/2017\/03\/ACCRTECH-GmbH-Produkte-Industrielle-Messtechnik-Rondcom31C-450x469.png 450w, https:\/\/www.accretech.eu\/wp-content\/uploads\/2017\/03\/ACCRTECH-GmbH-Produkte-Industrielle-Messtechnik-Rondcom31C.png 624w\" sizes=\"(max-width: 288px) 100vw, 288px\" \/><\/div><\/div><\/div><\/div>\n<style type=\"text\/css\" data-created_by=\"avia_inline_auto\" id=\"style-css-av-ifqxql-329e44db081deb9bdd170098998c200d\">\n#top .flex_column.av-ifqxql-329e44db081deb9bdd170098998c200d{\nmargin-top:30px;\nmargin-bottom:0px;\n}\n.flex_column.av-ifqxql-329e44db081deb9bdd170098998c200d{\n-webkit-border-radius:0px 0px 0px 0px;\n-moz-border-radius:0px 0px 0px 0px;\nborder-radius:0px 0px 0px 0px;\npadding:0px 0px 0px 0px;\n}\n.responsive #top #wrap_all .flex_column.av-ifqxql-329e44db081deb9bdd170098998c200d{\nmargin-top:30px;\nmargin-bottom:0px;\n}\n<\/style>\n<div class='flex_column av-ifqxql-329e44db081deb9bdd170098998c200d av_one_full first no_margin flex_column_div av-zero-column-padding '     ><section  class='av_textblock_section av-hhrat9-12285700de09e077ffac03d4f9cbdac9'  itemscope=\"itemscope\" itemtype=\"https:\/\/schema.org\/CreativeWork\" ><div class='avia_textblock'  itemprop=\"text\" ><ul style=\"line-height: 17px;\">\n<li><span style=\"font-family: f45;\">Wysokiej jako\u015bci osie z \u0142o\u017cyskowanym pneumatycznie sto\u0142em obrotowym, opcjonalnie kolumna Z, o wysoko\u015bci 500 mm <\/span><\/li>\n<li><span style=\"font-family: f45;\">Zakres pomiarowy i si\u0142a pomiaru dotykowego regulowane w spos\u00f3b zmienny <\/span><\/li>\n<li><span style=\"font-family: f45;\">Analiza CNC z wydrukiem <\/span><\/li>\n<li><span style=\"font-family: f45;\">Oprogramowanie pomiarowe ACCTee z funkcjami pomocniczymi do centrowania i poziomowania <\/span><\/li>\n<li><span style=\"font-family: f45;\">Obrabiane elementy do maks. 25 kg<\/span><\/li>\n<\/ul>\n<\/div><\/section><\/div>\n<style type=\"text\/css\" data-created_by=\"avia_inline_auto\" id=\"style-css-av-eo9yr1-f5451f83408386718bfbc2be5e5f815b\">\n#top .flex_column.av-eo9yr1-f5451f83408386718bfbc2be5e5f815b{\nmargin-top:0px;\nmargin-bottom:0px;\n}\n.flex_column.av-eo9yr1-f5451f83408386718bfbc2be5e5f815b{\n-webkit-border-radius:0px 0px 0px 0px;\n-moz-border-radius:0px 0px 0px 0px;\nborder-radius:0px 0px 0px 0px;\npadding:15px 15px 15px 15px;\nbackground-color:#c9deed;\n}\n.responsive #top #wrap_all .flex_column.av-eo9yr1-f5451f83408386718bfbc2be5e5f815b{\nmargin-top:0px;\nmargin-bottom:0px;\n}\n<\/style>\n<div class='flex_column av-eo9yr1-f5451f83408386718bfbc2be5e5f815b av_one_full first no_margin flex_column_div '     ><section  class='av_textblock_section av-c5x09p-9911dd3d4e34120858ef4dd77156f9a1'  itemscope=\"itemscope\" itemtype=\"https:\/\/schema.org\/CreativeWork\" ><div class='avia_textblock'  itemprop=\"text\" ><p><span style=\"font-family: frutiger; font-size: 20px;\">Zakres zastosowa\u0144<\/span><br \/>\n<span style=\"font-family: f45;\">RONDCOM 31 jest przeznaczony do szybkiego, \u0142atwego i precyzyjnego wykonywania zada\u0144 zwi\u0105zanych z pomiarem kszta\u0142t\u00f3w, takich jak pomiar parametr\u00f3w polarnych, okr\u0105g\u0142o\u015bci, r\u00f3wno\u015bci, wsp\u00f3\u0142osiowo\u015bci, koncentryczno\u015bci itp.<\/span><\/p>\n<\/div><\/section><\/div>\n<style type=\"text\/css\" data-created_by=\"avia_inline_auto\" id=\"style-css-av-kwqa91yn-5af44fbae640baa626171cc76b4f5f8d\">\n#top .flex_column.av-kwqa91yn-5af44fbae640baa626171cc76b4f5f8d{\nmargin-top:30px;\nmargin-bottom:20px;\n}\n.flex_column.av-kwqa91yn-5af44fbae640baa626171cc76b4f5f8d{\n-webkit-border-radius:0px 0px 0px 0px;\n-moz-border-radius:0px 0px 0px 0px;\nborder-radius:0px 0px 0px 0px;\npadding:0px 0px 0px 0px;\n}\n.responsive #top #wrap_all .flex_column.av-kwqa91yn-5af44fbae640baa626171cc76b4f5f8d{\nmargin-top:30px;\nmargin-bottom:20px;\n}\n<\/style>\n<div class='flex_column av-kwqa91yn-5af44fbae640baa626171cc76b4f5f8d av_one_half first flex_column_div av-zero-column-padding '     ><div  class='avia-button-wrap av-kwqct8by-1fcebae55471eff9ab37837dfd43c9bb-wrap avia-button-left  new-home-button-big custom-icon'>\n<style type=\"text\/css\" data-created_by=\"avia_inline_auto\" id=\"style-css-av-kwqct8by-1fcebae55471eff9ab37837dfd43c9bb\">\n#top #wrap_all .avia-button.av-kwqct8by-1fcebae55471eff9ab37837dfd43c9bb{\nbackground-color:#154194;\nborder-color:#154194;\ncolor:#ffffff;\n-webkit-transition:all 0.4s ease-in-out;\n-moz-transition:all 0.4s ease-in-out;\n-ms-transition:all 0.4s ease-in-out;\n-o-transition:all 0.4s ease-in-out;\ntransition:all 0.4s ease-in-out;\n}\n<\/style>\n<a href='https:\/\/www.accretech.eu\/pl\/kontakt-i-wsparcie\/kontakt\/?fom=pl&amp;interest=Przemys%C5%82owa%20technika%20pomiarowa&amp;_sfm_bereich=Przemys%C5%82owa%20technika%20pomiarowa'  class='avia-button av-kwqct8by-1fcebae55471eff9ab37837dfd43c9bb avia-icon_select-yes-left-icon avia-size-large avia-position-left'  target=\"_blank\"  rel=\"noopener noreferrer\" ><span class='avia_button_icon avia_button_icon_left' aria-hidden='true' data-av_icon='\ue805' data-av_iconfont='entypo-fontello'><\/span><span class='avia_iconbox_title' >Zapytaj o wycen\u0119<\/span><\/a><\/div><\/div><\/p>\n<\/div><\/div>\n<style type=\"text\/css\" data-created_by=\"avia_inline_auto\" id=\"style-css-av-9s4vfh-4bba23755b739fef3452921bce41007c\">\n.flex_cell.av-9s4vfh-4bba23755b739fef3452921bce41007c{\nvertical-align:top;\n}\n.responsive #top #wrap_all .flex_cell.av-9s4vfh-4bba23755b739fef3452921bce41007c{\npadding:15px 0px 0px 0px !important;\n}\n<\/style>\n<div class='flex_cell av-9s4vfh-4bba23755b739fef3452921bce41007c av-gridrow-cell av_one_third no_margin' ><div class='flex_cell_inner'>\n<style type=\"text\/css\" data-created_by=\"avia_inline_auto\" id=\"style-css-av-6x23gt-c6d103a8b084557433902fb0d6233951\">\n.flex_column.av-6x23gt-c6d103a8b084557433902fb0d6233951{\n-webkit-border-radius:0px 0px 0px 0px;\n-moz-border-radius:0px 0px 0px 0px;\nborder-radius:0px 0px 0px 0px;\npadding:0px 0px 0px 0px;\nbackground-color:#154194;\n}\n<\/style>\n<div class='flex_column av-6x23gt-c6d103a8b084557433902fb0d6233951 av_one_full first no_margin flex_column_div av-hide-on-mobile av-zero-column-padding '     ><div  class='avia-builder-widget-area clearfix '><div id=\"nav_menu-31\" class=\"widget-odd widget-last widget-first widget-1 widget clearfix widget_nav_menu\"><div class=\"menu-neu-industrial-met-form-sub-englisch-polnisch-container\"><ul id=\"menu-neu-industrial-met-form-sub-englisch-polnisch\" class=\"menu\"><li id=\"menu-item-58062\" class=\"menu-item menu-item-type-custom menu-item-object-custom menu-item-has-children menu-item-58062\"><a href=\"#\">W pe\u0142ni automatyczne urz\u0105dzenia z automatycznym ustawieniem obrabianego elementu<\/a>\n<ul class=\"sub-menu\">\n\t<li id=\"menu-item-56935\" class=\"menu-item menu-item-type-post_type menu-item-object-page menu-item-56935\"><a href=\"https:\/\/www.accretech.eu\/pl\/produkty\/przemyslowa-technika-pomiarowa\/rondcom-55\/\">RONDCOM 55<\/a><\/li>\n\t<li id=\"menu-item-56936\" class=\"menu-item menu-item-type-post_type menu-item-object-page menu-item-56936\"><a href=\"https:\/\/www.accretech.eu\/pl\/produkty\/przemyslowa-technika-pomiarowa\/rondcom-60\/\">RONDCOM 60<\/a><\/li>\n\t<li id=\"menu-item-56937\" class=\"menu-item menu-item-type-post_type menu-item-object-page menu-item-56937\"><a href=\"https:\/\/www.accretech.eu\/pl\/produkty\/przemyslowa-technika-pomiarowa\/rondcom-65\/\">RONDCOM 65<\/a><\/li>\n\t<li id=\"menu-item-56938\" class=\"menu-item menu-item-type-post_type menu-item-object-page menu-item-56938\"><a href=\"https:\/\/www.accretech.eu\/pl\/produkty\/przemyslowa-technika-pomiarowa\/rondcom-nex-rs-200-300\/\">RONDCOM NEX RS 200\/300<\/a><\/li>\n\t<li id=\"menu-item-56939\" class=\"menu-item menu-item-type-post_type menu-item-object-page menu-item-56939\"><a href=\"https:\/\/www.accretech.eu\/pl\/rondcom-nex-200-300\/\">RONDCOM NEX 200\/300<\/a><\/li>\n\t<li id=\"menu-item-56940\" class=\"menu-item menu-item-type-post_type menu-item-object-page menu-item-56940\"><a href=\"https:\/\/www.accretech.eu\/pl\/rondcom-crest\/\">RONDCOM CREST<\/a><\/li>\n<\/ul>\n<\/li>\n<li id=\"menu-item-58063\" class=\"menu-item menu-item-type-custom menu-item-object-custom menu-item-has-children menu-item-58063\"><a href=\"#\">Automatyczne urz\u0105dzenia z manualnym ustawieniem obrabianych element\u00f3w<\/a>\n<ul class=\"sub-menu\">\n\t<li id=\"menu-item-56941\" class=\"menu-item menu-item-type-post_type menu-item-object-page menu-item-56941\"><a href=\"https:\/\/www.accretech.eu\/pl\/produkty\/przemyslowa-technika-pomiarowa\/rondcom-31\/\">RONDCOM 31<\/a><\/li>\n\t<li id=\"menu-item-56942\" class=\"menu-item menu-item-type-post_type menu-item-object-page menu-item-56942\"><a href=\"https:\/\/www.accretech.eu\/pl\/produkty\/przemyslowa-technika-pomiarowa\/rondcom-41\/\">RONDCOM 41<\/a><\/li>\n\t<li id=\"menu-item-56943\" class=\"menu-item menu-item-type-post_type menu-item-object-page menu-item-56943\"><a href=\"https:\/\/www.accretech.eu\/pl\/produkty\/przemyslowa-technika-pomiarowa\/rondcom-43\/\">RONDCOM 43<\/a><\/li>\n\t<li id=\"menu-item-56944\" class=\"menu-item menu-item-type-post_type menu-item-object-page menu-item-56944\"><a href=\"https:\/\/www.accretech.eu\/pl\/produkty\/przemyslowa-technika-pomiarowa\/rondcom-nex-100\/\">RONDCOM NEX 100<\/a><\/li>\n<\/ul>\n<\/li>\n<li id=\"menu-item-58064\" class=\"menu-item menu-item-type-custom menu-item-object-custom menu-item-has-children menu-item-58064\"><a href=\"#\">Urz\u0105dzenia z manualn\u0105 kolumn\u0105<\/a>\n<ul class=\"sub-menu\">\n\t<li id=\"menu-item-57018\" class=\"menu-item menu-item-type-post_type menu-item-object-page menu-item-57018\"><a href=\"https:\/\/www.accretech.eu\/pl\/produkty\/przemyslowa-technika-pomiarowa\/rondcom-touch\/\">RONDCOM TOUCH<\/a><\/li>\n<\/ul>\n<\/li>\n<li id=\"menu-item-57022\" class=\"menu-item menu-item-type-post_type menu-item-object-page menu-item-57022\"><a href=\"https:\/\/www.accretech.eu\/pl\/?page_id=23710\">ACCTee oprogramowanie dla przyrz\u0105d\u00f3w do pomiaru kszta\u0142tu<\/a><\/li>\n<li id=\"menu-item-58065\" class=\"menu-item menu-item-type-custom menu-item-object-custom menu-item-has-children menu-item-58065\"><a href=\"#\">W pe\u0142ni automatyczne urz\u0105dzenia do du\u017cych i ci\u0119\u017ckich obrabianych element\u00f3w<\/a>\n<ul class=\"sub-menu\">\n\t<li id=\"menu-item-57019\" class=\"menu-item menu-item-type-post_type menu-item-object-page menu-item-57019\"><a href=\"https:\/\/www.accretech.eu\/pl\/produkty\/przemyslowa-technika-pomiarowa\/rondcom-73\/\">RONDCOM 73<\/a><\/li>\n\t<li id=\"menu-item-57020\" class=\"menu-item menu-item-type-post_type menu-item-object-page menu-item-57020\"><a href=\"https:\/\/www.accretech.eu\/pl\/produkty\/przemyslowa-technika-pomiarowa\/rondcom-76\/\">RONDCOM 76<\/a><\/li>\n<\/ul>\n<\/li>\n<\/ul><\/div><\/div><\/div><\/div>\n<\/div><\/div><\/div>\n","protected":false},"excerpt":{"rendered":"<p>Bardzo precyzyjny polarny pomiar kszta\u0142t\u00f3w z du\u017cym zakresem pomiarowym<\/p>\n","protected":false},"author":1,"featured_media":0,"parent":31008,"menu_order":0,"comment_status":"closed","ping_status":"closed","template":"","meta":{"footnotes":""},"filter_category":[],"filter_measurements":[],"class_list":["post-31104","page","type-page","status-publish","hentry"],"acf":[],"yoast_head":"<!-- This site is optimized with the Yoast SEO Premium plugin v26.1 (Yoast SEO v26.1.1) - https:\/\/yoast.com\/wordpress\/plugins\/seo\/ -->\n<title>RONDCOM 31 - ACCRETECH (Europe)<\/title>\n<meta name=\"robots\" content=\"index, follow, max-snippet:-1, max-image-preview:large, max-video-preview:-1\" \/>\n<link rel=\"canonical\" href=\"https:\/\/www.accretech.eu\/pl\/produkty\/przemyslowa-technika-pomiarowa\/mierniki-ksztaltow\/rondcom-31\/\" \/>\n<meta property=\"og:locale\" content=\"pl_PL\" \/>\n<meta property=\"og:type\" content=\"article\" \/>\n<meta property=\"og:title\" content=\"RONDCOM 31\" \/>\n<meta property=\"og:description\" content=\"Bardzo precyzyjny polarny pomiar kszta\u0142t\u00f3w z du\u017cym zakresem pomiarowym\" \/>\n<meta property=\"og:url\" content=\"https:\/\/www.accretech.eu\/pl\/produkty\/przemyslowa-technika-pomiarowa\/mierniki-ksztaltow\/rondcom-31\/\" \/>\n<meta property=\"og:site_name\" content=\"ACCRETECH (Europe)\" \/>\n<meta property=\"article:modified_time\" content=\"2021-12-03T12:18:53+00:00\" \/>\n<meta name=\"twitter:card\" content=\"summary_large_image\" \/>\n<meta name=\"twitter:label1\" content=\"Szacowany czas czytania\" \/>\n\t<meta name=\"twitter:data1\" content=\"6 minut\" \/>\n<script type=\"application\/ld+json\" class=\"yoast-schema-graph\">{\"@context\":\"https:\/\/schema.org\",\"@graph\":[{\"@type\":\"WebPage\",\"@id\":\"https:\/\/www.accretech.eu\/pl\/produkty\/przemyslowa-technika-pomiarowa\/mierniki-ksztaltow\/rondcom-31\/\",\"url\":\"https:\/\/www.accretech.eu\/pl\/produkty\/przemyslowa-technika-pomiarowa\/mierniki-ksztaltow\/rondcom-31\/\",\"name\":\"RONDCOM 31 - ACCRETECH (Europe)\",\"isPartOf\":{\"@id\":\"https:\/\/www.accretech.eu\/it\/#website\"},\"datePublished\":\"2017-03-25T21:32:13+00:00\",\"dateModified\":\"2021-12-03T12:18:53+00:00\",\"breadcrumb\":{\"@id\":\"https:\/\/www.accretech.eu\/pl\/produkty\/przemyslowa-technika-pomiarowa\/mierniki-ksztaltow\/rondcom-31\/#breadcrumb\"},\"inLanguage\":\"pl-PL\",\"potentialAction\":[{\"@type\":\"ReadAction\",\"target\":[\"https:\/\/www.accretech.eu\/pl\/produkty\/przemyslowa-technika-pomiarowa\/mierniki-ksztaltow\/rondcom-31\/\"]}]},{\"@type\":\"BreadcrumbList\",\"@id\":\"https:\/\/www.accretech.eu\/pl\/produkty\/przemyslowa-technika-pomiarowa\/mierniki-ksztaltow\/rondcom-31\/#breadcrumb\",\"itemListElement\":[{\"@type\":\"ListItem\",\"position\":1,\"name\":\"Startseite\",\"item\":\"https:\/\/www.accretech.eu\/pl\/home-2\/\"},{\"@type\":\"ListItem\",\"position\":2,\"name\":\"Produkty\",\"item\":\"https:\/\/www.accretech.eu\/pl\/produkty\/\"},{\"@type\":\"ListItem\",\"position\":3,\"name\":\"Przemys\u0142owa technika pomiarowa\",\"item\":\"https:\/\/www.accretech.eu\/pl\/produkty\/przemyslowa-technika-pomiarowa\/\"},{\"@type\":\"ListItem\",\"position\":4,\"name\":\"RONDCOM 31\"}]},{\"@type\":\"WebSite\",\"@id\":\"https:\/\/www.accretech.eu\/it\/#website\",\"url\":\"https:\/\/www.accretech.eu\/it\/\",\"name\":\"ACCRETECH (Europe)\",\"description\":\"\",\"publisher\":{\"@id\":\"https:\/\/www.accretech.eu\/it\/#organization\"},\"potentialAction\":[{\"@type\":\"SearchAction\",\"target\":{\"@type\":\"EntryPoint\",\"urlTemplate\":\"https:\/\/www.accretech.eu\/it\/?s={search_term_string}\"},\"query-input\":{\"@type\":\"PropertyValueSpecification\",\"valueRequired\":true,\"valueName\":\"search_term_string\"}}],\"inLanguage\":\"pl-PL\"},{\"@type\":\"Organization\",\"@id\":\"https:\/\/www.accretech.eu\/it\/#organization\",\"name\":\"ACCRETECH (Europe) GmbH\",\"url\":\"https:\/\/www.accretech.eu\/it\/\",\"logo\":{\"@type\":\"ImageObject\",\"inLanguage\":\"pl-PL\",\"@id\":\"https:\/\/www.accretech.eu\/it\/#\/schema\/logo\/image\/\",\"url\":\"https:\/\/www.accretech.eu\/wp-content\/uploads\/2016\/10\/accretech-europe_logo.png\",\"contentUrl\":\"https:\/\/www.accretech.eu\/wp-content\/uploads\/2016\/10\/accretech-europe_logo.png\",\"width\":312,\"height\":42,\"caption\":\"ACCRETECH (Europe) GmbH\"},\"image\":{\"@id\":\"https:\/\/www.accretech.eu\/it\/#\/schema\/logo\/image\/\"}}]}<\/script>\n<!-- \/ Yoast SEO Premium plugin. -->","yoast_head_json":{"title":"RONDCOM 31 - ACCRETECH (Europe)","robots":{"index":"index","follow":"follow","max-snippet":"max-snippet:-1","max-image-preview":"max-image-preview:large","max-video-preview":"max-video-preview:-1"},"canonical":"https:\/\/www.accretech.eu\/pl\/produkty\/przemyslowa-technika-pomiarowa\/mierniki-ksztaltow\/rondcom-31\/","og_locale":"pl_PL","og_type":"article","og_title":"RONDCOM 31","og_description":"Bardzo precyzyjny polarny pomiar kszta\u0142t\u00f3w z du\u017cym zakresem pomiarowym","og_url":"https:\/\/www.accretech.eu\/pl\/produkty\/przemyslowa-technika-pomiarowa\/mierniki-ksztaltow\/rondcom-31\/","og_site_name":"ACCRETECH (Europe)","article_modified_time":"2021-12-03T12:18:53+00:00","twitter_card":"summary_large_image","twitter_misc":{"Szacowany czas czytania":"6 minut"},"schema":{"@context":"https:\/\/schema.org","@graph":[{"@type":"WebPage","@id":"https:\/\/www.accretech.eu\/pl\/produkty\/przemyslowa-technika-pomiarowa\/mierniki-ksztaltow\/rondcom-31\/","url":"https:\/\/www.accretech.eu\/pl\/produkty\/przemyslowa-technika-pomiarowa\/mierniki-ksztaltow\/rondcom-31\/","name":"RONDCOM 31 - ACCRETECH (Europe)","isPartOf":{"@id":"https:\/\/www.accretech.eu\/it\/#website"},"datePublished":"2017-03-25T21:32:13+00:00","dateModified":"2021-12-03T12:18:53+00:00","breadcrumb":{"@id":"https:\/\/www.accretech.eu\/pl\/produkty\/przemyslowa-technika-pomiarowa\/mierniki-ksztaltow\/rondcom-31\/#breadcrumb"},"inLanguage":"pl-PL","potentialAction":[{"@type":"ReadAction","target":["https:\/\/www.accretech.eu\/pl\/produkty\/przemyslowa-technika-pomiarowa\/mierniki-ksztaltow\/rondcom-31\/"]}]},{"@type":"BreadcrumbList","@id":"https:\/\/www.accretech.eu\/pl\/produkty\/przemyslowa-technika-pomiarowa\/mierniki-ksztaltow\/rondcom-31\/#breadcrumb","itemListElement":[{"@type":"ListItem","position":1,"name":"Startseite","item":"https:\/\/www.accretech.eu\/pl\/home-2\/"},{"@type":"ListItem","position":2,"name":"Produkty","item":"https:\/\/www.accretech.eu\/pl\/produkty\/"},{"@type":"ListItem","position":3,"name":"Przemys\u0142owa technika pomiarowa","item":"https:\/\/www.accretech.eu\/pl\/produkty\/przemyslowa-technika-pomiarowa\/"},{"@type":"ListItem","position":4,"name":"RONDCOM 31"}]},{"@type":"WebSite","@id":"https:\/\/www.accretech.eu\/it\/#website","url":"https:\/\/www.accretech.eu\/it\/","name":"ACCRETECH (Europe)","description":"","publisher":{"@id":"https:\/\/www.accretech.eu\/it\/#organization"},"potentialAction":[{"@type":"SearchAction","target":{"@type":"EntryPoint","urlTemplate":"https:\/\/www.accretech.eu\/it\/?s={search_term_string}"},"query-input":{"@type":"PropertyValueSpecification","valueRequired":true,"valueName":"search_term_string"}}],"inLanguage":"pl-PL"},{"@type":"Organization","@id":"https:\/\/www.accretech.eu\/it\/#organization","name":"ACCRETECH (Europe) GmbH","url":"https:\/\/www.accretech.eu\/it\/","logo":{"@type":"ImageObject","inLanguage":"pl-PL","@id":"https:\/\/www.accretech.eu\/it\/#\/schema\/logo\/image\/","url":"https:\/\/www.accretech.eu\/wp-content\/uploads\/2016\/10\/accretech-europe_logo.png","contentUrl":"https:\/\/www.accretech.eu\/wp-content\/uploads\/2016\/10\/accretech-europe_logo.png","width":312,"height":42,"caption":"ACCRETECH (Europe) GmbH"},"image":{"@id":"https:\/\/www.accretech.eu\/it\/#\/schema\/logo\/image\/"}}]}},"_links":{"self":[{"href":"https:\/\/www.accretech.eu\/pl\/wp-json\/wp\/v2\/pages\/31104","targetHints":{"allow":["GET"]}}],"collection":[{"href":"https:\/\/www.accretech.eu\/pl\/wp-json\/wp\/v2\/pages"}],"about":[{"href":"https:\/\/www.accretech.eu\/pl\/wp-json\/wp\/v2\/types\/page"}],"author":[{"embeddable":true,"href":"https:\/\/www.accretech.eu\/pl\/wp-json\/wp\/v2\/users\/1"}],"replies":[{"embeddable":true,"href":"https:\/\/www.accretech.eu\/pl\/wp-json\/wp\/v2\/comments?post=31104"}],"version-history":[{"count":0,"href":"https:\/\/www.accretech.eu\/pl\/wp-json\/wp\/v2\/pages\/31104\/revisions"}],"up":[{"embeddable":true,"href":"https:\/\/www.accretech.eu\/pl\/wp-json\/wp\/v2\/pages\/31008"}],"wp:attachment":[{"href":"https:\/\/www.accretech.eu\/pl\/wp-json\/wp\/v2\/media?parent=31104"}],"wp:term":[{"taxonomy":"filter_category","embeddable":true,"href":"https:\/\/www.accretech.eu\/pl\/wp-json\/wp\/v2\/filter_category?post=31104"},{"taxonomy":"filter_measurements","embeddable":true,"href":"https:\/\/www.accretech.eu\/pl\/wp-json\/wp\/v2\/filter_measurements?post=31104"}],"curies":[{"name":"wp","href":"https:\/\/api.w.org\/{rel}","templated":true}]}}