{"id":10405,"date":"2017-03-25T22:32:13","date_gmt":"2017-03-25T21:32:13","guid":{"rendered":"https:\/\/accretech.eu\/rondcom-31\/"},"modified":"2021-09-06T01:03:44","modified_gmt":"2021-09-05T23:03:44","slug":"rondcom-31","status":"publish","type":"page","link":"https:\/\/www.accretech.eu\/tr\/form-ve-dairesellik-cihazi\/otomatik-manuel-hizalama\/rondcom-31\/","title":{"rendered":"RONDCOM 31"},"content":{"rendered":"<\/div><\/div><\/div><!-- close content main div --><\/div><\/div><div id='standard-grid'  class='av-layout-grid-container av-awvnls5-1b8b66b44bc68e2168659ca074b24209 entry-content-wrapper main_color av-flex-cells  container_wrap fullsize'  >\n\n<style type=\"text\/css\" data-created_by=\"avia_inline_auto\" id=\"style-css-av-ahun0dh-7ba9d12980155acae3220e7a93d312d5\">\n.flex_cell.av-ahun0dh-7ba9d12980155acae3220e7a93d312d5{\nvertical-align:top;\n}\n.responsive #top #wrap_all .flex_cell.av-ahun0dh-7ba9d12980155acae3220e7a93d312d5{\npadding:0px 20px 0px 0px !important;\n}\n<\/style>\n<div class='flex_cell av-ahun0dh-7ba9d12980155acae3220e7a93d312d5 av-gridrow-cell av_two_third no_margin' ><div class='flex_cell_inner'><p>\n<style type=\"text\/css\" data-created_by=\"avia_inline_auto\" id=\"style-css-av-9qqvp1h-629ba8eac9fa3dd6fc1052f206dc1bad\">\n.flex_column.av-9qqvp1h-629ba8eac9fa3dd6fc1052f206dc1bad{\n-webkit-border-radius:0px 0px 0px 0px;\n-moz-border-radius:0px 0px 0px 0px;\nborder-radius:0px 0px 0px 0px;\npadding:0px 0px 0px 0px;\n}\n<\/style>\n<div class='flex_column av-9qqvp1h-629ba8eac9fa3dd6fc1052f206dc1bad av_one_full first no_margin flex_column_div av-zero-column-padding '     ><\/div>\n<style type=\"text\/css\" data-created_by=\"avia_inline_auto\" id=\"style-css-av-93ro151-a7ff14209291b480ec9d083a93a69577\">\n#top .flex_column.av-93ro151-a7ff14209291b480ec9d083a93a69577{\nmargin-top:30px;\nmargin-bottom:0px;\n}\n.flex_column.av-93ro151-a7ff14209291b480ec9d083a93a69577{\n-webkit-border-radius:0px 0px 0px 0px;\n-moz-border-radius:0px 0px 0px 0px;\nborder-radius:0px 0px 0px 0px;\npadding:0px 0px 0px 0px;\n}\n.responsive #top #wrap_all .flex_column.av-93ro151-a7ff14209291b480ec9d083a93a69577{\nmargin-top:30px;\nmargin-bottom:0px;\n}\n<\/style>\n<div class='flex_column av-93ro151-a7ff14209291b480ec9d083a93a69577 av_one_half first no_margin flex_column_div av-zero-column-padding '     ><section  class='av_textblock_section av-8oiqddx-e8e65eb0c376439fade701eb9e99e45f'  itemscope=\"itemscope\" itemtype=\"https:\/\/schema.org\/CreativeWork\" ><div class='avia_textblock'  itemprop=\"text\" ><h1><span style=\"color: #154194; font-size: 36px; font-family: frutiger;\">RONDCOM 31<\/span><\/h1>\n<p><span style=\"font-family: f55;\">Daha b\u00fcy\u00fck \u00f6l\u00e7me alan\u0131nda y\u00fcksek hassasiyette kutup form \u00f6l\u00e7\u00fcm\u00fc<\/span><\/p>\n<\/div><\/section><br \/>\n\n<style type=\"text\/css\" data-created_by=\"avia_inline_auto\" id=\"style-css-av-89h6hj9-bc80676132d6b413ed89c2fbd15c0571\">\n#top .av_textblock_section.av-89h6hj9-bc80676132d6b413ed89c2fbd15c0571 .avia_textblock{\nfont-size:16px;\n}\n<\/style>\n<section  class='av_textblock_section av-89h6hj9-bc80676132d6b413ed89c2fbd15c0571'  itemscope=\"itemscope\" itemtype=\"https:\/\/schema.org\/CreativeWork\" ><div class='avia_textblock'  itemprop=\"text\" ><div style=\"line-height: 15px; margin-top: 30px;\">\u0130\u015f par\u00e7as\u0131n\u0131n hizalanmas\u0131nda yaz\u0131l\u0131m deste\u011fi<br \/>\n\n<style type=\"text\/css\" data-created_by=\"avia_inline_auto\" id=\"style-css-av-7odlnyd-46d1b88c362c522e11af022aaa36e4d1\">\n#top .hr.av-7odlnyd-46d1b88c362c522e11af022aaa36e4d1{\nmargin-top:0px;\nmargin-bottom:0px;\n}\n.hr.av-7odlnyd-46d1b88c362c522e11af022aaa36e4d1 .hr-inner{\nwidth:90%;\nborder-color:#d2d2d2;\n}\n<\/style>\n<div  class='hr av-7odlnyd-46d1b88c362c522e11af022aaa36e4d1 hr-custom hr-left hr-icon-no'><span class='hr-inner inner-border-av-border-thin'><span class=\"hr-inner-style\"><\/span><\/span><\/div><br \/>\n250 mm\u2019lik d\u0131\u015f \u00e7aplara varan \u00f6l\u00e7me alan\u0131<br \/>\n\n<style type=\"text\/css\" data-created_by=\"avia_inline_auto\" id=\"style-css-av-7591uud-9f024db289e07eb41c2f91c65ab5878b\">\n#top .hr.av-7591uud-9f024db289e07eb41c2f91c65ab5878b{\nmargin-top:0px;\nmargin-bottom:0px;\n}\n.hr.av-7591uud-9f024db289e07eb41c2f91c65ab5878b .hr-inner{\nwidth:90%;\nborder-color:#d2d2d2;\n}\n<\/style>\n<div  class='hr av-7591uud-9f024db289e07eb41c2f91c65ab5878b hr-custom hr-left hr-icon-no'><span class='hr-inner inner-border-av-border-thin'><span class=\"hr-inner-style\"><\/span><\/span><\/div><br \/>\nRotasyon do\u011frulu\u011fu: (0,04+6H\/10.000) \u00b5m<br \/>\n\n<style type=\"text\/css\" data-created_by=\"avia_inline_auto\" id=\"style-css-av-6o96og5-ab9a7db99f1bce1a69abe4ec436906bc\">\n#top .hr.av-6o96og5-ab9a7db99f1bce1a69abe4ec436906bc{\nmargin-top:0px;\nmargin-bottom:0px;\n}\n.hr.av-6o96og5-ab9a7db99f1bce1a69abe4ec436906bc .hr-inner{\nwidth:90%;\nborder-color:#d2d2d2;\n}\n<\/style>\n<div  class='hr av-6o96og5-ab9a7db99f1bce1a69abe4ec436906bc hr-custom hr-left hr-icon-no'><span class='hr-inner inner-border-av-border-thin'><span class=\"hr-inner-style\"><\/span><\/span><\/div><\/div>\n<\/div><\/section><\/p><\/div>\n<style type=\"text\/css\" data-created_by=\"avia_inline_auto\" id=\"style-css-av-6c52ntx-fc85beb06d6899954b000cc89f98f502\">\n#top .flex_column.av-6c52ntx-fc85beb06d6899954b000cc89f98f502{\nmargin-top:0px;\nmargin-bottom:0px;\n}\n.flex_column.av-6c52ntx-fc85beb06d6899954b000cc89f98f502{\n-webkit-border-radius:0px 0px 0px 0px;\n-moz-border-radius:0px 0px 0px 0px;\nborder-radius:0px 0px 0px 0px;\npadding:30px 30px 30px 30px;\n}\n.responsive #top #wrap_all .flex_column.av-6c52ntx-fc85beb06d6899954b000cc89f98f502{\nmargin-top:0px;\nmargin-bottom:0px;\n}\n<\/style>\n<div class='flex_column av-6c52ntx-fc85beb06d6899954b000cc89f98f502 av_one_half no_margin flex_column_div '     ><style type=\"text\/css\" data-created_by=\"avia_inline_auto\" id=\"style-css-av-5t1255x-9f837b26ab4cf9fe2d12c1c7bbf53bf0\">\n.avia-image-container.av-5t1255x-9f837b26ab4cf9fe2d12c1c7bbf53bf0 img.avia_image{\nbox-shadow:none;\n}\n.avia-image-container.av-5t1255x-9f837b26ab4cf9fe2d12c1c7bbf53bf0 .av-image-caption-overlay-center{\ncolor:#ffffff;\n}\n<\/style>\n<div  class='avia-image-container av-5t1255x-9f837b26ab4cf9fe2d12c1c7bbf53bf0 av-styling- av-hover-grow avia-align-center'   itemprop=\"image\" itemscope=\"itemscope\" itemtype=\"https:\/\/schema.org\/ImageObject\" ><div class=\"avia-image-container-inner\"><div class=\"avia-image-overlay-wrap\"><img decoding=\"async\" class='wp-image-10449 avia-img-lazy-loading-not-10449 avia_image ' src=\"https:\/\/www.accretech.eu\/wp-content\/uploads\/2017\/03\/ACCRTECH-GmbH-Produkte-Industrielle-Messtechnik-Rondcom31C-288x300.png\" alt='' title='ACCRTECH GmbH - Produkte - Industrielle Messtechnik Rondcom31C'  height=\"300\" width=\"288\"  itemprop=\"thumbnailUrl\" srcset=\"https:\/\/www.accretech.eu\/wp-content\/uploads\/2017\/03\/ACCRTECH-GmbH-Produkte-Industrielle-Messtechnik-Rondcom31C-288x300.png 288w, https:\/\/www.accretech.eu\/wp-content\/uploads\/2017\/03\/ACCRTECH-GmbH-Produkte-Industrielle-Messtechnik-Rondcom31C-450x469.png 450w, https:\/\/www.accretech.eu\/wp-content\/uploads\/2017\/03\/ACCRTECH-GmbH-Produkte-Industrielle-Messtechnik-Rondcom31C.png 624w\" sizes=\"(max-width: 288px) 100vw, 288px\" \/><\/div><\/div><\/div><\/div>\n<style type=\"text\/css\" data-created_by=\"avia_inline_auto\" id=\"style-css-av-5gwcoxx-f8910981c8b9d8d3ff482cd44dca47a7\">\n#top .flex_column.av-5gwcoxx-f8910981c8b9d8d3ff482cd44dca47a7{\nmargin-top:30px;\nmargin-bottom:0px;\n}\n.flex_column.av-5gwcoxx-f8910981c8b9d8d3ff482cd44dca47a7{\n-webkit-border-radius:0px 0px 0px 0px;\n-moz-border-radius:0px 0px 0px 0px;\nborder-radius:0px 0px 0px 0px;\npadding:0px 0px 0px 0px;\n}\n.responsive #top #wrap_all .flex_column.av-5gwcoxx-f8910981c8b9d8d3ff482cd44dca47a7{\nmargin-top:30px;\nmargin-bottom:0px;\n}\n<\/style>\n<div class='flex_column av-5gwcoxx-f8910981c8b9d8d3ff482cd44dca47a7 av_one_full first no_margin flex_column_div av-zero-column-padding '     ><section  class='av_textblock_section av-4o8e23p-ac60f90b60780910ccaa1f85faa7972c'  itemscope=\"itemscope\" itemtype=\"https:\/\/schema.org\/CreativeWork\" ><div class='avia_textblock'  itemprop=\"text\" ><ul style=\"line-height: 17px;\">\n<li><span style=\"font-family: f45;\">Y\u00fcksek kaliteli akslara sahip haval\u0131 d\u00f6ner tabla, iste\u011fe ba\u011fl\u0131 olarak 500 mm Z s\u00fctunu<\/span><\/li>\n<li><span style=\"font-family: f45;\">\u00d6l\u00e7\u00fcm aral\u0131\u011f\u0131 ve dokunmatik kuvvet de\u011fi\u015fken ayarlanabilir<\/span><\/li>\n<li><span style=\"font-family: f45;\">\u00c7\u0131kt\u0131l\u0131 CNC analizi<\/span><\/li>\n<li><span style=\"font-family: f45;\">Merkezleme ve tesviyeye y\u00f6nelik yard\u0131mc\u0131 i\u015flevler sunan ACCTee \u00f6l\u00e7\u00fcm yaz\u0131l\u0131m\u0131<\/span><\/li>\n<li><span style=\"font-family: f45;\">Maks. 25 kg\u2019a kadar a\u011f\u0131rl\u0131\u011fa sahip i\u015f par\u00e7alar\u0131<\/span><\/li>\n<\/ul>\n<\/div><\/section><\/div>\n<style type=\"text\/css\" data-created_by=\"avia_inline_auto\" id=\"style-css-av-410q1et-842ffbe2373ac1729696d210c014cad5\">\n#top .flex_column.av-410q1et-842ffbe2373ac1729696d210c014cad5{\nmargin-top:0px;\nmargin-bottom:0px;\n}\n.flex_column.av-410q1et-842ffbe2373ac1729696d210c014cad5{\n-webkit-border-radius:0px 0px 0px 0px;\n-moz-border-radius:0px 0px 0px 0px;\nborder-radius:0px 0px 0px 0px;\npadding:15px 15px 15px 15px;\nbackground-color:#c9deed;\n}\n.responsive #top #wrap_all .flex_column.av-410q1et-842ffbe2373ac1729696d210c014cad5{\nmargin-top:0px;\nmargin-bottom:0px;\n}\n<\/style>\n<div class='flex_column av-410q1et-842ffbe2373ac1729696d210c014cad5 av_one_full first no_margin flex_column_div '     ><section  class='av_textblock_section av-3ke944l-2cbac49aeef33360407332757c212ddf'  itemscope=\"itemscope\" itemtype=\"https:\/\/schema.org\/CreativeWork\" ><div class='avia_textblock'  itemprop=\"text\" ><p><span style=\"font-family: frutiger; font-size: 20px;\">Kullan\u0131m alan\u0131<\/span><br \/>\n<span style=\"font-family: f45;\">RONDCOM 31, kutupsal ve do\u011frusal parametrelerin \u00f6l\u00e7\u00fcm\u00fc, \u00f6rn. silindirik \u015fekil, yuvarlakl\u0131k, d\u00fczl\u00fck, koaksiyellik, merkezilik vs. i\u00e7in h\u0131zl\u0131, kolay ve hassas kullan\u0131m \u015fekliyle \u00f6n plana \u00e7\u0131kmaktad\u0131r.<\/span><\/p>\n<\/div><\/section><\/div><\/p>\n<\/div><\/div>\n<style type=\"text\/css\" data-created_by=\"avia_inline_auto\" id=\"style-css-av-2mblqh1-055a0ae6c6137c9a5c2957a8e0a8c8d1\">\n.flex_cell.av-2mblqh1-055a0ae6c6137c9a5c2957a8e0a8c8d1{\nvertical-align:top;\n}\n.responsive #top #wrap_all .flex_cell.av-2mblqh1-055a0ae6c6137c9a5c2957a8e0a8c8d1{\npadding:15px 0px 0px 0px !important;\n}\n<\/style>\n<div class='flex_cell av-2mblqh1-055a0ae6c6137c9a5c2957a8e0a8c8d1 av-gridrow-cell av_one_third no_margin' ><div class='flex_cell_inner'>\n<style type=\"text\/css\" data-created_by=\"avia_inline_auto\" id=\"style-css-av-22h9uv9-a7d570a354ccbe727021039b875bfa3c\">\n.flex_column.av-22h9uv9-a7d570a354ccbe727021039b875bfa3c{\n-webkit-border-radius:0px 0px 0px 0px;\n-moz-border-radius:0px 0px 0px 0px;\nborder-radius:0px 0px 0px 0px;\npadding:0px 0px 0px 0px;\nbackground-color:#154194;\n}\n<\/style>\n<div class='flex_column av-22h9uv9-a7d570a354ccbe727021039b875bfa3c av_one_full first no_margin flex_column_div av-hide-on-mobile av-zero-column-padding '     ><div  class='avia-builder-widget-area clearfix '><div id=\"nav_menu-31\" class=\"widget-odd widget-last widget-first widget-1 widget clearfix widget_nav_menu\"><div class=\"menu-neu-industrial-met-form-sub-englisch-tuerkisch-container\"><ul id=\"menu-neu-industrial-met-form-sub-englisch-tuerkisch\" class=\"menu\"><li id=\"menu-item-56929\" class=\"menu-item menu-item-type-post_type menu-item-object-page menu-item-has-children menu-item-56929\"><a href=\"https:\/\/www.accretech.eu\/tr\/?page_id=36877\">Otomatik hizalamal\u0131 tam otomatik cihazlar<\/a>\n<ul class=\"sub-menu\">\n\t<li id=\"menu-item-56930\" class=\"menu-item menu-item-type-post_type menu-item-object-page menu-item-56930\"><a href=\"https:\/\/www.accretech.eu\/tr\/rondcom-55\/\">RONDCOM 55<\/a><\/li>\n\t<li id=\"menu-item-56931\" class=\"menu-item menu-item-type-post_type menu-item-object-page menu-item-56931\"><a href=\"https:\/\/www.accretech.eu\/tr\/form-ve-dairesellik-cihazi\/tam-otomatik\/rondcom-60\/\">RONDCOM 60<\/a><\/li>\n\t<li id=\"menu-item-56945\" class=\"menu-item menu-item-type-post_type menu-item-object-page menu-item-56945\"><a href=\"https:\/\/www.accretech.eu\/tr\/form-ve-dairesellik-cihazi\/tam-otomatik\/rondcom-65\/\">RONDCOM 65<\/a><\/li>\n\t<li id=\"menu-item-56946\" class=\"menu-item menu-item-type-post_type menu-item-object-page menu-item-56946\"><a href=\"https:\/\/www.accretech.eu\/tr\/rondcom-nex-rs-200-300\/\">RONDCOM NEX RS 200\/300<\/a><\/li>\n\t<li id=\"menu-item-56947\" class=\"menu-item menu-item-type-post_type menu-item-object-page menu-item-56947\"><a href=\"https:\/\/www.accretech.eu\/tr\/rondcom-nex-200-300\/\">RONDCOM NEX 200\/300<\/a><\/li>\n\t<li id=\"menu-item-56948\" class=\"menu-item menu-item-type-post_type menu-item-object-page menu-item-56948\"><a href=\"https:\/\/www.accretech.eu\/tr\/form-ve-dairesellik-cihazi\/tam-otomatik\/rondcom-crest\/\">RONDCOM CREST<\/a><\/li>\n<\/ul>\n<\/li>\n<li id=\"menu-item-56949\" class=\"menu-item menu-item-type-post_type menu-item-object-page menu-item-has-children menu-item-56949\"><a href=\"https:\/\/www.accretech.eu\/tr\/?page_id=36878\">Manuel hizalamal\u0131 otomatik cihazlar<\/a>\n<ul class=\"sub-menu\">\n\t<li id=\"menu-item-56950\" class=\"menu-item menu-item-type-post_type menu-item-object-page menu-item-56950\"><a href=\"https:\/\/www.accretech.eu\/tr\/form-ve-dairesellik-cihazi\/otomatik-manuel-hizalama\/rondcom-31\/\">RONDCOM 31<\/a><\/li>\n\t<li id=\"menu-item-56951\" class=\"menu-item menu-item-type-post_type menu-item-object-page menu-item-56951\"><a href=\"https:\/\/www.accretech.eu\/tr\/form-ve-dairesellik-cihazi\/otomatik-manuel-hizalama\/rondcom-41\/\">RONDCOM 41<\/a><\/li>\n\t<li id=\"menu-item-56952\" class=\"menu-item menu-item-type-post_type menu-item-object-page menu-item-56952\"><a href=\"https:\/\/www.accretech.eu\/tr\/rondcom-43\/\">Rondcom 43<\/a><\/li>\n\t<li id=\"menu-item-56953\" class=\"menu-item menu-item-type-post_type menu-item-object-page menu-item-56953\"><a href=\"https:\/\/www.accretech.eu\/tr\/rondcom-nex-100\/\">RONDCOM NEX 100<\/a><\/li>\n<\/ul>\n<\/li>\n<li id=\"menu-item-56994\" class=\"menu-item menu-item-type-post_type menu-item-object-page menu-item-has-children menu-item-56994\"><a href=\"https:\/\/www.accretech.eu\/tr\/?page_id=36879\">Manuel s\u00fctunlu cihazlar<\/a>\n<ul class=\"sub-menu\">\n\t<li id=\"menu-item-56995\" class=\"menu-item menu-item-type-post_type menu-item-object-page menu-item-56995\"><a href=\"https:\/\/www.accretech.eu\/tr\/form-ve-dairesellik-cihazi\/manuel-sutunlu\/rondcom-touch\/\">RONDCOM TOUCH<\/a><\/li>\n<\/ul>\n<\/li>\n<li id=\"menu-item-57000\" class=\"menu-item menu-item-type-post_type menu-item-object-page menu-item-57000\"><a href=\"https:\/\/www.accretech.eu\/tr\/?page_id=34767\">Integr\u00e1lt ACCTee elemz\u0151szoftver &#8211; Form ve Dairesellik Cihaz\u0131<\/a><\/li>\n<li id=\"menu-item-56997\" class=\"menu-item menu-item-type-post_type menu-item-object-page menu-item-56997\"><a href=\"https:\/\/www.accretech.eu\/tr\/form-ve-dairesellik-cihazi\/tam-otomatik-cihazlar\/rondcom-73\/\">RONDCOM 73<\/a><\/li>\n<li id=\"menu-item-56998\" class=\"menu-item menu-item-type-post_type menu-item-object-page menu-item-56998\"><a href=\"https:\/\/www.accretech.eu\/tr\/form-ve-dairesellik-cihazi\/tam-otomatik-cihazlar\/rondcom-76\/\">RONDCOM 76<\/a><\/li>\n<\/ul><\/div><\/div><\/div><\/div>\n<\/div><\/div><\/div>\n","protected":false},"excerpt":{"rendered":"<p>Daha b\u00fcy\u00fck \u00f6l\u00e7me alan\u0131nda y\u00fcksek hassasiyette kutup form \u00f6l\u00e7\u00fcm\u00fc<\/p>\n","protected":false},"author":1,"featured_media":0,"parent":36878,"menu_order":0,"comment_status":"closed","ping_status":"closed","template":"","meta":{"footnotes":""},"filter_category":[],"filter_measurements":[],"class_list":["post-10405","page","type-page","status-publish","hentry"],"acf":[],"yoast_head":"<!-- This site is optimized with the Yoast SEO Premium plugin v26.1 (Yoast SEO v26.1.1) - https:\/\/yoast.com\/wordpress\/plugins\/seo\/ -->\n<title>RONDCOM 31 - ACCRETECH (Europe)<\/title>\n<meta name=\"robots\" content=\"index, follow, max-snippet:-1, max-image-preview:large, max-video-preview:-1\" \/>\n<link rel=\"canonical\" href=\"https:\/\/www.accretech.eu\/tr\/form-ve-dairesellik-cihazi\/otomatik-manuel-hizalama\/rondcom-31\/\" \/>\n<meta property=\"og:locale\" content=\"tr_TR\" \/>\n<meta property=\"og:type\" content=\"article\" \/>\n<meta property=\"og:title\" content=\"RONDCOM 31\" \/>\n<meta property=\"og:description\" content=\"Daha b\u00fcy\u00fck \u00f6l\u00e7me alan\u0131nda y\u00fcksek hassasiyette kutup form \u00f6l\u00e7\u00fcm\u00fc\" \/>\n<meta property=\"og:url\" content=\"https:\/\/www.accretech.eu\/tr\/form-ve-dairesellik-cihazi\/otomatik-manuel-hizalama\/rondcom-31\/\" \/>\n<meta property=\"og:site_name\" content=\"ACCRETECH (Europe)\" \/>\n<meta property=\"article:modified_time\" content=\"2021-09-05T23:03:44+00:00\" \/>\n<meta name=\"twitter:card\" content=\"summary_large_image\" \/>\n<meta name=\"twitter:label1\" content=\"Tahmini okuma s\u00fcresi\" \/>\n\t<meta name=\"twitter:data1\" content=\"5 dakika\" \/>\n<script type=\"application\/ld+json\" class=\"yoast-schema-graph\">{\"@context\":\"https:\/\/schema.org\",\"@graph\":[{\"@type\":\"WebPage\",\"@id\":\"https:\/\/www.accretech.eu\/tr\/form-ve-dairesellik-cihazi\/otomatik-manuel-hizalama\/rondcom-31\/\",\"url\":\"https:\/\/www.accretech.eu\/tr\/form-ve-dairesellik-cihazi\/otomatik-manuel-hizalama\/rondcom-31\/\",\"name\":\"RONDCOM 31 - ACCRETECH (Europe)\",\"isPartOf\":{\"@id\":\"https:\/\/www.accretech.eu\/it\/#website\"},\"datePublished\":\"2017-03-25T21:32:13+00:00\",\"dateModified\":\"2021-09-05T23:03:44+00:00\",\"breadcrumb\":{\"@id\":\"https:\/\/www.accretech.eu\/tr\/form-ve-dairesellik-cihazi\/otomatik-manuel-hizalama\/rondcom-31\/#breadcrumb\"},\"inLanguage\":\"tr\",\"potentialAction\":[{\"@type\":\"ReadAction\",\"target\":[\"https:\/\/www.accretech.eu\/tr\/form-ve-dairesellik-cihazi\/otomatik-manuel-hizalama\/rondcom-31\/\"]}]},{\"@type\":\"BreadcrumbList\",\"@id\":\"https:\/\/www.accretech.eu\/tr\/form-ve-dairesellik-cihazi\/otomatik-manuel-hizalama\/rondcom-31\/#breadcrumb\",\"itemListElement\":[{\"@type\":\"ListItem\",\"position\":1,\"name\":\"Startseite\",\"item\":\"https:\/\/www.accretech.eu\/tr\/home-2\/\"},{\"@type\":\"ListItem\",\"position\":2,\"name\":\"Form ve Dairesellik Cihaz\u0131\",\"item\":\"https:\/\/www.accretech.eu\/tr\/?page_id=36876\"},{\"@type\":\"ListItem\",\"position\":3,\"name\":\"Manuel hizalamal\u0131 otomatik cihazlar\",\"item\":\"https:\/\/www.accretech.eu\/tr\/?page_id=36878\"},{\"@type\":\"ListItem\",\"position\":4,\"name\":\"RONDCOM 31\"}]},{\"@type\":\"WebSite\",\"@id\":\"https:\/\/www.accretech.eu\/it\/#website\",\"url\":\"https:\/\/www.accretech.eu\/it\/\",\"name\":\"ACCRETECH (Europe)\",\"description\":\"\",\"publisher\":{\"@id\":\"https:\/\/www.accretech.eu\/it\/#organization\"},\"potentialAction\":[{\"@type\":\"SearchAction\",\"target\":{\"@type\":\"EntryPoint\",\"urlTemplate\":\"https:\/\/www.accretech.eu\/it\/?s={search_term_string}\"},\"query-input\":{\"@type\":\"PropertyValueSpecification\",\"valueRequired\":true,\"valueName\":\"search_term_string\"}}],\"inLanguage\":\"tr\"},{\"@type\":\"Organization\",\"@id\":\"https:\/\/www.accretech.eu\/it\/#organization\",\"name\":\"ACCRETECH (Europe) GmbH\",\"url\":\"https:\/\/www.accretech.eu\/it\/\",\"logo\":{\"@type\":\"ImageObject\",\"inLanguage\":\"tr\",\"@id\":\"https:\/\/www.accretech.eu\/it\/#\/schema\/logo\/image\/\",\"url\":\"https:\/\/www.accretech.eu\/wp-content\/uploads\/2016\/10\/accretech-europe_logo.png\",\"contentUrl\":\"https:\/\/www.accretech.eu\/wp-content\/uploads\/2016\/10\/accretech-europe_logo.png\",\"width\":312,\"height\":42,\"caption\":\"ACCRETECH (Europe) GmbH\"},\"image\":{\"@id\":\"https:\/\/www.accretech.eu\/it\/#\/schema\/logo\/image\/\"}}]}<\/script>\n<!-- \/ Yoast SEO Premium plugin. -->","yoast_head_json":{"title":"RONDCOM 31 - ACCRETECH (Europe)","robots":{"index":"index","follow":"follow","max-snippet":"max-snippet:-1","max-image-preview":"max-image-preview:large","max-video-preview":"max-video-preview:-1"},"canonical":"https:\/\/www.accretech.eu\/tr\/form-ve-dairesellik-cihazi\/otomatik-manuel-hizalama\/rondcom-31\/","og_locale":"tr_TR","og_type":"article","og_title":"RONDCOM 31","og_description":"Daha b\u00fcy\u00fck \u00f6l\u00e7me alan\u0131nda y\u00fcksek hassasiyette kutup form \u00f6l\u00e7\u00fcm\u00fc","og_url":"https:\/\/www.accretech.eu\/tr\/form-ve-dairesellik-cihazi\/otomatik-manuel-hizalama\/rondcom-31\/","og_site_name":"ACCRETECH (Europe)","article_modified_time":"2021-09-05T23:03:44+00:00","twitter_card":"summary_large_image","twitter_misc":{"Tahmini okuma s\u00fcresi":"5 dakika"},"schema":{"@context":"https:\/\/schema.org","@graph":[{"@type":"WebPage","@id":"https:\/\/www.accretech.eu\/tr\/form-ve-dairesellik-cihazi\/otomatik-manuel-hizalama\/rondcom-31\/","url":"https:\/\/www.accretech.eu\/tr\/form-ve-dairesellik-cihazi\/otomatik-manuel-hizalama\/rondcom-31\/","name":"RONDCOM 31 - ACCRETECH (Europe)","isPartOf":{"@id":"https:\/\/www.accretech.eu\/it\/#website"},"datePublished":"2017-03-25T21:32:13+00:00","dateModified":"2021-09-05T23:03:44+00:00","breadcrumb":{"@id":"https:\/\/www.accretech.eu\/tr\/form-ve-dairesellik-cihazi\/otomatik-manuel-hizalama\/rondcom-31\/#breadcrumb"},"inLanguage":"tr","potentialAction":[{"@type":"ReadAction","target":["https:\/\/www.accretech.eu\/tr\/form-ve-dairesellik-cihazi\/otomatik-manuel-hizalama\/rondcom-31\/"]}]},{"@type":"BreadcrumbList","@id":"https:\/\/www.accretech.eu\/tr\/form-ve-dairesellik-cihazi\/otomatik-manuel-hizalama\/rondcom-31\/#breadcrumb","itemListElement":[{"@type":"ListItem","position":1,"name":"Startseite","item":"https:\/\/www.accretech.eu\/tr\/home-2\/"},{"@type":"ListItem","position":2,"name":"Form ve Dairesellik Cihaz\u0131","item":"https:\/\/www.accretech.eu\/tr\/?page_id=36876"},{"@type":"ListItem","position":3,"name":"Manuel hizalamal\u0131 otomatik cihazlar","item":"https:\/\/www.accretech.eu\/tr\/?page_id=36878"},{"@type":"ListItem","position":4,"name":"RONDCOM 31"}]},{"@type":"WebSite","@id":"https:\/\/www.accretech.eu\/it\/#website","url":"https:\/\/www.accretech.eu\/it\/","name":"ACCRETECH (Europe)","description":"","publisher":{"@id":"https:\/\/www.accretech.eu\/it\/#organization"},"potentialAction":[{"@type":"SearchAction","target":{"@type":"EntryPoint","urlTemplate":"https:\/\/www.accretech.eu\/it\/?s={search_term_string}"},"query-input":{"@type":"PropertyValueSpecification","valueRequired":true,"valueName":"search_term_string"}}],"inLanguage":"tr"},{"@type":"Organization","@id":"https:\/\/www.accretech.eu\/it\/#organization","name":"ACCRETECH (Europe) GmbH","url":"https:\/\/www.accretech.eu\/it\/","logo":{"@type":"ImageObject","inLanguage":"tr","@id":"https:\/\/www.accretech.eu\/it\/#\/schema\/logo\/image\/","url":"https:\/\/www.accretech.eu\/wp-content\/uploads\/2016\/10\/accretech-europe_logo.png","contentUrl":"https:\/\/www.accretech.eu\/wp-content\/uploads\/2016\/10\/accretech-europe_logo.png","width":312,"height":42,"caption":"ACCRETECH (Europe) GmbH"},"image":{"@id":"https:\/\/www.accretech.eu\/it\/#\/schema\/logo\/image\/"}}]}},"_links":{"self":[{"href":"https:\/\/www.accretech.eu\/tr\/wp-json\/wp\/v2\/pages\/10405","targetHints":{"allow":["GET"]}}],"collection":[{"href":"https:\/\/www.accretech.eu\/tr\/wp-json\/wp\/v2\/pages"}],"about":[{"href":"https:\/\/www.accretech.eu\/tr\/wp-json\/wp\/v2\/types\/page"}],"author":[{"embeddable":true,"href":"https:\/\/www.accretech.eu\/tr\/wp-json\/wp\/v2\/users\/1"}],"replies":[{"embeddable":true,"href":"https:\/\/www.accretech.eu\/tr\/wp-json\/wp\/v2\/comments?post=10405"}],"version-history":[{"count":0,"href":"https:\/\/www.accretech.eu\/tr\/wp-json\/wp\/v2\/pages\/10405\/revisions"}],"up":[{"embeddable":true,"href":"https:\/\/www.accretech.eu\/tr\/wp-json\/wp\/v2\/pages\/36878"}],"wp:attachment":[{"href":"https:\/\/www.accretech.eu\/tr\/wp-json\/wp\/v2\/media?parent=10405"}],"wp:term":[{"taxonomy":"filter_category","embeddable":true,"href":"https:\/\/www.accretech.eu\/tr\/wp-json\/wp\/v2\/filter_category?post=10405"},{"taxonomy":"filter_measurements","embeddable":true,"href":"https:\/\/www.accretech.eu\/tr\/wp-json\/wp\/v2\/filter_measurements?post=10405"}],"curies":[{"name":"wp","href":"https:\/\/api.w.org\/{rel}","templated":true}]}}