{"id":10411,"date":"2017-03-25T22:17:18","date_gmt":"2017-03-25T21:17:18","guid":{"rendered":"https:\/\/accretech.eu\/rondcom-73\/"},"modified":"2021-09-06T01:04:49","modified_gmt":"2021-09-05T23:04:49","slug":"rondcom-73","status":"publish","type":"page","link":"https:\/\/www.accretech.eu\/tr\/form-ve-dairesellik-cihazi\/tam-otomatik-cihazlar\/rondcom-73\/","title":{"rendered":"RONDCOM 73"},"content":{"rendered":"<\/div><\/div><\/div><!-- close content main div --><\/div><\/div><div id='standard-grid'  class='av-layout-grid-container av-bwc0ogb-03fb86c80b60c332067faa37c599e29b entry-content-wrapper main_color av-flex-cells  container_wrap fullsize'  >\n\n<style type=\"text\/css\" data-created_by=\"avia_inline_auto\" id=\"style-css-av-bdqcb7v-b82299d733eda99433f8f6b3551b57ec\">\n.flex_cell.av-bdqcb7v-b82299d733eda99433f8f6b3551b57ec{\nvertical-align:top;\n}\n.responsive #top #wrap_all .flex_cell.av-bdqcb7v-b82299d733eda99433f8f6b3551b57ec{\npadding:0px 20px 0px 0px !important;\n}\n<\/style>\n<div class='flex_cell av-bdqcb7v-b82299d733eda99433f8f6b3551b57ec av-gridrow-cell av_two_third no_margin' ><div class='flex_cell_inner'><p>\n<style type=\"text\/css\" data-created_by=\"avia_inline_auto\" id=\"style-css-av-am7kvfv-1dbe8c8b28bdad35e371e6b85890dc10\">\n.flex_column.av-am7kvfv-1dbe8c8b28bdad35e371e6b85890dc10{\n-webkit-border-radius:0px 0px 0px 0px;\n-moz-border-radius:0px 0px 0px 0px;\nborder-radius:0px 0px 0px 0px;\npadding:0px 0px 0px 0px;\n}\n<\/style>\n<div class='flex_column av-am7kvfv-1dbe8c8b28bdad35e371e6b85890dc10 av_one_full first no_margin flex_column_div av-zero-column-padding '     ><\/div>\n<style type=\"text\/css\" data-created_by=\"avia_inline_auto\" id=\"style-css-av-9wfxdsb-f2c150d2fd56195ca208a31bfcd7a16a\">\n#top .flex_column.av-9wfxdsb-f2c150d2fd56195ca208a31bfcd7a16a{\nmargin-top:30px;\nmargin-bottom:0px;\n}\n.flex_column.av-9wfxdsb-f2c150d2fd56195ca208a31bfcd7a16a{\n-webkit-border-radius:0px 0px 0px 0px;\n-moz-border-radius:0px 0px 0px 0px;\nborder-radius:0px 0px 0px 0px;\npadding:0px 0px 0px 0px;\n}\n.responsive #top #wrap_all .flex_column.av-9wfxdsb-f2c150d2fd56195ca208a31bfcd7a16a{\nmargin-top:30px;\nmargin-bottom:0px;\n}\n<\/style>\n<div class='flex_column av-9wfxdsb-f2c150d2fd56195ca208a31bfcd7a16a av_one_half first no_margin flex_column_div av-zero-column-padding '     ><section  class='av_textblock_section av-9clcxjf-f3fe0e367cfe7f9370489dee052d4c18'  itemscope=\"itemscope\" itemtype=\"https:\/\/schema.org\/CreativeWork\" ><div class='avia_textblock'  itemprop=\"text\" ><h1><span style=\"color: #154194; font-size: 36px; font-family: frutiger;\">RONDCOM 73<\/span><\/h1>\n<p><span style=\"font-family: f55;\">Kompakt tasar\u0131m ve geni\u015f \u00f6l\u00e7\u00fcm aral\u0131\u011f\u0131<\/span><\/p>\n<\/div><\/section><br \/>\n\n<style type=\"text\/css\" data-created_by=\"avia_inline_auto\" id=\"style-css-av-8rw2ih7-99ab794c577f9e6df6fac4e71d6d38df\">\n#top .av_textblock_section.av-8rw2ih7-99ab794c577f9e6df6fac4e71d6d38df .avia_textblock{\nfont-size:16px;\n}\n<\/style>\n<section  class='av_textblock_section av-8rw2ih7-99ab794c577f9e6df6fac4e71d6d38df'  itemscope=\"itemscope\" itemtype=\"https:\/\/schema.org\/CreativeWork\" ><div class='avia_textblock'  itemprop=\"text\" ><div style=\"line-height: 15px; margin-top: 30px;\">S\u0131n\u0131f\u0131ndaki en y\u00fcksek do\u011fruluk oran\u0131<br \/>\n\n<style type=\"text\/css\" data-created_by=\"avia_inline_auto\" id=\"style-css-av-8huutrf-6cd2a6426e1cf49ce581972873262655\">\n#top .hr.av-8huutrf-6cd2a6426e1cf49ce581972873262655{\nmargin-top:0px;\nmargin-bottom:0px;\n}\n.hr.av-8huutrf-6cd2a6426e1cf49ce581972873262655 .hr-inner{\nwidth:90%;\nborder-color:#d2d2d2;\n}\n<\/style>\n<div  class='hr av-8huutrf-6cd2a6426e1cf49ce581972873262655 hr-custom hr-left hr-icon-no'><span class='hr-inner inner-border-av-border-thin'><span class=\"hr-inner-style\"><\/span><\/span><\/div><br \/>\nRotasyon do\u011frulu\u011fu 0,06 \u00b5m<br \/>\n\n<style type=\"text\/css\" data-created_by=\"avia_inline_auto\" id=\"style-css-av-7xt5697-a5a16cf40b89e6505dbae7ca9e87117d\">\n#top .hr.av-7xt5697-a5a16cf40b89e6505dbae7ca9e87117d{\nmargin-top:0px;\nmargin-bottom:0px;\n}\n.hr.av-7xt5697-a5a16cf40b89e6505dbae7ca9e87117d .hr-inner{\nwidth:90%;\nborder-color:#d2d2d2;\n}\n<\/style>\n<div  class='hr av-7xt5697-a5a16cf40b89e6505dbae7ca9e87117d hr-custom hr-left hr-icon-no'><span class='hr-inner inner-border-av-border-thin'><span class=\"hr-inner-style\"><\/span><\/span><\/div><br \/>\nZ ekseni do\u011frulu\u011fu 0,9 \u03bcm \/ 200 mm<br \/>\n\n<style type=\"text\/css\" data-created_by=\"avia_inline_auto\" id=\"style-css-av-7i6vejv-29ef3df367c59091ae06f87d57f3fe32\">\n#top .hr.av-7i6vejv-29ef3df367c59091ae06f87d57f3fe32{\nmargin-top:0px;\nmargin-bottom:0px;\n}\n.hr.av-7i6vejv-29ef3df367c59091ae06f87d57f3fe32 .hr-inner{\nwidth:90%;\nborder-color:#d2d2d2;\n}\n<\/style>\n<div  class='hr av-7i6vejv-29ef3df367c59091ae06f87d57f3fe32 hr-custom hr-left hr-icon-no'><span class='hr-inner inner-border-av-border-thin'><span class=\"hr-inner-style\"><\/span><\/span><\/div><br \/>\nMaks. y\u00fck 200 kg<br \/>\n\n<style type=\"text\/css\" data-created_by=\"avia_inline_auto\" id=\"style-css-av-73gc1e3-cc5e5843c158399e8a35605e3de91869\">\n#top .hr.av-73gc1e3-cc5e5843c158399e8a35605e3de91869{\nmargin-top:0px;\nmargin-bottom:0px;\n}\n.hr.av-73gc1e3-cc5e5843c158399e8a35605e3de91869 .hr-inner{\nwidth:90%;\nborder-color:#d2d2d2;\n}\n<\/style>\n<div  class='hr av-73gc1e3-cc5e5843c158399e8a35605e3de91869 hr-custom hr-left hr-icon-no'><span class='hr-inner inner-border-av-border-thin'><span class=\"hr-inner-style\"><\/span><\/span><\/div><br \/>\n450 mm\u2019lik \u00e7aplara varan \u00f6l\u00e7me alan\u0131<br \/>\n\n<style type=\"text\/css\" data-created_by=\"avia_inline_auto\" id=\"style-css-av-6s9v0gb-109c38c83504be8937a6defb1da91507\">\n#top .hr.av-6s9v0gb-109c38c83504be8937a6defb1da91507{\nmargin-top:0px;\nmargin-bottom:0px;\n}\n.hr.av-6s9v0gb-109c38c83504be8937a6defb1da91507 .hr-inner{\nwidth:90%;\nborder-color:#d2d2d2;\n}\n<\/style>\n<div  class='hr av-6s9v0gb-109c38c83504be8937a6defb1da91507 hr-custom hr-left hr-icon-no'><span class='hr-inner inner-border-av-border-thin'><span class=\"hr-inner-style\"><\/span><\/span><\/div><\/div>\n<\/div><\/section><\/p><\/div>\n<style type=\"text\/css\" data-created_by=\"avia_inline_auto\" id=\"style-css-av-65baxbf-531cf19baf6a20a7d4cf295094ea20ea\">\n#top .flex_column.av-65baxbf-531cf19baf6a20a7d4cf295094ea20ea{\nmargin-top:0px;\nmargin-bottom:0px;\n}\n.flex_column.av-65baxbf-531cf19baf6a20a7d4cf295094ea20ea{\n-webkit-border-radius:0px 0px 0px 0px;\n-moz-border-radius:0px 0px 0px 0px;\nborder-radius:0px 0px 0px 0px;\npadding:30px 30px 30px 30px;\n}\n.responsive #top #wrap_all .flex_column.av-65baxbf-531cf19baf6a20a7d4cf295094ea20ea{\nmargin-top:0px;\nmargin-bottom:0px;\n}\n<\/style>\n<div class='flex_column av-65baxbf-531cf19baf6a20a7d4cf295094ea20ea av_one_half no_margin flex_column_div '     ><style type=\"text\/css\" data-created_by=\"avia_inline_auto\" id=\"style-css-av-5x4rscr-ab7dd7986bd966955fa4e07c046ec21b\">\n.avia-image-container.av-5x4rscr-ab7dd7986bd966955fa4e07c046ec21b img.avia_image{\nbox-shadow:none;\n}\n.avia-image-container.av-5x4rscr-ab7dd7986bd966955fa4e07c046ec21b .av-image-caption-overlay-center{\ncolor:#ffffff;\n}\n<\/style>\n<div  class='avia-image-container av-5x4rscr-ab7dd7986bd966955fa4e07c046ec21b av-styling- av-hover-grow avia-align-center'   itemprop=\"image\" itemscope=\"itemscope\" itemtype=\"https:\/\/schema.org\/ImageObject\" ><div class=\"avia-image-container-inner\"><div class=\"avia-image-overlay-wrap\"><img decoding=\"async\" class='wp-image-10447 avia-img-lazy-loading-not-10447 avia_image ' src=\"https:\/\/www.accretech.eu\/wp-content\/uploads\/2017\/03\/ACCRTECH-GmbH-Produkte-Industrielle-Messtechnik-RONDCOM_73A_NEW_frei-158x300.png\" alt='' title='ACCRTECH GmbH - Produkte - Industrielle Messtechnik RONDCOM_73A_NEW_frei'  height=\"300\" width=\"158\"  itemprop=\"thumbnailUrl\" srcset=\"https:\/\/www.accretech.eu\/wp-content\/uploads\/2017\/03\/ACCRTECH-GmbH-Produkte-Industrielle-Messtechnik-RONDCOM_73A_NEW_frei-158x300.png 158w, https:\/\/www.accretech.eu\/wp-content\/uploads\/2017\/03\/ACCRTECH-GmbH-Produkte-Industrielle-Messtechnik-RONDCOM_73A_NEW_frei.png 343w\" sizes=\"(max-width: 158px) 100vw, 158px\" \/><\/div><\/div><\/div><\/div>\n<style type=\"text\/css\" data-created_by=\"avia_inline_auto\" id=\"style-css-av-j82hm3-4ba938f0606adf42cd7f0b5bb2cabce8\">\n#top .flex_column.av-j82hm3-4ba938f0606adf42cd7f0b5bb2cabce8{\nmargin-top:30px;\nmargin-bottom:0px;\n}\n.flex_column.av-j82hm3-4ba938f0606adf42cd7f0b5bb2cabce8{\n-webkit-border-radius:0px 0px 0px 0px;\n-moz-border-radius:0px 0px 0px 0px;\nborder-radius:0px 0px 0px 0px;\npadding:0px 0px 0px 0px;\n}\n.responsive #top #wrap_all .flex_column.av-j82hm3-4ba938f0606adf42cd7f0b5bb2cabce8{\nmargin-top:30px;\nmargin-bottom:0px;\n}\n<\/style>\n<div class='flex_column av-j82hm3-4ba938f0606adf42cd7f0b5bb2cabce8 av_one_full first no_margin flex_column_div av-zero-column-padding '     ><section  class='av_textblock_section av-4ql8bt7-3b7cb5598dd506a525dcc68edd1809a9'  itemscope=\"itemscope\" itemtype=\"https:\/\/schema.org\/CreativeWork\" ><div class='avia_textblock'  itemprop=\"text\" ><ul style=\"line-height: 17px;\">\n<li><span style=\"font-family: f45;\">Tam otomatik CNC i\u015flemleri i\u00e7in ACCTee yaz\u0131l\u0131m\u0131<\/span><\/li>\n<li><span style=\"font-family: f45;\">Tx \/ Ty \/ Cx \/ Cy eksenleri \u00fczerinden CNC i\u015f par\u00e7as\u0131 hizalama<\/span><\/li>\n<li><span style=\"font-family: f45;\">R ekseni probu korumas\u0131 ve otomatik denge mekanizmas\u0131<\/span><\/li>\n<\/ul>\n<\/div><\/section><\/div>\n<style type=\"text\/css\" data-created_by=\"avia_inline_auto\" id=\"style-css-av-3stpr63-f0fbf205c4c002fde608e39d0ecb0722\">\n#top .flex_column.av-3stpr63-f0fbf205c4c002fde608e39d0ecb0722{\nmargin-top:0px;\nmargin-bottom:0px;\n}\n.flex_column.av-3stpr63-f0fbf205c4c002fde608e39d0ecb0722{\n-webkit-border-radius:0px 0px 0px 0px;\n-moz-border-radius:0px 0px 0px 0px;\nborder-radius:0px 0px 0px 0px;\npadding:15px 15px 15px 15px;\nbackground-color:#c9deed;\n}\n.responsive #top #wrap_all .flex_column.av-3stpr63-f0fbf205c4c002fde608e39d0ecb0722{\nmargin-top:0px;\nmargin-bottom:0px;\n}\n<\/style>\n<div class='flex_column av-3stpr63-f0fbf205c4c002fde608e39d0ecb0722 av_one_full first no_margin flex_column_div '     ><section  class='av_textblock_section av-3cq6ex7-8eac133f5953910a5aae321c6f384953'  itemscope=\"itemscope\" itemtype=\"https:\/\/schema.org\/CreativeWork\" ><div class='avia_textblock'  itemprop=\"text\" ><p><span style=\"font-family: frutiger; font-size: 20px;\">Kullan\u0131m alan\u0131<\/span><br \/>\n<span style=\"font-family: f45;\">RONDCOM 73, giderek daha k\u00fc\u00e7\u00fclen, daha hafif hale gelen, fakat en hassas \u00f6l\u00e7\u00fcmleri gerektiren motor bloklar\u0131, silindir kafalar\u0131 veya krank milleri i\u00e7in \u00f6zel olarak geli\u015ftirildi. Makine boyutlar\u0131 ve a\u011f\u0131rl\u0131\u011f\u0131 azalt\u0131ld\u0131 ve \u00f6l\u00e7\u00fcm do\u011fruluklar\u0131 art\u0131r\u0131ld\u0131. Yeni ACCTee yaz\u0131l\u0131m\u0131, Teach-in modunda \u00f6l\u00e7\u00fcm i\u015flemlerinin \u00e7ok basit bir \u015fekilde \u00e7al\u0131\u015ft\u0131r\u0131lmas\u0131n\u0131 ve programlanmas\u0131n\u0131 sa\u011flar.<\/span><\/p>\n<\/div><\/section><\/div><\/p>\n<\/div><\/div>\n<style type=\"text\/css\" data-created_by=\"avia_inline_auto\" id=\"style-css-av-2i80dm3-9d5f3f95aa77caad7652aafefd3b036b\">\n.flex_cell.av-2i80dm3-9d5f3f95aa77caad7652aafefd3b036b{\nvertical-align:top;\n}\n.responsive #top #wrap_all .flex_cell.av-2i80dm3-9d5f3f95aa77caad7652aafefd3b036b{\npadding:15px 0px 0px 0px !important;\n}\n<\/style>\n<div class='flex_cell av-2i80dm3-9d5f3f95aa77caad7652aafefd3b036b av-gridrow-cell av_one_third no_margin' ><div class='flex_cell_inner'>\n<style type=\"text\/css\" data-created_by=\"avia_inline_auto\" id=\"style-css-av-1xhgy6j-0e2d83a89e9f932590c9abdde5111b56\">\n.flex_column.av-1xhgy6j-0e2d83a89e9f932590c9abdde5111b56{\n-webkit-border-radius:0px 0px 0px 0px;\n-moz-border-radius:0px 0px 0px 0px;\nborder-radius:0px 0px 0px 0px;\npadding:0px 0px 0px 0px;\nbackground-color:#154194;\n}\n<\/style>\n<div class='flex_column av-1xhgy6j-0e2d83a89e9f932590c9abdde5111b56 av_one_full first no_margin flex_column_div av-hide-on-mobile av-zero-column-padding '     ><div  class='avia-builder-widget-area clearfix '><div id=\"nav_menu-31\" class=\"widget-odd widget-last widget-first widget-1 widget clearfix widget_nav_menu\"><div class=\"menu-neu-industrial-met-form-sub-englisch-tuerkisch-container\"><ul id=\"menu-neu-industrial-met-form-sub-englisch-tuerkisch\" class=\"menu\"><li id=\"menu-item-56929\" class=\"menu-item menu-item-type-post_type menu-item-object-page menu-item-has-children menu-item-56929\"><a href=\"https:\/\/www.accretech.eu\/tr\/?page_id=36877\">Otomatik hizalamal\u0131 tam otomatik cihazlar<\/a>\n<ul class=\"sub-menu\">\n\t<li id=\"menu-item-56930\" class=\"menu-item menu-item-type-post_type menu-item-object-page menu-item-56930\"><a href=\"https:\/\/www.accretech.eu\/tr\/rondcom-55\/\">RONDCOM 55<\/a><\/li>\n\t<li id=\"menu-item-56931\" class=\"menu-item menu-item-type-post_type menu-item-object-page menu-item-56931\"><a href=\"https:\/\/www.accretech.eu\/tr\/form-ve-dairesellik-cihazi\/tam-otomatik\/rondcom-60\/\">RONDCOM 60<\/a><\/li>\n\t<li id=\"menu-item-56945\" class=\"menu-item menu-item-type-post_type menu-item-object-page menu-item-56945\"><a href=\"https:\/\/www.accretech.eu\/tr\/form-ve-dairesellik-cihazi\/tam-otomatik\/rondcom-65\/\">RONDCOM 65<\/a><\/li>\n\t<li id=\"menu-item-56946\" class=\"menu-item menu-item-type-post_type menu-item-object-page menu-item-56946\"><a href=\"https:\/\/www.accretech.eu\/tr\/rondcom-nex-rs-200-300\/\">RONDCOM NEX RS 200\/300<\/a><\/li>\n\t<li id=\"menu-item-56947\" class=\"menu-item menu-item-type-post_type menu-item-object-page menu-item-56947\"><a href=\"https:\/\/www.accretech.eu\/tr\/rondcom-nex-200-300\/\">RONDCOM NEX 200\/300<\/a><\/li>\n\t<li id=\"menu-item-56948\" class=\"menu-item menu-item-type-post_type menu-item-object-page menu-item-56948\"><a href=\"https:\/\/www.accretech.eu\/tr\/form-ve-dairesellik-cihazi\/tam-otomatik\/rondcom-crest\/\">RONDCOM CREST<\/a><\/li>\n<\/ul>\n<\/li>\n<li id=\"menu-item-56949\" class=\"menu-item menu-item-type-post_type menu-item-object-page menu-item-has-children menu-item-56949\"><a href=\"https:\/\/www.accretech.eu\/tr\/?page_id=36878\">Manuel hizalamal\u0131 otomatik cihazlar<\/a>\n<ul class=\"sub-menu\">\n\t<li id=\"menu-item-56950\" class=\"menu-item menu-item-type-post_type menu-item-object-page menu-item-56950\"><a href=\"https:\/\/www.accretech.eu\/tr\/form-ve-dairesellik-cihazi\/otomatik-manuel-hizalama\/rondcom-31\/\">RONDCOM 31<\/a><\/li>\n\t<li id=\"menu-item-56951\" class=\"menu-item menu-item-type-post_type menu-item-object-page menu-item-56951\"><a href=\"https:\/\/www.accretech.eu\/tr\/form-ve-dairesellik-cihazi\/otomatik-manuel-hizalama\/rondcom-41\/\">RONDCOM 41<\/a><\/li>\n\t<li id=\"menu-item-56952\" class=\"menu-item menu-item-type-post_type menu-item-object-page menu-item-56952\"><a href=\"https:\/\/www.accretech.eu\/tr\/rondcom-43\/\">Rondcom 43<\/a><\/li>\n\t<li id=\"menu-item-56953\" class=\"menu-item menu-item-type-post_type menu-item-object-page menu-item-56953\"><a href=\"https:\/\/www.accretech.eu\/tr\/rondcom-nex-100\/\">RONDCOM NEX 100<\/a><\/li>\n<\/ul>\n<\/li>\n<li id=\"menu-item-56994\" class=\"menu-item menu-item-type-post_type menu-item-object-page menu-item-has-children menu-item-56994\"><a href=\"https:\/\/www.accretech.eu\/tr\/?page_id=36879\">Manuel s\u00fctunlu cihazlar<\/a>\n<ul class=\"sub-menu\">\n\t<li id=\"menu-item-56995\" class=\"menu-item menu-item-type-post_type menu-item-object-page menu-item-56995\"><a href=\"https:\/\/www.accretech.eu\/tr\/form-ve-dairesellik-cihazi\/manuel-sutunlu\/rondcom-touch\/\">RONDCOM TOUCH<\/a><\/li>\n<\/ul>\n<\/li>\n<li id=\"menu-item-57000\" class=\"menu-item menu-item-type-post_type menu-item-object-page menu-item-57000\"><a href=\"https:\/\/www.accretech.eu\/tr\/?page_id=34767\">Integr\u00e1lt ACCTee elemz\u0151szoftver &#8211; Form ve Dairesellik Cihaz\u0131<\/a><\/li>\n<li id=\"menu-item-56997\" class=\"menu-item menu-item-type-post_type menu-item-object-page menu-item-56997\"><a href=\"https:\/\/www.accretech.eu\/tr\/form-ve-dairesellik-cihazi\/tam-otomatik-cihazlar\/rondcom-73\/\">RONDCOM 73<\/a><\/li>\n<li id=\"menu-item-56998\" class=\"menu-item menu-item-type-post_type menu-item-object-page menu-item-56998\"><a href=\"https:\/\/www.accretech.eu\/tr\/form-ve-dairesellik-cihazi\/tam-otomatik-cihazlar\/rondcom-76\/\">RONDCOM 76<\/a><\/li>\n<\/ul><\/div><\/div><\/div><\/div>\n<\/div><\/div><\/div>\n","protected":false},"excerpt":{"rendered":"<p>Kompakt tasar\u0131m ve geni\u015f \u00f6l\u00e7\u00fcm aral\u0131\u011f\u0131<\/p>\n","protected":false},"author":1,"featured_media":0,"parent":36880,"menu_order":0,"comment_status":"closed","ping_status":"closed","template":"","meta":{"footnotes":""},"filter_category":[],"filter_measurements":[],"class_list":["post-10411","page","type-page","status-publish","hentry"],"acf":[],"yoast_head":"<!-- This site is optimized with the Yoast SEO Premium plugin v26.1 (Yoast SEO v26.1.1) - https:\/\/yoast.com\/wordpress\/plugins\/seo\/ -->\n<title>RONDCOM 73 - ACCRETECH (Europe)<\/title>\n<meta name=\"robots\" content=\"index, follow, max-snippet:-1, max-image-preview:large, max-video-preview:-1\" \/>\n<link rel=\"canonical\" href=\"https:\/\/www.accretech.eu\/tr\/form-ve-dairesellik-cihazi\/tam-otomatik-cihazlar\/rondcom-73\/\" \/>\n<meta property=\"og:locale\" content=\"tr_TR\" \/>\n<meta property=\"og:type\" content=\"article\" \/>\n<meta property=\"og:title\" content=\"RONDCOM 73\" \/>\n<meta property=\"og:description\" content=\"Kompakt tasar\u0131m ve geni\u015f \u00f6l\u00e7\u00fcm aral\u0131\u011f\u0131\" \/>\n<meta property=\"og:url\" content=\"https:\/\/www.accretech.eu\/tr\/form-ve-dairesellik-cihazi\/tam-otomatik-cihazlar\/rondcom-73\/\" \/>\n<meta property=\"og:site_name\" content=\"ACCRETECH (Europe)\" \/>\n<meta property=\"article:modified_time\" content=\"2021-09-05T23:04:49+00:00\" \/>\n<meta name=\"twitter:card\" content=\"summary_large_image\" \/>\n<meta name=\"twitter:label1\" content=\"Tahmini okuma s\u00fcresi\" \/>\n\t<meta name=\"twitter:data1\" content=\"5 dakika\" \/>\n<script type=\"application\/ld+json\" class=\"yoast-schema-graph\">{\"@context\":\"https:\/\/schema.org\",\"@graph\":[{\"@type\":\"WebPage\",\"@id\":\"https:\/\/www.accretech.eu\/tr\/form-ve-dairesellik-cihazi\/tam-otomatik-cihazlar\/rondcom-73\/\",\"url\":\"https:\/\/www.accretech.eu\/tr\/form-ve-dairesellik-cihazi\/tam-otomatik-cihazlar\/rondcom-73\/\",\"name\":\"RONDCOM 73 - ACCRETECH (Europe)\",\"isPartOf\":{\"@id\":\"https:\/\/www.accretech.eu\/it\/#website\"},\"datePublished\":\"2017-03-25T21:17:18+00:00\",\"dateModified\":\"2021-09-05T23:04:49+00:00\",\"breadcrumb\":{\"@id\":\"https:\/\/www.accretech.eu\/tr\/form-ve-dairesellik-cihazi\/tam-otomatik-cihazlar\/rondcom-73\/#breadcrumb\"},\"inLanguage\":\"tr\",\"potentialAction\":[{\"@type\":\"ReadAction\",\"target\":[\"https:\/\/www.accretech.eu\/tr\/form-ve-dairesellik-cihazi\/tam-otomatik-cihazlar\/rondcom-73\/\"]}]},{\"@type\":\"BreadcrumbList\",\"@id\":\"https:\/\/www.accretech.eu\/tr\/form-ve-dairesellik-cihazi\/tam-otomatik-cihazlar\/rondcom-73\/#breadcrumb\",\"itemListElement\":[{\"@type\":\"ListItem\",\"position\":1,\"name\":\"Startseite\",\"item\":\"https:\/\/www.accretech.eu\/tr\/home-2\/\"},{\"@type\":\"ListItem\",\"position\":2,\"name\":\"Form ve Dairesellik Cihaz\u0131\",\"item\":\"https:\/\/www.accretech.eu\/tr\/?page_id=36876\"},{\"@type\":\"ListItem\",\"position\":3,\"name\":\"Tam otomatik cihazlar\",\"item\":\"https:\/\/www.accretech.eu\/tr\/?page_id=36880\"},{\"@type\":\"ListItem\",\"position\":4,\"name\":\"RONDCOM 73\"}]},{\"@type\":\"WebSite\",\"@id\":\"https:\/\/www.accretech.eu\/it\/#website\",\"url\":\"https:\/\/www.accretech.eu\/it\/\",\"name\":\"ACCRETECH (Europe)\",\"description\":\"\",\"publisher\":{\"@id\":\"https:\/\/www.accretech.eu\/it\/#organization\"},\"potentialAction\":[{\"@type\":\"SearchAction\",\"target\":{\"@type\":\"EntryPoint\",\"urlTemplate\":\"https:\/\/www.accretech.eu\/it\/?s={search_term_string}\"},\"query-input\":{\"@type\":\"PropertyValueSpecification\",\"valueRequired\":true,\"valueName\":\"search_term_string\"}}],\"inLanguage\":\"tr\"},{\"@type\":\"Organization\",\"@id\":\"https:\/\/www.accretech.eu\/it\/#organization\",\"name\":\"ACCRETECH (Europe) GmbH\",\"url\":\"https:\/\/www.accretech.eu\/it\/\",\"logo\":{\"@type\":\"ImageObject\",\"inLanguage\":\"tr\",\"@id\":\"https:\/\/www.accretech.eu\/it\/#\/schema\/logo\/image\/\",\"url\":\"https:\/\/www.accretech.eu\/wp-content\/uploads\/2016\/10\/accretech-europe_logo.png\",\"contentUrl\":\"https:\/\/www.accretech.eu\/wp-content\/uploads\/2016\/10\/accretech-europe_logo.png\",\"width\":312,\"height\":42,\"caption\":\"ACCRETECH (Europe) GmbH\"},\"image\":{\"@id\":\"https:\/\/www.accretech.eu\/it\/#\/schema\/logo\/image\/\"}}]}<\/script>\n<!-- \/ Yoast SEO Premium plugin. -->","yoast_head_json":{"title":"RONDCOM 73 - ACCRETECH (Europe)","robots":{"index":"index","follow":"follow","max-snippet":"max-snippet:-1","max-image-preview":"max-image-preview:large","max-video-preview":"max-video-preview:-1"},"canonical":"https:\/\/www.accretech.eu\/tr\/form-ve-dairesellik-cihazi\/tam-otomatik-cihazlar\/rondcom-73\/","og_locale":"tr_TR","og_type":"article","og_title":"RONDCOM 73","og_description":"Kompakt tasar\u0131m ve geni\u015f \u00f6l\u00e7\u00fcm aral\u0131\u011f\u0131","og_url":"https:\/\/www.accretech.eu\/tr\/form-ve-dairesellik-cihazi\/tam-otomatik-cihazlar\/rondcom-73\/","og_site_name":"ACCRETECH (Europe)","article_modified_time":"2021-09-05T23:04:49+00:00","twitter_card":"summary_large_image","twitter_misc":{"Tahmini okuma s\u00fcresi":"5 dakika"},"schema":{"@context":"https:\/\/schema.org","@graph":[{"@type":"WebPage","@id":"https:\/\/www.accretech.eu\/tr\/form-ve-dairesellik-cihazi\/tam-otomatik-cihazlar\/rondcom-73\/","url":"https:\/\/www.accretech.eu\/tr\/form-ve-dairesellik-cihazi\/tam-otomatik-cihazlar\/rondcom-73\/","name":"RONDCOM 73 - ACCRETECH (Europe)","isPartOf":{"@id":"https:\/\/www.accretech.eu\/it\/#website"},"datePublished":"2017-03-25T21:17:18+00:00","dateModified":"2021-09-05T23:04:49+00:00","breadcrumb":{"@id":"https:\/\/www.accretech.eu\/tr\/form-ve-dairesellik-cihazi\/tam-otomatik-cihazlar\/rondcom-73\/#breadcrumb"},"inLanguage":"tr","potentialAction":[{"@type":"ReadAction","target":["https:\/\/www.accretech.eu\/tr\/form-ve-dairesellik-cihazi\/tam-otomatik-cihazlar\/rondcom-73\/"]}]},{"@type":"BreadcrumbList","@id":"https:\/\/www.accretech.eu\/tr\/form-ve-dairesellik-cihazi\/tam-otomatik-cihazlar\/rondcom-73\/#breadcrumb","itemListElement":[{"@type":"ListItem","position":1,"name":"Startseite","item":"https:\/\/www.accretech.eu\/tr\/home-2\/"},{"@type":"ListItem","position":2,"name":"Form ve Dairesellik Cihaz\u0131","item":"https:\/\/www.accretech.eu\/tr\/?page_id=36876"},{"@type":"ListItem","position":3,"name":"Tam otomatik cihazlar","item":"https:\/\/www.accretech.eu\/tr\/?page_id=36880"},{"@type":"ListItem","position":4,"name":"RONDCOM 73"}]},{"@type":"WebSite","@id":"https:\/\/www.accretech.eu\/it\/#website","url":"https:\/\/www.accretech.eu\/it\/","name":"ACCRETECH (Europe)","description":"","publisher":{"@id":"https:\/\/www.accretech.eu\/it\/#organization"},"potentialAction":[{"@type":"SearchAction","target":{"@type":"EntryPoint","urlTemplate":"https:\/\/www.accretech.eu\/it\/?s={search_term_string}"},"query-input":{"@type":"PropertyValueSpecification","valueRequired":true,"valueName":"search_term_string"}}],"inLanguage":"tr"},{"@type":"Organization","@id":"https:\/\/www.accretech.eu\/it\/#organization","name":"ACCRETECH (Europe) GmbH","url":"https:\/\/www.accretech.eu\/it\/","logo":{"@type":"ImageObject","inLanguage":"tr","@id":"https:\/\/www.accretech.eu\/it\/#\/schema\/logo\/image\/","url":"https:\/\/www.accretech.eu\/wp-content\/uploads\/2016\/10\/accretech-europe_logo.png","contentUrl":"https:\/\/www.accretech.eu\/wp-content\/uploads\/2016\/10\/accretech-europe_logo.png","width":312,"height":42,"caption":"ACCRETECH (Europe) GmbH"},"image":{"@id":"https:\/\/www.accretech.eu\/it\/#\/schema\/logo\/image\/"}}]}},"_links":{"self":[{"href":"https:\/\/www.accretech.eu\/tr\/wp-json\/wp\/v2\/pages\/10411","targetHints":{"allow":["GET"]}}],"collection":[{"href":"https:\/\/www.accretech.eu\/tr\/wp-json\/wp\/v2\/pages"}],"about":[{"href":"https:\/\/www.accretech.eu\/tr\/wp-json\/wp\/v2\/types\/page"}],"author":[{"embeddable":true,"href":"https:\/\/www.accretech.eu\/tr\/wp-json\/wp\/v2\/users\/1"}],"replies":[{"embeddable":true,"href":"https:\/\/www.accretech.eu\/tr\/wp-json\/wp\/v2\/comments?post=10411"}],"version-history":[{"count":0,"href":"https:\/\/www.accretech.eu\/tr\/wp-json\/wp\/v2\/pages\/10411\/revisions"}],"up":[{"embeddable":true,"href":"https:\/\/www.accretech.eu\/tr\/wp-json\/wp\/v2\/pages\/36880"}],"wp:attachment":[{"href":"https:\/\/www.accretech.eu\/tr\/wp-json\/wp\/v2\/media?parent=10411"}],"wp:term":[{"taxonomy":"filter_category","embeddable":true,"href":"https:\/\/www.accretech.eu\/tr\/wp-json\/wp\/v2\/filter_category?post=10411"},{"taxonomy":"filter_measurements","embeddable":true,"href":"https:\/\/www.accretech.eu\/tr\/wp-json\/wp\/v2\/filter_measurements?post=10411"}],"curies":[{"name":"wp","href":"https:\/\/api.w.org\/{rel}","templated":true}]}}