{"id":10467,"date":"2017-03-25T22:13:25","date_gmt":"2017-03-25T21:13:25","guid":{"rendered":"https:\/\/accretech.eu\/rondcom-41\/"},"modified":"2021-09-06T01:03:38","modified_gmt":"2021-09-05T23:03:38","slug":"rondcom-41","status":"publish","type":"page","link":"https:\/\/www.accretech.eu\/tr\/form-ve-dairesellik-cihazi\/otomatik-manuel-hizalama\/rondcom-41\/","title":{"rendered":"RONDCOM 41"},"content":{"rendered":"<\/div><\/div><\/div><!-- close content main div --><\/div><\/div><div id='standard-grid'  class='av-layout-grid-container av-bcv7cbn-ef5d8690d2503d682b07d3fb6e703966 entry-content-wrapper main_color av-flex-cells  container_wrap fullsize'  >\n\n<style type=\"text\/css\" data-created_by=\"avia_inline_auto\" id=\"style-css-av-aw6roqr-4c5c6c84297fb29957177a11dfda60a8\">\n.flex_cell.av-aw6roqr-4c5c6c84297fb29957177a11dfda60a8{\nvertical-align:top;\n}\n.responsive #top #wrap_all .flex_cell.av-aw6roqr-4c5c6c84297fb29957177a11dfda60a8{\npadding:0px 20px 0px 0px !important;\n}\n<\/style>\n<div class='flex_cell av-aw6roqr-4c5c6c84297fb29957177a11dfda60a8 av-gridrow-cell av_two_third no_margin' ><div class='flex_cell_inner'><p>\n<style type=\"text\/css\" data-created_by=\"avia_inline_auto\" id=\"style-css-av-agj8wo3-361ce5ef806e878064b1e5b9247fb06d\">\n.flex_column.av-agj8wo3-361ce5ef806e878064b1e5b9247fb06d{\n-webkit-border-radius:0px 0px 0px 0px;\n-moz-border-radius:0px 0px 0px 0px;\nborder-radius:0px 0px 0px 0px;\npadding:0px 0px 0px 0px;\n}\n<\/style>\n<div class='flex_column av-agj8wo3-361ce5ef806e878064b1e5b9247fb06d av_one_full first no_margin flex_column_div av-zero-column-padding '     ><\/div>\n<style type=\"text\/css\" data-created_by=\"avia_inline_auto\" id=\"style-css-av-9cl8n9f-3c1bb3e59f25f38113f578b91b413d59\">\n#top .flex_column.av-9cl8n9f-3c1bb3e59f25f38113f578b91b413d59{\nmargin-top:30px;\nmargin-bottom:0px;\n}\n.flex_column.av-9cl8n9f-3c1bb3e59f25f38113f578b91b413d59{\n-webkit-border-radius:0px 0px 0px 0px;\n-moz-border-radius:0px 0px 0px 0px;\nborder-radius:0px 0px 0px 0px;\npadding:0px 0px 0px 0px;\n}\n.responsive #top #wrap_all .flex_column.av-9cl8n9f-3c1bb3e59f25f38113f578b91b413d59{\nmargin-top:30px;\nmargin-bottom:0px;\n}\n<\/style>\n<div class='flex_column av-9cl8n9f-3c1bb3e59f25f38113f578b91b413d59 av_one_half first no_margin flex_column_div av-zero-column-padding '     ><section  class='av_textblock_section av-8xtt4oz-c9667210671f9dd449c40165bf2e74c2'  itemscope=\"itemscope\" itemtype=\"https:\/\/schema.org\/CreativeWork\" ><div class='avia_textblock'  itemprop=\"text\" ><h1><span style=\"color: #154194; font-size: 36px; font-family: frutiger;\">RONDCOM 41<\/span><\/h1>\n<p><span style=\"font-family: f55;\">Y\u00fcksek hassasiyetli Z eksenli man\u00fcel form \u00f6l\u00e7\u00fcm istasyonu<\/span><\/p>\n<\/div><\/section><br \/>\n\n<style type=\"text\/css\" data-created_by=\"avia_inline_auto\" id=\"style-css-av-u9u6wz-2972658ab10c2bbdc0c0d9501dc70ea2\">\n#top .av_textblock_section.av-u9u6wz-2972658ab10c2bbdc0c0d9501dc70ea2 .avia_textblock{\nfont-size:16px;\n}\n<\/style>\n<section  class='av_textblock_section av-u9u6wz-2972658ab10c2bbdc0c0d9501dc70ea2'  itemscope=\"itemscope\" itemtype=\"https:\/\/schema.org\/CreativeWork\" ><div class='avia_textblock'  itemprop=\"text\" ><div style=\"line-height: 15px; margin-top: 30px;\">\u0130\u015f par\u00e7as\u0131n\u0131n hizalanmas\u0131nda yaz\u0131l\u0131m deste\u011fi<br \/>\n\n<style type=\"text\/css\" data-created_by=\"avia_inline_auto\" id=\"style-css-av-svrmxv-62da94281d5752fcda9ad030f1a84b82\">\n#top .hr.av-svrmxv-62da94281d5752fcda9ad030f1a84b82{\nmargin-top:0px;\nmargin-bottom:0px;\n}\n.hr.av-svrmxv-62da94281d5752fcda9ad030f1a84b82 .hr-inner{\nwidth:90%;\nborder-color:#d2d2d2;\n}\n<\/style>\n<div  class='hr av-svrmxv-62da94281d5752fcda9ad030f1a84b82 hr-custom hr-left hr-icon-no'><span class='hr-inner inner-border-av-border-thin'><span class=\"hr-inner-style\"><\/span><\/span><\/div><br \/>\n250 mm\u2019lik d\u0131\u015f \u00e7aplara varan \u00f6l\u00e7me alan\u0131<br \/>\n\n<style type=\"text\/css\" data-created_by=\"avia_inline_auto\" id=\"style-css-av-7s5chxf-1fcd77fdec59f967f4552c725db8bef9\">\n#top .hr.av-7s5chxf-1fcd77fdec59f967f4552c725db8bef9{\nmargin-top:0px;\nmargin-bottom:0px;\n}\n.hr.av-7s5chxf-1fcd77fdec59f967f4552c725db8bef9 .hr-inner{\nwidth:90%;\nborder-color:#d2d2d2;\n}\n<\/style>\n<div  class='hr av-7s5chxf-1fcd77fdec59f967f4552c725db8bef9 hr-custom hr-left hr-icon-no'><span class='hr-inner inner-border-av-border-thin'><span class=\"hr-inner-style\"><\/span><\/span><\/div><br \/>\nRotasyon do\u011frulu\u011fu: (0,04+6H\/10.000) \u00b5m<br \/>\n\n<style type=\"text\/css\" data-created_by=\"avia_inline_auto\" id=\"style-css-av-78w7ngj-ce291dc2a0768f6a8437625f95ed1515\">\n#top .hr.av-78w7ngj-ce291dc2a0768f6a8437625f95ed1515{\nmargin-top:0px;\nmargin-bottom:0px;\n}\n.hr.av-78w7ngj-ce291dc2a0768f6a8437625f95ed1515 .hr-inner{\nwidth:90%;\nborder-color:#d2d2d2;\n}\n<\/style>\n<div  class='hr av-78w7ngj-ce291dc2a0768f6a8437625f95ed1515 hr-custom hr-left hr-icon-no'><span class='hr-inner inner-border-av-border-thin'><span class=\"hr-inner-style\"><\/span><\/span><\/div><br \/>\nZ ekseninin do\u011frulu\u011fu: 0,5 \u00b5m \/ 100 mm<br \/>\n\n<style type=\"text\/css\" data-created_by=\"avia_inline_auto\" id=\"style-css-av-6ln8h8j-323528fa891a08a947781d7592592029\">\n#top .hr.av-6ln8h8j-323528fa891a08a947781d7592592029{\nmargin-top:0px;\nmargin-bottom:0px;\n}\n.hr.av-6ln8h8j-323528fa891a08a947781d7592592029 .hr-inner{\nwidth:90%;\nborder-color:#d2d2d2;\n}\n<\/style>\n<div  class='hr av-6ln8h8j-323528fa891a08a947781d7592592029 hr-custom hr-left hr-icon-no'><span class='hr-inner inner-border-av-border-thin'><span class=\"hr-inner-style\"><\/span><\/span><\/div><\/div>\n<\/div><\/section><\/p><\/div>\n<style type=\"text\/css\" data-created_by=\"avia_inline_auto\" id=\"style-css-av-60z0n2b-4a19d0e05fd73311155620b243cbf63a\">\n#top .flex_column.av-60z0n2b-4a19d0e05fd73311155620b243cbf63a{\nmargin-top:0px;\nmargin-bottom:0px;\n}\n.flex_column.av-60z0n2b-4a19d0e05fd73311155620b243cbf63a{\n-webkit-border-radius:0px 0px 0px 0px;\n-moz-border-radius:0px 0px 0px 0px;\nborder-radius:0px 0px 0px 0px;\npadding:30px 30px 30px 30px;\n}\n.responsive #top #wrap_all .flex_column.av-60z0n2b-4a19d0e05fd73311155620b243cbf63a{\nmargin-top:0px;\nmargin-bottom:0px;\n}\n<\/style>\n<div class='flex_column av-60z0n2b-4a19d0e05fd73311155620b243cbf63a av_one_half no_margin flex_column_div '     ><style type=\"text\/css\" data-created_by=\"avia_inline_auto\" id=\"style-css-av-5mebbmr-b1b5eb6e3501e1b15c81a905f3f4ba3c\">\n.avia-image-container.av-5mebbmr-b1b5eb6e3501e1b15c81a905f3f4ba3c img.avia_image{\nbox-shadow:none;\n}\n.avia-image-container.av-5mebbmr-b1b5eb6e3501e1b15c81a905f3f4ba3c .av-image-caption-overlay-center{\ncolor:#ffffff;\n}\n<\/style>\n<div  class='avia-image-container av-5mebbmr-b1b5eb6e3501e1b15c81a905f3f4ba3c av-styling- av-hover-grow avia-align-center'   itemprop=\"image\" itemscope=\"itemscope\" itemtype=\"https:\/\/schema.org\/ImageObject\" ><div class=\"avia-image-container-inner\"><div class=\"avia-image-overlay-wrap\"><img decoding=\"async\" class='wp-image-10444 avia-img-lazy-loading-not-10444 avia_image ' src=\"https:\/\/www.accretech.eu\/wp-content\/uploads\/2017\/03\/ACCRTECH-GmbH-Produkte-Industrielle-Messtechnik-RONDCOM_41-259x300.png\" alt='' title='ACCRTECH GmbH - Produkte - Industrielle Messtechnik RONDCOM_41'  height=\"300\" width=\"259\"  itemprop=\"thumbnailUrl\" srcset=\"https:\/\/www.accretech.eu\/wp-content\/uploads\/2017\/03\/ACCRTECH-GmbH-Produkte-Industrielle-Messtechnik-RONDCOM_41-259x300.png 259w, https:\/\/www.accretech.eu\/wp-content\/uploads\/2017\/03\/ACCRTECH-GmbH-Produkte-Industrielle-Messtechnik-RONDCOM_41-450x522.png 450w, https:\/\/www.accretech.eu\/wp-content\/uploads\/2017\/03\/ACCRTECH-GmbH-Produkte-Industrielle-Messtechnik-RONDCOM_41.png 509w\" sizes=\"(max-width: 259px) 100vw, 259px\" \/><\/div><\/div><\/div><\/div>\n<style type=\"text\/css\" data-created_by=\"avia_inline_auto\" id=\"style-css-av-5gmpgzn-e2bbfc674d7398be2f3db210c5e2a175\">\n#top .flex_column.av-5gmpgzn-e2bbfc674d7398be2f3db210c5e2a175{\nmargin-top:30px;\nmargin-bottom:0px;\n}\n.flex_column.av-5gmpgzn-e2bbfc674d7398be2f3db210c5e2a175{\n-webkit-border-radius:0px 0px 0px 0px;\n-moz-border-radius:0px 0px 0px 0px;\nborder-radius:0px 0px 0px 0px;\npadding:0px 0px 0px 0px;\n}\n.responsive #top #wrap_all .flex_column.av-5gmpgzn-e2bbfc674d7398be2f3db210c5e2a175{\nmargin-top:30px;\nmargin-bottom:0px;\n}\n<\/style>\n<div class='flex_column av-5gmpgzn-e2bbfc674d7398be2f3db210c5e2a175 av_one_full first no_margin flex_column_div av-zero-column-padding '     ><section  class='av_textblock_section av-4tr6p1f-3d7a49463e21e4a17464b4bc3e62fe0e'  itemscope=\"itemscope\" itemtype=\"https:\/\/schema.org\/CreativeWork\" ><div class='avia_textblock'  itemprop=\"text\" ><ul style=\"line-height: 17px;\">\n<li><span style=\"font-family: f45;\">Y\u00fcksek kaliteli akslara sahip haval\u0131 d\u00f6ner tabla, iste\u011fe ba\u011fl\u0131 olarak 500 mm Z s\u00fctunu<\/span><\/li>\n<li><span style=\"font-family: f45;\">\u00d6l\u00e7\u00fcm aral\u0131\u011f\u0131 ve dokunmatik kuvvet de\u011fi\u015fken ayarlanabilir<\/span><\/li>\n<li><span style=\"font-family: f45;\">Yar\u0131 otomatik i\u015fleyi\u015f a\u015famalar\u0131<\/span><\/li>\n<li><span style=\"font-family: f45;\">\u00c7\u0131kt\u0131l\u0131 CNC analizi<\/span><\/li>\n<li><span style=\"font-family: f45;\">Merkezleme ve tesviyeye y\u00f6nelik yard\u0131mc\u0131 i\u015flevler sunan ACCTee \u00f6l\u00e7\u00fcm yaz\u0131l\u0131m\u0131<\/span><\/li>\n<li><span style=\"font-family: f45;\">Maks. 25 kg\u2019a kadar a\u011f\u0131rl\u0131\u011fa sahip i\u015f par\u00e7alar\u0131<\/span><\/li>\n<\/ul>\n<\/div><\/section><\/div>\n<style type=\"text\/css\" data-created_by=\"avia_inline_auto\" id=\"style-css-av-41o4dj7-5e1c9286067eba125f4cc6e767fb1e80\">\n#top .flex_column.av-41o4dj7-5e1c9286067eba125f4cc6e767fb1e80{\nmargin-top:0px;\nmargin-bottom:0px;\n}\n.flex_column.av-41o4dj7-5e1c9286067eba125f4cc6e767fb1e80{\n-webkit-border-radius:0px 0px 0px 0px;\n-moz-border-radius:0px 0px 0px 0px;\nborder-radius:0px 0px 0px 0px;\npadding:15px 15px 15px 15px;\nbackground-color:#c9deed;\n}\n.responsive #top #wrap_all .flex_column.av-41o4dj7-5e1c9286067eba125f4cc6e767fb1e80{\nmargin-top:0px;\nmargin-bottom:0px;\n}\n<\/style>\n<div class='flex_column av-41o4dj7-5e1c9286067eba125f4cc6e767fb1e80 av_one_full first no_margin flex_column_div '     ><section  class='av_textblock_section av-3nt74lf-20a78b05af40f6fc7bfa34127b76f107'  itemscope=\"itemscope\" itemtype=\"https:\/\/schema.org\/CreativeWork\" ><div class='avia_textblock'  itemprop=\"text\" ><p><span style=\"font-family: frutiger; font-size: 20px;\">Kullan\u0131m alan\u0131<\/span><br \/>\n<span style=\"font-family: f45;\">RONDCOM 41, kutupsal ve do\u011frusal parametrelerin \u00f6l\u00e7\u00fcm\u00fc, \u00f6rn. silindirik \u015fekil, d\u00fczl\u00fck ve merkeziyet\u00e7ilik, vs. i\u00e7in h\u0131zl\u0131, kolay ve hassas kullan\u0131m \u015fekliyle \u00f6n plana \u00e7\u0131kmaktad\u0131r.<\/span><\/p>\n<\/div><\/section><\/div><\/p>\n<\/div><\/div>\n<style type=\"text\/css\" data-created_by=\"avia_inline_auto\" id=\"style-css-av-2p2yzdv-1207a62bd9398c52d92e0ca5e205c827\">\n.flex_cell.av-2p2yzdv-1207a62bd9398c52d92e0ca5e205c827{\nvertical-align:top;\n}\n.responsive #top #wrap_all .flex_cell.av-2p2yzdv-1207a62bd9398c52d92e0ca5e205c827{\npadding:15px 0px 0px 0px !important;\n}\n<\/style>\n<div class='flex_cell av-2p2yzdv-1207a62bd9398c52d92e0ca5e205c827 av-gridrow-cell av_one_third no_margin' ><div class='flex_cell_inner'>\n<style type=\"text\/css\" data-created_by=\"avia_inline_auto\" id=\"style-css-av-214xglf-dd1bd8de432ff5844533067042c2e9fd\">\n.flex_column.av-214xglf-dd1bd8de432ff5844533067042c2e9fd{\n-webkit-border-radius:0px 0px 0px 0px;\n-moz-border-radius:0px 0px 0px 0px;\nborder-radius:0px 0px 0px 0px;\npadding:0px 0px 0px 0px;\nbackground-color:#154194;\n}\n<\/style>\n<div class='flex_column av-214xglf-dd1bd8de432ff5844533067042c2e9fd av_one_full first no_margin flex_column_div av-hide-on-mobile av-zero-column-padding '     ><div  class='avia-builder-widget-area clearfix '><div id=\"nav_menu-31\" class=\"widget-odd widget-last widget-first widget-1 widget clearfix widget_nav_menu\"><div class=\"menu-neu-industrial-met-form-sub-englisch-tuerkisch-container\"><ul id=\"menu-neu-industrial-met-form-sub-englisch-tuerkisch\" class=\"menu\"><li id=\"menu-item-56929\" class=\"menu-item menu-item-type-post_type menu-item-object-page menu-item-has-children menu-item-56929\"><a href=\"https:\/\/www.accretech.eu\/tr\/?page_id=36877\">Otomatik hizalamal\u0131 tam otomatik cihazlar<\/a>\n<ul class=\"sub-menu\">\n\t<li id=\"menu-item-56930\" class=\"menu-item menu-item-type-post_type menu-item-object-page menu-item-56930\"><a href=\"https:\/\/www.accretech.eu\/tr\/rondcom-55\/\">RONDCOM 55<\/a><\/li>\n\t<li id=\"menu-item-56931\" class=\"menu-item menu-item-type-post_type menu-item-object-page menu-item-56931\"><a href=\"https:\/\/www.accretech.eu\/tr\/form-ve-dairesellik-cihazi\/tam-otomatik\/rondcom-60\/\">RONDCOM 60<\/a><\/li>\n\t<li id=\"menu-item-56945\" class=\"menu-item menu-item-type-post_type menu-item-object-page menu-item-56945\"><a href=\"https:\/\/www.accretech.eu\/tr\/form-ve-dairesellik-cihazi\/tam-otomatik\/rondcom-65\/\">RONDCOM 65<\/a><\/li>\n\t<li id=\"menu-item-56946\" class=\"menu-item menu-item-type-post_type menu-item-object-page menu-item-56946\"><a href=\"https:\/\/www.accretech.eu\/tr\/rondcom-nex-rs-200-300\/\">RONDCOM NEX RS 200\/300<\/a><\/li>\n\t<li id=\"menu-item-56947\" class=\"menu-item menu-item-type-post_type menu-item-object-page menu-item-56947\"><a href=\"https:\/\/www.accretech.eu\/tr\/rondcom-nex-200-300\/\">RONDCOM NEX 200\/300<\/a><\/li>\n\t<li id=\"menu-item-56948\" class=\"menu-item menu-item-type-post_type menu-item-object-page menu-item-56948\"><a href=\"https:\/\/www.accretech.eu\/tr\/form-ve-dairesellik-cihazi\/tam-otomatik\/rondcom-crest\/\">RONDCOM CREST<\/a><\/li>\n<\/ul>\n<\/li>\n<li id=\"menu-item-56949\" class=\"menu-item menu-item-type-post_type menu-item-object-page menu-item-has-children menu-item-56949\"><a href=\"https:\/\/www.accretech.eu\/tr\/?page_id=36878\">Manuel hizalamal\u0131 otomatik cihazlar<\/a>\n<ul class=\"sub-menu\">\n\t<li id=\"menu-item-56950\" class=\"menu-item menu-item-type-post_type menu-item-object-page menu-item-56950\"><a href=\"https:\/\/www.accretech.eu\/tr\/form-ve-dairesellik-cihazi\/otomatik-manuel-hizalama\/rondcom-31\/\">RONDCOM 31<\/a><\/li>\n\t<li id=\"menu-item-56951\" class=\"menu-item menu-item-type-post_type menu-item-object-page menu-item-56951\"><a href=\"https:\/\/www.accretech.eu\/tr\/form-ve-dairesellik-cihazi\/otomatik-manuel-hizalama\/rondcom-41\/\">RONDCOM 41<\/a><\/li>\n\t<li id=\"menu-item-56952\" class=\"menu-item menu-item-type-post_type menu-item-object-page menu-item-56952\"><a href=\"https:\/\/www.accretech.eu\/tr\/rondcom-43\/\">Rondcom 43<\/a><\/li>\n\t<li id=\"menu-item-56953\" class=\"menu-item menu-item-type-post_type menu-item-object-page menu-item-56953\"><a href=\"https:\/\/www.accretech.eu\/tr\/rondcom-nex-100\/\">RONDCOM NEX 100<\/a><\/li>\n<\/ul>\n<\/li>\n<li id=\"menu-item-56994\" class=\"menu-item menu-item-type-post_type menu-item-object-page menu-item-has-children menu-item-56994\"><a href=\"https:\/\/www.accretech.eu\/tr\/?page_id=36879\">Manuel s\u00fctunlu cihazlar<\/a>\n<ul class=\"sub-menu\">\n\t<li id=\"menu-item-56995\" class=\"menu-item menu-item-type-post_type menu-item-object-page menu-item-56995\"><a href=\"https:\/\/www.accretech.eu\/tr\/form-ve-dairesellik-cihazi\/manuel-sutunlu\/rondcom-touch\/\">RONDCOM TOUCH<\/a><\/li>\n<\/ul>\n<\/li>\n<li id=\"menu-item-57000\" class=\"menu-item menu-item-type-post_type menu-item-object-page menu-item-57000\"><a href=\"https:\/\/www.accretech.eu\/tr\/?page_id=34767\">Integr\u00e1lt ACCTee elemz\u0151szoftver &#8211; Form ve Dairesellik Cihaz\u0131<\/a><\/li>\n<li id=\"menu-item-56997\" class=\"menu-item menu-item-type-post_type menu-item-object-page menu-item-56997\"><a href=\"https:\/\/www.accretech.eu\/tr\/form-ve-dairesellik-cihazi\/tam-otomatik-cihazlar\/rondcom-73\/\">RONDCOM 73<\/a><\/li>\n<li id=\"menu-item-56998\" class=\"menu-item menu-item-type-post_type menu-item-object-page menu-item-56998\"><a href=\"https:\/\/www.accretech.eu\/tr\/form-ve-dairesellik-cihazi\/tam-otomatik-cihazlar\/rondcom-76\/\">RONDCOM 76<\/a><\/li>\n<\/ul><\/div><\/div><\/div><\/div>\n<\/div><\/div><\/div>\n","protected":false},"excerpt":{"rendered":"<p>Y\u00fcksek hassasiyetli Z eksenli man\u00fcel form \u00f6l\u00e7\u00fcm istasyonu<\/p>\n","protected":false},"author":1,"featured_media":0,"parent":36878,"menu_order":0,"comment_status":"closed","ping_status":"closed","template":"","meta":{"footnotes":""},"filter_category":[],"filter_measurements":[],"class_list":["post-10467","page","type-page","status-publish","hentry"],"acf":[],"yoast_head":"<!-- This site is optimized with the Yoast SEO Premium plugin v26.1 (Yoast SEO v26.1.1) - https:\/\/yoast.com\/wordpress\/plugins\/seo\/ -->\n<title>RONDCOM 41 - ACCRETECH (Europe)<\/title>\n<meta name=\"robots\" content=\"index, follow, max-snippet:-1, max-image-preview:large, max-video-preview:-1\" \/>\n<link rel=\"canonical\" href=\"https:\/\/www.accretech.eu\/tr\/form-ve-dairesellik-cihazi\/otomatik-manuel-hizalama\/rondcom-41\/\" \/>\n<meta property=\"og:locale\" content=\"tr_TR\" \/>\n<meta property=\"og:type\" content=\"article\" \/>\n<meta property=\"og:title\" content=\"RONDCOM 41\" \/>\n<meta property=\"og:description\" content=\"Y\u00fcksek hassasiyetli Z eksenli man\u00fcel form \u00f6l\u00e7\u00fcm istasyonu\" \/>\n<meta property=\"og:url\" content=\"https:\/\/www.accretech.eu\/tr\/form-ve-dairesellik-cihazi\/otomatik-manuel-hizalama\/rondcom-41\/\" \/>\n<meta property=\"og:site_name\" content=\"ACCRETECH (Europe)\" \/>\n<meta property=\"article:modified_time\" content=\"2021-09-05T23:03:38+00:00\" \/>\n<meta name=\"twitter:card\" content=\"summary_large_image\" \/>\n<meta name=\"twitter:label1\" content=\"Tahmini okuma s\u00fcresi\" \/>\n\t<meta name=\"twitter:data1\" content=\"5 dakika\" \/>\n<script type=\"application\/ld+json\" class=\"yoast-schema-graph\">{\"@context\":\"https:\/\/schema.org\",\"@graph\":[{\"@type\":\"WebPage\",\"@id\":\"https:\/\/www.accretech.eu\/tr\/form-ve-dairesellik-cihazi\/otomatik-manuel-hizalama\/rondcom-41\/\",\"url\":\"https:\/\/www.accretech.eu\/tr\/form-ve-dairesellik-cihazi\/otomatik-manuel-hizalama\/rondcom-41\/\",\"name\":\"RONDCOM 41 - ACCRETECH (Europe)\",\"isPartOf\":{\"@id\":\"https:\/\/www.accretech.eu\/it\/#website\"},\"datePublished\":\"2017-03-25T21:13:25+00:00\",\"dateModified\":\"2021-09-05T23:03:38+00:00\",\"breadcrumb\":{\"@id\":\"https:\/\/www.accretech.eu\/tr\/form-ve-dairesellik-cihazi\/otomatik-manuel-hizalama\/rondcom-41\/#breadcrumb\"},\"inLanguage\":\"tr\",\"potentialAction\":[{\"@type\":\"ReadAction\",\"target\":[\"https:\/\/www.accretech.eu\/tr\/form-ve-dairesellik-cihazi\/otomatik-manuel-hizalama\/rondcom-41\/\"]}]},{\"@type\":\"BreadcrumbList\",\"@id\":\"https:\/\/www.accretech.eu\/tr\/form-ve-dairesellik-cihazi\/otomatik-manuel-hizalama\/rondcom-41\/#breadcrumb\",\"itemListElement\":[{\"@type\":\"ListItem\",\"position\":1,\"name\":\"Startseite\",\"item\":\"https:\/\/www.accretech.eu\/tr\/home-2\/\"},{\"@type\":\"ListItem\",\"position\":2,\"name\":\"Form ve Dairesellik Cihaz\u0131\",\"item\":\"https:\/\/www.accretech.eu\/tr\/?page_id=36876\"},{\"@type\":\"ListItem\",\"position\":3,\"name\":\"Manuel hizalamal\u0131 otomatik cihazlar\",\"item\":\"https:\/\/www.accretech.eu\/tr\/?page_id=36878\"},{\"@type\":\"ListItem\",\"position\":4,\"name\":\"RONDCOM 41\"}]},{\"@type\":\"WebSite\",\"@id\":\"https:\/\/www.accretech.eu\/it\/#website\",\"url\":\"https:\/\/www.accretech.eu\/it\/\",\"name\":\"ACCRETECH (Europe)\",\"description\":\"\",\"publisher\":{\"@id\":\"https:\/\/www.accretech.eu\/it\/#organization\"},\"potentialAction\":[{\"@type\":\"SearchAction\",\"target\":{\"@type\":\"EntryPoint\",\"urlTemplate\":\"https:\/\/www.accretech.eu\/it\/?s={search_term_string}\"},\"query-input\":{\"@type\":\"PropertyValueSpecification\",\"valueRequired\":true,\"valueName\":\"search_term_string\"}}],\"inLanguage\":\"tr\"},{\"@type\":\"Organization\",\"@id\":\"https:\/\/www.accretech.eu\/it\/#organization\",\"name\":\"ACCRETECH (Europe) GmbH\",\"url\":\"https:\/\/www.accretech.eu\/it\/\",\"logo\":{\"@type\":\"ImageObject\",\"inLanguage\":\"tr\",\"@id\":\"https:\/\/www.accretech.eu\/it\/#\/schema\/logo\/image\/\",\"url\":\"https:\/\/www.accretech.eu\/wp-content\/uploads\/2016\/10\/accretech-europe_logo.png\",\"contentUrl\":\"https:\/\/www.accretech.eu\/wp-content\/uploads\/2016\/10\/accretech-europe_logo.png\",\"width\":312,\"height\":42,\"caption\":\"ACCRETECH (Europe) GmbH\"},\"image\":{\"@id\":\"https:\/\/www.accretech.eu\/it\/#\/schema\/logo\/image\/\"}}]}<\/script>\n<!-- \/ Yoast SEO Premium plugin. -->","yoast_head_json":{"title":"RONDCOM 41 - ACCRETECH (Europe)","robots":{"index":"index","follow":"follow","max-snippet":"max-snippet:-1","max-image-preview":"max-image-preview:large","max-video-preview":"max-video-preview:-1"},"canonical":"https:\/\/www.accretech.eu\/tr\/form-ve-dairesellik-cihazi\/otomatik-manuel-hizalama\/rondcom-41\/","og_locale":"tr_TR","og_type":"article","og_title":"RONDCOM 41","og_description":"Y\u00fcksek hassasiyetli Z eksenli man\u00fcel form \u00f6l\u00e7\u00fcm istasyonu","og_url":"https:\/\/www.accretech.eu\/tr\/form-ve-dairesellik-cihazi\/otomatik-manuel-hizalama\/rondcom-41\/","og_site_name":"ACCRETECH (Europe)","article_modified_time":"2021-09-05T23:03:38+00:00","twitter_card":"summary_large_image","twitter_misc":{"Tahmini okuma s\u00fcresi":"5 dakika"},"schema":{"@context":"https:\/\/schema.org","@graph":[{"@type":"WebPage","@id":"https:\/\/www.accretech.eu\/tr\/form-ve-dairesellik-cihazi\/otomatik-manuel-hizalama\/rondcom-41\/","url":"https:\/\/www.accretech.eu\/tr\/form-ve-dairesellik-cihazi\/otomatik-manuel-hizalama\/rondcom-41\/","name":"RONDCOM 41 - ACCRETECH (Europe)","isPartOf":{"@id":"https:\/\/www.accretech.eu\/it\/#website"},"datePublished":"2017-03-25T21:13:25+00:00","dateModified":"2021-09-05T23:03:38+00:00","breadcrumb":{"@id":"https:\/\/www.accretech.eu\/tr\/form-ve-dairesellik-cihazi\/otomatik-manuel-hizalama\/rondcom-41\/#breadcrumb"},"inLanguage":"tr","potentialAction":[{"@type":"ReadAction","target":["https:\/\/www.accretech.eu\/tr\/form-ve-dairesellik-cihazi\/otomatik-manuel-hizalama\/rondcom-41\/"]}]},{"@type":"BreadcrumbList","@id":"https:\/\/www.accretech.eu\/tr\/form-ve-dairesellik-cihazi\/otomatik-manuel-hizalama\/rondcom-41\/#breadcrumb","itemListElement":[{"@type":"ListItem","position":1,"name":"Startseite","item":"https:\/\/www.accretech.eu\/tr\/home-2\/"},{"@type":"ListItem","position":2,"name":"Form ve Dairesellik Cihaz\u0131","item":"https:\/\/www.accretech.eu\/tr\/?page_id=36876"},{"@type":"ListItem","position":3,"name":"Manuel hizalamal\u0131 otomatik cihazlar","item":"https:\/\/www.accretech.eu\/tr\/?page_id=36878"},{"@type":"ListItem","position":4,"name":"RONDCOM 41"}]},{"@type":"WebSite","@id":"https:\/\/www.accretech.eu\/it\/#website","url":"https:\/\/www.accretech.eu\/it\/","name":"ACCRETECH (Europe)","description":"","publisher":{"@id":"https:\/\/www.accretech.eu\/it\/#organization"},"potentialAction":[{"@type":"SearchAction","target":{"@type":"EntryPoint","urlTemplate":"https:\/\/www.accretech.eu\/it\/?s={search_term_string}"},"query-input":{"@type":"PropertyValueSpecification","valueRequired":true,"valueName":"search_term_string"}}],"inLanguage":"tr"},{"@type":"Organization","@id":"https:\/\/www.accretech.eu\/it\/#organization","name":"ACCRETECH (Europe) GmbH","url":"https:\/\/www.accretech.eu\/it\/","logo":{"@type":"ImageObject","inLanguage":"tr","@id":"https:\/\/www.accretech.eu\/it\/#\/schema\/logo\/image\/","url":"https:\/\/www.accretech.eu\/wp-content\/uploads\/2016\/10\/accretech-europe_logo.png","contentUrl":"https:\/\/www.accretech.eu\/wp-content\/uploads\/2016\/10\/accretech-europe_logo.png","width":312,"height":42,"caption":"ACCRETECH (Europe) GmbH"},"image":{"@id":"https:\/\/www.accretech.eu\/it\/#\/schema\/logo\/image\/"}}]}},"_links":{"self":[{"href":"https:\/\/www.accretech.eu\/tr\/wp-json\/wp\/v2\/pages\/10467","targetHints":{"allow":["GET"]}}],"collection":[{"href":"https:\/\/www.accretech.eu\/tr\/wp-json\/wp\/v2\/pages"}],"about":[{"href":"https:\/\/www.accretech.eu\/tr\/wp-json\/wp\/v2\/types\/page"}],"author":[{"embeddable":true,"href":"https:\/\/www.accretech.eu\/tr\/wp-json\/wp\/v2\/users\/1"}],"replies":[{"embeddable":true,"href":"https:\/\/www.accretech.eu\/tr\/wp-json\/wp\/v2\/comments?post=10467"}],"version-history":[{"count":0,"href":"https:\/\/www.accretech.eu\/tr\/wp-json\/wp\/v2\/pages\/10467\/revisions"}],"up":[{"embeddable":true,"href":"https:\/\/www.accretech.eu\/tr\/wp-json\/wp\/v2\/pages\/36878"}],"wp:attachment":[{"href":"https:\/\/www.accretech.eu\/tr\/wp-json\/wp\/v2\/media?parent=10467"}],"wp:term":[{"taxonomy":"filter_category","embeddable":true,"href":"https:\/\/www.accretech.eu\/tr\/wp-json\/wp\/v2\/filter_category?post=10467"},{"taxonomy":"filter_measurements","embeddable":true,"href":"https:\/\/www.accretech.eu\/tr\/wp-json\/wp\/v2\/filter_measurements?post=10467"}],"curies":[{"name":"wp","href":"https:\/\/api.w.org\/{rel}","templated":true}]}}