{"id":10479,"date":"2017-03-25T22:13:37","date_gmt":"2017-03-25T21:13:37","guid":{"rendered":"https:\/\/accretech.eu\/rondcom-65\/"},"modified":"2021-09-06T01:02:20","modified_gmt":"2021-09-05T23:02:20","slug":"rondcom-65","status":"publish","type":"page","link":"https:\/\/www.accretech.eu\/tr\/form-ve-dairesellik-cihazi\/tam-otomatik\/rondcom-65\/","title":{"rendered":"RONDCOM 65"},"content":{"rendered":"<\/div><\/div><\/div><!-- close content main div --><\/div><\/div><div id='standard-grid'  class='av-layout-grid-container av-au9gtxr-b1bb58455a99357652c30697b8c09094 entry-content-wrapper main_color av-flex-cells  container_wrap fullsize'  >\n\n<style type=\"text\/css\" data-created_by=\"avia_inline_auto\" id=\"style-css-av-aggxbf3-52cd11249dac5ae9f7d116e3e5906703\">\n.flex_cell.av-aggxbf3-52cd11249dac5ae9f7d116e3e5906703{\nvertical-align:top;\n}\n.responsive #top #wrap_all .flex_cell.av-aggxbf3-52cd11249dac5ae9f7d116e3e5906703{\npadding:0px 20px 0px 0px !important;\n}\n<\/style>\n<div class='flex_cell av-aggxbf3-52cd11249dac5ae9f7d116e3e5906703 av-gridrow-cell av_two_third no_margin' ><div class='flex_cell_inner'><p>\n<style type=\"text\/css\" data-created_by=\"avia_inline_auto\" id=\"style-css-av-9w9bh0v-d5ff7210078bc60e8e106f6a9809b603\">\n.flex_column.av-9w9bh0v-d5ff7210078bc60e8e106f6a9809b603{\n-webkit-border-radius:0px 0px 0px 0px;\n-moz-border-radius:0px 0px 0px 0px;\nborder-radius:0px 0px 0px 0px;\npadding:0px 0px 0px 0px;\n}\n<\/style>\n<div class='flex_column av-9w9bh0v-d5ff7210078bc60e8e106f6a9809b603 av_one_full first no_margin flex_column_div av-zero-column-padding '     ><\/div>\n<style type=\"text\/css\" data-created_by=\"avia_inline_auto\" id=\"style-css-av-93xuxvz-c8d17413b398d13e50267b3a096ecaef\">\n#top .flex_column.av-93xuxvz-c8d17413b398d13e50267b3a096ecaef{\nmargin-top:30px;\nmargin-bottom:0px;\n}\n.flex_column.av-93xuxvz-c8d17413b398d13e50267b3a096ecaef{\n-webkit-border-radius:0px 0px 0px 0px;\n-moz-border-radius:0px 0px 0px 0px;\nborder-radius:0px 0px 0px 0px;\npadding:0px 0px 0px 0px;\n}\n.responsive #top #wrap_all .flex_column.av-93xuxvz-c8d17413b398d13e50267b3a096ecaef{\nmargin-top:30px;\nmargin-bottom:0px;\n}\n<\/style>\n<div class='flex_column av-93xuxvz-c8d17413b398d13e50267b3a096ecaef av_one_half first no_margin flex_column_div av-zero-column-padding '     ><section  class='av_textblock_section av-8mnkoen-3d463faaff5cf241324b008da53ef8bf'  itemscope=\"itemscope\" itemtype=\"https:\/\/schema.org\/CreativeWork\" ><div class='avia_textblock'  itemprop=\"text\" ><h1><span style=\"color: #154194; font-size: 36px; font-family: frutiger;\">RONDCOM 65<\/span><\/h1>\n<p><span style=\"font-family: f55;\">\u00dcst s\u0131n\u0131f\u0131n y\u00fcksek hassasiyetli yuvarlakl\u0131k \u00f6l\u00e7\u00fcm cihaz\u0131<\/span><\/p>\n<\/div><\/section><br \/>\n\n<style type=\"text\/css\" data-created_by=\"avia_inline_auto\" id=\"style-css-av-88kqd4f-4e456b4f3e6c8b03695e335657ca078e\">\n#top .av_textblock_section.av-88kqd4f-4e456b4f3e6c8b03695e335657ca078e .avia_textblock{\nfont-size:16px;\n}\n<\/style>\n<section  class='av_textblock_section av-88kqd4f-4e456b4f3e6c8b03695e335657ca078e'  itemscope=\"itemscope\" itemtype=\"https:\/\/schema.org\/CreativeWork\" ><div class='avia_textblock'  itemprop=\"text\" ><div style=\"line-height: 15px; margin-top: 30px;\">420 mm\u2019lik \u00e7aplara varan \u00f6l\u00e7me alan\u0131<br \/>\n\n<style type=\"text\/css\" data-created_by=\"avia_inline_auto\" id=\"style-css-av-7flimy7-b3ffd022ddf35e5fa45e25935e226742\">\n#top .hr.av-7flimy7-b3ffd022ddf35e5fa45e25935e226742{\nmargin-top:0px;\nmargin-bottom:0px;\n}\n.hr.av-7flimy7-b3ffd022ddf35e5fa45e25935e226742 .hr-inner{\nwidth:90%;\nborder-color:#d2d2d2;\n}\n<\/style>\n<div  class='hr av-7flimy7-b3ffd022ddf35e5fa45e25935e226742 hr-custom hr-left hr-icon-no'><span class='hr-inner inner-border-av-border-thin'><span class=\"hr-inner-style\"><\/span><\/span><\/div><br \/>\nRotasyon do\u011frulu\u011fu: (0,01+6H\/10.000) \u00b5m<br \/>\n\n<style type=\"text\/css\" data-created_by=\"avia_inline_auto\" id=\"style-css-av-p6kyxb-32192423b37db94b42df2be061ab7edc\">\n#top .hr.av-p6kyxb-32192423b37db94b42df2be061ab7edc{\nmargin-top:0px;\nmargin-bottom:0px;\n}\n.hr.av-p6kyxb-32192423b37db94b42df2be061ab7edc .hr-inner{\nwidth:90%;\nborder-color:#d2d2d2;\n}\n<\/style>\n<div  class='hr av-p6kyxb-32192423b37db94b42df2be061ab7edc hr-custom hr-left hr-icon-no'><span class='hr-inner inner-border-av-border-thin'><span class=\"hr-inner-style\"><\/span><\/span><\/div><br \/>\nZ ekseninin do\u011frulu\u011fu: 0,05 \u00b5m\/100 mm<br \/>\n\n<style type=\"text\/css\" data-created_by=\"avia_inline_auto\" id=\"style-css-av-6qic29b-2e9b60b500f6cee78fe74b31ed0c2cf1\">\n#top .hr.av-6qic29b-2e9b60b500f6cee78fe74b31ed0c2cf1{\nmargin-top:0px;\nmargin-bottom:0px;\n}\n.hr.av-6qic29b-2e9b60b500f6cee78fe74b31ed0c2cf1 .hr-inner{\nwidth:90%;\nborder-color:#d2d2d2;\n}\n<\/style>\n<div  class='hr av-6qic29b-2e9b60b500f6cee78fe74b31ed0c2cf1 hr-custom hr-left hr-icon-no'><span class='hr-inner inner-border-av-border-thin'><span class=\"hr-inner-style\"><\/span><\/span><\/div><\/div>\n<\/div><\/section><\/p><\/div>\n<style type=\"text\/css\" data-created_by=\"avia_inline_auto\" id=\"style-css-av-6bqd98v-66a5278dab94adf86fb22f3a77bd4b92\">\n#top .flex_column.av-6bqd98v-66a5278dab94adf86fb22f3a77bd4b92{\nmargin-top:0px;\nmargin-bottom:0px;\n}\n.flex_column.av-6bqd98v-66a5278dab94adf86fb22f3a77bd4b92{\n-webkit-border-radius:0px 0px 0px 0px;\n-moz-border-radius:0px 0px 0px 0px;\nborder-radius:0px 0px 0px 0px;\npadding:30px 30px 30px 30px;\n}\n.responsive #top #wrap_all .flex_column.av-6bqd98v-66a5278dab94adf86fb22f3a77bd4b92{\nmargin-top:0px;\nmargin-bottom:0px;\n}\n<\/style>\n<div class='flex_column av-6bqd98v-66a5278dab94adf86fb22f3a77bd4b92 av_one_half no_margin flex_column_div '     ><style type=\"text\/css\" data-created_by=\"avia_inline_auto\" id=\"style-css-av-5ob0qun-31f33d4b2f3feb612b97f7878236bebc\">\n.avia-image-container.av-5ob0qun-31f33d4b2f3feb612b97f7878236bebc img.avia_image{\nbox-shadow:none;\n}\n.avia-image-container.av-5ob0qun-31f33d4b2f3feb612b97f7878236bebc .av-image-caption-overlay-center{\ncolor:#ffffff;\n}\n<\/style>\n<div  class='avia-image-container av-5ob0qun-31f33d4b2f3feb612b97f7878236bebc av-styling- av-hover-grow avia-align-center'   itemprop=\"image\" itemscope=\"itemscope\" itemtype=\"https:\/\/schema.org\/ImageObject\" ><div class=\"avia-image-container-inner\"><div class=\"avia-image-overlay-wrap\"><img decoding=\"async\" class='wp-image-10450 avia-img-lazy-loading-not-10450 avia_image ' src=\"https:\/\/www.accretech.eu\/wp-content\/uploads\/2017\/03\/ACCRTECH-GmbH-Produkte-Industrielle-Messtechnik-RONDCOM-65B-262x300.png\" alt='' title='ACCRTECH GmbH - Produkte - Industrielle Messtechnik RONDCOM-65B'  height=\"300\" width=\"262\"  itemprop=\"thumbnailUrl\" srcset=\"https:\/\/www.accretech.eu\/wp-content\/uploads\/2017\/03\/ACCRTECH-GmbH-Produkte-Industrielle-Messtechnik-RONDCOM-65B-262x300.png 262w, https:\/\/www.accretech.eu\/wp-content\/uploads\/2017\/03\/ACCRTECH-GmbH-Produkte-Industrielle-Messtechnik-RONDCOM-65B-450x515.png 450w, https:\/\/www.accretech.eu\/wp-content\/uploads\/2017\/03\/ACCRTECH-GmbH-Produkte-Industrielle-Messtechnik-RONDCOM-65B.png 568w\" sizes=\"(max-width: 262px) 100vw, 262px\" \/><\/div><\/div><\/div><\/div>\n<style type=\"text\/css\" data-created_by=\"avia_inline_auto\" id=\"style-css-av-5ie6a33-7ad4d431e155aa3c5c878e640955c983\">\n#top .flex_column.av-5ie6a33-7ad4d431e155aa3c5c878e640955c983{\nmargin-top:30px;\nmargin-bottom:0px;\n}\n.flex_column.av-5ie6a33-7ad4d431e155aa3c5c878e640955c983{\n-webkit-border-radius:0px 0px 0px 0px;\n-moz-border-radius:0px 0px 0px 0px;\nborder-radius:0px 0px 0px 0px;\npadding:0px 0px 0px 0px;\n}\n.responsive #top #wrap_all .flex_column.av-5ie6a33-7ad4d431e155aa3c5c878e640955c983{\nmargin-top:30px;\nmargin-bottom:0px;\n}\n<\/style>\n<div class='flex_column av-5ie6a33-7ad4d431e155aa3c5c878e640955c983 av_one_full first no_margin flex_column_div av-zero-column-padding '     ><section  class='av_textblock_section av-4sfslan-c47ee15160dd3ad818b7bed7ec1665c2'  itemscope=\"itemscope\" itemtype=\"https:\/\/schema.org\/CreativeWork\" ><div class='avia_textblock'  itemprop=\"text\" ><ul style=\"line-height: 17px;\">\n<li><span style=\"font-family: f45;\">D\u00fcnyadaki en y\u00fcksek d\u00f6nme do\u011frulu\u011fu <\/span><\/li>\n<li><span style=\"font-family: f45;\">\u00d6l\u00e7\u00fcm aral\u0131\u011f\u0131 ve dokunmatik kuvvet de\u011fi\u015fken ayarlanabilir<\/span><\/li>\n<li><span style=\"font-family: f45;\">Bir dakikadan k\u0131sa bir s\u00fcredeki h\u0131zl\u0131 otomatik hizalama ile y\u00fcksek i\u015fleme h\u0131z\u0131<\/span><\/li>\n<li><span style=\"font-family: f45;\">A\u015f\u0131nmas\u0131z bir i\u015fleme i\u00e7in, haval\u0131, y\u00fcksek hassasiyette d\u00f6ner tabla<\/span><\/li>\n<li><span style=\"font-family: f45;\">60 ila 100 kg y\u00fck ta\u015f\u0131ma kapasitesi ve 10 nanometrelik hassasiyet<\/span><\/li>\n<li><span style=\"font-family: f45;\">Is\u0131ya dayan\u0131kl\u0131, aktif titre\u015fim yal\u0131t\u0131ml\u0131 masa<\/span><\/li>\n<\/ul>\n<\/div><\/section><\/div>\n<style type=\"text\/css\" data-created_by=\"avia_inline_auto\" id=\"style-css-av-3wf9ogf-0fa6744bf27111881fd69c1b6c8f29c6\">\n#top .flex_column.av-3wf9ogf-0fa6744bf27111881fd69c1b6c8f29c6{\nmargin-top:0px;\nmargin-bottom:0px;\n}\n.flex_column.av-3wf9ogf-0fa6744bf27111881fd69c1b6c8f29c6{\n-webkit-border-radius:0px 0px 0px 0px;\n-moz-border-radius:0px 0px 0px 0px;\nborder-radius:0px 0px 0px 0px;\npadding:15px 15px 15px 15px;\nbackground-color:#c9deed;\n}\n.responsive #top #wrap_all .flex_column.av-3wf9ogf-0fa6744bf27111881fd69c1b6c8f29c6{\nmargin-top:0px;\nmargin-bottom:0px;\n}\n<\/style>\n<div class='flex_column av-3wf9ogf-0fa6744bf27111881fd69c1b6c8f29c6 av_one_full first no_margin flex_column_div '     ><section  class='av_textblock_section av-3bz7h9r-8ddf9caf9c9d7a8f4a91bf4c21e192dd'  itemscope=\"itemscope\" itemtype=\"https:\/\/schema.org\/CreativeWork\" ><div class='avia_textblock'  itemprop=\"text\" ><p><span style=\"font-family: frutiger; font-size: 20px;\">Kullan\u0131m alan\u0131<\/span><br \/>\n<span style=\"font-family: f45;\">Y\u00fcksek hassasiyetli otomotiv par\u00e7alar\u0131n\u0131n silindirik profil \u00f6l\u00e7\u00fcmleri i\u00e7in idealdir. Ayn\u0131 zamanda y\u00fcksek hassasiyetli i\u015f par\u00e7alar\u0131 ve kalibrasyon standartlar\u0131 i\u00e7in de uygundur.<\/span><\/p>\n<\/div><\/section><\/div><\/p>\n<\/div><\/div>\n<style type=\"text\/css\" data-created_by=\"avia_inline_auto\" id=\"style-css-av-2hmtcj3-019628080768e401720f7bd31a64d0eb\">\n.flex_cell.av-2hmtcj3-019628080768e401720f7bd31a64d0eb{\nvertical-align:top;\n}\n.responsive #top #wrap_all .flex_cell.av-2hmtcj3-019628080768e401720f7bd31a64d0eb{\npadding:15px 0px 0px 0px !important;\n}\n<\/style>\n<div class='flex_cell av-2hmtcj3-019628080768e401720f7bd31a64d0eb av-gridrow-cell av_one_third no_margin' ><div class='flex_cell_inner'>\n<style type=\"text\/css\" data-created_by=\"avia_inline_auto\" id=\"style-css-av-297pkgf-26036845ff9b08869887d446cccb6b38\">\n.flex_column.av-297pkgf-26036845ff9b08869887d446cccb6b38{\n-webkit-border-radius:0px 0px 0px 0px;\n-moz-border-radius:0px 0px 0px 0px;\nborder-radius:0px 0px 0px 0px;\npadding:0px 0px 0px 0px;\nbackground-color:#154194;\n}\n<\/style>\n<div class='flex_column av-297pkgf-26036845ff9b08869887d446cccb6b38 av_one_full first no_margin flex_column_div av-hide-on-mobile av-zero-column-padding '     ><div  class='avia-builder-widget-area clearfix '><div id=\"nav_menu-31\" class=\"widget-odd widget-last widget-first widget-1 widget clearfix widget_nav_menu\"><div class=\"menu-neu-industrial-met-form-sub-englisch-tuerkisch-container\"><ul id=\"menu-neu-industrial-met-form-sub-englisch-tuerkisch\" class=\"menu\"><li id=\"menu-item-56929\" class=\"menu-item menu-item-type-post_type menu-item-object-page menu-item-has-children menu-item-56929\"><a href=\"https:\/\/www.accretech.eu\/tr\/?page_id=36877\">Otomatik hizalamal\u0131 tam otomatik cihazlar<\/a>\n<ul class=\"sub-menu\">\n\t<li id=\"menu-item-56930\" class=\"menu-item menu-item-type-post_type menu-item-object-page menu-item-56930\"><a href=\"https:\/\/www.accretech.eu\/tr\/rondcom-55\/\">RONDCOM 55<\/a><\/li>\n\t<li id=\"menu-item-56931\" class=\"menu-item menu-item-type-post_type menu-item-object-page menu-item-56931\"><a href=\"https:\/\/www.accretech.eu\/tr\/form-ve-dairesellik-cihazi\/tam-otomatik\/rondcom-60\/\">RONDCOM 60<\/a><\/li>\n\t<li id=\"menu-item-56945\" class=\"menu-item menu-item-type-post_type menu-item-object-page menu-item-56945\"><a href=\"https:\/\/www.accretech.eu\/tr\/form-ve-dairesellik-cihazi\/tam-otomatik\/rondcom-65\/\">RONDCOM 65<\/a><\/li>\n\t<li id=\"menu-item-56946\" class=\"menu-item menu-item-type-post_type menu-item-object-page menu-item-56946\"><a href=\"https:\/\/www.accretech.eu\/tr\/rondcom-nex-rs-200-300\/\">RONDCOM NEX RS 200\/300<\/a><\/li>\n\t<li id=\"menu-item-56947\" class=\"menu-item menu-item-type-post_type menu-item-object-page menu-item-56947\"><a href=\"https:\/\/www.accretech.eu\/tr\/rondcom-nex-200-300\/\">RONDCOM NEX 200\/300<\/a><\/li>\n\t<li id=\"menu-item-56948\" class=\"menu-item menu-item-type-post_type menu-item-object-page menu-item-56948\"><a href=\"https:\/\/www.accretech.eu\/tr\/form-ve-dairesellik-cihazi\/tam-otomatik\/rondcom-crest\/\">RONDCOM CREST<\/a><\/li>\n<\/ul>\n<\/li>\n<li id=\"menu-item-56949\" class=\"menu-item menu-item-type-post_type menu-item-object-page menu-item-has-children menu-item-56949\"><a href=\"https:\/\/www.accretech.eu\/tr\/?page_id=36878\">Manuel hizalamal\u0131 otomatik cihazlar<\/a>\n<ul class=\"sub-menu\">\n\t<li id=\"menu-item-56950\" class=\"menu-item menu-item-type-post_type menu-item-object-page menu-item-56950\"><a href=\"https:\/\/www.accretech.eu\/tr\/form-ve-dairesellik-cihazi\/otomatik-manuel-hizalama\/rondcom-31\/\">RONDCOM 31<\/a><\/li>\n\t<li id=\"menu-item-56951\" class=\"menu-item menu-item-type-post_type menu-item-object-page menu-item-56951\"><a href=\"https:\/\/www.accretech.eu\/tr\/form-ve-dairesellik-cihazi\/otomatik-manuel-hizalama\/rondcom-41\/\">RONDCOM 41<\/a><\/li>\n\t<li id=\"menu-item-56952\" class=\"menu-item menu-item-type-post_type menu-item-object-page menu-item-56952\"><a href=\"https:\/\/www.accretech.eu\/tr\/rondcom-43\/\">Rondcom 43<\/a><\/li>\n\t<li id=\"menu-item-56953\" class=\"menu-item menu-item-type-post_type menu-item-object-page menu-item-56953\"><a href=\"https:\/\/www.accretech.eu\/tr\/rondcom-nex-100\/\">RONDCOM NEX 100<\/a><\/li>\n<\/ul>\n<\/li>\n<li id=\"menu-item-56994\" class=\"menu-item menu-item-type-post_type menu-item-object-page menu-item-has-children menu-item-56994\"><a href=\"https:\/\/www.accretech.eu\/tr\/?page_id=36879\">Manuel s\u00fctunlu cihazlar<\/a>\n<ul class=\"sub-menu\">\n\t<li id=\"menu-item-56995\" class=\"menu-item menu-item-type-post_type menu-item-object-page menu-item-56995\"><a href=\"https:\/\/www.accretech.eu\/tr\/form-ve-dairesellik-cihazi\/manuel-sutunlu\/rondcom-touch\/\">RONDCOM TOUCH<\/a><\/li>\n<\/ul>\n<\/li>\n<li id=\"menu-item-57000\" class=\"menu-item menu-item-type-post_type menu-item-object-page menu-item-57000\"><a href=\"https:\/\/www.accretech.eu\/tr\/?page_id=34767\">Integr\u00e1lt ACCTee elemz\u0151szoftver &#8211; Form ve Dairesellik Cihaz\u0131<\/a><\/li>\n<li id=\"menu-item-56997\" class=\"menu-item menu-item-type-post_type menu-item-object-page menu-item-56997\"><a href=\"https:\/\/www.accretech.eu\/tr\/form-ve-dairesellik-cihazi\/tam-otomatik-cihazlar\/rondcom-73\/\">RONDCOM 73<\/a><\/li>\n<li id=\"menu-item-56998\" class=\"menu-item menu-item-type-post_type menu-item-object-page menu-item-56998\"><a href=\"https:\/\/www.accretech.eu\/tr\/form-ve-dairesellik-cihazi\/tam-otomatik-cihazlar\/rondcom-76\/\">RONDCOM 76<\/a><\/li>\n<\/ul><\/div><\/div><\/div><\/div>\n<\/div><\/div><\/div>\n","protected":false},"excerpt":{"rendered":"<p>\u00dcst s\u0131n\u0131f\u0131n y\u00fcksek hassasiyetli yuvarlakl\u0131k \u00f6l\u00e7\u00fcm cihaz\u0131<\/p>\n","protected":false},"author":1,"featured_media":0,"parent":36877,"menu_order":0,"comment_status":"closed","ping_status":"closed","template":"","meta":{"footnotes":""},"filter_category":[],"filter_measurements":[],"class_list":["post-10479","page","type-page","status-publish","hentry"],"acf":[],"yoast_head":"<!-- This site is optimized with the Yoast SEO Premium plugin v26.1 (Yoast SEO v26.1.1) - https:\/\/yoast.com\/wordpress\/plugins\/seo\/ -->\n<title>RONDCOM 65 - ACCRETECH (Europe)<\/title>\n<meta name=\"robots\" content=\"index, follow, max-snippet:-1, max-image-preview:large, max-video-preview:-1\" \/>\n<link rel=\"canonical\" href=\"https:\/\/www.accretech.eu\/tr\/form-ve-dairesellik-cihazi\/tam-otomatik\/rondcom-65\/\" \/>\n<meta property=\"og:locale\" content=\"tr_TR\" \/>\n<meta property=\"og:type\" content=\"article\" \/>\n<meta property=\"og:title\" content=\"RONDCOM 65\" \/>\n<meta property=\"og:description\" content=\"\u00dcst s\u0131n\u0131f\u0131n y\u00fcksek hassasiyetli yuvarlakl\u0131k \u00f6l\u00e7\u00fcm cihaz\u0131\" \/>\n<meta property=\"og:url\" content=\"https:\/\/www.accretech.eu\/tr\/form-ve-dairesellik-cihazi\/tam-otomatik\/rondcom-65\/\" \/>\n<meta property=\"og:site_name\" content=\"ACCRETECH (Europe)\" \/>\n<meta property=\"article:modified_time\" content=\"2021-09-05T23:02:20+00:00\" \/>\n<meta name=\"twitter:card\" content=\"summary_large_image\" \/>\n<meta name=\"twitter:label1\" content=\"Tahmini okuma s\u00fcresi\" \/>\n\t<meta name=\"twitter:data1\" content=\"5 dakika\" \/>\n<script type=\"application\/ld+json\" class=\"yoast-schema-graph\">{\"@context\":\"https:\/\/schema.org\",\"@graph\":[{\"@type\":\"WebPage\",\"@id\":\"https:\/\/www.accretech.eu\/tr\/form-ve-dairesellik-cihazi\/tam-otomatik\/rondcom-65\/\",\"url\":\"https:\/\/www.accretech.eu\/tr\/form-ve-dairesellik-cihazi\/tam-otomatik\/rondcom-65\/\",\"name\":\"RONDCOM 65 - ACCRETECH (Europe)\",\"isPartOf\":{\"@id\":\"https:\/\/www.accretech.eu\/it\/#website\"},\"datePublished\":\"2017-03-25T21:13:37+00:00\",\"dateModified\":\"2021-09-05T23:02:20+00:00\",\"breadcrumb\":{\"@id\":\"https:\/\/www.accretech.eu\/tr\/form-ve-dairesellik-cihazi\/tam-otomatik\/rondcom-65\/#breadcrumb\"},\"inLanguage\":\"tr\",\"potentialAction\":[{\"@type\":\"ReadAction\",\"target\":[\"https:\/\/www.accretech.eu\/tr\/form-ve-dairesellik-cihazi\/tam-otomatik\/rondcom-65\/\"]}]},{\"@type\":\"BreadcrumbList\",\"@id\":\"https:\/\/www.accretech.eu\/tr\/form-ve-dairesellik-cihazi\/tam-otomatik\/rondcom-65\/#breadcrumb\",\"itemListElement\":[{\"@type\":\"ListItem\",\"position\":1,\"name\":\"Startseite\",\"item\":\"https:\/\/www.accretech.eu\/tr\/home-2\/\"},{\"@type\":\"ListItem\",\"position\":2,\"name\":\"Form ve Dairesellik Cihaz\u0131\",\"item\":\"https:\/\/www.accretech.eu\/tr\/?page_id=36876\"},{\"@type\":\"ListItem\",\"position\":3,\"name\":\"Otomatik hizalamal\u0131 tam otomatik cihazlar\",\"item\":\"https:\/\/www.accretech.eu\/tr\/?page_id=36877\"},{\"@type\":\"ListItem\",\"position\":4,\"name\":\"RONDCOM 65\"}]},{\"@type\":\"WebSite\",\"@id\":\"https:\/\/www.accretech.eu\/it\/#website\",\"url\":\"https:\/\/www.accretech.eu\/it\/\",\"name\":\"ACCRETECH (Europe)\",\"description\":\"\",\"publisher\":{\"@id\":\"https:\/\/www.accretech.eu\/it\/#organization\"},\"potentialAction\":[{\"@type\":\"SearchAction\",\"target\":{\"@type\":\"EntryPoint\",\"urlTemplate\":\"https:\/\/www.accretech.eu\/it\/?s={search_term_string}\"},\"query-input\":{\"@type\":\"PropertyValueSpecification\",\"valueRequired\":true,\"valueName\":\"search_term_string\"}}],\"inLanguage\":\"tr\"},{\"@type\":\"Organization\",\"@id\":\"https:\/\/www.accretech.eu\/it\/#organization\",\"name\":\"ACCRETECH (Europe) GmbH\",\"url\":\"https:\/\/www.accretech.eu\/it\/\",\"logo\":{\"@type\":\"ImageObject\",\"inLanguage\":\"tr\",\"@id\":\"https:\/\/www.accretech.eu\/it\/#\/schema\/logo\/image\/\",\"url\":\"https:\/\/www.accretech.eu\/wp-content\/uploads\/2016\/10\/accretech-europe_logo.png\",\"contentUrl\":\"https:\/\/www.accretech.eu\/wp-content\/uploads\/2016\/10\/accretech-europe_logo.png\",\"width\":312,\"height\":42,\"caption\":\"ACCRETECH (Europe) GmbH\"},\"image\":{\"@id\":\"https:\/\/www.accretech.eu\/it\/#\/schema\/logo\/image\/\"}}]}<\/script>\n<!-- \/ Yoast SEO Premium plugin. -->","yoast_head_json":{"title":"RONDCOM 65 - ACCRETECH (Europe)","robots":{"index":"index","follow":"follow","max-snippet":"max-snippet:-1","max-image-preview":"max-image-preview:large","max-video-preview":"max-video-preview:-1"},"canonical":"https:\/\/www.accretech.eu\/tr\/form-ve-dairesellik-cihazi\/tam-otomatik\/rondcom-65\/","og_locale":"tr_TR","og_type":"article","og_title":"RONDCOM 65","og_description":"\u00dcst s\u0131n\u0131f\u0131n y\u00fcksek hassasiyetli yuvarlakl\u0131k \u00f6l\u00e7\u00fcm cihaz\u0131","og_url":"https:\/\/www.accretech.eu\/tr\/form-ve-dairesellik-cihazi\/tam-otomatik\/rondcom-65\/","og_site_name":"ACCRETECH (Europe)","article_modified_time":"2021-09-05T23:02:20+00:00","twitter_card":"summary_large_image","twitter_misc":{"Tahmini okuma s\u00fcresi":"5 dakika"},"schema":{"@context":"https:\/\/schema.org","@graph":[{"@type":"WebPage","@id":"https:\/\/www.accretech.eu\/tr\/form-ve-dairesellik-cihazi\/tam-otomatik\/rondcom-65\/","url":"https:\/\/www.accretech.eu\/tr\/form-ve-dairesellik-cihazi\/tam-otomatik\/rondcom-65\/","name":"RONDCOM 65 - ACCRETECH (Europe)","isPartOf":{"@id":"https:\/\/www.accretech.eu\/it\/#website"},"datePublished":"2017-03-25T21:13:37+00:00","dateModified":"2021-09-05T23:02:20+00:00","breadcrumb":{"@id":"https:\/\/www.accretech.eu\/tr\/form-ve-dairesellik-cihazi\/tam-otomatik\/rondcom-65\/#breadcrumb"},"inLanguage":"tr","potentialAction":[{"@type":"ReadAction","target":["https:\/\/www.accretech.eu\/tr\/form-ve-dairesellik-cihazi\/tam-otomatik\/rondcom-65\/"]}]},{"@type":"BreadcrumbList","@id":"https:\/\/www.accretech.eu\/tr\/form-ve-dairesellik-cihazi\/tam-otomatik\/rondcom-65\/#breadcrumb","itemListElement":[{"@type":"ListItem","position":1,"name":"Startseite","item":"https:\/\/www.accretech.eu\/tr\/home-2\/"},{"@type":"ListItem","position":2,"name":"Form ve Dairesellik Cihaz\u0131","item":"https:\/\/www.accretech.eu\/tr\/?page_id=36876"},{"@type":"ListItem","position":3,"name":"Otomatik hizalamal\u0131 tam otomatik cihazlar","item":"https:\/\/www.accretech.eu\/tr\/?page_id=36877"},{"@type":"ListItem","position":4,"name":"RONDCOM 65"}]},{"@type":"WebSite","@id":"https:\/\/www.accretech.eu\/it\/#website","url":"https:\/\/www.accretech.eu\/it\/","name":"ACCRETECH (Europe)","description":"","publisher":{"@id":"https:\/\/www.accretech.eu\/it\/#organization"},"potentialAction":[{"@type":"SearchAction","target":{"@type":"EntryPoint","urlTemplate":"https:\/\/www.accretech.eu\/it\/?s={search_term_string}"},"query-input":{"@type":"PropertyValueSpecification","valueRequired":true,"valueName":"search_term_string"}}],"inLanguage":"tr"},{"@type":"Organization","@id":"https:\/\/www.accretech.eu\/it\/#organization","name":"ACCRETECH (Europe) GmbH","url":"https:\/\/www.accretech.eu\/it\/","logo":{"@type":"ImageObject","inLanguage":"tr","@id":"https:\/\/www.accretech.eu\/it\/#\/schema\/logo\/image\/","url":"https:\/\/www.accretech.eu\/wp-content\/uploads\/2016\/10\/accretech-europe_logo.png","contentUrl":"https:\/\/www.accretech.eu\/wp-content\/uploads\/2016\/10\/accretech-europe_logo.png","width":312,"height":42,"caption":"ACCRETECH (Europe) GmbH"},"image":{"@id":"https:\/\/www.accretech.eu\/it\/#\/schema\/logo\/image\/"}}]}},"_links":{"self":[{"href":"https:\/\/www.accretech.eu\/tr\/wp-json\/wp\/v2\/pages\/10479","targetHints":{"allow":["GET"]}}],"collection":[{"href":"https:\/\/www.accretech.eu\/tr\/wp-json\/wp\/v2\/pages"}],"about":[{"href":"https:\/\/www.accretech.eu\/tr\/wp-json\/wp\/v2\/types\/page"}],"author":[{"embeddable":true,"href":"https:\/\/www.accretech.eu\/tr\/wp-json\/wp\/v2\/users\/1"}],"replies":[{"embeddable":true,"href":"https:\/\/www.accretech.eu\/tr\/wp-json\/wp\/v2\/comments?post=10479"}],"version-history":[{"count":0,"href":"https:\/\/www.accretech.eu\/tr\/wp-json\/wp\/v2\/pages\/10479\/revisions"}],"up":[{"embeddable":true,"href":"https:\/\/www.accretech.eu\/tr\/wp-json\/wp\/v2\/pages\/36877"}],"wp:attachment":[{"href":"https:\/\/www.accretech.eu\/tr\/wp-json\/wp\/v2\/media?parent=10479"}],"wp:term":[{"taxonomy":"filter_category","embeddable":true,"href":"https:\/\/www.accretech.eu\/tr\/wp-json\/wp\/v2\/filter_category?post=10479"},{"taxonomy":"filter_measurements","embeddable":true,"href":"https:\/\/www.accretech.eu\/tr\/wp-json\/wp\/v2\/filter_measurements?post=10479"}],"curies":[{"name":"wp","href":"https:\/\/api.w.org\/{rel}","templated":true}]}}