{"id":10486,"date":"2017-03-25T22:13:55","date_gmt":"2017-03-25T21:13:55","guid":{"rendered":"https:\/\/accretech.eu\/rondcom-touch\/"},"modified":"2021-09-06T01:04:54","modified_gmt":"2021-09-05T23:04:54","slug":"rondcom-touch","status":"publish","type":"page","link":"https:\/\/www.accretech.eu\/tr\/form-ve-dairesellik-cihazi\/manuel-sutunlu\/rondcom-touch\/","title":{"rendered":"RONDCOM TOUCH"},"content":{"rendered":"<\/div><\/div><\/div><!-- close content main div --><\/div><\/div><div id='standard-grid'  class='av-layout-grid-container av-ajrrfrq-66727c1989ea321ac0383ed2e01af3f0 entry-content-wrapper main_color av-flex-cells  container_wrap fullsize'  >\n\n<style type=\"text\/css\" data-created_by=\"avia_inline_auto\" id=\"style-css-av-a0acnzq-f2cb9f49a06c815ac218b19776b63beb\">\n.flex_cell.av-a0acnzq-f2cb9f49a06c815ac218b19776b63beb{\nvertical-align:top;\n}\n.responsive #top #wrap_all .flex_cell.av-a0acnzq-f2cb9f49a06c815ac218b19776b63beb{\npadding:0px 20px 0px 0px !important;\n}\n<\/style>\n<div class='flex_cell av-a0acnzq-f2cb9f49a06c815ac218b19776b63beb av-gridrow-cell av_two_third no_margin' ><div class='flex_cell_inner'><p>\n<style type=\"text\/css\" data-created_by=\"avia_inline_auto\" id=\"style-css-av-9j5lqfq-12a52cf66ead56cc877582180e03fb55\">\n.flex_column.av-9j5lqfq-12a52cf66ead56cc877582180e03fb55{\n-webkit-border-radius:0px 0px 0px 0px;\n-moz-border-radius:0px 0px 0px 0px;\nborder-radius:0px 0px 0px 0px;\npadding:0px 0px 0px 0px;\n}\n<\/style>\n<div class='flex_column av-9j5lqfq-12a52cf66ead56cc877582180e03fb55 av_one_full first no_margin flex_column_div av-zero-column-padding '     ><\/div>\n<style type=\"text\/css\" data-created_by=\"avia_inline_auto\" id=\"style-css-av-8ny2mra-cc9f4163e5f29e77a8e82a77dc014a95\">\n#top .flex_column.av-8ny2mra-cc9f4163e5f29e77a8e82a77dc014a95{\nmargin-top:30px;\nmargin-bottom:0px;\n}\n.flex_column.av-8ny2mra-cc9f4163e5f29e77a8e82a77dc014a95{\n-webkit-border-radius:0px 0px 0px 0px;\n-moz-border-radius:0px 0px 0px 0px;\nborder-radius:0px 0px 0px 0px;\npadding:0px 0px 0px 0px;\n}\n.responsive #top #wrap_all .flex_column.av-8ny2mra-cc9f4163e5f29e77a8e82a77dc014a95{\nmargin-top:30px;\nmargin-bottom:0px;\n}\n<\/style>\n<div class='flex_column av-8ny2mra-cc9f4163e5f29e77a8e82a77dc014a95 av_one_half first no_margin flex_column_div av-zero-column-padding '     ><section  class='av_textblock_section av-jt5vgnu2-c047b6fdcf282fb276fad4be06aee13d'  itemscope=\"itemscope\" itemtype=\"https:\/\/schema.org\/CreativeWork\" ><div class='avia_textblock'  itemprop=\"text\" ><h1><span style=\"color: #154194; font-size: 36px; font-family: frutiger;\">RONDCOM TOUCH<\/span><\/h1>\n<p><span style=\"font-family: f55;\">At\u00f6lyede hassas kutup form \u00f6l\u00e7\u00fcm\u00fc<\/span><\/p>\n<\/div><\/section><br \/>\n\n<style type=\"text\/css\" data-created_by=\"avia_inline_auto\" id=\"style-css-av-7w1bi9i-2d67214cefb5ad13b4d18de5f4abb35f\">\n#top .av_textblock_section.av-7w1bi9i-2d67214cefb5ad13b4d18de5f4abb35f .avia_textblock{\nfont-size:16px;\n}\n<\/style>\n<section  class='av_textblock_section av-7w1bi9i-2d67214cefb5ad13b4d18de5f4abb35f'  itemscope=\"itemscope\" itemtype=\"https:\/\/schema.org\/CreativeWork\" ><div class='avia_textblock'  itemprop=\"text\" ><div style=\"line-height: 15px; margin-top: 30px;\">\u0130\u015f par\u00e7as\u0131n\u0131n hizalanmas\u0131nda yaz\u0131l\u0131m deste\u011fi<br \/>\n\n<style type=\"text\/css\" data-created_by=\"avia_inline_auto\" id=\"style-css-av-qmwz06-01f4d3e36b2acee1d0966e47af7f1e2b\">\n#top .hr.av-qmwz06-01f4d3e36b2acee1d0966e47af7f1e2b{\nmargin-top:0px;\nmargin-bottom:0px;\n}\n.hr.av-qmwz06-01f4d3e36b2acee1d0966e47af7f1e2b .hr-inner{\nwidth:90%;\nborder-color:#d2d2d2;\n}\n<\/style>\n<div  class='hr av-qmwz06-01f4d3e36b2acee1d0966e47af7f1e2b hr-custom hr-left hr-icon-no'><span class='hr-inner inner-border-av-border-thin'><span class=\"hr-inner-style\"><\/span><\/span><\/div><br \/>\n150 mm\u2019lik d\u0131\u015f \u00e7aplara varan \u00f6l\u00e7me alan\u0131<br \/>\n\n<style type=\"text\/css\" data-created_by=\"avia_inline_auto\" id=\"style-css-av-74y5mja-5e549b3afe0a9e54c37f6e2ebc5dee8e\">\n#top .hr.av-74y5mja-5e549b3afe0a9e54c37f6e2ebc5dee8e{\nmargin-top:0px;\nmargin-bottom:0px;\n}\n.hr.av-74y5mja-5e549b3afe0a9e54c37f6e2ebc5dee8e .hr-inner{\nwidth:90%;\nborder-color:#d2d2d2;\n}\n<\/style>\n<div  class='hr av-74y5mja-5e549b3afe0a9e54c37f6e2ebc5dee8e hr-custom hr-left hr-icon-no'><span class='hr-inner inner-border-av-border-thin'><span class=\"hr-inner-style\"><\/span><\/span><\/div><br \/>\nRotasyon do\u011frulu\u011fu: (0,04+6H\/10.000) \u00b5m<br \/>\n\n<style type=\"text\/css\" data-created_by=\"avia_inline_auto\" id=\"style-css-av-6qjpcye-0b7812dd32b9b7c1acc96ccfa6d15e4c\">\n#top .hr.av-6qjpcye-0b7812dd32b9b7c1acc96ccfa6d15e4c{\nmargin-top:0px;\nmargin-bottom:0px;\n}\n.hr.av-6qjpcye-0b7812dd32b9b7c1acc96ccfa6d15e4c .hr-inner{\nwidth:90%;\nborder-color:#d2d2d2;\n}\n<\/style>\n<div  class='hr av-6qjpcye-0b7812dd32b9b7c1acc96ccfa6d15e4c hr-custom hr-left hr-icon-no'><span class='hr-inner inner-border-av-border-thin'><span class=\"hr-inner-style\"><\/span><\/span><\/div><\/div>\n<\/div><\/section><\/p><\/div>\n<style type=\"text\/css\" data-created_by=\"avia_inline_auto\" id=\"style-css-av-619dl06-065a7efd963b03c996a6323bdcc3b947\">\n#top .flex_column.av-619dl06-065a7efd963b03c996a6323bdcc3b947{\nmargin-top:0px;\nmargin-bottom:0px;\n}\n.flex_column.av-619dl06-065a7efd963b03c996a6323bdcc3b947{\n-webkit-border-radius:0px 0px 0px 0px;\n-moz-border-radius:0px 0px 0px 0px;\nborder-radius:0px 0px 0px 0px;\npadding:30px 30px 30px 30px;\n}\n.responsive #top #wrap_all .flex_column.av-619dl06-065a7efd963b03c996a6323bdcc3b947{\nmargin-top:0px;\nmargin-bottom:0px;\n}\n<\/style>\n<div class='flex_column av-619dl06-065a7efd963b03c996a6323bdcc3b947 av_one_half no_margin flex_column_div '     ><style type=\"text\/css\" data-created_by=\"avia_inline_auto\" id=\"style-css-av-5n5a9cm-40fe41e283df85451e8bbcf682f73c5c\">\n.avia-image-container.av-5n5a9cm-40fe41e283df85451e8bbcf682f73c5c img.avia_image{\nbox-shadow:none;\n}\n.avia-image-container.av-5n5a9cm-40fe41e283df85451e8bbcf682f73c5c .av-image-caption-overlay-center{\ncolor:#ffffff;\n}\n<\/style>\n<div  class='avia-image-container av-5n5a9cm-40fe41e283df85451e8bbcf682f73c5c av-styling- av-hover-grow avia-align-center'   itemprop=\"image\" itemscope=\"itemscope\" itemtype=\"https:\/\/schema.org\/ImageObject\" ><div class=\"avia-image-container-inner\"><div class=\"avia-image-overlay-wrap\"><img decoding=\"async\" class='wp-image-10452 avia-img-lazy-loading-not-10452 avia_image ' src=\"https:\/\/www.accretech.eu\/wp-content\/uploads\/2017\/03\/ACCRTECH-GmbH-Produkte-Industrielle-Messtechnik-RONDCOM-Touch-285x300.png\" alt='' title='ACCRTECH GmbH - Produkte - Industrielle Messtechnik RONDCOM-Touch'  height=\"300\" width=\"285\"  itemprop=\"thumbnailUrl\" srcset=\"https:\/\/www.accretech.eu\/wp-content\/uploads\/2017\/03\/ACCRTECH-GmbH-Produkte-Industrielle-Messtechnik-RONDCOM-Touch-285x300.png 285w, https:\/\/www.accretech.eu\/wp-content\/uploads\/2017\/03\/ACCRTECH-GmbH-Produkte-Industrielle-Messtechnik-RONDCOM-Touch-450x473.png 450w, https:\/\/www.accretech.eu\/wp-content\/uploads\/2017\/03\/ACCRTECH-GmbH-Produkte-Industrielle-Messtechnik-RONDCOM-Touch.png 618w\" sizes=\"(max-width: 285px) 100vw, 285px\" \/><\/div><\/div><\/div><\/div>\n<style type=\"text\/css\" data-created_by=\"avia_inline_auto\" id=\"style-css-av-56kns1i-01ba7d127353cabe1d703d030b3572b1\">\n#top .flex_column.av-56kns1i-01ba7d127353cabe1d703d030b3572b1{\nmargin-top:30px;\nmargin-bottom:0px;\n}\n.flex_column.av-56kns1i-01ba7d127353cabe1d703d030b3572b1{\n-webkit-border-radius:0px 0px 0px 0px;\n-moz-border-radius:0px 0px 0px 0px;\nborder-radius:0px 0px 0px 0px;\npadding:0px 0px 0px 0px;\n}\n.responsive #top #wrap_all .flex_column.av-56kns1i-01ba7d127353cabe1d703d030b3572b1{\nmargin-top:30px;\nmargin-bottom:0px;\n}\n<\/style>\n<div class='flex_column av-56kns1i-01ba7d127353cabe1d703d030b3572b1 av_one_full first no_margin flex_column_div av-zero-column-padding '     ><section  class='av_textblock_section av-4wbl652-f96308881b4af9b8e027b4c83735e4a6'  itemscope=\"itemscope\" itemtype=\"https:\/\/schema.org\/CreativeWork\" ><div class='avia_textblock'  itemprop=\"text\" ><ul style=\"line-height: 17px;\">\n<li><span style=\"font-family: f45;\">Basit &#8211; dokunmatik kullan\u0131m<\/span><\/li>\n<li><span style=\"font-family: f45;\">Y\u00fcksek hassasiyet &#8211; haval\u0131 d\u00f6ner tabla<\/span><\/li>\n<li><span style=\"font-family: f45;\">Etkili &#8211; tek bir d\u00fc\u011fmeye basarak kontrol \u00f6l\u00e7\u00fcm\u00fc<\/span><\/li>\n<li><span style=\"font-family: f45;\">Modern ve pratik &#8211; bluetooth ve kablosuz ba\u011flant\u0131: kablosuz \u00e7al\u0131\u015fma ve bask\u0131<\/span><\/li>\n<li><span style=\"font-family: f45;\">\u00c7al\u0131\u015fma tezgah\u0131n\u0131z i\u00e7in kompakt &#8211; patentli tasar\u0131m<\/span><\/li>\n<li><span style=\"font-family: f45;\">Merkezleme ve tesviyeye y\u00f6nelik yard\u0131mc\u0131 i\u015flevler sunan ACCTee \u00f6l\u00e7\u00fcm yaz\u0131l\u0131m\u0131<\/span><\/li>\n<li><span style=\"font-family: f45;\">Maks. 15 kg\u2019a kadar a\u011f\u0131rl\u0131\u011fa sahip i\u015f par\u00e7alar\u0131<\/span><\/li>\n<\/ul>\n<\/div><\/section><\/div>\n<style type=\"text\/css\" data-created_by=\"avia_inline_auto\" id=\"style-css-av-442e33q-91732f133ec8ed29f23029428d874cf0\">\n#top .flex_column.av-442e33q-91732f133ec8ed29f23029428d874cf0{\nmargin-top:0px;\nmargin-bottom:0px;\n}\n.flex_column.av-442e33q-91732f133ec8ed29f23029428d874cf0{\n-webkit-border-radius:0px 0px 0px 0px;\n-moz-border-radius:0px 0px 0px 0px;\nborder-radius:0px 0px 0px 0px;\npadding:15px 15px 15px 15px;\nbackground-color:#c9deed;\n}\n.responsive #top #wrap_all .flex_column.av-442e33q-91732f133ec8ed29f23029428d874cf0{\nmargin-top:0px;\nmargin-bottom:0px;\n}\n<\/style>\n<div class='flex_column av-442e33q-91732f133ec8ed29f23029428d874cf0 av_one_full first no_margin flex_column_div '     ><section  class='av_textblock_section av-3flaoye-03666d046e01805d1927abc066316fbd'  itemscope=\"itemscope\" itemtype=\"https:\/\/schema.org\/CreativeWork\" ><div class='avia_textblock'  itemprop=\"text\" ><p><span style=\"font-family: frutiger; font-size: 20px;\">Kullan\u0131m alan\u0131<\/span><br \/>\n<span style=\"font-family: f45;\">RONDCOM TOUCH, \u00e7al\u0131\u015fan\u0131n \u00fcretim esnas\u0131nda kendi kendine test yapmak i\u00e7in idealdir. Kompakt \u015fekli sayesinde her tezgah \u00fczerinde kendine yer bulur. Dokunmatik ekranl\u0131 y\u00fczeyi \u00fczerinden kullan\u0131m\u0131 kolayd\u0131r ve \u00e7abuk \u00f6\u011frenilebilir.<\/span><\/p>\n<\/div><\/section><\/div><\/p>\n<\/div><\/div>\n<style type=\"text\/css\" data-created_by=\"avia_inline_auto\" id=\"style-css-av-2ikihdi-fb913ea9eb21e39bf1e19845908f58a2\">\n.flex_cell.av-2ikihdi-fb913ea9eb21e39bf1e19845908f58a2{\nvertical-align:top;\n}\n.responsive #top #wrap_all .flex_cell.av-2ikihdi-fb913ea9eb21e39bf1e19845908f58a2{\npadding:15px 0px 0px 0px !important;\n}\n<\/style>\n<div class='flex_cell av-2ikihdi-fb913ea9eb21e39bf1e19845908f58a2 av-gridrow-cell av_one_third no_margin' ><div class='flex_cell_inner'>\n<style type=\"text\/css\" data-created_by=\"avia_inline_auto\" id=\"style-css-av-208jhau-cbc51e9d92aef7b09b5c2996e3b0b86a\">\n.flex_column.av-208jhau-cbc51e9d92aef7b09b5c2996e3b0b86a{\n-webkit-border-radius:0px 0px 0px 0px;\n-moz-border-radius:0px 0px 0px 0px;\nborder-radius:0px 0px 0px 0px;\npadding:0px 0px 0px 0px;\nbackground-color:#154194;\n}\n<\/style>\n<div class='flex_column av-208jhau-cbc51e9d92aef7b09b5c2996e3b0b86a av_one_full first no_margin flex_column_div av-hide-on-mobile av-zero-column-padding '     ><div  class='avia-builder-widget-area clearfix '><div id=\"nav_menu-31\" class=\"widget-odd widget-last widget-first widget-1 widget clearfix widget_nav_menu\"><div class=\"menu-neu-industrial-met-form-sub-englisch-tuerkisch-container\"><ul id=\"menu-neu-industrial-met-form-sub-englisch-tuerkisch\" class=\"menu\"><li id=\"menu-item-56929\" class=\"menu-item menu-item-type-post_type menu-item-object-page menu-item-has-children menu-item-56929\"><a href=\"https:\/\/www.accretech.eu\/tr\/?page_id=36877\">Otomatik hizalamal\u0131 tam otomatik cihazlar<\/a>\n<ul class=\"sub-menu\">\n\t<li id=\"menu-item-56930\" class=\"menu-item menu-item-type-post_type menu-item-object-page menu-item-56930\"><a href=\"https:\/\/www.accretech.eu\/tr\/rondcom-55\/\">RONDCOM 55<\/a><\/li>\n\t<li id=\"menu-item-56931\" class=\"menu-item menu-item-type-post_type menu-item-object-page menu-item-56931\"><a href=\"https:\/\/www.accretech.eu\/tr\/form-ve-dairesellik-cihazi\/tam-otomatik\/rondcom-60\/\">RONDCOM 60<\/a><\/li>\n\t<li id=\"menu-item-56945\" class=\"menu-item menu-item-type-post_type menu-item-object-page menu-item-56945\"><a href=\"https:\/\/www.accretech.eu\/tr\/form-ve-dairesellik-cihazi\/tam-otomatik\/rondcom-65\/\">RONDCOM 65<\/a><\/li>\n\t<li id=\"menu-item-56946\" class=\"menu-item menu-item-type-post_type menu-item-object-page menu-item-56946\"><a href=\"https:\/\/www.accretech.eu\/tr\/rondcom-nex-rs-200-300\/\">RONDCOM NEX RS 200\/300<\/a><\/li>\n\t<li id=\"menu-item-56947\" class=\"menu-item menu-item-type-post_type menu-item-object-page menu-item-56947\"><a href=\"https:\/\/www.accretech.eu\/tr\/rondcom-nex-200-300\/\">RONDCOM NEX 200\/300<\/a><\/li>\n\t<li id=\"menu-item-56948\" class=\"menu-item menu-item-type-post_type menu-item-object-page menu-item-56948\"><a href=\"https:\/\/www.accretech.eu\/tr\/form-ve-dairesellik-cihazi\/tam-otomatik\/rondcom-crest\/\">RONDCOM CREST<\/a><\/li>\n<\/ul>\n<\/li>\n<li id=\"menu-item-56949\" class=\"menu-item menu-item-type-post_type menu-item-object-page menu-item-has-children menu-item-56949\"><a href=\"https:\/\/www.accretech.eu\/tr\/?page_id=36878\">Manuel hizalamal\u0131 otomatik cihazlar<\/a>\n<ul class=\"sub-menu\">\n\t<li id=\"menu-item-56950\" class=\"menu-item menu-item-type-post_type menu-item-object-page menu-item-56950\"><a href=\"https:\/\/www.accretech.eu\/tr\/form-ve-dairesellik-cihazi\/otomatik-manuel-hizalama\/rondcom-31\/\">RONDCOM 31<\/a><\/li>\n\t<li id=\"menu-item-56951\" class=\"menu-item menu-item-type-post_type menu-item-object-page menu-item-56951\"><a href=\"https:\/\/www.accretech.eu\/tr\/form-ve-dairesellik-cihazi\/otomatik-manuel-hizalama\/rondcom-41\/\">RONDCOM 41<\/a><\/li>\n\t<li id=\"menu-item-56952\" class=\"menu-item menu-item-type-post_type menu-item-object-page menu-item-56952\"><a href=\"https:\/\/www.accretech.eu\/tr\/rondcom-43\/\">Rondcom 43<\/a><\/li>\n\t<li id=\"menu-item-56953\" class=\"menu-item menu-item-type-post_type menu-item-object-page menu-item-56953\"><a href=\"https:\/\/www.accretech.eu\/tr\/rondcom-nex-100\/\">RONDCOM NEX 100<\/a><\/li>\n<\/ul>\n<\/li>\n<li id=\"menu-item-56994\" class=\"menu-item menu-item-type-post_type menu-item-object-page menu-item-has-children menu-item-56994\"><a href=\"https:\/\/www.accretech.eu\/tr\/?page_id=36879\">Manuel s\u00fctunlu cihazlar<\/a>\n<ul class=\"sub-menu\">\n\t<li id=\"menu-item-56995\" class=\"menu-item menu-item-type-post_type menu-item-object-page menu-item-56995\"><a href=\"https:\/\/www.accretech.eu\/tr\/form-ve-dairesellik-cihazi\/manuel-sutunlu\/rondcom-touch\/\">RONDCOM TOUCH<\/a><\/li>\n<\/ul>\n<\/li>\n<li id=\"menu-item-57000\" class=\"menu-item menu-item-type-post_type menu-item-object-page menu-item-57000\"><a href=\"https:\/\/www.accretech.eu\/tr\/?page_id=34767\">Integr\u00e1lt ACCTee elemz\u0151szoftver &#8211; Form ve Dairesellik Cihaz\u0131<\/a><\/li>\n<li id=\"menu-item-56997\" class=\"menu-item menu-item-type-post_type menu-item-object-page menu-item-56997\"><a href=\"https:\/\/www.accretech.eu\/tr\/form-ve-dairesellik-cihazi\/tam-otomatik-cihazlar\/rondcom-73\/\">RONDCOM 73<\/a><\/li>\n<li id=\"menu-item-56998\" class=\"menu-item menu-item-type-post_type menu-item-object-page menu-item-56998\"><a href=\"https:\/\/www.accretech.eu\/tr\/form-ve-dairesellik-cihazi\/tam-otomatik-cihazlar\/rondcom-76\/\">RONDCOM 76<\/a><\/li>\n<\/ul><\/div><\/div><\/div><\/div>\n<\/div><\/div><\/div>\n","protected":false},"excerpt":{"rendered":"<p>At\u00f6lyede hassas kutup form \u00f6l\u00e7\u00fcm\u00fc<\/p>\n","protected":false},"author":1,"featured_media":0,"parent":36879,"menu_order":0,"comment_status":"closed","ping_status":"closed","template":"","meta":{"footnotes":""},"filter_category":[],"filter_measurements":[],"class_list":["post-10486","page","type-page","status-publish","hentry"],"acf":[],"yoast_head":"<!-- This site is optimized with the Yoast SEO Premium plugin v26.1 (Yoast SEO v26.1.1) - https:\/\/yoast.com\/wordpress\/plugins\/seo\/ -->\n<title>RONDCOM TOUCH - ACCRETECH (Europe)<\/title>\n<meta name=\"robots\" content=\"index, follow, max-snippet:-1, max-image-preview:large, max-video-preview:-1\" \/>\n<link rel=\"canonical\" href=\"https:\/\/www.accretech.eu\/tr\/form-ve-dairesellik-cihazi\/manuel-sutunlu\/rondcom-touch\/\" \/>\n<meta property=\"og:locale\" content=\"tr_TR\" \/>\n<meta property=\"og:type\" content=\"article\" \/>\n<meta property=\"og:title\" content=\"RONDCOM TOUCH\" \/>\n<meta property=\"og:description\" content=\"At\u00f6lyede hassas kutup form \u00f6l\u00e7\u00fcm\u00fc\" \/>\n<meta property=\"og:url\" content=\"https:\/\/www.accretech.eu\/tr\/form-ve-dairesellik-cihazi\/manuel-sutunlu\/rondcom-touch\/\" \/>\n<meta property=\"og:site_name\" content=\"ACCRETECH (Europe)\" \/>\n<meta property=\"article:modified_time\" content=\"2021-09-05T23:04:54+00:00\" \/>\n<meta name=\"twitter:card\" content=\"summary_large_image\" \/>\n<meta name=\"twitter:label1\" content=\"Tahmini okuma s\u00fcresi\" \/>\n\t<meta name=\"twitter:data1\" content=\"5 dakika\" \/>\n<script type=\"application\/ld+json\" class=\"yoast-schema-graph\">{\"@context\":\"https:\/\/schema.org\",\"@graph\":[{\"@type\":\"WebPage\",\"@id\":\"https:\/\/www.accretech.eu\/tr\/form-ve-dairesellik-cihazi\/manuel-sutunlu\/rondcom-touch\/\",\"url\":\"https:\/\/www.accretech.eu\/tr\/form-ve-dairesellik-cihazi\/manuel-sutunlu\/rondcom-touch\/\",\"name\":\"RONDCOM TOUCH - ACCRETECH (Europe)\",\"isPartOf\":{\"@id\":\"https:\/\/www.accretech.eu\/it\/#website\"},\"datePublished\":\"2017-03-25T21:13:55+00:00\",\"dateModified\":\"2021-09-05T23:04:54+00:00\",\"breadcrumb\":{\"@id\":\"https:\/\/www.accretech.eu\/tr\/form-ve-dairesellik-cihazi\/manuel-sutunlu\/rondcom-touch\/#breadcrumb\"},\"inLanguage\":\"tr\",\"potentialAction\":[{\"@type\":\"ReadAction\",\"target\":[\"https:\/\/www.accretech.eu\/tr\/form-ve-dairesellik-cihazi\/manuel-sutunlu\/rondcom-touch\/\"]}]},{\"@type\":\"BreadcrumbList\",\"@id\":\"https:\/\/www.accretech.eu\/tr\/form-ve-dairesellik-cihazi\/manuel-sutunlu\/rondcom-touch\/#breadcrumb\",\"itemListElement\":[{\"@type\":\"ListItem\",\"position\":1,\"name\":\"Startseite\",\"item\":\"https:\/\/www.accretech.eu\/tr\/home-2\/\"},{\"@type\":\"ListItem\",\"position\":2,\"name\":\"Form ve Dairesellik Cihaz\u0131\",\"item\":\"https:\/\/www.accretech.eu\/tr\/?page_id=36876\"},{\"@type\":\"ListItem\",\"position\":3,\"name\":\"Manuel s\u00fctunlu cihazlar\",\"item\":\"https:\/\/www.accretech.eu\/tr\/?page_id=36879\"},{\"@type\":\"ListItem\",\"position\":4,\"name\":\"RONDCOM TOUCH\"}]},{\"@type\":\"WebSite\",\"@id\":\"https:\/\/www.accretech.eu\/it\/#website\",\"url\":\"https:\/\/www.accretech.eu\/it\/\",\"name\":\"ACCRETECH (Europe)\",\"description\":\"\",\"publisher\":{\"@id\":\"https:\/\/www.accretech.eu\/it\/#organization\"},\"potentialAction\":[{\"@type\":\"SearchAction\",\"target\":{\"@type\":\"EntryPoint\",\"urlTemplate\":\"https:\/\/www.accretech.eu\/it\/?s={search_term_string}\"},\"query-input\":{\"@type\":\"PropertyValueSpecification\",\"valueRequired\":true,\"valueName\":\"search_term_string\"}}],\"inLanguage\":\"tr\"},{\"@type\":\"Organization\",\"@id\":\"https:\/\/www.accretech.eu\/it\/#organization\",\"name\":\"ACCRETECH (Europe) GmbH\",\"url\":\"https:\/\/www.accretech.eu\/it\/\",\"logo\":{\"@type\":\"ImageObject\",\"inLanguage\":\"tr\",\"@id\":\"https:\/\/www.accretech.eu\/it\/#\/schema\/logo\/image\/\",\"url\":\"https:\/\/www.accretech.eu\/wp-content\/uploads\/2016\/10\/accretech-europe_logo.png\",\"contentUrl\":\"https:\/\/www.accretech.eu\/wp-content\/uploads\/2016\/10\/accretech-europe_logo.png\",\"width\":312,\"height\":42,\"caption\":\"ACCRETECH (Europe) GmbH\"},\"image\":{\"@id\":\"https:\/\/www.accretech.eu\/it\/#\/schema\/logo\/image\/\"}}]}<\/script>\n<!-- \/ Yoast SEO Premium plugin. -->","yoast_head_json":{"title":"RONDCOM TOUCH - ACCRETECH (Europe)","robots":{"index":"index","follow":"follow","max-snippet":"max-snippet:-1","max-image-preview":"max-image-preview:large","max-video-preview":"max-video-preview:-1"},"canonical":"https:\/\/www.accretech.eu\/tr\/form-ve-dairesellik-cihazi\/manuel-sutunlu\/rondcom-touch\/","og_locale":"tr_TR","og_type":"article","og_title":"RONDCOM TOUCH","og_description":"At\u00f6lyede hassas kutup form \u00f6l\u00e7\u00fcm\u00fc","og_url":"https:\/\/www.accretech.eu\/tr\/form-ve-dairesellik-cihazi\/manuel-sutunlu\/rondcom-touch\/","og_site_name":"ACCRETECH (Europe)","article_modified_time":"2021-09-05T23:04:54+00:00","twitter_card":"summary_large_image","twitter_misc":{"Tahmini okuma s\u00fcresi":"5 dakika"},"schema":{"@context":"https:\/\/schema.org","@graph":[{"@type":"WebPage","@id":"https:\/\/www.accretech.eu\/tr\/form-ve-dairesellik-cihazi\/manuel-sutunlu\/rondcom-touch\/","url":"https:\/\/www.accretech.eu\/tr\/form-ve-dairesellik-cihazi\/manuel-sutunlu\/rondcom-touch\/","name":"RONDCOM TOUCH - ACCRETECH (Europe)","isPartOf":{"@id":"https:\/\/www.accretech.eu\/it\/#website"},"datePublished":"2017-03-25T21:13:55+00:00","dateModified":"2021-09-05T23:04:54+00:00","breadcrumb":{"@id":"https:\/\/www.accretech.eu\/tr\/form-ve-dairesellik-cihazi\/manuel-sutunlu\/rondcom-touch\/#breadcrumb"},"inLanguage":"tr","potentialAction":[{"@type":"ReadAction","target":["https:\/\/www.accretech.eu\/tr\/form-ve-dairesellik-cihazi\/manuel-sutunlu\/rondcom-touch\/"]}]},{"@type":"BreadcrumbList","@id":"https:\/\/www.accretech.eu\/tr\/form-ve-dairesellik-cihazi\/manuel-sutunlu\/rondcom-touch\/#breadcrumb","itemListElement":[{"@type":"ListItem","position":1,"name":"Startseite","item":"https:\/\/www.accretech.eu\/tr\/home-2\/"},{"@type":"ListItem","position":2,"name":"Form ve Dairesellik Cihaz\u0131","item":"https:\/\/www.accretech.eu\/tr\/?page_id=36876"},{"@type":"ListItem","position":3,"name":"Manuel s\u00fctunlu cihazlar","item":"https:\/\/www.accretech.eu\/tr\/?page_id=36879"},{"@type":"ListItem","position":4,"name":"RONDCOM TOUCH"}]},{"@type":"WebSite","@id":"https:\/\/www.accretech.eu\/it\/#website","url":"https:\/\/www.accretech.eu\/it\/","name":"ACCRETECH (Europe)","description":"","publisher":{"@id":"https:\/\/www.accretech.eu\/it\/#organization"},"potentialAction":[{"@type":"SearchAction","target":{"@type":"EntryPoint","urlTemplate":"https:\/\/www.accretech.eu\/it\/?s={search_term_string}"},"query-input":{"@type":"PropertyValueSpecification","valueRequired":true,"valueName":"search_term_string"}}],"inLanguage":"tr"},{"@type":"Organization","@id":"https:\/\/www.accretech.eu\/it\/#organization","name":"ACCRETECH (Europe) GmbH","url":"https:\/\/www.accretech.eu\/it\/","logo":{"@type":"ImageObject","inLanguage":"tr","@id":"https:\/\/www.accretech.eu\/it\/#\/schema\/logo\/image\/","url":"https:\/\/www.accretech.eu\/wp-content\/uploads\/2016\/10\/accretech-europe_logo.png","contentUrl":"https:\/\/www.accretech.eu\/wp-content\/uploads\/2016\/10\/accretech-europe_logo.png","width":312,"height":42,"caption":"ACCRETECH (Europe) GmbH"},"image":{"@id":"https:\/\/www.accretech.eu\/it\/#\/schema\/logo\/image\/"}}]}},"_links":{"self":[{"href":"https:\/\/www.accretech.eu\/tr\/wp-json\/wp\/v2\/pages\/10486","targetHints":{"allow":["GET"]}}],"collection":[{"href":"https:\/\/www.accretech.eu\/tr\/wp-json\/wp\/v2\/pages"}],"about":[{"href":"https:\/\/www.accretech.eu\/tr\/wp-json\/wp\/v2\/types\/page"}],"author":[{"embeddable":true,"href":"https:\/\/www.accretech.eu\/tr\/wp-json\/wp\/v2\/users\/1"}],"replies":[{"embeddable":true,"href":"https:\/\/www.accretech.eu\/tr\/wp-json\/wp\/v2\/comments?post=10486"}],"version-history":[{"count":0,"href":"https:\/\/www.accretech.eu\/tr\/wp-json\/wp\/v2\/pages\/10486\/revisions"}],"up":[{"embeddable":true,"href":"https:\/\/www.accretech.eu\/tr\/wp-json\/wp\/v2\/pages\/36879"}],"wp:attachment":[{"href":"https:\/\/www.accretech.eu\/tr\/wp-json\/wp\/v2\/media?parent=10486"}],"wp:term":[{"taxonomy":"filter_category","embeddable":true,"href":"https:\/\/www.accretech.eu\/tr\/wp-json\/wp\/v2\/filter_category?post=10486"},{"taxonomy":"filter_measurements","embeddable":true,"href":"https:\/\/www.accretech.eu\/tr\/wp-json\/wp\/v2\/filter_measurements?post=10486"}],"curies":[{"name":"wp","href":"https:\/\/api.w.org\/{rel}","templated":true}]}}