{"id":46342,"date":"2020-06-09T16:14:37","date_gmt":"2020-06-09T14:14:37","guid":{"rendered":"https:\/\/acc-clone.max2.dev\/?page_id=46342"},"modified":"2020-08-04T16:11:59","modified_gmt":"2020-08-04T14:11:59","slug":"silindirikligi-olcme","status":"publish","type":"page","link":"https:\/\/www.accretech.eu\/tr\/form-olcumu\/silindirikligi-olcme\/","title":{"rendered":"Silindirikli\u011fi \u00f6l\u00e7me"},"content":{"rendered":"<\/div><\/div><\/div><!-- close content main div --><\/div><\/div><div id='full_slider_1'  class='avia-fullwidth-slider main_color avia-shadow    container_wrap fullsize'  ><div  class='avia-slideshow av-ht5kni-cb87473bb538f4035710860319017a33 avia-slideshow-no scaling av_slideshow_full avia-slide-slider av-slideshow-ui av-control-default av-slideshow-manual av-loop-once av-loop-manual-endless av-default-height-applied   avia-slideshow-1' data-slideshow-options=\"{&quot;animation&quot;:&quot;slide&quot;,&quot;autoplay&quot;:false,&quot;loop_autoplay&quot;:&quot;once&quot;,&quot;interval&quot;:5,&quot;loop_manual&quot;:&quot;manual-endless&quot;,&quot;autoplay_stopper&quot;:false,&quot;noNavigation&quot;:false,&quot;bg_slider&quot;:false,&quot;keep_padding&quot;:false,&quot;hoverpause&quot;:false,&quot;show_slide_delay&quot;:0}\"  itemprop=\"image\" itemscope=\"itemscope\" itemtype=\"https:\/\/schema.org\/ImageObject\" ><ul class='avia-slideshow-inner ' style='padding-bottom: 14.0625%;'><li  class='avia-slideshow-slide av-ht5kni-cb87473bb538f4035710860319017a33__0  av-single-slide slide-1 slide-odd'><div data-rel='slideshow-1' class='avia-slide-wrap '   ><img decoding=\"async\" class=\"wp-image-24869 avia-img-lazy-loading-not-24869\"  src=\"https:\/\/www.accretech.eu\/wp-content\/uploads\/2017\/03\/Accretech-Industrielle-Messtechnik-Header-Landing-3.jpg\" width=\"1280\" height=\"180\" title='Accretech - Industrielle Messtechnik Header Landing (3)' alt=''  itemprop=\"thumbnailUrl\" srcset=\"https:\/\/www.accretech.eu\/wp-content\/uploads\/2017\/03\/Accretech-Industrielle-Messtechnik-Header-Landing-3.jpg 1280w, https:\/\/www.accretech.eu\/wp-content\/uploads\/2017\/03\/Accretech-Industrielle-Messtechnik-Header-Landing-3-300x42.jpg 300w, https:\/\/www.accretech.eu\/wp-content\/uploads\/2017\/03\/Accretech-Industrielle-Messtechnik-Header-Landing-3-768x108.jpg 768w, https:\/\/www.accretech.eu\/wp-content\/uploads\/2017\/03\/Accretech-Industrielle-Messtechnik-Header-Landing-3-1030x145.jpg 1030w, https:\/\/www.accretech.eu\/wp-content\/uploads\/2017\/03\/Accretech-Industrielle-Messtechnik-Header-Landing-3-705x99.jpg 705w, https:\/\/www.accretech.eu\/wp-content\/uploads\/2017\/03\/Accretech-Industrielle-Messtechnik-Header-Landing-3-450x63.jpg 450w\" sizes=\"(max-width: 1280px) 100vw, 1280px\" \/><\/div><\/li><\/ul><\/div><\/div>\n<\/div><\/div><\/div><!-- close content main div --><\/div><\/div><div id='standard-grid'  class='av-layout-grid-container av-hgzzke-bf7d74f54f55282db1cd841c50938f1e entry-content-wrapper main_color av-flex-cells  container_wrap fullsize'  >\n\n<style type=\"text\/css\" data-created_by=\"avia_inline_auto\" id=\"style-css-av-hb7m0u-13311702f6a3b925bda697a0e6d0a7a4\">\n.flex_cell.av-hb7m0u-13311702f6a3b925bda697a0e6d0a7a4{\nvertical-align:top;\n}\n.responsive #top #wrap_all .flex_cell.av-hb7m0u-13311702f6a3b925bda697a0e6d0a7a4{\npadding:0px 20px 0px 0px !important;\n}\n<\/style>\n<div class='flex_cell av-hb7m0u-13311702f6a3b925bda697a0e6d0a7a4 av-gridrow-cell av_two_third no_margin' ><div class='flex_cell_inner'><p>\n<style type=\"text\/css\" data-created_by=\"avia_inline_auto\" id=\"style-css-av-h1x7fy-f26be06440c121548e3b4459cb88b7a4\">\n.flex_column.av-h1x7fy-f26be06440c121548e3b4459cb88b7a4{\n-webkit-border-radius:0px 0px 0px 0px;\n-moz-border-radius:0px 0px 0px 0px;\nborder-radius:0px 0px 0px 0px;\npadding:0px 0px 0px 0px;\n}\n<\/style>\n<div class='flex_column av-h1x7fy-f26be06440c121548e3b4459cb88b7a4 av_one_full first no_margin flex_column_div av-zero-column-padding '     ><br \/>\n<section  class='av_textblock_section av-gsjpr2-b5ceb952bd8107a75a045582fea8d1fb'  itemscope=\"itemscope\" itemtype=\"https:\/\/schema.org\/CreativeWork\" ><div class='avia_textblock'  itemprop=\"text\" ><h1 style=\"font-size: 30px; color: #154194; line-height: 30px; padding-top: 15px;\">Silindirikli\u011fi \u00f6l\u00e7me (CYLt)<\/h1>\n<\/div><\/section><\/p><\/div>\n<style type=\"text\/css\" data-created_by=\"avia_inline_auto\" id=\"style-css-av-glf43i-22b287b076d791faab448ef70546aef6\">\n#top .flex_column.av-glf43i-22b287b076d791faab448ef70546aef6{\nmargin-top:0px;\nmargin-bottom:30px;\n}\n.flex_column.av-glf43i-22b287b076d791faab448ef70546aef6{\n-webkit-border-radius:0px 0px 0px 0px;\n-moz-border-radius:0px 0px 0px 0px;\nborder-radius:0px 0px 0px 0px;\npadding:0px 15px 0px 0px;\n}\n.responsive #top #wrap_all .flex_column.av-glf43i-22b287b076d791faab448ef70546aef6{\nmargin-top:0px;\nmargin-bottom:30px;\n}\n<\/style>\n<div class='flex_column av-glf43i-22b287b076d791faab448ef70546aef6 av_one_full first no_margin flex_column_div '     ><section  class='av_textblock_section av-ge3yby-b5c118e733b85078925554c9bad12e5a'  itemscope=\"itemscope\" itemtype=\"https:\/\/schema.org\/CreativeWork\" ><div class='avia_textblock'  itemprop=\"text\" ><p><span style=\"font-family: f45;\">Silindir, iki paralel z\u0131t dairesel y\u00fczey (taban ve \u00fcst y\u00fczey) ile dairesel y\u00fczeylere dik olan dikd\u00f6rtgen bir yan y\u00fczeyden olu\u015fan geometrik bir cisimdir. Silindiriklik, \u00f6l\u00e7\u00fclen bir silindirin geometrik olarak ideal bir silindirden sapmas\u0131d\u0131r. Tolere edilen eleman silindir kaplama y\u00fczeyidir.<\/span><\/p>\n<p><span style=\"font-family: f45;\">Silindir form tolerans\u0131nda, tolerans b\u00f6lgesi iki e\u015f merkezli silindir ile t mesafesinden s\u0131n\u0131rl\u0131d\u0131r. <\/span><\/p>\n<\/div><\/section><\/div>\n<style type=\"text\/css\" data-created_by=\"avia_inline_auto\" id=\"style-css-av-rba5jf-496d9c4dfd9c5be4e8780ba0db7d6f2e\">\n.flex_column.av-rba5jf-496d9c4dfd9c5be4e8780ba0db7d6f2e{\n-webkit-border-radius:0px 0px 0px 0px;\n-moz-border-radius:0px 0px 0px 0px;\nborder-radius:0px 0px 0px 0px;\npadding:0px 0px 0px 0px;\n}\n<\/style>\n<div class='flex_column av-rba5jf-496d9c4dfd9c5be4e8780ba0db7d6f2e av_two_third first flex_column_div av-zero-column-padding '     ><style type=\"text\/css\" data-created_by=\"avia_inline_auto\" id=\"style-css-av-k7u9m4zy-9d7bfdfb74c37aead11e4c4f2d9f211c\">\n.avia-image-container.av-k7u9m4zy-9d7bfdfb74c37aead11e4c4f2d9f211c img.avia_image{\nbox-shadow:none;\n}\n.avia-image-container.av-k7u9m4zy-9d7bfdfb74c37aead11e4c4f2d9f211c .av-image-caption-overlay-center{\ncolor:#ffffff;\n}\n<\/style>\n<div  class='avia-image-container av-k7u9m4zy-9d7bfdfb74c37aead11e4c4f2d9f211c av-styling- avia-align-center'   itemprop=\"image\" itemscope=\"itemscope\" itemtype=\"https:\/\/schema.org\/ImageObject\" ><div class=\"avia-image-container-inner\"><div class=\"avia-image-overlay-wrap\"><img decoding=\"async\" class='wp-image-37274 avia-img-lazy-loading-not-37274 avia_image ' src=\"https:\/\/www.accretech.eu\/wp-content\/uploads\/2020\/08\/Silindiriklik.png\" alt='Silindiriklik' title='Silindiriklik'  height=\"859\" width=\"1501\"  itemprop=\"thumbnailUrl\" srcset=\"https:\/\/www.accretech.eu\/wp-content\/uploads\/2020\/08\/Silindiriklik.png 1501w, https:\/\/www.accretech.eu\/wp-content\/uploads\/2020\/08\/Silindiriklik-300x172.png 300w, https:\/\/www.accretech.eu\/wp-content\/uploads\/2020\/08\/Silindiriklik-768x440.png 768w, https:\/\/www.accretech.eu\/wp-content\/uploads\/2020\/08\/Silindiriklik-1030x589.png 1030w, https:\/\/www.accretech.eu\/wp-content\/uploads\/2020\/08\/Silindiriklik-705x403.png 705w\" sizes=\"(max-width: 1501px) 100vw, 1501px\" \/><\/div><\/div><\/div><\/div><\/p>\n<\/div><\/div>\n<style type=\"text\/css\" data-created_by=\"avia_inline_auto\" id=\"style-css-av-g83a6e-c11605a0d1875a9c121cb9295a4979f7\">\n.flex_cell.av-g83a6e-c11605a0d1875a9c121cb9295a4979f7{\nvertical-align:top;\n}\n.responsive #top #wrap_all .flex_cell.av-g83a6e-c11605a0d1875a9c121cb9295a4979f7{\npadding:15px 0px 0px 0px !important;\n}\n<\/style>\n<div class='flex_cell av-g83a6e-c11605a0d1875a9c121cb9295a4979f7 av-gridrow-cell av_one_third no_margin' ><div class='flex_cell_inner'><p>\n<style type=\"text\/css\" data-created_by=\"avia_inline_auto\" id=\"style-css-av-g3jpae-552e4136534b988f76af32fef24f3164\">\n#top .flex_column.av-g3jpae-552e4136534b988f76af32fef24f3164{\nmargin-top:0px;\nmargin-bottom:20px;\n}\n.flex_column.av-g3jpae-552e4136534b988f76af32fef24f3164{\n-webkit-border-radius:0px 0px 0px 0px;\n-moz-border-radius:0px 0px 0px 0px;\nborder-radius:0px 0px 0px 0px;\npadding:0px 15px 0px 0px;\nbackground-color:#154194;\n}\n.responsive #top #wrap_all .flex_column.av-g3jpae-552e4136534b988f76af32fef24f3164{\nmargin-top:0px;\nmargin-bottom:20px;\n}\n<\/style>\n<div class='flex_column av-g3jpae-552e4136534b988f76af32fef24f3164 av_one_full first flex_column_div av-hide-on-mobile '     ><div  class='avia-builder-widget-area clearfix '><div id=\"nav_menu-12\" class=\"widget-odd widget-last widget-first widget-1 widget clearfix widget_nav_menu\"><div class=\"menu-anwendungen-industrielle-messtechnik-sub-englisch-turkish-container\"><ul id=\"menu-anwendungen-industrielle-messtechnik-sub-englisch-turkish\" class=\"menu\"><li id=\"menu-item-47505\" class=\"menu-item menu-item-type-post_type menu-item-object-page menu-item-47505\"><a href=\"https:\/\/www.accretech.eu\/tr\/form-olcumu\/dogrusallik-olcme\/\">Do\u011frusall\u0131k \u00f6l\u00e7me<\/a><\/li>\n<li id=\"menu-item-47504\" class=\"menu-item menu-item-type-post_type menu-item-object-page menu-item-47504\"><a href=\"https:\/\/www.accretech.eu\/tr\/form-olcumu\/dogrusalligi-olcme\/\">Do\u011frusall\u0131\u011f\u0131 \u00f6l\u00e7me<\/a><\/li>\n<li id=\"menu-item-47503\" class=\"menu-item menu-item-type-post_type menu-item-object-page menu-item-47503\"><a href=\"https:\/\/www.accretech.eu\/tr\/form-olcumu\/daireselligi-olcme\/\">Daireselli\u011fi \u00f6l\u00e7me<\/a><\/li>\n<li id=\"menu-item-47502\" class=\"menu-item menu-item-type-post_type menu-item-object-page menu-item-47502\"><a href=\"https:\/\/www.accretech.eu\/tr\/form-olcumu\/silindirikligi-olcme\/\">Silindirikli\u011fi \u00f6l\u00e7me<\/a><\/li>\n<li id=\"menu-item-47506\" class=\"menu-item menu-item-type-post_type menu-item-object-page menu-item-47506\"><a href=\"https:\/\/www.accretech.eu\/tr\/form-olcumu\/paralelligi\/\">\u0130ki d\u00fcz \u00e7izginin\/d\u00fczlemin paralelli\u011fi<\/a><\/li>\n<li id=\"menu-item-47501\" class=\"menu-item menu-item-type-post_type menu-item-object-page menu-item-47501\"><a href=\"https:\/\/www.accretech.eu\/tr\/form-olcumu\/diklik-olcme\/\">Diklik \u00f6l\u00e7me<\/a><\/li>\n<li id=\"menu-item-47499\" class=\"menu-item menu-item-type-post_type menu-item-object-page menu-item-47499\"><a href=\"https:\/\/www.accretech.eu\/tr\/form-olcumu\/es-merkezlilik-olcme\/\">E\u015f merkezlilik \u00f6l\u00e7me<\/a><\/li>\n<li id=\"menu-item-47500\" class=\"menu-item menu-item-type-post_type menu-item-object-page menu-item-47500\"><a href=\"https:\/\/www.accretech.eu\/tr\/form-olcumu\/salgi-olcme\/\">Salg\u0131 \u00f6l\u00e7me<\/a><\/li>\n<\/ul><\/div><\/div><\/div><\/div><div class='flex_column_table av-kbj3n41l-0a2a890369e6609c82610ad46a12926d sc-av_one_full av-equal-height-column-flextable'>\n<style type=\"text\/css\" data-created_by=\"avia_inline_auto\" id=\"style-css-av-kbj3n41l-0a2a890369e6609c82610ad46a12926d\">\n.flex_column.av-kbj3n41l-0a2a890369e6609c82610ad46a12926d{\n-webkit-border-radius:0px 0px 0px 0px;\n-moz-border-radius:0px 0px 0px 0px;\nborder-radius:0px 0px 0px 0px;\npadding:0px 0px 0px 0px;\nbackground:url(https:\/\/www.accretech.eu\/wp-content\/uploads\/2020\/02\/ACCRETECH_Formmessgeraete_Matrix-300x186.jpg) 50% 50% no-repeat scroll #ebebeb;\n}\n<\/style>\n<div class='flex_column av-kbj3n41l-0a2a890369e6609c82610ad46a12926d av_one_full first flex_column_table_cell av-equal-height-column av-align-top av-zero-column-padding avia-link-column av-column-link '    data-link-column-url=\"https:\/\/www.accretech.eu\/tr\/urun-bulucu\/\"   ><a class=\"av-screen-reader-only\" href=https:\/\/www.accretech.eu\/tr\/urun-bulucu\/ >Link to: \u00dcr\u00fcn bulucu<\/a><p>\n<style type=\"text\/css\" data-created_by=\"avia_inline_auto\" id=\"style-css-av-jwzf1y2q-8b9489a8b2d39734508cd6794ed042cb\">\n#top .hr.hr-invisible.av-jwzf1y2q-8b9489a8b2d39734508cd6794ed042cb{\nheight:150px;\n}\n<\/style>\n<div  class='hr av-jwzf1y2q-8b9489a8b2d39734508cd6794ed042cb hr-invisible'><span class='hr-inner '><span class=\"hr-inner-style\"><\/span><\/span><\/div><br \/>\n<section  class='av_textblock_section av-h96fm-4709f72178eef738c2be0019609ef47f'  itemscope=\"itemscope\" itemtype=\"https:\/\/schema.org\/CreativeWork\" ><div class='avia_textblock popup-matrix-thumb-text'  itemprop=\"text\" ><p style=\"font-family: frutiger; font-size: 20px; color: #154194; margin: 0px;\">Do\u011fru \u00f6l\u00e7\u00fcm cihaz\u0131n\u0131 bulun<\/p>\n<\/div><\/section><\/p><\/div><\/div><!--close column table wrapper. Autoclose: 1 --><\/p>\n<\/div><\/div><\/div><\/div><\/div><\/div><!-- close content main div --><\/div><\/div><div id='standard-grid'  class='av-layout-grid-container av-hgzzke-bf7d74f54f55282db1cd841c50938f1e entry-content-wrapper main_color av-flex-cells  container_wrap fullsize'  >\n\n<style type=\"text\/css\" data-created_by=\"avia_inline_auto\" id=\"style-css-av-hb7m0u-2ee289d4353a8cd44ea885ff125a1a9c\">\n.flex_cell.av-hb7m0u-2ee289d4353a8cd44ea885ff125a1a9c{\nvertical-align:top;\n}\n.responsive #top #wrap_all .flex_cell.av-hb7m0u-2ee289d4353a8cd44ea885ff125a1a9c{\npadding:20px 20px 0px 0px !important;\n}\n<\/style>\n<div class='flex_cell av-hb7m0u-2ee289d4353a8cd44ea885ff125a1a9c av-gridrow-cell av_one_full no_margin' ><div class='flex_cell_inner'><\/div><\/div>\n<\/div>\n","protected":false},"excerpt":{"rendered":"","protected":false},"author":550,"featured_media":0,"parent":46338,"menu_order":0,"comment_status":"closed","ping_status":"closed","template":"","meta":{"footnotes":""},"filter_category":[],"filter_measurements":[],"class_list":["post-46342","page","type-page","status-publish","hentry"],"acf":[],"yoast_head":"<!-- This site is optimized with the Yoast SEO Premium plugin v26.1 (Yoast SEO v26.1.1) - https:\/\/yoast.com\/wordpress\/plugins\/seo\/ -->\n<title>Silindirikli\u011fi \u00f6l\u00e7me - ACCRETECH (Europe)<\/title>\n<meta name=\"robots\" content=\"index, follow, max-snippet:-1, max-image-preview:large, max-video-preview:-1\" \/>\n<link rel=\"canonical\" href=\"https:\/\/www.accretech.eu\/tr\/form-olcumu\/silindirikligi-olcme\/\" \/>\n<meta property=\"og:locale\" content=\"tr_TR\" \/>\n<meta property=\"og:type\" content=\"article\" \/>\n<meta property=\"og:title\" content=\"Silindirikli\u011fi \u00f6l\u00e7me\" \/>\n<meta property=\"og:url\" content=\"https:\/\/www.accretech.eu\/tr\/form-olcumu\/silindirikligi-olcme\/\" \/>\n<meta property=\"og:site_name\" content=\"ACCRETECH (Europe)\" \/>\n<meta property=\"article:modified_time\" content=\"2020-08-04T14:11:59+00:00\" \/>\n<meta name=\"twitter:card\" content=\"summary_large_image\" \/>\n<meta name=\"twitter:label1\" content=\"Tahmini okuma s\u00fcresi\" \/>\n\t<meta name=\"twitter:data1\" content=\"6 dakika\" \/>\n<script type=\"application\/ld+json\" class=\"yoast-schema-graph\">{\"@context\":\"https:\/\/schema.org\",\"@graph\":[{\"@type\":\"WebPage\",\"@id\":\"https:\/\/www.accretech.eu\/tr\/form-olcumu\/silindirikligi-olcme\/\",\"url\":\"https:\/\/www.accretech.eu\/tr\/form-olcumu\/silindirikligi-olcme\/\",\"name\":\"Silindirikli\u011fi \u00f6l\u00e7me - ACCRETECH (Europe)\",\"isPartOf\":{\"@id\":\"https:\/\/www.accretech.eu\/it\/#website\"},\"datePublished\":\"2020-06-09T14:14:37+00:00\",\"dateModified\":\"2020-08-04T14:11:59+00:00\",\"breadcrumb\":{\"@id\":\"https:\/\/www.accretech.eu\/tr\/form-olcumu\/silindirikligi-olcme\/#breadcrumb\"},\"inLanguage\":\"tr\",\"potentialAction\":[{\"@type\":\"ReadAction\",\"target\":[\"https:\/\/www.accretech.eu\/tr\/form-olcumu\/silindirikligi-olcme\/\"]}]},{\"@type\":\"BreadcrumbList\",\"@id\":\"https:\/\/www.accretech.eu\/tr\/form-olcumu\/silindirikligi-olcme\/#breadcrumb\",\"itemListElement\":[{\"@type\":\"ListItem\",\"position\":1,\"name\":\"Startseite\",\"item\":\"https:\/\/www.accretech.eu\/tr\/home-2\/\"},{\"@type\":\"ListItem\",\"position\":2,\"name\":\"Form \u00f6l\u00e7\u00fcm\u00fc\",\"item\":\"https:\/\/www.accretech.eu\/tr\/?page_id=46338\"},{\"@type\":\"ListItem\",\"position\":3,\"name\":\"Silindirikli\u011fi \u00f6l\u00e7me\"}]},{\"@type\":\"WebSite\",\"@id\":\"https:\/\/www.accretech.eu\/it\/#website\",\"url\":\"https:\/\/www.accretech.eu\/it\/\",\"name\":\"ACCRETECH (Europe)\",\"description\":\"\",\"publisher\":{\"@id\":\"https:\/\/www.accretech.eu\/it\/#organization\"},\"potentialAction\":[{\"@type\":\"SearchAction\",\"target\":{\"@type\":\"EntryPoint\",\"urlTemplate\":\"https:\/\/www.accretech.eu\/it\/?s={search_term_string}\"},\"query-input\":{\"@type\":\"PropertyValueSpecification\",\"valueRequired\":true,\"valueName\":\"search_term_string\"}}],\"inLanguage\":\"tr\"},{\"@type\":\"Organization\",\"@id\":\"https:\/\/www.accretech.eu\/it\/#organization\",\"name\":\"ACCRETECH (Europe) GmbH\",\"url\":\"https:\/\/www.accretech.eu\/it\/\",\"logo\":{\"@type\":\"ImageObject\",\"inLanguage\":\"tr\",\"@id\":\"https:\/\/www.accretech.eu\/it\/#\/schema\/logo\/image\/\",\"url\":\"https:\/\/www.accretech.eu\/wp-content\/uploads\/2016\/10\/accretech-europe_logo.png\",\"contentUrl\":\"https:\/\/www.accretech.eu\/wp-content\/uploads\/2016\/10\/accretech-europe_logo.png\",\"width\":312,\"height\":42,\"caption\":\"ACCRETECH (Europe) GmbH\"},\"image\":{\"@id\":\"https:\/\/www.accretech.eu\/it\/#\/schema\/logo\/image\/\"}}]}<\/script>\n<!-- \/ Yoast SEO Premium plugin. -->","yoast_head_json":{"title":"Silindirikli\u011fi \u00f6l\u00e7me - ACCRETECH (Europe)","robots":{"index":"index","follow":"follow","max-snippet":"max-snippet:-1","max-image-preview":"max-image-preview:large","max-video-preview":"max-video-preview:-1"},"canonical":"https:\/\/www.accretech.eu\/tr\/form-olcumu\/silindirikligi-olcme\/","og_locale":"tr_TR","og_type":"article","og_title":"Silindirikli\u011fi \u00f6l\u00e7me","og_url":"https:\/\/www.accretech.eu\/tr\/form-olcumu\/silindirikligi-olcme\/","og_site_name":"ACCRETECH (Europe)","article_modified_time":"2020-08-04T14:11:59+00:00","twitter_card":"summary_large_image","twitter_misc":{"Tahmini okuma s\u00fcresi":"6 dakika"},"schema":{"@context":"https:\/\/schema.org","@graph":[{"@type":"WebPage","@id":"https:\/\/www.accretech.eu\/tr\/form-olcumu\/silindirikligi-olcme\/","url":"https:\/\/www.accretech.eu\/tr\/form-olcumu\/silindirikligi-olcme\/","name":"Silindirikli\u011fi \u00f6l\u00e7me - ACCRETECH (Europe)","isPartOf":{"@id":"https:\/\/www.accretech.eu\/it\/#website"},"datePublished":"2020-06-09T14:14:37+00:00","dateModified":"2020-08-04T14:11:59+00:00","breadcrumb":{"@id":"https:\/\/www.accretech.eu\/tr\/form-olcumu\/silindirikligi-olcme\/#breadcrumb"},"inLanguage":"tr","potentialAction":[{"@type":"ReadAction","target":["https:\/\/www.accretech.eu\/tr\/form-olcumu\/silindirikligi-olcme\/"]}]},{"@type":"BreadcrumbList","@id":"https:\/\/www.accretech.eu\/tr\/form-olcumu\/silindirikligi-olcme\/#breadcrumb","itemListElement":[{"@type":"ListItem","position":1,"name":"Startseite","item":"https:\/\/www.accretech.eu\/tr\/home-2\/"},{"@type":"ListItem","position":2,"name":"Form \u00f6l\u00e7\u00fcm\u00fc","item":"https:\/\/www.accretech.eu\/tr\/?page_id=46338"},{"@type":"ListItem","position":3,"name":"Silindirikli\u011fi \u00f6l\u00e7me"}]},{"@type":"WebSite","@id":"https:\/\/www.accretech.eu\/it\/#website","url":"https:\/\/www.accretech.eu\/it\/","name":"ACCRETECH (Europe)","description":"","publisher":{"@id":"https:\/\/www.accretech.eu\/it\/#organization"},"potentialAction":[{"@type":"SearchAction","target":{"@type":"EntryPoint","urlTemplate":"https:\/\/www.accretech.eu\/it\/?s={search_term_string}"},"query-input":{"@type":"PropertyValueSpecification","valueRequired":true,"valueName":"search_term_string"}}],"inLanguage":"tr"},{"@type":"Organization","@id":"https:\/\/www.accretech.eu\/it\/#organization","name":"ACCRETECH (Europe) GmbH","url":"https:\/\/www.accretech.eu\/it\/","logo":{"@type":"ImageObject","inLanguage":"tr","@id":"https:\/\/www.accretech.eu\/it\/#\/schema\/logo\/image\/","url":"https:\/\/www.accretech.eu\/wp-content\/uploads\/2016\/10\/accretech-europe_logo.png","contentUrl":"https:\/\/www.accretech.eu\/wp-content\/uploads\/2016\/10\/accretech-europe_logo.png","width":312,"height":42,"caption":"ACCRETECH (Europe) GmbH"},"image":{"@id":"https:\/\/www.accretech.eu\/it\/#\/schema\/logo\/image\/"}}]}},"_links":{"self":[{"href":"https:\/\/www.accretech.eu\/tr\/wp-json\/wp\/v2\/pages\/46342","targetHints":{"allow":["GET"]}}],"collection":[{"href":"https:\/\/www.accretech.eu\/tr\/wp-json\/wp\/v2\/pages"}],"about":[{"href":"https:\/\/www.accretech.eu\/tr\/wp-json\/wp\/v2\/types\/page"}],"author":[{"embeddable":true,"href":"https:\/\/www.accretech.eu\/tr\/wp-json\/wp\/v2\/users\/550"}],"replies":[{"embeddable":true,"href":"https:\/\/www.accretech.eu\/tr\/wp-json\/wp\/v2\/comments?post=46342"}],"version-history":[{"count":0,"href":"https:\/\/www.accretech.eu\/tr\/wp-json\/wp\/v2\/pages\/46342\/revisions"}],"up":[{"embeddable":true,"href":"https:\/\/www.accretech.eu\/tr\/wp-json\/wp\/v2\/pages\/46338"}],"wp:attachment":[{"href":"https:\/\/www.accretech.eu\/tr\/wp-json\/wp\/v2\/media?parent=46342"}],"wp:term":[{"taxonomy":"filter_category","embeddable":true,"href":"https:\/\/www.accretech.eu\/tr\/wp-json\/wp\/v2\/filter_category?post=46342"},{"taxonomy":"filter_measurements","embeddable":true,"href":"https:\/\/www.accretech.eu\/tr\/wp-json\/wp\/v2\/filter_measurements?post=46342"}],"curies":[{"name":"wp","href":"https:\/\/api.w.org\/{rel}","templated":true}]}}