{"id":60936,"date":"2021-05-17T09:12:02","date_gmt":"2021-05-17T07:12:02","guid":{"rendered":"https:\/\/www.accretech.eu\/?page_id=60936"},"modified":"2022-03-03T11:34:06","modified_gmt":"2022-03-03T10:34:06","slug":"torna-makineleri","status":"publish","type":"page","link":"https:\/\/www.accretech.eu\/tr\/torna-makineleri\/","title":{"rendered":"Torna Makineleri"},"content":{"rendered":"<\/div><\/div><\/div><!-- close content main div --><\/div><\/div><div id='layer_slider_1'  class='avia-layerslider main_color avia-shadow  container_wrap fullsize'  style='height: 336px; max-width: 1280px; margin: 0 auto;'  ><div id=\"layerslider_328_1seyrjsbgbt1k\" class=\"ls-wp-container fitvidsignore ls-selectable\" style=\"width:1280px;height:335px;max-width:1280px;margin:0 auto;margin-bottom: 0px;\"><div class=\"ls-slide\" data-ls=\"bgsize:cover;duration:4000;transition2d:5;\"><img width=\"1280\" height=\"335\" data-src=\"https:\/\/www.accretech.eu\/wp-content\/uploads\/2021\/06\/CNC-Turning-machine.jpg\" class=\"ls-bg\" alt=\"CNC Turning machine\" data-srcset=\"https:\/\/www.accretech.eu\/wp-content\/uploads\/2021\/06\/CNC-Turning-machine.jpg 1280w, https:\/\/www.accretech.eu\/wp-content\/uploads\/2021\/06\/CNC-Turning-machine-300x79.jpg 300w, https:\/\/www.accretech.eu\/wp-content\/uploads\/2021\/06\/CNC-Turning-machine-1030x270.jpg 1030w, https:\/\/www.accretech.eu\/wp-content\/uploads\/2021\/06\/CNC-Turning-machine-768x201.jpg 768w, https:\/\/www.accretech.eu\/wp-content\/uploads\/2021\/06\/CNC-Turning-machine-705x185.jpg 705w\" sizes=\"(max-width: 1280px) 100vw, 1280px\" \/><h2 style=\"font-weight:normal;font-family:frutiger;font-size:26px;top:133px;left:78px;color:#ffffff;line-height:29px;\" class=\"ls-l ls-text-layer\" data-ls=\"offsetxin:80;offsetxout:-80;durationout:400;parallaxlevel:0;\">Torna makineleri i\u00e7in i\u015flem kontrol\u00fc \u00e7\u00f6z\u00fcmleri<\/h2><p style=\"font-family:frutiger;font-size:33px;top:64px;left:75px;line-height:33px;color:#ffffff;white-space:normal;\" class=\"ls-l ls-text-layer\" data-ls=\"offsetxin:80;offsetxout:-80;durationout:400;parallaxlevel:0;\">ACCRETECH SBS<\/p><\/div><\/div><\/div>\n<\/div><\/div><\/div><!-- close content main div --><\/div><\/div><div id='standard-grid'  class='av-layout-grid-container av-8h8gnm-493c8205fb0927fed9d1681a5412c74c entry-content-wrapper main_color av-flex-cells  container_wrap fullsize'  >\n\n<style type=\"text\/css\" data-created_by=\"avia_inline_auto\" id=\"style-css-av-8apjv6-4293b80b0b360b6aaa040c8973ac2c85\">\n.flex_cell.av-8apjv6-4293b80b0b360b6aaa040c8973ac2c85{\nvertical-align:top;\n}\n.responsive #top #wrap_all .flex_cell.av-8apjv6-4293b80b0b360b6aaa040c8973ac2c85{\npadding:0px 20px 0px 0px !important;\n}\n<\/style>\n<div class='flex_cell av-8apjv6-4293b80b0b360b6aaa040c8973ac2c85 av-gridrow-cell av_two_third no_margin' ><div class='flex_cell_inner'><p>\n<style type=\"text\/css\" data-created_by=\"avia_inline_auto\" id=\"style-css-av-88q5ne-045b130529c756d69f4455f513077142\">\n.flex_column.av-88q5ne-045b130529c756d69f4455f513077142{\n-webkit-border-radius:0px 0px 0px 0px;\n-moz-border-radius:0px 0px 0px 0px;\nborder-radius:0px 0px 0px 0px;\npadding:0px 0px 0px 0px;\n}\n<\/style>\n<div class='flex_column av-88q5ne-045b130529c756d69f4455f513077142 av_one_full first no_margin flex_column_div av-zero-column-padding '     ><br \/>\n<section  class='av_textblock_section av-7u5npe-d70dd978c455749b66fabb6e78441883'  itemscope=\"itemscope\" itemtype=\"https:\/\/schema.org\/CreativeWork\" ><div class='avia_textblock'  itemprop=\"text\" ><h1><span style=\"color: #154194;\">Torna makineleri<br \/>\n<\/span><\/h1>\n<\/div><\/section><br \/>\n<section  class='av_textblock_section av-7u5npe-d70dd978c455749b66fabb6e78441883'  itemscope=\"itemscope\" itemtype=\"https:\/\/schema.org\/CreativeWork\" ><div class='avia_textblock'  itemprop=\"text\" ><h2>Torna makineleri i\u00e7in i\u015flem kontrol\u00fc \u00e7\u00f6z\u00fcmleri<\/h2>\n<\/div><\/section><\/p><\/div>\n<style type=\"text\/css\" data-created_by=\"avia_inline_auto\" id=\"style-css-av-7r01fe-ede05ef1e9694965a733c93aecbfc39a\">\n#top .flex_column.av-7r01fe-ede05ef1e9694965a733c93aecbfc39a{\nmargin-top:0px;\nmargin-bottom:10px;\n}\n.flex_column.av-7r01fe-ede05ef1e9694965a733c93aecbfc39a{\n-webkit-border-radius:0px 0px 0px 0px;\n-moz-border-radius:0px 0px 0px 0px;\nborder-radius:0px 0px 0px 0px;\npadding:0px 0px 0px 0px;\n}\n.responsive #top #wrap_all .flex_column.av-7r01fe-ede05ef1e9694965a733c93aecbfc39a{\nmargin-top:0px;\nmargin-bottom:10px;\n}\n<\/style>\n<div class='flex_column av-7r01fe-ede05ef1e9694965a733c93aecbfc39a av_one_full  omg-with-list first no_margin flex_column_div av-zero-column-padding '     ><section  class='av_textblock_section av-7i17ii-0ecc295ff138f88e3a5f9058fe2b1f66'  itemscope=\"itemscope\" itemtype=\"https:\/\/schema.org\/CreativeWork\" ><div class='avia_textblock'  itemprop=\"text\" ><p>ACCRETECH&#8217;in TL02 temasl\u0131 prob konumland\u0131rma bile\u015feni, CNC torna tezgahlar\u0131 gibi aletlere uygun kompakt bir sens\u00f6rd\u00fcr ve konum kontrol\u00fc ve i\u015f haz\u0131rl\u0131\u011f\u0131 i\u00e7in kullan\u0131\u015fl\u0131d\u0131r, \u00e7\u00fcnk\u00fc i\u015f haz\u0131rl\u0131\u011f\u0131 s\u00fcresini azaltma ve makine \u00e7al\u0131\u015fma s\u00fcresini ve hassas par\u00e7alar\u0131n i\u015flenmesini iyile\u015ftirme a\u00e7\u0131s\u0131ndan faydal\u0131d\u0131r.<\/p>\n<p>ACCRETECH&#8217;in SBS \u00fcr\u00fcn grubu, akustik emisyon (AE) izleme sistemine sahiptir ve kesici alet ve par\u00e7a aras\u0131nda y\u00fcksek h\u0131zl\u0131 bir \u0130lk Temas alg\u0131lamas\u0131 sa\u011flar ve anormal makine olaylar\u0131n\u0131 (\u00c7arpma) izler.<\/p>\n<\/div><\/section><\/div><\/p>\n<\/div><\/div>\n<style type=\"text\/css\" data-created_by=\"avia_inline_auto\" id=\"style-css-av-7eys7e-0788a9010ac7c2b493c20c3c9ff399e9\">\n.flex_cell.av-7eys7e-0788a9010ac7c2b493c20c3c9ff399e9{\nvertical-align:top;\n}\n.responsive #top #wrap_all .flex_cell.av-7eys7e-0788a9010ac7c2b493c20c3c9ff399e9{\npadding:15px 0px 0px 0px !important;\n}\n<\/style>\n<div class='flex_cell av-7eys7e-0788a9010ac7c2b493c20c3c9ff399e9 av-gridrow-cell av_one_third no_margin' ><div class='flex_cell_inner'>\n<style type=\"text\/css\" data-created_by=\"avia_inline_auto\" id=\"style-css-av-77a8yi-0d41f24871f8e0ff790014108943a5a1\">\n#top .flex_column.av-77a8yi-0d41f24871f8e0ff790014108943a5a1{\nmargin-top:0px;\nmargin-bottom:20px;\n}\n.flex_column.av-77a8yi-0d41f24871f8e0ff790014108943a5a1{\n-webkit-border-radius:0px 0px 0px 0px;\n-moz-border-radius:0px 0px 0px 0px;\nborder-radius:0px 0px 0px 0px;\npadding:0px 15px 0px 0px;\nbackground-color:#154194;\n}\n.responsive #top #wrap_all .flex_column.av-77a8yi-0d41f24871f8e0ff790014108943a5a1{\nmargin-top:0px;\nmargin-bottom:20px;\n}\n<\/style>\n<div class='flex_column av-77a8yi-0d41f24871f8e0ff790014108943a5a1 av_one_full first flex_column_div av-hide-on-mobile '     ><\/div>\n<\/div><\/div>\n<\/div>\n<\/div><\/div><\/div><!-- close content main div --><\/div><\/div><div id='standard-grid'  class='av-layout-grid-container av-2hk1ixs-3fcc6a775f2b4f284f65baddc06233c7 entry-content-wrapper main_color av-flex-cells  container_wrap fullsize'  >\n\n<style type=\"text\/css\" data-created_by=\"avia_inline_auto\" id=\"style-css-av-2179ytc-447f2bd668b3778e7b93acb8657253d4\">\n.flex_cell.av-2179ytc-447f2bd668b3778e7b93acb8657253d4{\nvertical-align:top;\n}\n.responsive #top #wrap_all .flex_cell.av-2179ytc-447f2bd668b3778e7b93acb8657253d4{\npadding:0px 20px 0px 0px !important;\n}\n<\/style>\n<div class='flex_cell av-2179ytc-447f2bd668b3778e7b93acb8657253d4 av-gridrow-cell av_one_full no_margin' ><div class='flex_cell_inner'><p>\n<style type=\"text\/css\" data-created_by=\"avia_inline_auto\" id=\"style-css-av-kotq5v96-041438a8753b59c32c5370b3a4a91378\">\n#top .flex_column.av-kotq5v96-041438a8753b59c32c5370b3a4a91378{\nmargin-top:35px;\nmargin-bottom:10px;\n}\n.flex_column.av-kotq5v96-041438a8753b59c32c5370b3a4a91378{\n-webkit-border-radius:0px 0px 0px 0px;\n-moz-border-radius:0px 0px 0px 0px;\nborder-radius:0px 0px 0px 0px;\npadding:0px 0px 0px 0px;\n}\n.responsive #top #wrap_all .flex_column.av-kotq5v96-041438a8753b59c32c5370b3a4a91378{\nmargin-top:35px;\nmargin-bottom:10px;\n}\n<\/style>\n<div class='flex_column av-kotq5v96-041438a8753b59c32c5370b3a4a91378 av_one_half  omg-with-list first no_margin flex_column_div av-zero-column-padding '     ><style type=\"text\/css\" data-created_by=\"avia_inline_auto\" id=\"style-css-av-ktib8mhm-9aa8ff53c54cab3752e050ad04bf0159\">\n.avia-image-container.av-ktib8mhm-9aa8ff53c54cab3752e050ad04bf0159 img.avia_image{\nbox-shadow:none;\n}\n.avia-image-container.av-ktib8mhm-9aa8ff53c54cab3752e050ad04bf0159 .av-image-caption-overlay-center{\ncolor:#ffffff;\n}\n<\/style>\n<div  class='avia-image-container av-ktib8mhm-9aa8ff53c54cab3752e050ad04bf0159 av-styling- avia-align-center'   itemprop=\"image\" itemscope=\"itemscope\" itemtype=\"https:\/\/schema.org\/ImageObject\" ><div class=\"avia-image-container-inner\"><div class=\"avia-image-overlay-wrap\"><img decoding=\"async\" class='wp-image-58490 avia-img-lazy-loading-not-58490 avia_image ' src=\"https:\/\/www.accretech.eu\/wp-content\/uploads\/2021\/09\/CNC-lathe-machine_numbers-scaled.jpeg\" alt='' title='Lathe 3D rendering milling machine isolated in white studio background. Metal works'  height=\"1441\" width=\"2560\"  itemprop=\"thumbnailUrl\" srcset=\"https:\/\/www.accretech.eu\/wp-content\/uploads\/2021\/09\/CNC-lathe-machine_numbers-scaled.jpeg 2560w, https:\/\/www.accretech.eu\/wp-content\/uploads\/2021\/09\/CNC-lathe-machine_numbers-300x169.jpeg 300w, https:\/\/www.accretech.eu\/wp-content\/uploads\/2021\/09\/CNC-lathe-machine_numbers-1030x580.jpeg 1030w, https:\/\/www.accretech.eu\/wp-content\/uploads\/2021\/09\/CNC-lathe-machine_numbers-768x432.jpeg 768w, https:\/\/www.accretech.eu\/wp-content\/uploads\/2021\/09\/CNC-lathe-machine_numbers-1536x864.jpeg 1536w, https:\/\/www.accretech.eu\/wp-content\/uploads\/2021\/09\/CNC-lathe-machine_numbers-2048x1153.jpeg 2048w, https:\/\/www.accretech.eu\/wp-content\/uploads\/2021\/09\/CNC-lathe-machine_numbers-1500x844.jpeg 1500w, https:\/\/www.accretech.eu\/wp-content\/uploads\/2021\/09\/CNC-lathe-machine_numbers-705x397.jpeg 705w\" sizes=\"(max-width: 2560px) 100vw, 2560px\" \/><\/div><\/div><\/div><\/div>\n<style type=\"text\/css\" data-created_by=\"avia_inline_auto\" id=\"style-css-av-4rbjs0-a3d9a86c985d6eec4ebf4571a01e000f\">\n#top .flex_column.av-4rbjs0-a3d9a86c985d6eec4ebf4571a01e000f{\nmargin-top:0px;\nmargin-bottom:0px;\n}\n.flex_column.av-4rbjs0-a3d9a86c985d6eec4ebf4571a01e000f{\n-webkit-border-radius:0px 0px 0px 0px;\n-moz-border-radius:0px 0px 0px 0px;\nborder-radius:0px 0px 0px 0px;\npadding:20px 0px -10px 0px;\n}\n.responsive #top #wrap_all .flex_column.av-4rbjs0-a3d9a86c985d6eec4ebf4571a01e000f{\nmargin-top:0px;\nmargin-bottom:0px;\n}\n<\/style>\n<div class='flex_column av-4rbjs0-a3d9a86c985d6eec4ebf4571a01e000f av_two_fifth no_margin flex_column_div '     ><section  class='av_textblock_section av-n50pi8-16788cc61eea884e712abce0250a53d2'  itemscope=\"itemscope\" itemtype=\"https:\/\/schema.org\/CreativeWork\" ><div class='avia_textblock'  itemprop=\"text\" ><ol>\n<li>TL02 Temasl\u0131 Prob \u2013 i\u015f haz\u0131rl\u0131\u011f\u0131 ve konum kontrol\u00fc<\/li>\n<li>Pulcom r \u2013 genel ama\u00e7l\u0131 \u00f6l\u00e7\u00fcm ba\u015fl\u0131\u011f\u0131 \u2013 i\u015f haz\u0131rl\u0131\u011f\u0131 ve konum kontrol\u00fc (E-DT-175A)<\/li>\n<li>SBS \u00dcr\u00fcn Grubu \u2013 \u0130lk Temas ve \u00c7arp\u0131\u015fma \u00d6nleme i\u00e7in akustik emisyon (AE) izleme sistemi<\/li>\n<\/ol>\n<\/div><\/section><\/div><\/p>\n<\/div><\/div>\n<\/div>\n<\/div><\/div><\/div><!-- close content main div --><\/div><\/div><div id='standard-grid'  class='av-layout-grid-container av-8h8gnm-493c8205fb0927fed9d1681a5412c74c entry-content-wrapper main_color av-flex-cells  container_wrap fullsize'  >\n\n<style type=\"text\/css\" data-created_by=\"avia_inline_auto\" id=\"style-css-av-8apjv6-4293b80b0b360b6aaa040c8973ac2c85\">\n.flex_cell.av-8apjv6-4293b80b0b360b6aaa040c8973ac2c85{\nvertical-align:top;\n}\n.responsive #top #wrap_all .flex_cell.av-8apjv6-4293b80b0b360b6aaa040c8973ac2c85{\npadding:0px 20px 0px 0px !important;\n}\n<\/style>\n<div class='flex_cell av-8apjv6-4293b80b0b360b6aaa040c8973ac2c85 av-gridrow-cell av_four_fifth no_margin' ><div class='flex_cell_inner'>\n<style type=\"text\/css\" data-created_by=\"avia_inline_auto\" id=\"style-css-av-kotq5jg8-375257165cdf685a02fdad1d5311bd65\">\n#top .flex_column.av-kotq5jg8-375257165cdf685a02fdad1d5311bd65{\nmargin-top:35px;\nmargin-bottom:10px;\n}\n.flex_column.av-kotq5jg8-375257165cdf685a02fdad1d5311bd65{\n-webkit-border-radius:0px 0px 0px 0px;\n-moz-border-radius:0px 0px 0px 0px;\nborder-radius:0px 0px 0px 0px;\npadding:20px 0px -10px 0px;\n}\n.responsive #top #wrap_all .flex_column.av-kotq5jg8-375257165cdf685a02fdad1d5311bd65{\nmargin-top:35px;\nmargin-bottom:10px;\n}\n<\/style>\n<div class='flex_column av-kotq5jg8-375257165cdf685a02fdad1d5311bd65 av_one_full first flex_column_div '     ><section  class='av_textblock_section av-jwurv161-9e4a8574b6de06343ace00c8462893fd'  itemscope=\"itemscope\" itemtype=\"https:\/\/schema.org\/CreativeWork\" ><div class='avia_textblock omg-before-grid'  itemprop=\"text\" ><h3><strong>Torna makineleri \u00e7\u00f6z\u00fcmleri i\u00e7in ACCRETECH \u00fcr\u00fcn kategorileri<\/strong><\/h3>\n<\/div><\/section><\/div>\n<\/div><\/div>\n<style type=\"text\/css\" data-created_by=\"avia_inline_auto\" id=\"style-css-av-l6bxty-c8e3ec9444e2a249c299af83db530ca9\">\n.flex_cell.av-l6bxty-c8e3ec9444e2a249c299af83db530ca9{\nvertical-align:top;\n}\n.responsive #top #wrap_all .flex_cell.av-l6bxty-c8e3ec9444e2a249c299af83db530ca9{\npadding:30px 30px 30px 30px !important;\n}\n<\/style>\n<div class='flex_cell av-l6bxty-c8e3ec9444e2a249c299af83db530ca9 av-gridrow-cell av_one_fifth no_margin' ><div class='flex_cell_inner'><\/div><\/div>\n<\/div>\n<\/div><\/div><\/div><!-- close content main div --><\/div><\/div><div id='standard-grid'  class='av-layout-grid-container av-4xy9a55-e06f369031bd63c1d973e410ba83ab0e entry-content-wrapper alternate_color av-flex-cells  dreiergrid  container_wrap fullsize'  >\n\n<style type=\"text\/css\" data-created_by=\"avia_inline_auto\" id=\"style-css-av-4fzme0p-2d4ff823fb4f48561f6f8ba162a8ab17\">\n.flex_cell.av-4fzme0p-2d4ff823fb4f48561f6f8ba162a8ab17{\nvertical-align:top;\nbackground:url(https:\/\/www.accretech.eu\/wp-content\/uploads\/2021\/06\/TL02-Touch-Locator_ACCRETECH-2.jpg) 50% 50% no-repeat scroll ;\n}\n.responsive #top #wrap_all .flex_cell.av-4fzme0p-2d4ff823fb4f48561f6f8ba162a8ab17{\npadding:180px 10px 10px 10px !important;\n}\n<\/style>\n<a class=\"av-screen-reader-only\" href=\"https:\/\/www.accretech.eu\/tr\/temasli-problar\/\" >Link to: Temasl\u0131 Problar<\/a><div class='flex_cell av-4fzme0p-2d4ff823fb4f48561f6f8ba162a8ab17 av-gridrow-cell av_one_half no_margin  zoombreit avia-full-contain avia-link-column av-cell-link'  data-link-column-url=\"https:\/\/www.accretech.eu\/tr\/temasli-problar\/\" ><div class='flex_cell_inner'>\n<style type=\"text\/css\" data-created_by=\"avia_inline_auto\" id=\"style-css-av-3wo5yah-a84410b4cd2568e61c8955034efdaa8b\">\n#top .flex_column.av-3wo5yah-a84410b4cd2568e61c8955034efdaa8b{\nmargin-top:0px;\nmargin-bottom:0px;\n}\n.flex_column.av-3wo5yah-a84410b4cd2568e61c8955034efdaa8b{\n-webkit-border-radius:0px 0px 0px 0px;\n-moz-border-radius:0px 0px 0px 0px;\nborder-radius:0px 0px 0px 0px;\npadding:10px 0px 10px 20px;\nbackground-color:#ebebeb;\n}\n.responsive #top #wrap_all .flex_column.av-3wo5yah-a84410b4cd2568e61c8955034efdaa8b{\nmargin-top:0px;\nmargin-bottom:0px;\n}\n<\/style>\n<div class='flex_column av-3wo5yah-a84410b4cd2568e61c8955034efdaa8b av_one_full first no_margin flex_column_div '     ><section  class='av_textblock_section av-kmxcij9p-b1edeef67bf01d33c385e879bee04b2b'  itemscope=\"itemscope\" itemtype=\"https:\/\/schema.org\/CreativeWork\" ><div class='avia_textblock'  itemprop=\"text\" ><p style=\"font-family: frutiger; font-size: 20px; color: #154194; margin: 0px;\">Temasl\u0131 Problar<\/p>\n<\/div><\/section><\/div>\n<\/div><\/div>\n<style type=\"text\/css\" data-created_by=\"avia_inline_auto\" id=\"style-css-av-39yu315-997b5960a7dfb8efcb89b5d74b1a4156\">\n.flex_cell.av-39yu315-997b5960a7dfb8efcb89b5d74b1a4156{\nvertical-align:top;\nbackground:url(https:\/\/www.accretech.eu\/wp-content\/uploads\/2021\/06\/2021_ACC_SBS_Product_565x233_04.jpg) 50% 50% no-repeat scroll ;\n}\n.responsive #top #wrap_all .flex_cell.av-39yu315-997b5960a7dfb8efcb89b5d74b1a4156{\npadding:180px 10px 10px 10px !important;\n}\n<\/style>\n<a class=\"av-screen-reader-only\" href=\"https:\/\/www.accretech.eu\/tr\/islem-kontrol\/\" >Link to: \u0130\u015flem Kontrol<\/a><div class='flex_cell av-39yu315-997b5960a7dfb8efcb89b5d74b1a4156 av-gridrow-cell av_one_half no_margin  bg-image avia-full-contain avia-link-column av-cell-link'  data-link-column-url=\"https:\/\/www.accretech.eu\/tr\/islem-kontrol\/\" ><div class='flex_cell_inner'>\n<style type=\"text\/css\" data-created_by=\"avia_inline_auto\" id=\"style-css-av-2ujaigp-c574d405624ed34ed54f106ed2040964\">\n#top .flex_column.av-2ujaigp-c574d405624ed34ed54f106ed2040964{\nmargin-top:0px;\nmargin-bottom:0px;\n}\n.flex_column.av-2ujaigp-c574d405624ed34ed54f106ed2040964{\n-webkit-border-radius:0px 0px 0px 0px;\n-moz-border-radius:0px 0px 0px 0px;\nborder-radius:0px 0px 0px 0px;\npadding:10px 0px 10px 20px;\nbackground-color:#ebebeb;\n}\n.responsive #top #wrap_all .flex_column.av-2ujaigp-c574d405624ed34ed54f106ed2040964{\nmargin-top:0px;\nmargin-bottom:0px;\n}\n<\/style>\n<div class='flex_column av-2ujaigp-c574d405624ed34ed54f106ed2040964 av_one_full first no_margin flex_column_div '     ><section  class='av_textblock_section av-kmxcisau-062415eea0c0570d4c33915d34d12975'  itemscope=\"itemscope\" itemtype=\"https:\/\/schema.org\/CreativeWork\" ><div class='avia_textblock'  itemprop=\"text\" ><p style=\"font-family: frutiger; font-size: 20px; color: #154194; margin: 0px;\">\u0130\u015flem Kontrol\u00fc (SBS)<\/p>\n<\/div><\/section><\/div>\n<\/div><\/div><\/div><div  class='hr av-uqeb6k-729b087b9c4f9b342d1126cc399ea74a hr-default'><span class='hr-inner '><span class=\"hr-inner-style\"><\/span><\/span><\/div>\n","protected":false},"excerpt":{"rendered":"","protected":false},"author":550,"featured_media":55090,"parent":0,"menu_order":0,"comment_status":"closed","ping_status":"closed","template":"","meta":{"footnotes":""},"filter_category":[],"filter_measurements":[],"class_list":["post-60936","page","type-page","status-publish","has-post-thumbnail","hentry"],"acf":[],"yoast_head":"<!-- This site is optimized with the Yoast SEO Premium plugin v26.1 (Yoast SEO v26.1.1) - https:\/\/yoast.com\/wordpress\/plugins\/seo\/ -->\n<title>Torna makineleri i\u00e7in i\u015flem kontrol\u00fc \u00e7\u00f6z\u00fcmleri | ACCRETECH<\/title>\n<meta name=\"robots\" content=\"index, follow, max-snippet:-1, max-image-preview:large, max-video-preview:-1\" \/>\n<link rel=\"canonical\" href=\"https:\/\/www.accretech.eu\/tr\/torna-makineleri\/\" \/>\n<meta property=\"og:locale\" content=\"tr_TR\" \/>\n<meta property=\"og:type\" content=\"article\" \/>\n<meta property=\"og:title\" content=\"Torna Makineleri\" \/>\n<meta property=\"og:url\" content=\"https:\/\/www.accretech.eu\/tr\/torna-makineleri\/\" \/>\n<meta property=\"og:site_name\" content=\"ACCRETECH (Europe)\" \/>\n<meta property=\"article:modified_time\" content=\"2022-03-03T10:34:06+00:00\" \/>\n<meta property=\"og:image\" content=\"https:\/\/www.accretech.eu\/wp-content\/uploads\/2021\/06\/CNC-Turning-machine.jpg\" \/>\n\t<meta property=\"og:image:width\" content=\"1280\" \/>\n\t<meta property=\"og:image:height\" content=\"335\" \/>\n\t<meta property=\"og:image:type\" content=\"image\/jpeg\" \/>\n<meta name=\"twitter:card\" content=\"summary_large_image\" \/>\n<meta name=\"twitter:label1\" content=\"Tahmini okuma s\u00fcresi\" \/>\n\t<meta name=\"twitter:data1\" content=\"4 dakika\" \/>\n<script type=\"application\/ld+json\" class=\"yoast-schema-graph\">{\"@context\":\"https:\/\/schema.org\",\"@graph\":[{\"@type\":\"WebPage\",\"@id\":\"https:\/\/www.accretech.eu\/tr\/torna-makineleri\/\",\"url\":\"https:\/\/www.accretech.eu\/tr\/torna-makineleri\/\",\"name\":\"Torna makineleri i\u00e7in i\u015flem kontrol\u00fc \u00e7\u00f6z\u00fcmleri | ACCRETECH\",\"isPartOf\":{\"@id\":\"https:\/\/www.accretech.eu\/it\/#website\"},\"primaryImageOfPage\":{\"@id\":\"https:\/\/www.accretech.eu\/tr\/torna-makineleri\/#primaryimage\"},\"image\":{\"@id\":\"https:\/\/www.accretech.eu\/tr\/torna-makineleri\/#primaryimage\"},\"thumbnailUrl\":\"https:\/\/www.accretech.eu\/wp-content\/uploads\/2021\/06\/CNC-Turning-machine.jpg\",\"datePublished\":\"2021-05-17T07:12:02+00:00\",\"dateModified\":\"2022-03-03T10:34:06+00:00\",\"breadcrumb\":{\"@id\":\"https:\/\/www.accretech.eu\/tr\/torna-makineleri\/#breadcrumb\"},\"inLanguage\":\"tr\",\"potentialAction\":[{\"@type\":\"ReadAction\",\"target\":[\"https:\/\/www.accretech.eu\/tr\/torna-makineleri\/\"]}]},{\"@type\":\"ImageObject\",\"inLanguage\":\"tr\",\"@id\":\"https:\/\/www.accretech.eu\/tr\/torna-makineleri\/#primaryimage\",\"url\":\"https:\/\/www.accretech.eu\/wp-content\/uploads\/2021\/06\/CNC-Turning-machine.jpg\",\"contentUrl\":\"https:\/\/www.accretech.eu\/wp-content\/uploads\/2021\/06\/CNC-Turning-machine.jpg\",\"width\":1280,\"height\":335,\"caption\":\"CNC Turning machine\"},{\"@type\":\"BreadcrumbList\",\"@id\":\"https:\/\/www.accretech.eu\/tr\/torna-makineleri\/#breadcrumb\",\"itemListElement\":[{\"@type\":\"ListItem\",\"position\":1,\"name\":\"Startseite\",\"item\":\"https:\/\/www.accretech.eu\/tr\/home-2\/\"},{\"@type\":\"ListItem\",\"position\":2,\"name\":\"Torna Makineleri\"}]},{\"@type\":\"WebSite\",\"@id\":\"https:\/\/www.accretech.eu\/it\/#website\",\"url\":\"https:\/\/www.accretech.eu\/it\/\",\"name\":\"ACCRETECH (Europe)\",\"description\":\"\",\"publisher\":{\"@id\":\"https:\/\/www.accretech.eu\/it\/#organization\"},\"potentialAction\":[{\"@type\":\"SearchAction\",\"target\":{\"@type\":\"EntryPoint\",\"urlTemplate\":\"https:\/\/www.accretech.eu\/it\/?s={search_term_string}\"},\"query-input\":{\"@type\":\"PropertyValueSpecification\",\"valueRequired\":true,\"valueName\":\"search_term_string\"}}],\"inLanguage\":\"tr\"},{\"@type\":\"Organization\",\"@id\":\"https:\/\/www.accretech.eu\/it\/#organization\",\"name\":\"ACCRETECH (Europe) GmbH\",\"url\":\"https:\/\/www.accretech.eu\/it\/\",\"logo\":{\"@type\":\"ImageObject\",\"inLanguage\":\"tr\",\"@id\":\"https:\/\/www.accretech.eu\/it\/#\/schema\/logo\/image\/\",\"url\":\"https:\/\/www.accretech.eu\/wp-content\/uploads\/2016\/10\/accretech-europe_logo.png\",\"contentUrl\":\"https:\/\/www.accretech.eu\/wp-content\/uploads\/2016\/10\/accretech-europe_logo.png\",\"width\":312,\"height\":42,\"caption\":\"ACCRETECH (Europe) GmbH\"},\"image\":{\"@id\":\"https:\/\/www.accretech.eu\/it\/#\/schema\/logo\/image\/\"}}]}<\/script>\n<!-- \/ Yoast SEO Premium plugin. -->","yoast_head_json":{"title":"Torna makineleri i\u00e7in i\u015flem kontrol\u00fc \u00e7\u00f6z\u00fcmleri | ACCRETECH","robots":{"index":"index","follow":"follow","max-snippet":"max-snippet:-1","max-image-preview":"max-image-preview:large","max-video-preview":"max-video-preview:-1"},"canonical":"https:\/\/www.accretech.eu\/tr\/torna-makineleri\/","og_locale":"tr_TR","og_type":"article","og_title":"Torna Makineleri","og_url":"https:\/\/www.accretech.eu\/tr\/torna-makineleri\/","og_site_name":"ACCRETECH (Europe)","article_modified_time":"2022-03-03T10:34:06+00:00","og_image":[{"width":1280,"height":335,"url":"https:\/\/www.accretech.eu\/wp-content\/uploads\/2021\/06\/CNC-Turning-machine.jpg","type":"image\/jpeg"}],"twitter_card":"summary_large_image","twitter_misc":{"Tahmini okuma s\u00fcresi":"4 dakika"},"schema":{"@context":"https:\/\/schema.org","@graph":[{"@type":"WebPage","@id":"https:\/\/www.accretech.eu\/tr\/torna-makineleri\/","url":"https:\/\/www.accretech.eu\/tr\/torna-makineleri\/","name":"Torna makineleri i\u00e7in i\u015flem kontrol\u00fc \u00e7\u00f6z\u00fcmleri | ACCRETECH","isPartOf":{"@id":"https:\/\/www.accretech.eu\/it\/#website"},"primaryImageOfPage":{"@id":"https:\/\/www.accretech.eu\/tr\/torna-makineleri\/#primaryimage"},"image":{"@id":"https:\/\/www.accretech.eu\/tr\/torna-makineleri\/#primaryimage"},"thumbnailUrl":"https:\/\/www.accretech.eu\/wp-content\/uploads\/2021\/06\/CNC-Turning-machine.jpg","datePublished":"2021-05-17T07:12:02+00:00","dateModified":"2022-03-03T10:34:06+00:00","breadcrumb":{"@id":"https:\/\/www.accretech.eu\/tr\/torna-makineleri\/#breadcrumb"},"inLanguage":"tr","potentialAction":[{"@type":"ReadAction","target":["https:\/\/www.accretech.eu\/tr\/torna-makineleri\/"]}]},{"@type":"ImageObject","inLanguage":"tr","@id":"https:\/\/www.accretech.eu\/tr\/torna-makineleri\/#primaryimage","url":"https:\/\/www.accretech.eu\/wp-content\/uploads\/2021\/06\/CNC-Turning-machine.jpg","contentUrl":"https:\/\/www.accretech.eu\/wp-content\/uploads\/2021\/06\/CNC-Turning-machine.jpg","width":1280,"height":335,"caption":"CNC Turning machine"},{"@type":"BreadcrumbList","@id":"https:\/\/www.accretech.eu\/tr\/torna-makineleri\/#breadcrumb","itemListElement":[{"@type":"ListItem","position":1,"name":"Startseite","item":"https:\/\/www.accretech.eu\/tr\/home-2\/"},{"@type":"ListItem","position":2,"name":"Torna Makineleri"}]},{"@type":"WebSite","@id":"https:\/\/www.accretech.eu\/it\/#website","url":"https:\/\/www.accretech.eu\/it\/","name":"ACCRETECH (Europe)","description":"","publisher":{"@id":"https:\/\/www.accretech.eu\/it\/#organization"},"potentialAction":[{"@type":"SearchAction","target":{"@type":"EntryPoint","urlTemplate":"https:\/\/www.accretech.eu\/it\/?s={search_term_string}"},"query-input":{"@type":"PropertyValueSpecification","valueRequired":true,"valueName":"search_term_string"}}],"inLanguage":"tr"},{"@type":"Organization","@id":"https:\/\/www.accretech.eu\/it\/#organization","name":"ACCRETECH (Europe) GmbH","url":"https:\/\/www.accretech.eu\/it\/","logo":{"@type":"ImageObject","inLanguage":"tr","@id":"https:\/\/www.accretech.eu\/it\/#\/schema\/logo\/image\/","url":"https:\/\/www.accretech.eu\/wp-content\/uploads\/2016\/10\/accretech-europe_logo.png","contentUrl":"https:\/\/www.accretech.eu\/wp-content\/uploads\/2016\/10\/accretech-europe_logo.png","width":312,"height":42,"caption":"ACCRETECH (Europe) GmbH"},"image":{"@id":"https:\/\/www.accretech.eu\/it\/#\/schema\/logo\/image\/"}}]}},"_links":{"self":[{"href":"https:\/\/www.accretech.eu\/tr\/wp-json\/wp\/v2\/pages\/60936","targetHints":{"allow":["GET"]}}],"collection":[{"href":"https:\/\/www.accretech.eu\/tr\/wp-json\/wp\/v2\/pages"}],"about":[{"href":"https:\/\/www.accretech.eu\/tr\/wp-json\/wp\/v2\/types\/page"}],"author":[{"embeddable":true,"href":"https:\/\/www.accretech.eu\/tr\/wp-json\/wp\/v2\/users\/550"}],"replies":[{"embeddable":true,"href":"https:\/\/www.accretech.eu\/tr\/wp-json\/wp\/v2\/comments?post=60936"}],"version-history":[{"count":0,"href":"https:\/\/www.accretech.eu\/tr\/wp-json\/wp\/v2\/pages\/60936\/revisions"}],"wp:featuredmedia":[{"embeddable":true,"href":"https:\/\/www.accretech.eu\/tr\/wp-json\/wp\/v2\/media\/55090"}],"wp:attachment":[{"href":"https:\/\/www.accretech.eu\/tr\/wp-json\/wp\/v2\/media?parent=60936"}],"wp:term":[{"taxonomy":"filter_category","embeddable":true,"href":"https:\/\/www.accretech.eu\/tr\/wp-json\/wp\/v2\/filter_category?post=60936"},{"taxonomy":"filter_measurements","embeddable":true,"href":"https:\/\/www.accretech.eu\/tr\/wp-json\/wp\/v2\/filter_measurements?post=60936"}],"curies":[{"name":"wp","href":"https:\/\/api.w.org\/{rel}","templated":true}]}}